{"id":53350,"date":"2026-03-06T14:32:50","date_gmt":"2026-03-06T13:32:52","guid":{"rendered":"https:\/\/alegerglobal.com\/?post_type=product&#038;p=53350"},"modified":"2026-03-06T14:52:47","modified_gmt":"2026-03-06T13:52:47","slug":"aleger-xr-500-ar-akilli-goezluek-termal-goeruentueleme-sonar-ve-48mp-kamera-kopie","status":"publish","type":"product","link":"https:\/\/alegerglobal.com\/tr\/shop-tr\/aleger-xr-500-ar-akilli-goezluek-termal-goeruentueleme-sonar-ve-48mp-kamera-kopie\/","title":{"rendered":"ALEGER XR 800 AR Ak\u0131ll\u0131 G\u00f6zl\u00fck &#8211; 1080p ekran, 13MP kamera, GPS ve Android end\u00fcstriyel ak\u0131ll\u0131 g\u00f6zl\u00fck"},"content":{"rendered":"","protected":false},"excerpt":{"rendered":"<p data-start=\"680\" data-end=\"985\"><strong data-start=\"684\" data-end=\"701\">ALEGER XR 800<\/strong>, end\u00fcstriyel uygulamalar, denetimler ve teknik \u00e7al\u0131\u015fmalar i\u00e7in profesyonel bir art\u0131r\u0131lm\u0131\u015f ger\u00e7eklik ak\u0131ll\u0131 g\u00f6zl\u00fck \u00e7iftidir. Entegre AR ekran\u0131, dijital bilgileri do\u011frudan kullan\u0131c\u0131n\u0131n g\u00f6r\u00fc\u015f alan\u0131nda g\u00f6stererek ek cihazlar olmadan verimli \u00e7al\u0131\u015fmay\u0131 sa\u011flar.<\/p>\n<p data-start=\"987\" data-end=\"1469\">Entegre kamera, sens\u00f6rler ve GPS sayesinde g\u00f6zl\u00fckler g\u00f6r\u00fcnt\u00fcleri, verileri ve \u00e7evresel bilgileri ger\u00e7ek zamanl\u0131 olarak yakalayabilir ve iletebilir. Android sistemi, \u00f6zelle\u015ftirilmi\u015f uygulamalar\u0131n ve bulut ba\u011flant\u0131lar\u0131n\u0131n kullan\u0131lmas\u0131n\u0131 sa\u011flayarak ALEGER XR 800&#8217;\u00fc \u00f6zellikle bak\u0131m, uzaktan destek, lojistik veya e\u011fitim i\u00e7in uygun hale getirir. Dokunmatik y\u00fczey, d\u00fc\u011fmeler veya ses kontrol\u00fc ile rahat\u00e7a \u00e7al\u0131\u015ft\u0131r\u0131labilir &#8211; \u00e7al\u0131\u015f\u0131rken tamamen eller serbest<\/p>\n","protected":false},"featured_media":53360,"comment_status":"open","ping_status":"closed","template":"","meta":{"_acf_changed":false},"product_brand":[],"product_cat":[2317,2318],"product_tag":[],"class_list":{"0":"post-53350","1":"product","2":"type-product","3":"status-publish","4":"has-post-thumbnail","6":"product_cat-akilli-goezluekler","7":"product_cat-shop-tr","8":"pa_hersteller-getac-tr","10":"first","11":"instock","12":"taxable","13":"shipping-taxable","14":"product-type-simple"},"acf":[],"yoast_head":"<!-- This site is optimized with the Yoast SEO Premium plugin v20.10 (Yoast SEO v24.3) - https:\/\/yoast.com\/wordpress\/plugins\/seo\/ -->\n<title>ALEGER XR 800 AR Ak\u0131ll\u0131 G\u00f6zl\u00fck - Android end\u00fcstriyel ak\u0131ll\u0131 g\u00f6zl\u00fck<\/title>\n<meta name=\"description\" content=\"ALEGER XR 800, \u00e7ift ekran, 13MP kamera, GPS izleme, ses kontrol\u00fc ve Android sistemine sahip sa\u011flam bir AR ak\u0131ll\u0131 g\u00f6zl\u00fck \u00e7iftidir. End\u00fcstri, denetim, bak\u0131m, lojistik ve uzaktan destek i\u00e7in idealdir.\" \/>\n<meta name=\"robots\" content=\"index, follow, max-snippet:-1, max-image-preview:large, max-video-preview:-1\" \/>\n<meta property=\"og:locale\" content=\"tr_TR\" \/>\n<meta property=\"og:type\" content=\"article\" \/>\n<meta property=\"og:title\" content=\"ALEGER XR 800 AR Ak\u0131ll\u0131 G\u00f6zl\u00fck - 1080p ekran, 13MP kamera, GPS ve Android end\u00fcstriyel ak\u0131ll\u0131 g\u00f6zl\u00fck\" \/>\n<meta property=\"og:description\" content=\"ALEGER XR 800, \u00e7ift ekran, 13MP kamera, GPS izleme, ses kontrol\u00fc ve Android sistemine sahip sa\u011flam bir AR ak\u0131ll\u0131 g\u00f6zl\u00fck \u00e7iftidir. End\u00fcstri, denetim, bak\u0131m, lojistik ve uzaktan destek i\u00e7in idealdir.\" \/>\n<meta property=\"og:url\" content=\"https:\/\/alegerglobal.com\/tr\/shop-tr\/aleger-xr-500-ar-akilli-goezluek-termal-goeruentueleme-sonar-ve-48mp-kamera-kopie\/\" \/>\n<meta property=\"og:site_name\" content=\"ALEGER \u22c6 Augmented Reality\" \/>\n<meta property=\"article:modified_time\" content=\"2026-03-06T13:52:47+00:00\" \/>\n<meta property=\"og:image\" content=\"https:\/\/alegerglobal.com\/wp-content\/uploads\/2026\/03\/ALEGER-XR800-1.png\" \/>\n\t<meta property=\"og:image:width\" content=\"800\" \/>\n\t<meta property=\"og:image:height\" content=\"800\" \/>\n\t<meta property=\"og:image:type\" content=\"image\/png\" \/>\n<meta name=\"twitter:card\" content=\"summary_large_image\" \/>\n<meta name=\"twitter:label1\" content=\"Fiyat\" \/>\n\t<meta name=\"twitter:data1\" content=\"\" \/>\n\t<meta name=\"twitter:label2\" content=\"Durumu\" \/>\n\t<meta name=\"twitter:data2\" content=\"Stokta var\" \/>\n<script type=\"application\/ld+json\" class=\"yoast-schema-graph\">{\"@context\":\"https:\/\/schema.org\",\"@graph\":[{\"@type\":\"WebPage\",\"@id\":\"https:\/\/alegerglobal.com\/tr\/shop-tr\/aleger-xr-500-ar-akilli-goezluek-termal-goeruentueleme-sonar-ve-48mp-kamera-kopie\/\",\"url\":\"https:\/\/alegerglobal.com\/tr\/shop-tr\/aleger-xr-500-ar-akilli-goezluek-termal-goeruentueleme-sonar-ve-48mp-kamera-kopie\/\",\"name\":\"ALEGER XR 800 AR Ak\u0131ll\u0131 G\u00f6zl\u00fck - Android end\u00fcstriyel ak\u0131ll\u0131 g\u00f6zl\u00fck\",\"isPartOf\":{\"@id\":\"https:\/\/alegerglobal.com\/tr\/#website\"},\"primaryImageOfPage\":{\"@id\":\"https:\/\/alegerglobal.com\/tr\/shop-tr\/aleger-xr-500-ar-akilli-goezluek-termal-goeruentueleme-sonar-ve-48mp-kamera-kopie\/#primaryimage\"},\"image\":{\"@id\":\"https:\/\/alegerglobal.com\/tr\/shop-tr\/aleger-xr-500-ar-akilli-goezluek-termal-goeruentueleme-sonar-ve-48mp-kamera-kopie\/#primaryimage\"},\"thumbnailUrl\":\"https:\/\/alegerglobal.com\/wp-content\/uploads\/2026\/03\/ALEGER-XR800-1.png\",\"datePublished\":\"2026-03-06T13:32:52+00:00\",\"dateModified\":\"2026-03-06T13:52:47+00:00\",\"description\":\"ALEGER XR 800, \u00e7ift ekran, 13MP kamera, GPS izleme, ses kontrol\u00fc ve Android sistemine sahip sa\u011flam bir AR ak\u0131ll\u0131 g\u00f6zl\u00fck \u00e7iftidir. End\u00fcstri, denetim, bak\u0131m, lojistik ve uzaktan destek i\u00e7in idealdir.\",\"breadcrumb\":{\"@id\":\"https:\/\/alegerglobal.com\/tr\/shop-tr\/aleger-xr-500-ar-akilli-goezluek-termal-goeruentueleme-sonar-ve-48mp-kamera-kopie\/#breadcrumb\"},\"inLanguage\":\"tr\",\"potentialAction\":[{\"@type\":\"ReadAction\",\"target\":[\"https:\/\/alegerglobal.com\/tr\/shop-tr\/aleger-xr-500-ar-akilli-goezluek-termal-goeruentueleme-sonar-ve-48mp-kamera-kopie\/\"]}]},{\"@type\":\"ImageObject\",\"inLanguage\":\"tr\",\"@id\":\"https:\/\/alegerglobal.com\/tr\/shop-tr\/aleger-xr-500-ar-akilli-goezluek-termal-goeruentueleme-sonar-ve-48mp-kamera-kopie\/#primaryimage\",\"url\":\"https:\/\/alegerglobal.com\/wp-content\/uploads\/2026\/03\/ALEGER-XR800-1.png\",\"contentUrl\":\"https:\/\/alegerglobal.com\/wp-content\/uploads\/2026\/03\/ALEGER-XR800-1.png\",\"width\":800,\"height\":800},{\"@type\":\"BreadcrumbList\",\"@id\":\"https:\/\/alegerglobal.com\/tr\/shop-tr\/aleger-xr-500-ar-akilli-goezluek-termal-goeruentueleme-sonar-ve-48mp-kamera-kopie\/#breadcrumb\",\"itemListElement\":[{\"@type\":\"ListItem\",\"position\":1,\"name\":\"Home\",\"item\":\"https:\/\/alegerglobal.com\/tr\/yeni-anasayfa\/\"},{\"@type\":\"ListItem\",\"position\":2,\"name\":\"\u00dcr\u00fcnler\",\"item\":\"https:\/\/alegerglobal.com\/tr\/ueruenler\/\"},{\"@type\":\"ListItem\",\"position\":3,\"name\":\"ALEGER XR 800 AR Ak\u0131ll\u0131 G\u00f6zl\u00fck &#8211; 1080p ekran, 13MP kamera, GPS ve Android end\u00fcstriyel ak\u0131ll\u0131 g\u00f6zl\u00fck\"}]},{\"@type\":\"WebSite\",\"@id\":\"https:\/\/alegerglobal.com\/tr\/#website\",\"url\":\"https:\/\/alegerglobal.com\/tr\/\",\"name\":\"ALEGER \u22c6 Augmented Reality\",\"description\":\"Die besten Augmented Reality (AR) L\u00f6sungen der Welt.\",\"publisher\":{\"@id\":\"https:\/\/alegerglobal.com\/tr\/#organization\"},\"potentialAction\":[{\"@type\":\"SearchAction\",\"target\":{\"@type\":\"EntryPoint\",\"urlTemplate\":\"https:\/\/alegerglobal.com\/tr\/?s={search_term_string}\"},\"query-input\":{\"@type\":\"PropertyValueSpecification\",\"valueRequired\":true,\"valueName\":\"search_term_string\"}}],\"inLanguage\":\"tr\"},{\"@type\":\"Organization\",\"@id\":\"https:\/\/alegerglobal.com\/tr\/#organization\",\"name\":\"ALEGER \u22c6 Augmented Reality\",\"url\":\"https:\/\/alegerglobal.com\/tr\/\",\"logo\":{\"@type\":\"ImageObject\",\"inLanguage\":\"tr\",\"@id\":\"https:\/\/alegerglobal.com\/tr\/#\/schema\/logo\/image\/\",\"url\":\"https:\/\/alegerglobal.com\/wp-content\/uploads\/2020\/12\/aleger-logo-quadrat.jpg\",\"contentUrl\":\"https:\/\/alegerglobal.com\/wp-content\/uploads\/2020\/12\/aleger-logo-quadrat.jpg\",\"width\":200,\"height\":176,\"caption\":\"ALEGER \u22c6 Augmented Reality\"},\"image\":{\"@id\":\"https:\/\/alegerglobal.com\/tr\/#\/schema\/logo\/image\/\"}}]}<\/script>\n<meta property=\"product:brand\" content=\"Getac\" \/>\n<meta property=\"product:price:amount\" content=\"0.00\" \/>\n<meta property=\"product:price:currency\" content=\"EUR\" \/>\n<meta property=\"og:availability\" content=\"instock\" \/>\n<meta property=\"product:availability\" content=\"instock\" \/>\n<meta property=\"product:condition\" content=\"new\" \/>\n<!-- \/ Yoast SEO Premium plugin. -->","yoast_head_json":{"title":"ALEGER XR 800 AR Ak\u0131ll\u0131 G\u00f6zl\u00fck - Android end\u00fcstriyel ak\u0131ll\u0131 g\u00f6zl\u00fck","description":"ALEGER XR 800, \u00e7ift ekran, 13MP kamera, GPS izleme, ses kontrol\u00fc ve Android sistemine sahip sa\u011flam bir AR ak\u0131ll\u0131 g\u00f6zl\u00fck \u00e7iftidir. End\u00fcstri, denetim, bak\u0131m, lojistik ve uzaktan destek i\u00e7in idealdir.","robots":{"index":"index","follow":"follow","max-snippet":"max-snippet:-1","max-image-preview":"max-image-preview:large","max-video-preview":"max-video-preview:-1"},"og_locale":"tr_TR","og_type":"article","og_title":"ALEGER XR 800 AR Ak\u0131ll\u0131 G\u00f6zl\u00fck - 1080p ekran, 13MP kamera, GPS ve Android end\u00fcstriyel ak\u0131ll\u0131 g\u00f6zl\u00fck","og_description":"ALEGER XR 800, \u00e7ift ekran, 13MP kamera, GPS izleme, ses kontrol\u00fc ve Android sistemine sahip sa\u011flam bir AR ak\u0131ll\u0131 g\u00f6zl\u00fck \u00e7iftidir. End\u00fcstri, denetim, bak\u0131m, lojistik ve uzaktan destek i\u00e7in idealdir.","og_url":"https:\/\/alegerglobal.com\/tr\/shop-tr\/aleger-xr-500-ar-akilli-goezluek-termal-goeruentueleme-sonar-ve-48mp-kamera-kopie\/","og_site_name":"ALEGER \u22c6 Augmented Reality","article_modified_time":"2026-03-06T13:52:47+00:00","og_image":[{"width":800,"height":800,"url":"https:\/\/alegerglobal.com\/wp-content\/uploads\/2026\/03\/ALEGER-XR800-1.png","type":"image\/png"}],"twitter_card":"summary_large_image","twitter_misc":{"Fiyat":"","Durumu":"Stokta var"},"schema":{"@context":"https:\/\/schema.org","@graph":[{"@type":"WebPage","@id":"https:\/\/alegerglobal.com\/tr\/shop-tr\/aleger-xr-500-ar-akilli-goezluek-termal-goeruentueleme-sonar-ve-48mp-kamera-kopie\/","url":"https:\/\/alegerglobal.com\/tr\/shop-tr\/aleger-xr-500-ar-akilli-goezluek-termal-goeruentueleme-sonar-ve-48mp-kamera-kopie\/","name":"ALEGER XR 800 AR Ak\u0131ll\u0131 G\u00f6zl\u00fck - Android end\u00fcstriyel ak\u0131ll\u0131 g\u00f6zl\u00fck","isPartOf":{"@id":"https:\/\/alegerglobal.com\/tr\/#website"},"primaryImageOfPage":{"@id":"https:\/\/alegerglobal.com\/tr\/shop-tr\/aleger-xr-500-ar-akilli-goezluek-termal-goeruentueleme-sonar-ve-48mp-kamera-kopie\/#primaryimage"},"image":{"@id":"https:\/\/alegerglobal.com\/tr\/shop-tr\/aleger-xr-500-ar-akilli-goezluek-termal-goeruentueleme-sonar-ve-48mp-kamera-kopie\/#primaryimage"},"thumbnailUrl":"https:\/\/alegerglobal.com\/wp-content\/uploads\/2026\/03\/ALEGER-XR800-1.png","datePublished":"2026-03-06T13:32:52+00:00","dateModified":"2026-03-06T13:52:47+00:00","description":"ALEGER XR 800, \u00e7ift ekran, 13MP kamera, GPS izleme, ses kontrol\u00fc ve Android sistemine sahip sa\u011flam bir AR ak\u0131ll\u0131 g\u00f6zl\u00fck \u00e7iftidir. End\u00fcstri, denetim, bak\u0131m, lojistik ve uzaktan destek i\u00e7in idealdir.","breadcrumb":{"@id":"https:\/\/alegerglobal.com\/tr\/shop-tr\/aleger-xr-500-ar-akilli-goezluek-termal-goeruentueleme-sonar-ve-48mp-kamera-kopie\/#breadcrumb"},"inLanguage":"tr","potentialAction":[{"@type":"ReadAction","target":["https:\/\/alegerglobal.com\/tr\/shop-tr\/aleger-xr-500-ar-akilli-goezluek-termal-goeruentueleme-sonar-ve-48mp-kamera-kopie\/"]}]},{"@type":"ImageObject","inLanguage":"tr","@id":"https:\/\/alegerglobal.com\/tr\/shop-tr\/aleger-xr-500-ar-akilli-goezluek-termal-goeruentueleme-sonar-ve-48mp-kamera-kopie\/#primaryimage","url":"https:\/\/alegerglobal.com\/wp-content\/uploads\/2026\/03\/ALEGER-XR800-1.png","contentUrl":"https:\/\/alegerglobal.com\/wp-content\/uploads\/2026\/03\/ALEGER-XR800-1.png","width":800,"height":800},{"@type":"BreadcrumbList","@id":"https:\/\/alegerglobal.com\/tr\/shop-tr\/aleger-xr-500-ar-akilli-goezluek-termal-goeruentueleme-sonar-ve-48mp-kamera-kopie\/#breadcrumb","itemListElement":[{"@type":"ListItem","position":1,"name":"Home","item":"https:\/\/alegerglobal.com\/tr\/yeni-anasayfa\/"},{"@type":"ListItem","position":2,"name":"\u00dcr\u00fcnler","item":"https:\/\/alegerglobal.com\/tr\/ueruenler\/"},{"@type":"ListItem","position":3,"name":"ALEGER XR 800 AR Ak\u0131ll\u0131 G\u00f6zl\u00fck &#8211; 1080p ekran, 13MP kamera, GPS ve Android end\u00fcstriyel ak\u0131ll\u0131 g\u00f6zl\u00fck"}]},{"@type":"WebSite","@id":"https:\/\/alegerglobal.com\/tr\/#website","url":"https:\/\/alegerglobal.com\/tr\/","name":"ALEGER \u22c6 Augmented Reality","description":"Die besten Augmented Reality (AR) L\u00f6sungen der Welt.","publisher":{"@id":"https:\/\/alegerglobal.com\/tr\/#organization"},"potentialAction":[{"@type":"SearchAction","target":{"@type":"EntryPoint","urlTemplate":"https:\/\/alegerglobal.com\/tr\/?s={search_term_string}"},"query-input":{"@type":"PropertyValueSpecification","valueRequired":true,"valueName":"search_term_string"}}],"inLanguage":"tr"},{"@type":"Organization","@id":"https:\/\/alegerglobal.com\/tr\/#organization","name":"ALEGER \u22c6 Augmented Reality","url":"https:\/\/alegerglobal.com\/tr\/","logo":{"@type":"ImageObject","inLanguage":"tr","@id":"https:\/\/alegerglobal.com\/tr\/#\/schema\/logo\/image\/","url":"https:\/\/alegerglobal.com\/wp-content\/uploads\/2020\/12\/aleger-logo-quadrat.jpg","contentUrl":"https:\/\/alegerglobal.com\/wp-content\/uploads\/2020\/12\/aleger-logo-quadrat.jpg","width":200,"height":176,"caption":"ALEGER \u22c6 Augmented Reality"},"image":{"@id":"https:\/\/alegerglobal.com\/tr\/#\/schema\/logo\/image\/"}}]},"product_brand":"Getac","product_price_amount":"0.00","product_price_currency":"EUR","og_availability":"instock","product_availability":"instock","product_condition":"new"},"_links":{"self":[{"href":"https:\/\/alegerglobal.com\/tr\/wp-json\/wp\/v2\/product\/53350","targetHints":{"allow":["GET"]}}],"collection":[{"href":"https:\/\/alegerglobal.com\/tr\/wp-json\/wp\/v2\/product"}],"about":[{"href":"https:\/\/alegerglobal.com\/tr\/wp-json\/wp\/v2\/types\/product"}],"replies":[{"embeddable":true,"href":"https:\/\/alegerglobal.com\/tr\/wp-json\/wp\/v2\/comments?post=53350"}],"version-history":[{"count":3,"href":"https:\/\/alegerglobal.com\/tr\/wp-json\/wp\/v2\/product\/53350\/revisions"}],"predecessor-version":[{"id":53391,"href":"https:\/\/alegerglobal.com\/tr\/wp-json\/wp\/v2\/product\/53350\/revisions\/53391"}],"wp:featuredmedia":[{"embeddable":true,"href":"https:\/\/alegerglobal.com\/tr\/wp-json\/wp\/v2\/media\/53360"}],"wp:attachment":[{"href":"https:\/\/alegerglobal.com\/tr\/wp-json\/wp\/v2\/media?parent=53350"}],"wp:term":[{"taxonomy":"product_brand","embeddable":true,"href":"https:\/\/alegerglobal.com\/tr\/wp-json\/wp\/v2\/product_brand?post=53350"},{"taxonomy":"product_cat","embeddable":true,"href":"https:\/\/alegerglobal.com\/tr\/wp-json\/wp\/v2\/product_cat?post=53350"},{"taxonomy":"product_tag","embeddable":true,"href":"https:\/\/alegerglobal.com\/tr\/wp-json\/wp\/v2\/product_tag?post=53350"}],"curies":[{"name":"wp","href":"https:\/\/api.w.org\/{rel}","templated":true}]}}