{"id":53293,"date":"2026-03-06T14:08:34","date_gmt":"2026-03-06T13:08:36","guid":{"rendered":"https:\/\/alegerglobal.com\/?post_type=product&#038;p=53293"},"modified":"2026-03-19T18:45:54","modified_gmt":"2026-03-19T17:45:54","slug":"osmo-nano-ultra-hafif-4k-giyilebilir-aksiyon-kamerasi-kopie","status":"publish","type":"product","link":"https:\/\/alegerglobal.com\/tr\/shop-tr\/osmo-nano-ultra-hafif-4k-giyilebilir-aksiyon-kamerasi-kopie\/","title":{"rendered":"ALEGER XR 500 AR Ak\u0131ll\u0131 G\u00f6zl\u00fck &#8211; Termal g\u00f6r\u00fcnt\u00fcleme, sonar ve 48MP kamera"},"content":{"rendered":"","protected":false},"excerpt":{"rendered":"<p data-start=\"619\" data-end=\"996\"><strong data-start=\"623\" data-end=\"640\">ALEGER XR 500<\/strong>, alg\u0131n\u0131z\u0131 geni\u015fletmek i\u00e7in en geli\u015fmi\u015f sens\u00f6r ve yapay zeka teknolojisini birle\u015ftiren yenilik\u00e7i bir AR ak\u0131ll\u0131 g\u00f6zl\u00fckt\u00fcr. Entegre art\u0131r\u0131lm\u0131\u015f ger\u00e7eklik ekran\u0131 size do\u011frudan g\u00f6r\u00fc\u015f alan\u0131n\u0131zda \u00f6nemli bilgiler sa\u011flarken, termal g\u00f6r\u00fcnt\u00fcleme kameras\u0131, sonar bal\u0131k bulucu veya endoskop gibi g\u00fc\u00e7l\u00fc mod\u00fcller ek bilgiler sa\u011flar.<\/p>\n<p data-start=\"998\" data-end=\"1361\">ALEGER XR 500 ger\u00e7ek zamanl\u0131 olarak hassas veriler sunar ve eller serbest \u00e7al\u0131\u015fmaya olanak sa\u011flar. Entegre 48 MP kamera, AI nesne tan\u0131ma ve ses kontrol\u00fc, onu profesyoneller ve ka\u015fifler i\u00e7in \u00e7ok y\u00f6nl\u00fc bir y\u00fcksek teknoloji arac\u0131 haline getiriyor.<\/p>\n","protected":false},"featured_media":53306,"comment_status":"open","ping_status":"closed","template":"","meta":{"_acf_changed":false},"product_brand":[],"product_cat":[2317,2318],"product_tag":[],"class_list":{"0":"post-53293","1":"product","2":"type-product","3":"status-publish","4":"has-post-thumbnail","6":"product_cat-akilli-goezluekler","7":"product_cat-shop-tr","8":"pa_hersteller-getac-tr","10":"first","11":"instock","12":"taxable","13":"shipping-taxable","14":"product-type-simple"},"acf":[],"yoast_head":"<!-- This site is optimized with the Yoast SEO Premium plugin v20.10 (Yoast SEO v24.3) - https:\/\/yoast.com\/wordpress\/plugins\/seo\/ -->\n<title>ALEGER XR 500 AR Ak\u0131ll\u0131 G\u00f6zl\u00fck - Termal g\u00f6r\u00fcnt\u00fcleme ve 48MP kamera<\/title>\n<meta name=\"description\" content=\"ALEGER XR 500 AR Ak\u0131ll\u0131 G\u00f6zl\u00fck, 48MP kamera ve yapay zeka tan\u0131ma \u00f6zelli\u011fini mod\u00fcler y\u00fcksek teknoloji g\u00f6zl\u00fcklerde bir araya getiriyor. AR ekran ve eller serbest kullan\u0131m ile teknik denetimler i\u00e7in idealdir.\" \/>\n<meta name=\"robots\" content=\"index, follow, max-snippet:-1, max-image-preview:large, max-video-preview:-1\" \/>\n<meta property=\"og:locale\" content=\"tr_TR\" \/>\n<meta property=\"og:type\" content=\"article\" \/>\n<meta property=\"og:title\" content=\"ALEGER XR 500 AR Ak\u0131ll\u0131 G\u00f6zl\u00fck - Termal g\u00f6r\u00fcnt\u00fcleme, sonar ve 48MP kamera\" \/>\n<meta property=\"og:description\" content=\"ALEGER XR 500 AR Ak\u0131ll\u0131 G\u00f6zl\u00fck, 48MP kamera ve yapay zeka tan\u0131ma \u00f6zelli\u011fini mod\u00fcler y\u00fcksek teknoloji g\u00f6zl\u00fcklerde bir araya getiriyor. AR ekran ve eller serbest kullan\u0131m ile teknik denetimler i\u00e7in idealdir.\" \/>\n<meta property=\"og:url\" content=\"https:\/\/alegerglobal.com\/tr\/shop-tr\/osmo-nano-ultra-hafif-4k-giyilebilir-aksiyon-kamerasi-kopie\/\" \/>\n<meta property=\"og:site_name\" content=\"ALEGER \u22c6 Augmented Reality\" \/>\n<meta property=\"article:modified_time\" content=\"2026-03-19T17:45:54+00:00\" \/>\n<meta property=\"og:image\" content=\"https:\/\/alegerglobal.com\/wp-content\/uploads\/2026\/03\/ALEGER-XR-500-1.png\" \/>\n\t<meta property=\"og:image:width\" content=\"800\" \/>\n\t<meta property=\"og:image:height\" content=\"800\" \/>\n\t<meta property=\"og:image:type\" content=\"image\/png\" \/>\n<meta name=\"twitter:card\" content=\"summary_large_image\" \/>\n<meta name=\"twitter:label1\" content=\"Fiyat\" \/>\n\t<meta name=\"twitter:data1\" content=\"\" \/>\n\t<meta name=\"twitter:label2\" content=\"Durumu\" \/>\n\t<meta name=\"twitter:data2\" content=\"Stokta var\" \/>\n<script type=\"application\/ld+json\" class=\"yoast-schema-graph\">{\"@context\":\"https:\/\/schema.org\",\"@graph\":[{\"@type\":\"WebPage\",\"@id\":\"https:\/\/alegerglobal.com\/tr\/shop-tr\/osmo-nano-ultra-hafif-4k-giyilebilir-aksiyon-kamerasi-kopie\/\",\"url\":\"https:\/\/alegerglobal.com\/tr\/shop-tr\/osmo-nano-ultra-hafif-4k-giyilebilir-aksiyon-kamerasi-kopie\/\",\"name\":\"ALEGER XR 500 AR Ak\u0131ll\u0131 G\u00f6zl\u00fck - Termal g\u00f6r\u00fcnt\u00fcleme ve 48MP kamera\",\"isPartOf\":{\"@id\":\"https:\/\/alegerglobal.com\/tr\/#website\"},\"primaryImageOfPage\":{\"@id\":\"https:\/\/alegerglobal.com\/tr\/shop-tr\/osmo-nano-ultra-hafif-4k-giyilebilir-aksiyon-kamerasi-kopie\/#primaryimage\"},\"image\":{\"@id\":\"https:\/\/alegerglobal.com\/tr\/shop-tr\/osmo-nano-ultra-hafif-4k-giyilebilir-aksiyon-kamerasi-kopie\/#primaryimage\"},\"thumbnailUrl\":\"https:\/\/alegerglobal.com\/wp-content\/uploads\/2026\/03\/ALEGER-XR-500-1.png\",\"datePublished\":\"2026-03-06T13:08:36+00:00\",\"dateModified\":\"2026-03-19T17:45:54+00:00\",\"description\":\"ALEGER XR 500 AR Ak\u0131ll\u0131 G\u00f6zl\u00fck, 48MP kamera ve yapay zeka tan\u0131ma \u00f6zelli\u011fini mod\u00fcler y\u00fcksek teknoloji g\u00f6zl\u00fcklerde bir araya getiriyor. AR ekran ve eller serbest kullan\u0131m ile teknik denetimler i\u00e7in idealdir.\",\"breadcrumb\":{\"@id\":\"https:\/\/alegerglobal.com\/tr\/shop-tr\/osmo-nano-ultra-hafif-4k-giyilebilir-aksiyon-kamerasi-kopie\/#breadcrumb\"},\"inLanguage\":\"tr\",\"potentialAction\":[{\"@type\":\"ReadAction\",\"target\":[\"https:\/\/alegerglobal.com\/tr\/shop-tr\/osmo-nano-ultra-hafif-4k-giyilebilir-aksiyon-kamerasi-kopie\/\"]}]},{\"@type\":\"ImageObject\",\"inLanguage\":\"tr\",\"@id\":\"https:\/\/alegerglobal.com\/tr\/shop-tr\/osmo-nano-ultra-hafif-4k-giyilebilir-aksiyon-kamerasi-kopie\/#primaryimage\",\"url\":\"https:\/\/alegerglobal.com\/wp-content\/uploads\/2026\/03\/ALEGER-XR-500-1.png\",\"contentUrl\":\"https:\/\/alegerglobal.com\/wp-content\/uploads\/2026\/03\/ALEGER-XR-500-1.png\",\"width\":800,\"height\":800},{\"@type\":\"BreadcrumbList\",\"@id\":\"https:\/\/alegerglobal.com\/tr\/shop-tr\/osmo-nano-ultra-hafif-4k-giyilebilir-aksiyon-kamerasi-kopie\/#breadcrumb\",\"itemListElement\":[{\"@type\":\"ListItem\",\"position\":1,\"name\":\"Home\",\"item\":\"https:\/\/alegerglobal.com\/tr\/yeni-anasayfa\/\"},{\"@type\":\"ListItem\",\"position\":2,\"name\":\"\u00dcr\u00fcnler\",\"item\":\"https:\/\/alegerglobal.com\/tr\/ueruenler\/\"},{\"@type\":\"ListItem\",\"position\":3,\"name\":\"ALEGER XR 500 AR Ak\u0131ll\u0131 G\u00f6zl\u00fck &#8211; Termal g\u00f6r\u00fcnt\u00fcleme, sonar ve 48MP kamera\"}]},{\"@type\":\"WebSite\",\"@id\":\"https:\/\/alegerglobal.com\/tr\/#website\",\"url\":\"https:\/\/alegerglobal.com\/tr\/\",\"name\":\"ALEGER \u22c6 Augmented Reality\",\"description\":\"Die besten Augmented Reality (AR) L\u00f6sungen der Welt.\",\"publisher\":{\"@id\":\"https:\/\/alegerglobal.com\/tr\/#organization\"},\"potentialAction\":[{\"@type\":\"SearchAction\",\"target\":{\"@type\":\"EntryPoint\",\"urlTemplate\":\"https:\/\/alegerglobal.com\/tr\/?s={search_term_string}\"},\"query-input\":{\"@type\":\"PropertyValueSpecification\",\"valueRequired\":true,\"valueName\":\"search_term_string\"}}],\"inLanguage\":\"tr\"},{\"@type\":\"Organization\",\"@id\":\"https:\/\/alegerglobal.com\/tr\/#organization\",\"name\":\"ALEGER \u22c6 Augmented Reality\",\"url\":\"https:\/\/alegerglobal.com\/tr\/\",\"logo\":{\"@type\":\"ImageObject\",\"inLanguage\":\"tr\",\"@id\":\"https:\/\/alegerglobal.com\/tr\/#\/schema\/logo\/image\/\",\"url\":\"https:\/\/alegerglobal.com\/wp-content\/uploads\/2020\/12\/aleger-logo-quadrat.jpg\",\"contentUrl\":\"https:\/\/alegerglobal.com\/wp-content\/uploads\/2020\/12\/aleger-logo-quadrat.jpg\",\"width\":200,\"height\":176,\"caption\":\"ALEGER \u22c6 Augmented Reality\"},\"image\":{\"@id\":\"https:\/\/alegerglobal.com\/tr\/#\/schema\/logo\/image\/\"}}]}<\/script>\n<meta property=\"product:brand\" content=\"Getac\" \/>\n<meta property=\"product:price:amount\" content=\"0.00\" \/>\n<meta property=\"product:price:currency\" content=\"EUR\" \/>\n<meta property=\"og:availability\" content=\"instock\" \/>\n<meta property=\"product:availability\" content=\"instock\" \/>\n<meta property=\"product:condition\" content=\"new\" \/>\n<!-- \/ Yoast SEO Premium plugin. -->","yoast_head_json":{"title":"ALEGER XR 500 AR Ak\u0131ll\u0131 G\u00f6zl\u00fck - Termal g\u00f6r\u00fcnt\u00fcleme ve 48MP kamera","description":"ALEGER XR 500 AR Ak\u0131ll\u0131 G\u00f6zl\u00fck, 48MP kamera ve yapay zeka tan\u0131ma \u00f6zelli\u011fini mod\u00fcler y\u00fcksek teknoloji g\u00f6zl\u00fcklerde bir araya getiriyor. AR ekran ve eller serbest kullan\u0131m ile teknik denetimler i\u00e7in idealdir.","robots":{"index":"index","follow":"follow","max-snippet":"max-snippet:-1","max-image-preview":"max-image-preview:large","max-video-preview":"max-video-preview:-1"},"og_locale":"tr_TR","og_type":"article","og_title":"ALEGER XR 500 AR Ak\u0131ll\u0131 G\u00f6zl\u00fck - Termal g\u00f6r\u00fcnt\u00fcleme, sonar ve 48MP kamera","og_description":"ALEGER XR 500 AR Ak\u0131ll\u0131 G\u00f6zl\u00fck, 48MP kamera ve yapay zeka tan\u0131ma \u00f6zelli\u011fini mod\u00fcler y\u00fcksek teknoloji g\u00f6zl\u00fcklerde bir araya getiriyor. AR ekran ve eller serbest kullan\u0131m ile teknik denetimler i\u00e7in idealdir.","og_url":"https:\/\/alegerglobal.com\/tr\/shop-tr\/osmo-nano-ultra-hafif-4k-giyilebilir-aksiyon-kamerasi-kopie\/","og_site_name":"ALEGER \u22c6 Augmented Reality","article_modified_time":"2026-03-19T17:45:54+00:00","og_image":[{"width":800,"height":800,"url":"https:\/\/alegerglobal.com\/wp-content\/uploads\/2026\/03\/ALEGER-XR-500-1.png","type":"image\/png"}],"twitter_card":"summary_large_image","twitter_misc":{"Fiyat":"","Durumu":"Stokta var"},"schema":{"@context":"https:\/\/schema.org","@graph":[{"@type":"WebPage","@id":"https:\/\/alegerglobal.com\/tr\/shop-tr\/osmo-nano-ultra-hafif-4k-giyilebilir-aksiyon-kamerasi-kopie\/","url":"https:\/\/alegerglobal.com\/tr\/shop-tr\/osmo-nano-ultra-hafif-4k-giyilebilir-aksiyon-kamerasi-kopie\/","name":"ALEGER XR 500 AR Ak\u0131ll\u0131 G\u00f6zl\u00fck - Termal g\u00f6r\u00fcnt\u00fcleme ve 48MP kamera","isPartOf":{"@id":"https:\/\/alegerglobal.com\/tr\/#website"},"primaryImageOfPage":{"@id":"https:\/\/alegerglobal.com\/tr\/shop-tr\/osmo-nano-ultra-hafif-4k-giyilebilir-aksiyon-kamerasi-kopie\/#primaryimage"},"image":{"@id":"https:\/\/alegerglobal.com\/tr\/shop-tr\/osmo-nano-ultra-hafif-4k-giyilebilir-aksiyon-kamerasi-kopie\/#primaryimage"},"thumbnailUrl":"https:\/\/alegerglobal.com\/wp-content\/uploads\/2026\/03\/ALEGER-XR-500-1.png","datePublished":"2026-03-06T13:08:36+00:00","dateModified":"2026-03-19T17:45:54+00:00","description":"ALEGER XR 500 AR Ak\u0131ll\u0131 G\u00f6zl\u00fck, 48MP kamera ve yapay zeka tan\u0131ma \u00f6zelli\u011fini mod\u00fcler y\u00fcksek teknoloji g\u00f6zl\u00fcklerde bir araya getiriyor. AR ekran ve eller serbest kullan\u0131m ile teknik denetimler i\u00e7in idealdir.","breadcrumb":{"@id":"https:\/\/alegerglobal.com\/tr\/shop-tr\/osmo-nano-ultra-hafif-4k-giyilebilir-aksiyon-kamerasi-kopie\/#breadcrumb"},"inLanguage":"tr","potentialAction":[{"@type":"ReadAction","target":["https:\/\/alegerglobal.com\/tr\/shop-tr\/osmo-nano-ultra-hafif-4k-giyilebilir-aksiyon-kamerasi-kopie\/"]}]},{"@type":"ImageObject","inLanguage":"tr","@id":"https:\/\/alegerglobal.com\/tr\/shop-tr\/osmo-nano-ultra-hafif-4k-giyilebilir-aksiyon-kamerasi-kopie\/#primaryimage","url":"https:\/\/alegerglobal.com\/wp-content\/uploads\/2026\/03\/ALEGER-XR-500-1.png","contentUrl":"https:\/\/alegerglobal.com\/wp-content\/uploads\/2026\/03\/ALEGER-XR-500-1.png","width":800,"height":800},{"@type":"BreadcrumbList","@id":"https:\/\/alegerglobal.com\/tr\/shop-tr\/osmo-nano-ultra-hafif-4k-giyilebilir-aksiyon-kamerasi-kopie\/#breadcrumb","itemListElement":[{"@type":"ListItem","position":1,"name":"Home","item":"https:\/\/alegerglobal.com\/tr\/yeni-anasayfa\/"},{"@type":"ListItem","position":2,"name":"\u00dcr\u00fcnler","item":"https:\/\/alegerglobal.com\/tr\/ueruenler\/"},{"@type":"ListItem","position":3,"name":"ALEGER XR 500 AR Ak\u0131ll\u0131 G\u00f6zl\u00fck &#8211; Termal g\u00f6r\u00fcnt\u00fcleme, sonar ve 48MP kamera"}]},{"@type":"WebSite","@id":"https:\/\/alegerglobal.com\/tr\/#website","url":"https:\/\/alegerglobal.com\/tr\/","name":"ALEGER \u22c6 Augmented Reality","description":"Die besten Augmented Reality (AR) L\u00f6sungen der Welt.","publisher":{"@id":"https:\/\/alegerglobal.com\/tr\/#organization"},"potentialAction":[{"@type":"SearchAction","target":{"@type":"EntryPoint","urlTemplate":"https:\/\/alegerglobal.com\/tr\/?s={search_term_string}"},"query-input":{"@type":"PropertyValueSpecification","valueRequired":true,"valueName":"search_term_string"}}],"inLanguage":"tr"},{"@type":"Organization","@id":"https:\/\/alegerglobal.com\/tr\/#organization","name":"ALEGER \u22c6 Augmented Reality","url":"https:\/\/alegerglobal.com\/tr\/","logo":{"@type":"ImageObject","inLanguage":"tr","@id":"https:\/\/alegerglobal.com\/tr\/#\/schema\/logo\/image\/","url":"https:\/\/alegerglobal.com\/wp-content\/uploads\/2020\/12\/aleger-logo-quadrat.jpg","contentUrl":"https:\/\/alegerglobal.com\/wp-content\/uploads\/2020\/12\/aleger-logo-quadrat.jpg","width":200,"height":176,"caption":"ALEGER \u22c6 Augmented Reality"},"image":{"@id":"https:\/\/alegerglobal.com\/tr\/#\/schema\/logo\/image\/"}}]},"product_brand":"Getac","product_price_amount":"0.00","product_price_currency":"EUR","og_availability":"instock","product_availability":"instock","product_condition":"new"},"_links":{"self":[{"href":"https:\/\/alegerglobal.com\/tr\/wp-json\/wp\/v2\/product\/53293","targetHints":{"allow":["GET"]}}],"collection":[{"href":"https:\/\/alegerglobal.com\/tr\/wp-json\/wp\/v2\/product"}],"about":[{"href":"https:\/\/alegerglobal.com\/tr\/wp-json\/wp\/v2\/types\/product"}],"replies":[{"embeddable":true,"href":"https:\/\/alegerglobal.com\/tr\/wp-json\/wp\/v2\/comments?post=53293"}],"version-history":[{"count":3,"href":"https:\/\/alegerglobal.com\/tr\/wp-json\/wp\/v2\/product\/53293\/revisions"}],"predecessor-version":[{"id":53890,"href":"https:\/\/alegerglobal.com\/tr\/wp-json\/wp\/v2\/product\/53293\/revisions\/53890"}],"wp:featuredmedia":[{"embeddable":true,"href":"https:\/\/alegerglobal.com\/tr\/wp-json\/wp\/v2\/media\/53306"}],"wp:attachment":[{"href":"https:\/\/alegerglobal.com\/tr\/wp-json\/wp\/v2\/media?parent=53293"}],"wp:term":[{"taxonomy":"product_brand","embeddable":true,"href":"https:\/\/alegerglobal.com\/tr\/wp-json\/wp\/v2\/product_brand?post=53293"},{"taxonomy":"product_cat","embeddable":true,"href":"https:\/\/alegerglobal.com\/tr\/wp-json\/wp\/v2\/product_cat?post=53293"},{"taxonomy":"product_tag","embeddable":true,"href":"https:\/\/alegerglobal.com\/tr\/wp-json\/wp\/v2\/product_tag?post=53293"}],"curies":[{"name":"wp","href":"https:\/\/api.w.org\/{rel}","templated":true}]}}