{"id":52694,"date":"2026-02-23T16:23:06","date_gmt":"2026-02-23T15:23:08","guid":{"rendered":"https:\/\/alegerglobal.com\/?post_type=product&#038;p=52694"},"modified":"2026-02-27T10:07:58","modified_gmt":"2026-02-27T09:07:58","slug":"inspectron-termal-kamera-guevenilir-teshis-icin-termal-goeruentueleme-teknolojisi-kopie","status":"publish","type":"product","link":"https:\/\/alegerglobal.com\/tr\/shop-tr\/gadgetlar-tr\/inspectron-termal-kamera-guevenilir-teshis-icin-termal-goeruentueleme-teknolojisi-kopie\/","title":{"rendered":"Osmo Nano &#8211; Ultra hafif 4K giyilebilir aksiyon kameras\u0131"},"content":{"rendered":"","protected":false},"excerpt":{"rendered":"<p data-start=\"683\" data-end=\"1119\"><strong data-start=\"3278\" data-end=\"3295\">Osmo Nano<\/strong>, ister spor yaparken, ister hareket halindeyken veya POV i\u00e7eri\u011fi olarak maceralar\u0131n\u0131z\u0131 canl\u0131, sabitlenmi\u015f g\u00f6r\u00fcnt\u00fclerle yakalamak i\u00e7in tasarlanm\u0131\u015f ultra hafif, giyilebilir bir 4K aksiyon kameras\u0131d\u0131r. Manyetik \u00e7ift montajl\u0131 tasar\u0131m\u0131 sayesinde kasklara, \u015fapkalara veya ekipmanlara esnek bir \u015fekilde tak\u0131labilir ve g\u00f6z a\u00e7\u0131p kapay\u0131ncaya kadar farkl\u0131 perspektifler aras\u0131nda ge\u00e7i\u015f yapabilir. G\u00fc\u00e7l\u00fc bir sens\u00f6r, geli\u015fmi\u015f g\u00f6r\u00fcnt\u00fc sabitleme, SuperNight modu ve \u00e7ok y\u00f6nl\u00fc bir g\u00f6r\u00fc\u015f yuvas\u0131 ile donat\u0131lm\u0131\u015f olan Osmo Nano, kompakt forma ve profesyonel sonu\u00e7lara de\u011fer veren i\u00e7erik olu\u015fturucular i\u00e7in yarat\u0131c\u0131 \u00f6zg\u00fcrl\u00fck sunar.<\/p>\n","protected":false},"featured_media":52713,"comment_status":"open","ping_status":"closed","template":"","meta":{"_acf_changed":false},"product_brand":[],"product_cat":[2320,2318],"product_tag":[],"class_list":{"0":"post-52694","1":"product","2":"type-product","3":"status-publish","4":"has-post-thumbnail","6":"product_cat-gadgetlar-tr","7":"product_cat-shop-tr","8":"pa_hersteller-getac-tr","10":"first","11":"instock","12":"taxable","13":"shipping-taxable","14":"product-type-simple"},"acf":[],"yoast_head":"<!-- This site is optimized with the Yoast SEO Premium plugin v20.10 (Yoast SEO v24.3) - https:\/\/yoast.com\/wordpress\/plugins\/seo\/ -->\n<title>DJI Osmo Nano - Ultralight 4K giyilebilir aksiyon kameras\u0131<\/title>\n<meta name=\"description\" content=\"143\u00b0 ultra geni\u015f a\u00e7\u0131, RockSteady sabitleme, SuperNight modu ve \u00e7ok y\u00f6nl\u00fc montaj se\u00e7eneklerine sahip manyetik 4K giyilebilir kamera, macera ve POV i\u00e7erikleri i\u00e7in m\u00fckemmeldir.\" \/>\n<meta name=\"robots\" content=\"index, follow, max-snippet:-1, max-image-preview:large, max-video-preview:-1\" \/>\n<meta property=\"og:locale\" content=\"tr_TR\" \/>\n<meta property=\"og:type\" content=\"article\" \/>\n<meta property=\"og:title\" content=\"Osmo Nano - Ultra hafif 4K giyilebilir aksiyon kameras\u0131\" \/>\n<meta property=\"og:description\" content=\"143\u00b0 ultra geni\u015f a\u00e7\u0131, RockSteady sabitleme, SuperNight modu ve \u00e7ok y\u00f6nl\u00fc montaj se\u00e7eneklerine sahip manyetik 4K giyilebilir kamera, macera ve POV i\u00e7erikleri i\u00e7in m\u00fckemmeldir.\" \/>\n<meta property=\"og:url\" content=\"https:\/\/alegerglobal.com\/tr\/shop-tr\/gadgetlar-tr\/inspectron-termal-kamera-guevenilir-teshis-icin-termal-goeruentueleme-teknolojisi-kopie\/\" \/>\n<meta property=\"og:site_name\" content=\"ALEGER \u22c6 Augmented Reality\" \/>\n<meta property=\"article:modified_time\" content=\"2026-02-27T09:07:58+00:00\" \/>\n<meta property=\"og:image\" content=\"https:\/\/alegerglobal.com\/wp-content\/uploads\/2026\/02\/Produktbild-800x800-1.png\" \/>\n\t<meta property=\"og:image:width\" content=\"800\" \/>\n\t<meta property=\"og:image:height\" content=\"800\" \/>\n\t<meta property=\"og:image:type\" content=\"image\/png\" \/>\n<meta name=\"twitter:card\" content=\"summary_large_image\" \/>\n<meta name=\"twitter:label1\" content=\"Fiyat\" \/>\n\t<meta name=\"twitter:data1\" content=\"\" \/>\n\t<meta name=\"twitter:label2\" content=\"Durumu\" \/>\n\t<meta name=\"twitter:data2\" content=\"Stokta var\" \/>\n<script type=\"application\/ld+json\" class=\"yoast-schema-graph\">{\"@context\":\"https:\/\/schema.org\",\"@graph\":[{\"@type\":\"WebPage\",\"@id\":\"https:\/\/alegerglobal.com\/tr\/shop-tr\/gadgetlar-tr\/inspectron-termal-kamera-guevenilir-teshis-icin-termal-goeruentueleme-teknolojisi-kopie\/\",\"url\":\"https:\/\/alegerglobal.com\/tr\/shop-tr\/gadgetlar-tr\/inspectron-termal-kamera-guevenilir-teshis-icin-termal-goeruentueleme-teknolojisi-kopie\/\",\"name\":\"DJI Osmo Nano - Ultralight 4K giyilebilir aksiyon kameras\u0131\",\"isPartOf\":{\"@id\":\"https:\/\/alegerglobal.com\/tr\/#website\"},\"primaryImageOfPage\":{\"@id\":\"https:\/\/alegerglobal.com\/tr\/shop-tr\/gadgetlar-tr\/inspectron-termal-kamera-guevenilir-teshis-icin-termal-goeruentueleme-teknolojisi-kopie\/#primaryimage\"},\"image\":{\"@id\":\"https:\/\/alegerglobal.com\/tr\/shop-tr\/gadgetlar-tr\/inspectron-termal-kamera-guevenilir-teshis-icin-termal-goeruentueleme-teknolojisi-kopie\/#primaryimage\"},\"thumbnailUrl\":\"https:\/\/alegerglobal.com\/wp-content\/uploads\/2026\/02\/Produktbild-800x800-1.png\",\"datePublished\":\"2026-02-23T15:23:08+00:00\",\"dateModified\":\"2026-02-27T09:07:58+00:00\",\"description\":\"143\u00b0 ultra geni\u015f a\u00e7\u0131, RockSteady sabitleme, SuperNight modu ve \u00e7ok y\u00f6nl\u00fc montaj se\u00e7eneklerine sahip manyetik 4K giyilebilir kamera, macera ve POV i\u00e7erikleri i\u00e7in m\u00fckemmeldir.\",\"breadcrumb\":{\"@id\":\"https:\/\/alegerglobal.com\/tr\/shop-tr\/gadgetlar-tr\/inspectron-termal-kamera-guevenilir-teshis-icin-termal-goeruentueleme-teknolojisi-kopie\/#breadcrumb\"},\"inLanguage\":\"tr\",\"potentialAction\":[{\"@type\":\"ReadAction\",\"target\":[\"https:\/\/alegerglobal.com\/tr\/shop-tr\/gadgetlar-tr\/inspectron-termal-kamera-guevenilir-teshis-icin-termal-goeruentueleme-teknolojisi-kopie\/\"]}]},{\"@type\":\"ImageObject\",\"inLanguage\":\"tr\",\"@id\":\"https:\/\/alegerglobal.com\/tr\/shop-tr\/gadgetlar-tr\/inspectron-termal-kamera-guevenilir-teshis-icin-termal-goeruentueleme-teknolojisi-kopie\/#primaryimage\",\"url\":\"https:\/\/alegerglobal.com\/wp-content\/uploads\/2026\/02\/Produktbild-800x800-1.png\",\"contentUrl\":\"https:\/\/alegerglobal.com\/wp-content\/uploads\/2026\/02\/Produktbild-800x800-1.png\",\"width\":800,\"height\":800,\"caption\":\"wearable-4k-kamera\"},{\"@type\":\"BreadcrumbList\",\"@id\":\"https:\/\/alegerglobal.com\/tr\/shop-tr\/gadgetlar-tr\/inspectron-termal-kamera-guevenilir-teshis-icin-termal-goeruentueleme-teknolojisi-kopie\/#breadcrumb\",\"itemListElement\":[{\"@type\":\"ListItem\",\"position\":1,\"name\":\"Home\",\"item\":\"https:\/\/alegerglobal.com\/tr\/yeni-anasayfa\/\"},{\"@type\":\"ListItem\",\"position\":2,\"name\":\"\u00dcr\u00fcnler\",\"item\":\"https:\/\/alegerglobal.com\/tr\/ueruenler\/\"},{\"@type\":\"ListItem\",\"position\":3,\"name\":\"Osmo Nano &#8211; Ultra hafif 4K giyilebilir aksiyon kameras\u0131\"}]},{\"@type\":\"WebSite\",\"@id\":\"https:\/\/alegerglobal.com\/tr\/#website\",\"url\":\"https:\/\/alegerglobal.com\/tr\/\",\"name\":\"ALEGER \u22c6 Augmented Reality\",\"description\":\"Die besten Augmented Reality (AR) L\u00f6sungen der Welt.\",\"publisher\":{\"@id\":\"https:\/\/alegerglobal.com\/tr\/#organization\"},\"potentialAction\":[{\"@type\":\"SearchAction\",\"target\":{\"@type\":\"EntryPoint\",\"urlTemplate\":\"https:\/\/alegerglobal.com\/tr\/?s={search_term_string}\"},\"query-input\":{\"@type\":\"PropertyValueSpecification\",\"valueRequired\":true,\"valueName\":\"search_term_string\"}}],\"inLanguage\":\"tr\"},{\"@type\":\"Organization\",\"@id\":\"https:\/\/alegerglobal.com\/tr\/#organization\",\"name\":\"ALEGER \u22c6 Augmented Reality\",\"url\":\"https:\/\/alegerglobal.com\/tr\/\",\"logo\":{\"@type\":\"ImageObject\",\"inLanguage\":\"tr\",\"@id\":\"https:\/\/alegerglobal.com\/tr\/#\/schema\/logo\/image\/\",\"url\":\"https:\/\/alegerglobal.com\/wp-content\/uploads\/2020\/12\/aleger-logo-quadrat.jpg\",\"contentUrl\":\"https:\/\/alegerglobal.com\/wp-content\/uploads\/2020\/12\/aleger-logo-quadrat.jpg\",\"width\":200,\"height\":176,\"caption\":\"ALEGER \u22c6 Augmented Reality\"},\"image\":{\"@id\":\"https:\/\/alegerglobal.com\/tr\/#\/schema\/logo\/image\/\"}}]}<\/script>\n<meta property=\"product:brand\" content=\"Getac\" \/>\n<meta property=\"product:price:amount\" content=\"0.00\" \/>\n<meta property=\"product:price:currency\" content=\"EUR\" \/>\n<meta property=\"og:availability\" content=\"instock\" \/>\n<meta property=\"product:availability\" content=\"instock\" \/>\n<meta property=\"product:condition\" content=\"new\" \/>\n<!-- \/ Yoast SEO Premium plugin. -->","yoast_head_json":{"title":"DJI Osmo Nano - Ultralight 4K giyilebilir aksiyon kameras\u0131","description":"143\u00b0 ultra geni\u015f a\u00e7\u0131, RockSteady sabitleme, SuperNight modu ve \u00e7ok y\u00f6nl\u00fc montaj se\u00e7eneklerine sahip manyetik 4K giyilebilir kamera, macera ve POV i\u00e7erikleri i\u00e7in m\u00fckemmeldir.","robots":{"index":"index","follow":"follow","max-snippet":"max-snippet:-1","max-image-preview":"max-image-preview:large","max-video-preview":"max-video-preview:-1"},"og_locale":"tr_TR","og_type":"article","og_title":"Osmo Nano - Ultra hafif 4K giyilebilir aksiyon kameras\u0131","og_description":"143\u00b0 ultra geni\u015f a\u00e7\u0131, RockSteady sabitleme, SuperNight modu ve \u00e7ok y\u00f6nl\u00fc montaj se\u00e7eneklerine sahip manyetik 4K giyilebilir kamera, macera ve POV i\u00e7erikleri i\u00e7in m\u00fckemmeldir.","og_url":"https:\/\/alegerglobal.com\/tr\/shop-tr\/gadgetlar-tr\/inspectron-termal-kamera-guevenilir-teshis-icin-termal-goeruentueleme-teknolojisi-kopie\/","og_site_name":"ALEGER \u22c6 Augmented Reality","article_modified_time":"2026-02-27T09:07:58+00:00","og_image":[{"width":800,"height":800,"url":"https:\/\/alegerglobal.com\/wp-content\/uploads\/2026\/02\/Produktbild-800x800-1.png","type":"image\/png"}],"twitter_card":"summary_large_image","twitter_misc":{"Fiyat":"","Durumu":"Stokta var"},"schema":{"@context":"https:\/\/schema.org","@graph":[{"@type":"WebPage","@id":"https:\/\/alegerglobal.com\/tr\/shop-tr\/gadgetlar-tr\/inspectron-termal-kamera-guevenilir-teshis-icin-termal-goeruentueleme-teknolojisi-kopie\/","url":"https:\/\/alegerglobal.com\/tr\/shop-tr\/gadgetlar-tr\/inspectron-termal-kamera-guevenilir-teshis-icin-termal-goeruentueleme-teknolojisi-kopie\/","name":"DJI Osmo Nano - Ultralight 4K giyilebilir aksiyon kameras\u0131","isPartOf":{"@id":"https:\/\/alegerglobal.com\/tr\/#website"},"primaryImageOfPage":{"@id":"https:\/\/alegerglobal.com\/tr\/shop-tr\/gadgetlar-tr\/inspectron-termal-kamera-guevenilir-teshis-icin-termal-goeruentueleme-teknolojisi-kopie\/#primaryimage"},"image":{"@id":"https:\/\/alegerglobal.com\/tr\/shop-tr\/gadgetlar-tr\/inspectron-termal-kamera-guevenilir-teshis-icin-termal-goeruentueleme-teknolojisi-kopie\/#primaryimage"},"thumbnailUrl":"https:\/\/alegerglobal.com\/wp-content\/uploads\/2026\/02\/Produktbild-800x800-1.png","datePublished":"2026-02-23T15:23:08+00:00","dateModified":"2026-02-27T09:07:58+00:00","description":"143\u00b0 ultra geni\u015f a\u00e7\u0131, RockSteady sabitleme, SuperNight modu ve \u00e7ok y\u00f6nl\u00fc montaj se\u00e7eneklerine sahip manyetik 4K giyilebilir kamera, macera ve POV i\u00e7erikleri i\u00e7in m\u00fckemmeldir.","breadcrumb":{"@id":"https:\/\/alegerglobal.com\/tr\/shop-tr\/gadgetlar-tr\/inspectron-termal-kamera-guevenilir-teshis-icin-termal-goeruentueleme-teknolojisi-kopie\/#breadcrumb"},"inLanguage":"tr","potentialAction":[{"@type":"ReadAction","target":["https:\/\/alegerglobal.com\/tr\/shop-tr\/gadgetlar-tr\/inspectron-termal-kamera-guevenilir-teshis-icin-termal-goeruentueleme-teknolojisi-kopie\/"]}]},{"@type":"ImageObject","inLanguage":"tr","@id":"https:\/\/alegerglobal.com\/tr\/shop-tr\/gadgetlar-tr\/inspectron-termal-kamera-guevenilir-teshis-icin-termal-goeruentueleme-teknolojisi-kopie\/#primaryimage","url":"https:\/\/alegerglobal.com\/wp-content\/uploads\/2026\/02\/Produktbild-800x800-1.png","contentUrl":"https:\/\/alegerglobal.com\/wp-content\/uploads\/2026\/02\/Produktbild-800x800-1.png","width":800,"height":800,"caption":"wearable-4k-kamera"},{"@type":"BreadcrumbList","@id":"https:\/\/alegerglobal.com\/tr\/shop-tr\/gadgetlar-tr\/inspectron-termal-kamera-guevenilir-teshis-icin-termal-goeruentueleme-teknolojisi-kopie\/#breadcrumb","itemListElement":[{"@type":"ListItem","position":1,"name":"Home","item":"https:\/\/alegerglobal.com\/tr\/yeni-anasayfa\/"},{"@type":"ListItem","position":2,"name":"\u00dcr\u00fcnler","item":"https:\/\/alegerglobal.com\/tr\/ueruenler\/"},{"@type":"ListItem","position":3,"name":"Osmo Nano &#8211; Ultra hafif 4K giyilebilir aksiyon kameras\u0131"}]},{"@type":"WebSite","@id":"https:\/\/alegerglobal.com\/tr\/#website","url":"https:\/\/alegerglobal.com\/tr\/","name":"ALEGER \u22c6 Augmented Reality","description":"Die besten Augmented Reality (AR) L\u00f6sungen der Welt.","publisher":{"@id":"https:\/\/alegerglobal.com\/tr\/#organization"},"potentialAction":[{"@type":"SearchAction","target":{"@type":"EntryPoint","urlTemplate":"https:\/\/alegerglobal.com\/tr\/?s={search_term_string}"},"query-input":{"@type":"PropertyValueSpecification","valueRequired":true,"valueName":"search_term_string"}}],"inLanguage":"tr"},{"@type":"Organization","@id":"https:\/\/alegerglobal.com\/tr\/#organization","name":"ALEGER \u22c6 Augmented Reality","url":"https:\/\/alegerglobal.com\/tr\/","logo":{"@type":"ImageObject","inLanguage":"tr","@id":"https:\/\/alegerglobal.com\/tr\/#\/schema\/logo\/image\/","url":"https:\/\/alegerglobal.com\/wp-content\/uploads\/2020\/12\/aleger-logo-quadrat.jpg","contentUrl":"https:\/\/alegerglobal.com\/wp-content\/uploads\/2020\/12\/aleger-logo-quadrat.jpg","width":200,"height":176,"caption":"ALEGER \u22c6 Augmented Reality"},"image":{"@id":"https:\/\/alegerglobal.com\/tr\/#\/schema\/logo\/image\/"}}]},"product_brand":"Getac","product_price_amount":"0.00","product_price_currency":"EUR","og_availability":"instock","product_availability":"instock","product_condition":"new"},"_links":{"self":[{"href":"https:\/\/alegerglobal.com\/tr\/wp-json\/wp\/v2\/product\/52694","targetHints":{"allow":["GET"]}}],"collection":[{"href":"https:\/\/alegerglobal.com\/tr\/wp-json\/wp\/v2\/product"}],"about":[{"href":"https:\/\/alegerglobal.com\/tr\/wp-json\/wp\/v2\/types\/product"}],"replies":[{"embeddable":true,"href":"https:\/\/alegerglobal.com\/tr\/wp-json\/wp\/v2\/comments?post=52694"}],"version-history":[{"count":3,"href":"https:\/\/alegerglobal.com\/tr\/wp-json\/wp\/v2\/product\/52694\/revisions"}],"predecessor-version":[{"id":52755,"href":"https:\/\/alegerglobal.com\/tr\/wp-json\/wp\/v2\/product\/52694\/revisions\/52755"}],"wp:featuredmedia":[{"embeddable":true,"href":"https:\/\/alegerglobal.com\/tr\/wp-json\/wp\/v2\/media\/52713"}],"wp:attachment":[{"href":"https:\/\/alegerglobal.com\/tr\/wp-json\/wp\/v2\/media?parent=52694"}],"wp:term":[{"taxonomy":"product_brand","embeddable":true,"href":"https:\/\/alegerglobal.com\/tr\/wp-json\/wp\/v2\/product_brand?post=52694"},{"taxonomy":"product_cat","embeddable":true,"href":"https:\/\/alegerglobal.com\/tr\/wp-json\/wp\/v2\/product_cat?post=52694"},{"taxonomy":"product_tag","embeddable":true,"href":"https:\/\/alegerglobal.com\/tr\/wp-json\/wp\/v2\/product_tag?post=52694"}],"curies":[{"name":"wp","href":"https:\/\/api.w.org\/{rel}","templated":true}]}}