{"id":52058,"date":"2026-02-06T09:52:50","date_gmt":"2026-02-06T08:52:53","guid":{"rendered":"https:\/\/alegerglobal.com\/?post_type=product&#038;p=52058"},"modified":"2026-02-17T11:45:34","modified_gmt":"2026-02-17T10:45:34","slug":"realwear-navigator-500-ip66-mil-std-810-4-gb-ram-64-gb-854x480px-2600-mah-pil-android-11-kopie-kopie","status":"publish","type":"product","link":"https:\/\/alegerglobal.com\/tr\/shop-tr\/akilli-goezluekler\/realwear-navigator-500-ip66-mil-std-810-4-gb-ram-64-gb-854x480px-2600-mah-pil-android-11-kopie-kopie\/","title":{"rendered":"ALEGER C5000d &#8211; Dalga k\u0131lavuzu ekranl\u0131 ve \u00e7oklu sens\u00f6r teknolojili \u00fcst d\u00fczey AR ak\u0131ll\u0131 g\u00f6zl\u00fck"},"content":{"rendered":"","protected":false},"excerpt":{"rendered":"<h3 data-start=\"704\" data-end=\"787\">C5000D &#8211; End\u00fcstri ve uzaktan yard\u0131m i\u00e7in profesyonel AR ak\u0131ll\u0131 g\u00f6zl\u00fck<\/h3>\n<p data-start=\"789\" data-end=\"1304\"><strong data-start=\"793\" data-end=\"811\">ALEGER C5000D<\/strong>, zorlu end\u00fcstriyel ve hizmet uygulamalar\u0131 i\u00e7in tasarlanm\u0131\u015f g\u00fc\u00e7l\u00fc bir art\u0131r\u0131lm\u0131\u015f ger\u00e7eklik g\u00f6zl\u00fc\u011f\u00fcd\u00fcr. Y\u00fcksek \u00e7\u00f6z\u00fcn\u00fcrl\u00fckl\u00fc <strong data-start=\"962\" data-end=\"988\">OLED dalga k\u0131lavuzu ekran\u0131n\u0131<\/strong> <strong data-start=\"999\" data-end=\"1012\">HD kamera<\/strong>, \u00e7oklu kontrol se\u00e7enekleri (ses, jestler, ba\u015f hareketleri) ve sa\u011flam, rahat bir tasar\u0131mla birle\u015ftirir. Bu da C5000D&#8217;yi <strong data-start=\"1158\" data-end=\"1183\">uzaktan uzman deste\u011fi<\/strong>, dijital \u00e7al\u0131\u015fma talimatlar\u0131, bak\u0131m, denetim ve AR destekli e\u011fitim i\u00e7in m\u00fckemmel hale getiriyor.  <\/p>\n<p data-start=\"1306\" data-end=\"1812\">G\u00f6zl\u00fck, dijital i\u00e7eri\u011fi ger\u00e7ek ortam\u0131n g\u00f6r\u00fcn\u00fcm\u00fcn\u00fc engellemeden do\u011frudan kullan\u0131c\u0131n\u0131n g\u00f6r\u00fc\u015f alan\u0131nda g\u00f6r\u00fcnt\u00fcler; bu da \u00f6zellikle \u00fcretim, lojistik veya hizmet alanlar\u0131ndaki eller serbest uygulamalar i\u00e7in \u00f6nemlidir. AR g\u00f6rselle\u015ftirme, sabit ba\u011flant\u0131 ve kontrol \u00e7ok y\u00f6nl\u00fcl\u00fc\u011f\u00fcn\u00fcn birle\u015fimi, C5000D&#8217;yi bilgi, belge veya uzman bilgisinin do\u011frudan sahada bulunmas\u0131 gereken End\u00fcstri 4.0 uygulamalar\u0131 i\u00e7in \u00e7ok y\u00f6nl\u00fc bir ara\u00e7 haline getiriyor. <\/p>\n","protected":false},"featured_media":52077,"comment_status":"open","ping_status":"closed","template":"","meta":{"_acf_changed":false},"product_brand":[],"product_cat":[2317,2318],"product_tag":[],"class_list":{"0":"post-52058","1":"product","2":"type-product","3":"status-publish","4":"has-post-thumbnail","6":"product_cat-akilli-goezluekler","7":"product_cat-shop-tr","8":"pa_hersteller-realwear-tr","10":"first","11":"instock","12":"taxable","13":"shipping-taxable","14":"purchasable","15":"product-type-simple"},"acf":[],"yoast_head":"<!-- This site is optimized with the Yoast SEO Premium plugin v20.10 (Yoast SEO v24.3) - https:\/\/yoast.com\/wordpress\/plugins\/seo\/ -->\n<title>ALEGER 5000D AR ak\u0131ll\u0131 g\u00f6zl\u00fck<\/title>\n<meta name=\"description\" content=\"HD kamera, ses ve hareket kontrol\u00fcne sahip ALEGER 5000D AR ak\u0131ll\u0131 g\u00f6zl\u00fck; end\u00fcstri, uzaktan destek, bak\u0131m ve dijital i\u015f s\u00fcre\u00e7leri i\u00e7in idealdir.\" \/>\n<meta name=\"robots\" content=\"index, follow, max-snippet:-1, max-image-preview:large, max-video-preview:-1\" \/>\n<meta property=\"og:locale\" content=\"tr_TR\" \/>\n<meta property=\"og:type\" content=\"article\" \/>\n<meta property=\"og:title\" content=\"ALEGER C5000d - Dalga k\u0131lavuzu ekranl\u0131 ve \u00e7oklu sens\u00f6r teknolojili \u00fcst d\u00fczey AR ak\u0131ll\u0131 g\u00f6zl\u00fck\" \/>\n<meta property=\"og:description\" content=\"HD kamera, ses ve hareket kontrol\u00fcne sahip ALEGER 5000D AR ak\u0131ll\u0131 g\u00f6zl\u00fck; end\u00fcstri, uzaktan destek, bak\u0131m ve dijital i\u015f s\u00fcre\u00e7leri i\u00e7in idealdir.\" \/>\n<meta property=\"og:url\" content=\"https:\/\/alegerglobal.com\/tr\/shop-tr\/akilli-goezluekler\/realwear-navigator-500-ip66-mil-std-810-4-gb-ram-64-gb-854x480px-2600-mah-pil-android-11-kopie-kopie\/\" \/>\n<meta property=\"og:site_name\" content=\"ALEGER \u22c6 Augmented Reality\" \/>\n<meta property=\"article:modified_time\" content=\"2026-02-17T10:45:34+00:00\" \/>\n<meta property=\"og:image\" content=\"https:\/\/alegerglobal.com\/wp-content\/uploads\/2026\/02\/ALEGER-C5000.png\" \/>\n\t<meta property=\"og:image:width\" content=\"800\" \/>\n\t<meta property=\"og:image:height\" content=\"800\" \/>\n\t<meta property=\"og:image:type\" content=\"image\/png\" \/>\n<meta name=\"twitter:card\" content=\"summary_large_image\" \/>\n<meta name=\"twitter:label1\" content=\"Fiyat\" \/>\n\t<meta name=\"twitter:data1\" content=\"&euro;2.233,31\" \/>\n\t<meta name=\"twitter:label2\" content=\"Durumu\" \/>\n\t<meta name=\"twitter:data2\" content=\"Stokta var\" \/>\n<script type=\"application\/ld+json\" class=\"yoast-schema-graph\">{\"@context\":\"https:\/\/schema.org\",\"@graph\":[{\"@type\":\"WebPage\",\"@id\":\"https:\/\/alegerglobal.com\/tr\/shop-tr\/akilli-goezluekler\/realwear-navigator-500-ip66-mil-std-810-4-gb-ram-64-gb-854x480px-2600-mah-pil-android-11-kopie-kopie\/\",\"url\":\"https:\/\/alegerglobal.com\/tr\/shop-tr\/akilli-goezluekler\/realwear-navigator-500-ip66-mil-std-810-4-gb-ram-64-gb-854x480px-2600-mah-pil-android-11-kopie-kopie\/\",\"name\":\"ALEGER 5000D AR ak\u0131ll\u0131 g\u00f6zl\u00fck\",\"isPartOf\":{\"@id\":\"https:\/\/alegerglobal.com\/tr\/#website\"},\"primaryImageOfPage\":{\"@id\":\"https:\/\/alegerglobal.com\/tr\/shop-tr\/akilli-goezluekler\/realwear-navigator-500-ip66-mil-std-810-4-gb-ram-64-gb-854x480px-2600-mah-pil-android-11-kopie-kopie\/#primaryimage\"},\"image\":{\"@id\":\"https:\/\/alegerglobal.com\/tr\/shop-tr\/akilli-goezluekler\/realwear-navigator-500-ip66-mil-std-810-4-gb-ram-64-gb-854x480px-2600-mah-pil-android-11-kopie-kopie\/#primaryimage\"},\"thumbnailUrl\":\"https:\/\/alegerglobal.com\/wp-content\/uploads\/2026\/02\/ALEGER-C5000.png\",\"datePublished\":\"2026-02-06T08:52:53+00:00\",\"dateModified\":\"2026-02-17T10:45:34+00:00\",\"description\":\"HD kamera, ses ve hareket kontrol\u00fcne sahip ALEGER 5000D AR ak\u0131ll\u0131 g\u00f6zl\u00fck; end\u00fcstri, uzaktan destek, bak\u0131m ve dijital i\u015f s\u00fcre\u00e7leri i\u00e7in idealdir.\",\"breadcrumb\":{\"@id\":\"https:\/\/alegerglobal.com\/tr\/shop-tr\/akilli-goezluekler\/realwear-navigator-500-ip66-mil-std-810-4-gb-ram-64-gb-854x480px-2600-mah-pil-android-11-kopie-kopie\/#breadcrumb\"},\"inLanguage\":\"tr\",\"potentialAction\":[{\"@type\":\"ReadAction\",\"target\":[\"https:\/\/alegerglobal.com\/tr\/shop-tr\/akilli-goezluekler\/realwear-navigator-500-ip66-mil-std-810-4-gb-ram-64-gb-854x480px-2600-mah-pil-android-11-kopie-kopie\/\"]}]},{\"@type\":\"ImageObject\",\"inLanguage\":\"tr\",\"@id\":\"https:\/\/alegerglobal.com\/tr\/shop-tr\/akilli-goezluekler\/realwear-navigator-500-ip66-mil-std-810-4-gb-ram-64-gb-854x480px-2600-mah-pil-android-11-kopie-kopie\/#primaryimage\",\"url\":\"https:\/\/alegerglobal.com\/wp-content\/uploads\/2026\/02\/ALEGER-C5000.png\",\"contentUrl\":\"https:\/\/alegerglobal.com\/wp-content\/uploads\/2026\/02\/ALEGER-C5000.png\",\"width\":800,\"height\":800},{\"@type\":\"BreadcrumbList\",\"@id\":\"https:\/\/alegerglobal.com\/tr\/shop-tr\/akilli-goezluekler\/realwear-navigator-500-ip66-mil-std-810-4-gb-ram-64-gb-854x480px-2600-mah-pil-android-11-kopie-kopie\/#breadcrumb\",\"itemListElement\":[{\"@type\":\"ListItem\",\"position\":1,\"name\":\"Home\",\"item\":\"https:\/\/alegerglobal.com\/tr\/yeni-anasayfa\/\"},{\"@type\":\"ListItem\",\"position\":2,\"name\":\"\u00dcr\u00fcnler\",\"item\":\"https:\/\/alegerglobal.com\/tr\/ueruenler\/\"},{\"@type\":\"ListItem\",\"position\":3,\"name\":\"ALEGER C5000d &#8211; Dalga k\u0131lavuzu ekranl\u0131 ve \u00e7oklu sens\u00f6r teknolojili \u00fcst d\u00fczey AR ak\u0131ll\u0131 g\u00f6zl\u00fck\"}]},{\"@type\":\"WebSite\",\"@id\":\"https:\/\/alegerglobal.com\/tr\/#website\",\"url\":\"https:\/\/alegerglobal.com\/tr\/\",\"name\":\"ALEGER \u22c6 Augmented Reality\",\"description\":\"Die besten Augmented Reality (AR) L\u00f6sungen der Welt.\",\"publisher\":{\"@id\":\"https:\/\/alegerglobal.com\/tr\/#organization\"},\"potentialAction\":[{\"@type\":\"SearchAction\",\"target\":{\"@type\":\"EntryPoint\",\"urlTemplate\":\"https:\/\/alegerglobal.com\/tr\/?s={search_term_string}\"},\"query-input\":{\"@type\":\"PropertyValueSpecification\",\"valueRequired\":true,\"valueName\":\"search_term_string\"}}],\"inLanguage\":\"tr\"},{\"@type\":\"Organization\",\"@id\":\"https:\/\/alegerglobal.com\/tr\/#organization\",\"name\":\"ALEGER \u22c6 Augmented Reality\",\"url\":\"https:\/\/alegerglobal.com\/tr\/\",\"logo\":{\"@type\":\"ImageObject\",\"inLanguage\":\"tr\",\"@id\":\"https:\/\/alegerglobal.com\/tr\/#\/schema\/logo\/image\/\",\"url\":\"https:\/\/alegerglobal.com\/wp-content\/uploads\/2020\/12\/aleger-logo-quadrat.jpg\",\"contentUrl\":\"https:\/\/alegerglobal.com\/wp-content\/uploads\/2020\/12\/aleger-logo-quadrat.jpg\",\"width\":200,\"height\":176,\"caption\":\"ALEGER \u22c6 Augmented Reality\"},\"image\":{\"@id\":\"https:\/\/alegerglobal.com\/tr\/#\/schema\/logo\/image\/\"}}]}<\/script>\n<meta property=\"product:brand\" content=\"RealWear\" \/>\n<meta property=\"product:price:amount\" content=\"2233.31\" \/>\n<meta property=\"product:price:currency\" content=\"EUR\" \/>\n<meta property=\"og:availability\" content=\"instock\" \/>\n<meta property=\"product:availability\" content=\"instock\" \/>\n<meta property=\"product:condition\" content=\"new\" \/>\n<!-- \/ Yoast SEO Premium plugin. -->","yoast_head_json":{"title":"ALEGER 5000D AR ak\u0131ll\u0131 g\u00f6zl\u00fck","description":"HD kamera, ses ve hareket kontrol\u00fcne sahip ALEGER 5000D AR ak\u0131ll\u0131 g\u00f6zl\u00fck; end\u00fcstri, uzaktan destek, bak\u0131m ve dijital i\u015f s\u00fcre\u00e7leri i\u00e7in idealdir.","robots":{"index":"index","follow":"follow","max-snippet":"max-snippet:-1","max-image-preview":"max-image-preview:large","max-video-preview":"max-video-preview:-1"},"og_locale":"tr_TR","og_type":"article","og_title":"ALEGER C5000d - Dalga k\u0131lavuzu ekranl\u0131 ve \u00e7oklu sens\u00f6r teknolojili \u00fcst d\u00fczey AR ak\u0131ll\u0131 g\u00f6zl\u00fck","og_description":"HD kamera, ses ve hareket kontrol\u00fcne sahip ALEGER 5000D AR ak\u0131ll\u0131 g\u00f6zl\u00fck; end\u00fcstri, uzaktan destek, bak\u0131m ve dijital i\u015f s\u00fcre\u00e7leri i\u00e7in idealdir.","og_url":"https:\/\/alegerglobal.com\/tr\/shop-tr\/akilli-goezluekler\/realwear-navigator-500-ip66-mil-std-810-4-gb-ram-64-gb-854x480px-2600-mah-pil-android-11-kopie-kopie\/","og_site_name":"ALEGER \u22c6 Augmented Reality","article_modified_time":"2026-02-17T10:45:34+00:00","og_image":[{"width":800,"height":800,"url":"https:\/\/alegerglobal.com\/wp-content\/uploads\/2026\/02\/ALEGER-C5000.png","type":"image\/png"}],"twitter_card":"summary_large_image","twitter_misc":{"Fiyat":"&euro;2.233,31","Durumu":"Stokta var"},"schema":{"@context":"https:\/\/schema.org","@graph":[{"@type":"WebPage","@id":"https:\/\/alegerglobal.com\/tr\/shop-tr\/akilli-goezluekler\/realwear-navigator-500-ip66-mil-std-810-4-gb-ram-64-gb-854x480px-2600-mah-pil-android-11-kopie-kopie\/","url":"https:\/\/alegerglobal.com\/tr\/shop-tr\/akilli-goezluekler\/realwear-navigator-500-ip66-mil-std-810-4-gb-ram-64-gb-854x480px-2600-mah-pil-android-11-kopie-kopie\/","name":"ALEGER 5000D AR ak\u0131ll\u0131 g\u00f6zl\u00fck","isPartOf":{"@id":"https:\/\/alegerglobal.com\/tr\/#website"},"primaryImageOfPage":{"@id":"https:\/\/alegerglobal.com\/tr\/shop-tr\/akilli-goezluekler\/realwear-navigator-500-ip66-mil-std-810-4-gb-ram-64-gb-854x480px-2600-mah-pil-android-11-kopie-kopie\/#primaryimage"},"image":{"@id":"https:\/\/alegerglobal.com\/tr\/shop-tr\/akilli-goezluekler\/realwear-navigator-500-ip66-mil-std-810-4-gb-ram-64-gb-854x480px-2600-mah-pil-android-11-kopie-kopie\/#primaryimage"},"thumbnailUrl":"https:\/\/alegerglobal.com\/wp-content\/uploads\/2026\/02\/ALEGER-C5000.png","datePublished":"2026-02-06T08:52:53+00:00","dateModified":"2026-02-17T10:45:34+00:00","description":"HD kamera, ses ve hareket kontrol\u00fcne sahip ALEGER 5000D AR ak\u0131ll\u0131 g\u00f6zl\u00fck; end\u00fcstri, uzaktan destek, bak\u0131m ve dijital i\u015f s\u00fcre\u00e7leri i\u00e7in idealdir.","breadcrumb":{"@id":"https:\/\/alegerglobal.com\/tr\/shop-tr\/akilli-goezluekler\/realwear-navigator-500-ip66-mil-std-810-4-gb-ram-64-gb-854x480px-2600-mah-pil-android-11-kopie-kopie\/#breadcrumb"},"inLanguage":"tr","potentialAction":[{"@type":"ReadAction","target":["https:\/\/alegerglobal.com\/tr\/shop-tr\/akilli-goezluekler\/realwear-navigator-500-ip66-mil-std-810-4-gb-ram-64-gb-854x480px-2600-mah-pil-android-11-kopie-kopie\/"]}]},{"@type":"ImageObject","inLanguage":"tr","@id":"https:\/\/alegerglobal.com\/tr\/shop-tr\/akilli-goezluekler\/realwear-navigator-500-ip66-mil-std-810-4-gb-ram-64-gb-854x480px-2600-mah-pil-android-11-kopie-kopie\/#primaryimage","url":"https:\/\/alegerglobal.com\/wp-content\/uploads\/2026\/02\/ALEGER-C5000.png","contentUrl":"https:\/\/alegerglobal.com\/wp-content\/uploads\/2026\/02\/ALEGER-C5000.png","width":800,"height":800},{"@type":"BreadcrumbList","@id":"https:\/\/alegerglobal.com\/tr\/shop-tr\/akilli-goezluekler\/realwear-navigator-500-ip66-mil-std-810-4-gb-ram-64-gb-854x480px-2600-mah-pil-android-11-kopie-kopie\/#breadcrumb","itemListElement":[{"@type":"ListItem","position":1,"name":"Home","item":"https:\/\/alegerglobal.com\/tr\/yeni-anasayfa\/"},{"@type":"ListItem","position":2,"name":"\u00dcr\u00fcnler","item":"https:\/\/alegerglobal.com\/tr\/ueruenler\/"},{"@type":"ListItem","position":3,"name":"ALEGER C5000d &#8211; Dalga k\u0131lavuzu ekranl\u0131 ve \u00e7oklu sens\u00f6r teknolojili \u00fcst d\u00fczey AR ak\u0131ll\u0131 g\u00f6zl\u00fck"}]},{"@type":"WebSite","@id":"https:\/\/alegerglobal.com\/tr\/#website","url":"https:\/\/alegerglobal.com\/tr\/","name":"ALEGER \u22c6 Augmented Reality","description":"Die besten Augmented Reality (AR) L\u00f6sungen der Welt.","publisher":{"@id":"https:\/\/alegerglobal.com\/tr\/#organization"},"potentialAction":[{"@type":"SearchAction","target":{"@type":"EntryPoint","urlTemplate":"https:\/\/alegerglobal.com\/tr\/?s={search_term_string}"},"query-input":{"@type":"PropertyValueSpecification","valueRequired":true,"valueName":"search_term_string"}}],"inLanguage":"tr"},{"@type":"Organization","@id":"https:\/\/alegerglobal.com\/tr\/#organization","name":"ALEGER \u22c6 Augmented Reality","url":"https:\/\/alegerglobal.com\/tr\/","logo":{"@type":"ImageObject","inLanguage":"tr","@id":"https:\/\/alegerglobal.com\/tr\/#\/schema\/logo\/image\/","url":"https:\/\/alegerglobal.com\/wp-content\/uploads\/2020\/12\/aleger-logo-quadrat.jpg","contentUrl":"https:\/\/alegerglobal.com\/wp-content\/uploads\/2020\/12\/aleger-logo-quadrat.jpg","width":200,"height":176,"caption":"ALEGER \u22c6 Augmented Reality"},"image":{"@id":"https:\/\/alegerglobal.com\/tr\/#\/schema\/logo\/image\/"}}]},"product_brand":"RealWear","product_price_amount":"2233.31","product_price_currency":"EUR","og_availability":"instock","product_availability":"instock","product_condition":"new"},"_links":{"self":[{"href":"https:\/\/alegerglobal.com\/tr\/wp-json\/wp\/v2\/product\/52058","targetHints":{"allow":["GET"]}}],"collection":[{"href":"https:\/\/alegerglobal.com\/tr\/wp-json\/wp\/v2\/product"}],"about":[{"href":"https:\/\/alegerglobal.com\/tr\/wp-json\/wp\/v2\/types\/product"}],"replies":[{"embeddable":true,"href":"https:\/\/alegerglobal.com\/tr\/wp-json\/wp\/v2\/comments?post=52058"}],"version-history":[{"count":4,"href":"https:\/\/alegerglobal.com\/tr\/wp-json\/wp\/v2\/product\/52058\/revisions"}],"predecessor-version":[{"id":52401,"href":"https:\/\/alegerglobal.com\/tr\/wp-json\/wp\/v2\/product\/52058\/revisions\/52401"}],"wp:featuredmedia":[{"embeddable":true,"href":"https:\/\/alegerglobal.com\/tr\/wp-json\/wp\/v2\/media\/52077"}],"wp:attachment":[{"href":"https:\/\/alegerglobal.com\/tr\/wp-json\/wp\/v2\/media?parent=52058"}],"wp:term":[{"taxonomy":"product_brand","embeddable":true,"href":"https:\/\/alegerglobal.com\/tr\/wp-json\/wp\/v2\/product_brand?post=52058"},{"taxonomy":"product_cat","embeddable":true,"href":"https:\/\/alegerglobal.com\/tr\/wp-json\/wp\/v2\/product_cat?post=52058"},{"taxonomy":"product_tag","embeddable":true,"href":"https:\/\/alegerglobal.com\/tr\/wp-json\/wp\/v2\/product_tag?post=52058"}],"curies":[{"name":"wp","href":"https:\/\/api.w.org\/{rel}","templated":true}]}}