{"id":51684,"date":"2025-11-02T14:46:04","date_gmt":"2025-11-02T13:46:07","guid":{"rendered":"https:\/\/alegerglobal.com\/?post_type=product&#038;p=51684"},"modified":"2026-03-25T20:19:04","modified_gmt":"2026-03-25T19:19:04","slug":"getac-zx70-ex-patlamaya-dayanikli-tablet-atex-boelge-2-7-inc-ekran-android-9-ip67-mil-std-810h","status":"publish","type":"product","link":"https:\/\/alegerglobal.com\/tr\/shop-tr\/gadgetlar-tr\/getac-zx70-ex-patlamaya-dayanikli-tablet-atex-boelge-2-7-inc-ekran-android-9-ip67-mil-std-810h\/","title":{"rendered":"Inspectron Termal Kamera &#8211; g\u00fcvenilir te\u015fhis i\u00e7in termal g\u00f6r\u00fcnt\u00fcleme teknolojisi"},"content":{"rendered":"","protected":false},"excerpt":{"rendered":"<p data-start=\"683\" data-end=\"1119\">Inspectron Termal Kamera a\u015f\u0131r\u0131 \u0131s\u0131nma, termal k\u00f6pr\u00fcler veya s\u0131z\u0131nt\u0131lar gibi termal anomalileri h\u0131zl\u0131 bir \u015fekilde g\u00f6r\u00fcnt\u00fclemek i\u00e7in geli\u015ftirilmi\u015ftir. End\u00fcstride, elektrik tesisatlar\u0131nda, \u0131s\u0131tma\/so\u011futma sistemlerinde ve \u00f6nleyici bak\u0131mda kullan\u0131m i\u00e7in idealdir. Kompakt yap\u0131s\u0131, sa\u011flam tasar\u0131m\u0131 ve y\u00fcksek kaliteli sens\u00f6rleri ile do\u011frudan sahada g\u00fcvenilir sonu\u00e7lar verir.<\/p>\n<p data-start=\"1121\" data-end=\"1336\">Teknisyenler a\u015f\u0131r\u0131 \u0131s\u0131nm\u0131\u015f sigortalar\u0131, kontak diren\u00e7lerini veya hatal\u0131 \u0131s\u0131tma elemanlar\u0131n\u0131 tespit etmek i\u00e7in kullanabilir &#8211; bir ar\u0131za meydana gelmeden veya ar\u0131za s\u00fcresi ortaya \u00e7\u0131kmadan \u00e7ok \u00f6nce.<\/p>\n","protected":false},"featured_media":51700,"comment_status":"open","ping_status":"closed","template":"","meta":{"_acf_changed":false},"product_brand":[],"product_cat":[2320,2318],"product_tag":[],"class_list":{"0":"post-51684","1":"product","2":"type-product","3":"status-publish","4":"has-post-thumbnail","6":"product_cat-gadgetlar-tr","7":"product_cat-shop-tr","8":"pa_hersteller-getac-tr","10":"first","11":"instock","12":"taxable","13":"shipping-taxable","14":"purchasable","15":"product-type-simple"},"acf":[],"yoast_head":"<!-- This site is optimized with the Yoast SEO Premium plugin v20.10 (Yoast SEO v24.3) - https:\/\/yoast.com\/wordpress\/plugins\/seo\/ -->\n<title>Uvisan VRProXS Sat\u0131n Al\u0131n - Kompakt UV dezenfeksiyon ve \u015farj kutusu<\/title>\n<meta name=\"description\" content=\"Inspectron Termal Kamera elektrik testi, bak\u0131m ve \u00f6nleyici bak\u0131m i\u00e7indir - hassas, sa\u011flam, hemen kullan\u0131ma haz\u0131r. \u015eimdi sat\u0131n al\u0131n.\" \/>\n<meta name=\"robots\" content=\"index, follow, max-snippet:-1, max-image-preview:large, max-video-preview:-1\" \/>\n<meta property=\"og:locale\" content=\"tr_TR\" \/>\n<meta property=\"og:type\" content=\"article\" \/>\n<meta property=\"og:title\" content=\"Inspectron Termal Kamera - g\u00fcvenilir te\u015fhis i\u00e7in termal g\u00f6r\u00fcnt\u00fcleme teknolojisi\" \/>\n<meta property=\"og:description\" content=\"Inspectron Termal Kamera elektrik testi, bak\u0131m ve \u00f6nleyici bak\u0131m i\u00e7indir - hassas, sa\u011flam, hemen kullan\u0131ma haz\u0131r. \u015eimdi sat\u0131n al\u0131n.\" \/>\n<meta property=\"og:url\" content=\"https:\/\/alegerglobal.com\/tr\/shop-tr\/gadgetlar-tr\/getac-zx70-ex-patlamaya-dayanikli-tablet-atex-boelge-2-7-inc-ekran-android-9-ip67-mil-std-810h\/\" \/>\n<meta property=\"og:site_name\" content=\"ALEGER \u22c6 Augmented Reality\" \/>\n<meta property=\"article:modified_time\" content=\"2026-03-25T19:19:04+00:00\" \/>\n<meta property=\"og:image\" content=\"https:\/\/alegerglobal.com\/wp-content\/uploads\/2025\/11\/waermebildkamera-inspectron.png\" \/>\n\t<meta property=\"og:image:width\" content=\"800\" \/>\n\t<meta property=\"og:image:height\" content=\"800\" \/>\n\t<meta property=\"og:image:type\" content=\"image\/png\" \/>\n<meta name=\"twitter:card\" content=\"summary_large_image\" \/>\n<meta name=\"twitter:label1\" content=\"Fiyat\" \/>\n\t<meta name=\"twitter:data1\" content=\"&euro;2.168,99\" \/>\n\t<meta name=\"twitter:label2\" content=\"Durumu\" \/>\n\t<meta name=\"twitter:data2\" content=\"Stokta var\" \/>\n<script type=\"application\/ld+json\" class=\"yoast-schema-graph\">{\"@context\":\"https:\/\/schema.org\",\"@graph\":[{\"@type\":\"WebPage\",\"@id\":\"https:\/\/alegerglobal.com\/tr\/shop-tr\/gadgetlar-tr\/getac-zx70-ex-patlamaya-dayanikli-tablet-atex-boelge-2-7-inc-ekran-android-9-ip67-mil-std-810h\/\",\"url\":\"https:\/\/alegerglobal.com\/tr\/shop-tr\/gadgetlar-tr\/getac-zx70-ex-patlamaya-dayanikli-tablet-atex-boelge-2-7-inc-ekran-android-9-ip67-mil-std-810h\/\",\"name\":\"Uvisan VRProXS Sat\u0131n Al\u0131n - Kompakt UV dezenfeksiyon ve \u015farj kutusu\",\"isPartOf\":{\"@id\":\"https:\/\/alegerglobal.com\/tr\/#website\"},\"primaryImageOfPage\":{\"@id\":\"https:\/\/alegerglobal.com\/tr\/shop-tr\/gadgetlar-tr\/getac-zx70-ex-patlamaya-dayanikli-tablet-atex-boelge-2-7-inc-ekran-android-9-ip67-mil-std-810h\/#primaryimage\"},\"image\":{\"@id\":\"https:\/\/alegerglobal.com\/tr\/shop-tr\/gadgetlar-tr\/getac-zx70-ex-patlamaya-dayanikli-tablet-atex-boelge-2-7-inc-ekran-android-9-ip67-mil-std-810h\/#primaryimage\"},\"thumbnailUrl\":\"https:\/\/alegerglobal.com\/wp-content\/uploads\/2025\/11\/waermebildkamera-inspectron.png\",\"datePublished\":\"2025-11-02T13:46:07+00:00\",\"dateModified\":\"2026-03-25T19:19:04+00:00\",\"description\":\"Inspectron Termal Kamera elektrik testi, bak\u0131m ve \u00f6nleyici bak\u0131m i\u00e7indir - hassas, sa\u011flam, hemen kullan\u0131ma haz\u0131r. \u015eimdi sat\u0131n al\u0131n.\",\"breadcrumb\":{\"@id\":\"https:\/\/alegerglobal.com\/tr\/shop-tr\/gadgetlar-tr\/getac-zx70-ex-patlamaya-dayanikli-tablet-atex-boelge-2-7-inc-ekran-android-9-ip67-mil-std-810h\/#breadcrumb\"},\"inLanguage\":\"tr\",\"potentialAction\":[{\"@type\":\"ReadAction\",\"target\":[\"https:\/\/alegerglobal.com\/tr\/shop-tr\/gadgetlar-tr\/getac-zx70-ex-patlamaya-dayanikli-tablet-atex-boelge-2-7-inc-ekran-android-9-ip67-mil-std-810h\/\"]}]},{\"@type\":\"ImageObject\",\"inLanguage\":\"tr\",\"@id\":\"https:\/\/alegerglobal.com\/tr\/shop-tr\/gadgetlar-tr\/getac-zx70-ex-patlamaya-dayanikli-tablet-atex-boelge-2-7-inc-ekran-android-9-ip67-mil-std-810h\/#primaryimage\",\"url\":\"https:\/\/alegerglobal.com\/wp-content\/uploads\/2025\/11\/waermebildkamera-inspectron.png\",\"contentUrl\":\"https:\/\/alegerglobal.com\/wp-content\/uploads\/2025\/11\/waermebildkamera-inspectron.png\",\"width\":800,\"height\":800},{\"@type\":\"BreadcrumbList\",\"@id\":\"https:\/\/alegerglobal.com\/tr\/shop-tr\/gadgetlar-tr\/getac-zx70-ex-patlamaya-dayanikli-tablet-atex-boelge-2-7-inc-ekran-android-9-ip67-mil-std-810h\/#breadcrumb\",\"itemListElement\":[{\"@type\":\"ListItem\",\"position\":1,\"name\":\"Home\",\"item\":\"https:\/\/alegerglobal.com\/tr\/yeni-anasayfa\/\"},{\"@type\":\"ListItem\",\"position\":2,\"name\":\"\u00dcr\u00fcnler\",\"item\":\"https:\/\/alegerglobal.com\/tr\/ueruenler\/\"},{\"@type\":\"ListItem\",\"position\":3,\"name\":\"Inspectron Termal Kamera &#8211; g\u00fcvenilir te\u015fhis i\u00e7in termal g\u00f6r\u00fcnt\u00fcleme teknolojisi\"}]},{\"@type\":\"WebSite\",\"@id\":\"https:\/\/alegerglobal.com\/tr\/#website\",\"url\":\"https:\/\/alegerglobal.com\/tr\/\",\"name\":\"ALEGER \u22c6 Augmented Reality\",\"description\":\"Die besten Augmented Reality (AR) L\u00f6sungen der Welt.\",\"publisher\":{\"@id\":\"https:\/\/alegerglobal.com\/tr\/#organization\"},\"potentialAction\":[{\"@type\":\"SearchAction\",\"target\":{\"@type\":\"EntryPoint\",\"urlTemplate\":\"https:\/\/alegerglobal.com\/tr\/?s={search_term_string}\"},\"query-input\":{\"@type\":\"PropertyValueSpecification\",\"valueRequired\":true,\"valueName\":\"search_term_string\"}}],\"inLanguage\":\"tr\"},{\"@type\":\"Organization\",\"@id\":\"https:\/\/alegerglobal.com\/tr\/#organization\",\"name\":\"ALEGER \u22c6 Augmented Reality\",\"url\":\"https:\/\/alegerglobal.com\/tr\/\",\"logo\":{\"@type\":\"ImageObject\",\"inLanguage\":\"tr\",\"@id\":\"https:\/\/alegerglobal.com\/tr\/#\/schema\/logo\/image\/\",\"url\":\"https:\/\/alegerglobal.com\/wp-content\/uploads\/2020\/12\/aleger-logo-quadrat.jpg\",\"contentUrl\":\"https:\/\/alegerglobal.com\/wp-content\/uploads\/2020\/12\/aleger-logo-quadrat.jpg\",\"width\":200,\"height\":176,\"caption\":\"ALEGER \u22c6 Augmented Reality\"},\"image\":{\"@id\":\"https:\/\/alegerglobal.com\/tr\/#\/schema\/logo\/image\/\"}}]}<\/script>\n<meta property=\"product:brand\" content=\"Getac\" \/>\n<meta property=\"product:price:amount\" content=\"2168.99\" \/>\n<meta property=\"product:price:currency\" content=\"EUR\" \/>\n<meta property=\"og:availability\" content=\"instock\" \/>\n<meta property=\"product:availability\" content=\"instock\" \/>\n<meta property=\"product:condition\" content=\"new\" \/>\n<!-- \/ Yoast SEO Premium plugin. -->","yoast_head_json":{"title":"Uvisan VRProXS Sat\u0131n Al\u0131n - Kompakt UV dezenfeksiyon ve \u015farj kutusu","description":"Inspectron Termal Kamera elektrik testi, bak\u0131m ve \u00f6nleyici bak\u0131m i\u00e7indir - hassas, sa\u011flam, hemen kullan\u0131ma haz\u0131r. \u015eimdi sat\u0131n al\u0131n.","robots":{"index":"index","follow":"follow","max-snippet":"max-snippet:-1","max-image-preview":"max-image-preview:large","max-video-preview":"max-video-preview:-1"},"og_locale":"tr_TR","og_type":"article","og_title":"Inspectron Termal Kamera - g\u00fcvenilir te\u015fhis i\u00e7in termal g\u00f6r\u00fcnt\u00fcleme teknolojisi","og_description":"Inspectron Termal Kamera elektrik testi, bak\u0131m ve \u00f6nleyici bak\u0131m i\u00e7indir - hassas, sa\u011flam, hemen kullan\u0131ma haz\u0131r. \u015eimdi sat\u0131n al\u0131n.","og_url":"https:\/\/alegerglobal.com\/tr\/shop-tr\/gadgetlar-tr\/getac-zx70-ex-patlamaya-dayanikli-tablet-atex-boelge-2-7-inc-ekran-android-9-ip67-mil-std-810h\/","og_site_name":"ALEGER \u22c6 Augmented Reality","article_modified_time":"2026-03-25T19:19:04+00:00","og_image":[{"width":800,"height":800,"url":"https:\/\/alegerglobal.com\/wp-content\/uploads\/2025\/11\/waermebildkamera-inspectron.png","type":"image\/png"}],"twitter_card":"summary_large_image","twitter_misc":{"Fiyat":"&euro;2.168,99","Durumu":"Stokta var"},"schema":{"@context":"https:\/\/schema.org","@graph":[{"@type":"WebPage","@id":"https:\/\/alegerglobal.com\/tr\/shop-tr\/gadgetlar-tr\/getac-zx70-ex-patlamaya-dayanikli-tablet-atex-boelge-2-7-inc-ekran-android-9-ip67-mil-std-810h\/","url":"https:\/\/alegerglobal.com\/tr\/shop-tr\/gadgetlar-tr\/getac-zx70-ex-patlamaya-dayanikli-tablet-atex-boelge-2-7-inc-ekran-android-9-ip67-mil-std-810h\/","name":"Uvisan VRProXS Sat\u0131n Al\u0131n - Kompakt UV dezenfeksiyon ve \u015farj kutusu","isPartOf":{"@id":"https:\/\/alegerglobal.com\/tr\/#website"},"primaryImageOfPage":{"@id":"https:\/\/alegerglobal.com\/tr\/shop-tr\/gadgetlar-tr\/getac-zx70-ex-patlamaya-dayanikli-tablet-atex-boelge-2-7-inc-ekran-android-9-ip67-mil-std-810h\/#primaryimage"},"image":{"@id":"https:\/\/alegerglobal.com\/tr\/shop-tr\/gadgetlar-tr\/getac-zx70-ex-patlamaya-dayanikli-tablet-atex-boelge-2-7-inc-ekran-android-9-ip67-mil-std-810h\/#primaryimage"},"thumbnailUrl":"https:\/\/alegerglobal.com\/wp-content\/uploads\/2025\/11\/waermebildkamera-inspectron.png","datePublished":"2025-11-02T13:46:07+00:00","dateModified":"2026-03-25T19:19:04+00:00","description":"Inspectron Termal Kamera elektrik testi, bak\u0131m ve \u00f6nleyici bak\u0131m i\u00e7indir - hassas, sa\u011flam, hemen kullan\u0131ma haz\u0131r. \u015eimdi sat\u0131n al\u0131n.","breadcrumb":{"@id":"https:\/\/alegerglobal.com\/tr\/shop-tr\/gadgetlar-tr\/getac-zx70-ex-patlamaya-dayanikli-tablet-atex-boelge-2-7-inc-ekran-android-9-ip67-mil-std-810h\/#breadcrumb"},"inLanguage":"tr","potentialAction":[{"@type":"ReadAction","target":["https:\/\/alegerglobal.com\/tr\/shop-tr\/gadgetlar-tr\/getac-zx70-ex-patlamaya-dayanikli-tablet-atex-boelge-2-7-inc-ekran-android-9-ip67-mil-std-810h\/"]}]},{"@type":"ImageObject","inLanguage":"tr","@id":"https:\/\/alegerglobal.com\/tr\/shop-tr\/gadgetlar-tr\/getac-zx70-ex-patlamaya-dayanikli-tablet-atex-boelge-2-7-inc-ekran-android-9-ip67-mil-std-810h\/#primaryimage","url":"https:\/\/alegerglobal.com\/wp-content\/uploads\/2025\/11\/waermebildkamera-inspectron.png","contentUrl":"https:\/\/alegerglobal.com\/wp-content\/uploads\/2025\/11\/waermebildkamera-inspectron.png","width":800,"height":800},{"@type":"BreadcrumbList","@id":"https:\/\/alegerglobal.com\/tr\/shop-tr\/gadgetlar-tr\/getac-zx70-ex-patlamaya-dayanikli-tablet-atex-boelge-2-7-inc-ekran-android-9-ip67-mil-std-810h\/#breadcrumb","itemListElement":[{"@type":"ListItem","position":1,"name":"Home","item":"https:\/\/alegerglobal.com\/tr\/yeni-anasayfa\/"},{"@type":"ListItem","position":2,"name":"\u00dcr\u00fcnler","item":"https:\/\/alegerglobal.com\/tr\/ueruenler\/"},{"@type":"ListItem","position":3,"name":"Inspectron Termal Kamera &#8211; g\u00fcvenilir te\u015fhis i\u00e7in termal g\u00f6r\u00fcnt\u00fcleme teknolojisi"}]},{"@type":"WebSite","@id":"https:\/\/alegerglobal.com\/tr\/#website","url":"https:\/\/alegerglobal.com\/tr\/","name":"ALEGER \u22c6 Augmented Reality","description":"Die besten Augmented Reality (AR) L\u00f6sungen der Welt.","publisher":{"@id":"https:\/\/alegerglobal.com\/tr\/#organization"},"potentialAction":[{"@type":"SearchAction","target":{"@type":"EntryPoint","urlTemplate":"https:\/\/alegerglobal.com\/tr\/?s={search_term_string}"},"query-input":{"@type":"PropertyValueSpecification","valueRequired":true,"valueName":"search_term_string"}}],"inLanguage":"tr"},{"@type":"Organization","@id":"https:\/\/alegerglobal.com\/tr\/#organization","name":"ALEGER \u22c6 Augmented Reality","url":"https:\/\/alegerglobal.com\/tr\/","logo":{"@type":"ImageObject","inLanguage":"tr","@id":"https:\/\/alegerglobal.com\/tr\/#\/schema\/logo\/image\/","url":"https:\/\/alegerglobal.com\/wp-content\/uploads\/2020\/12\/aleger-logo-quadrat.jpg","contentUrl":"https:\/\/alegerglobal.com\/wp-content\/uploads\/2020\/12\/aleger-logo-quadrat.jpg","width":200,"height":176,"caption":"ALEGER \u22c6 Augmented Reality"},"image":{"@id":"https:\/\/alegerglobal.com\/tr\/#\/schema\/logo\/image\/"}}]},"product_brand":"Getac","product_price_amount":"2168.99","product_price_currency":"EUR","og_availability":"instock","product_availability":"instock","product_condition":"new"},"_links":{"self":[{"href":"https:\/\/alegerglobal.com\/tr\/wp-json\/wp\/v2\/product\/51684","targetHints":{"allow":["GET"]}}],"collection":[{"href":"https:\/\/alegerglobal.com\/tr\/wp-json\/wp\/v2\/product"}],"about":[{"href":"https:\/\/alegerglobal.com\/tr\/wp-json\/wp\/v2\/types\/product"}],"replies":[{"embeddable":true,"href":"https:\/\/alegerglobal.com\/tr\/wp-json\/wp\/v2\/comments?post=51684"}],"version-history":[{"count":3,"href":"https:\/\/alegerglobal.com\/tr\/wp-json\/wp\/v2\/product\/51684\/revisions"}],"predecessor-version":[{"id":53893,"href":"https:\/\/alegerglobal.com\/tr\/wp-json\/wp\/v2\/product\/51684\/revisions\/53893"}],"wp:featuredmedia":[{"embeddable":true,"href":"https:\/\/alegerglobal.com\/tr\/wp-json\/wp\/v2\/media\/51700"}],"wp:attachment":[{"href":"https:\/\/alegerglobal.com\/tr\/wp-json\/wp\/v2\/media?parent=51684"}],"wp:term":[{"taxonomy":"product_brand","embeddable":true,"href":"https:\/\/alegerglobal.com\/tr\/wp-json\/wp\/v2\/product_brand?post=51684"},{"taxonomy":"product_cat","embeddable":true,"href":"https:\/\/alegerglobal.com\/tr\/wp-json\/wp\/v2\/product_cat?post=51684"},{"taxonomy":"product_tag","embeddable":true,"href":"https:\/\/alegerglobal.com\/tr\/wp-json\/wp\/v2\/product_tag?post=51684"}],"curies":[{"name":"wp","href":"https:\/\/api.w.org\/{rel}","templated":true}]}}