{"id":51547,"date":"2025-11-02T14:08:53","date_gmt":"2025-11-02T13:08:53","guid":{"rendered":"https:\/\/alegerglobal.com\/?post_type=product&#038;p=51547"},"modified":"2025-11-02T14:17:37","modified_gmt":"2025-11-02T13:17:37","slug":"desinfektion-uvisan-vrprom","status":"publish","type":"product","link":"https:\/\/alegerglobal.com\/tr\/shop\/gadgets\/desinfektion-uvisan-vrprom\/","title":{"rendered":"Uvisan VRProM \u2013 Effiziente Hygiene, sichere Aufbewahrung &#038; Laden f\u00fcr gemeinsam genutzte Ger\u00e4te"},"content":{"rendered":"","protected":false},"excerpt":{"rendered":"<p data-start=\"773\" data-end=\"1282\">Der Uvisan VRProM ist ein innovativer UV-C-Desinfektions- und Ladeschrank, speziell konzipiert f\u00fcr Umgebungen mit gemeinsam genutzten technologischen Ger\u00e4ten wie VR\/AR-Headsets, Tablets oder Laptops. Innerhalb nur einer kurzen Desinfektionszeit werden Ger\u00e4te zuverl\u00e4ssig befreit von Viren, Bakterien und Pilzen \u2013 ganz ohne Chemikalien, Hitze oder R\u00fcckst\u00e4nde. Gleichzeitig laden die Ger\u00e4te \u00fcber integrierte Schnelllade-USB-Ports, sodass Sauberkeit und Einsatzbereitschaft in einem Schritt gew\u00e4hrleistet sind.<\/p>\n<p data-start=\"1284\" data-end=\"1516\">Dank seines robusten Stahlgeh\u00e4uses mit abschlie\u00dfbaren T\u00fcren und Rollen zur Mobilit\u00e4t eignet sich der VRProM ideal f\u00fcr Schulungsr\u00e4ume, VR\/AR-Labs, Bildungseinrichtungen, Gaming\/Arcade-Umgebungen und professionelle Trainingszentren.<\/p>\n","protected":false},"featured_media":51586,"comment_status":"open","ping_status":"closed","template":"","meta":{"_acf_changed":false},"product_brand":[],"product_cat":[51,35],"product_tag":[],"class_list":{"0":"post-51547","1":"product","2":"type-product","3":"status-publish","4":"has-post-thumbnail","6":"product_cat-shop","7":"product_cat-gadgets","8":"pa_hersteller-getac","10":"first","11":"instock","12":"taxable","13":"shipping-taxable","14":"purchasable","15":"product-type-simple"},"acf":[],"yoast_head":"<!-- This site is optimized with the Yoast SEO Premium plugin v20.10 (Yoast SEO v24.3) - https:\/\/yoast.com\/wordpress\/plugins\/seo\/ -->\n<title>Uvisan VRProM \u2013 -UV-C-Desinfektions- &amp; Lade-Schrank kaufen<\/title>\n<meta name=\"description\" content=\"Der Uvisan VRProM ist ein UV-C Desinfektions- und Ladeschrank f\u00fcr VR\/AR-Headsets, Tablets &amp; Laptops mit 360\u00b0 UVC-Abdeckung, bis zu 99,999 % und 36 Ports.\" \/>\n<meta name=\"robots\" content=\"index, follow, max-snippet:-1, max-image-preview:large, max-video-preview:-1\" \/>\n<meta property=\"og:locale\" content=\"tr_TR\" \/>\n<meta property=\"og:type\" content=\"article\" \/>\n<meta property=\"og:title\" content=\"Uvisan VRProM \u2013 Effiziente Hygiene, sichere Aufbewahrung &amp; Laden f\u00fcr gemeinsam genutzte Ger\u00e4te\" \/>\n<meta property=\"og:description\" content=\"Der Uvisan VRProM ist ein UV-C Desinfektions- und Ladeschrank f\u00fcr VR\/AR-Headsets, Tablets &amp; Laptops mit 360\u00b0 UVC-Abdeckung, bis zu 99,999 % und 36 Ports.\" \/>\n<meta property=\"og:url\" content=\"https:\/\/alegerglobal.com\/tr\/shop\/gadgets\/desinfektion-uvisan-vrprom\/\" \/>\n<meta property=\"og:site_name\" content=\"ALEGER \u22c6 Augmented Reality\" \/>\n<meta property=\"article:modified_time\" content=\"2025-11-02T13:17:37+00:00\" \/>\n<meta property=\"og:image\" content=\"https:\/\/alegerglobal.com\/wp-content\/uploads\/2025\/11\/uvisan-vrprom.png\" \/>\n\t<meta property=\"og:image:width\" content=\"800\" \/>\n\t<meta property=\"og:image:height\" content=\"800\" \/>\n\t<meta property=\"og:image:type\" content=\"image\/png\" \/>\n<meta name=\"twitter:card\" content=\"summary_large_image\" \/>\n<meta name=\"twitter:label1\" content=\"Fiyat\" \/>\n\t<meta name=\"twitter:data1\" content=\"&euro;2.168,99\" \/>\n\t<meta name=\"twitter:label2\" content=\"Durumu\" \/>\n\t<meta name=\"twitter:data2\" content=\"Stokta var\" \/>\n<script type=\"application\/ld+json\" class=\"yoast-schema-graph\">{\"@context\":\"https:\/\/schema.org\",\"@graph\":[{\"@type\":\"WebPage\",\"@id\":\"https:\/\/alegerglobal.com\/tr\/shop\/gadgets\/desinfektion-uvisan-vrprom\/\",\"url\":\"https:\/\/alegerglobal.com\/tr\/shop\/gadgets\/desinfektion-uvisan-vrprom\/\",\"name\":\"Uvisan VRProM \u2013 -UV-C-Desinfektions- & Lade-Schrank kaufen\",\"isPartOf\":{\"@id\":\"https:\/\/alegerglobal.com\/tr\/#website\"},\"primaryImageOfPage\":{\"@id\":\"https:\/\/alegerglobal.com\/tr\/shop\/gadgets\/desinfektion-uvisan-vrprom\/#primaryimage\"},\"image\":{\"@id\":\"https:\/\/alegerglobal.com\/tr\/shop\/gadgets\/desinfektion-uvisan-vrprom\/#primaryimage\"},\"thumbnailUrl\":\"https:\/\/alegerglobal.com\/wp-content\/uploads\/2025\/11\/uvisan-vrprom.png\",\"datePublished\":\"2025-11-02T13:08:53+00:00\",\"dateModified\":\"2025-11-02T13:17:37+00:00\",\"description\":\"Der Uvisan VRProM ist ein UV-C Desinfektions- und Ladeschrank f\u00fcr VR\/AR-Headsets, Tablets & Laptops mit 360\u00b0 UVC-Abdeckung, bis zu 99,999 % und 36 Ports.\",\"breadcrumb\":{\"@id\":\"https:\/\/alegerglobal.com\/tr\/shop\/gadgets\/desinfektion-uvisan-vrprom\/#breadcrumb\"},\"inLanguage\":\"tr\",\"potentialAction\":[{\"@type\":\"ReadAction\",\"target\":[\"https:\/\/alegerglobal.com\/tr\/shop\/gadgets\/desinfektion-uvisan-vrprom\/\"]}]},{\"@type\":\"ImageObject\",\"inLanguage\":\"tr\",\"@id\":\"https:\/\/alegerglobal.com\/tr\/shop\/gadgets\/desinfektion-uvisan-vrprom\/#primaryimage\",\"url\":\"https:\/\/alegerglobal.com\/wp-content\/uploads\/2025\/11\/uvisan-vrprom.png\",\"contentUrl\":\"https:\/\/alegerglobal.com\/wp-content\/uploads\/2025\/11\/uvisan-vrprom.png\",\"width\":800,\"height\":800},{\"@type\":\"BreadcrumbList\",\"@id\":\"https:\/\/alegerglobal.com\/tr\/shop\/gadgets\/desinfektion-uvisan-vrprom\/#breadcrumb\",\"itemListElement\":[{\"@type\":\"ListItem\",\"position\":1,\"name\":\"Home\",\"item\":\"https:\/\/alegerglobal.com\/tr\/yeni-anasayfa\/\"},{\"@type\":\"ListItem\",\"position\":2,\"name\":\"\u00dcr\u00fcnler\",\"item\":\"https:\/\/alegerglobal.com\/tr\/ueruenler\/\"},{\"@type\":\"ListItem\",\"position\":3,\"name\":\"Uvisan VRProM \u2013 Effiziente Hygiene, sichere Aufbewahrung &#038; Laden f\u00fcr gemeinsam genutzte Ger\u00e4te\"}]},{\"@type\":\"WebSite\",\"@id\":\"https:\/\/alegerglobal.com\/tr\/#website\",\"url\":\"https:\/\/alegerglobal.com\/tr\/\",\"name\":\"ALEGER \u22c6 Augmented Reality\",\"description\":\"Die besten Augmented Reality (AR) L\u00f6sungen der Welt.\",\"publisher\":{\"@id\":\"https:\/\/alegerglobal.com\/tr\/#organization\"},\"potentialAction\":[{\"@type\":\"SearchAction\",\"target\":{\"@type\":\"EntryPoint\",\"urlTemplate\":\"https:\/\/alegerglobal.com\/tr\/?s={search_term_string}\"},\"query-input\":{\"@type\":\"PropertyValueSpecification\",\"valueRequired\":true,\"valueName\":\"search_term_string\"}}],\"inLanguage\":\"tr\"},{\"@type\":\"Organization\",\"@id\":\"https:\/\/alegerglobal.com\/tr\/#organization\",\"name\":\"ALEGER \u22c6 Augmented Reality\",\"url\":\"https:\/\/alegerglobal.com\/tr\/\",\"logo\":{\"@type\":\"ImageObject\",\"inLanguage\":\"tr\",\"@id\":\"https:\/\/alegerglobal.com\/tr\/#\/schema\/logo\/image\/\",\"url\":\"https:\/\/alegerglobal.com\/wp-content\/uploads\/2020\/12\/aleger-logo-quadrat.jpg\",\"contentUrl\":\"https:\/\/alegerglobal.com\/wp-content\/uploads\/2020\/12\/aleger-logo-quadrat.jpg\",\"width\":200,\"height\":176,\"caption\":\"ALEGER \u22c6 Augmented Reality\"},\"image\":{\"@id\":\"https:\/\/alegerglobal.com\/tr\/#\/schema\/logo\/image\/\"}}]}<\/script>\n<meta property=\"product:brand\" content=\"Getac\" \/>\n<meta property=\"product:price:amount\" content=\"2168.99\" \/>\n<meta property=\"product:price:currency\" content=\"EUR\" \/>\n<meta property=\"og:availability\" content=\"instock\" \/>\n<meta property=\"product:availability\" content=\"instock\" \/>\n<meta property=\"product:condition\" content=\"new\" \/>\n<!-- \/ Yoast SEO Premium plugin. -->","yoast_head_json":{"title":"Uvisan VRProM \u2013 -UV-C-Desinfektions- & Lade-Schrank kaufen","description":"Der Uvisan VRProM ist ein UV-C Desinfektions- und Ladeschrank f\u00fcr VR\/AR-Headsets, Tablets & Laptops mit 360\u00b0 UVC-Abdeckung, bis zu 99,999 % und 36 Ports.","robots":{"index":"index","follow":"follow","max-snippet":"max-snippet:-1","max-image-preview":"max-image-preview:large","max-video-preview":"max-video-preview:-1"},"og_locale":"tr_TR","og_type":"article","og_title":"Uvisan VRProM \u2013 Effiziente Hygiene, sichere Aufbewahrung & Laden f\u00fcr gemeinsam genutzte Ger\u00e4te","og_description":"Der Uvisan VRProM ist ein UV-C Desinfektions- und Ladeschrank f\u00fcr VR\/AR-Headsets, Tablets & Laptops mit 360\u00b0 UVC-Abdeckung, bis zu 99,999 % und 36 Ports.","og_url":"https:\/\/alegerglobal.com\/tr\/shop\/gadgets\/desinfektion-uvisan-vrprom\/","og_site_name":"ALEGER \u22c6 Augmented Reality","article_modified_time":"2025-11-02T13:17:37+00:00","og_image":[{"width":800,"height":800,"url":"https:\/\/alegerglobal.com\/wp-content\/uploads\/2025\/11\/uvisan-vrprom.png","type":"image\/png"}],"twitter_card":"summary_large_image","twitter_misc":{"Fiyat":"&euro;2.168,99","Durumu":"Stokta var"},"schema":{"@context":"https:\/\/schema.org","@graph":[{"@type":"WebPage","@id":"https:\/\/alegerglobal.com\/tr\/shop\/gadgets\/desinfektion-uvisan-vrprom\/","url":"https:\/\/alegerglobal.com\/tr\/shop\/gadgets\/desinfektion-uvisan-vrprom\/","name":"Uvisan VRProM \u2013 -UV-C-Desinfektions- & Lade-Schrank kaufen","isPartOf":{"@id":"https:\/\/alegerglobal.com\/tr\/#website"},"primaryImageOfPage":{"@id":"https:\/\/alegerglobal.com\/tr\/shop\/gadgets\/desinfektion-uvisan-vrprom\/#primaryimage"},"image":{"@id":"https:\/\/alegerglobal.com\/tr\/shop\/gadgets\/desinfektion-uvisan-vrprom\/#primaryimage"},"thumbnailUrl":"https:\/\/alegerglobal.com\/wp-content\/uploads\/2025\/11\/uvisan-vrprom.png","datePublished":"2025-11-02T13:08:53+00:00","dateModified":"2025-11-02T13:17:37+00:00","description":"Der Uvisan VRProM ist ein UV-C Desinfektions- und Ladeschrank f\u00fcr VR\/AR-Headsets, Tablets & Laptops mit 360\u00b0 UVC-Abdeckung, bis zu 99,999 % und 36 Ports.","breadcrumb":{"@id":"https:\/\/alegerglobal.com\/tr\/shop\/gadgets\/desinfektion-uvisan-vrprom\/#breadcrumb"},"inLanguage":"tr","potentialAction":[{"@type":"ReadAction","target":["https:\/\/alegerglobal.com\/tr\/shop\/gadgets\/desinfektion-uvisan-vrprom\/"]}]},{"@type":"ImageObject","inLanguage":"tr","@id":"https:\/\/alegerglobal.com\/tr\/shop\/gadgets\/desinfektion-uvisan-vrprom\/#primaryimage","url":"https:\/\/alegerglobal.com\/wp-content\/uploads\/2025\/11\/uvisan-vrprom.png","contentUrl":"https:\/\/alegerglobal.com\/wp-content\/uploads\/2025\/11\/uvisan-vrprom.png","width":800,"height":800},{"@type":"BreadcrumbList","@id":"https:\/\/alegerglobal.com\/tr\/shop\/gadgets\/desinfektion-uvisan-vrprom\/#breadcrumb","itemListElement":[{"@type":"ListItem","position":1,"name":"Home","item":"https:\/\/alegerglobal.com\/tr\/yeni-anasayfa\/"},{"@type":"ListItem","position":2,"name":"\u00dcr\u00fcnler","item":"https:\/\/alegerglobal.com\/tr\/ueruenler\/"},{"@type":"ListItem","position":3,"name":"Uvisan VRProM \u2013 Effiziente Hygiene, sichere Aufbewahrung &#038; Laden f\u00fcr gemeinsam genutzte Ger\u00e4te"}]},{"@type":"WebSite","@id":"https:\/\/alegerglobal.com\/tr\/#website","url":"https:\/\/alegerglobal.com\/tr\/","name":"ALEGER \u22c6 Augmented Reality","description":"Die besten Augmented Reality (AR) L\u00f6sungen der Welt.","publisher":{"@id":"https:\/\/alegerglobal.com\/tr\/#organization"},"potentialAction":[{"@type":"SearchAction","target":{"@type":"EntryPoint","urlTemplate":"https:\/\/alegerglobal.com\/tr\/?s={search_term_string}"},"query-input":{"@type":"PropertyValueSpecification","valueRequired":true,"valueName":"search_term_string"}}],"inLanguage":"tr"},{"@type":"Organization","@id":"https:\/\/alegerglobal.com\/tr\/#organization","name":"ALEGER \u22c6 Augmented Reality","url":"https:\/\/alegerglobal.com\/tr\/","logo":{"@type":"ImageObject","inLanguage":"tr","@id":"https:\/\/alegerglobal.com\/tr\/#\/schema\/logo\/image\/","url":"https:\/\/alegerglobal.com\/wp-content\/uploads\/2020\/12\/aleger-logo-quadrat.jpg","contentUrl":"https:\/\/alegerglobal.com\/wp-content\/uploads\/2020\/12\/aleger-logo-quadrat.jpg","width":200,"height":176,"caption":"ALEGER \u22c6 Augmented Reality"},"image":{"@id":"https:\/\/alegerglobal.com\/tr\/#\/schema\/logo\/image\/"}}]},"product_brand":"Getac","product_price_amount":"2168.99","product_price_currency":"EUR","og_availability":"instock","product_availability":"instock","product_condition":"new"},"_links":{"self":[{"href":"https:\/\/alegerglobal.com\/tr\/wp-json\/wp\/v2\/product\/51547","targetHints":{"allow":["GET"]}}],"collection":[{"href":"https:\/\/alegerglobal.com\/tr\/wp-json\/wp\/v2\/product"}],"about":[{"href":"https:\/\/alegerglobal.com\/tr\/wp-json\/wp\/v2\/types\/product"}],"replies":[{"embeddable":true,"href":"https:\/\/alegerglobal.com\/tr\/wp-json\/wp\/v2\/comments?post=51547"}],"version-history":[{"count":3,"href":"https:\/\/alegerglobal.com\/tr\/wp-json\/wp\/v2\/product\/51547\/revisions"}],"predecessor-version":[{"id":51628,"href":"https:\/\/alegerglobal.com\/tr\/wp-json\/wp\/v2\/product\/51547\/revisions\/51628"}],"wp:featuredmedia":[{"embeddable":true,"href":"https:\/\/alegerglobal.com\/tr\/wp-json\/wp\/v2\/media\/51586"}],"wp:attachment":[{"href":"https:\/\/alegerglobal.com\/tr\/wp-json\/wp\/v2\/media?parent=51547"}],"wp:term":[{"taxonomy":"product_brand","embeddable":true,"href":"https:\/\/alegerglobal.com\/tr\/wp-json\/wp\/v2\/product_brand?post=51547"},{"taxonomy":"product_cat","embeddable":true,"href":"https:\/\/alegerglobal.com\/tr\/wp-json\/wp\/v2\/product_cat?post=51547"},{"taxonomy":"product_tag","embeddable":true,"href":"https:\/\/alegerglobal.com\/tr\/wp-json\/wp\/v2\/product_tag?post=51547"}],"curies":[{"name":"wp","href":"https:\/\/api.w.org\/{rel}","templated":true}]}}