{"id":51357,"date":"2025-10-31T11:01:08","date_gmt":"2025-10-31T10:01:11","guid":{"rendered":"https:\/\/alegerglobal.com\/?post_type=product&#038;p=51357"},"modified":"2026-02-17T13:59:44","modified_gmt":"2026-02-17T12:59:44","slug":"realwear-navigator-500-ip66-mil-std-810-4-gb-ram-64-gb-854x480px-2600-mah-pil-android-11-kopie","status":"publish","type":"product","link":"https:\/\/alegerglobal.com\/tr\/shop-tr\/akilli-goezluekler\/realwear-navigator-500-ip66-mil-std-810-4-gb-ram-64-gb-854x480px-2600-mah-pil-android-11-kopie\/","title":{"rendered":"RealWear Arc 3 &#8211; End\u00fcstri ve \u00fcretim i\u00e7in veri g\u00f6zl\u00fc\u011f\u00fc ve MS Teams ile uzaktan uzman deste\u011fi"},"content":{"rendered":"","protected":false},"excerpt":{"rendered":"<h3 data-start=\"794\" data-end=\"869\">RealWear Arc 3 &#8211; A\u011f ba\u011flant\u0131l\u0131 end\u00fcstriyel \u00e7al\u0131\u015fmalar i\u00e7in ak\u0131ll\u0131 AR g\u00f6zl\u00fckleri<\/h3>\n<p data-start=\"871\" data-end=\"1071\"><strong data-start=\"875\" data-end=\"893\">RealWear Arc 3<\/strong>, g\u00fcvenlik, \u00fcretkenlik ve dijital i\u015fbirli\u011finin \u00e7ok \u00f6nemli oldu\u011fu end\u00fcstriyel uygulamalar i\u00e7in geli\u015ftirilmi\u015f en yeni nesil ak\u0131ll\u0131 veri g\u00f6zl\u00fc\u011f\u00fcd\u00fcr.<\/p>\n<p data-start=\"1073\" data-end=\"1440\"><strong data-start=\"1083\" data-end=\"1120\">\u015eeffaf mikro OLED ekran\u0131<\/strong>, sadece <strong data-start=\"1126\" data-end=\"1143\">175 g a\u011f\u0131rl\u0131\u011f\u0131<\/strong> ve g\u00fc\u00e7l\u00fc <strong data-start=\"1171\" data-end=\"1207\">\u00e7ift kamera sistemi (48 MP + 8 MP)<\/strong> ile Arc 3, en y\u00fcksek g\u00f6r\u00fcnt\u00fc kalitesini maksimum kullan\u0131m konforu ile birle\u015ftiriyor. Ses kontrol\u00fc, sa\u011flam tasar\u0131m\u0131 ve mevcut yaz\u0131l\u0131m \u00e7\u00f6z\u00fcmlerine ak\u0131ll\u0131 entegrasyonu, onu End\u00fcstri 4.0 uygulamalar\u0131 i\u00e7in m\u00fckemmel bir ara\u00e7 haline getiriyor.<\/p>\n<p data-start=\"1442\" data-end=\"1821\">Arc 3 \u00f6zellikle <strong data-start=\"1475\" data-end=\"1510\">uzaktan uzman deste\u011fi senaryolar\u0131nda<\/strong> g\u00fc\u00e7l\u00fcd\u00fcr:<br data-start=\"1511\" data-end=\"1514\" \/><strong data-start=\"1534\" data-end=\"1633\">Microsoft Teams, Zoom, Webex, Intoware WorkfloPlus ve di\u011fer i\u015f ak\u0131\u015f\u0131 \u00e7\u00f6z\u00fcmleriyle<\/strong> tam <strong data-start=\"1534\" data-end=\"1633\">uyumludur<\/strong>. Bu, profesyonellerin uzmanlarla canl\u0131 i\u015fbirli\u011fi yapmas\u0131na, video e\u011fitimlerini izlemesine veya dijital ad\u0131m ad\u0131m i\u015f ak\u0131\u015flar\u0131n\u0131 ger\u00e7ekle\u015ftirmesine olanak tan\u0131r &#8211; tamamen eller serbest ve net bir g\u00f6r\u00fc\u015f alan\u0131yla.<\/p>\n<p data-start=\"1823\" data-end=\"1997\">AR g\u00f6rselle\u015ftirme, ileti\u015fim ve dok\u00fcmantasyonun bu kombinasyonu Arc 3&#8217;\u00fc bak\u0131m, denetim, e\u011fitim ve kalite y\u00f6netimi i\u00e7in ideal bir ortak haline getiriyor.<\/p>\n","protected":false},"featured_media":51388,"comment_status":"open","ping_status":"closed","template":"","meta":{"_acf_changed":false},"product_brand":[],"product_cat":[2317,2318],"product_tag":[],"class_list":{"0":"post-51357","1":"product","2":"type-product","3":"status-publish","4":"has-post-thumbnail","6":"product_cat-akilli-goezluekler","7":"product_cat-shop-tr","8":"pa_hersteller-realwear-tr","10":"first","11":"instock","12":"taxable","13":"shipping-taxable","14":"purchasable","15":"product-type-simple"},"acf":[],"yoast_head":"<!-- This site is optimized with the Yoast SEO Premium plugin v20.10 (Yoast SEO v24.3) - https:\/\/yoast.com\/wordpress\/plugins\/seo\/ -->\n<title>RealWear Arc 3 - MS Teams ile ultra hafif AR ak\u0131ll\u0131 g\u00f6zl\u00fck<\/title>\n<meta name=\"description\" content=\"RealWear Arc 3: \u015feffaf mikro OLED ekran, \u00e7ift kamera 48 M, a\u011f\u0131rl\u0131k 175 g, bak\u0131m, \u00fcretim, MS Teams ile dijital i\u015f s\u00fcre\u00e7leri i\u00e7in ideal\" \/>\n<meta name=\"robots\" content=\"index, follow, max-snippet:-1, max-image-preview:large, max-video-preview:-1\" \/>\n<meta property=\"og:locale\" content=\"tr_TR\" \/>\n<meta property=\"og:type\" content=\"article\" \/>\n<meta property=\"og:title\" content=\"RealWear Arc 3 - End\u00fcstri ve \u00fcretim i\u00e7in veri g\u00f6zl\u00fc\u011f\u00fc ve MS Teams ile uzaktan uzman deste\u011fi\" \/>\n<meta property=\"og:description\" content=\"RealWear Arc 3: \u015feffaf mikro OLED ekran, \u00e7ift kamera 48 M, a\u011f\u0131rl\u0131k 175 g, bak\u0131m, \u00fcretim, MS Teams ile dijital i\u015f s\u00fcre\u00e7leri i\u00e7in ideal\" \/>\n<meta property=\"og:url\" content=\"https:\/\/alegerglobal.com\/tr\/shop-tr\/akilli-goezluekler\/realwear-navigator-500-ip66-mil-std-810-4-gb-ram-64-gb-854x480px-2600-mah-pil-android-11-kopie\/\" \/>\n<meta property=\"og:site_name\" content=\"ALEGER \u22c6 Augmented Reality\" \/>\n<meta property=\"article:modified_time\" content=\"2026-02-17T12:59:44+00:00\" \/>\n<meta property=\"og:image\" content=\"https:\/\/alegerglobal.com\/wp-content\/uploads\/2025\/10\/realwear-arc-3.png\" \/>\n\t<meta property=\"og:image:width\" content=\"800\" \/>\n\t<meta property=\"og:image:height\" content=\"800\" \/>\n\t<meta property=\"og:image:type\" content=\"image\/png\" \/>\n<meta name=\"twitter:card\" content=\"summary_large_image\" \/>\n<meta name=\"twitter:label1\" content=\"Fiyat\" \/>\n\t<meta name=\"twitter:data1\" content=\"&euro;2.233,31\" \/>\n\t<meta name=\"twitter:label2\" content=\"Durumu\" \/>\n\t<meta name=\"twitter:data2\" content=\"Stokta var\" \/>\n<script type=\"application\/ld+json\" class=\"yoast-schema-graph\">{\"@context\":\"https:\/\/schema.org\",\"@graph\":[{\"@type\":\"WebPage\",\"@id\":\"https:\/\/alegerglobal.com\/tr\/shop-tr\/akilli-goezluekler\/realwear-navigator-500-ip66-mil-std-810-4-gb-ram-64-gb-854x480px-2600-mah-pil-android-11-kopie\/\",\"url\":\"https:\/\/alegerglobal.com\/tr\/shop-tr\/akilli-goezluekler\/realwear-navigator-500-ip66-mil-std-810-4-gb-ram-64-gb-854x480px-2600-mah-pil-android-11-kopie\/\",\"name\":\"RealWear Arc 3 - MS Teams ile ultra hafif AR ak\u0131ll\u0131 g\u00f6zl\u00fck\",\"isPartOf\":{\"@id\":\"https:\/\/alegerglobal.com\/tr\/#website\"},\"primaryImageOfPage\":{\"@id\":\"https:\/\/alegerglobal.com\/tr\/shop-tr\/akilli-goezluekler\/realwear-navigator-500-ip66-mil-std-810-4-gb-ram-64-gb-854x480px-2600-mah-pil-android-11-kopie\/#primaryimage\"},\"image\":{\"@id\":\"https:\/\/alegerglobal.com\/tr\/shop-tr\/akilli-goezluekler\/realwear-navigator-500-ip66-mil-std-810-4-gb-ram-64-gb-854x480px-2600-mah-pil-android-11-kopie\/#primaryimage\"},\"thumbnailUrl\":\"https:\/\/alegerglobal.com\/wp-content\/uploads\/2025\/10\/realwear-arc-3.png\",\"datePublished\":\"2025-10-31T10:01:11+00:00\",\"dateModified\":\"2026-02-17T12:59:44+00:00\",\"description\":\"RealWear Arc 3: \u015feffaf mikro OLED ekran, \u00e7ift kamera 48 M, a\u011f\u0131rl\u0131k 175 g, bak\u0131m, \u00fcretim, MS Teams ile dijital i\u015f s\u00fcre\u00e7leri i\u00e7in ideal\",\"breadcrumb\":{\"@id\":\"https:\/\/alegerglobal.com\/tr\/shop-tr\/akilli-goezluekler\/realwear-navigator-500-ip66-mil-std-810-4-gb-ram-64-gb-854x480px-2600-mah-pil-android-11-kopie\/#breadcrumb\"},\"inLanguage\":\"tr\",\"potentialAction\":[{\"@type\":\"ReadAction\",\"target\":[\"https:\/\/alegerglobal.com\/tr\/shop-tr\/akilli-goezluekler\/realwear-navigator-500-ip66-mil-std-810-4-gb-ram-64-gb-854x480px-2600-mah-pil-android-11-kopie\/\"]}]},{\"@type\":\"ImageObject\",\"inLanguage\":\"tr\",\"@id\":\"https:\/\/alegerglobal.com\/tr\/shop-tr\/akilli-goezluekler\/realwear-navigator-500-ip66-mil-std-810-4-gb-ram-64-gb-854x480px-2600-mah-pil-android-11-kopie\/#primaryimage\",\"url\":\"https:\/\/alegerglobal.com\/wp-content\/uploads\/2025\/10\/realwear-arc-3.png\",\"contentUrl\":\"https:\/\/alegerglobal.com\/wp-content\/uploads\/2025\/10\/realwear-arc-3.png\",\"width\":800,\"height\":800},{\"@type\":\"BreadcrumbList\",\"@id\":\"https:\/\/alegerglobal.com\/tr\/shop-tr\/akilli-goezluekler\/realwear-navigator-500-ip66-mil-std-810-4-gb-ram-64-gb-854x480px-2600-mah-pil-android-11-kopie\/#breadcrumb\",\"itemListElement\":[{\"@type\":\"ListItem\",\"position\":1,\"name\":\"Home\",\"item\":\"https:\/\/alegerglobal.com\/tr\/yeni-anasayfa\/\"},{\"@type\":\"ListItem\",\"position\":2,\"name\":\"\u00dcr\u00fcnler\",\"item\":\"https:\/\/alegerglobal.com\/tr\/ueruenler\/\"},{\"@type\":\"ListItem\",\"position\":3,\"name\":\"RealWear Arc 3 &#8211; End\u00fcstri ve \u00fcretim i\u00e7in veri g\u00f6zl\u00fc\u011f\u00fc ve MS Teams ile uzaktan uzman deste\u011fi\"}]},{\"@type\":\"WebSite\",\"@id\":\"https:\/\/alegerglobal.com\/tr\/#website\",\"url\":\"https:\/\/alegerglobal.com\/tr\/\",\"name\":\"ALEGER \u22c6 Augmented Reality\",\"description\":\"Die besten Augmented Reality (AR) L\u00f6sungen der Welt.\",\"publisher\":{\"@id\":\"https:\/\/alegerglobal.com\/tr\/#organization\"},\"potentialAction\":[{\"@type\":\"SearchAction\",\"target\":{\"@type\":\"EntryPoint\",\"urlTemplate\":\"https:\/\/alegerglobal.com\/tr\/?s={search_term_string}\"},\"query-input\":{\"@type\":\"PropertyValueSpecification\",\"valueRequired\":true,\"valueName\":\"search_term_string\"}}],\"inLanguage\":\"tr\"},{\"@type\":\"Organization\",\"@id\":\"https:\/\/alegerglobal.com\/tr\/#organization\",\"name\":\"ALEGER \u22c6 Augmented Reality\",\"url\":\"https:\/\/alegerglobal.com\/tr\/\",\"logo\":{\"@type\":\"ImageObject\",\"inLanguage\":\"tr\",\"@id\":\"https:\/\/alegerglobal.com\/tr\/#\/schema\/logo\/image\/\",\"url\":\"https:\/\/alegerglobal.com\/wp-content\/uploads\/2020\/12\/aleger-logo-quadrat.jpg\",\"contentUrl\":\"https:\/\/alegerglobal.com\/wp-content\/uploads\/2020\/12\/aleger-logo-quadrat.jpg\",\"width\":200,\"height\":176,\"caption\":\"ALEGER \u22c6 Augmented Reality\"},\"image\":{\"@id\":\"https:\/\/alegerglobal.com\/tr\/#\/schema\/logo\/image\/\"}}]}<\/script>\n<meta property=\"product:brand\" content=\"RealWear\" \/>\n<meta property=\"product:price:amount\" content=\"2233.31\" \/>\n<meta property=\"product:price:currency\" content=\"EUR\" \/>\n<meta property=\"og:availability\" content=\"instock\" \/>\n<meta property=\"product:availability\" content=\"instock\" \/>\n<meta property=\"product:condition\" content=\"new\" \/>\n<!-- \/ Yoast SEO Premium plugin. -->","yoast_head_json":{"title":"RealWear Arc 3 - MS Teams ile ultra hafif AR ak\u0131ll\u0131 g\u00f6zl\u00fck","description":"RealWear Arc 3: \u015feffaf mikro OLED ekran, \u00e7ift kamera 48 M, a\u011f\u0131rl\u0131k 175 g, bak\u0131m, \u00fcretim, MS Teams ile dijital i\u015f s\u00fcre\u00e7leri i\u00e7in ideal","robots":{"index":"index","follow":"follow","max-snippet":"max-snippet:-1","max-image-preview":"max-image-preview:large","max-video-preview":"max-video-preview:-1"},"og_locale":"tr_TR","og_type":"article","og_title":"RealWear Arc 3 - End\u00fcstri ve \u00fcretim i\u00e7in veri g\u00f6zl\u00fc\u011f\u00fc ve MS Teams ile uzaktan uzman deste\u011fi","og_description":"RealWear Arc 3: \u015feffaf mikro OLED ekran, \u00e7ift kamera 48 M, a\u011f\u0131rl\u0131k 175 g, bak\u0131m, \u00fcretim, MS Teams ile dijital i\u015f s\u00fcre\u00e7leri i\u00e7in ideal","og_url":"https:\/\/alegerglobal.com\/tr\/shop-tr\/akilli-goezluekler\/realwear-navigator-500-ip66-mil-std-810-4-gb-ram-64-gb-854x480px-2600-mah-pil-android-11-kopie\/","og_site_name":"ALEGER \u22c6 Augmented Reality","article_modified_time":"2026-02-17T12:59:44+00:00","og_image":[{"width":800,"height":800,"url":"https:\/\/alegerglobal.com\/wp-content\/uploads\/2025\/10\/realwear-arc-3.png","type":"image\/png"}],"twitter_card":"summary_large_image","twitter_misc":{"Fiyat":"&euro;2.233,31","Durumu":"Stokta var"},"schema":{"@context":"https:\/\/schema.org","@graph":[{"@type":"WebPage","@id":"https:\/\/alegerglobal.com\/tr\/shop-tr\/akilli-goezluekler\/realwear-navigator-500-ip66-mil-std-810-4-gb-ram-64-gb-854x480px-2600-mah-pil-android-11-kopie\/","url":"https:\/\/alegerglobal.com\/tr\/shop-tr\/akilli-goezluekler\/realwear-navigator-500-ip66-mil-std-810-4-gb-ram-64-gb-854x480px-2600-mah-pil-android-11-kopie\/","name":"RealWear Arc 3 - MS Teams ile ultra hafif AR ak\u0131ll\u0131 g\u00f6zl\u00fck","isPartOf":{"@id":"https:\/\/alegerglobal.com\/tr\/#website"},"primaryImageOfPage":{"@id":"https:\/\/alegerglobal.com\/tr\/shop-tr\/akilli-goezluekler\/realwear-navigator-500-ip66-mil-std-810-4-gb-ram-64-gb-854x480px-2600-mah-pil-android-11-kopie\/#primaryimage"},"image":{"@id":"https:\/\/alegerglobal.com\/tr\/shop-tr\/akilli-goezluekler\/realwear-navigator-500-ip66-mil-std-810-4-gb-ram-64-gb-854x480px-2600-mah-pil-android-11-kopie\/#primaryimage"},"thumbnailUrl":"https:\/\/alegerglobal.com\/wp-content\/uploads\/2025\/10\/realwear-arc-3.png","datePublished":"2025-10-31T10:01:11+00:00","dateModified":"2026-02-17T12:59:44+00:00","description":"RealWear Arc 3: \u015feffaf mikro OLED ekran, \u00e7ift kamera 48 M, a\u011f\u0131rl\u0131k 175 g, bak\u0131m, \u00fcretim, MS Teams ile dijital i\u015f s\u00fcre\u00e7leri i\u00e7in ideal","breadcrumb":{"@id":"https:\/\/alegerglobal.com\/tr\/shop-tr\/akilli-goezluekler\/realwear-navigator-500-ip66-mil-std-810-4-gb-ram-64-gb-854x480px-2600-mah-pil-android-11-kopie\/#breadcrumb"},"inLanguage":"tr","potentialAction":[{"@type":"ReadAction","target":["https:\/\/alegerglobal.com\/tr\/shop-tr\/akilli-goezluekler\/realwear-navigator-500-ip66-mil-std-810-4-gb-ram-64-gb-854x480px-2600-mah-pil-android-11-kopie\/"]}]},{"@type":"ImageObject","inLanguage":"tr","@id":"https:\/\/alegerglobal.com\/tr\/shop-tr\/akilli-goezluekler\/realwear-navigator-500-ip66-mil-std-810-4-gb-ram-64-gb-854x480px-2600-mah-pil-android-11-kopie\/#primaryimage","url":"https:\/\/alegerglobal.com\/wp-content\/uploads\/2025\/10\/realwear-arc-3.png","contentUrl":"https:\/\/alegerglobal.com\/wp-content\/uploads\/2025\/10\/realwear-arc-3.png","width":800,"height":800},{"@type":"BreadcrumbList","@id":"https:\/\/alegerglobal.com\/tr\/shop-tr\/akilli-goezluekler\/realwear-navigator-500-ip66-mil-std-810-4-gb-ram-64-gb-854x480px-2600-mah-pil-android-11-kopie\/#breadcrumb","itemListElement":[{"@type":"ListItem","position":1,"name":"Home","item":"https:\/\/alegerglobal.com\/tr\/yeni-anasayfa\/"},{"@type":"ListItem","position":2,"name":"\u00dcr\u00fcnler","item":"https:\/\/alegerglobal.com\/tr\/ueruenler\/"},{"@type":"ListItem","position":3,"name":"RealWear Arc 3 &#8211; End\u00fcstri ve \u00fcretim i\u00e7in veri g\u00f6zl\u00fc\u011f\u00fc ve MS Teams ile uzaktan uzman deste\u011fi"}]},{"@type":"WebSite","@id":"https:\/\/alegerglobal.com\/tr\/#website","url":"https:\/\/alegerglobal.com\/tr\/","name":"ALEGER \u22c6 Augmented Reality","description":"Die besten Augmented Reality (AR) L\u00f6sungen der Welt.","publisher":{"@id":"https:\/\/alegerglobal.com\/tr\/#organization"},"potentialAction":[{"@type":"SearchAction","target":{"@type":"EntryPoint","urlTemplate":"https:\/\/alegerglobal.com\/tr\/?s={search_term_string}"},"query-input":{"@type":"PropertyValueSpecification","valueRequired":true,"valueName":"search_term_string"}}],"inLanguage":"tr"},{"@type":"Organization","@id":"https:\/\/alegerglobal.com\/tr\/#organization","name":"ALEGER \u22c6 Augmented Reality","url":"https:\/\/alegerglobal.com\/tr\/","logo":{"@type":"ImageObject","inLanguage":"tr","@id":"https:\/\/alegerglobal.com\/tr\/#\/schema\/logo\/image\/","url":"https:\/\/alegerglobal.com\/wp-content\/uploads\/2020\/12\/aleger-logo-quadrat.jpg","contentUrl":"https:\/\/alegerglobal.com\/wp-content\/uploads\/2020\/12\/aleger-logo-quadrat.jpg","width":200,"height":176,"caption":"ALEGER \u22c6 Augmented Reality"},"image":{"@id":"https:\/\/alegerglobal.com\/tr\/#\/schema\/logo\/image\/"}}]},"product_brand":"RealWear","product_price_amount":"2233.31","product_price_currency":"EUR","og_availability":"instock","product_availability":"instock","product_condition":"new"},"_links":{"self":[{"href":"https:\/\/alegerglobal.com\/tr\/wp-json\/wp\/v2\/product\/51357","targetHints":{"allow":["GET"]}}],"collection":[{"href":"https:\/\/alegerglobal.com\/tr\/wp-json\/wp\/v2\/product"}],"about":[{"href":"https:\/\/alegerglobal.com\/tr\/wp-json\/wp\/v2\/types\/product"}],"replies":[{"embeddable":true,"href":"https:\/\/alegerglobal.com\/tr\/wp-json\/wp\/v2\/comments?post=51357"}],"version-history":[{"count":3,"href":"https:\/\/alegerglobal.com\/tr\/wp-json\/wp\/v2\/product\/51357\/revisions"}],"predecessor-version":[{"id":52505,"href":"https:\/\/alegerglobal.com\/tr\/wp-json\/wp\/v2\/product\/51357\/revisions\/52505"}],"wp:featuredmedia":[{"embeddable":true,"href":"https:\/\/alegerglobal.com\/tr\/wp-json\/wp\/v2\/media\/51388"}],"wp:attachment":[{"href":"https:\/\/alegerglobal.com\/tr\/wp-json\/wp\/v2\/media?parent=51357"}],"wp:term":[{"taxonomy":"product_brand","embeddable":true,"href":"https:\/\/alegerglobal.com\/tr\/wp-json\/wp\/v2\/product_brand?post=51357"},{"taxonomy":"product_cat","embeddable":true,"href":"https:\/\/alegerglobal.com\/tr\/wp-json\/wp\/v2\/product_cat?post=51357"},{"taxonomy":"product_tag","embeddable":true,"href":"https:\/\/alegerglobal.com\/tr\/wp-json\/wp\/v2\/product_tag?post=51357"}],"curies":[{"name":"wp","href":"https:\/\/api.w.org\/{rel}","templated":true}]}}