{"id":50859,"date":"2025-10-09T22:10:29","date_gmt":"2025-10-09T21:10:33","guid":{"rendered":"https:\/\/alegerglobal.com\/?post_type=product&#038;p=50859"},"modified":"2026-03-19T18:46:52","modified_gmt":"2026-03-19T17:46:52","slug":"ecom-pad-ex-pro-01-p8-dz2-patlamaya-dayanikli-tablet-atex-zone-2-116-dokunmatik-ekran-windows-kopie-kopie-kopie-kopie-kopie-kopie-kopie-kopie-kopie-kopie-kopie","status":"publish","type":"product","link":"https:\/\/alegerglobal.com\/tr\/oelcuem-ve-kalibrasyon-teknolojisi\/ecom-pad-ex-pro-01-p8-dz2-patlamaya-dayanikli-tablet-atex-zone-2-116-dokunmatik-ekran-windows-kopie-kopie-kopie-kopie-kopie-kopie-kopie-kopie-kopie-kopie-kopie\/","title":{"rendered":"Ex-MP4 a &#8211; Patlama b\u00f6lgelerinde temass\u0131z s\u0131cakl\u0131k \u00f6l\u00e7\u00fcm\u00fc"},"content":{"rendered":"","protected":false},"excerpt":{"rendered":"<p data-start=\"729\" data-end=\"1073\"><strong data-start=\"733\" data-end=\"745\">Ex-MP4 a<\/strong>, potansiyel olarak patlay\u0131c\u0131 ortamlarda (B\u00f6lge 1) kullan\u0131lmak \u00fczere geli\u015ftirilmi\u015f sa\u011flam, kendinden emniyetli bir k\u0131z\u0131l\u00f6tesi s\u0131cakl\u0131k \u00f6l\u00e7\u00fcm cihaz\u0131d\u0131r. Test nesnesine dokunma veya nesneyi etkileme riski olmadan, ula\u015f\u0131lmas\u0131 zor veya hareketli nesnelerde bile g\u00fcvenilir, temass\u0131z s\u0131cakl\u0131k \u00f6l\u00e7\u00fcmlerine olanak tan\u0131r.<\/p>\n<p data-start=\"1075\" data-end=\"1448\">Entegre <strong data-start=\"1097\" data-end=\"1118\">lazer hedefleme noktas\u0131<\/strong> ve karma\u015f\u0131k olmayan kullan\u0131m sayesinde hedefe h\u0131zl\u0131 bir \u015fekilde odaklan\u0131labilir. Cihaz, geni\u015f bir s\u0131cakl\u0131k aral\u0131\u011f\u0131nda g\u00fcvenilir bir \u015fekilde \u00f6l\u00e7\u00fcm yapar ve k\u0131sa bir tepki s\u00fcresiyle hassas sonu\u00e7lar verir. Ayr\u0131ca agresif veya kritik y\u00fczeylere sahip malzemelerin temas veya termal stres olmadan \u00f6l\u00e7\u00fclmesi i\u00e7in de uygundur.<\/p>\n","protected":false},"featured_media":50789,"comment_status":"open","ping_status":"closed","template":"","meta":{"_acf_changed":false},"product_brand":[],"product_cat":[2319,2615,2318],"product_tag":[],"class_list":{"0":"post-50859","1":"product","2":"type-product","3":"status-publish","4":"has-post-thumbnail","6":"product_cat-atex-tr","7":"product_cat-oelcuem-ve-kalibrasyon-teknolojisi","8":"product_cat-shop-tr","10":"first","11":"instock","12":"taxable","13":"shipping-taxable","14":"purchasable","15":"product-type-simple"},"acf":[],"yoast_head":"<!-- This site is optimized with the Yoast SEO Premium plugin v20.10 (Yoast SEO v24.3) - https:\/\/yoast.com\/wordpress\/plugins\/seo\/ -->\n<title>Ex-MP4 a - B\u00f6lge 1 i\u00e7in k\u0131z\u0131l\u00f6tesi s\u0131cakl\u0131k \u00f6l\u00e7\u00fcm cihaz\u0131<\/title>\n<meta name=\"description\" content=\"Ex-MP4 a, B\u00f6lge 1&#039;de kullan\u0131m i\u00e7in temass\u0131z, kendinden emniyetli bir IR termometredir. \u00d6l\u00e7\u00fcm aral\u0131\u011f\u0131 -18 \u00b0C ila +400 \u00b0C\" \/>\n<meta name=\"robots\" content=\"index, follow, max-snippet:-1, max-image-preview:large, max-video-preview:-1\" \/>\n<meta property=\"og:locale\" content=\"tr_TR\" \/>\n<meta property=\"og:type\" content=\"article\" \/>\n<meta property=\"og:title\" content=\"Ex-MP4 a - Patlama b\u00f6lgelerinde temass\u0131z s\u0131cakl\u0131k \u00f6l\u00e7\u00fcm\u00fc\" \/>\n<meta property=\"og:description\" content=\"Ex-MP4 a, B\u00f6lge 1&#039;de kullan\u0131m i\u00e7in temass\u0131z, kendinden emniyetli bir IR termometredir. \u00d6l\u00e7\u00fcm aral\u0131\u011f\u0131 -18 \u00b0C ila +400 \u00b0C\" \/>\n<meta property=\"og:url\" content=\"https:\/\/alegerglobal.com\/tr\/oelcuem-ve-kalibrasyon-teknolojisi\/ecom-pad-ex-pro-01-p8-dz2-patlamaya-dayanikli-tablet-atex-zone-2-116-dokunmatik-ekran-windows-kopie-kopie-kopie-kopie-kopie-kopie-kopie-kopie-kopie-kopie-kopie\/\" \/>\n<meta property=\"og:site_name\" content=\"ALEGER \u22c6 Augmented Reality\" \/>\n<meta property=\"article:modified_time\" content=\"2026-03-19T17:46:52+00:00\" \/>\n<meta property=\"og:image\" content=\"https:\/\/alegerglobal.com\/wp-content\/uploads\/2025\/10\/Ex-MP4-a.png\" \/>\n\t<meta property=\"og:image:width\" content=\"800\" \/>\n\t<meta property=\"og:image:height\" content=\"800\" \/>\n\t<meta property=\"og:image:type\" content=\"image\/png\" \/>\n<meta name=\"twitter:card\" content=\"summary_large_image\" \/>\n<meta name=\"twitter:label1\" content=\"Fiyat\" \/>\n\t<meta name=\"twitter:data1\" content=\"&euro;4.249,00\" \/>\n\t<meta name=\"twitter:label2\" content=\"Durumu\" \/>\n\t<meta name=\"twitter:data2\" content=\"Stokta var\" \/>\n<script type=\"application\/ld+json\" class=\"yoast-schema-graph\">{\"@context\":\"https:\/\/schema.org\",\"@graph\":[{\"@type\":\"WebPage\",\"@id\":\"https:\/\/alegerglobal.com\/tr\/oelcuem-ve-kalibrasyon-teknolojisi\/ecom-pad-ex-pro-01-p8-dz2-patlamaya-dayanikli-tablet-atex-zone-2-116-dokunmatik-ekran-windows-kopie-kopie-kopie-kopie-kopie-kopie-kopie-kopie-kopie-kopie-kopie\/\",\"url\":\"https:\/\/alegerglobal.com\/tr\/oelcuem-ve-kalibrasyon-teknolojisi\/ecom-pad-ex-pro-01-p8-dz2-patlamaya-dayanikli-tablet-atex-zone-2-116-dokunmatik-ekran-windows-kopie-kopie-kopie-kopie-kopie-kopie-kopie-kopie-kopie-kopie-kopie\/\",\"name\":\"Ex-MP4 a - B\u00f6lge 1 i\u00e7in k\u0131z\u0131l\u00f6tesi s\u0131cakl\u0131k \u00f6l\u00e7\u00fcm cihaz\u0131\",\"isPartOf\":{\"@id\":\"https:\/\/alegerglobal.com\/tr\/#website\"},\"primaryImageOfPage\":{\"@id\":\"https:\/\/alegerglobal.com\/tr\/oelcuem-ve-kalibrasyon-teknolojisi\/ecom-pad-ex-pro-01-p8-dz2-patlamaya-dayanikli-tablet-atex-zone-2-116-dokunmatik-ekran-windows-kopie-kopie-kopie-kopie-kopie-kopie-kopie-kopie-kopie-kopie-kopie\/#primaryimage\"},\"image\":{\"@id\":\"https:\/\/alegerglobal.com\/tr\/oelcuem-ve-kalibrasyon-teknolojisi\/ecom-pad-ex-pro-01-p8-dz2-patlamaya-dayanikli-tablet-atex-zone-2-116-dokunmatik-ekran-windows-kopie-kopie-kopie-kopie-kopie-kopie-kopie-kopie-kopie-kopie-kopie\/#primaryimage\"},\"thumbnailUrl\":\"https:\/\/alegerglobal.com\/wp-content\/uploads\/2025\/10\/Ex-MP4-a.png\",\"datePublished\":\"2025-10-09T21:10:33+00:00\",\"dateModified\":\"2026-03-19T17:46:52+00:00\",\"description\":\"Ex-MP4 a, B\u00f6lge 1'de kullan\u0131m i\u00e7in temass\u0131z, kendinden emniyetli bir IR termometredir. \u00d6l\u00e7\u00fcm aral\u0131\u011f\u0131 -18 \u00b0C ila +400 \u00b0C\",\"breadcrumb\":{\"@id\":\"https:\/\/alegerglobal.com\/tr\/oelcuem-ve-kalibrasyon-teknolojisi\/ecom-pad-ex-pro-01-p8-dz2-patlamaya-dayanikli-tablet-atex-zone-2-116-dokunmatik-ekran-windows-kopie-kopie-kopie-kopie-kopie-kopie-kopie-kopie-kopie-kopie-kopie\/#breadcrumb\"},\"inLanguage\":\"tr\",\"potentialAction\":[{\"@type\":\"ReadAction\",\"target\":[\"https:\/\/alegerglobal.com\/tr\/oelcuem-ve-kalibrasyon-teknolojisi\/ecom-pad-ex-pro-01-p8-dz2-patlamaya-dayanikli-tablet-atex-zone-2-116-dokunmatik-ekran-windows-kopie-kopie-kopie-kopie-kopie-kopie-kopie-kopie-kopie-kopie-kopie\/\"]}]},{\"@type\":\"ImageObject\",\"inLanguage\":\"tr\",\"@id\":\"https:\/\/alegerglobal.com\/tr\/oelcuem-ve-kalibrasyon-teknolojisi\/ecom-pad-ex-pro-01-p8-dz2-patlamaya-dayanikli-tablet-atex-zone-2-116-dokunmatik-ekran-windows-kopie-kopie-kopie-kopie-kopie-kopie-kopie-kopie-kopie-kopie-kopie\/#primaryimage\",\"url\":\"https:\/\/alegerglobal.com\/wp-content\/uploads\/2025\/10\/Ex-MP4-a.png\",\"contentUrl\":\"https:\/\/alegerglobal.com\/wp-content\/uploads\/2025\/10\/Ex-MP4-a.png\",\"width\":800,\"height\":800},{\"@type\":\"BreadcrumbList\",\"@id\":\"https:\/\/alegerglobal.com\/tr\/oelcuem-ve-kalibrasyon-teknolojisi\/ecom-pad-ex-pro-01-p8-dz2-patlamaya-dayanikli-tablet-atex-zone-2-116-dokunmatik-ekran-windows-kopie-kopie-kopie-kopie-kopie-kopie-kopie-kopie-kopie-kopie-kopie\/#breadcrumb\",\"itemListElement\":[{\"@type\":\"ListItem\",\"position\":1,\"name\":\"Home\",\"item\":\"https:\/\/alegerglobal.com\/tr\/yeni-anasayfa\/\"},{\"@type\":\"ListItem\",\"position\":2,\"name\":\"\u00dcr\u00fcnler\",\"item\":\"https:\/\/alegerglobal.com\/tr\/ueruenler\/\"},{\"@type\":\"ListItem\",\"position\":3,\"name\":\"Ex-MP4 a &#8211; Patlama b\u00f6lgelerinde temass\u0131z s\u0131cakl\u0131k \u00f6l\u00e7\u00fcm\u00fc\"}]},{\"@type\":\"WebSite\",\"@id\":\"https:\/\/alegerglobal.com\/tr\/#website\",\"url\":\"https:\/\/alegerglobal.com\/tr\/\",\"name\":\"ALEGER \u22c6 Augmented Reality\",\"description\":\"Die besten Augmented Reality (AR) L\u00f6sungen der Welt.\",\"publisher\":{\"@id\":\"https:\/\/alegerglobal.com\/tr\/#organization\"},\"potentialAction\":[{\"@type\":\"SearchAction\",\"target\":{\"@type\":\"EntryPoint\",\"urlTemplate\":\"https:\/\/alegerglobal.com\/tr\/?s={search_term_string}\"},\"query-input\":{\"@type\":\"PropertyValueSpecification\",\"valueRequired\":true,\"valueName\":\"search_term_string\"}}],\"inLanguage\":\"tr\"},{\"@type\":\"Organization\",\"@id\":\"https:\/\/alegerglobal.com\/tr\/#organization\",\"name\":\"ALEGER \u22c6 Augmented Reality\",\"url\":\"https:\/\/alegerglobal.com\/tr\/\",\"logo\":{\"@type\":\"ImageObject\",\"inLanguage\":\"tr\",\"@id\":\"https:\/\/alegerglobal.com\/tr\/#\/schema\/logo\/image\/\",\"url\":\"https:\/\/alegerglobal.com\/wp-content\/uploads\/2020\/12\/aleger-logo-quadrat.jpg\",\"contentUrl\":\"https:\/\/alegerglobal.com\/wp-content\/uploads\/2020\/12\/aleger-logo-quadrat.jpg\",\"width\":200,\"height\":176,\"caption\":\"ALEGER \u22c6 Augmented Reality\"},\"image\":{\"@id\":\"https:\/\/alegerglobal.com\/tr\/#\/schema\/logo\/image\/\"}}]}<\/script>\n<meta property=\"product:price:amount\" content=\"4249.00\" \/>\n<meta property=\"product:price:currency\" content=\"EUR\" \/>\n<meta property=\"og:availability\" content=\"instock\" \/>\n<meta property=\"product:availability\" content=\"instock\" \/>\n<meta property=\"product:condition\" content=\"new\" \/>\n<!-- \/ Yoast SEO Premium plugin. -->","yoast_head_json":{"title":"Ex-MP4 a - B\u00f6lge 1 i\u00e7in k\u0131z\u0131l\u00f6tesi s\u0131cakl\u0131k \u00f6l\u00e7\u00fcm cihaz\u0131","description":"Ex-MP4 a, B\u00f6lge 1'de kullan\u0131m i\u00e7in temass\u0131z, kendinden emniyetli bir IR termometredir. \u00d6l\u00e7\u00fcm aral\u0131\u011f\u0131 -18 \u00b0C ila +400 \u00b0C","robots":{"index":"index","follow":"follow","max-snippet":"max-snippet:-1","max-image-preview":"max-image-preview:large","max-video-preview":"max-video-preview:-1"},"og_locale":"tr_TR","og_type":"article","og_title":"Ex-MP4 a - Patlama b\u00f6lgelerinde temass\u0131z s\u0131cakl\u0131k \u00f6l\u00e7\u00fcm\u00fc","og_description":"Ex-MP4 a, B\u00f6lge 1'de kullan\u0131m i\u00e7in temass\u0131z, kendinden emniyetli bir IR termometredir. \u00d6l\u00e7\u00fcm aral\u0131\u011f\u0131 -18 \u00b0C ila +400 \u00b0C","og_url":"https:\/\/alegerglobal.com\/tr\/oelcuem-ve-kalibrasyon-teknolojisi\/ecom-pad-ex-pro-01-p8-dz2-patlamaya-dayanikli-tablet-atex-zone-2-116-dokunmatik-ekran-windows-kopie-kopie-kopie-kopie-kopie-kopie-kopie-kopie-kopie-kopie-kopie\/","og_site_name":"ALEGER \u22c6 Augmented Reality","article_modified_time":"2026-03-19T17:46:52+00:00","og_image":[{"width":800,"height":800,"url":"https:\/\/alegerglobal.com\/wp-content\/uploads\/2025\/10\/Ex-MP4-a.png","type":"image\/png"}],"twitter_card":"summary_large_image","twitter_misc":{"Fiyat":"&euro;4.249,00","Durumu":"Stokta var"},"schema":{"@context":"https:\/\/schema.org","@graph":[{"@type":"WebPage","@id":"https:\/\/alegerglobal.com\/tr\/oelcuem-ve-kalibrasyon-teknolojisi\/ecom-pad-ex-pro-01-p8-dz2-patlamaya-dayanikli-tablet-atex-zone-2-116-dokunmatik-ekran-windows-kopie-kopie-kopie-kopie-kopie-kopie-kopie-kopie-kopie-kopie-kopie\/","url":"https:\/\/alegerglobal.com\/tr\/oelcuem-ve-kalibrasyon-teknolojisi\/ecom-pad-ex-pro-01-p8-dz2-patlamaya-dayanikli-tablet-atex-zone-2-116-dokunmatik-ekran-windows-kopie-kopie-kopie-kopie-kopie-kopie-kopie-kopie-kopie-kopie-kopie\/","name":"Ex-MP4 a - B\u00f6lge 1 i\u00e7in k\u0131z\u0131l\u00f6tesi s\u0131cakl\u0131k \u00f6l\u00e7\u00fcm cihaz\u0131","isPartOf":{"@id":"https:\/\/alegerglobal.com\/tr\/#website"},"primaryImageOfPage":{"@id":"https:\/\/alegerglobal.com\/tr\/oelcuem-ve-kalibrasyon-teknolojisi\/ecom-pad-ex-pro-01-p8-dz2-patlamaya-dayanikli-tablet-atex-zone-2-116-dokunmatik-ekran-windows-kopie-kopie-kopie-kopie-kopie-kopie-kopie-kopie-kopie-kopie-kopie\/#primaryimage"},"image":{"@id":"https:\/\/alegerglobal.com\/tr\/oelcuem-ve-kalibrasyon-teknolojisi\/ecom-pad-ex-pro-01-p8-dz2-patlamaya-dayanikli-tablet-atex-zone-2-116-dokunmatik-ekran-windows-kopie-kopie-kopie-kopie-kopie-kopie-kopie-kopie-kopie-kopie-kopie\/#primaryimage"},"thumbnailUrl":"https:\/\/alegerglobal.com\/wp-content\/uploads\/2025\/10\/Ex-MP4-a.png","datePublished":"2025-10-09T21:10:33+00:00","dateModified":"2026-03-19T17:46:52+00:00","description":"Ex-MP4 a, B\u00f6lge 1'de kullan\u0131m i\u00e7in temass\u0131z, kendinden emniyetli bir IR termometredir. \u00d6l\u00e7\u00fcm aral\u0131\u011f\u0131 -18 \u00b0C ila +400 \u00b0C","breadcrumb":{"@id":"https:\/\/alegerglobal.com\/tr\/oelcuem-ve-kalibrasyon-teknolojisi\/ecom-pad-ex-pro-01-p8-dz2-patlamaya-dayanikli-tablet-atex-zone-2-116-dokunmatik-ekran-windows-kopie-kopie-kopie-kopie-kopie-kopie-kopie-kopie-kopie-kopie-kopie\/#breadcrumb"},"inLanguage":"tr","potentialAction":[{"@type":"ReadAction","target":["https:\/\/alegerglobal.com\/tr\/oelcuem-ve-kalibrasyon-teknolojisi\/ecom-pad-ex-pro-01-p8-dz2-patlamaya-dayanikli-tablet-atex-zone-2-116-dokunmatik-ekran-windows-kopie-kopie-kopie-kopie-kopie-kopie-kopie-kopie-kopie-kopie-kopie\/"]}]},{"@type":"ImageObject","inLanguage":"tr","@id":"https:\/\/alegerglobal.com\/tr\/oelcuem-ve-kalibrasyon-teknolojisi\/ecom-pad-ex-pro-01-p8-dz2-patlamaya-dayanikli-tablet-atex-zone-2-116-dokunmatik-ekran-windows-kopie-kopie-kopie-kopie-kopie-kopie-kopie-kopie-kopie-kopie-kopie\/#primaryimage","url":"https:\/\/alegerglobal.com\/wp-content\/uploads\/2025\/10\/Ex-MP4-a.png","contentUrl":"https:\/\/alegerglobal.com\/wp-content\/uploads\/2025\/10\/Ex-MP4-a.png","width":800,"height":800},{"@type":"BreadcrumbList","@id":"https:\/\/alegerglobal.com\/tr\/oelcuem-ve-kalibrasyon-teknolojisi\/ecom-pad-ex-pro-01-p8-dz2-patlamaya-dayanikli-tablet-atex-zone-2-116-dokunmatik-ekran-windows-kopie-kopie-kopie-kopie-kopie-kopie-kopie-kopie-kopie-kopie-kopie\/#breadcrumb","itemListElement":[{"@type":"ListItem","position":1,"name":"Home","item":"https:\/\/alegerglobal.com\/tr\/yeni-anasayfa\/"},{"@type":"ListItem","position":2,"name":"\u00dcr\u00fcnler","item":"https:\/\/alegerglobal.com\/tr\/ueruenler\/"},{"@type":"ListItem","position":3,"name":"Ex-MP4 a &#8211; Patlama b\u00f6lgelerinde temass\u0131z s\u0131cakl\u0131k \u00f6l\u00e7\u00fcm\u00fc"}]},{"@type":"WebSite","@id":"https:\/\/alegerglobal.com\/tr\/#website","url":"https:\/\/alegerglobal.com\/tr\/","name":"ALEGER \u22c6 Augmented Reality","description":"Die besten Augmented Reality (AR) L\u00f6sungen der Welt.","publisher":{"@id":"https:\/\/alegerglobal.com\/tr\/#organization"},"potentialAction":[{"@type":"SearchAction","target":{"@type":"EntryPoint","urlTemplate":"https:\/\/alegerglobal.com\/tr\/?s={search_term_string}"},"query-input":{"@type":"PropertyValueSpecification","valueRequired":true,"valueName":"search_term_string"}}],"inLanguage":"tr"},{"@type":"Organization","@id":"https:\/\/alegerglobal.com\/tr\/#organization","name":"ALEGER \u22c6 Augmented Reality","url":"https:\/\/alegerglobal.com\/tr\/","logo":{"@type":"ImageObject","inLanguage":"tr","@id":"https:\/\/alegerglobal.com\/tr\/#\/schema\/logo\/image\/","url":"https:\/\/alegerglobal.com\/wp-content\/uploads\/2020\/12\/aleger-logo-quadrat.jpg","contentUrl":"https:\/\/alegerglobal.com\/wp-content\/uploads\/2020\/12\/aleger-logo-quadrat.jpg","width":200,"height":176,"caption":"ALEGER \u22c6 Augmented Reality"},"image":{"@id":"https:\/\/alegerglobal.com\/tr\/#\/schema\/logo\/image\/"}}]},"product_price_amount":"4249.00","product_price_currency":"EUR","og_availability":"instock","product_availability":"instock","product_condition":"new"},"_links":{"self":[{"href":"https:\/\/alegerglobal.com\/tr\/wp-json\/wp\/v2\/product\/50859","targetHints":{"allow":["GET"]}}],"collection":[{"href":"https:\/\/alegerglobal.com\/tr\/wp-json\/wp\/v2\/product"}],"about":[{"href":"https:\/\/alegerglobal.com\/tr\/wp-json\/wp\/v2\/types\/product"}],"replies":[{"embeddable":true,"href":"https:\/\/alegerglobal.com\/tr\/wp-json\/wp\/v2\/comments?post=50859"}],"version-history":[{"count":3,"href":"https:\/\/alegerglobal.com\/tr\/wp-json\/wp\/v2\/product\/50859\/revisions"}],"predecessor-version":[{"id":53892,"href":"https:\/\/alegerglobal.com\/tr\/wp-json\/wp\/v2\/product\/50859\/revisions\/53892"}],"wp:featuredmedia":[{"embeddable":true,"href":"https:\/\/alegerglobal.com\/tr\/wp-json\/wp\/v2\/media\/50789"}],"wp:attachment":[{"href":"https:\/\/alegerglobal.com\/tr\/wp-json\/wp\/v2\/media?parent=50859"}],"wp:term":[{"taxonomy":"product_brand","embeddable":true,"href":"https:\/\/alegerglobal.com\/tr\/wp-json\/wp\/v2\/product_brand?post=50859"},{"taxonomy":"product_cat","embeddable":true,"href":"https:\/\/alegerglobal.com\/tr\/wp-json\/wp\/v2\/product_cat?post=50859"},{"taxonomy":"product_tag","embeddable":true,"href":"https:\/\/alegerglobal.com\/tr\/wp-json\/wp\/v2\/product_tag?post=50859"}],"curies":[{"name":"wp","href":"https:\/\/api.w.org\/{rel}","templated":true}]}}