{"id":50502,"date":"2025-10-09T20:59:04","date_gmt":"2025-10-09T19:59:04","guid":{"rendered":"https:\/\/alegerglobal.com\/?post_type=product&#038;p=50502"},"modified":"2025-10-09T21:21:33","modified_gmt":"2025-10-09T20:21:33","slug":"lite-ex-pl-10e-h","status":"publish","type":"product","link":"https:\/\/alegerglobal.com\/tr\/shop\/atex\/mobile-leuchten\/lite-ex-pl-10e-h\/","title":{"rendered":"Lite-Ex\u00ae PL 10e H \u2013 Stirnlampe f\u00fcr gef\u00e4hrliche Arbeitsbereiche"},"content":{"rendered":"","protected":false},"excerpt":{"rendered":"<p data-start=\"735\" data-end=\"1183\">Die <strong data-start=\"739\" data-end=\"760\">Lite-Ex\u00ae PL 10e H<\/strong> ist eine eigensichere <strong data-start=\"783\" data-end=\"801\">LED-Stirnlampe<\/strong>, ausgelegt f\u00fcr den Einsatz in <strong data-start=\"832\" data-end=\"852\">Zone 0 \/ Zone 20<\/strong> (Gas- und Staubatmosph\u00e4ren). Sie basiert auf der bew\u00e4hrten <strong data-start=\"912\" data-end=\"931\">Lite-Ex\u00ae PL 10e<\/strong> Taschenlampenversion und \u00fcbernimmt deren Leistungsmerkmale, wie Ring-Schalter, Schutzklasse, Lichtleistung und Robustheit \u2013 erweitert um die Montage auf Helmen mit verstellbarem Winkel und rutschfestem Kopfband.<\/p>\n<p data-start=\"1185\" data-end=\"1400\">Dank der <strong data-start=\"1194\" data-end=\"1220\">zwei w\u00e4hlbaren Optiken<\/strong> (6\u00b0 oder 25\u00b0 Streuwinkel) kann der Lichtkegel je nach Anwendung angepasst werden \u2013 ob punktgenaue Ausleuchtung oder breiteres Nahfeldlicht.<\/p>\n<p data-start=\"1402\" data-end=\"1633\">Das Stirnband ist so gestaltet, dass es selbst auf Helmen sicher sitzt und auch bei Feuchtigkeit nicht verrutscht. Der Winkel der Leuchte l\u00e4sst sich optimal auf den Arbeitsbereich ausrichten.<\/p>\n","protected":false},"featured_media":50542,"comment_status":"open","ping_status":"closed","template":"","meta":{"_acf_changed":false},"product_brand":[],"product_cat":[2607,51,39],"product_tag":[],"class_list":{"0":"post-50502","1":"product","2":"type-product","3":"status-publish","4":"has-post-thumbnail","6":"product_cat-mobile-leuchten","7":"product_cat-shop","8":"product_cat-atex","10":"first","11":"instock","12":"taxable","13":"shipping-taxable","14":"purchasable","15":"product-type-simple"},"acf":[],"yoast_head":"<!-- This site is optimized with the Yoast SEO Premium plugin v20.10 (Yoast SEO v24.3) - https:\/\/yoast.com\/wordpress\/plugins\/seo\/ -->\n<title>Lite-Ex\u00ae PL 10e \u2013 Stirnlampe f\u00fcr Zone 0\/20 mit Hochleistungs-LED<\/title>\n<meta name=\"description\" content=\"Die Lite-Ex\u00ae PL 10e: eine ATEX zertifizierte Stirnlampe (Zone 0\/20) ca. 55 h Laufzeit, IP65\/IP67 \u2013 ideal f\u00fcr Ex-Eins\u00e4tze mit freih\u00e4ndiger Beleuchtung.\" \/>\n<meta name=\"robots\" content=\"index, follow, max-snippet:-1, max-image-preview:large, max-video-preview:-1\" \/>\n<meta property=\"og:locale\" content=\"tr_TR\" \/>\n<meta property=\"og:type\" content=\"article\" \/>\n<meta property=\"og:title\" content=\"Lite-Ex\u00ae PL 10e H \u2013 Stirnlampe f\u00fcr gef\u00e4hrliche Arbeitsbereiche\" \/>\n<meta property=\"og:description\" content=\"Die Lite-Ex\u00ae PL 10e: eine ATEX zertifizierte Stirnlampe (Zone 0\/20) ca. 55 h Laufzeit, IP65\/IP67 \u2013 ideal f\u00fcr Ex-Eins\u00e4tze mit freih\u00e4ndiger Beleuchtung.\" \/>\n<meta property=\"og:url\" content=\"https:\/\/alegerglobal.com\/tr\/shop\/atex\/mobile-leuchten\/lite-ex-pl-10e-h\/\" \/>\n<meta property=\"og:site_name\" content=\"ALEGER \u22c6 Augmented Reality\" \/>\n<meta property=\"article:modified_time\" content=\"2025-10-09T20:21:33+00:00\" \/>\n<meta property=\"og:image\" content=\"https:\/\/alegerglobal.com\/wp-content\/uploads\/2025\/10\/Lite-Ex\u00ae-PL-10e-H.png\" \/>\n\t<meta property=\"og:image:width\" content=\"800\" \/>\n\t<meta property=\"og:image:height\" content=\"800\" \/>\n\t<meta property=\"og:image:type\" content=\"image\/png\" \/>\n<meta name=\"twitter:card\" content=\"summary_large_image\" \/>\n<meta name=\"twitter:label1\" content=\"Fiyat\" \/>\n\t<meta name=\"twitter:data1\" content=\"&euro;4.249,00\" \/>\n\t<meta name=\"twitter:label2\" content=\"Durumu\" \/>\n\t<meta name=\"twitter:data2\" content=\"Stokta var\" \/>\n<script type=\"application\/ld+json\" class=\"yoast-schema-graph\">{\"@context\":\"https:\/\/schema.org\",\"@graph\":[{\"@type\":\"WebPage\",\"@id\":\"https:\/\/alegerglobal.com\/tr\/shop\/atex\/mobile-leuchten\/lite-ex-pl-10e-h\/\",\"url\":\"https:\/\/alegerglobal.com\/tr\/shop\/atex\/mobile-leuchten\/lite-ex-pl-10e-h\/\",\"name\":\"Lite-Ex\u00ae PL 10e \u2013 Stirnlampe f\u00fcr Zone 0\/20 mit Hochleistungs-LED\",\"isPartOf\":{\"@id\":\"https:\/\/alegerglobal.com\/tr\/#website\"},\"primaryImageOfPage\":{\"@id\":\"https:\/\/alegerglobal.com\/tr\/shop\/atex\/mobile-leuchten\/lite-ex-pl-10e-h\/#primaryimage\"},\"image\":{\"@id\":\"https:\/\/alegerglobal.com\/tr\/shop\/atex\/mobile-leuchten\/lite-ex-pl-10e-h\/#primaryimage\"},\"thumbnailUrl\":\"https:\/\/alegerglobal.com\/wp-content\/uploads\/2025\/10\/Lite-Ex\u00ae-PL-10e-H.png\",\"datePublished\":\"2025-10-09T19:59:04+00:00\",\"dateModified\":\"2025-10-09T20:21:33+00:00\",\"description\":\"Die Lite-Ex\u00ae PL 10e: eine ATEX zertifizierte Stirnlampe (Zone 0\/20) ca. 55 h Laufzeit, IP65\/IP67 \u2013 ideal f\u00fcr Ex-Eins\u00e4tze mit freih\u00e4ndiger Beleuchtung.\",\"breadcrumb\":{\"@id\":\"https:\/\/alegerglobal.com\/tr\/shop\/atex\/mobile-leuchten\/lite-ex-pl-10e-h\/#breadcrumb\"},\"inLanguage\":\"tr\",\"potentialAction\":[{\"@type\":\"ReadAction\",\"target\":[\"https:\/\/alegerglobal.com\/tr\/shop\/atex\/mobile-leuchten\/lite-ex-pl-10e-h\/\"]}]},{\"@type\":\"ImageObject\",\"inLanguage\":\"tr\",\"@id\":\"https:\/\/alegerglobal.com\/tr\/shop\/atex\/mobile-leuchten\/lite-ex-pl-10e-h\/#primaryimage\",\"url\":\"https:\/\/alegerglobal.com\/wp-content\/uploads\/2025\/10\/Lite-Ex\u00ae-PL-10e-H.png\",\"contentUrl\":\"https:\/\/alegerglobal.com\/wp-content\/uploads\/2025\/10\/Lite-Ex\u00ae-PL-10e-H.png\",\"width\":800,\"height\":800},{\"@type\":\"BreadcrumbList\",\"@id\":\"https:\/\/alegerglobal.com\/tr\/shop\/atex\/mobile-leuchten\/lite-ex-pl-10e-h\/#breadcrumb\",\"itemListElement\":[{\"@type\":\"ListItem\",\"position\":1,\"name\":\"Home\",\"item\":\"https:\/\/alegerglobal.com\/tr\/yeni-anasayfa\/\"},{\"@type\":\"ListItem\",\"position\":2,\"name\":\"\u00dcr\u00fcnler\",\"item\":\"https:\/\/alegerglobal.com\/tr\/ueruenler\/\"},{\"@type\":\"ListItem\",\"position\":3,\"name\":\"Lite-Ex\u00ae PL 10e H \u2013 Stirnlampe f\u00fcr gef\u00e4hrliche Arbeitsbereiche\"}]},{\"@type\":\"WebSite\",\"@id\":\"https:\/\/alegerglobal.com\/tr\/#website\",\"url\":\"https:\/\/alegerglobal.com\/tr\/\",\"name\":\"ALEGER \u22c6 Augmented Reality\",\"description\":\"Die besten Augmented Reality (AR) L\u00f6sungen der Welt.\",\"publisher\":{\"@id\":\"https:\/\/alegerglobal.com\/tr\/#organization\"},\"potentialAction\":[{\"@type\":\"SearchAction\",\"target\":{\"@type\":\"EntryPoint\",\"urlTemplate\":\"https:\/\/alegerglobal.com\/tr\/?s={search_term_string}\"},\"query-input\":{\"@type\":\"PropertyValueSpecification\",\"valueRequired\":true,\"valueName\":\"search_term_string\"}}],\"inLanguage\":\"tr\"},{\"@type\":\"Organization\",\"@id\":\"https:\/\/alegerglobal.com\/tr\/#organization\",\"name\":\"ALEGER \u22c6 Augmented Reality\",\"url\":\"https:\/\/alegerglobal.com\/tr\/\",\"logo\":{\"@type\":\"ImageObject\",\"inLanguage\":\"tr\",\"@id\":\"https:\/\/alegerglobal.com\/tr\/#\/schema\/logo\/image\/\",\"url\":\"https:\/\/alegerglobal.com\/wp-content\/uploads\/2020\/12\/aleger-logo-quadrat.jpg\",\"contentUrl\":\"https:\/\/alegerglobal.com\/wp-content\/uploads\/2020\/12\/aleger-logo-quadrat.jpg\",\"width\":200,\"height\":176,\"caption\":\"ALEGER \u22c6 Augmented Reality\"},\"image\":{\"@id\":\"https:\/\/alegerglobal.com\/tr\/#\/schema\/logo\/image\/\"}}]}<\/script>\n<meta property=\"product:price:amount\" content=\"4249.00\" \/>\n<meta property=\"product:price:currency\" content=\"EUR\" \/>\n<meta property=\"og:availability\" content=\"instock\" \/>\n<meta property=\"product:availability\" content=\"instock\" \/>\n<meta property=\"product:condition\" content=\"new\" \/>\n<!-- \/ Yoast SEO Premium plugin. -->","yoast_head_json":{"title":"Lite-Ex\u00ae PL 10e \u2013 Stirnlampe f\u00fcr Zone 0\/20 mit Hochleistungs-LED","description":"Die Lite-Ex\u00ae PL 10e: eine ATEX zertifizierte Stirnlampe (Zone 0\/20) ca. 55 h Laufzeit, IP65\/IP67 \u2013 ideal f\u00fcr Ex-Eins\u00e4tze mit freih\u00e4ndiger Beleuchtung.","robots":{"index":"index","follow":"follow","max-snippet":"max-snippet:-1","max-image-preview":"max-image-preview:large","max-video-preview":"max-video-preview:-1"},"og_locale":"tr_TR","og_type":"article","og_title":"Lite-Ex\u00ae PL 10e H \u2013 Stirnlampe f\u00fcr gef\u00e4hrliche Arbeitsbereiche","og_description":"Die Lite-Ex\u00ae PL 10e: eine ATEX zertifizierte Stirnlampe (Zone 0\/20) ca. 55 h Laufzeit, IP65\/IP67 \u2013 ideal f\u00fcr Ex-Eins\u00e4tze mit freih\u00e4ndiger Beleuchtung.","og_url":"https:\/\/alegerglobal.com\/tr\/shop\/atex\/mobile-leuchten\/lite-ex-pl-10e-h\/","og_site_name":"ALEGER \u22c6 Augmented Reality","article_modified_time":"2025-10-09T20:21:33+00:00","og_image":[{"width":800,"height":800,"url":"https:\/\/alegerglobal.com\/wp-content\/uploads\/2025\/10\/Lite-Ex\u00ae-PL-10e-H.png","type":"image\/png"}],"twitter_card":"summary_large_image","twitter_misc":{"Fiyat":"&euro;4.249,00","Durumu":"Stokta var"},"schema":{"@context":"https:\/\/schema.org","@graph":[{"@type":"WebPage","@id":"https:\/\/alegerglobal.com\/tr\/shop\/atex\/mobile-leuchten\/lite-ex-pl-10e-h\/","url":"https:\/\/alegerglobal.com\/tr\/shop\/atex\/mobile-leuchten\/lite-ex-pl-10e-h\/","name":"Lite-Ex\u00ae PL 10e \u2013 Stirnlampe f\u00fcr Zone 0\/20 mit Hochleistungs-LED","isPartOf":{"@id":"https:\/\/alegerglobal.com\/tr\/#website"},"primaryImageOfPage":{"@id":"https:\/\/alegerglobal.com\/tr\/shop\/atex\/mobile-leuchten\/lite-ex-pl-10e-h\/#primaryimage"},"image":{"@id":"https:\/\/alegerglobal.com\/tr\/shop\/atex\/mobile-leuchten\/lite-ex-pl-10e-h\/#primaryimage"},"thumbnailUrl":"https:\/\/alegerglobal.com\/wp-content\/uploads\/2025\/10\/Lite-Ex\u00ae-PL-10e-H.png","datePublished":"2025-10-09T19:59:04+00:00","dateModified":"2025-10-09T20:21:33+00:00","description":"Die Lite-Ex\u00ae PL 10e: eine ATEX zertifizierte Stirnlampe (Zone 0\/20) ca. 55 h Laufzeit, IP65\/IP67 \u2013 ideal f\u00fcr Ex-Eins\u00e4tze mit freih\u00e4ndiger Beleuchtung.","breadcrumb":{"@id":"https:\/\/alegerglobal.com\/tr\/shop\/atex\/mobile-leuchten\/lite-ex-pl-10e-h\/#breadcrumb"},"inLanguage":"tr","potentialAction":[{"@type":"ReadAction","target":["https:\/\/alegerglobal.com\/tr\/shop\/atex\/mobile-leuchten\/lite-ex-pl-10e-h\/"]}]},{"@type":"ImageObject","inLanguage":"tr","@id":"https:\/\/alegerglobal.com\/tr\/shop\/atex\/mobile-leuchten\/lite-ex-pl-10e-h\/#primaryimage","url":"https:\/\/alegerglobal.com\/wp-content\/uploads\/2025\/10\/Lite-Ex\u00ae-PL-10e-H.png","contentUrl":"https:\/\/alegerglobal.com\/wp-content\/uploads\/2025\/10\/Lite-Ex\u00ae-PL-10e-H.png","width":800,"height":800},{"@type":"BreadcrumbList","@id":"https:\/\/alegerglobal.com\/tr\/shop\/atex\/mobile-leuchten\/lite-ex-pl-10e-h\/#breadcrumb","itemListElement":[{"@type":"ListItem","position":1,"name":"Home","item":"https:\/\/alegerglobal.com\/tr\/yeni-anasayfa\/"},{"@type":"ListItem","position":2,"name":"\u00dcr\u00fcnler","item":"https:\/\/alegerglobal.com\/tr\/ueruenler\/"},{"@type":"ListItem","position":3,"name":"Lite-Ex\u00ae PL 10e H \u2013 Stirnlampe f\u00fcr gef\u00e4hrliche Arbeitsbereiche"}]},{"@type":"WebSite","@id":"https:\/\/alegerglobal.com\/tr\/#website","url":"https:\/\/alegerglobal.com\/tr\/","name":"ALEGER \u22c6 Augmented Reality","description":"Die besten Augmented Reality (AR) L\u00f6sungen der Welt.","publisher":{"@id":"https:\/\/alegerglobal.com\/tr\/#organization"},"potentialAction":[{"@type":"SearchAction","target":{"@type":"EntryPoint","urlTemplate":"https:\/\/alegerglobal.com\/tr\/?s={search_term_string}"},"query-input":{"@type":"PropertyValueSpecification","valueRequired":true,"valueName":"search_term_string"}}],"inLanguage":"tr"},{"@type":"Organization","@id":"https:\/\/alegerglobal.com\/tr\/#organization","name":"ALEGER \u22c6 Augmented Reality","url":"https:\/\/alegerglobal.com\/tr\/","logo":{"@type":"ImageObject","inLanguage":"tr","@id":"https:\/\/alegerglobal.com\/tr\/#\/schema\/logo\/image\/","url":"https:\/\/alegerglobal.com\/wp-content\/uploads\/2020\/12\/aleger-logo-quadrat.jpg","contentUrl":"https:\/\/alegerglobal.com\/wp-content\/uploads\/2020\/12\/aleger-logo-quadrat.jpg","width":200,"height":176,"caption":"ALEGER \u22c6 Augmented Reality"},"image":{"@id":"https:\/\/alegerglobal.com\/tr\/#\/schema\/logo\/image\/"}}]},"product_price_amount":"4249.00","product_price_currency":"EUR","og_availability":"instock","product_availability":"instock","product_condition":"new"},"_links":{"self":[{"href":"https:\/\/alegerglobal.com\/tr\/wp-json\/wp\/v2\/product\/50502","targetHints":{"allow":["GET"]}}],"collection":[{"href":"https:\/\/alegerglobal.com\/tr\/wp-json\/wp\/v2\/product"}],"about":[{"href":"https:\/\/alegerglobal.com\/tr\/wp-json\/wp\/v2\/types\/product"}],"replies":[{"embeddable":true,"href":"https:\/\/alegerglobal.com\/tr\/wp-json\/wp\/v2\/comments?post=50502"}],"version-history":[{"count":3,"href":"https:\/\/alegerglobal.com\/tr\/wp-json\/wp\/v2\/product\/50502\/revisions"}],"predecessor-version":[{"id":50618,"href":"https:\/\/alegerglobal.com\/tr\/wp-json\/wp\/v2\/product\/50502\/revisions\/50618"}],"wp:featuredmedia":[{"embeddable":true,"href":"https:\/\/alegerglobal.com\/tr\/wp-json\/wp\/v2\/media\/50542"}],"wp:attachment":[{"href":"https:\/\/alegerglobal.com\/tr\/wp-json\/wp\/v2\/media?parent=50502"}],"wp:term":[{"taxonomy":"product_brand","embeddable":true,"href":"https:\/\/alegerglobal.com\/tr\/wp-json\/wp\/v2\/product_brand?post=50502"},{"taxonomy":"product_cat","embeddable":true,"href":"https:\/\/alegerglobal.com\/tr\/wp-json\/wp\/v2\/product_cat?post=50502"},{"taxonomy":"product_tag","embeddable":true,"href":"https:\/\/alegerglobal.com\/tr\/wp-json\/wp\/v2\/product_tag?post=50502"}],"curies":[{"name":"wp","href":"https:\/\/api.w.org\/{rel}","templated":true}]}}