{"id":50388,"date":"2025-10-09T20:42:32","date_gmt":"2025-10-09T19:42:32","guid":{"rendered":"https:\/\/alegerglobal.com\/?post_type=product&#038;p=50388"},"modified":"2025-10-09T20:47:22","modified_gmt":"2025-10-09T19:47:22","slug":"3aa-eled-cpo-et12p-lampe","status":"publish","type":"product","link":"https:\/\/alegerglobal.com\/tr\/shop\/atex\/mobile-leuchten\/3aa-eled-cpo-et12p-lampe\/","title":{"rendered":"3AA eLED\u00ae CPO ET12P \u2013 Kompakt &#038; sicher f\u00fcr maximale Ex-Anforderungen"},"content":{"rendered":"","protected":false},"excerpt":{"rendered":"<p data-start=\"690\" data-end=\"1101\">Die <strong data-start=\"694\" data-end=\"717\">3AA eLED\u00ae CPO ET12P<\/strong> von ECOM \/ Pepperl+Fuchs ist eine eigensichere (intrinsisch sichere) LED-Taschenlampe, zugelassen f\u00fcr den Einsatz in <strong data-start=\"835\" data-end=\"855\">Zone 0 \/ Zone 20<\/strong> sowie in explosionsgef\u00e4hrdeten Umgebungen (Gas &amp; Staub). Mit ihrem geringen Gewicht, der CPO-Optik (Compound Path Optics) und durchdachten Technik eignet sie sich ideal f\u00fcr Wartung, Inspektion und Sicherheitseins\u00e4tze in Chemie-, \u00d6l-&amp;-Gasanlagen.<\/p>\n<p data-start=\"1103\" data-end=\"1423\">Trotz kompakter Bauform bietet sie zuverl\u00e4ssige Lichtleistung, hohe Effizienz und robuste Bauweise. Die verbauten Technologien wie TRS (Thermal Recovery Systems) verbessern die Nutzung von Batteriew\u00e4rme zur Leistungssteigerung \u2013 und machen sie besonders effizient.<\/p>\n","protected":false},"featured_media":50412,"comment_status":"open","ping_status":"closed","template":"","meta":{"_acf_changed":false},"product_brand":[],"product_cat":[2607,51,39],"product_tag":[],"class_list":{"0":"post-50388","1":"product","2":"type-product","3":"status-publish","4":"has-post-thumbnail","6":"product_cat-mobile-leuchten","7":"product_cat-shop","8":"product_cat-atex","10":"first","11":"instock","12":"taxable","13":"shipping-taxable","14":"purchasable","15":"product-type-simple"},"acf":[],"yoast_head":"<!-- This site is optimized with the Yoast SEO Premium plugin v20.10 (Yoast SEO v24.3) - https:\/\/yoast.com\/wordpress\/plugins\/seo\/ -->\n<title>3AA eLED \u2013 Eigensichere LED-Taschenlampe f\u00fcr Zone 0\/20<\/title>\n<meta name=\"description\" content=\"Die 3AA eLED: eine kompakte, ATEX\/IECEx LED-Taschenlampe (Zone 0\/20) mit 110 lm (High), 22 lm (Low), IP67, TRS Technik \u2013 ideal f\u00fcr den in Ex-Bereichen.\" \/>\n<meta name=\"robots\" content=\"index, follow, max-snippet:-1, max-image-preview:large, max-video-preview:-1\" \/>\n<meta property=\"og:locale\" content=\"tr_TR\" \/>\n<meta property=\"og:type\" content=\"article\" \/>\n<meta property=\"og:title\" content=\"3AA eLED\u00ae CPO ET12P \u2013 Kompakt &amp; sicher f\u00fcr maximale Ex-Anforderungen\" \/>\n<meta property=\"og:description\" content=\"Die 3AA eLED: eine kompakte, ATEX\/IECEx LED-Taschenlampe (Zone 0\/20) mit 110 lm (High), 22 lm (Low), IP67, TRS Technik \u2013 ideal f\u00fcr den in Ex-Bereichen.\" \/>\n<meta property=\"og:url\" content=\"https:\/\/alegerglobal.com\/tr\/shop\/atex\/mobile-leuchten\/3aa-eled-cpo-et12p-lampe\/\" \/>\n<meta property=\"og:site_name\" content=\"ALEGER \u22c6 Augmented Reality\" \/>\n<meta property=\"article:modified_time\" content=\"2025-10-09T19:47:22+00:00\" \/>\n<meta property=\"og:image\" content=\"https:\/\/alegerglobal.com\/wp-content\/uploads\/2025\/10\/3AA-eLED.png\" \/>\n\t<meta property=\"og:image:width\" content=\"800\" \/>\n\t<meta property=\"og:image:height\" content=\"800\" \/>\n\t<meta property=\"og:image:type\" content=\"image\/png\" \/>\n<meta name=\"twitter:card\" content=\"summary_large_image\" \/>\n<meta name=\"twitter:label1\" content=\"Fiyat\" \/>\n\t<meta name=\"twitter:data1\" content=\"&euro;4.249,00\" \/>\n\t<meta name=\"twitter:label2\" content=\"Durumu\" \/>\n\t<meta name=\"twitter:data2\" content=\"Stokta var\" \/>\n<script type=\"application\/ld+json\" class=\"yoast-schema-graph\">{\"@context\":\"https:\/\/schema.org\",\"@graph\":[{\"@type\":\"WebPage\",\"@id\":\"https:\/\/alegerglobal.com\/tr\/shop\/atex\/mobile-leuchten\/3aa-eled-cpo-et12p-lampe\/\",\"url\":\"https:\/\/alegerglobal.com\/tr\/shop\/atex\/mobile-leuchten\/3aa-eled-cpo-et12p-lampe\/\",\"name\":\"3AA eLED \u2013 Eigensichere LED-Taschenlampe f\u00fcr Zone 0\/20\",\"isPartOf\":{\"@id\":\"https:\/\/alegerglobal.com\/tr\/#website\"},\"primaryImageOfPage\":{\"@id\":\"https:\/\/alegerglobal.com\/tr\/shop\/atex\/mobile-leuchten\/3aa-eled-cpo-et12p-lampe\/#primaryimage\"},\"image\":{\"@id\":\"https:\/\/alegerglobal.com\/tr\/shop\/atex\/mobile-leuchten\/3aa-eled-cpo-et12p-lampe\/#primaryimage\"},\"thumbnailUrl\":\"https:\/\/alegerglobal.com\/wp-content\/uploads\/2025\/10\/3AA-eLED.png\",\"datePublished\":\"2025-10-09T19:42:32+00:00\",\"dateModified\":\"2025-10-09T19:47:22+00:00\",\"description\":\"Die 3AA eLED: eine kompakte, ATEX\/IECEx LED-Taschenlampe (Zone 0\/20) mit 110 lm (High), 22 lm (Low), IP67, TRS Technik \u2013 ideal f\u00fcr den in Ex-Bereichen.\",\"breadcrumb\":{\"@id\":\"https:\/\/alegerglobal.com\/tr\/shop\/atex\/mobile-leuchten\/3aa-eled-cpo-et12p-lampe\/#breadcrumb\"},\"inLanguage\":\"tr\",\"potentialAction\":[{\"@type\":\"ReadAction\",\"target\":[\"https:\/\/alegerglobal.com\/tr\/shop\/atex\/mobile-leuchten\/3aa-eled-cpo-et12p-lampe\/\"]}]},{\"@type\":\"ImageObject\",\"inLanguage\":\"tr\",\"@id\":\"https:\/\/alegerglobal.com\/tr\/shop\/atex\/mobile-leuchten\/3aa-eled-cpo-et12p-lampe\/#primaryimage\",\"url\":\"https:\/\/alegerglobal.com\/wp-content\/uploads\/2025\/10\/3AA-eLED.png\",\"contentUrl\":\"https:\/\/alegerglobal.com\/wp-content\/uploads\/2025\/10\/3AA-eLED.png\",\"width\":800,\"height\":800},{\"@type\":\"BreadcrumbList\",\"@id\":\"https:\/\/alegerglobal.com\/tr\/shop\/atex\/mobile-leuchten\/3aa-eled-cpo-et12p-lampe\/#breadcrumb\",\"itemListElement\":[{\"@type\":\"ListItem\",\"position\":1,\"name\":\"Home\",\"item\":\"https:\/\/alegerglobal.com\/tr\/yeni-anasayfa\/\"},{\"@type\":\"ListItem\",\"position\":2,\"name\":\"\u00dcr\u00fcnler\",\"item\":\"https:\/\/alegerglobal.com\/tr\/ueruenler\/\"},{\"@type\":\"ListItem\",\"position\":3,\"name\":\"3AA eLED\u00ae CPO ET12P \u2013 Kompakt &#038; sicher f\u00fcr maximale Ex-Anforderungen\"}]},{\"@type\":\"WebSite\",\"@id\":\"https:\/\/alegerglobal.com\/tr\/#website\",\"url\":\"https:\/\/alegerglobal.com\/tr\/\",\"name\":\"ALEGER \u22c6 Augmented Reality\",\"description\":\"Die besten Augmented Reality (AR) L\u00f6sungen der Welt.\",\"publisher\":{\"@id\":\"https:\/\/alegerglobal.com\/tr\/#organization\"},\"potentialAction\":[{\"@type\":\"SearchAction\",\"target\":{\"@type\":\"EntryPoint\",\"urlTemplate\":\"https:\/\/alegerglobal.com\/tr\/?s={search_term_string}\"},\"query-input\":{\"@type\":\"PropertyValueSpecification\",\"valueRequired\":true,\"valueName\":\"search_term_string\"}}],\"inLanguage\":\"tr\"},{\"@type\":\"Organization\",\"@id\":\"https:\/\/alegerglobal.com\/tr\/#organization\",\"name\":\"ALEGER \u22c6 Augmented Reality\",\"url\":\"https:\/\/alegerglobal.com\/tr\/\",\"logo\":{\"@type\":\"ImageObject\",\"inLanguage\":\"tr\",\"@id\":\"https:\/\/alegerglobal.com\/tr\/#\/schema\/logo\/image\/\",\"url\":\"https:\/\/alegerglobal.com\/wp-content\/uploads\/2020\/12\/aleger-logo-quadrat.jpg\",\"contentUrl\":\"https:\/\/alegerglobal.com\/wp-content\/uploads\/2020\/12\/aleger-logo-quadrat.jpg\",\"width\":200,\"height\":176,\"caption\":\"ALEGER \u22c6 Augmented Reality\"},\"image\":{\"@id\":\"https:\/\/alegerglobal.com\/tr\/#\/schema\/logo\/image\/\"}}]}<\/script>\n<meta property=\"product:price:amount\" content=\"4249.00\" \/>\n<meta property=\"product:price:currency\" content=\"EUR\" \/>\n<meta property=\"og:availability\" content=\"instock\" \/>\n<meta property=\"product:availability\" content=\"instock\" \/>\n<meta property=\"product:condition\" content=\"new\" \/>\n<!-- \/ Yoast SEO Premium plugin. -->","yoast_head_json":{"title":"3AA eLED \u2013 Eigensichere LED-Taschenlampe f\u00fcr Zone 0\/20","description":"Die 3AA eLED: eine kompakte, ATEX\/IECEx LED-Taschenlampe (Zone 0\/20) mit 110 lm (High), 22 lm (Low), IP67, TRS Technik \u2013 ideal f\u00fcr den in Ex-Bereichen.","robots":{"index":"index","follow":"follow","max-snippet":"max-snippet:-1","max-image-preview":"max-image-preview:large","max-video-preview":"max-video-preview:-1"},"og_locale":"tr_TR","og_type":"article","og_title":"3AA eLED\u00ae CPO ET12P \u2013 Kompakt & sicher f\u00fcr maximale Ex-Anforderungen","og_description":"Die 3AA eLED: eine kompakte, ATEX\/IECEx LED-Taschenlampe (Zone 0\/20) mit 110 lm (High), 22 lm (Low), IP67, TRS Technik \u2013 ideal f\u00fcr den in Ex-Bereichen.","og_url":"https:\/\/alegerglobal.com\/tr\/shop\/atex\/mobile-leuchten\/3aa-eled-cpo-et12p-lampe\/","og_site_name":"ALEGER \u22c6 Augmented Reality","article_modified_time":"2025-10-09T19:47:22+00:00","og_image":[{"width":800,"height":800,"url":"https:\/\/alegerglobal.com\/wp-content\/uploads\/2025\/10\/3AA-eLED.png","type":"image\/png"}],"twitter_card":"summary_large_image","twitter_misc":{"Fiyat":"&euro;4.249,00","Durumu":"Stokta var"},"schema":{"@context":"https:\/\/schema.org","@graph":[{"@type":"WebPage","@id":"https:\/\/alegerglobal.com\/tr\/shop\/atex\/mobile-leuchten\/3aa-eled-cpo-et12p-lampe\/","url":"https:\/\/alegerglobal.com\/tr\/shop\/atex\/mobile-leuchten\/3aa-eled-cpo-et12p-lampe\/","name":"3AA eLED \u2013 Eigensichere LED-Taschenlampe f\u00fcr Zone 0\/20","isPartOf":{"@id":"https:\/\/alegerglobal.com\/tr\/#website"},"primaryImageOfPage":{"@id":"https:\/\/alegerglobal.com\/tr\/shop\/atex\/mobile-leuchten\/3aa-eled-cpo-et12p-lampe\/#primaryimage"},"image":{"@id":"https:\/\/alegerglobal.com\/tr\/shop\/atex\/mobile-leuchten\/3aa-eled-cpo-et12p-lampe\/#primaryimage"},"thumbnailUrl":"https:\/\/alegerglobal.com\/wp-content\/uploads\/2025\/10\/3AA-eLED.png","datePublished":"2025-10-09T19:42:32+00:00","dateModified":"2025-10-09T19:47:22+00:00","description":"Die 3AA eLED: eine kompakte, ATEX\/IECEx LED-Taschenlampe (Zone 0\/20) mit 110 lm (High), 22 lm (Low), IP67, TRS Technik \u2013 ideal f\u00fcr den in Ex-Bereichen.","breadcrumb":{"@id":"https:\/\/alegerglobal.com\/tr\/shop\/atex\/mobile-leuchten\/3aa-eled-cpo-et12p-lampe\/#breadcrumb"},"inLanguage":"tr","potentialAction":[{"@type":"ReadAction","target":["https:\/\/alegerglobal.com\/tr\/shop\/atex\/mobile-leuchten\/3aa-eled-cpo-et12p-lampe\/"]}]},{"@type":"ImageObject","inLanguage":"tr","@id":"https:\/\/alegerglobal.com\/tr\/shop\/atex\/mobile-leuchten\/3aa-eled-cpo-et12p-lampe\/#primaryimage","url":"https:\/\/alegerglobal.com\/wp-content\/uploads\/2025\/10\/3AA-eLED.png","contentUrl":"https:\/\/alegerglobal.com\/wp-content\/uploads\/2025\/10\/3AA-eLED.png","width":800,"height":800},{"@type":"BreadcrumbList","@id":"https:\/\/alegerglobal.com\/tr\/shop\/atex\/mobile-leuchten\/3aa-eled-cpo-et12p-lampe\/#breadcrumb","itemListElement":[{"@type":"ListItem","position":1,"name":"Home","item":"https:\/\/alegerglobal.com\/tr\/yeni-anasayfa\/"},{"@type":"ListItem","position":2,"name":"\u00dcr\u00fcnler","item":"https:\/\/alegerglobal.com\/tr\/ueruenler\/"},{"@type":"ListItem","position":3,"name":"3AA eLED\u00ae CPO ET12P \u2013 Kompakt &#038; sicher f\u00fcr maximale Ex-Anforderungen"}]},{"@type":"WebSite","@id":"https:\/\/alegerglobal.com\/tr\/#website","url":"https:\/\/alegerglobal.com\/tr\/","name":"ALEGER \u22c6 Augmented Reality","description":"Die besten Augmented Reality (AR) L\u00f6sungen der Welt.","publisher":{"@id":"https:\/\/alegerglobal.com\/tr\/#organization"},"potentialAction":[{"@type":"SearchAction","target":{"@type":"EntryPoint","urlTemplate":"https:\/\/alegerglobal.com\/tr\/?s={search_term_string}"},"query-input":{"@type":"PropertyValueSpecification","valueRequired":true,"valueName":"search_term_string"}}],"inLanguage":"tr"},{"@type":"Organization","@id":"https:\/\/alegerglobal.com\/tr\/#organization","name":"ALEGER \u22c6 Augmented Reality","url":"https:\/\/alegerglobal.com\/tr\/","logo":{"@type":"ImageObject","inLanguage":"tr","@id":"https:\/\/alegerglobal.com\/tr\/#\/schema\/logo\/image\/","url":"https:\/\/alegerglobal.com\/wp-content\/uploads\/2020\/12\/aleger-logo-quadrat.jpg","contentUrl":"https:\/\/alegerglobal.com\/wp-content\/uploads\/2020\/12\/aleger-logo-quadrat.jpg","width":200,"height":176,"caption":"ALEGER \u22c6 Augmented Reality"},"image":{"@id":"https:\/\/alegerglobal.com\/tr\/#\/schema\/logo\/image\/"}}]},"product_price_amount":"4249.00","product_price_currency":"EUR","og_availability":"instock","product_availability":"instock","product_condition":"new"},"_links":{"self":[{"href":"https:\/\/alegerglobal.com\/tr\/wp-json\/wp\/v2\/product\/50388","targetHints":{"allow":["GET"]}}],"collection":[{"href":"https:\/\/alegerglobal.com\/tr\/wp-json\/wp\/v2\/product"}],"about":[{"href":"https:\/\/alegerglobal.com\/tr\/wp-json\/wp\/v2\/types\/product"}],"replies":[{"embeddable":true,"href":"https:\/\/alegerglobal.com\/tr\/wp-json\/wp\/v2\/comments?post=50388"}],"version-history":[{"count":2,"href":"https:\/\/alegerglobal.com\/tr\/wp-json\/wp\/v2\/product\/50388\/revisions"}],"predecessor-version":[{"id":50444,"href":"https:\/\/alegerglobal.com\/tr\/wp-json\/wp\/v2\/product\/50388\/revisions\/50444"}],"wp:featuredmedia":[{"embeddable":true,"href":"https:\/\/alegerglobal.com\/tr\/wp-json\/wp\/v2\/media\/50412"}],"wp:attachment":[{"href":"https:\/\/alegerglobal.com\/tr\/wp-json\/wp\/v2\/media?parent=50388"}],"wp:term":[{"taxonomy":"product_brand","embeddable":true,"href":"https:\/\/alegerglobal.com\/tr\/wp-json\/wp\/v2\/product_brand?post=50388"},{"taxonomy":"product_cat","embeddable":true,"href":"https:\/\/alegerglobal.com\/tr\/wp-json\/wp\/v2\/product_cat?post=50388"},{"taxonomy":"product_tag","embeddable":true,"href":"https:\/\/alegerglobal.com\/tr\/wp-json\/wp\/v2\/product_tag?post=50388"}],"curies":[{"name":"wp","href":"https:\/\/api.w.org\/{rel}","templated":true}]}}