{"id":50258,"date":"2025-10-09T20:18:35","date_gmt":"2025-10-09T19:18:35","guid":{"rendered":"https:\/\/alegerglobal.com\/?post_type=product&#038;p=50258"},"modified":"2025-10-09T20:28:18","modified_gmt":"2025-10-09T19:28:18","slug":"lite-ex-pl-30e","status":"publish","type":"product","link":"https:\/\/alegerglobal.com\/tr\/shop\/atex\/mobile-leuchten\/lite-ex-pl-30e\/","title":{"rendered":"Lite-Ex\u00ae PL 30e \u2013 Eigensichere Taschenlampe f\u00fcr den professionellen Ex-Bereich"},"content":{"rendered":"","protected":false},"excerpt":{"rendered":"<p data-start=\"803\" data-end=\"1186\">Die <strong data-start=\"807\" data-end=\"826\">Lite-Ex\u00ae PL 30e<\/strong> von ECOM \/ Pepperl+Fuchs ist eine leistungsstarke, eigensichere LED-Taschenlampe f\u00fcr den sicheren Einsatz in explosionsgef\u00e4hrdeten Bereichen der <strong data-start=\"972\" data-end=\"987\">Zone 0 \/ 20<\/strong> sowie <strong data-start=\"994\" data-end=\"1008\">Division 1<\/strong>. Sie \u00fcberzeugt durch hohe Lichtleistung, lange Batterielaufzeit und ein ergonomisches, robustes Design \u2013 ideal f\u00fcr Wartung, Inspektion und Sicherheit in industriellen Anlagen.<\/p>\n<p data-start=\"1188\" data-end=\"1532\">Dank des <strong data-start=\"1197\" data-end=\"1215\">Ring-Schalters<\/strong> l\u00e4sst sich die Lampe auch mit Handschuhen einfach bedienen. Ihr antistatisches, rutschfestes Geh\u00e4use und die Schutzklasse <strong data-start=\"1338\" data-end=\"1346\">IP65<\/strong> garantieren h\u00f6chste Zuverl\u00e4ssigkeit auch unter extremen Bedingungen. Ein integriertes <strong data-start=\"1433\" data-end=\"1450\">Membranventil<\/strong> sorgt f\u00fcr Druckausgleich im Inneren, was die Lebensdauer zus\u00e4tzlich verl\u00e4ngert<\/p>\n","protected":false},"featured_media":50312,"comment_status":"open","ping_status":"closed","template":"","meta":{"_acf_changed":false},"product_brand":[],"product_cat":[2607,51,39],"product_tag":[],"class_list":{"0":"post-50258","1":"product","2":"type-product","3":"status-publish","4":"has-post-thumbnail","6":"product_cat-mobile-leuchten","7":"product_cat-shop","8":"product_cat-atex","10":"first","11":"instock","12":"taxable","13":"shipping-taxable","14":"purchasable","15":"product-type-simple"},"acf":[],"yoast_head":"<!-- This site is optimized with the Yoast SEO Premium plugin v20.10 (Yoast SEO v24.3) - https:\/\/yoast.com\/wordpress\/plugins\/seo\/ -->\n<title>Lite-Ex\u00ae PL 30e \u2013 LED-Taschenlampe f\u00fcr Zone 0\/20 &amp; Division 1<\/title>\n<meta name=\"description\" content=\"Die Lite-Ex\u00ae PL 30e ist eine LED-Taschenlampe (ATEX \/ IECEx Zone 0\/20) mit IP65, 48 h Laufzeit und robustem Geh\u00e4use. Ideal f\u00fcr \u00d6l &amp; Gas, Chemie und Pharma.\" \/>\n<meta name=\"robots\" content=\"index, follow, max-snippet:-1, max-image-preview:large, max-video-preview:-1\" \/>\n<meta property=\"og:locale\" content=\"tr_TR\" \/>\n<meta property=\"og:type\" content=\"article\" \/>\n<meta property=\"og:title\" content=\"Lite-Ex\u00ae PL 30e \u2013 Eigensichere Taschenlampe f\u00fcr den professionellen Ex-Bereich\" \/>\n<meta property=\"og:description\" content=\"Die Lite-Ex\u00ae PL 30e ist eine LED-Taschenlampe (ATEX \/ IECEx Zone 0\/20) mit IP65, 48 h Laufzeit und robustem Geh\u00e4use. Ideal f\u00fcr \u00d6l &amp; Gas, Chemie und Pharma.\" \/>\n<meta property=\"og:url\" content=\"https:\/\/alegerglobal.com\/tr\/shop\/atex\/mobile-leuchten\/lite-ex-pl-30e\/\" \/>\n<meta property=\"og:site_name\" content=\"ALEGER \u22c6 Augmented Reality\" \/>\n<meta property=\"article:modified_time\" content=\"2025-10-09T19:28:18+00:00\" \/>\n<meta property=\"og:image\" content=\"https:\/\/alegerglobal.com\/wp-content\/uploads\/2025\/10\/ATEX-Taschenlampe.png\" \/>\n\t<meta property=\"og:image:width\" content=\"800\" \/>\n\t<meta property=\"og:image:height\" content=\"800\" \/>\n\t<meta property=\"og:image:type\" content=\"image\/png\" \/>\n<meta name=\"twitter:card\" content=\"summary_large_image\" \/>\n<meta name=\"twitter:label1\" content=\"Fiyat\" \/>\n\t<meta name=\"twitter:data1\" content=\"&euro;4.249,00\" \/>\n\t<meta name=\"twitter:label2\" content=\"Durumu\" \/>\n\t<meta name=\"twitter:data2\" content=\"Stokta var\" \/>\n<script type=\"application\/ld+json\" class=\"yoast-schema-graph\">{\"@context\":\"https:\/\/schema.org\",\"@graph\":[{\"@type\":\"WebPage\",\"@id\":\"https:\/\/alegerglobal.com\/tr\/shop\/atex\/mobile-leuchten\/lite-ex-pl-30e\/\",\"url\":\"https:\/\/alegerglobal.com\/tr\/shop\/atex\/mobile-leuchten\/lite-ex-pl-30e\/\",\"name\":\"Lite-Ex\u00ae PL 30e \u2013 LED-Taschenlampe f\u00fcr Zone 0\/20 & Division 1\",\"isPartOf\":{\"@id\":\"https:\/\/alegerglobal.com\/tr\/#website\"},\"primaryImageOfPage\":{\"@id\":\"https:\/\/alegerglobal.com\/tr\/shop\/atex\/mobile-leuchten\/lite-ex-pl-30e\/#primaryimage\"},\"image\":{\"@id\":\"https:\/\/alegerglobal.com\/tr\/shop\/atex\/mobile-leuchten\/lite-ex-pl-30e\/#primaryimage\"},\"thumbnailUrl\":\"https:\/\/alegerglobal.com\/wp-content\/uploads\/2025\/10\/ATEX-Taschenlampe.png\",\"datePublished\":\"2025-10-09T19:18:35+00:00\",\"dateModified\":\"2025-10-09T19:28:18+00:00\",\"description\":\"Die Lite-Ex\u00ae PL 30e ist eine LED-Taschenlampe (ATEX \/ IECEx Zone 0\/20) mit IP65, 48 h Laufzeit und robustem Geh\u00e4use. Ideal f\u00fcr \u00d6l & Gas, Chemie und Pharma.\",\"breadcrumb\":{\"@id\":\"https:\/\/alegerglobal.com\/tr\/shop\/atex\/mobile-leuchten\/lite-ex-pl-30e\/#breadcrumb\"},\"inLanguage\":\"tr\",\"potentialAction\":[{\"@type\":\"ReadAction\",\"target\":[\"https:\/\/alegerglobal.com\/tr\/shop\/atex\/mobile-leuchten\/lite-ex-pl-30e\/\"]}]},{\"@type\":\"ImageObject\",\"inLanguage\":\"tr\",\"@id\":\"https:\/\/alegerglobal.com\/tr\/shop\/atex\/mobile-leuchten\/lite-ex-pl-30e\/#primaryimage\",\"url\":\"https:\/\/alegerglobal.com\/wp-content\/uploads\/2025\/10\/ATEX-Taschenlampe.png\",\"contentUrl\":\"https:\/\/alegerglobal.com\/wp-content\/uploads\/2025\/10\/ATEX-Taschenlampe.png\",\"width\":800,\"height\":800},{\"@type\":\"BreadcrumbList\",\"@id\":\"https:\/\/alegerglobal.com\/tr\/shop\/atex\/mobile-leuchten\/lite-ex-pl-30e\/#breadcrumb\",\"itemListElement\":[{\"@type\":\"ListItem\",\"position\":1,\"name\":\"Home\",\"item\":\"https:\/\/alegerglobal.com\/tr\/yeni-anasayfa\/\"},{\"@type\":\"ListItem\",\"position\":2,\"name\":\"\u00dcr\u00fcnler\",\"item\":\"https:\/\/alegerglobal.com\/tr\/ueruenler\/\"},{\"@type\":\"ListItem\",\"position\":3,\"name\":\"Lite-Ex\u00ae PL 30e \u2013 Eigensichere Taschenlampe f\u00fcr den professionellen Ex-Bereich\"}]},{\"@type\":\"WebSite\",\"@id\":\"https:\/\/alegerglobal.com\/tr\/#website\",\"url\":\"https:\/\/alegerglobal.com\/tr\/\",\"name\":\"ALEGER \u22c6 Augmented Reality\",\"description\":\"Die besten Augmented Reality (AR) L\u00f6sungen der Welt.\",\"publisher\":{\"@id\":\"https:\/\/alegerglobal.com\/tr\/#organization\"},\"potentialAction\":[{\"@type\":\"SearchAction\",\"target\":{\"@type\":\"EntryPoint\",\"urlTemplate\":\"https:\/\/alegerglobal.com\/tr\/?s={search_term_string}\"},\"query-input\":{\"@type\":\"PropertyValueSpecification\",\"valueRequired\":true,\"valueName\":\"search_term_string\"}}],\"inLanguage\":\"tr\"},{\"@type\":\"Organization\",\"@id\":\"https:\/\/alegerglobal.com\/tr\/#organization\",\"name\":\"ALEGER \u22c6 Augmented Reality\",\"url\":\"https:\/\/alegerglobal.com\/tr\/\",\"logo\":{\"@type\":\"ImageObject\",\"inLanguage\":\"tr\",\"@id\":\"https:\/\/alegerglobal.com\/tr\/#\/schema\/logo\/image\/\",\"url\":\"https:\/\/alegerglobal.com\/wp-content\/uploads\/2020\/12\/aleger-logo-quadrat.jpg\",\"contentUrl\":\"https:\/\/alegerglobal.com\/wp-content\/uploads\/2020\/12\/aleger-logo-quadrat.jpg\",\"width\":200,\"height\":176,\"caption\":\"ALEGER \u22c6 Augmented Reality\"},\"image\":{\"@id\":\"https:\/\/alegerglobal.com\/tr\/#\/schema\/logo\/image\/\"}}]}<\/script>\n<meta property=\"product:price:amount\" content=\"4249.00\" \/>\n<meta property=\"product:price:currency\" content=\"EUR\" \/>\n<meta property=\"og:availability\" content=\"instock\" \/>\n<meta property=\"product:availability\" content=\"instock\" \/>\n<meta property=\"product:condition\" content=\"new\" \/>\n<!-- \/ Yoast SEO Premium plugin. -->","yoast_head_json":{"title":"Lite-Ex\u00ae PL 30e \u2013 LED-Taschenlampe f\u00fcr Zone 0\/20 & Division 1","description":"Die Lite-Ex\u00ae PL 30e ist eine LED-Taschenlampe (ATEX \/ IECEx Zone 0\/20) mit IP65, 48 h Laufzeit und robustem Geh\u00e4use. Ideal f\u00fcr \u00d6l & Gas, Chemie und Pharma.","robots":{"index":"index","follow":"follow","max-snippet":"max-snippet:-1","max-image-preview":"max-image-preview:large","max-video-preview":"max-video-preview:-1"},"og_locale":"tr_TR","og_type":"article","og_title":"Lite-Ex\u00ae PL 30e \u2013 Eigensichere Taschenlampe f\u00fcr den professionellen Ex-Bereich","og_description":"Die Lite-Ex\u00ae PL 30e ist eine LED-Taschenlampe (ATEX \/ IECEx Zone 0\/20) mit IP65, 48 h Laufzeit und robustem Geh\u00e4use. Ideal f\u00fcr \u00d6l & Gas, Chemie und Pharma.","og_url":"https:\/\/alegerglobal.com\/tr\/shop\/atex\/mobile-leuchten\/lite-ex-pl-30e\/","og_site_name":"ALEGER \u22c6 Augmented Reality","article_modified_time":"2025-10-09T19:28:18+00:00","og_image":[{"width":800,"height":800,"url":"https:\/\/alegerglobal.com\/wp-content\/uploads\/2025\/10\/ATEX-Taschenlampe.png","type":"image\/png"}],"twitter_card":"summary_large_image","twitter_misc":{"Fiyat":"&euro;4.249,00","Durumu":"Stokta var"},"schema":{"@context":"https:\/\/schema.org","@graph":[{"@type":"WebPage","@id":"https:\/\/alegerglobal.com\/tr\/shop\/atex\/mobile-leuchten\/lite-ex-pl-30e\/","url":"https:\/\/alegerglobal.com\/tr\/shop\/atex\/mobile-leuchten\/lite-ex-pl-30e\/","name":"Lite-Ex\u00ae PL 30e \u2013 LED-Taschenlampe f\u00fcr Zone 0\/20 & Division 1","isPartOf":{"@id":"https:\/\/alegerglobal.com\/tr\/#website"},"primaryImageOfPage":{"@id":"https:\/\/alegerglobal.com\/tr\/shop\/atex\/mobile-leuchten\/lite-ex-pl-30e\/#primaryimage"},"image":{"@id":"https:\/\/alegerglobal.com\/tr\/shop\/atex\/mobile-leuchten\/lite-ex-pl-30e\/#primaryimage"},"thumbnailUrl":"https:\/\/alegerglobal.com\/wp-content\/uploads\/2025\/10\/ATEX-Taschenlampe.png","datePublished":"2025-10-09T19:18:35+00:00","dateModified":"2025-10-09T19:28:18+00:00","description":"Die Lite-Ex\u00ae PL 30e ist eine LED-Taschenlampe (ATEX \/ IECEx Zone 0\/20) mit IP65, 48 h Laufzeit und robustem Geh\u00e4use. Ideal f\u00fcr \u00d6l & Gas, Chemie und Pharma.","breadcrumb":{"@id":"https:\/\/alegerglobal.com\/tr\/shop\/atex\/mobile-leuchten\/lite-ex-pl-30e\/#breadcrumb"},"inLanguage":"tr","potentialAction":[{"@type":"ReadAction","target":["https:\/\/alegerglobal.com\/tr\/shop\/atex\/mobile-leuchten\/lite-ex-pl-30e\/"]}]},{"@type":"ImageObject","inLanguage":"tr","@id":"https:\/\/alegerglobal.com\/tr\/shop\/atex\/mobile-leuchten\/lite-ex-pl-30e\/#primaryimage","url":"https:\/\/alegerglobal.com\/wp-content\/uploads\/2025\/10\/ATEX-Taschenlampe.png","contentUrl":"https:\/\/alegerglobal.com\/wp-content\/uploads\/2025\/10\/ATEX-Taschenlampe.png","width":800,"height":800},{"@type":"BreadcrumbList","@id":"https:\/\/alegerglobal.com\/tr\/shop\/atex\/mobile-leuchten\/lite-ex-pl-30e\/#breadcrumb","itemListElement":[{"@type":"ListItem","position":1,"name":"Home","item":"https:\/\/alegerglobal.com\/tr\/yeni-anasayfa\/"},{"@type":"ListItem","position":2,"name":"\u00dcr\u00fcnler","item":"https:\/\/alegerglobal.com\/tr\/ueruenler\/"},{"@type":"ListItem","position":3,"name":"Lite-Ex\u00ae PL 30e \u2013 Eigensichere Taschenlampe f\u00fcr den professionellen Ex-Bereich"}]},{"@type":"WebSite","@id":"https:\/\/alegerglobal.com\/tr\/#website","url":"https:\/\/alegerglobal.com\/tr\/","name":"ALEGER \u22c6 Augmented Reality","description":"Die besten Augmented Reality (AR) L\u00f6sungen der Welt.","publisher":{"@id":"https:\/\/alegerglobal.com\/tr\/#organization"},"potentialAction":[{"@type":"SearchAction","target":{"@type":"EntryPoint","urlTemplate":"https:\/\/alegerglobal.com\/tr\/?s={search_term_string}"},"query-input":{"@type":"PropertyValueSpecification","valueRequired":true,"valueName":"search_term_string"}}],"inLanguage":"tr"},{"@type":"Organization","@id":"https:\/\/alegerglobal.com\/tr\/#organization","name":"ALEGER \u22c6 Augmented Reality","url":"https:\/\/alegerglobal.com\/tr\/","logo":{"@type":"ImageObject","inLanguage":"tr","@id":"https:\/\/alegerglobal.com\/tr\/#\/schema\/logo\/image\/","url":"https:\/\/alegerglobal.com\/wp-content\/uploads\/2020\/12\/aleger-logo-quadrat.jpg","contentUrl":"https:\/\/alegerglobal.com\/wp-content\/uploads\/2020\/12\/aleger-logo-quadrat.jpg","width":200,"height":176,"caption":"ALEGER \u22c6 Augmented Reality"},"image":{"@id":"https:\/\/alegerglobal.com\/tr\/#\/schema\/logo\/image\/"}}]},"product_price_amount":"4249.00","product_price_currency":"EUR","og_availability":"instock","product_availability":"instock","product_condition":"new"},"_links":{"self":[{"href":"https:\/\/alegerglobal.com\/tr\/wp-json\/wp\/v2\/product\/50258","targetHints":{"allow":["GET"]}}],"collection":[{"href":"https:\/\/alegerglobal.com\/tr\/wp-json\/wp\/v2\/product"}],"about":[{"href":"https:\/\/alegerglobal.com\/tr\/wp-json\/wp\/v2\/types\/product"}],"replies":[{"embeddable":true,"href":"https:\/\/alegerglobal.com\/tr\/wp-json\/wp\/v2\/comments?post=50258"}],"version-history":[{"count":3,"href":"https:\/\/alegerglobal.com\/tr\/wp-json\/wp\/v2\/product\/50258\/revisions"}],"predecessor-version":[{"id":50354,"href":"https:\/\/alegerglobal.com\/tr\/wp-json\/wp\/v2\/product\/50258\/revisions\/50354"}],"wp:featuredmedia":[{"embeddable":true,"href":"https:\/\/alegerglobal.com\/tr\/wp-json\/wp\/v2\/media\/50312"}],"wp:attachment":[{"href":"https:\/\/alegerglobal.com\/tr\/wp-json\/wp\/v2\/media?parent=50258"}],"wp:term":[{"taxonomy":"product_brand","embeddable":true,"href":"https:\/\/alegerglobal.com\/tr\/wp-json\/wp\/v2\/product_brand?post=50258"},{"taxonomy":"product_cat","embeddable":true,"href":"https:\/\/alegerglobal.com\/tr\/wp-json\/wp\/v2\/product_cat?post=50258"},{"taxonomy":"product_tag","embeddable":true,"href":"https:\/\/alegerglobal.com\/tr\/wp-json\/wp\/v2\/product_tag?post=50258"}],"curies":[{"name":"wp","href":"https:\/\/api.w.org\/{rel}","templated":true}]}}