{"id":50118,"date":"2025-10-06T20:16:58","date_gmt":"2025-10-06T19:17:01","guid":{"rendered":"https:\/\/alegerglobal.com\/?post_type=product&#038;p=50118"},"modified":"2026-03-19T18:46:52","modified_gmt":"2026-03-19T17:46:52","slug":"ar-kafa-bandi-olarak-atex-boelge-1-ve-2-icin-rokid-x-craft-eller-serbest-kontrol-5g-3-mikrofon-kopie","status":"publish","type":"product","link":"https:\/\/alegerglobal.com\/tr\/shop-tr\/akilli-goezluekler\/ar-kafa-bandi-olarak-atex-boelge-1-ve-2-icin-rokid-x-craft-eller-serbest-kontrol-5g-3-mikrofon-kopie\/","title":{"rendered":"RealWear Navigator Z1 &#8211; Tehlikeli ortamlarda kullan\u0131m i\u00e7in sa\u011flam AR g\u00f6zl\u00fckleri"},"content":{"rendered":"","protected":false},"excerpt":{"rendered":"<p data-start=\"796\" data-end=\"1197\"><strong data-start=\"800\" data-end=\"825\">RealWear Navigator Z1<\/strong>, tehlikeli \u00e7al\u0131\u015fma alanlar\u0131 (ATEX B\u00f6lge 1) i\u00e7in \u00f6zel olarak tasarlanm\u0131\u015f, son teknoloji \u00fcr\u00fcn\u00fc, kendinden emniyetli bir AR asistan\u0131d\u0131r. Ses kontrol\u00fc, sa\u011flam tasar\u0131m\u0131, mod\u00fcler geni\u015fletilebilirli\u011fi ve AR i\u015flevselli\u011fi ile dijital i\u015f ak\u0131\u015flar\u0131n\u0131 do\u011frudan sahada optimize eder &#8211; bak\u0131m, denetim, uzaktan destek ve s\u00fcre\u00e7 kontrol\u00fc i\u00e7in idealdir.<\/p>\n<p data-start=\"1199\" data-end=\"1466\">Z1 verimlili\u011fi ve g\u00fcvenli\u011fi art\u0131rmaya yard\u0131mc\u0131 olur \u00e7\u00fcnk\u00fc \u00e7al\u0131\u015fanlar ellerini i\u015f par\u00e7as\u0131ndan kald\u0131rmadan bilgi \u00e7a\u011f\u0131rabilir, uzmanlarla canl\u0131 ileti\u015fim kurabilir veya termal \u00f6l\u00e7\u00fcmler yapabilir<\/p>\n<ul>\n<li style=\"list-style-type: none;\"><\/li>\n<\/ul>\n","protected":false},"featured_media":50134,"comment_status":"open","ping_status":"closed","template":"","meta":{"_acf_changed":false},"product_brand":[],"product_cat":[2317,2319,2618,2617,2318],"product_tag":[],"class_list":{"0":"post-50118","1":"product","2":"type-product","3":"status-publish","4":"has-post-thumbnail","6":"product_cat-akilli-goezluekler","7":"product_cat-atex-tr","8":"product_cat-iletisim","9":"product_cat-mobil-bilisim","10":"product_cat-shop-tr","11":"pa_hersteller-rokid-tr","13":"first","14":"instock","15":"taxable","16":"shipping-taxable","17":"product-type-simple"},"acf":[],"yoast_head":"<!-- This site is optimized with the Yoast SEO Premium plugin v20.10 (Yoast SEO v24.3) - https:\/\/yoast.com\/wordpress\/plugins\/seo\/ -->\n<title>Navigator Z1 - 48 MP ve termal g\u00f6r\u00fcnt\u00fcleme \u00f6zellikli ATEX B\u00f6lge 1 AR kulakl\u0131k- ALEGER \u22c6 Augmented Reality<\/title>\n<meta name=\"description\" content=\"RealWear Navigator Z1, 48 MP kameraya ve iste\u011fe ba\u011fl\u0131 FLIR termal sens\u00f6re sahip bir AR kulakl\u0131kt\u0131r (ATEX B\u00f6lge 1) - end\u00fcstriyel ve tehlikeli alanlar i\u00e7in idealdir.\" \/>\n<meta name=\"robots\" content=\"index, follow, max-snippet:-1, max-image-preview:large, max-video-preview:-1\" \/>\n<meta property=\"og:locale\" content=\"tr_TR\" \/>\n<meta property=\"og:type\" content=\"article\" \/>\n<meta property=\"og:title\" content=\"RealWear Navigator Z1 - Tehlikeli ortamlarda kullan\u0131m i\u00e7in sa\u011flam AR g\u00f6zl\u00fckleri\" \/>\n<meta property=\"og:description\" content=\"RealWear Navigator Z1, 48 MP kameraya ve iste\u011fe ba\u011fl\u0131 FLIR termal sens\u00f6re sahip bir AR kulakl\u0131kt\u0131r (ATEX B\u00f6lge 1) - end\u00fcstriyel ve tehlikeli alanlar i\u00e7in idealdir.\" \/>\n<meta property=\"og:url\" content=\"https:\/\/alegerglobal.com\/tr\/shop-tr\/akilli-goezluekler\/ar-kafa-bandi-olarak-atex-boelge-1-ve-2-icin-rokid-x-craft-eller-serbest-kontrol-5g-3-mikrofon-kopie\/\" \/>\n<meta property=\"og:site_name\" content=\"ALEGER \u22c6 Augmented Reality\" \/>\n<meta property=\"article:modified_time\" content=\"2026-03-19T17:46:52+00:00\" \/>\n<meta property=\"og:image\" content=\"https:\/\/alegerglobal.com\/wp-content\/uploads\/2025\/10\/Navigator-Z1.png\" \/>\n\t<meta property=\"og:image:width\" content=\"800\" \/>\n\t<meta property=\"og:image:height\" content=\"800\" \/>\n\t<meta property=\"og:image:type\" content=\"image\/png\" \/>\n<meta name=\"twitter:card\" content=\"summary_large_image\" \/>\n<meta name=\"twitter:label1\" content=\"Fiyat\" \/>\n\t<meta name=\"twitter:data1\" content=\"\" \/>\n\t<meta name=\"twitter:label2\" content=\"Durumu\" \/>\n\t<meta name=\"twitter:data2\" content=\"Stokta var\" \/>\n<script type=\"application\/ld+json\" class=\"yoast-schema-graph\">{\"@context\":\"https:\/\/schema.org\",\"@graph\":[{\"@type\":\"WebPage\",\"@id\":\"https:\/\/alegerglobal.com\/tr\/shop-tr\/akilli-goezluekler\/ar-kafa-bandi-olarak-atex-boelge-1-ve-2-icin-rokid-x-craft-eller-serbest-kontrol-5g-3-mikrofon-kopie\/\",\"url\":\"https:\/\/alegerglobal.com\/tr\/shop-tr\/akilli-goezluekler\/ar-kafa-bandi-olarak-atex-boelge-1-ve-2-icin-rokid-x-craft-eller-serbest-kontrol-5g-3-mikrofon-kopie\/\",\"name\":\"Navigator Z1 - 48 MP ve termal g\u00f6r\u00fcnt\u00fcleme \u00f6zellikli ATEX B\u00f6lge 1 AR kulakl\u0131k- ALEGER \u22c6 Augmented Reality\",\"isPartOf\":{\"@id\":\"https:\/\/alegerglobal.com\/tr\/#website\"},\"primaryImageOfPage\":{\"@id\":\"https:\/\/alegerglobal.com\/tr\/shop-tr\/akilli-goezluekler\/ar-kafa-bandi-olarak-atex-boelge-1-ve-2-icin-rokid-x-craft-eller-serbest-kontrol-5g-3-mikrofon-kopie\/#primaryimage\"},\"image\":{\"@id\":\"https:\/\/alegerglobal.com\/tr\/shop-tr\/akilli-goezluekler\/ar-kafa-bandi-olarak-atex-boelge-1-ve-2-icin-rokid-x-craft-eller-serbest-kontrol-5g-3-mikrofon-kopie\/#primaryimage\"},\"thumbnailUrl\":\"https:\/\/alegerglobal.com\/wp-content\/uploads\/2025\/10\/Navigator-Z1.png\",\"datePublished\":\"2025-10-06T19:17:01+00:00\",\"dateModified\":\"2026-03-19T17:46:52+00:00\",\"description\":\"RealWear Navigator Z1, 48 MP kameraya ve iste\u011fe ba\u011fl\u0131 FLIR termal sens\u00f6re sahip bir AR kulakl\u0131kt\u0131r (ATEX B\u00f6lge 1) - end\u00fcstriyel ve tehlikeli alanlar i\u00e7in idealdir.\",\"breadcrumb\":{\"@id\":\"https:\/\/alegerglobal.com\/tr\/shop-tr\/akilli-goezluekler\/ar-kafa-bandi-olarak-atex-boelge-1-ve-2-icin-rokid-x-craft-eller-serbest-kontrol-5g-3-mikrofon-kopie\/#breadcrumb\"},\"inLanguage\":\"tr\",\"potentialAction\":[{\"@type\":\"ReadAction\",\"target\":[\"https:\/\/alegerglobal.com\/tr\/shop-tr\/akilli-goezluekler\/ar-kafa-bandi-olarak-atex-boelge-1-ve-2-icin-rokid-x-craft-eller-serbest-kontrol-5g-3-mikrofon-kopie\/\"]}]},{\"@type\":\"ImageObject\",\"inLanguage\":\"tr\",\"@id\":\"https:\/\/alegerglobal.com\/tr\/shop-tr\/akilli-goezluekler\/ar-kafa-bandi-olarak-atex-boelge-1-ve-2-icin-rokid-x-craft-eller-serbest-kontrol-5g-3-mikrofon-kopie\/#primaryimage\",\"url\":\"https:\/\/alegerglobal.com\/wp-content\/uploads\/2025\/10\/Navigator-Z1.png\",\"contentUrl\":\"https:\/\/alegerglobal.com\/wp-content\/uploads\/2025\/10\/Navigator-Z1.png\",\"width\":800,\"height\":800},{\"@type\":\"BreadcrumbList\",\"@id\":\"https:\/\/alegerglobal.com\/tr\/shop-tr\/akilli-goezluekler\/ar-kafa-bandi-olarak-atex-boelge-1-ve-2-icin-rokid-x-craft-eller-serbest-kontrol-5g-3-mikrofon-kopie\/#breadcrumb\",\"itemListElement\":[{\"@type\":\"ListItem\",\"position\":1,\"name\":\"Home\",\"item\":\"https:\/\/alegerglobal.com\/tr\/yeni-anasayfa\/\"},{\"@type\":\"ListItem\",\"position\":2,\"name\":\"\u00dcr\u00fcnler\",\"item\":\"https:\/\/alegerglobal.com\/tr\/ueruenler\/\"},{\"@type\":\"ListItem\",\"position\":3,\"name\":\"RealWear Navigator Z1 &#8211; Tehlikeli ortamlarda kullan\u0131m i\u00e7in sa\u011flam AR g\u00f6zl\u00fckleri\"}]},{\"@type\":\"WebSite\",\"@id\":\"https:\/\/alegerglobal.com\/tr\/#website\",\"url\":\"https:\/\/alegerglobal.com\/tr\/\",\"name\":\"ALEGER \u22c6 Augmented Reality\",\"description\":\"Die besten Augmented Reality (AR) L\u00f6sungen der Welt.\",\"publisher\":{\"@id\":\"https:\/\/alegerglobal.com\/tr\/#organization\"},\"potentialAction\":[{\"@type\":\"SearchAction\",\"target\":{\"@type\":\"EntryPoint\",\"urlTemplate\":\"https:\/\/alegerglobal.com\/tr\/?s={search_term_string}\"},\"query-input\":{\"@type\":\"PropertyValueSpecification\",\"valueRequired\":true,\"valueName\":\"search_term_string\"}}],\"inLanguage\":\"tr\"},{\"@type\":\"Organization\",\"@id\":\"https:\/\/alegerglobal.com\/tr\/#organization\",\"name\":\"ALEGER \u22c6 Augmented Reality\",\"url\":\"https:\/\/alegerglobal.com\/tr\/\",\"logo\":{\"@type\":\"ImageObject\",\"inLanguage\":\"tr\",\"@id\":\"https:\/\/alegerglobal.com\/tr\/#\/schema\/logo\/image\/\",\"url\":\"https:\/\/alegerglobal.com\/wp-content\/uploads\/2020\/12\/aleger-logo-quadrat.jpg\",\"contentUrl\":\"https:\/\/alegerglobal.com\/wp-content\/uploads\/2020\/12\/aleger-logo-quadrat.jpg\",\"width\":200,\"height\":176,\"caption\":\"ALEGER \u22c6 Augmented Reality\"},\"image\":{\"@id\":\"https:\/\/alegerglobal.com\/tr\/#\/schema\/logo\/image\/\"}}]}<\/script>\n<meta property=\"product:brand\" content=\"Rokid\" \/>\n<meta property=\"product:price:amount\" content=\"0.00\" \/>\n<meta property=\"product:price:currency\" content=\"EUR\" \/>\n<meta property=\"og:availability\" content=\"instock\" \/>\n<meta property=\"product:availability\" content=\"instock\" \/>\n<meta property=\"product:condition\" content=\"new\" \/>\n<!-- \/ Yoast SEO Premium plugin. -->","yoast_head_json":{"title":"Navigator Z1 - 48 MP ve termal g\u00f6r\u00fcnt\u00fcleme \u00f6zellikli ATEX B\u00f6lge 1 AR kulakl\u0131k- ALEGER \u22c6 Augmented Reality","description":"RealWear Navigator Z1, 48 MP kameraya ve iste\u011fe ba\u011fl\u0131 FLIR termal sens\u00f6re sahip bir AR kulakl\u0131kt\u0131r (ATEX B\u00f6lge 1) - end\u00fcstriyel ve tehlikeli alanlar i\u00e7in idealdir.","robots":{"index":"index","follow":"follow","max-snippet":"max-snippet:-1","max-image-preview":"max-image-preview:large","max-video-preview":"max-video-preview:-1"},"og_locale":"tr_TR","og_type":"article","og_title":"RealWear Navigator Z1 - Tehlikeli ortamlarda kullan\u0131m i\u00e7in sa\u011flam AR g\u00f6zl\u00fckleri","og_description":"RealWear Navigator Z1, 48 MP kameraya ve iste\u011fe ba\u011fl\u0131 FLIR termal sens\u00f6re sahip bir AR kulakl\u0131kt\u0131r (ATEX B\u00f6lge 1) - end\u00fcstriyel ve tehlikeli alanlar i\u00e7in idealdir.","og_url":"https:\/\/alegerglobal.com\/tr\/shop-tr\/akilli-goezluekler\/ar-kafa-bandi-olarak-atex-boelge-1-ve-2-icin-rokid-x-craft-eller-serbest-kontrol-5g-3-mikrofon-kopie\/","og_site_name":"ALEGER \u22c6 Augmented Reality","article_modified_time":"2026-03-19T17:46:52+00:00","og_image":[{"width":800,"height":800,"url":"https:\/\/alegerglobal.com\/wp-content\/uploads\/2025\/10\/Navigator-Z1.png","type":"image\/png"}],"twitter_card":"summary_large_image","twitter_misc":{"Fiyat":"","Durumu":"Stokta var"},"schema":{"@context":"https:\/\/schema.org","@graph":[{"@type":"WebPage","@id":"https:\/\/alegerglobal.com\/tr\/shop-tr\/akilli-goezluekler\/ar-kafa-bandi-olarak-atex-boelge-1-ve-2-icin-rokid-x-craft-eller-serbest-kontrol-5g-3-mikrofon-kopie\/","url":"https:\/\/alegerglobal.com\/tr\/shop-tr\/akilli-goezluekler\/ar-kafa-bandi-olarak-atex-boelge-1-ve-2-icin-rokid-x-craft-eller-serbest-kontrol-5g-3-mikrofon-kopie\/","name":"Navigator Z1 - 48 MP ve termal g\u00f6r\u00fcnt\u00fcleme \u00f6zellikli ATEX B\u00f6lge 1 AR kulakl\u0131k- ALEGER \u22c6 Augmented Reality","isPartOf":{"@id":"https:\/\/alegerglobal.com\/tr\/#website"},"primaryImageOfPage":{"@id":"https:\/\/alegerglobal.com\/tr\/shop-tr\/akilli-goezluekler\/ar-kafa-bandi-olarak-atex-boelge-1-ve-2-icin-rokid-x-craft-eller-serbest-kontrol-5g-3-mikrofon-kopie\/#primaryimage"},"image":{"@id":"https:\/\/alegerglobal.com\/tr\/shop-tr\/akilli-goezluekler\/ar-kafa-bandi-olarak-atex-boelge-1-ve-2-icin-rokid-x-craft-eller-serbest-kontrol-5g-3-mikrofon-kopie\/#primaryimage"},"thumbnailUrl":"https:\/\/alegerglobal.com\/wp-content\/uploads\/2025\/10\/Navigator-Z1.png","datePublished":"2025-10-06T19:17:01+00:00","dateModified":"2026-03-19T17:46:52+00:00","description":"RealWear Navigator Z1, 48 MP kameraya ve iste\u011fe ba\u011fl\u0131 FLIR termal sens\u00f6re sahip bir AR kulakl\u0131kt\u0131r (ATEX B\u00f6lge 1) - end\u00fcstriyel ve tehlikeli alanlar i\u00e7in idealdir.","breadcrumb":{"@id":"https:\/\/alegerglobal.com\/tr\/shop-tr\/akilli-goezluekler\/ar-kafa-bandi-olarak-atex-boelge-1-ve-2-icin-rokid-x-craft-eller-serbest-kontrol-5g-3-mikrofon-kopie\/#breadcrumb"},"inLanguage":"tr","potentialAction":[{"@type":"ReadAction","target":["https:\/\/alegerglobal.com\/tr\/shop-tr\/akilli-goezluekler\/ar-kafa-bandi-olarak-atex-boelge-1-ve-2-icin-rokid-x-craft-eller-serbest-kontrol-5g-3-mikrofon-kopie\/"]}]},{"@type":"ImageObject","inLanguage":"tr","@id":"https:\/\/alegerglobal.com\/tr\/shop-tr\/akilli-goezluekler\/ar-kafa-bandi-olarak-atex-boelge-1-ve-2-icin-rokid-x-craft-eller-serbest-kontrol-5g-3-mikrofon-kopie\/#primaryimage","url":"https:\/\/alegerglobal.com\/wp-content\/uploads\/2025\/10\/Navigator-Z1.png","contentUrl":"https:\/\/alegerglobal.com\/wp-content\/uploads\/2025\/10\/Navigator-Z1.png","width":800,"height":800},{"@type":"BreadcrumbList","@id":"https:\/\/alegerglobal.com\/tr\/shop-tr\/akilli-goezluekler\/ar-kafa-bandi-olarak-atex-boelge-1-ve-2-icin-rokid-x-craft-eller-serbest-kontrol-5g-3-mikrofon-kopie\/#breadcrumb","itemListElement":[{"@type":"ListItem","position":1,"name":"Home","item":"https:\/\/alegerglobal.com\/tr\/yeni-anasayfa\/"},{"@type":"ListItem","position":2,"name":"\u00dcr\u00fcnler","item":"https:\/\/alegerglobal.com\/tr\/ueruenler\/"},{"@type":"ListItem","position":3,"name":"RealWear Navigator Z1 &#8211; Tehlikeli ortamlarda kullan\u0131m i\u00e7in sa\u011flam AR g\u00f6zl\u00fckleri"}]},{"@type":"WebSite","@id":"https:\/\/alegerglobal.com\/tr\/#website","url":"https:\/\/alegerglobal.com\/tr\/","name":"ALEGER \u22c6 Augmented Reality","description":"Die besten Augmented Reality (AR) L\u00f6sungen der Welt.","publisher":{"@id":"https:\/\/alegerglobal.com\/tr\/#organization"},"potentialAction":[{"@type":"SearchAction","target":{"@type":"EntryPoint","urlTemplate":"https:\/\/alegerglobal.com\/tr\/?s={search_term_string}"},"query-input":{"@type":"PropertyValueSpecification","valueRequired":true,"valueName":"search_term_string"}}],"inLanguage":"tr"},{"@type":"Organization","@id":"https:\/\/alegerglobal.com\/tr\/#organization","name":"ALEGER \u22c6 Augmented Reality","url":"https:\/\/alegerglobal.com\/tr\/","logo":{"@type":"ImageObject","inLanguage":"tr","@id":"https:\/\/alegerglobal.com\/tr\/#\/schema\/logo\/image\/","url":"https:\/\/alegerglobal.com\/wp-content\/uploads\/2020\/12\/aleger-logo-quadrat.jpg","contentUrl":"https:\/\/alegerglobal.com\/wp-content\/uploads\/2020\/12\/aleger-logo-quadrat.jpg","width":200,"height":176,"caption":"ALEGER \u22c6 Augmented Reality"},"image":{"@id":"https:\/\/alegerglobal.com\/tr\/#\/schema\/logo\/image\/"}}]},"product_brand":"Rokid","product_price_amount":"0.00","product_price_currency":"EUR","og_availability":"instock","product_availability":"instock","product_condition":"new"},"_links":{"self":[{"href":"https:\/\/alegerglobal.com\/tr\/wp-json\/wp\/v2\/product\/50118","targetHints":{"allow":["GET"]}}],"collection":[{"href":"https:\/\/alegerglobal.com\/tr\/wp-json\/wp\/v2\/product"}],"about":[{"href":"https:\/\/alegerglobal.com\/tr\/wp-json\/wp\/v2\/types\/product"}],"replies":[{"embeddable":true,"href":"https:\/\/alegerglobal.com\/tr\/wp-json\/wp\/v2\/comments?post=50118"}],"version-history":[{"count":3,"href":"https:\/\/alegerglobal.com\/tr\/wp-json\/wp\/v2\/product\/50118\/revisions"}],"predecessor-version":[{"id":53891,"href":"https:\/\/alegerglobal.com\/tr\/wp-json\/wp\/v2\/product\/50118\/revisions\/53891"}],"wp:featuredmedia":[{"embeddable":true,"href":"https:\/\/alegerglobal.com\/tr\/wp-json\/wp\/v2\/media\/50134"}],"wp:attachment":[{"href":"https:\/\/alegerglobal.com\/tr\/wp-json\/wp\/v2\/media?parent=50118"}],"wp:term":[{"taxonomy":"product_brand","embeddable":true,"href":"https:\/\/alegerglobal.com\/tr\/wp-json\/wp\/v2\/product_brand?post=50118"},{"taxonomy":"product_cat","embeddable":true,"href":"https:\/\/alegerglobal.com\/tr\/wp-json\/wp\/v2\/product_cat?post=50118"},{"taxonomy":"product_tag","embeddable":true,"href":"https:\/\/alegerglobal.com\/tr\/wp-json\/wp\/v2\/product_tag?post=50118"}],"curies":[{"name":"wp","href":"https:\/\/api.w.org\/{rel}","templated":true}]}}