{"id":50041,"date":"2025-10-06T11:50:01","date_gmt":"2025-10-06T10:50:04","guid":{"rendered":"https:\/\/alegerglobal.com\/?post_type=product&#038;p=50041"},"modified":"2026-03-19T17:48:13","modified_gmt":"2026-03-19T16:48:13","slug":"realwear-navigator-520-profesyoneller-icin-yueksek-kaliteli-realwear-veri-goezluekleri-kopie-2","status":"publish","type":"product","link":"https:\/\/alegerglobal.com\/tr\/shop-tr\/akilli-goezluekler\/realwear-navigator-520-profesyoneller-icin-yueksek-kaliteli-realwear-veri-goezluekleri-kopie-2\/","title":{"rendered":"DigiLens ARGO &#8211; End\u00fcstri ve i\u015fletmeler i\u00e7in yeni nesil AR ak\u0131ll\u0131 g\u00f6zl\u00fck"},"content":{"rendered":"","protected":false},"excerpt":{"rendered":"<p data-start=\"823\" data-end=\"1310\"><strong data-start=\"827\" data-end=\"844\">DigiLens ARGO<\/strong> ile DigiLens, end\u00fcstriyel ve kurumsal odakl\u0131 uygulamalar i\u00e7in \u00f6zel olarak tasarlanm\u0131\u015f ba\u011f\u0131ms\u0131z bir AR ak\u0131ll\u0131 cam \u00e7\u00f6z\u00fcm\u00fcn\u00fc piyasaya s\u00fcr\u00fcyor. ARGO, son teknoloji dalga k\u0131lavuzu optiklerini (Kristal Dalga K\u0131lavuzlar\u0131), sa\u011flam, end\u00fcstriyel s\u0131n\u0131f bir tasar\u0131m\u0131 ve geli\u015fmi\u015f kamera, izleme ve AI i\u015flevlerini birle\u015ftirir. Bu sayede bak\u0131m, denetim, uzaktan destek, e\u011fitim ve \u00fcretimle ilgili uygulamalar i\u00e7in idealdir.  <\/p>\n","protected":false},"featured_media":50075,"comment_status":"open","ping_status":"closed","template":"","meta":{"_acf_changed":false},"product_brand":[],"product_cat":[2317,2318],"product_tag":[],"class_list":{"0":"post-50041","1":"product","2":"type-product","3":"status-publish","4":"has-post-thumbnail","6":"product_cat-akilli-goezluekler","7":"product_cat-shop-tr","8":"pa_hersteller-realwear-tr","10":"first","11":"instock","12":"taxable","13":"shipping-taxable","14":"product-type-simple"},"acf":[],"yoast_head":"<!-- This site is optimized with the Yoast SEO Premium plugin v20.10 (Yoast SEO v24.3) - https:\/\/yoast.com\/wordpress\/plugins\/seo\/ -->\n<title>DigiLens ARGO - Waveguide teknolojisine sahip AR Ak\u0131ll\u0131 G\u00f6zl\u00fck<\/title>\n<meta name=\"description\" content=\"DigiLens AR ak\u0131ll\u0131 g\u00f6zl\u00fck: &gt;3.000 nit parlakl\u0131k, Snapdragon XR2, 6DoF izleme, sa\u011flam (IP65, MIL-STD) - end\u00fcstri, uzaktan destek ve AR i\u015f ak\u0131\u015flar\u0131 i\u00e7in.\" \/>\n<meta name=\"robots\" content=\"index, follow, max-snippet:-1, max-image-preview:large, max-video-preview:-1\" \/>\n<meta property=\"og:locale\" content=\"tr_TR\" \/>\n<meta property=\"og:type\" content=\"article\" \/>\n<meta property=\"og:title\" content=\"DigiLens ARGO - End\u00fcstri ve i\u015fletmeler i\u00e7in yeni nesil AR ak\u0131ll\u0131 g\u00f6zl\u00fck\" \/>\n<meta property=\"og:description\" content=\"DigiLens AR ak\u0131ll\u0131 g\u00f6zl\u00fck: &gt;3.000 nit parlakl\u0131k, Snapdragon XR2, 6DoF izleme, sa\u011flam (IP65, MIL-STD) - end\u00fcstri, uzaktan destek ve AR i\u015f ak\u0131\u015flar\u0131 i\u00e7in.\" \/>\n<meta property=\"og:url\" content=\"https:\/\/alegerglobal.com\/tr\/shop-tr\/akilli-goezluekler\/realwear-navigator-520-profesyoneller-icin-yueksek-kaliteli-realwear-veri-goezluekleri-kopie-2\/\" \/>\n<meta property=\"og:site_name\" content=\"ALEGER \u22c6 Augmented Reality\" \/>\n<meta property=\"article:modified_time\" content=\"2026-03-19T16:48:13+00:00\" \/>\n<meta property=\"og:image\" content=\"https:\/\/alegerglobal.com\/wp-content\/uploads\/2025\/10\/digilens-ar-brille.png\" \/>\n\t<meta property=\"og:image:width\" content=\"800\" \/>\n\t<meta property=\"og:image:height\" content=\"800\" \/>\n\t<meta property=\"og:image:type\" content=\"image\/png\" \/>\n<meta name=\"twitter:card\" content=\"summary_large_image\" \/>\n<meta name=\"twitter:label1\" content=\"Fiyat\" \/>\n\t<meta name=\"twitter:data1\" content=\"\" \/>\n\t<meta name=\"twitter:label2\" content=\"Durumu\" \/>\n\t<meta name=\"twitter:data2\" content=\"Stokta var\" \/>\n<script type=\"application\/ld+json\" class=\"yoast-schema-graph\">{\"@context\":\"https:\/\/schema.org\",\"@graph\":[{\"@type\":\"WebPage\",\"@id\":\"https:\/\/alegerglobal.com\/tr\/shop-tr\/akilli-goezluekler\/realwear-navigator-520-profesyoneller-icin-yueksek-kaliteli-realwear-veri-goezluekleri-kopie-2\/\",\"url\":\"https:\/\/alegerglobal.com\/tr\/shop-tr\/akilli-goezluekler\/realwear-navigator-520-profesyoneller-icin-yueksek-kaliteli-realwear-veri-goezluekleri-kopie-2\/\",\"name\":\"DigiLens ARGO - Waveguide teknolojisine sahip AR Ak\u0131ll\u0131 G\u00f6zl\u00fck\",\"isPartOf\":{\"@id\":\"https:\/\/alegerglobal.com\/tr\/#website\"},\"primaryImageOfPage\":{\"@id\":\"https:\/\/alegerglobal.com\/tr\/shop-tr\/akilli-goezluekler\/realwear-navigator-520-profesyoneller-icin-yueksek-kaliteli-realwear-veri-goezluekleri-kopie-2\/#primaryimage\"},\"image\":{\"@id\":\"https:\/\/alegerglobal.com\/tr\/shop-tr\/akilli-goezluekler\/realwear-navigator-520-profesyoneller-icin-yueksek-kaliteli-realwear-veri-goezluekleri-kopie-2\/#primaryimage\"},\"thumbnailUrl\":\"https:\/\/alegerglobal.com\/wp-content\/uploads\/2025\/10\/digilens-ar-brille.png\",\"datePublished\":\"2025-10-06T10:50:04+00:00\",\"dateModified\":\"2026-03-19T16:48:13+00:00\",\"description\":\"DigiLens AR ak\u0131ll\u0131 g\u00f6zl\u00fck: &gt;3.000 nit parlakl\u0131k, Snapdragon XR2, 6DoF izleme, sa\u011flam (IP65, MIL-STD) - end\u00fcstri, uzaktan destek ve AR i\u015f ak\u0131\u015flar\u0131 i\u00e7in.\",\"breadcrumb\":{\"@id\":\"https:\/\/alegerglobal.com\/tr\/shop-tr\/akilli-goezluekler\/realwear-navigator-520-profesyoneller-icin-yueksek-kaliteli-realwear-veri-goezluekleri-kopie-2\/#breadcrumb\"},\"inLanguage\":\"tr\",\"potentialAction\":[{\"@type\":\"ReadAction\",\"target\":[\"https:\/\/alegerglobal.com\/tr\/shop-tr\/akilli-goezluekler\/realwear-navigator-520-profesyoneller-icin-yueksek-kaliteli-realwear-veri-goezluekleri-kopie-2\/\"]}]},{\"@type\":\"ImageObject\",\"inLanguage\":\"tr\",\"@id\":\"https:\/\/alegerglobal.com\/tr\/shop-tr\/akilli-goezluekler\/realwear-navigator-520-profesyoneller-icin-yueksek-kaliteli-realwear-veri-goezluekleri-kopie-2\/#primaryimage\",\"url\":\"https:\/\/alegerglobal.com\/wp-content\/uploads\/2025\/10\/digilens-ar-brille.png\",\"contentUrl\":\"https:\/\/alegerglobal.com\/wp-content\/uploads\/2025\/10\/digilens-ar-brille.png\",\"width\":800,\"height\":800},{\"@type\":\"BreadcrumbList\",\"@id\":\"https:\/\/alegerglobal.com\/tr\/shop-tr\/akilli-goezluekler\/realwear-navigator-520-profesyoneller-icin-yueksek-kaliteli-realwear-veri-goezluekleri-kopie-2\/#breadcrumb\",\"itemListElement\":[{\"@type\":\"ListItem\",\"position\":1,\"name\":\"Home\",\"item\":\"https:\/\/alegerglobal.com\/tr\/yeni-anasayfa\/\"},{\"@type\":\"ListItem\",\"position\":2,\"name\":\"\u00dcr\u00fcnler\",\"item\":\"https:\/\/alegerglobal.com\/tr\/ueruenler\/\"},{\"@type\":\"ListItem\",\"position\":3,\"name\":\"DigiLens ARGO &#8211; End\u00fcstri ve i\u015fletmeler i\u00e7in yeni nesil AR ak\u0131ll\u0131 g\u00f6zl\u00fck\"}]},{\"@type\":\"WebSite\",\"@id\":\"https:\/\/alegerglobal.com\/tr\/#website\",\"url\":\"https:\/\/alegerglobal.com\/tr\/\",\"name\":\"ALEGER \u22c6 Augmented Reality\",\"description\":\"Die besten Augmented Reality (AR) L\u00f6sungen der Welt.\",\"publisher\":{\"@id\":\"https:\/\/alegerglobal.com\/tr\/#organization\"},\"potentialAction\":[{\"@type\":\"SearchAction\",\"target\":{\"@type\":\"EntryPoint\",\"urlTemplate\":\"https:\/\/alegerglobal.com\/tr\/?s={search_term_string}\"},\"query-input\":{\"@type\":\"PropertyValueSpecification\",\"valueRequired\":true,\"valueName\":\"search_term_string\"}}],\"inLanguage\":\"tr\"},{\"@type\":\"Organization\",\"@id\":\"https:\/\/alegerglobal.com\/tr\/#organization\",\"name\":\"ALEGER \u22c6 Augmented Reality\",\"url\":\"https:\/\/alegerglobal.com\/tr\/\",\"logo\":{\"@type\":\"ImageObject\",\"inLanguage\":\"tr\",\"@id\":\"https:\/\/alegerglobal.com\/tr\/#\/schema\/logo\/image\/\",\"url\":\"https:\/\/alegerglobal.com\/wp-content\/uploads\/2020\/12\/aleger-logo-quadrat.jpg\",\"contentUrl\":\"https:\/\/alegerglobal.com\/wp-content\/uploads\/2020\/12\/aleger-logo-quadrat.jpg\",\"width\":200,\"height\":176,\"caption\":\"ALEGER \u22c6 Augmented Reality\"},\"image\":{\"@id\":\"https:\/\/alegerglobal.com\/tr\/#\/schema\/logo\/image\/\"}}]}<\/script>\n<meta property=\"product:brand\" content=\"RealWear\" \/>\n<meta property=\"product:price:amount\" content=\"0.00\" \/>\n<meta property=\"product:price:currency\" content=\"EUR\" \/>\n<meta property=\"og:availability\" content=\"instock\" \/>\n<meta property=\"product:availability\" content=\"instock\" \/>\n<meta property=\"product:condition\" content=\"new\" \/>\n<!-- \/ Yoast SEO Premium plugin. -->","yoast_head_json":{"title":"DigiLens ARGO - Waveguide teknolojisine sahip AR Ak\u0131ll\u0131 G\u00f6zl\u00fck","description":"DigiLens AR ak\u0131ll\u0131 g\u00f6zl\u00fck: &gt;3.000 nit parlakl\u0131k, Snapdragon XR2, 6DoF izleme, sa\u011flam (IP65, MIL-STD) - end\u00fcstri, uzaktan destek ve AR i\u015f ak\u0131\u015flar\u0131 i\u00e7in.","robots":{"index":"index","follow":"follow","max-snippet":"max-snippet:-1","max-image-preview":"max-image-preview:large","max-video-preview":"max-video-preview:-1"},"og_locale":"tr_TR","og_type":"article","og_title":"DigiLens ARGO - End\u00fcstri ve i\u015fletmeler i\u00e7in yeni nesil AR ak\u0131ll\u0131 g\u00f6zl\u00fck","og_description":"DigiLens AR ak\u0131ll\u0131 g\u00f6zl\u00fck: &gt;3.000 nit parlakl\u0131k, Snapdragon XR2, 6DoF izleme, sa\u011flam (IP65, MIL-STD) - end\u00fcstri, uzaktan destek ve AR i\u015f ak\u0131\u015flar\u0131 i\u00e7in.","og_url":"https:\/\/alegerglobal.com\/tr\/shop-tr\/akilli-goezluekler\/realwear-navigator-520-profesyoneller-icin-yueksek-kaliteli-realwear-veri-goezluekleri-kopie-2\/","og_site_name":"ALEGER \u22c6 Augmented Reality","article_modified_time":"2026-03-19T16:48:13+00:00","og_image":[{"width":800,"height":800,"url":"https:\/\/alegerglobal.com\/wp-content\/uploads\/2025\/10\/digilens-ar-brille.png","type":"image\/png"}],"twitter_card":"summary_large_image","twitter_misc":{"Fiyat":"","Durumu":"Stokta var"},"schema":{"@context":"https:\/\/schema.org","@graph":[{"@type":"WebPage","@id":"https:\/\/alegerglobal.com\/tr\/shop-tr\/akilli-goezluekler\/realwear-navigator-520-profesyoneller-icin-yueksek-kaliteli-realwear-veri-goezluekleri-kopie-2\/","url":"https:\/\/alegerglobal.com\/tr\/shop-tr\/akilli-goezluekler\/realwear-navigator-520-profesyoneller-icin-yueksek-kaliteli-realwear-veri-goezluekleri-kopie-2\/","name":"DigiLens ARGO - Waveguide teknolojisine sahip AR Ak\u0131ll\u0131 G\u00f6zl\u00fck","isPartOf":{"@id":"https:\/\/alegerglobal.com\/tr\/#website"},"primaryImageOfPage":{"@id":"https:\/\/alegerglobal.com\/tr\/shop-tr\/akilli-goezluekler\/realwear-navigator-520-profesyoneller-icin-yueksek-kaliteli-realwear-veri-goezluekleri-kopie-2\/#primaryimage"},"image":{"@id":"https:\/\/alegerglobal.com\/tr\/shop-tr\/akilli-goezluekler\/realwear-navigator-520-profesyoneller-icin-yueksek-kaliteli-realwear-veri-goezluekleri-kopie-2\/#primaryimage"},"thumbnailUrl":"https:\/\/alegerglobal.com\/wp-content\/uploads\/2025\/10\/digilens-ar-brille.png","datePublished":"2025-10-06T10:50:04+00:00","dateModified":"2026-03-19T16:48:13+00:00","description":"DigiLens AR ak\u0131ll\u0131 g\u00f6zl\u00fck: &gt;3.000 nit parlakl\u0131k, Snapdragon XR2, 6DoF izleme, sa\u011flam (IP65, MIL-STD) - end\u00fcstri, uzaktan destek ve AR i\u015f ak\u0131\u015flar\u0131 i\u00e7in.","breadcrumb":{"@id":"https:\/\/alegerglobal.com\/tr\/shop-tr\/akilli-goezluekler\/realwear-navigator-520-profesyoneller-icin-yueksek-kaliteli-realwear-veri-goezluekleri-kopie-2\/#breadcrumb"},"inLanguage":"tr","potentialAction":[{"@type":"ReadAction","target":["https:\/\/alegerglobal.com\/tr\/shop-tr\/akilli-goezluekler\/realwear-navigator-520-profesyoneller-icin-yueksek-kaliteli-realwear-veri-goezluekleri-kopie-2\/"]}]},{"@type":"ImageObject","inLanguage":"tr","@id":"https:\/\/alegerglobal.com\/tr\/shop-tr\/akilli-goezluekler\/realwear-navigator-520-profesyoneller-icin-yueksek-kaliteli-realwear-veri-goezluekleri-kopie-2\/#primaryimage","url":"https:\/\/alegerglobal.com\/wp-content\/uploads\/2025\/10\/digilens-ar-brille.png","contentUrl":"https:\/\/alegerglobal.com\/wp-content\/uploads\/2025\/10\/digilens-ar-brille.png","width":800,"height":800},{"@type":"BreadcrumbList","@id":"https:\/\/alegerglobal.com\/tr\/shop-tr\/akilli-goezluekler\/realwear-navigator-520-profesyoneller-icin-yueksek-kaliteli-realwear-veri-goezluekleri-kopie-2\/#breadcrumb","itemListElement":[{"@type":"ListItem","position":1,"name":"Home","item":"https:\/\/alegerglobal.com\/tr\/yeni-anasayfa\/"},{"@type":"ListItem","position":2,"name":"\u00dcr\u00fcnler","item":"https:\/\/alegerglobal.com\/tr\/ueruenler\/"},{"@type":"ListItem","position":3,"name":"DigiLens ARGO &#8211; End\u00fcstri ve i\u015fletmeler i\u00e7in yeni nesil AR ak\u0131ll\u0131 g\u00f6zl\u00fck"}]},{"@type":"WebSite","@id":"https:\/\/alegerglobal.com\/tr\/#website","url":"https:\/\/alegerglobal.com\/tr\/","name":"ALEGER \u22c6 Augmented Reality","description":"Die besten Augmented Reality (AR) L\u00f6sungen der Welt.","publisher":{"@id":"https:\/\/alegerglobal.com\/tr\/#organization"},"potentialAction":[{"@type":"SearchAction","target":{"@type":"EntryPoint","urlTemplate":"https:\/\/alegerglobal.com\/tr\/?s={search_term_string}"},"query-input":{"@type":"PropertyValueSpecification","valueRequired":true,"valueName":"search_term_string"}}],"inLanguage":"tr"},{"@type":"Organization","@id":"https:\/\/alegerglobal.com\/tr\/#organization","name":"ALEGER \u22c6 Augmented Reality","url":"https:\/\/alegerglobal.com\/tr\/","logo":{"@type":"ImageObject","inLanguage":"tr","@id":"https:\/\/alegerglobal.com\/tr\/#\/schema\/logo\/image\/","url":"https:\/\/alegerglobal.com\/wp-content\/uploads\/2020\/12\/aleger-logo-quadrat.jpg","contentUrl":"https:\/\/alegerglobal.com\/wp-content\/uploads\/2020\/12\/aleger-logo-quadrat.jpg","width":200,"height":176,"caption":"ALEGER \u22c6 Augmented Reality"},"image":{"@id":"https:\/\/alegerglobal.com\/tr\/#\/schema\/logo\/image\/"}}]},"product_brand":"RealWear","product_price_amount":"0.00","product_price_currency":"EUR","og_availability":"instock","product_availability":"instock","product_condition":"new"},"_links":{"self":[{"href":"https:\/\/alegerglobal.com\/tr\/wp-json\/wp\/v2\/product\/50041","targetHints":{"allow":["GET"]}}],"collection":[{"href":"https:\/\/alegerglobal.com\/tr\/wp-json\/wp\/v2\/product"}],"about":[{"href":"https:\/\/alegerglobal.com\/tr\/wp-json\/wp\/v2\/types\/product"}],"replies":[{"embeddable":true,"href":"https:\/\/alegerglobal.com\/tr\/wp-json\/wp\/v2\/comments?post=50041"}],"version-history":[{"count":4,"href":"https:\/\/alegerglobal.com\/tr\/wp-json\/wp\/v2\/product\/50041\/revisions"}],"predecessor-version":[{"id":53847,"href":"https:\/\/alegerglobal.com\/tr\/wp-json\/wp\/v2\/product\/50041\/revisions\/53847"}],"wp:featuredmedia":[{"embeddable":true,"href":"https:\/\/alegerglobal.com\/tr\/wp-json\/wp\/v2\/media\/50075"}],"wp:attachment":[{"href":"https:\/\/alegerglobal.com\/tr\/wp-json\/wp\/v2\/media?parent=50041"}],"wp:term":[{"taxonomy":"product_brand","embeddable":true,"href":"https:\/\/alegerglobal.com\/tr\/wp-json\/wp\/v2\/product_brand?post=50041"},{"taxonomy":"product_cat","embeddable":true,"href":"https:\/\/alegerglobal.com\/tr\/wp-json\/wp\/v2\/product_cat?post=50041"},{"taxonomy":"product_tag","embeddable":true,"href":"https:\/\/alegerglobal.com\/tr\/wp-json\/wp\/v2\/product_tag?post=50041"}],"curies":[{"name":"wp","href":"https:\/\/api.w.org\/{rel}","templated":true}]}}