{"id":49697,"date":"2025-09-15T08:39:53","date_gmt":"2025-09-15T07:39:56","guid":{"rendered":"https:\/\/alegerglobal.com\/?post_type=product&#038;p=49697"},"modified":"2026-03-25T20:11:12","modified_gmt":"2026-03-25T19:11:12","slug":"realwear-navigator-520-profesyoneller-icin-yueksek-kaliteli-realwear-veri-goezluekleri","status":"publish","type":"product","link":"https:\/\/alegerglobal.com\/tr\/shop-tr\/akilli-goezluekler\/realwear-navigator-520-profesyoneller-icin-yueksek-kaliteli-realwear-veri-goezluekleri\/","title":{"rendered":"Moziware Nex\u014d &#8211; End\u00fcstri ve uzaktan destek i\u00e7in yenilik\u00e7i veri g\u00f6zl\u00fckleri"},"content":{"rendered":"","protected":false},"excerpt":{"rendered":"<p data-start=\"696\" data-end=\"1106\"><strong data-start=\"700\" data-end=\"717\">Moziware Nex\u014d<\/strong>, Wi-Fi ve Android uygulamas\u0131 arac\u0131l\u0131\u011f\u0131yla ak\u0131ll\u0131 telefon ekran\u0131na sahip ilk end\u00fcstriyel veri g\u00f6zl\u00fc\u011f\u00fcd\u00fcr. <strong data-start=\"822\" data-end=\"860\">Son derece d\u00fc\u015f\u00fck a\u011f\u0131rl\u0131\u011f\u0131 (sadece 95 g)<\/strong> sa\u011flam bir tasar\u0131m ve g\u00fc\u00e7l\u00fc donan\u0131mla birle\u015ftirir. Bu da onu end\u00fcstride, uzaktan destek, denetimler, bak\u0131m ve bilgiye eller serbest eri\u015fimin \u00e7ok \u00f6nemli oldu\u011fu t\u00fcm uygulamalarda kullan\u0131m i\u00e7in ideal hale getirir.<\/p>\n","protected":false},"featured_media":50093,"comment_status":"open","ping_status":"closed","template":"","meta":{"_acf_changed":false},"product_brand":[],"product_cat":[2317,2318],"product_tag":[],"class_list":{"0":"post-49697","1":"product","2":"type-product","3":"status-publish","4":"has-post-thumbnail","6":"product_cat-akilli-goezluekler","7":"product_cat-shop-tr","9":"first","10":"instock","11":"taxable","12":"shipping-taxable","13":"product-type-simple"},"acf":[],"yoast_head":"<!-- This site is optimized with the Yoast SEO Premium plugin v20.10 (Yoast SEO v24.3) - https:\/\/yoast.com\/wordpress\/plugins\/seo\/ -->\n<title>Moziware Nex\u014d - Ak\u0131ll\u0131 G\u00f6zl\u00fck - Android ve 16 MP Kamera sat\u0131n al- ALEGER \u22c6 Augmented Reality<\/title>\n<meta name=\"description\" content=\"Moziware Nex\u014d hafif (95 g), 16 MP kameral\u0131, 13 dilde ve IP66 korumal\u0131 ak\u0131ll\u0131 g\u00f6zl\u00fcklerdir. End\u00fcstri, uzaktan destek ve dok\u00fcmantasyon i\u00e7in idealdir.\" \/>\n<meta name=\"robots\" content=\"index, follow, max-snippet:-1, max-image-preview:large, max-video-preview:-1\" \/>\n<meta property=\"og:locale\" content=\"tr_TR\" \/>\n<meta property=\"og:type\" content=\"article\" \/>\n<meta property=\"og:title\" content=\"Moziware Nex\u014d - End\u00fcstri ve uzaktan destek i\u00e7in yenilik\u00e7i veri g\u00f6zl\u00fckleri\" \/>\n<meta property=\"og:description\" content=\"Moziware Nex\u014d hafif (95 g), 16 MP kameral\u0131, 13 dilde ve IP66 korumal\u0131 ak\u0131ll\u0131 g\u00f6zl\u00fcklerdir. End\u00fcstri, uzaktan destek ve dok\u00fcmantasyon i\u00e7in idealdir.\" \/>\n<meta property=\"og:url\" content=\"https:\/\/alegerglobal.com\/tr\/shop-tr\/akilli-goezluekler\/realwear-navigator-520-profesyoneller-icin-yueksek-kaliteli-realwear-veri-goezluekleri\/\" \/>\n<meta property=\"og:site_name\" content=\"ALEGER \u22c6 Augmented Reality\" \/>\n<meta property=\"article:modified_time\" content=\"2026-03-25T19:11:12+00:00\" \/>\n<meta property=\"og:image\" content=\"https:\/\/alegerglobal.com\/wp-content\/uploads\/2025\/09\/moziware-nexo.png\" \/>\n\t<meta property=\"og:image:width\" content=\"800\" \/>\n\t<meta property=\"og:image:height\" content=\"800\" \/>\n\t<meta property=\"og:image:type\" content=\"image\/png\" \/>\n<meta name=\"twitter:card\" content=\"summary_large_image\" \/>\n<meta name=\"twitter:label1\" content=\"Fiyat\" \/>\n\t<meta name=\"twitter:data1\" content=\"\" \/>\n\t<meta name=\"twitter:label2\" content=\"Durumu\" \/>\n\t<meta name=\"twitter:data2\" content=\"Stokta var\" \/>\n<script type=\"application\/ld+json\" class=\"yoast-schema-graph\">{\"@context\":\"https:\/\/schema.org\",\"@graph\":[{\"@type\":\"WebPage\",\"@id\":\"https:\/\/alegerglobal.com\/tr\/shop-tr\/akilli-goezluekler\/realwear-navigator-520-profesyoneller-icin-yueksek-kaliteli-realwear-veri-goezluekleri\/\",\"url\":\"https:\/\/alegerglobal.com\/tr\/shop-tr\/akilli-goezluekler\/realwear-navigator-520-profesyoneller-icin-yueksek-kaliteli-realwear-veri-goezluekleri\/\",\"name\":\"Moziware Nex\u014d - Ak\u0131ll\u0131 G\u00f6zl\u00fck - Android ve 16 MP Kamera sat\u0131n al- ALEGER \u22c6 Augmented Reality\",\"isPartOf\":{\"@id\":\"https:\/\/alegerglobal.com\/tr\/#website\"},\"primaryImageOfPage\":{\"@id\":\"https:\/\/alegerglobal.com\/tr\/shop-tr\/akilli-goezluekler\/realwear-navigator-520-profesyoneller-icin-yueksek-kaliteli-realwear-veri-goezluekleri\/#primaryimage\"},\"image\":{\"@id\":\"https:\/\/alegerglobal.com\/tr\/shop-tr\/akilli-goezluekler\/realwear-navigator-520-profesyoneller-icin-yueksek-kaliteli-realwear-veri-goezluekleri\/#primaryimage\"},\"thumbnailUrl\":\"https:\/\/alegerglobal.com\/wp-content\/uploads\/2025\/09\/moziware-nexo.png\",\"datePublished\":\"2025-09-15T07:39:56+00:00\",\"dateModified\":\"2026-03-25T19:11:12+00:00\",\"description\":\"Moziware Nex\u014d hafif (95 g), 16 MP kameral\u0131, 13 dilde ve IP66 korumal\u0131 ak\u0131ll\u0131 g\u00f6zl\u00fcklerdir. End\u00fcstri, uzaktan destek ve dok\u00fcmantasyon i\u00e7in idealdir.\",\"breadcrumb\":{\"@id\":\"https:\/\/alegerglobal.com\/tr\/shop-tr\/akilli-goezluekler\/realwear-navigator-520-profesyoneller-icin-yueksek-kaliteli-realwear-veri-goezluekleri\/#breadcrumb\"},\"inLanguage\":\"tr\",\"potentialAction\":[{\"@type\":\"ReadAction\",\"target\":[\"https:\/\/alegerglobal.com\/tr\/shop-tr\/akilli-goezluekler\/realwear-navigator-520-profesyoneller-icin-yueksek-kaliteli-realwear-veri-goezluekleri\/\"]}]},{\"@type\":\"ImageObject\",\"inLanguage\":\"tr\",\"@id\":\"https:\/\/alegerglobal.com\/tr\/shop-tr\/akilli-goezluekler\/realwear-navigator-520-profesyoneller-icin-yueksek-kaliteli-realwear-veri-goezluekleri\/#primaryimage\",\"url\":\"https:\/\/alegerglobal.com\/wp-content\/uploads\/2025\/09\/moziware-nexo.png\",\"contentUrl\":\"https:\/\/alegerglobal.com\/wp-content\/uploads\/2025\/09\/moziware-nexo.png\",\"width\":800,\"height\":800},{\"@type\":\"BreadcrumbList\",\"@id\":\"https:\/\/alegerglobal.com\/tr\/shop-tr\/akilli-goezluekler\/realwear-navigator-520-profesyoneller-icin-yueksek-kaliteli-realwear-veri-goezluekleri\/#breadcrumb\",\"itemListElement\":[{\"@type\":\"ListItem\",\"position\":1,\"name\":\"Home\",\"item\":\"https:\/\/alegerglobal.com\/tr\/yeni-anasayfa\/\"},{\"@type\":\"ListItem\",\"position\":2,\"name\":\"\u00dcr\u00fcnler\",\"item\":\"https:\/\/alegerglobal.com\/tr\/ueruenler\/\"},{\"@type\":\"ListItem\",\"position\":3,\"name\":\"Moziware Nex\u014d &#8211; End\u00fcstri ve uzaktan destek i\u00e7in yenilik\u00e7i veri g\u00f6zl\u00fckleri\"}]},{\"@type\":\"WebSite\",\"@id\":\"https:\/\/alegerglobal.com\/tr\/#website\",\"url\":\"https:\/\/alegerglobal.com\/tr\/\",\"name\":\"ALEGER \u22c6 Augmented Reality\",\"description\":\"Die besten Augmented Reality (AR) L\u00f6sungen der Welt.\",\"publisher\":{\"@id\":\"https:\/\/alegerglobal.com\/tr\/#organization\"},\"potentialAction\":[{\"@type\":\"SearchAction\",\"target\":{\"@type\":\"EntryPoint\",\"urlTemplate\":\"https:\/\/alegerglobal.com\/tr\/?s={search_term_string}\"},\"query-input\":{\"@type\":\"PropertyValueSpecification\",\"valueRequired\":true,\"valueName\":\"search_term_string\"}}],\"inLanguage\":\"tr\"},{\"@type\":\"Organization\",\"@id\":\"https:\/\/alegerglobal.com\/tr\/#organization\",\"name\":\"ALEGER \u22c6 Augmented Reality\",\"url\":\"https:\/\/alegerglobal.com\/tr\/\",\"logo\":{\"@type\":\"ImageObject\",\"inLanguage\":\"tr\",\"@id\":\"https:\/\/alegerglobal.com\/tr\/#\/schema\/logo\/image\/\",\"url\":\"https:\/\/alegerglobal.com\/wp-content\/uploads\/2020\/12\/aleger-logo-quadrat.jpg\",\"contentUrl\":\"https:\/\/alegerglobal.com\/wp-content\/uploads\/2020\/12\/aleger-logo-quadrat.jpg\",\"width\":200,\"height\":176,\"caption\":\"ALEGER \u22c6 Augmented Reality\"},\"image\":{\"@id\":\"https:\/\/alegerglobal.com\/tr\/#\/schema\/logo\/image\/\"}}]}<\/script>\n<meta property=\"product:price:amount\" content=\"0.00\" \/>\n<meta property=\"product:price:currency\" content=\"EUR\" \/>\n<meta property=\"og:availability\" content=\"instock\" \/>\n<meta property=\"product:availability\" content=\"instock\" \/>\n<meta property=\"product:condition\" content=\"new\" \/>\n<!-- \/ Yoast SEO Premium plugin. -->","yoast_head_json":{"title":"Moziware Nex\u014d - Ak\u0131ll\u0131 G\u00f6zl\u00fck - Android ve 16 MP Kamera sat\u0131n al- ALEGER \u22c6 Augmented Reality","description":"Moziware Nex\u014d hafif (95 g), 16 MP kameral\u0131, 13 dilde ve IP66 korumal\u0131 ak\u0131ll\u0131 g\u00f6zl\u00fcklerdir. End\u00fcstri, uzaktan destek ve dok\u00fcmantasyon i\u00e7in idealdir.","robots":{"index":"index","follow":"follow","max-snippet":"max-snippet:-1","max-image-preview":"max-image-preview:large","max-video-preview":"max-video-preview:-1"},"og_locale":"tr_TR","og_type":"article","og_title":"Moziware Nex\u014d - End\u00fcstri ve uzaktan destek i\u00e7in yenilik\u00e7i veri g\u00f6zl\u00fckleri","og_description":"Moziware Nex\u014d hafif (95 g), 16 MP kameral\u0131, 13 dilde ve IP66 korumal\u0131 ak\u0131ll\u0131 g\u00f6zl\u00fcklerdir. End\u00fcstri, uzaktan destek ve dok\u00fcmantasyon i\u00e7in idealdir.","og_url":"https:\/\/alegerglobal.com\/tr\/shop-tr\/akilli-goezluekler\/realwear-navigator-520-profesyoneller-icin-yueksek-kaliteli-realwear-veri-goezluekleri\/","og_site_name":"ALEGER \u22c6 Augmented Reality","article_modified_time":"2026-03-25T19:11:12+00:00","og_image":[{"width":800,"height":800,"url":"https:\/\/alegerglobal.com\/wp-content\/uploads\/2025\/09\/moziware-nexo.png","type":"image\/png"}],"twitter_card":"summary_large_image","twitter_misc":{"Fiyat":"","Durumu":"Stokta var"},"schema":{"@context":"https:\/\/schema.org","@graph":[{"@type":"WebPage","@id":"https:\/\/alegerglobal.com\/tr\/shop-tr\/akilli-goezluekler\/realwear-navigator-520-profesyoneller-icin-yueksek-kaliteli-realwear-veri-goezluekleri\/","url":"https:\/\/alegerglobal.com\/tr\/shop-tr\/akilli-goezluekler\/realwear-navigator-520-profesyoneller-icin-yueksek-kaliteli-realwear-veri-goezluekleri\/","name":"Moziware Nex\u014d - Ak\u0131ll\u0131 G\u00f6zl\u00fck - Android ve 16 MP Kamera sat\u0131n al- ALEGER \u22c6 Augmented Reality","isPartOf":{"@id":"https:\/\/alegerglobal.com\/tr\/#website"},"primaryImageOfPage":{"@id":"https:\/\/alegerglobal.com\/tr\/shop-tr\/akilli-goezluekler\/realwear-navigator-520-profesyoneller-icin-yueksek-kaliteli-realwear-veri-goezluekleri\/#primaryimage"},"image":{"@id":"https:\/\/alegerglobal.com\/tr\/shop-tr\/akilli-goezluekler\/realwear-navigator-520-profesyoneller-icin-yueksek-kaliteli-realwear-veri-goezluekleri\/#primaryimage"},"thumbnailUrl":"https:\/\/alegerglobal.com\/wp-content\/uploads\/2025\/09\/moziware-nexo.png","datePublished":"2025-09-15T07:39:56+00:00","dateModified":"2026-03-25T19:11:12+00:00","description":"Moziware Nex\u014d hafif (95 g), 16 MP kameral\u0131, 13 dilde ve IP66 korumal\u0131 ak\u0131ll\u0131 g\u00f6zl\u00fcklerdir. End\u00fcstri, uzaktan destek ve dok\u00fcmantasyon i\u00e7in idealdir.","breadcrumb":{"@id":"https:\/\/alegerglobal.com\/tr\/shop-tr\/akilli-goezluekler\/realwear-navigator-520-profesyoneller-icin-yueksek-kaliteli-realwear-veri-goezluekleri\/#breadcrumb"},"inLanguage":"tr","potentialAction":[{"@type":"ReadAction","target":["https:\/\/alegerglobal.com\/tr\/shop-tr\/akilli-goezluekler\/realwear-navigator-520-profesyoneller-icin-yueksek-kaliteli-realwear-veri-goezluekleri\/"]}]},{"@type":"ImageObject","inLanguage":"tr","@id":"https:\/\/alegerglobal.com\/tr\/shop-tr\/akilli-goezluekler\/realwear-navigator-520-profesyoneller-icin-yueksek-kaliteli-realwear-veri-goezluekleri\/#primaryimage","url":"https:\/\/alegerglobal.com\/wp-content\/uploads\/2025\/09\/moziware-nexo.png","contentUrl":"https:\/\/alegerglobal.com\/wp-content\/uploads\/2025\/09\/moziware-nexo.png","width":800,"height":800},{"@type":"BreadcrumbList","@id":"https:\/\/alegerglobal.com\/tr\/shop-tr\/akilli-goezluekler\/realwear-navigator-520-profesyoneller-icin-yueksek-kaliteli-realwear-veri-goezluekleri\/#breadcrumb","itemListElement":[{"@type":"ListItem","position":1,"name":"Home","item":"https:\/\/alegerglobal.com\/tr\/yeni-anasayfa\/"},{"@type":"ListItem","position":2,"name":"\u00dcr\u00fcnler","item":"https:\/\/alegerglobal.com\/tr\/ueruenler\/"},{"@type":"ListItem","position":3,"name":"Moziware Nex\u014d &#8211; End\u00fcstri ve uzaktan destek i\u00e7in yenilik\u00e7i veri g\u00f6zl\u00fckleri"}]},{"@type":"WebSite","@id":"https:\/\/alegerglobal.com\/tr\/#website","url":"https:\/\/alegerglobal.com\/tr\/","name":"ALEGER \u22c6 Augmented Reality","description":"Die besten Augmented Reality (AR) L\u00f6sungen der Welt.","publisher":{"@id":"https:\/\/alegerglobal.com\/tr\/#organization"},"potentialAction":[{"@type":"SearchAction","target":{"@type":"EntryPoint","urlTemplate":"https:\/\/alegerglobal.com\/tr\/?s={search_term_string}"},"query-input":{"@type":"PropertyValueSpecification","valueRequired":true,"valueName":"search_term_string"}}],"inLanguage":"tr"},{"@type":"Organization","@id":"https:\/\/alegerglobal.com\/tr\/#organization","name":"ALEGER \u22c6 Augmented Reality","url":"https:\/\/alegerglobal.com\/tr\/","logo":{"@type":"ImageObject","inLanguage":"tr","@id":"https:\/\/alegerglobal.com\/tr\/#\/schema\/logo\/image\/","url":"https:\/\/alegerglobal.com\/wp-content\/uploads\/2020\/12\/aleger-logo-quadrat.jpg","contentUrl":"https:\/\/alegerglobal.com\/wp-content\/uploads\/2020\/12\/aleger-logo-quadrat.jpg","width":200,"height":176,"caption":"ALEGER \u22c6 Augmented Reality"},"image":{"@id":"https:\/\/alegerglobal.com\/tr\/#\/schema\/logo\/image\/"}}]},"product_price_amount":"0.00","product_price_currency":"EUR","og_availability":"instock","product_availability":"instock","product_condition":"new"},"_links":{"self":[{"href":"https:\/\/alegerglobal.com\/tr\/wp-json\/wp\/v2\/product\/49697","targetHints":{"allow":["GET"]}}],"collection":[{"href":"https:\/\/alegerglobal.com\/tr\/wp-json\/wp\/v2\/product"}],"about":[{"href":"https:\/\/alegerglobal.com\/tr\/wp-json\/wp\/v2\/types\/product"}],"replies":[{"embeddable":true,"href":"https:\/\/alegerglobal.com\/tr\/wp-json\/wp\/v2\/comments?post=49697"}],"version-history":[{"count":3,"href":"https:\/\/alegerglobal.com\/tr\/wp-json\/wp\/v2\/product\/49697\/revisions"}],"predecessor-version":[{"id":53900,"href":"https:\/\/alegerglobal.com\/tr\/wp-json\/wp\/v2\/product\/49697\/revisions\/53900"}],"wp:featuredmedia":[{"embeddable":true,"href":"https:\/\/alegerglobal.com\/tr\/wp-json\/wp\/v2\/media\/50093"}],"wp:attachment":[{"href":"https:\/\/alegerglobal.com\/tr\/wp-json\/wp\/v2\/media?parent=49697"}],"wp:term":[{"taxonomy":"product_brand","embeddable":true,"href":"https:\/\/alegerglobal.com\/tr\/wp-json\/wp\/v2\/product_brand?post=49697"},{"taxonomy":"product_cat","embeddable":true,"href":"https:\/\/alegerglobal.com\/tr\/wp-json\/wp\/v2\/product_cat?post=49697"},{"taxonomy":"product_tag","embeddable":true,"href":"https:\/\/alegerglobal.com\/tr\/wp-json\/wp\/v2\/product_tag?post=49697"}],"curies":[{"name":"wp","href":"https:\/\/api.w.org\/{rel}","templated":true}]}}