{"id":49583,"date":"2025-09-14T19:00:32","date_gmt":"2025-09-14T18:00:35","guid":{"rendered":"https:\/\/alegerglobal.com\/?post_type=product&#038;p=49583"},"modified":"2026-03-19T18:47:32","modified_gmt":"2026-03-19T17:47:32","slug":"ecom-pad-ex-pro-01-p8-dz2-patlamaya-dayanikli-tablet-atex-zone-2-116-dokunmatik-ekran-windows-kopie-kopie-kopie","status":"publish","type":"product","link":"https:\/\/alegerglobal.com\/tr\/shop-tr\/ecom-pad-ex-pro-01-p8-dz2-patlamaya-dayanikli-tablet-atex-zone-2-116-dokunmatik-ekran-windows-kopie-kopie-kopie\/","title":{"rendered":"EdgeTwo &#8211; Zorlu Ex uygulamalar\u0131 i\u00e7in daha fazla performans ve ba\u011flant\u0131"},"content":{"rendered":"","protected":false},"excerpt":{"rendered":"<p>RuggedEdge&#8217;den <strong data-start=\"752\" data-end=\"763\">EdgeTwo<\/strong>, tehlikeli alanlarda end\u00fcstriyel IoT uygulamalar\u0131 i\u00e7in tasarlanm\u0131\u015f geli\u015fmi\u015f bir a\u011f ge\u00e7ididir. EdgeOne&#8217;\u0131n i\u015flevlerini geni\u015fletir, 5G ve \u00f6zel a\u011flar\u0131 do\u011frudan cihaz konumunda AI bile\u015fenleri, sa\u011flam yap\u0131 ve kapsaml\u0131 ba\u011flant\u0131 se\u00e7enekleri ile birle\u015ftirir. G\u00fcvenilir ger\u00e7ek zamanl\u0131 ileti\u015fim, g\u00fcvenlik ve \u00f6l\u00e7eklenebilirli\u011fin \u00e7ok \u00f6nemli oldu\u011fu senaryolar i\u00e7in m\u00fckemmeldir.<\/p>\n","protected":false},"featured_media":49599,"comment_status":"open","ping_status":"closed","template":"","meta":{"_acf_changed":false},"product_brand":[],"product_cat":[2319,2618,2617,2318],"product_tag":[],"class_list":{"0":"post-49583","1":"product","2":"type-product","3":"status-publish","4":"has-post-thumbnail","6":"product_cat-atex-tr","7":"product_cat-iletisim","8":"product_cat-mobil-bilisim","9":"product_cat-shop-tr","11":"first","12":"instock","13":"taxable","14":"shipping-taxable","15":"purchasable","16":"product-type-simple"},"acf":[],"yoast_head":"<!-- This site is optimized with the Yoast SEO Premium plugin v20.10 (Yoast SEO v24.3) - https:\/\/yoast.com\/wordpress\/plugins\/seo\/ -->\n<title>EdgeTwo - Ex ortamlar i\u00e7in geli\u015fmi\u015f 5G IIoT a\u011f ge\u00e7itleri<\/title>\n<meta name=\"description\" content=\"RuggedEdge&#039;den EdgeTwo: WiFi 6, Edge-AI, sa\u011flam tasar\u0131m ve IP korumal\u0131 g\u00fc\u00e7l\u00fc, kendinden g\u00fcvenli 5G IIoT a\u011f ge\u00e7idi. End\u00fcstri, petrol &amp; gaz ve kritik \u00e7al\u0131\u015fma alanlar\u0131 i\u00e7in idealdir.\" \/>\n<meta name=\"robots\" content=\"index, follow, max-snippet:-1, max-image-preview:large, max-video-preview:-1\" \/>\n<meta property=\"og:locale\" content=\"tr_TR\" \/>\n<meta property=\"og:type\" content=\"article\" \/>\n<meta property=\"og:title\" content=\"EdgeTwo - Zorlu Ex uygulamalar\u0131 i\u00e7in daha fazla performans ve ba\u011flant\u0131\" \/>\n<meta property=\"og:description\" content=\"RuggedEdge&#039;den EdgeTwo: WiFi 6, Edge-AI, sa\u011flam tasar\u0131m ve IP korumal\u0131 g\u00fc\u00e7l\u00fc, kendinden g\u00fcvenli 5G IIoT a\u011f ge\u00e7idi. End\u00fcstri, petrol &amp; gaz ve kritik \u00e7al\u0131\u015fma alanlar\u0131 i\u00e7in idealdir.\" \/>\n<meta property=\"og:url\" content=\"https:\/\/alegerglobal.com\/tr\/shop-tr\/ecom-pad-ex-pro-01-p8-dz2-patlamaya-dayanikli-tablet-atex-zone-2-116-dokunmatik-ekran-windows-kopie-kopie-kopie\/\" \/>\n<meta property=\"og:site_name\" content=\"ALEGER \u22c6 Augmented Reality\" \/>\n<meta property=\"article:modified_time\" content=\"2026-03-19T17:47:32+00:00\" \/>\n<meta property=\"og:image\" content=\"https:\/\/alegerglobal.com\/wp-content\/uploads\/2025\/09\/Unbenannt-1-500x500-1.jpg\" \/>\n\t<meta property=\"og:image:width\" content=\"500\" \/>\n\t<meta property=\"og:image:height\" content=\"500\" \/>\n\t<meta property=\"og:image:type\" content=\"image\/jpeg\" \/>\n<meta name=\"twitter:card\" content=\"summary_large_image\" \/>\n<meta name=\"twitter:label1\" content=\"Fiyat\" \/>\n\t<meta name=\"twitter:data1\" content=\"&euro;4.249,00\" \/>\n\t<meta name=\"twitter:label2\" content=\"Durumu\" \/>\n\t<meta name=\"twitter:data2\" content=\"Stokta var\" \/>\n<script type=\"application\/ld+json\" class=\"yoast-schema-graph\">{\"@context\":\"https:\/\/schema.org\",\"@graph\":[{\"@type\":\"WebPage\",\"@id\":\"https:\/\/alegerglobal.com\/tr\/shop-tr\/ecom-pad-ex-pro-01-p8-dz2-patlamaya-dayanikli-tablet-atex-zone-2-116-dokunmatik-ekran-windows-kopie-kopie-kopie\/\",\"url\":\"https:\/\/alegerglobal.com\/tr\/shop-tr\/ecom-pad-ex-pro-01-p8-dz2-patlamaya-dayanikli-tablet-atex-zone-2-116-dokunmatik-ekran-windows-kopie-kopie-kopie\/\",\"name\":\"EdgeTwo - Ex ortamlar i\u00e7in geli\u015fmi\u015f 5G IIoT a\u011f ge\u00e7itleri\",\"isPartOf\":{\"@id\":\"https:\/\/alegerglobal.com\/tr\/#website\"},\"primaryImageOfPage\":{\"@id\":\"https:\/\/alegerglobal.com\/tr\/shop-tr\/ecom-pad-ex-pro-01-p8-dz2-patlamaya-dayanikli-tablet-atex-zone-2-116-dokunmatik-ekran-windows-kopie-kopie-kopie\/#primaryimage\"},\"image\":{\"@id\":\"https:\/\/alegerglobal.com\/tr\/shop-tr\/ecom-pad-ex-pro-01-p8-dz2-patlamaya-dayanikli-tablet-atex-zone-2-116-dokunmatik-ekran-windows-kopie-kopie-kopie\/#primaryimage\"},\"thumbnailUrl\":\"https:\/\/alegerglobal.com\/wp-content\/uploads\/2025\/09\/Unbenannt-1-500x500-1.jpg\",\"datePublished\":\"2025-09-14T18:00:35+00:00\",\"dateModified\":\"2026-03-19T17:47:32+00:00\",\"description\":\"RuggedEdge'den EdgeTwo: WiFi 6, Edge-AI, sa\u011flam tasar\u0131m ve IP korumal\u0131 g\u00fc\u00e7l\u00fc, kendinden g\u00fcvenli 5G IIoT a\u011f ge\u00e7idi. End\u00fcstri, petrol & gaz ve kritik \u00e7al\u0131\u015fma alanlar\u0131 i\u00e7in idealdir.\",\"breadcrumb\":{\"@id\":\"https:\/\/alegerglobal.com\/tr\/shop-tr\/ecom-pad-ex-pro-01-p8-dz2-patlamaya-dayanikli-tablet-atex-zone-2-116-dokunmatik-ekran-windows-kopie-kopie-kopie\/#breadcrumb\"},\"inLanguage\":\"tr\",\"potentialAction\":[{\"@type\":\"ReadAction\",\"target\":[\"https:\/\/alegerglobal.com\/tr\/shop-tr\/ecom-pad-ex-pro-01-p8-dz2-patlamaya-dayanikli-tablet-atex-zone-2-116-dokunmatik-ekran-windows-kopie-kopie-kopie\/\"]}]},{\"@type\":\"ImageObject\",\"inLanguage\":\"tr\",\"@id\":\"https:\/\/alegerglobal.com\/tr\/shop-tr\/ecom-pad-ex-pro-01-p8-dz2-patlamaya-dayanikli-tablet-atex-zone-2-116-dokunmatik-ekran-windows-kopie-kopie-kopie\/#primaryimage\",\"url\":\"https:\/\/alegerglobal.com\/wp-content\/uploads\/2025\/09\/Unbenannt-1-500x500-1.jpg\",\"contentUrl\":\"https:\/\/alegerglobal.com\/wp-content\/uploads\/2025\/09\/Unbenannt-1-500x500-1.jpg\",\"width\":500,\"height\":500},{\"@type\":\"BreadcrumbList\",\"@id\":\"https:\/\/alegerglobal.com\/tr\/shop-tr\/ecom-pad-ex-pro-01-p8-dz2-patlamaya-dayanikli-tablet-atex-zone-2-116-dokunmatik-ekran-windows-kopie-kopie-kopie\/#breadcrumb\",\"itemListElement\":[{\"@type\":\"ListItem\",\"position\":1,\"name\":\"Home\",\"item\":\"https:\/\/alegerglobal.com\/tr\/yeni-anasayfa\/\"},{\"@type\":\"ListItem\",\"position\":2,\"name\":\"\u00dcr\u00fcnler\",\"item\":\"https:\/\/alegerglobal.com\/tr\/ueruenler\/\"},{\"@type\":\"ListItem\",\"position\":3,\"name\":\"EdgeTwo &#8211; Zorlu Ex uygulamalar\u0131 i\u00e7in daha fazla performans ve ba\u011flant\u0131\"}]},{\"@type\":\"WebSite\",\"@id\":\"https:\/\/alegerglobal.com\/tr\/#website\",\"url\":\"https:\/\/alegerglobal.com\/tr\/\",\"name\":\"ALEGER \u22c6 Augmented Reality\",\"description\":\"Die besten Augmented Reality (AR) L\u00f6sungen der Welt.\",\"publisher\":{\"@id\":\"https:\/\/alegerglobal.com\/tr\/#organization\"},\"potentialAction\":[{\"@type\":\"SearchAction\",\"target\":{\"@type\":\"EntryPoint\",\"urlTemplate\":\"https:\/\/alegerglobal.com\/tr\/?s={search_term_string}\"},\"query-input\":{\"@type\":\"PropertyValueSpecification\",\"valueRequired\":true,\"valueName\":\"search_term_string\"}}],\"inLanguage\":\"tr\"},{\"@type\":\"Organization\",\"@id\":\"https:\/\/alegerglobal.com\/tr\/#organization\",\"name\":\"ALEGER \u22c6 Augmented Reality\",\"url\":\"https:\/\/alegerglobal.com\/tr\/\",\"logo\":{\"@type\":\"ImageObject\",\"inLanguage\":\"tr\",\"@id\":\"https:\/\/alegerglobal.com\/tr\/#\/schema\/logo\/image\/\",\"url\":\"https:\/\/alegerglobal.com\/wp-content\/uploads\/2020\/12\/aleger-logo-quadrat.jpg\",\"contentUrl\":\"https:\/\/alegerglobal.com\/wp-content\/uploads\/2020\/12\/aleger-logo-quadrat.jpg\",\"width\":200,\"height\":176,\"caption\":\"ALEGER \u22c6 Augmented Reality\"},\"image\":{\"@id\":\"https:\/\/alegerglobal.com\/tr\/#\/schema\/logo\/image\/\"}}]}<\/script>\n<meta property=\"product:price:amount\" content=\"4249.00\" \/>\n<meta property=\"product:price:currency\" content=\"EUR\" \/>\n<meta property=\"og:availability\" content=\"instock\" \/>\n<meta property=\"product:availability\" content=\"instock\" \/>\n<meta property=\"product:condition\" content=\"new\" \/>\n<!-- \/ Yoast SEO Premium plugin. -->","yoast_head_json":{"title":"EdgeTwo - Ex ortamlar i\u00e7in geli\u015fmi\u015f 5G IIoT a\u011f ge\u00e7itleri","description":"RuggedEdge'den EdgeTwo: WiFi 6, Edge-AI, sa\u011flam tasar\u0131m ve IP korumal\u0131 g\u00fc\u00e7l\u00fc, kendinden g\u00fcvenli 5G IIoT a\u011f ge\u00e7idi. End\u00fcstri, petrol & gaz ve kritik \u00e7al\u0131\u015fma alanlar\u0131 i\u00e7in idealdir.","robots":{"index":"index","follow":"follow","max-snippet":"max-snippet:-1","max-image-preview":"max-image-preview:large","max-video-preview":"max-video-preview:-1"},"og_locale":"tr_TR","og_type":"article","og_title":"EdgeTwo - Zorlu Ex uygulamalar\u0131 i\u00e7in daha fazla performans ve ba\u011flant\u0131","og_description":"RuggedEdge'den EdgeTwo: WiFi 6, Edge-AI, sa\u011flam tasar\u0131m ve IP korumal\u0131 g\u00fc\u00e7l\u00fc, kendinden g\u00fcvenli 5G IIoT a\u011f ge\u00e7idi. End\u00fcstri, petrol & gaz ve kritik \u00e7al\u0131\u015fma alanlar\u0131 i\u00e7in idealdir.","og_url":"https:\/\/alegerglobal.com\/tr\/shop-tr\/ecom-pad-ex-pro-01-p8-dz2-patlamaya-dayanikli-tablet-atex-zone-2-116-dokunmatik-ekran-windows-kopie-kopie-kopie\/","og_site_name":"ALEGER \u22c6 Augmented Reality","article_modified_time":"2026-03-19T17:47:32+00:00","og_image":[{"width":500,"height":500,"url":"https:\/\/alegerglobal.com\/wp-content\/uploads\/2025\/09\/Unbenannt-1-500x500-1.jpg","type":"image\/jpeg"}],"twitter_card":"summary_large_image","twitter_misc":{"Fiyat":"&euro;4.249,00","Durumu":"Stokta var"},"schema":{"@context":"https:\/\/schema.org","@graph":[{"@type":"WebPage","@id":"https:\/\/alegerglobal.com\/tr\/shop-tr\/ecom-pad-ex-pro-01-p8-dz2-patlamaya-dayanikli-tablet-atex-zone-2-116-dokunmatik-ekran-windows-kopie-kopie-kopie\/","url":"https:\/\/alegerglobal.com\/tr\/shop-tr\/ecom-pad-ex-pro-01-p8-dz2-patlamaya-dayanikli-tablet-atex-zone-2-116-dokunmatik-ekran-windows-kopie-kopie-kopie\/","name":"EdgeTwo - Ex ortamlar i\u00e7in geli\u015fmi\u015f 5G IIoT a\u011f ge\u00e7itleri","isPartOf":{"@id":"https:\/\/alegerglobal.com\/tr\/#website"},"primaryImageOfPage":{"@id":"https:\/\/alegerglobal.com\/tr\/shop-tr\/ecom-pad-ex-pro-01-p8-dz2-patlamaya-dayanikli-tablet-atex-zone-2-116-dokunmatik-ekran-windows-kopie-kopie-kopie\/#primaryimage"},"image":{"@id":"https:\/\/alegerglobal.com\/tr\/shop-tr\/ecom-pad-ex-pro-01-p8-dz2-patlamaya-dayanikli-tablet-atex-zone-2-116-dokunmatik-ekran-windows-kopie-kopie-kopie\/#primaryimage"},"thumbnailUrl":"https:\/\/alegerglobal.com\/wp-content\/uploads\/2025\/09\/Unbenannt-1-500x500-1.jpg","datePublished":"2025-09-14T18:00:35+00:00","dateModified":"2026-03-19T17:47:32+00:00","description":"RuggedEdge'den EdgeTwo: WiFi 6, Edge-AI, sa\u011flam tasar\u0131m ve IP korumal\u0131 g\u00fc\u00e7l\u00fc, kendinden g\u00fcvenli 5G IIoT a\u011f ge\u00e7idi. End\u00fcstri, petrol & gaz ve kritik \u00e7al\u0131\u015fma alanlar\u0131 i\u00e7in idealdir.","breadcrumb":{"@id":"https:\/\/alegerglobal.com\/tr\/shop-tr\/ecom-pad-ex-pro-01-p8-dz2-patlamaya-dayanikli-tablet-atex-zone-2-116-dokunmatik-ekran-windows-kopie-kopie-kopie\/#breadcrumb"},"inLanguage":"tr","potentialAction":[{"@type":"ReadAction","target":["https:\/\/alegerglobal.com\/tr\/shop-tr\/ecom-pad-ex-pro-01-p8-dz2-patlamaya-dayanikli-tablet-atex-zone-2-116-dokunmatik-ekran-windows-kopie-kopie-kopie\/"]}]},{"@type":"ImageObject","inLanguage":"tr","@id":"https:\/\/alegerglobal.com\/tr\/shop-tr\/ecom-pad-ex-pro-01-p8-dz2-patlamaya-dayanikli-tablet-atex-zone-2-116-dokunmatik-ekran-windows-kopie-kopie-kopie\/#primaryimage","url":"https:\/\/alegerglobal.com\/wp-content\/uploads\/2025\/09\/Unbenannt-1-500x500-1.jpg","contentUrl":"https:\/\/alegerglobal.com\/wp-content\/uploads\/2025\/09\/Unbenannt-1-500x500-1.jpg","width":500,"height":500},{"@type":"BreadcrumbList","@id":"https:\/\/alegerglobal.com\/tr\/shop-tr\/ecom-pad-ex-pro-01-p8-dz2-patlamaya-dayanikli-tablet-atex-zone-2-116-dokunmatik-ekran-windows-kopie-kopie-kopie\/#breadcrumb","itemListElement":[{"@type":"ListItem","position":1,"name":"Home","item":"https:\/\/alegerglobal.com\/tr\/yeni-anasayfa\/"},{"@type":"ListItem","position":2,"name":"\u00dcr\u00fcnler","item":"https:\/\/alegerglobal.com\/tr\/ueruenler\/"},{"@type":"ListItem","position":3,"name":"EdgeTwo &#8211; Zorlu Ex uygulamalar\u0131 i\u00e7in daha fazla performans ve ba\u011flant\u0131"}]},{"@type":"WebSite","@id":"https:\/\/alegerglobal.com\/tr\/#website","url":"https:\/\/alegerglobal.com\/tr\/","name":"ALEGER \u22c6 Augmented Reality","description":"Die besten Augmented Reality (AR) L\u00f6sungen der Welt.","publisher":{"@id":"https:\/\/alegerglobal.com\/tr\/#organization"},"potentialAction":[{"@type":"SearchAction","target":{"@type":"EntryPoint","urlTemplate":"https:\/\/alegerglobal.com\/tr\/?s={search_term_string}"},"query-input":{"@type":"PropertyValueSpecification","valueRequired":true,"valueName":"search_term_string"}}],"inLanguage":"tr"},{"@type":"Organization","@id":"https:\/\/alegerglobal.com\/tr\/#organization","name":"ALEGER \u22c6 Augmented Reality","url":"https:\/\/alegerglobal.com\/tr\/","logo":{"@type":"ImageObject","inLanguage":"tr","@id":"https:\/\/alegerglobal.com\/tr\/#\/schema\/logo\/image\/","url":"https:\/\/alegerglobal.com\/wp-content\/uploads\/2020\/12\/aleger-logo-quadrat.jpg","contentUrl":"https:\/\/alegerglobal.com\/wp-content\/uploads\/2020\/12\/aleger-logo-quadrat.jpg","width":200,"height":176,"caption":"ALEGER \u22c6 Augmented Reality"},"image":{"@id":"https:\/\/alegerglobal.com\/tr\/#\/schema\/logo\/image\/"}}]},"product_price_amount":"4249.00","product_price_currency":"EUR","og_availability":"instock","product_availability":"instock","product_condition":"new"},"_links":{"self":[{"href":"https:\/\/alegerglobal.com\/tr\/wp-json\/wp\/v2\/product\/49583","targetHints":{"allow":["GET"]}}],"collection":[{"href":"https:\/\/alegerglobal.com\/tr\/wp-json\/wp\/v2\/product"}],"about":[{"href":"https:\/\/alegerglobal.com\/tr\/wp-json\/wp\/v2\/types\/product"}],"replies":[{"embeddable":true,"href":"https:\/\/alegerglobal.com\/tr\/wp-json\/wp\/v2\/comments?post=49583"}],"version-history":[{"count":2,"href":"https:\/\/alegerglobal.com\/tr\/wp-json\/wp\/v2\/product\/49583\/revisions"}],"predecessor-version":[{"id":52452,"href":"https:\/\/alegerglobal.com\/tr\/wp-json\/wp\/v2\/product\/49583\/revisions\/52452"}],"wp:featuredmedia":[{"embeddable":true,"href":"https:\/\/alegerglobal.com\/tr\/wp-json\/wp\/v2\/media\/49599"}],"wp:attachment":[{"href":"https:\/\/alegerglobal.com\/tr\/wp-json\/wp\/v2\/media?parent=49583"}],"wp:term":[{"taxonomy":"product_brand","embeddable":true,"href":"https:\/\/alegerglobal.com\/tr\/wp-json\/wp\/v2\/product_brand?post=49583"},{"taxonomy":"product_cat","embeddable":true,"href":"https:\/\/alegerglobal.com\/tr\/wp-json\/wp\/v2\/product_cat?post=49583"},{"taxonomy":"product_tag","embeddable":true,"href":"https:\/\/alegerglobal.com\/tr\/wp-json\/wp\/v2\/product_tag?post=49583"}],"curies":[{"name":"wp","href":"https:\/\/api.w.org\/{rel}","templated":true}]}}