{"id":49558,"date":"2025-08-14T18:51:42","date_gmt":"2025-09-14T17:51:45","guid":{"rendered":"https:\/\/alegerglobal.com\/?post_type=product&#038;p=49558"},"modified":"2026-03-19T18:47:19","modified_gmt":"2026-03-19T17:47:19","slug":"ecom-pad-ex-pro-01-p8-dz2-patlamaya-dayanikli-tablet-atex-zone-2-116-dokunmatik-ekran-windows-kopie-kopie-2","status":"publish","type":"product","link":"https:\/\/alegerglobal.com\/tr\/iletisim\/ecom-pad-ex-pro-01-p8-dz2-patlamaya-dayanikli-tablet-atex-zone-2-116-dokunmatik-ekran-windows-kopie-kopie-2\/","title":{"rendered":"EdgeOne &#8211; Tehlikeli alanlar i\u00e7in g\u00fc\u00e7l\u00fc 5G u\u00e7 a\u011f ge\u00e7idi"},"content":{"rendered":"","protected":false},"excerpt":{"rendered":"<p data-start=\"595\" data-end=\"986\">RuggedEdge&#8217;den <strong data-start=\"599\" data-end=\"610\">EdgeOne<\/strong>, <strong data-start=\"711\" data-end=\"767\">tehlikeli alanlarda (B\u00f6lge 1 \/ S\u0131n\u0131f 1 B\u00f6l\u00fcm 1)<\/strong> kullan\u0131lmak \u00fczere \u00f6zel olarak geli\u015ftirilmi\u015f end\u00fcstriyel, kendinden g\u00fcvenli bir a\u011f ge\u00e7ididir. Y\u00fcksek veri kullan\u0131labilirli\u011fini, u\u00e7 bilgi i\u015flem g\u00fcc\u00fcn\u00fc ve g\u00fcvenli a\u011f teknolojisini tek bir cihazda birle\u015ftirir &#8211; zorlu ortamlarda modern End\u00fcstri 4.0 mimarileri i\u00e7in bir merkezdir.<\/p>\n<p data-start=\"988\" data-end=\"1353\">Entegre <strong data-start=\"1005\" data-end=\"1011\">5G<\/strong>, WiFi 6 ve kurumsal ba\u011flant\u0131 \u00f6zelliklerine sahip EdgeOne, zorlu ortamlarda bile g\u00fcvenilir veri iletimi sa\u011flar &#8211; IIoT, varl\u0131k takibi, uzaktan izleme ve end\u00fcstriyel otomasyon i\u00e7in idealdir.<\/p>\n","protected":false},"featured_media":39958,"comment_status":"open","ping_status":"closed","template":"","meta":{"_acf_changed":false},"product_brand":[],"product_cat":[2319,2618,2617,2318],"product_tag":[],"class_list":{"0":"post-49558","1":"product","2":"type-product","3":"status-publish","4":"has-post-thumbnail","6":"product_cat-atex-tr","7":"product_cat-iletisim","8":"product_cat-mobil-bilisim","9":"product_cat-shop-tr","11":"first","12":"instock","13":"taxable","14":"shipping-taxable","15":"purchasable","16":"product-type-simple"},"acf":[],"yoast_head":"<!-- This site is optimized with the Yoast SEO Premium plugin v20.10 (Yoast SEO v24.3) - https:\/\/yoast.com\/wordpress\/plugins\/seo\/ -->\n<title>EdgeOne - ATEX B\u00f6lge 1 \/ S\u0131n\u0131f 1 i\u00e7in 5G IIoT A\u011f Ge\u00e7idi ve WIFI<\/title>\n<meta name=\"description\" content=\"EdgeOne, IIoT ve EdgeConnect platformuyla uyumlu, WiFi 6, u\u00e7 bili\u015fim \u00f6zellikli sa\u011flam bir 5G a\u011f ge\u00e7ididir (ATEX Zone 1 \/ Class 1 Div 1)\" \/>\n<meta name=\"robots\" content=\"index, follow, max-snippet:-1, max-image-preview:large, max-video-preview:-1\" \/>\n<meta property=\"og:locale\" content=\"tr_TR\" \/>\n<meta property=\"og:type\" content=\"article\" \/>\n<meta property=\"og:title\" content=\"EdgeOne - Tehlikeli alanlar i\u00e7in g\u00fc\u00e7l\u00fc 5G u\u00e7 a\u011f ge\u00e7idi\" \/>\n<meta property=\"og:description\" content=\"EdgeOne, IIoT ve EdgeConnect platformuyla uyumlu, WiFi 6, u\u00e7 bili\u015fim \u00f6zellikli sa\u011flam bir 5G a\u011f ge\u00e7ididir (ATEX Zone 1 \/ Class 1 Div 1)\" \/>\n<meta property=\"og:url\" content=\"https:\/\/alegerglobal.com\/tr\/iletisim\/ecom-pad-ex-pro-01-p8-dz2-patlamaya-dayanikli-tablet-atex-zone-2-116-dokunmatik-ekran-windows-kopie-kopie-2\/\" \/>\n<meta property=\"og:site_name\" content=\"ALEGER \u22c6 Augmented Reality\" \/>\n<meta property=\"article:modified_time\" content=\"2026-03-19T17:47:19+00:00\" \/>\n<meta property=\"og:image\" content=\"https:\/\/alegerglobal.com\/wp-content\/uploads\/2024\/06\/Unbenannt.jpg\" \/>\n\t<meta property=\"og:image:width\" content=\"800\" \/>\n\t<meta property=\"og:image:height\" content=\"800\" \/>\n\t<meta property=\"og:image:type\" content=\"image\/jpeg\" \/>\n<meta name=\"twitter:card\" content=\"summary_large_image\" \/>\n<meta name=\"twitter:label1\" content=\"Fiyat\" \/>\n\t<meta name=\"twitter:data1\" content=\"&euro;4.249,00\" \/>\n\t<meta name=\"twitter:label2\" content=\"Durumu\" \/>\n\t<meta name=\"twitter:data2\" content=\"Stokta var\" \/>\n<script type=\"application\/ld+json\" class=\"yoast-schema-graph\">{\"@context\":\"https:\/\/schema.org\",\"@graph\":[{\"@type\":\"WebPage\",\"@id\":\"https:\/\/alegerglobal.com\/tr\/iletisim\/ecom-pad-ex-pro-01-p8-dz2-patlamaya-dayanikli-tablet-atex-zone-2-116-dokunmatik-ekran-windows-kopie-kopie-2\/\",\"url\":\"https:\/\/alegerglobal.com\/tr\/iletisim\/ecom-pad-ex-pro-01-p8-dz2-patlamaya-dayanikli-tablet-atex-zone-2-116-dokunmatik-ekran-windows-kopie-kopie-2\/\",\"name\":\"EdgeOne - ATEX B\u00f6lge 1 \/ S\u0131n\u0131f 1 i\u00e7in 5G IIoT A\u011f Ge\u00e7idi ve WIFI\",\"isPartOf\":{\"@id\":\"https:\/\/alegerglobal.com\/tr\/#website\"},\"primaryImageOfPage\":{\"@id\":\"https:\/\/alegerglobal.com\/tr\/iletisim\/ecom-pad-ex-pro-01-p8-dz2-patlamaya-dayanikli-tablet-atex-zone-2-116-dokunmatik-ekran-windows-kopie-kopie-2\/#primaryimage\"},\"image\":{\"@id\":\"https:\/\/alegerglobal.com\/tr\/iletisim\/ecom-pad-ex-pro-01-p8-dz2-patlamaya-dayanikli-tablet-atex-zone-2-116-dokunmatik-ekran-windows-kopie-kopie-2\/#primaryimage\"},\"thumbnailUrl\":\"https:\/\/alegerglobal.com\/wp-content\/uploads\/2024\/06\/Unbenannt.jpg\",\"datePublished\":\"2025-09-14T17:51:45+00:00\",\"dateModified\":\"2026-03-19T17:47:19+00:00\",\"description\":\"EdgeOne, IIoT ve EdgeConnect platformuyla uyumlu, WiFi 6, u\u00e7 bili\u015fim \u00f6zellikli sa\u011flam bir 5G a\u011f ge\u00e7ididir (ATEX Zone 1 \/ Class 1 Div 1)\",\"breadcrumb\":{\"@id\":\"https:\/\/alegerglobal.com\/tr\/iletisim\/ecom-pad-ex-pro-01-p8-dz2-patlamaya-dayanikli-tablet-atex-zone-2-116-dokunmatik-ekran-windows-kopie-kopie-2\/#breadcrumb\"},\"inLanguage\":\"tr\",\"potentialAction\":[{\"@type\":\"ReadAction\",\"target\":[\"https:\/\/alegerglobal.com\/tr\/iletisim\/ecom-pad-ex-pro-01-p8-dz2-patlamaya-dayanikli-tablet-atex-zone-2-116-dokunmatik-ekran-windows-kopie-kopie-2\/\"]}]},{\"@type\":\"ImageObject\",\"inLanguage\":\"tr\",\"@id\":\"https:\/\/alegerglobal.com\/tr\/iletisim\/ecom-pad-ex-pro-01-p8-dz2-patlamaya-dayanikli-tablet-atex-zone-2-116-dokunmatik-ekran-windows-kopie-kopie-2\/#primaryimage\",\"url\":\"https:\/\/alegerglobal.com\/wp-content\/uploads\/2024\/06\/Unbenannt.jpg\",\"contentUrl\":\"https:\/\/alegerglobal.com\/wp-content\/uploads\/2024\/06\/Unbenannt.jpg\",\"width\":800,\"height\":800},{\"@type\":\"BreadcrumbList\",\"@id\":\"https:\/\/alegerglobal.com\/tr\/iletisim\/ecom-pad-ex-pro-01-p8-dz2-patlamaya-dayanikli-tablet-atex-zone-2-116-dokunmatik-ekran-windows-kopie-kopie-2\/#breadcrumb\",\"itemListElement\":[{\"@type\":\"ListItem\",\"position\":1,\"name\":\"Home\",\"item\":\"https:\/\/alegerglobal.com\/tr\/yeni-anasayfa\/\"},{\"@type\":\"ListItem\",\"position\":2,\"name\":\"\u00dcr\u00fcnler\",\"item\":\"https:\/\/alegerglobal.com\/tr\/ueruenler\/\"},{\"@type\":\"ListItem\",\"position\":3,\"name\":\"EdgeOne &#8211; Tehlikeli alanlar i\u00e7in g\u00fc\u00e7l\u00fc 5G u\u00e7 a\u011f ge\u00e7idi\"}]},{\"@type\":\"WebSite\",\"@id\":\"https:\/\/alegerglobal.com\/tr\/#website\",\"url\":\"https:\/\/alegerglobal.com\/tr\/\",\"name\":\"ALEGER \u22c6 Augmented Reality\",\"description\":\"Die besten Augmented Reality (AR) L\u00f6sungen der Welt.\",\"publisher\":{\"@id\":\"https:\/\/alegerglobal.com\/tr\/#organization\"},\"potentialAction\":[{\"@type\":\"SearchAction\",\"target\":{\"@type\":\"EntryPoint\",\"urlTemplate\":\"https:\/\/alegerglobal.com\/tr\/?s={search_term_string}\"},\"query-input\":{\"@type\":\"PropertyValueSpecification\",\"valueRequired\":true,\"valueName\":\"search_term_string\"}}],\"inLanguage\":\"tr\"},{\"@type\":\"Organization\",\"@id\":\"https:\/\/alegerglobal.com\/tr\/#organization\",\"name\":\"ALEGER \u22c6 Augmented Reality\",\"url\":\"https:\/\/alegerglobal.com\/tr\/\",\"logo\":{\"@type\":\"ImageObject\",\"inLanguage\":\"tr\",\"@id\":\"https:\/\/alegerglobal.com\/tr\/#\/schema\/logo\/image\/\",\"url\":\"https:\/\/alegerglobal.com\/wp-content\/uploads\/2020\/12\/aleger-logo-quadrat.jpg\",\"contentUrl\":\"https:\/\/alegerglobal.com\/wp-content\/uploads\/2020\/12\/aleger-logo-quadrat.jpg\",\"width\":200,\"height\":176,\"caption\":\"ALEGER \u22c6 Augmented Reality\"},\"image\":{\"@id\":\"https:\/\/alegerglobal.com\/tr\/#\/schema\/logo\/image\/\"}}]}<\/script>\n<meta property=\"product:price:amount\" content=\"4249.00\" \/>\n<meta property=\"product:price:currency\" content=\"EUR\" \/>\n<meta property=\"og:availability\" content=\"instock\" \/>\n<meta property=\"product:availability\" content=\"instock\" \/>\n<meta property=\"product:condition\" content=\"new\" \/>\n<!-- \/ Yoast SEO Premium plugin. -->","yoast_head_json":{"title":"EdgeOne - ATEX B\u00f6lge 1 \/ S\u0131n\u0131f 1 i\u00e7in 5G IIoT A\u011f Ge\u00e7idi ve WIFI","description":"EdgeOne, IIoT ve EdgeConnect platformuyla uyumlu, WiFi 6, u\u00e7 bili\u015fim \u00f6zellikli sa\u011flam bir 5G a\u011f ge\u00e7ididir (ATEX Zone 1 \/ Class 1 Div 1)","robots":{"index":"index","follow":"follow","max-snippet":"max-snippet:-1","max-image-preview":"max-image-preview:large","max-video-preview":"max-video-preview:-1"},"og_locale":"tr_TR","og_type":"article","og_title":"EdgeOne - Tehlikeli alanlar i\u00e7in g\u00fc\u00e7l\u00fc 5G u\u00e7 a\u011f ge\u00e7idi","og_description":"EdgeOne, IIoT ve EdgeConnect platformuyla uyumlu, WiFi 6, u\u00e7 bili\u015fim \u00f6zellikli sa\u011flam bir 5G a\u011f ge\u00e7ididir (ATEX Zone 1 \/ Class 1 Div 1)","og_url":"https:\/\/alegerglobal.com\/tr\/iletisim\/ecom-pad-ex-pro-01-p8-dz2-patlamaya-dayanikli-tablet-atex-zone-2-116-dokunmatik-ekran-windows-kopie-kopie-2\/","og_site_name":"ALEGER \u22c6 Augmented Reality","article_modified_time":"2026-03-19T17:47:19+00:00","og_image":[{"width":800,"height":800,"url":"https:\/\/alegerglobal.com\/wp-content\/uploads\/2024\/06\/Unbenannt.jpg","type":"image\/jpeg"}],"twitter_card":"summary_large_image","twitter_misc":{"Fiyat":"&euro;4.249,00","Durumu":"Stokta var"},"schema":{"@context":"https:\/\/schema.org","@graph":[{"@type":"WebPage","@id":"https:\/\/alegerglobal.com\/tr\/iletisim\/ecom-pad-ex-pro-01-p8-dz2-patlamaya-dayanikli-tablet-atex-zone-2-116-dokunmatik-ekran-windows-kopie-kopie-2\/","url":"https:\/\/alegerglobal.com\/tr\/iletisim\/ecom-pad-ex-pro-01-p8-dz2-patlamaya-dayanikli-tablet-atex-zone-2-116-dokunmatik-ekran-windows-kopie-kopie-2\/","name":"EdgeOne - ATEX B\u00f6lge 1 \/ S\u0131n\u0131f 1 i\u00e7in 5G IIoT A\u011f Ge\u00e7idi ve WIFI","isPartOf":{"@id":"https:\/\/alegerglobal.com\/tr\/#website"},"primaryImageOfPage":{"@id":"https:\/\/alegerglobal.com\/tr\/iletisim\/ecom-pad-ex-pro-01-p8-dz2-patlamaya-dayanikli-tablet-atex-zone-2-116-dokunmatik-ekran-windows-kopie-kopie-2\/#primaryimage"},"image":{"@id":"https:\/\/alegerglobal.com\/tr\/iletisim\/ecom-pad-ex-pro-01-p8-dz2-patlamaya-dayanikli-tablet-atex-zone-2-116-dokunmatik-ekran-windows-kopie-kopie-2\/#primaryimage"},"thumbnailUrl":"https:\/\/alegerglobal.com\/wp-content\/uploads\/2024\/06\/Unbenannt.jpg","datePublished":"2025-09-14T17:51:45+00:00","dateModified":"2026-03-19T17:47:19+00:00","description":"EdgeOne, IIoT ve EdgeConnect platformuyla uyumlu, WiFi 6, u\u00e7 bili\u015fim \u00f6zellikli sa\u011flam bir 5G a\u011f ge\u00e7ididir (ATEX Zone 1 \/ Class 1 Div 1)","breadcrumb":{"@id":"https:\/\/alegerglobal.com\/tr\/iletisim\/ecom-pad-ex-pro-01-p8-dz2-patlamaya-dayanikli-tablet-atex-zone-2-116-dokunmatik-ekran-windows-kopie-kopie-2\/#breadcrumb"},"inLanguage":"tr","potentialAction":[{"@type":"ReadAction","target":["https:\/\/alegerglobal.com\/tr\/iletisim\/ecom-pad-ex-pro-01-p8-dz2-patlamaya-dayanikli-tablet-atex-zone-2-116-dokunmatik-ekran-windows-kopie-kopie-2\/"]}]},{"@type":"ImageObject","inLanguage":"tr","@id":"https:\/\/alegerglobal.com\/tr\/iletisim\/ecom-pad-ex-pro-01-p8-dz2-patlamaya-dayanikli-tablet-atex-zone-2-116-dokunmatik-ekran-windows-kopie-kopie-2\/#primaryimage","url":"https:\/\/alegerglobal.com\/wp-content\/uploads\/2024\/06\/Unbenannt.jpg","contentUrl":"https:\/\/alegerglobal.com\/wp-content\/uploads\/2024\/06\/Unbenannt.jpg","width":800,"height":800},{"@type":"BreadcrumbList","@id":"https:\/\/alegerglobal.com\/tr\/iletisim\/ecom-pad-ex-pro-01-p8-dz2-patlamaya-dayanikli-tablet-atex-zone-2-116-dokunmatik-ekran-windows-kopie-kopie-2\/#breadcrumb","itemListElement":[{"@type":"ListItem","position":1,"name":"Home","item":"https:\/\/alegerglobal.com\/tr\/yeni-anasayfa\/"},{"@type":"ListItem","position":2,"name":"\u00dcr\u00fcnler","item":"https:\/\/alegerglobal.com\/tr\/ueruenler\/"},{"@type":"ListItem","position":3,"name":"EdgeOne &#8211; Tehlikeli alanlar i\u00e7in g\u00fc\u00e7l\u00fc 5G u\u00e7 a\u011f ge\u00e7idi"}]},{"@type":"WebSite","@id":"https:\/\/alegerglobal.com\/tr\/#website","url":"https:\/\/alegerglobal.com\/tr\/","name":"ALEGER \u22c6 Augmented Reality","description":"Die besten Augmented Reality (AR) L\u00f6sungen der Welt.","publisher":{"@id":"https:\/\/alegerglobal.com\/tr\/#organization"},"potentialAction":[{"@type":"SearchAction","target":{"@type":"EntryPoint","urlTemplate":"https:\/\/alegerglobal.com\/tr\/?s={search_term_string}"},"query-input":{"@type":"PropertyValueSpecification","valueRequired":true,"valueName":"search_term_string"}}],"inLanguage":"tr"},{"@type":"Organization","@id":"https:\/\/alegerglobal.com\/tr\/#organization","name":"ALEGER \u22c6 Augmented Reality","url":"https:\/\/alegerglobal.com\/tr\/","logo":{"@type":"ImageObject","inLanguage":"tr","@id":"https:\/\/alegerglobal.com\/tr\/#\/schema\/logo\/image\/","url":"https:\/\/alegerglobal.com\/wp-content\/uploads\/2020\/12\/aleger-logo-quadrat.jpg","contentUrl":"https:\/\/alegerglobal.com\/wp-content\/uploads\/2020\/12\/aleger-logo-quadrat.jpg","width":200,"height":176,"caption":"ALEGER \u22c6 Augmented Reality"},"image":{"@id":"https:\/\/alegerglobal.com\/tr\/#\/schema\/logo\/image\/"}}]},"product_price_amount":"4249.00","product_price_currency":"EUR","og_availability":"instock","product_availability":"instock","product_condition":"new"},"_links":{"self":[{"href":"https:\/\/alegerglobal.com\/tr\/wp-json\/wp\/v2\/product\/49558","targetHints":{"allow":["GET"]}}],"collection":[{"href":"https:\/\/alegerglobal.com\/tr\/wp-json\/wp\/v2\/product"}],"about":[{"href":"https:\/\/alegerglobal.com\/tr\/wp-json\/wp\/v2\/types\/product"}],"replies":[{"embeddable":true,"href":"https:\/\/alegerglobal.com\/tr\/wp-json\/wp\/v2\/comments?post=49558"}],"version-history":[{"count":4,"href":"https:\/\/alegerglobal.com\/tr\/wp-json\/wp\/v2\/product\/49558\/revisions"}],"predecessor-version":[{"id":53897,"href":"https:\/\/alegerglobal.com\/tr\/wp-json\/wp\/v2\/product\/49558\/revisions\/53897"}],"wp:featuredmedia":[{"embeddable":true,"href":"https:\/\/alegerglobal.com\/tr\/wp-json\/wp\/v2\/media\/39958"}],"wp:attachment":[{"href":"https:\/\/alegerglobal.com\/tr\/wp-json\/wp\/v2\/media?parent=49558"}],"wp:term":[{"taxonomy":"product_brand","embeddable":true,"href":"https:\/\/alegerglobal.com\/tr\/wp-json\/wp\/v2\/product_brand?post=49558"},{"taxonomy":"product_cat","embeddable":true,"href":"https:\/\/alegerglobal.com\/tr\/wp-json\/wp\/v2\/product_cat?post=49558"},{"taxonomy":"product_tag","embeddable":true,"href":"https:\/\/alegerglobal.com\/tr\/wp-json\/wp\/v2\/product_tag?post=49558"}],"curies":[{"name":"wp","href":"https:\/\/api.w.org\/{rel}","templated":true}]}}