{"id":49467,"date":"2025-09-14T17:53:00","date_gmt":"2025-09-14T16:53:03","guid":{"rendered":"https:\/\/alegerglobal.com\/?post_type=product&#038;p=49467"},"modified":"2026-03-25T20:50:08","modified_gmt":"2026-03-25T19:50:08","slug":"ecom-pad-ex-pro-01-p8-dz2-patlamaya-dayanikli-tablet-atex-zone-2-116-dokunmatik-ekran-windows-2","status":"publish","type":"product","link":"https:\/\/alegerglobal.com\/tr\/shop-tr\/ecom-pad-ex-pro-01-p8-dz2-patlamaya-dayanikli-tablet-atex-zone-2-116-dokunmatik-ekran-windows-2\/","title":{"rendered":"Smart-Ex\u00ae 203 &#8211; Tehlikeli ortamlar i\u00e7in gelece\u011fe d\u00f6n\u00fck 5G ak\u0131ll\u0131 telefon"},"content":{"rendered":"","protected":false},"excerpt":{"rendered":"<p data-start=\"659\" data-end=\"1140\">ECOM \/ Pepperl+Fuchs&#8217;un <strong data-start=\"627\" data-end=\"643\">Smart-Ex 203<\/strong> modeli, <strong data-start=\"761\" data-end=\"787\">Zone 2\/22 ve Division 2<\/strong> tehlikeli alanlar i\u00e7in \u00f6zel olarak geli\u015ftirilmi\u015f g\u00fc\u00e7l\u00fc bir end\u00fcstriyel ak\u0131ll\u0131 telefondur. 5G, WiFi 6, b\u00fcy\u00fck kamera, sa\u011flam tasar\u0131m ve m\u00fckemmel yaz\u0131l\u0131m deste\u011fi gibi en son teknolojilerle, tehlikeli \u00e7al\u0131\u015fma alanlar\u0131nda saha hizmetleri, denetimler, dijital i\u015f ak\u0131\u015flar\u0131 ve mobil ileti\u015fim i\u00e7in idealdir.<\/p>\n","protected":false},"featured_media":49498,"comment_status":"open","ping_status":"closed","template":"","meta":{"_acf_changed":false},"product_brand":[],"product_cat":[2319,2618,2617,2318],"product_tag":[],"class_list":{"0":"post-49467","1":"product","2":"type-product","3":"status-publish","4":"has-post-thumbnail","6":"product_cat-atex-tr","7":"product_cat-iletisim","8":"product_cat-mobil-bilisim","9":"product_cat-shop-tr","10":"pa_hersteller-ecom-tr","12":"first","13":"instock","14":"taxable","15":"shipping-taxable","16":"purchasable","17":"product-type-simple"},"acf":[],"yoast_head":"<!-- This site is optimized with the Yoast SEO Premium plugin v20.10 (Yoast SEO v24.3) - https:\/\/yoast.com\/wordpress\/plugins\/seo\/ -->\n<title>Smart-Ex 203 - B\u00f6lge 2\/22 ve B\u00f6l\u00fcm 2 i\u00e7in 5G Ex ak\u0131ll\u0131 telefon<\/title>\n<meta name=\"description\" content=\"6,3\u2033 FHD+, 48 MP kamera, IP68 ve MIL-STD-810H \u00f6zellikli sa\u011flam Smart-Ex 203 ATEX\/IECEx 5G ak\u0131ll\u0131 telefon. Y\u00fcksek performans ve g\u00fcvenlik ile tehlikeli alanlar i\u00e7in m\u00fckemmeldir.\" \/>\n<meta name=\"robots\" content=\"index, follow, max-snippet:-1, max-image-preview:large, max-video-preview:-1\" \/>\n<meta property=\"og:locale\" content=\"tr_TR\" \/>\n<meta property=\"og:type\" content=\"article\" \/>\n<meta property=\"og:title\" content=\"Smart-Ex\u00ae 203 - Tehlikeli ortamlar i\u00e7in gelece\u011fe d\u00f6n\u00fck 5G ak\u0131ll\u0131 telefon\" \/>\n<meta property=\"og:description\" content=\"6,3\u2033 FHD+, 48 MP kamera, IP68 ve MIL-STD-810H \u00f6zellikli sa\u011flam Smart-Ex 203 ATEX\/IECEx 5G ak\u0131ll\u0131 telefon. Y\u00fcksek performans ve g\u00fcvenlik ile tehlikeli alanlar i\u00e7in m\u00fckemmeldir.\" \/>\n<meta property=\"og:url\" content=\"https:\/\/alegerglobal.com\/tr\/shop-tr\/ecom-pad-ex-pro-01-p8-dz2-patlamaya-dayanikli-tablet-atex-zone-2-116-dokunmatik-ekran-windows-2\/\" \/>\n<meta property=\"og:site_name\" content=\"ALEGER \u22c6 Augmented Reality\" \/>\n<meta property=\"article:modified_time\" content=\"2026-03-25T19:50:08+00:00\" \/>\n<meta property=\"og:image\" content=\"https:\/\/alegerglobal.com\/wp-content\/uploads\/2025\/09\/Bild14.png\" \/>\n\t<meta property=\"og:image:width\" content=\"400\" \/>\n\t<meta property=\"og:image:height\" content=\"400\" \/>\n\t<meta property=\"og:image:type\" content=\"image\/png\" \/>\n<meta name=\"twitter:card\" content=\"summary_large_image\" \/>\n<meta name=\"twitter:label1\" content=\"Fiyat\" \/>\n\t<meta name=\"twitter:data1\" content=\"&euro;4.249,00\" \/>\n\t<meta name=\"twitter:label2\" content=\"Durumu\" \/>\n\t<meta name=\"twitter:data2\" content=\"Stokta var\" \/>\n<script type=\"application\/ld+json\" class=\"yoast-schema-graph\">{\"@context\":\"https:\/\/schema.org\",\"@graph\":[{\"@type\":\"WebPage\",\"@id\":\"https:\/\/alegerglobal.com\/tr\/shop-tr\/ecom-pad-ex-pro-01-p8-dz2-patlamaya-dayanikli-tablet-atex-zone-2-116-dokunmatik-ekran-windows-2\/\",\"url\":\"https:\/\/alegerglobal.com\/tr\/shop-tr\/ecom-pad-ex-pro-01-p8-dz2-patlamaya-dayanikli-tablet-atex-zone-2-116-dokunmatik-ekran-windows-2\/\",\"name\":\"Smart-Ex 203 - B\u00f6lge 2\/22 ve B\u00f6l\u00fcm 2 i\u00e7in 5G Ex ak\u0131ll\u0131 telefon\",\"isPartOf\":{\"@id\":\"https:\/\/alegerglobal.com\/tr\/#website\"},\"primaryImageOfPage\":{\"@id\":\"https:\/\/alegerglobal.com\/tr\/shop-tr\/ecom-pad-ex-pro-01-p8-dz2-patlamaya-dayanikli-tablet-atex-zone-2-116-dokunmatik-ekran-windows-2\/#primaryimage\"},\"image\":{\"@id\":\"https:\/\/alegerglobal.com\/tr\/shop-tr\/ecom-pad-ex-pro-01-p8-dz2-patlamaya-dayanikli-tablet-atex-zone-2-116-dokunmatik-ekran-windows-2\/#primaryimage\"},\"thumbnailUrl\":\"https:\/\/alegerglobal.com\/wp-content\/uploads\/2025\/09\/Bild14.png\",\"datePublished\":\"2025-09-14T16:53:03+00:00\",\"dateModified\":\"2026-03-25T19:50:08+00:00\",\"description\":\"6,3\u2033 FHD+, 48 MP kamera, IP68 ve MIL-STD-810H \u00f6zellikli sa\u011flam Smart-Ex 203 ATEX\/IECEx 5G ak\u0131ll\u0131 telefon. Y\u00fcksek performans ve g\u00fcvenlik ile tehlikeli alanlar i\u00e7in m\u00fckemmeldir.\",\"breadcrumb\":{\"@id\":\"https:\/\/alegerglobal.com\/tr\/shop-tr\/ecom-pad-ex-pro-01-p8-dz2-patlamaya-dayanikli-tablet-atex-zone-2-116-dokunmatik-ekran-windows-2\/#breadcrumb\"},\"inLanguage\":\"tr\",\"potentialAction\":[{\"@type\":\"ReadAction\",\"target\":[\"https:\/\/alegerglobal.com\/tr\/shop-tr\/ecom-pad-ex-pro-01-p8-dz2-patlamaya-dayanikli-tablet-atex-zone-2-116-dokunmatik-ekran-windows-2\/\"]}]},{\"@type\":\"ImageObject\",\"inLanguage\":\"tr\",\"@id\":\"https:\/\/alegerglobal.com\/tr\/shop-tr\/ecom-pad-ex-pro-01-p8-dz2-patlamaya-dayanikli-tablet-atex-zone-2-116-dokunmatik-ekran-windows-2\/#primaryimage\",\"url\":\"https:\/\/alegerglobal.com\/wp-content\/uploads\/2025\/09\/Bild14.png\",\"contentUrl\":\"https:\/\/alegerglobal.com\/wp-content\/uploads\/2025\/09\/Bild14.png\",\"width\":400,\"height\":400},{\"@type\":\"BreadcrumbList\",\"@id\":\"https:\/\/alegerglobal.com\/tr\/shop-tr\/ecom-pad-ex-pro-01-p8-dz2-patlamaya-dayanikli-tablet-atex-zone-2-116-dokunmatik-ekran-windows-2\/#breadcrumb\",\"itemListElement\":[{\"@type\":\"ListItem\",\"position\":1,\"name\":\"Home\",\"item\":\"https:\/\/alegerglobal.com\/tr\/yeni-anasayfa\/\"},{\"@type\":\"ListItem\",\"position\":2,\"name\":\"\u00dcr\u00fcnler\",\"item\":\"https:\/\/alegerglobal.com\/tr\/ueruenler\/\"},{\"@type\":\"ListItem\",\"position\":3,\"name\":\"Smart-Ex\u00ae 203 &#8211; Tehlikeli ortamlar i\u00e7in gelece\u011fe d\u00f6n\u00fck 5G ak\u0131ll\u0131 telefon\"}]},{\"@type\":\"WebSite\",\"@id\":\"https:\/\/alegerglobal.com\/tr\/#website\",\"url\":\"https:\/\/alegerglobal.com\/tr\/\",\"name\":\"ALEGER \u22c6 Augmented Reality\",\"description\":\"Die besten Augmented Reality (AR) L\u00f6sungen der Welt.\",\"publisher\":{\"@id\":\"https:\/\/alegerglobal.com\/tr\/#organization\"},\"potentialAction\":[{\"@type\":\"SearchAction\",\"target\":{\"@type\":\"EntryPoint\",\"urlTemplate\":\"https:\/\/alegerglobal.com\/tr\/?s={search_term_string}\"},\"query-input\":{\"@type\":\"PropertyValueSpecification\",\"valueRequired\":true,\"valueName\":\"search_term_string\"}}],\"inLanguage\":\"tr\"},{\"@type\":\"Organization\",\"@id\":\"https:\/\/alegerglobal.com\/tr\/#organization\",\"name\":\"ALEGER \u22c6 Augmented Reality\",\"url\":\"https:\/\/alegerglobal.com\/tr\/\",\"logo\":{\"@type\":\"ImageObject\",\"inLanguage\":\"tr\",\"@id\":\"https:\/\/alegerglobal.com\/tr\/#\/schema\/logo\/image\/\",\"url\":\"https:\/\/alegerglobal.com\/wp-content\/uploads\/2020\/12\/aleger-logo-quadrat.jpg\",\"contentUrl\":\"https:\/\/alegerglobal.com\/wp-content\/uploads\/2020\/12\/aleger-logo-quadrat.jpg\",\"width\":200,\"height\":176,\"caption\":\"ALEGER \u22c6 Augmented Reality\"},\"image\":{\"@id\":\"https:\/\/alegerglobal.com\/tr\/#\/schema\/logo\/image\/\"}}]}<\/script>\n<meta property=\"product:brand\" content=\"Ecom\" \/>\n<meta property=\"product:price:amount\" content=\"4249.00\" \/>\n<meta property=\"product:price:currency\" content=\"EUR\" \/>\n<meta property=\"og:availability\" content=\"instock\" \/>\n<meta property=\"product:availability\" content=\"instock\" \/>\n<meta property=\"product:condition\" content=\"new\" \/>\n<!-- \/ Yoast SEO Premium plugin. -->","yoast_head_json":{"title":"Smart-Ex 203 - B\u00f6lge 2\/22 ve B\u00f6l\u00fcm 2 i\u00e7in 5G Ex ak\u0131ll\u0131 telefon","description":"6,3\u2033 FHD+, 48 MP kamera, IP68 ve MIL-STD-810H \u00f6zellikli sa\u011flam Smart-Ex 203 ATEX\/IECEx 5G ak\u0131ll\u0131 telefon. Y\u00fcksek performans ve g\u00fcvenlik ile tehlikeli alanlar i\u00e7in m\u00fckemmeldir.","robots":{"index":"index","follow":"follow","max-snippet":"max-snippet:-1","max-image-preview":"max-image-preview:large","max-video-preview":"max-video-preview:-1"},"og_locale":"tr_TR","og_type":"article","og_title":"Smart-Ex\u00ae 203 - Tehlikeli ortamlar i\u00e7in gelece\u011fe d\u00f6n\u00fck 5G ak\u0131ll\u0131 telefon","og_description":"6,3\u2033 FHD+, 48 MP kamera, IP68 ve MIL-STD-810H \u00f6zellikli sa\u011flam Smart-Ex 203 ATEX\/IECEx 5G ak\u0131ll\u0131 telefon. Y\u00fcksek performans ve g\u00fcvenlik ile tehlikeli alanlar i\u00e7in m\u00fckemmeldir.","og_url":"https:\/\/alegerglobal.com\/tr\/shop-tr\/ecom-pad-ex-pro-01-p8-dz2-patlamaya-dayanikli-tablet-atex-zone-2-116-dokunmatik-ekran-windows-2\/","og_site_name":"ALEGER \u22c6 Augmented Reality","article_modified_time":"2026-03-25T19:50:08+00:00","og_image":[{"width":400,"height":400,"url":"https:\/\/alegerglobal.com\/wp-content\/uploads\/2025\/09\/Bild14.png","type":"image\/png"}],"twitter_card":"summary_large_image","twitter_misc":{"Fiyat":"&euro;4.249,00","Durumu":"Stokta var"},"schema":{"@context":"https:\/\/schema.org","@graph":[{"@type":"WebPage","@id":"https:\/\/alegerglobal.com\/tr\/shop-tr\/ecom-pad-ex-pro-01-p8-dz2-patlamaya-dayanikli-tablet-atex-zone-2-116-dokunmatik-ekran-windows-2\/","url":"https:\/\/alegerglobal.com\/tr\/shop-tr\/ecom-pad-ex-pro-01-p8-dz2-patlamaya-dayanikli-tablet-atex-zone-2-116-dokunmatik-ekran-windows-2\/","name":"Smart-Ex 203 - B\u00f6lge 2\/22 ve B\u00f6l\u00fcm 2 i\u00e7in 5G Ex ak\u0131ll\u0131 telefon","isPartOf":{"@id":"https:\/\/alegerglobal.com\/tr\/#website"},"primaryImageOfPage":{"@id":"https:\/\/alegerglobal.com\/tr\/shop-tr\/ecom-pad-ex-pro-01-p8-dz2-patlamaya-dayanikli-tablet-atex-zone-2-116-dokunmatik-ekran-windows-2\/#primaryimage"},"image":{"@id":"https:\/\/alegerglobal.com\/tr\/shop-tr\/ecom-pad-ex-pro-01-p8-dz2-patlamaya-dayanikli-tablet-atex-zone-2-116-dokunmatik-ekran-windows-2\/#primaryimage"},"thumbnailUrl":"https:\/\/alegerglobal.com\/wp-content\/uploads\/2025\/09\/Bild14.png","datePublished":"2025-09-14T16:53:03+00:00","dateModified":"2026-03-25T19:50:08+00:00","description":"6,3\u2033 FHD+, 48 MP kamera, IP68 ve MIL-STD-810H \u00f6zellikli sa\u011flam Smart-Ex 203 ATEX\/IECEx 5G ak\u0131ll\u0131 telefon. Y\u00fcksek performans ve g\u00fcvenlik ile tehlikeli alanlar i\u00e7in m\u00fckemmeldir.","breadcrumb":{"@id":"https:\/\/alegerglobal.com\/tr\/shop-tr\/ecom-pad-ex-pro-01-p8-dz2-patlamaya-dayanikli-tablet-atex-zone-2-116-dokunmatik-ekran-windows-2\/#breadcrumb"},"inLanguage":"tr","potentialAction":[{"@type":"ReadAction","target":["https:\/\/alegerglobal.com\/tr\/shop-tr\/ecom-pad-ex-pro-01-p8-dz2-patlamaya-dayanikli-tablet-atex-zone-2-116-dokunmatik-ekran-windows-2\/"]}]},{"@type":"ImageObject","inLanguage":"tr","@id":"https:\/\/alegerglobal.com\/tr\/shop-tr\/ecom-pad-ex-pro-01-p8-dz2-patlamaya-dayanikli-tablet-atex-zone-2-116-dokunmatik-ekran-windows-2\/#primaryimage","url":"https:\/\/alegerglobal.com\/wp-content\/uploads\/2025\/09\/Bild14.png","contentUrl":"https:\/\/alegerglobal.com\/wp-content\/uploads\/2025\/09\/Bild14.png","width":400,"height":400},{"@type":"BreadcrumbList","@id":"https:\/\/alegerglobal.com\/tr\/shop-tr\/ecom-pad-ex-pro-01-p8-dz2-patlamaya-dayanikli-tablet-atex-zone-2-116-dokunmatik-ekran-windows-2\/#breadcrumb","itemListElement":[{"@type":"ListItem","position":1,"name":"Home","item":"https:\/\/alegerglobal.com\/tr\/yeni-anasayfa\/"},{"@type":"ListItem","position":2,"name":"\u00dcr\u00fcnler","item":"https:\/\/alegerglobal.com\/tr\/ueruenler\/"},{"@type":"ListItem","position":3,"name":"Smart-Ex\u00ae 203 &#8211; Tehlikeli ortamlar i\u00e7in gelece\u011fe d\u00f6n\u00fck 5G ak\u0131ll\u0131 telefon"}]},{"@type":"WebSite","@id":"https:\/\/alegerglobal.com\/tr\/#website","url":"https:\/\/alegerglobal.com\/tr\/","name":"ALEGER \u22c6 Augmented Reality","description":"Die besten Augmented Reality (AR) L\u00f6sungen der Welt.","publisher":{"@id":"https:\/\/alegerglobal.com\/tr\/#organization"},"potentialAction":[{"@type":"SearchAction","target":{"@type":"EntryPoint","urlTemplate":"https:\/\/alegerglobal.com\/tr\/?s={search_term_string}"},"query-input":{"@type":"PropertyValueSpecification","valueRequired":true,"valueName":"search_term_string"}}],"inLanguage":"tr"},{"@type":"Organization","@id":"https:\/\/alegerglobal.com\/tr\/#organization","name":"ALEGER \u22c6 Augmented Reality","url":"https:\/\/alegerglobal.com\/tr\/","logo":{"@type":"ImageObject","inLanguage":"tr","@id":"https:\/\/alegerglobal.com\/tr\/#\/schema\/logo\/image\/","url":"https:\/\/alegerglobal.com\/wp-content\/uploads\/2020\/12\/aleger-logo-quadrat.jpg","contentUrl":"https:\/\/alegerglobal.com\/wp-content\/uploads\/2020\/12\/aleger-logo-quadrat.jpg","width":200,"height":176,"caption":"ALEGER \u22c6 Augmented Reality"},"image":{"@id":"https:\/\/alegerglobal.com\/tr\/#\/schema\/logo\/image\/"}}]},"product_brand":"Ecom","product_price_amount":"4249.00","product_price_currency":"EUR","og_availability":"instock","product_availability":"instock","product_condition":"new"},"_links":{"self":[{"href":"https:\/\/alegerglobal.com\/tr\/wp-json\/wp\/v2\/product\/49467","targetHints":{"allow":["GET"]}}],"collection":[{"href":"https:\/\/alegerglobal.com\/tr\/wp-json\/wp\/v2\/product"}],"about":[{"href":"https:\/\/alegerglobal.com\/tr\/wp-json\/wp\/v2\/types\/product"}],"replies":[{"embeddable":true,"href":"https:\/\/alegerglobal.com\/tr\/wp-json\/wp\/v2\/comments?post=49467"}],"version-history":[{"count":3,"href":"https:\/\/alegerglobal.com\/tr\/wp-json\/wp\/v2\/product\/49467\/revisions"}],"predecessor-version":[{"id":53896,"href":"https:\/\/alegerglobal.com\/tr\/wp-json\/wp\/v2\/product\/49467\/revisions\/53896"}],"wp:featuredmedia":[{"embeddable":true,"href":"https:\/\/alegerglobal.com\/tr\/wp-json\/wp\/v2\/media\/49498"}],"wp:attachment":[{"href":"https:\/\/alegerglobal.com\/tr\/wp-json\/wp\/v2\/media?parent=49467"}],"wp:term":[{"taxonomy":"product_brand","embeddable":true,"href":"https:\/\/alegerglobal.com\/tr\/wp-json\/wp\/v2\/product_brand?post=49467"},{"taxonomy":"product_cat","embeddable":true,"href":"https:\/\/alegerglobal.com\/tr\/wp-json\/wp\/v2\/product_cat?post=49467"},{"taxonomy":"product_tag","embeddable":true,"href":"https:\/\/alegerglobal.com\/tr\/wp-json\/wp\/v2\/product_tag?post=49467"}],"curies":[{"name":"wp","href":"https:\/\/api.w.org\/{rel}","templated":true}]}}