{"id":49204,"date":"2025-09-14T14:00:00","date_gmt":"2025-09-14T13:00:03","guid":{"rendered":"https:\/\/alegerglobal.com\/?post_type=product&#038;p=49204"},"modified":"2026-03-19T18:47:23","modified_gmt":"2026-03-19T17:47:23","slug":"ecom-pad-ex-pro-01-p8-dz2-patlamaya-dayanikli-tablet-atex-zone-2-116-dokunmatik-ekran-windows-kopie-kopie","status":"publish","type":"product","link":"https:\/\/alegerglobal.com\/tr\/shop-tr\/ecom-pad-ex-pro-01-p8-dz2-patlamaya-dayanikli-tablet-atex-zone-2-116-dokunmatik-ekran-windows-kopie-kopie\/","title":{"rendered":"Tab-Ex\u00ae 05 DZ2 &#8211; B\u00f6lge 2\/22 ve B\u00f6l\u00fcm 2 i\u00e7in 8\u2033 Tablet &#8211; G\u00fcvenli, g\u00fc\u00e7l\u00fc ve sa\u011flam"},"content":{"rendered":"","protected":false},"excerpt":{"rendered":"<p>Zone 2\/22 ve Division 2 gibi tehlikeli alanlar i\u00e7in \u00f6zel olarak tasarlanm\u0131\u015f end\u00fcstriyel bir Android tablet olan <strong data-start=\"237\" data-end=\"255\">Tab-Ex\u00ae 05 DZ2<\/strong> ile olanaklar\u0131n\u0131z\u0131 geni\u015fletin. En son teknoloji, birinci s\u0131n\u0131f g\u00fcvenlik sertifikas\u0131 ve sa\u011flam yap\u0131s\u0131 ile kimya, petrol ve gaz, bak\u0131m, denetim ve g\u00fcvenilirlik ile g\u00fcvenli\u011fin en \u00f6nemli \u00f6ncelikler oldu\u011fu her yerdeki uygulamalar i\u00e7in idealdir.<\/p>\n","protected":false},"featured_media":49250,"comment_status":"open","ping_status":"closed","template":"","meta":{"_acf_changed":false},"product_brand":[],"product_cat":[2319,2617,2318],"product_tag":[],"class_list":{"0":"post-49204","1":"product","2":"type-product","3":"status-publish","4":"has-post-thumbnail","6":"product_cat-atex-tr","7":"product_cat-mobil-bilisim","8":"product_cat-shop-tr","9":"pa_hersteller-ecom-tr","11":"first","12":"instock","13":"taxable","14":"shipping-taxable","15":"purchasable","16":"product-type-simple"},"acf":[],"yoast_head":"<!-- This site is optimized with the Yoast SEO Premium plugin v20.10 (Yoast SEO v24.3) - https:\/\/yoast.com\/wordpress\/plugins\/seo\/ -->\n<title>Tab-Ex\u00ae 05 DZ2 ecom&#039;da - ALEGER \u22c6 Augmented Reality sat\u0131n al\u0131n<\/title>\n<meta name=\"description\" content=\"ecom&#039;un sa\u011flam Tab-Ex\u00ae 05 DZ2 \u00fcr\u00fcn\u00fcn\u00fc ke\u015ffedin. Atex Zone 1 i\u00e7in bu tablet ile mobil ve g\u00fcvenli bir \u015fekilde \u00e7al\u0131\u015f\u0131n.\" \/>\n<meta name=\"robots\" content=\"index, follow, max-snippet:-1, max-image-preview:large, max-video-preview:-1\" \/>\n<meta property=\"og:locale\" content=\"tr_TR\" \/>\n<meta property=\"og:type\" content=\"article\" \/>\n<meta property=\"og:title\" content=\"Tab-Ex\u00ae 05 DZ2 - B\u00f6lge 2\/22 ve B\u00f6l\u00fcm 2 i\u00e7in 8\u2033 Tablet - G\u00fcvenli, g\u00fc\u00e7l\u00fc ve sa\u011flam\" \/>\n<meta property=\"og:description\" content=\"ecom&#039;un sa\u011flam Tab-Ex\u00ae 05 DZ2 \u00fcr\u00fcn\u00fcn\u00fc ke\u015ffedin. Atex Zone 1 i\u00e7in bu tablet ile mobil ve g\u00fcvenli bir \u015fekilde \u00e7al\u0131\u015f\u0131n.\" \/>\n<meta property=\"og:url\" content=\"https:\/\/alegerglobal.com\/tr\/shop-tr\/ecom-pad-ex-pro-01-p8-dz2-patlamaya-dayanikli-tablet-atex-zone-2-116-dokunmatik-ekran-windows-kopie-kopie\/\" \/>\n<meta property=\"og:site_name\" content=\"ALEGER \u22c6 Augmented Reality\" \/>\n<meta property=\"article:modified_time\" content=\"2026-03-19T17:47:23+00:00\" \/>\n<meta property=\"og:image\" content=\"https:\/\/alegerglobal.com\/wp-content\/uploads\/2025\/09\/Bild5.png\" \/>\n\t<meta property=\"og:image:width\" content=\"720\" \/>\n\t<meta property=\"og:image:height\" content=\"720\" \/>\n\t<meta property=\"og:image:type\" content=\"image\/png\" \/>\n<meta name=\"twitter:card\" content=\"summary_large_image\" \/>\n<meta name=\"twitter:label1\" content=\"Fiyat\" \/>\n\t<meta name=\"twitter:data1\" content=\"&euro;4.249,00\" \/>\n\t<meta name=\"twitter:label2\" content=\"Durumu\" \/>\n\t<meta name=\"twitter:data2\" content=\"Stokta var\" \/>\n<script type=\"application\/ld+json\" class=\"yoast-schema-graph\">{\"@context\":\"https:\/\/schema.org\",\"@graph\":[{\"@type\":\"WebPage\",\"@id\":\"https:\/\/alegerglobal.com\/tr\/shop-tr\/ecom-pad-ex-pro-01-p8-dz2-patlamaya-dayanikli-tablet-atex-zone-2-116-dokunmatik-ekran-windows-kopie-kopie\/\",\"url\":\"https:\/\/alegerglobal.com\/tr\/shop-tr\/ecom-pad-ex-pro-01-p8-dz2-patlamaya-dayanikli-tablet-atex-zone-2-116-dokunmatik-ekran-windows-kopie-kopie\/\",\"name\":\"Tab-Ex\u00ae 05 DZ2 ecom'da - ALEGER \u22c6 Augmented Reality sat\u0131n al\u0131n\",\"isPartOf\":{\"@id\":\"https:\/\/alegerglobal.com\/tr\/#website\"},\"primaryImageOfPage\":{\"@id\":\"https:\/\/alegerglobal.com\/tr\/shop-tr\/ecom-pad-ex-pro-01-p8-dz2-patlamaya-dayanikli-tablet-atex-zone-2-116-dokunmatik-ekran-windows-kopie-kopie\/#primaryimage\"},\"image\":{\"@id\":\"https:\/\/alegerglobal.com\/tr\/shop-tr\/ecom-pad-ex-pro-01-p8-dz2-patlamaya-dayanikli-tablet-atex-zone-2-116-dokunmatik-ekran-windows-kopie-kopie\/#primaryimage\"},\"thumbnailUrl\":\"https:\/\/alegerglobal.com\/wp-content\/uploads\/2025\/09\/Bild5.png\",\"datePublished\":\"2025-09-14T13:00:03+00:00\",\"dateModified\":\"2026-03-19T17:47:23+00:00\",\"description\":\"ecom'un sa\u011flam Tab-Ex\u00ae 05 DZ2 \u00fcr\u00fcn\u00fcn\u00fc ke\u015ffedin. Atex Zone 1 i\u00e7in bu tablet ile mobil ve g\u00fcvenli bir \u015fekilde \u00e7al\u0131\u015f\u0131n.\",\"breadcrumb\":{\"@id\":\"https:\/\/alegerglobal.com\/tr\/shop-tr\/ecom-pad-ex-pro-01-p8-dz2-patlamaya-dayanikli-tablet-atex-zone-2-116-dokunmatik-ekran-windows-kopie-kopie\/#breadcrumb\"},\"inLanguage\":\"tr\",\"potentialAction\":[{\"@type\":\"ReadAction\",\"target\":[\"https:\/\/alegerglobal.com\/tr\/shop-tr\/ecom-pad-ex-pro-01-p8-dz2-patlamaya-dayanikli-tablet-atex-zone-2-116-dokunmatik-ekran-windows-kopie-kopie\/\"]}]},{\"@type\":\"ImageObject\",\"inLanguage\":\"tr\",\"@id\":\"https:\/\/alegerglobal.com\/tr\/shop-tr\/ecom-pad-ex-pro-01-p8-dz2-patlamaya-dayanikli-tablet-atex-zone-2-116-dokunmatik-ekran-windows-kopie-kopie\/#primaryimage\",\"url\":\"https:\/\/alegerglobal.com\/wp-content\/uploads\/2025\/09\/Bild5.png\",\"contentUrl\":\"https:\/\/alegerglobal.com\/wp-content\/uploads\/2025\/09\/Bild5.png\",\"width\":720,\"height\":720},{\"@type\":\"BreadcrumbList\",\"@id\":\"https:\/\/alegerglobal.com\/tr\/shop-tr\/ecom-pad-ex-pro-01-p8-dz2-patlamaya-dayanikli-tablet-atex-zone-2-116-dokunmatik-ekran-windows-kopie-kopie\/#breadcrumb\",\"itemListElement\":[{\"@type\":\"ListItem\",\"position\":1,\"name\":\"Home\",\"item\":\"https:\/\/alegerglobal.com\/tr\/yeni-anasayfa\/\"},{\"@type\":\"ListItem\",\"position\":2,\"name\":\"\u00dcr\u00fcnler\",\"item\":\"https:\/\/alegerglobal.com\/tr\/ueruenler\/\"},{\"@type\":\"ListItem\",\"position\":3,\"name\":\"Tab-Ex\u00ae 05 DZ2 &#8211; B\u00f6lge 2\/22 ve B\u00f6l\u00fcm 2 i\u00e7in 8\u2033 Tablet &#8211; G\u00fcvenli, g\u00fc\u00e7l\u00fc ve sa\u011flam\"}]},{\"@type\":\"WebSite\",\"@id\":\"https:\/\/alegerglobal.com\/tr\/#website\",\"url\":\"https:\/\/alegerglobal.com\/tr\/\",\"name\":\"ALEGER \u22c6 Augmented Reality\",\"description\":\"Die besten Augmented Reality (AR) L\u00f6sungen der Welt.\",\"publisher\":{\"@id\":\"https:\/\/alegerglobal.com\/tr\/#organization\"},\"potentialAction\":[{\"@type\":\"SearchAction\",\"target\":{\"@type\":\"EntryPoint\",\"urlTemplate\":\"https:\/\/alegerglobal.com\/tr\/?s={search_term_string}\"},\"query-input\":{\"@type\":\"PropertyValueSpecification\",\"valueRequired\":true,\"valueName\":\"search_term_string\"}}],\"inLanguage\":\"tr\"},{\"@type\":\"Organization\",\"@id\":\"https:\/\/alegerglobal.com\/tr\/#organization\",\"name\":\"ALEGER \u22c6 Augmented Reality\",\"url\":\"https:\/\/alegerglobal.com\/tr\/\",\"logo\":{\"@type\":\"ImageObject\",\"inLanguage\":\"tr\",\"@id\":\"https:\/\/alegerglobal.com\/tr\/#\/schema\/logo\/image\/\",\"url\":\"https:\/\/alegerglobal.com\/wp-content\/uploads\/2020\/12\/aleger-logo-quadrat.jpg\",\"contentUrl\":\"https:\/\/alegerglobal.com\/wp-content\/uploads\/2020\/12\/aleger-logo-quadrat.jpg\",\"width\":200,\"height\":176,\"caption\":\"ALEGER \u22c6 Augmented Reality\"},\"image\":{\"@id\":\"https:\/\/alegerglobal.com\/tr\/#\/schema\/logo\/image\/\"}}]}<\/script>\n<meta property=\"product:brand\" content=\"Ecom\" \/>\n<meta property=\"product:price:amount\" content=\"4249.00\" \/>\n<meta property=\"product:price:currency\" content=\"EUR\" \/>\n<meta property=\"og:availability\" content=\"instock\" \/>\n<meta property=\"product:availability\" content=\"instock\" \/>\n<meta property=\"product:condition\" content=\"new\" \/>\n<!-- \/ Yoast SEO Premium plugin. -->","yoast_head_json":{"title":"Tab-Ex\u00ae 05 DZ2 ecom'da - ALEGER \u22c6 Augmented Reality sat\u0131n al\u0131n","description":"ecom'un sa\u011flam Tab-Ex\u00ae 05 DZ2 \u00fcr\u00fcn\u00fcn\u00fc ke\u015ffedin. Atex Zone 1 i\u00e7in bu tablet ile mobil ve g\u00fcvenli bir \u015fekilde \u00e7al\u0131\u015f\u0131n.","robots":{"index":"index","follow":"follow","max-snippet":"max-snippet:-1","max-image-preview":"max-image-preview:large","max-video-preview":"max-video-preview:-1"},"og_locale":"tr_TR","og_type":"article","og_title":"Tab-Ex\u00ae 05 DZ2 - B\u00f6lge 2\/22 ve B\u00f6l\u00fcm 2 i\u00e7in 8\u2033 Tablet - G\u00fcvenli, g\u00fc\u00e7l\u00fc ve sa\u011flam","og_description":"ecom'un sa\u011flam Tab-Ex\u00ae 05 DZ2 \u00fcr\u00fcn\u00fcn\u00fc ke\u015ffedin. Atex Zone 1 i\u00e7in bu tablet ile mobil ve g\u00fcvenli bir \u015fekilde \u00e7al\u0131\u015f\u0131n.","og_url":"https:\/\/alegerglobal.com\/tr\/shop-tr\/ecom-pad-ex-pro-01-p8-dz2-patlamaya-dayanikli-tablet-atex-zone-2-116-dokunmatik-ekran-windows-kopie-kopie\/","og_site_name":"ALEGER \u22c6 Augmented Reality","article_modified_time":"2026-03-19T17:47:23+00:00","og_image":[{"width":720,"height":720,"url":"https:\/\/alegerglobal.com\/wp-content\/uploads\/2025\/09\/Bild5.png","type":"image\/png"}],"twitter_card":"summary_large_image","twitter_misc":{"Fiyat":"&euro;4.249,00","Durumu":"Stokta var"},"schema":{"@context":"https:\/\/schema.org","@graph":[{"@type":"WebPage","@id":"https:\/\/alegerglobal.com\/tr\/shop-tr\/ecom-pad-ex-pro-01-p8-dz2-patlamaya-dayanikli-tablet-atex-zone-2-116-dokunmatik-ekran-windows-kopie-kopie\/","url":"https:\/\/alegerglobal.com\/tr\/shop-tr\/ecom-pad-ex-pro-01-p8-dz2-patlamaya-dayanikli-tablet-atex-zone-2-116-dokunmatik-ekran-windows-kopie-kopie\/","name":"Tab-Ex\u00ae 05 DZ2 ecom'da - ALEGER \u22c6 Augmented Reality sat\u0131n al\u0131n","isPartOf":{"@id":"https:\/\/alegerglobal.com\/tr\/#website"},"primaryImageOfPage":{"@id":"https:\/\/alegerglobal.com\/tr\/shop-tr\/ecom-pad-ex-pro-01-p8-dz2-patlamaya-dayanikli-tablet-atex-zone-2-116-dokunmatik-ekran-windows-kopie-kopie\/#primaryimage"},"image":{"@id":"https:\/\/alegerglobal.com\/tr\/shop-tr\/ecom-pad-ex-pro-01-p8-dz2-patlamaya-dayanikli-tablet-atex-zone-2-116-dokunmatik-ekran-windows-kopie-kopie\/#primaryimage"},"thumbnailUrl":"https:\/\/alegerglobal.com\/wp-content\/uploads\/2025\/09\/Bild5.png","datePublished":"2025-09-14T13:00:03+00:00","dateModified":"2026-03-19T17:47:23+00:00","description":"ecom'un sa\u011flam Tab-Ex\u00ae 05 DZ2 \u00fcr\u00fcn\u00fcn\u00fc ke\u015ffedin. Atex Zone 1 i\u00e7in bu tablet ile mobil ve g\u00fcvenli bir \u015fekilde \u00e7al\u0131\u015f\u0131n.","breadcrumb":{"@id":"https:\/\/alegerglobal.com\/tr\/shop-tr\/ecom-pad-ex-pro-01-p8-dz2-patlamaya-dayanikli-tablet-atex-zone-2-116-dokunmatik-ekran-windows-kopie-kopie\/#breadcrumb"},"inLanguage":"tr","potentialAction":[{"@type":"ReadAction","target":["https:\/\/alegerglobal.com\/tr\/shop-tr\/ecom-pad-ex-pro-01-p8-dz2-patlamaya-dayanikli-tablet-atex-zone-2-116-dokunmatik-ekran-windows-kopie-kopie\/"]}]},{"@type":"ImageObject","inLanguage":"tr","@id":"https:\/\/alegerglobal.com\/tr\/shop-tr\/ecom-pad-ex-pro-01-p8-dz2-patlamaya-dayanikli-tablet-atex-zone-2-116-dokunmatik-ekran-windows-kopie-kopie\/#primaryimage","url":"https:\/\/alegerglobal.com\/wp-content\/uploads\/2025\/09\/Bild5.png","contentUrl":"https:\/\/alegerglobal.com\/wp-content\/uploads\/2025\/09\/Bild5.png","width":720,"height":720},{"@type":"BreadcrumbList","@id":"https:\/\/alegerglobal.com\/tr\/shop-tr\/ecom-pad-ex-pro-01-p8-dz2-patlamaya-dayanikli-tablet-atex-zone-2-116-dokunmatik-ekran-windows-kopie-kopie\/#breadcrumb","itemListElement":[{"@type":"ListItem","position":1,"name":"Home","item":"https:\/\/alegerglobal.com\/tr\/yeni-anasayfa\/"},{"@type":"ListItem","position":2,"name":"\u00dcr\u00fcnler","item":"https:\/\/alegerglobal.com\/tr\/ueruenler\/"},{"@type":"ListItem","position":3,"name":"Tab-Ex\u00ae 05 DZ2 &#8211; B\u00f6lge 2\/22 ve B\u00f6l\u00fcm 2 i\u00e7in 8\u2033 Tablet &#8211; G\u00fcvenli, g\u00fc\u00e7l\u00fc ve sa\u011flam"}]},{"@type":"WebSite","@id":"https:\/\/alegerglobal.com\/tr\/#website","url":"https:\/\/alegerglobal.com\/tr\/","name":"ALEGER \u22c6 Augmented Reality","description":"Die besten Augmented Reality (AR) L\u00f6sungen der Welt.","publisher":{"@id":"https:\/\/alegerglobal.com\/tr\/#organization"},"potentialAction":[{"@type":"SearchAction","target":{"@type":"EntryPoint","urlTemplate":"https:\/\/alegerglobal.com\/tr\/?s={search_term_string}"},"query-input":{"@type":"PropertyValueSpecification","valueRequired":true,"valueName":"search_term_string"}}],"inLanguage":"tr"},{"@type":"Organization","@id":"https:\/\/alegerglobal.com\/tr\/#organization","name":"ALEGER \u22c6 Augmented Reality","url":"https:\/\/alegerglobal.com\/tr\/","logo":{"@type":"ImageObject","inLanguage":"tr","@id":"https:\/\/alegerglobal.com\/tr\/#\/schema\/logo\/image\/","url":"https:\/\/alegerglobal.com\/wp-content\/uploads\/2020\/12\/aleger-logo-quadrat.jpg","contentUrl":"https:\/\/alegerglobal.com\/wp-content\/uploads\/2020\/12\/aleger-logo-quadrat.jpg","width":200,"height":176,"caption":"ALEGER \u22c6 Augmented Reality"},"image":{"@id":"https:\/\/alegerglobal.com\/tr\/#\/schema\/logo\/image\/"}}]},"product_brand":"Ecom","product_price_amount":"4249.00","product_price_currency":"EUR","og_availability":"instock","product_availability":"instock","product_condition":"new"},"_links":{"self":[{"href":"https:\/\/alegerglobal.com\/tr\/wp-json\/wp\/v2\/product\/49204","targetHints":{"allow":["GET"]}}],"collection":[{"href":"https:\/\/alegerglobal.com\/tr\/wp-json\/wp\/v2\/product"}],"about":[{"href":"https:\/\/alegerglobal.com\/tr\/wp-json\/wp\/v2\/types\/product"}],"replies":[{"embeddable":true,"href":"https:\/\/alegerglobal.com\/tr\/wp-json\/wp\/v2\/comments?post=49204"}],"version-history":[{"count":3,"href":"https:\/\/alegerglobal.com\/tr\/wp-json\/wp\/v2\/product\/49204\/revisions"}],"predecessor-version":[{"id":53898,"href":"https:\/\/alegerglobal.com\/tr\/wp-json\/wp\/v2\/product\/49204\/revisions\/53898"}],"wp:featuredmedia":[{"embeddable":true,"href":"https:\/\/alegerglobal.com\/tr\/wp-json\/wp\/v2\/media\/49250"}],"wp:attachment":[{"href":"https:\/\/alegerglobal.com\/tr\/wp-json\/wp\/v2\/media?parent=49204"}],"wp:term":[{"taxonomy":"product_brand","embeddable":true,"href":"https:\/\/alegerglobal.com\/tr\/wp-json\/wp\/v2\/product_brand?post=49204"},{"taxonomy":"product_cat","embeddable":true,"href":"https:\/\/alegerglobal.com\/tr\/wp-json\/wp\/v2\/product_cat?post=49204"},{"taxonomy":"product_tag","embeddable":true,"href":"https:\/\/alegerglobal.com\/tr\/wp-json\/wp\/v2\/product_tag?post=49204"}],"curies":[{"name":"wp","href":"https:\/\/api.w.org\/{rel}","templated":true}]}}