{"id":49058,"date":"2025-09-14T12:39:54","date_gmt":"2025-09-14T11:39:58","guid":{"rendered":"https:\/\/alegerglobal.com\/?post_type=product&#038;p=49058"},"modified":"2026-03-25T20:35:19","modified_gmt":"2026-03-25T19:35:19","slug":"ecom-smart-ex-02-dz2-atex-boelge-2-icin-patlamaya-dayanikli-akilli-telefon-5-dokunmatik-ekran-android","status":"publish","type":"product","link":"https:\/\/alegerglobal.com\/tr\/shop-tr\/ecom-smart-ex-02-dz2-atex-boelge-2-icin-patlamaya-dayanikli-akilli-telefon-5-dokunmatik-ekran-android\/","title":{"rendered":"Smart-Ex\u00ae 03 DZ2 &#8211; B\u00f6lge 2\/22 ve B\u00f6l\u00fcm 2 i\u00e7in son teknoloji \u00fcr\u00fcn\u00fc 5G end\u00fcstriyel ak\u0131ll\u0131 telefon"},"content":{"rendered":"","protected":false},"excerpt":{"rendered":"<p data-start=\"274\" data-end=\"664\">Tehlikeli ortamlar i\u00e7in mobil ileti\u015fimde yeni nesli deneyimleyin: ECOM \/ Pepperl+Fuchs&#8217;un <strong data-start=\"370\" data-end=\"390\">Smart-Ex\u00ae 03 DZ2<\/strong> modeli, B\u00f6lge 2\/22 ve B\u00f6l\u00fcm 2 i\u00e7in \u00f6zel olarak geli\u015ftirilmi\u015f \u00f6d\u00fcns\u00fcz g\u00fcvenlik, maksimum performans ve ak\u0131ll\u0131 \u00f6zellikler sunar. End\u00fcstri, kimyasallar, petrol ve gaz, farmas\u00f6tikler ve patlama korumas\u0131 ve g\u00fcvenilirli\u011fin \u00e7ok \u00f6nemli oldu\u011fu alanlar i\u00e7in idealdir.<\/p>\n","protected":false},"featured_media":49032,"comment_status":"open","ping_status":"closed","template":"","meta":{"_acf_changed":false},"product_brand":[],"product_cat":[2319,2618,2617,2318],"product_tag":[],"class_list":{"0":"post-49058","1":"product","2":"type-product","3":"status-publish","4":"has-post-thumbnail","6":"product_cat-atex-tr","7":"product_cat-iletisim","8":"product_cat-mobil-bilisim","9":"product_cat-shop-tr","10":"pa_hersteller-ecom-tr","12":"first","13":"instock","14":"taxable","15":"shipping-taxable","16":"purchasable","17":"product-type-simple"},"acf":[],"yoast_head":"<!-- This site is optimized with the Yoast SEO Premium plugin v20.10 (Yoast SEO v24.3) - https:\/\/yoast.com\/wordpress\/plugins\/seo\/ -->\n<title>ecom - ALEGER \u22c6 Augmented Reality&#039;den Smart-Ex 03 DZ2 sat\u0131n al\u0131n<\/title>\n<meta name=\"description\" content=\"ATEX direktifine uygun olarak tasarlanan ecom Smart-Ex 03 DZ2, end\u00fcstriyel kullan\u0131m i\u00e7in ideal arkada\u015f\u0131n\u0131zd\u0131r. \ud83d\udd27\ud83d\udd29\" \/>\n<meta name=\"robots\" content=\"index, follow, max-snippet:-1, max-image-preview:large, max-video-preview:-1\" \/>\n<meta property=\"og:locale\" content=\"tr_TR\" \/>\n<meta property=\"og:type\" content=\"article\" \/>\n<meta property=\"og:title\" content=\"Smart-Ex\u00ae 03 DZ2 - B\u00f6lge 2\/22 ve B\u00f6l\u00fcm 2 i\u00e7in son teknoloji \u00fcr\u00fcn\u00fc 5G end\u00fcstriyel ak\u0131ll\u0131 telefon\" \/>\n<meta property=\"og:description\" content=\"ATEX direktifine uygun olarak tasarlanan ecom Smart-Ex 03 DZ2, end\u00fcstriyel kullan\u0131m i\u00e7in ideal arkada\u015f\u0131n\u0131zd\u0131r. \ud83d\udd27\ud83d\udd29\" \/>\n<meta property=\"og:url\" content=\"https:\/\/alegerglobal.com\/tr\/shop-tr\/ecom-smart-ex-02-dz2-atex-boelge-2-icin-patlamaya-dayanikli-akilli-telefon-5-dokunmatik-ekran-android\/\" \/>\n<meta property=\"og:site_name\" content=\"ALEGER \u22c6 Augmented Reality\" \/>\n<meta property=\"article:modified_time\" content=\"2026-03-25T19:35:19+00:00\" \/>\n<meta property=\"og:image\" content=\"https:\/\/alegerglobal.com\/wp-content\/uploads\/2025\/09\/ecom-smart-ex-03.jpg\" \/>\n\t<meta property=\"og:image:width\" content=\"1016\" \/>\n\t<meta property=\"og:image:height\" content=\"1058\" \/>\n\t<meta property=\"og:image:type\" content=\"image\/jpeg\" \/>\n<meta name=\"twitter:card\" content=\"summary_large_image\" \/>\n<meta name=\"twitter:label1\" content=\"Fiyat\" \/>\n\t<meta name=\"twitter:data1\" content=\"&euro;1.993,00\" \/>\n\t<meta name=\"twitter:label2\" content=\"Durumu\" \/>\n\t<meta name=\"twitter:data2\" content=\"Stokta var\" \/>\n<script type=\"application\/ld+json\" class=\"yoast-schema-graph\">{\"@context\":\"https:\/\/schema.org\",\"@graph\":[{\"@type\":\"WebPage\",\"@id\":\"https:\/\/alegerglobal.com\/tr\/shop-tr\/ecom-smart-ex-02-dz2-atex-boelge-2-icin-patlamaya-dayanikli-akilli-telefon-5-dokunmatik-ekran-android\/\",\"url\":\"https:\/\/alegerglobal.com\/tr\/shop-tr\/ecom-smart-ex-02-dz2-atex-boelge-2-icin-patlamaya-dayanikli-akilli-telefon-5-dokunmatik-ekran-android\/\",\"name\":\"ecom - ALEGER \u22c6 Augmented Reality'den Smart-Ex 03 DZ2 sat\u0131n al\u0131n\",\"isPartOf\":{\"@id\":\"https:\/\/alegerglobal.com\/tr\/#website\"},\"primaryImageOfPage\":{\"@id\":\"https:\/\/alegerglobal.com\/tr\/shop-tr\/ecom-smart-ex-02-dz2-atex-boelge-2-icin-patlamaya-dayanikli-akilli-telefon-5-dokunmatik-ekran-android\/#primaryimage\"},\"image\":{\"@id\":\"https:\/\/alegerglobal.com\/tr\/shop-tr\/ecom-smart-ex-02-dz2-atex-boelge-2-icin-patlamaya-dayanikli-akilli-telefon-5-dokunmatik-ekran-android\/#primaryimage\"},\"thumbnailUrl\":\"https:\/\/alegerglobal.com\/wp-content\/uploads\/2025\/09\/ecom-smart-ex-03.jpg\",\"datePublished\":\"2025-09-14T11:39:58+00:00\",\"dateModified\":\"2026-03-25T19:35:19+00:00\",\"description\":\"ATEX direktifine uygun olarak tasarlanan ecom Smart-Ex 03 DZ2, end\u00fcstriyel kullan\u0131m i\u00e7in ideal arkada\u015f\u0131n\u0131zd\u0131r. \ud83d\udd27\ud83d\udd29\",\"breadcrumb\":{\"@id\":\"https:\/\/alegerglobal.com\/tr\/shop-tr\/ecom-smart-ex-02-dz2-atex-boelge-2-icin-patlamaya-dayanikli-akilli-telefon-5-dokunmatik-ekran-android\/#breadcrumb\"},\"inLanguage\":\"tr\",\"potentialAction\":[{\"@type\":\"ReadAction\",\"target\":[\"https:\/\/alegerglobal.com\/tr\/shop-tr\/ecom-smart-ex-02-dz2-atex-boelge-2-icin-patlamaya-dayanikli-akilli-telefon-5-dokunmatik-ekran-android\/\"]}]},{\"@type\":\"ImageObject\",\"inLanguage\":\"tr\",\"@id\":\"https:\/\/alegerglobal.com\/tr\/shop-tr\/ecom-smart-ex-02-dz2-atex-boelge-2-icin-patlamaya-dayanikli-akilli-telefon-5-dokunmatik-ekran-android\/#primaryimage\",\"url\":\"https:\/\/alegerglobal.com\/wp-content\/uploads\/2025\/09\/ecom-smart-ex-03.jpg\",\"contentUrl\":\"https:\/\/alegerglobal.com\/wp-content\/uploads\/2025\/09\/ecom-smart-ex-03.jpg\",\"width\":1016,\"height\":1058},{\"@type\":\"BreadcrumbList\",\"@id\":\"https:\/\/alegerglobal.com\/tr\/shop-tr\/ecom-smart-ex-02-dz2-atex-boelge-2-icin-patlamaya-dayanikli-akilli-telefon-5-dokunmatik-ekran-android\/#breadcrumb\",\"itemListElement\":[{\"@type\":\"ListItem\",\"position\":1,\"name\":\"Home\",\"item\":\"https:\/\/alegerglobal.com\/tr\/yeni-anasayfa\/\"},{\"@type\":\"ListItem\",\"position\":2,\"name\":\"\u00dcr\u00fcnler\",\"item\":\"https:\/\/alegerglobal.com\/tr\/ueruenler\/\"},{\"@type\":\"ListItem\",\"position\":3,\"name\":\"Smart-Ex\u00ae 03 DZ2 &#8211; B\u00f6lge 2\/22 ve B\u00f6l\u00fcm 2 i\u00e7in son teknoloji \u00fcr\u00fcn\u00fc 5G end\u00fcstriyel ak\u0131ll\u0131 telefon\"}]},{\"@type\":\"WebSite\",\"@id\":\"https:\/\/alegerglobal.com\/tr\/#website\",\"url\":\"https:\/\/alegerglobal.com\/tr\/\",\"name\":\"ALEGER \u22c6 Augmented Reality\",\"description\":\"Die besten Augmented Reality (AR) L\u00f6sungen der Welt.\",\"publisher\":{\"@id\":\"https:\/\/alegerglobal.com\/tr\/#organization\"},\"potentialAction\":[{\"@type\":\"SearchAction\",\"target\":{\"@type\":\"EntryPoint\",\"urlTemplate\":\"https:\/\/alegerglobal.com\/tr\/?s={search_term_string}\"},\"query-input\":{\"@type\":\"PropertyValueSpecification\",\"valueRequired\":true,\"valueName\":\"search_term_string\"}}],\"inLanguage\":\"tr\"},{\"@type\":\"Organization\",\"@id\":\"https:\/\/alegerglobal.com\/tr\/#organization\",\"name\":\"ALEGER \u22c6 Augmented Reality\",\"url\":\"https:\/\/alegerglobal.com\/tr\/\",\"logo\":{\"@type\":\"ImageObject\",\"inLanguage\":\"tr\",\"@id\":\"https:\/\/alegerglobal.com\/tr\/#\/schema\/logo\/image\/\",\"url\":\"https:\/\/alegerglobal.com\/wp-content\/uploads\/2020\/12\/aleger-logo-quadrat.jpg\",\"contentUrl\":\"https:\/\/alegerglobal.com\/wp-content\/uploads\/2020\/12\/aleger-logo-quadrat.jpg\",\"width\":200,\"height\":176,\"caption\":\"ALEGER \u22c6 Augmented Reality\"},\"image\":{\"@id\":\"https:\/\/alegerglobal.com\/tr\/#\/schema\/logo\/image\/\"}}]}<\/script>\n<meta property=\"product:brand\" content=\"Ecom\" \/>\n<meta property=\"product:price:amount\" content=\"1993.00\" \/>\n<meta property=\"product:price:currency\" content=\"EUR\" \/>\n<meta property=\"og:availability\" content=\"instock\" \/>\n<meta property=\"product:availability\" content=\"instock\" \/>\n<meta property=\"product:condition\" content=\"new\" \/>\n<!-- \/ Yoast SEO Premium plugin. -->","yoast_head_json":{"title":"ecom - ALEGER \u22c6 Augmented Reality'den Smart-Ex 03 DZ2 sat\u0131n al\u0131n","description":"ATEX direktifine uygun olarak tasarlanan ecom Smart-Ex 03 DZ2, end\u00fcstriyel kullan\u0131m i\u00e7in ideal arkada\u015f\u0131n\u0131zd\u0131r. \ud83d\udd27\ud83d\udd29","robots":{"index":"index","follow":"follow","max-snippet":"max-snippet:-1","max-image-preview":"max-image-preview:large","max-video-preview":"max-video-preview:-1"},"og_locale":"tr_TR","og_type":"article","og_title":"Smart-Ex\u00ae 03 DZ2 - B\u00f6lge 2\/22 ve B\u00f6l\u00fcm 2 i\u00e7in son teknoloji \u00fcr\u00fcn\u00fc 5G end\u00fcstriyel ak\u0131ll\u0131 telefon","og_description":"ATEX direktifine uygun olarak tasarlanan ecom Smart-Ex 03 DZ2, end\u00fcstriyel kullan\u0131m i\u00e7in ideal arkada\u015f\u0131n\u0131zd\u0131r. \ud83d\udd27\ud83d\udd29","og_url":"https:\/\/alegerglobal.com\/tr\/shop-tr\/ecom-smart-ex-02-dz2-atex-boelge-2-icin-patlamaya-dayanikli-akilli-telefon-5-dokunmatik-ekran-android\/","og_site_name":"ALEGER \u22c6 Augmented Reality","article_modified_time":"2026-03-25T19:35:19+00:00","og_image":[{"width":1016,"height":1058,"url":"https:\/\/alegerglobal.com\/wp-content\/uploads\/2025\/09\/ecom-smart-ex-03.jpg","type":"image\/jpeg"}],"twitter_card":"summary_large_image","twitter_misc":{"Fiyat":"&euro;1.993,00","Durumu":"Stokta var"},"schema":{"@context":"https:\/\/schema.org","@graph":[{"@type":"WebPage","@id":"https:\/\/alegerglobal.com\/tr\/shop-tr\/ecom-smart-ex-02-dz2-atex-boelge-2-icin-patlamaya-dayanikli-akilli-telefon-5-dokunmatik-ekran-android\/","url":"https:\/\/alegerglobal.com\/tr\/shop-tr\/ecom-smart-ex-02-dz2-atex-boelge-2-icin-patlamaya-dayanikli-akilli-telefon-5-dokunmatik-ekran-android\/","name":"ecom - ALEGER \u22c6 Augmented Reality'den Smart-Ex 03 DZ2 sat\u0131n al\u0131n","isPartOf":{"@id":"https:\/\/alegerglobal.com\/tr\/#website"},"primaryImageOfPage":{"@id":"https:\/\/alegerglobal.com\/tr\/shop-tr\/ecom-smart-ex-02-dz2-atex-boelge-2-icin-patlamaya-dayanikli-akilli-telefon-5-dokunmatik-ekran-android\/#primaryimage"},"image":{"@id":"https:\/\/alegerglobal.com\/tr\/shop-tr\/ecom-smart-ex-02-dz2-atex-boelge-2-icin-patlamaya-dayanikli-akilli-telefon-5-dokunmatik-ekran-android\/#primaryimage"},"thumbnailUrl":"https:\/\/alegerglobal.com\/wp-content\/uploads\/2025\/09\/ecom-smart-ex-03.jpg","datePublished":"2025-09-14T11:39:58+00:00","dateModified":"2026-03-25T19:35:19+00:00","description":"ATEX direktifine uygun olarak tasarlanan ecom Smart-Ex 03 DZ2, end\u00fcstriyel kullan\u0131m i\u00e7in ideal arkada\u015f\u0131n\u0131zd\u0131r. \ud83d\udd27\ud83d\udd29","breadcrumb":{"@id":"https:\/\/alegerglobal.com\/tr\/shop-tr\/ecom-smart-ex-02-dz2-atex-boelge-2-icin-patlamaya-dayanikli-akilli-telefon-5-dokunmatik-ekran-android\/#breadcrumb"},"inLanguage":"tr","potentialAction":[{"@type":"ReadAction","target":["https:\/\/alegerglobal.com\/tr\/shop-tr\/ecom-smart-ex-02-dz2-atex-boelge-2-icin-patlamaya-dayanikli-akilli-telefon-5-dokunmatik-ekran-android\/"]}]},{"@type":"ImageObject","inLanguage":"tr","@id":"https:\/\/alegerglobal.com\/tr\/shop-tr\/ecom-smart-ex-02-dz2-atex-boelge-2-icin-patlamaya-dayanikli-akilli-telefon-5-dokunmatik-ekran-android\/#primaryimage","url":"https:\/\/alegerglobal.com\/wp-content\/uploads\/2025\/09\/ecom-smart-ex-03.jpg","contentUrl":"https:\/\/alegerglobal.com\/wp-content\/uploads\/2025\/09\/ecom-smart-ex-03.jpg","width":1016,"height":1058},{"@type":"BreadcrumbList","@id":"https:\/\/alegerglobal.com\/tr\/shop-tr\/ecom-smart-ex-02-dz2-atex-boelge-2-icin-patlamaya-dayanikli-akilli-telefon-5-dokunmatik-ekran-android\/#breadcrumb","itemListElement":[{"@type":"ListItem","position":1,"name":"Home","item":"https:\/\/alegerglobal.com\/tr\/yeni-anasayfa\/"},{"@type":"ListItem","position":2,"name":"\u00dcr\u00fcnler","item":"https:\/\/alegerglobal.com\/tr\/ueruenler\/"},{"@type":"ListItem","position":3,"name":"Smart-Ex\u00ae 03 DZ2 &#8211; B\u00f6lge 2\/22 ve B\u00f6l\u00fcm 2 i\u00e7in son teknoloji \u00fcr\u00fcn\u00fc 5G end\u00fcstriyel ak\u0131ll\u0131 telefon"}]},{"@type":"WebSite","@id":"https:\/\/alegerglobal.com\/tr\/#website","url":"https:\/\/alegerglobal.com\/tr\/","name":"ALEGER \u22c6 Augmented Reality","description":"Die besten Augmented Reality (AR) L\u00f6sungen der Welt.","publisher":{"@id":"https:\/\/alegerglobal.com\/tr\/#organization"},"potentialAction":[{"@type":"SearchAction","target":{"@type":"EntryPoint","urlTemplate":"https:\/\/alegerglobal.com\/tr\/?s={search_term_string}"},"query-input":{"@type":"PropertyValueSpecification","valueRequired":true,"valueName":"search_term_string"}}],"inLanguage":"tr"},{"@type":"Organization","@id":"https:\/\/alegerglobal.com\/tr\/#organization","name":"ALEGER \u22c6 Augmented Reality","url":"https:\/\/alegerglobal.com\/tr\/","logo":{"@type":"ImageObject","inLanguage":"tr","@id":"https:\/\/alegerglobal.com\/tr\/#\/schema\/logo\/image\/","url":"https:\/\/alegerglobal.com\/wp-content\/uploads\/2020\/12\/aleger-logo-quadrat.jpg","contentUrl":"https:\/\/alegerglobal.com\/wp-content\/uploads\/2020\/12\/aleger-logo-quadrat.jpg","width":200,"height":176,"caption":"ALEGER \u22c6 Augmented Reality"},"image":{"@id":"https:\/\/alegerglobal.com\/tr\/#\/schema\/logo\/image\/"}}]},"product_brand":"Ecom","product_price_amount":"1993.00","product_price_currency":"EUR","og_availability":"instock","product_availability":"instock","product_condition":"new"},"_links":{"self":[{"href":"https:\/\/alegerglobal.com\/tr\/wp-json\/wp\/v2\/product\/49058","targetHints":{"allow":["GET"]}}],"collection":[{"href":"https:\/\/alegerglobal.com\/tr\/wp-json\/wp\/v2\/product"}],"about":[{"href":"https:\/\/alegerglobal.com\/tr\/wp-json\/wp\/v2\/types\/product"}],"replies":[{"embeddable":true,"href":"https:\/\/alegerglobal.com\/tr\/wp-json\/wp\/v2\/comments?post=49058"}],"version-history":[{"count":2,"href":"https:\/\/alegerglobal.com\/tr\/wp-json\/wp\/v2\/product\/49058\/revisions"}],"predecessor-version":[{"id":52467,"href":"https:\/\/alegerglobal.com\/tr\/wp-json\/wp\/v2\/product\/49058\/revisions\/52467"}],"wp:featuredmedia":[{"embeddable":true,"href":"https:\/\/alegerglobal.com\/tr\/wp-json\/wp\/v2\/media\/49032"}],"wp:attachment":[{"href":"https:\/\/alegerglobal.com\/tr\/wp-json\/wp\/v2\/media?parent=49058"}],"wp:term":[{"taxonomy":"product_brand","embeddable":true,"href":"https:\/\/alegerglobal.com\/tr\/wp-json\/wp\/v2\/product_brand?post=49058"},{"taxonomy":"product_cat","embeddable":true,"href":"https:\/\/alegerglobal.com\/tr\/wp-json\/wp\/v2\/product_cat?post=49058"},{"taxonomy":"product_tag","embeddable":true,"href":"https:\/\/alegerglobal.com\/tr\/wp-json\/wp\/v2\/product_tag?post=49058"}],"curies":[{"name":"wp","href":"https:\/\/api.w.org\/{rel}","templated":true}]}}