{"id":39853,"date":"2022-10-21T04:30:07","date_gmt":"2024-06-03T12:24:52","guid":{"rendered":"https:\/\/alegerglobal.com\/kategorilenmemis\/rokid-air-pro-1920x1080-75-hz-8mp-1080p-43-derece-fov\/"},"modified":"2024-06-03T13:24:52","modified_gmt":"2024-06-03T12:24:52","slug":"rokid-air-pro","status":"publish","type":"product","link":"https:\/\/alegerglobal.com\/tr\/shop-tr\/akilli-goezluekler\/rokid-air-pro\/","title":{"rendered":"Rokid Air Pro, 1920&#215;1080, 75 HZ, 8MP, 1080p, 43 derece FoV"},"content":{"rendered":"","protected":false},"excerpt":{"rendered":"<ul>\n<li style=\"font-weight: 400;\" aria-level=\"1\"><b>Kompakt:<\/b><span style=\"font-weight: 400;\"> Toplam a\u011f\u0131rl\u0131\u011f\u0131 83 gram olan k\u00fc\u00e7\u00fck AR g\u00f6zl\u00fckler<\/span><\/li>\n<li style=\"font-weight: 400;\" aria-level=\"1\"><b>Esnek kullan\u0131m:<\/b><span style=\"font-weight: 400;\"> Ak\u0131ll\u0131 telefonlar ve diz\u00fcst\u00fc bilgisayarlarla uyumluluk, \u00e7e\u015fitli uygulamalar\u0131n kullan\u0131lmas\u0131na olanak tan\u0131r<\/span><\/li>\n<li style=\"font-weight: 400;\" aria-level=\"1\"><b>Y\u00fcksek \u00e7\u00f6z\u00fcn\u00fcrl\u00fckl\u00fc foto\u011fraflar ve videolar:<\/b><span style=\"font-weight: 400;\"> 8MP foto\u011fraflar ve 1080p \u00e7\u00f6z\u00fcn\u00fcrl\u00fckl\u00fc videolar i\u00e7in entegre kamera<\/span><\/li>\n<li style=\"font-weight: 400;\" aria-level=\"1\"><b>S\u00fcr\u00fckleyici deneyimler:<\/b><span style=\"font-weight: 400;\"> 43 derece g\u00f6r\u00fc\u015f alan\u0131na sahip 75 Hz ekran ve entegre 360 derece hoparl\u00f6r<\/span><\/li>\n<li style=\"font-weight: 400;\" aria-level=\"1\"><b>Mobil:<\/b> Ak\u0131ll\u0131 telefon \u00fczerinden \u00e7al\u0131\u015ft\u0131rma, pil gerektirmez<\/li>\n<\/ul>\n","protected":false},"featured_media":39855,"comment_status":"open","ping_status":"closed","template":"","meta":{"_acf_changed":false},"product_brand":[],"product_cat":[2317,2318],"product_tag":[],"class_list":{"0":"post-39853","1":"product","2":"type-product","3":"status-publish","4":"has-post-thumbnail","6":"product_cat-akilli-goezluekler","7":"product_cat-shop-tr","8":"pa_hersteller-rokid-tr","10":"first","11":"instock","12":"taxable","13":"shipping-taxable","14":"product-type-simple"},"acf":[],"yoast_head":"<!-- This site is optimized with the Yoast SEO Premium plugin v20.10 (Yoast SEO v24.3) - https:\/\/yoast.com\/wordpress\/plugins\/seo\/ -->\n<title>Rokid Air Pro AR g\u00f6zl\u00fck ALEGER \u22c6 Augmented Reality sat\u0131n al\u0131n<\/title>\n<meta name=\"description\" content=\"E\u011fitim, sergiler ve i\u015fbirli\u011fi i\u00e7in AR g\u00f6zl\u00fckleri. \u2713 pilsiz \u2713 ak\u0131ll\u0131 telefon \u00fczerinden \u00e7al\u0131\u015ft\u0131rma \u2713 Full-HD \u2192 Rokid Air Glasses&#039;\u0131 \u015fimdi ALEGER&#039;den sat\u0131n al\u0131n!\" \/>\n<meta name=\"robots\" content=\"index, follow, max-snippet:-1, max-image-preview:large, max-video-preview:-1\" \/>\n<meta property=\"og:locale\" content=\"tr_TR\" \/>\n<meta property=\"og:type\" content=\"article\" \/>\n<meta property=\"og:title\" content=\"Rokid Air Pro, 1920x1080, 75 HZ, 8MP, 1080p, 43 derece FoV\" \/>\n<meta property=\"og:description\" content=\"E\u011fitim, sergiler ve i\u015fbirli\u011fi i\u00e7in AR g\u00f6zl\u00fckleri. \u2713 pilsiz \u2713 ak\u0131ll\u0131 telefon \u00fczerinden \u00e7al\u0131\u015ft\u0131rma \u2713 Full-HD \u2192 Rokid Air Glasses&#039;\u0131 \u015fimdi ALEGER&#039;den sat\u0131n al\u0131n!\" \/>\n<meta property=\"og:url\" content=\"https:\/\/alegerglobal.com\/tr\/shop-tr\/akilli-goezluekler\/rokid-air-pro\/\" \/>\n<meta property=\"og:site_name\" content=\"ALEGER \u22c6 Augmented Reality\" \/>\n<meta property=\"og:image\" content=\"https:\/\/alegerglobal.com\/wp-content\/uploads\/2022\/10\/Unbenannt-9.jpg\" \/>\n\t<meta property=\"og:image:width\" content=\"800\" \/>\n\t<meta property=\"og:image:height\" content=\"800\" \/>\n\t<meta property=\"og:image:type\" content=\"image\/jpeg\" \/>\n<meta name=\"twitter:card\" content=\"summary_large_image\" \/>\n<meta name=\"twitter:label1\" content=\"Fiyat\" \/>\n\t<meta name=\"twitter:data1\" content=\"\" \/>\n\t<meta name=\"twitter:label2\" content=\"Durumu\" \/>\n\t<meta name=\"twitter:data2\" content=\"Stokta var\" \/>\n<script type=\"application\/ld+json\" class=\"yoast-schema-graph\">{\"@context\":\"https:\/\/schema.org\",\"@graph\":[{\"@type\":\"WebPage\",\"@id\":\"https:\/\/alegerglobal.com\/tr\/shop-tr\/akilli-goezluekler\/rokid-air-pro\/\",\"url\":\"https:\/\/alegerglobal.com\/tr\/shop-tr\/akilli-goezluekler\/rokid-air-pro\/\",\"name\":\"Rokid Air Pro AR g\u00f6zl\u00fck ALEGER \u22c6 Augmented Reality sat\u0131n al\u0131n\",\"isPartOf\":{\"@id\":\"https:\/\/alegerglobal.com\/tr\/#website\"},\"primaryImageOfPage\":{\"@id\":\"https:\/\/alegerglobal.com\/tr\/shop-tr\/akilli-goezluekler\/rokid-air-pro\/#primaryimage\"},\"image\":{\"@id\":\"https:\/\/alegerglobal.com\/tr\/shop-tr\/akilli-goezluekler\/rokid-air-pro\/#primaryimage\"},\"thumbnailUrl\":\"https:\/\/alegerglobal.com\/wp-content\/uploads\/2022\/10\/Unbenannt-9.jpg\",\"datePublished\":\"2024-06-03T12:24:52+00:00\",\"dateModified\":\"2024-06-03T12:24:52+00:00\",\"description\":\"E\u011fitim, sergiler ve i\u015fbirli\u011fi i\u00e7in AR g\u00f6zl\u00fckleri. \u2713 pilsiz \u2713 ak\u0131ll\u0131 telefon \u00fczerinden \u00e7al\u0131\u015ft\u0131rma \u2713 Full-HD \u2192 Rokid Air Glasses'\u0131 \u015fimdi ALEGER'den sat\u0131n al\u0131n!\",\"breadcrumb\":{\"@id\":\"https:\/\/alegerglobal.com\/tr\/shop-tr\/akilli-goezluekler\/rokid-air-pro\/#breadcrumb\"},\"inLanguage\":\"tr\",\"potentialAction\":[{\"@type\":\"ReadAction\",\"target\":[\"https:\/\/alegerglobal.com\/tr\/shop-tr\/akilli-goezluekler\/rokid-air-pro\/\"]}]},{\"@type\":\"ImageObject\",\"inLanguage\":\"tr\",\"@id\":\"https:\/\/alegerglobal.com\/tr\/shop-tr\/akilli-goezluekler\/rokid-air-pro\/#primaryimage\",\"url\":\"https:\/\/alegerglobal.com\/wp-content\/uploads\/2022\/10\/Unbenannt-9.jpg\",\"contentUrl\":\"https:\/\/alegerglobal.com\/wp-content\/uploads\/2022\/10\/Unbenannt-9.jpg\",\"width\":800,\"height\":800},{\"@type\":\"BreadcrumbList\",\"@id\":\"https:\/\/alegerglobal.com\/tr\/shop-tr\/akilli-goezluekler\/rokid-air-pro\/#breadcrumb\",\"itemListElement\":[{\"@type\":\"ListItem\",\"position\":1,\"name\":\"Home\",\"item\":\"https:\/\/alegerglobal.com\/tr\/yeni-anasayfa\/\"},{\"@type\":\"ListItem\",\"position\":2,\"name\":\"\u00dcr\u00fcnler\",\"item\":\"https:\/\/alegerglobal.com\/tr\/ueruenler\/\"},{\"@type\":\"ListItem\",\"position\":3,\"name\":\"Rokid Air Pro, 1920&#215;1080, 75 HZ, 8MP, 1080p, 43 derece FoV\"}]},{\"@type\":\"WebSite\",\"@id\":\"https:\/\/alegerglobal.com\/tr\/#website\",\"url\":\"https:\/\/alegerglobal.com\/tr\/\",\"name\":\"ALEGER \u22c6 Augmented Reality\",\"description\":\"Die besten Augmented Reality (AR) L\u00f6sungen der Welt.\",\"publisher\":{\"@id\":\"https:\/\/alegerglobal.com\/tr\/#organization\"},\"potentialAction\":[{\"@type\":\"SearchAction\",\"target\":{\"@type\":\"EntryPoint\",\"urlTemplate\":\"https:\/\/alegerglobal.com\/tr\/?s={search_term_string}\"},\"query-input\":{\"@type\":\"PropertyValueSpecification\",\"valueRequired\":true,\"valueName\":\"search_term_string\"}}],\"inLanguage\":\"tr\"},{\"@type\":\"Organization\",\"@id\":\"https:\/\/alegerglobal.com\/tr\/#organization\",\"name\":\"ALEGER \u22c6 Augmented Reality\",\"url\":\"https:\/\/alegerglobal.com\/tr\/\",\"logo\":{\"@type\":\"ImageObject\",\"inLanguage\":\"tr\",\"@id\":\"https:\/\/alegerglobal.com\/tr\/#\/schema\/logo\/image\/\",\"url\":\"https:\/\/alegerglobal.com\/wp-content\/uploads\/2020\/12\/aleger-logo-quadrat.jpg\",\"contentUrl\":\"https:\/\/alegerglobal.com\/wp-content\/uploads\/2020\/12\/aleger-logo-quadrat.jpg\",\"width\":200,\"height\":176,\"caption\":\"ALEGER \u22c6 Augmented Reality\"},\"image\":{\"@id\":\"https:\/\/alegerglobal.com\/tr\/#\/schema\/logo\/image\/\"}}]}<\/script>\n<meta property=\"product:brand\" content=\"Rokid\" \/>\n<meta property=\"product:price:amount\" content=\"0.00\" \/>\n<meta property=\"product:price:currency\" content=\"EUR\" \/>\n<meta property=\"og:availability\" content=\"instock\" \/>\n<meta property=\"product:availability\" content=\"instock\" \/>\n<meta property=\"product:condition\" content=\"new\" \/>\n<!-- \/ Yoast SEO Premium plugin. -->","yoast_head_json":{"title":"Rokid Air Pro AR g\u00f6zl\u00fck ALEGER \u22c6 Augmented Reality sat\u0131n al\u0131n","description":"E\u011fitim, sergiler ve i\u015fbirli\u011fi i\u00e7in AR g\u00f6zl\u00fckleri. \u2713 pilsiz \u2713 ak\u0131ll\u0131 telefon \u00fczerinden \u00e7al\u0131\u015ft\u0131rma \u2713 Full-HD \u2192 Rokid Air Glasses'\u0131 \u015fimdi ALEGER'den sat\u0131n al\u0131n!","robots":{"index":"index","follow":"follow","max-snippet":"max-snippet:-1","max-image-preview":"max-image-preview:large","max-video-preview":"max-video-preview:-1"},"og_locale":"tr_TR","og_type":"article","og_title":"Rokid Air Pro, 1920x1080, 75 HZ, 8MP, 1080p, 43 derece FoV","og_description":"E\u011fitim, sergiler ve i\u015fbirli\u011fi i\u00e7in AR g\u00f6zl\u00fckleri. \u2713 pilsiz \u2713 ak\u0131ll\u0131 telefon \u00fczerinden \u00e7al\u0131\u015ft\u0131rma \u2713 Full-HD \u2192 Rokid Air Glasses'\u0131 \u015fimdi ALEGER'den sat\u0131n al\u0131n!","og_url":"https:\/\/alegerglobal.com\/tr\/shop-tr\/akilli-goezluekler\/rokid-air-pro\/","og_site_name":"ALEGER \u22c6 Augmented Reality","og_image":[{"width":800,"height":800,"url":"https:\/\/alegerglobal.com\/wp-content\/uploads\/2022\/10\/Unbenannt-9.jpg","type":"image\/jpeg"}],"twitter_card":"summary_large_image","twitter_misc":{"Fiyat":"","Durumu":"Stokta var"},"schema":{"@context":"https:\/\/schema.org","@graph":[{"@type":"WebPage","@id":"https:\/\/alegerglobal.com\/tr\/shop-tr\/akilli-goezluekler\/rokid-air-pro\/","url":"https:\/\/alegerglobal.com\/tr\/shop-tr\/akilli-goezluekler\/rokid-air-pro\/","name":"Rokid Air Pro AR g\u00f6zl\u00fck ALEGER \u22c6 Augmented Reality sat\u0131n al\u0131n","isPartOf":{"@id":"https:\/\/alegerglobal.com\/tr\/#website"},"primaryImageOfPage":{"@id":"https:\/\/alegerglobal.com\/tr\/shop-tr\/akilli-goezluekler\/rokid-air-pro\/#primaryimage"},"image":{"@id":"https:\/\/alegerglobal.com\/tr\/shop-tr\/akilli-goezluekler\/rokid-air-pro\/#primaryimage"},"thumbnailUrl":"https:\/\/alegerglobal.com\/wp-content\/uploads\/2022\/10\/Unbenannt-9.jpg","datePublished":"2024-06-03T12:24:52+00:00","dateModified":"2024-06-03T12:24:52+00:00","description":"E\u011fitim, sergiler ve i\u015fbirli\u011fi i\u00e7in AR g\u00f6zl\u00fckleri. \u2713 pilsiz \u2713 ak\u0131ll\u0131 telefon \u00fczerinden \u00e7al\u0131\u015ft\u0131rma \u2713 Full-HD \u2192 Rokid Air Glasses'\u0131 \u015fimdi ALEGER'den sat\u0131n al\u0131n!","breadcrumb":{"@id":"https:\/\/alegerglobal.com\/tr\/shop-tr\/akilli-goezluekler\/rokid-air-pro\/#breadcrumb"},"inLanguage":"tr","potentialAction":[{"@type":"ReadAction","target":["https:\/\/alegerglobal.com\/tr\/shop-tr\/akilli-goezluekler\/rokid-air-pro\/"]}]},{"@type":"ImageObject","inLanguage":"tr","@id":"https:\/\/alegerglobal.com\/tr\/shop-tr\/akilli-goezluekler\/rokid-air-pro\/#primaryimage","url":"https:\/\/alegerglobal.com\/wp-content\/uploads\/2022\/10\/Unbenannt-9.jpg","contentUrl":"https:\/\/alegerglobal.com\/wp-content\/uploads\/2022\/10\/Unbenannt-9.jpg","width":800,"height":800},{"@type":"BreadcrumbList","@id":"https:\/\/alegerglobal.com\/tr\/shop-tr\/akilli-goezluekler\/rokid-air-pro\/#breadcrumb","itemListElement":[{"@type":"ListItem","position":1,"name":"Home","item":"https:\/\/alegerglobal.com\/tr\/yeni-anasayfa\/"},{"@type":"ListItem","position":2,"name":"\u00dcr\u00fcnler","item":"https:\/\/alegerglobal.com\/tr\/ueruenler\/"},{"@type":"ListItem","position":3,"name":"Rokid Air Pro, 1920&#215;1080, 75 HZ, 8MP, 1080p, 43 derece FoV"}]},{"@type":"WebSite","@id":"https:\/\/alegerglobal.com\/tr\/#website","url":"https:\/\/alegerglobal.com\/tr\/","name":"ALEGER \u22c6 Augmented Reality","description":"Die besten Augmented Reality (AR) L\u00f6sungen der Welt.","publisher":{"@id":"https:\/\/alegerglobal.com\/tr\/#organization"},"potentialAction":[{"@type":"SearchAction","target":{"@type":"EntryPoint","urlTemplate":"https:\/\/alegerglobal.com\/tr\/?s={search_term_string}"},"query-input":{"@type":"PropertyValueSpecification","valueRequired":true,"valueName":"search_term_string"}}],"inLanguage":"tr"},{"@type":"Organization","@id":"https:\/\/alegerglobal.com\/tr\/#organization","name":"ALEGER \u22c6 Augmented Reality","url":"https:\/\/alegerglobal.com\/tr\/","logo":{"@type":"ImageObject","inLanguage":"tr","@id":"https:\/\/alegerglobal.com\/tr\/#\/schema\/logo\/image\/","url":"https:\/\/alegerglobal.com\/wp-content\/uploads\/2020\/12\/aleger-logo-quadrat.jpg","contentUrl":"https:\/\/alegerglobal.com\/wp-content\/uploads\/2020\/12\/aleger-logo-quadrat.jpg","width":200,"height":176,"caption":"ALEGER \u22c6 Augmented Reality"},"image":{"@id":"https:\/\/alegerglobal.com\/tr\/#\/schema\/logo\/image\/"}}]},"product_brand":"Rokid","product_price_amount":"0.00","product_price_currency":"EUR","og_availability":"instock","product_availability":"instock","product_condition":"new"},"_links":{"self":[{"href":"https:\/\/alegerglobal.com\/tr\/wp-json\/wp\/v2\/product\/39853","targetHints":{"allow":["GET"]}}],"collection":[{"href":"https:\/\/alegerglobal.com\/tr\/wp-json\/wp\/v2\/product"}],"about":[{"href":"https:\/\/alegerglobal.com\/tr\/wp-json\/wp\/v2\/types\/product"}],"replies":[{"embeddable":true,"href":"https:\/\/alegerglobal.com\/tr\/wp-json\/wp\/v2\/comments?post=39853"}],"version-history":[{"count":0,"href":"https:\/\/alegerglobal.com\/tr\/wp-json\/wp\/v2\/product\/39853\/revisions"}],"wp:featuredmedia":[{"embeddable":true,"href":"https:\/\/alegerglobal.com\/tr\/wp-json\/wp\/v2\/media\/39855"}],"wp:attachment":[{"href":"https:\/\/alegerglobal.com\/tr\/wp-json\/wp\/v2\/media?parent=39853"}],"wp:term":[{"taxonomy":"product_brand","embeddable":true,"href":"https:\/\/alegerglobal.com\/tr\/wp-json\/wp\/v2\/product_brand?post=39853"},{"taxonomy":"product_cat","embeddable":true,"href":"https:\/\/alegerglobal.com\/tr\/wp-json\/wp\/v2\/product_cat?post=39853"},{"taxonomy":"product_tag","embeddable":true,"href":"https:\/\/alegerglobal.com\/tr\/wp-json\/wp\/v2\/product_tag?post=39853"}],"curies":[{"name":"wp","href":"https:\/\/api.w.org\/{rel}","templated":true}]}}