{"id":39793,"date":"2023-01-05T05:23:54","date_gmt":"2024-06-03T12:13:35","guid":{"rendered":"https:\/\/alegerglobal.com\/kategorilenmemis\/termal-kamera\/"},"modified":"2024-06-03T13:13:35","modified_gmt":"2024-06-03T12:13:35","slug":"termal-kamera","status":"publish","type":"product","link":"https:\/\/alegerglobal.com\/tr\/shop-tr\/aksesuarlar\/termal-kamera\/","title":{"rendered":"Termal kamera"},"content":{"rendered":"","protected":false},"excerpt":{"rendered":"<h2>G\u00f6r\u00fcnmeyeni g\u00f6r\u00fcn\u00fcr k\u0131lmak<\/h2>\n<p>Termal kamera mod\u00fcl\u00fc, \u00e7\u0131plak g\u00f6zle g\u00f6r\u00fclemeyen hatalar\u0131 g\u00f6r\u00fcn\u00fcr hale getirir. Elektrik tesisatlar\u0131, motorlar veya bina cepheleri &#8211; s\u0131cakl\u0131k sapmalar\u0131, sorunlar\u0131 akut hale gelmeden \u00f6nce ortaya \u00e7\u0131karabilir.<\/p>\n<p>Mod\u00fcler tasar\u0131m sayesinde kamera RealWear Navigator 500&#8217;e tek bir t\u0131klamayla monte edilebilir. Termal g\u00f6r\u00fcn\u00fcmden normal g\u00f6r\u00fcn\u00fcme ge\u00e7mek i\u00e7in tek yapman\u0131z gereken basit bir sesli komut. Bu, iki modun sorunsuz bir \u015fekilde kullan\u0131labilece\u011fi anlam\u0131na gelir ve inceleme ve dok\u00fcmantasyon i\u00e7in idealdir. D\u00fcnyan\u0131n \u00f6nde gelen k\u0131z\u0131l\u00f6tesi \u00fcr\u00fcn \u00fcreticisi FLIR&#8217;\u0131n en yeni donan\u0131m ve yaz\u0131l\u0131m\u0131 kullan\u0131lmaktad\u0131r.<\/p>\n<p>20 ila 400 \u00b0C aras\u0131ndaki s\u0131cakl\u0131k aral\u0131\u011f\u0131 \u00e7ok \u00e7e\u015fitli uygulamalara olanak tan\u0131r. G\u00f6rsel kameran\u0131n temel verileri standart versiyona kar\u015f\u0131l\u0131k gelir: 48 MP sens\u00f6r, 12 MP foto\u011fraf ve 60 fps&#8217;ye kadar Full HD video.<\/p>\n","protected":false},"featured_media":39794,"comment_status":"open","ping_status":"closed","template":"","meta":{"_acf_changed":false},"product_brand":[],"product_cat":[2362,2318],"product_tag":[],"class_list":{"0":"post-39793","1":"product","2":"type-product","3":"status-publish","4":"has-post-thumbnail","6":"product_cat-aksesuarlar","7":"product_cat-shop-tr","8":"pa_hersteller-realwear-tr","10":"first","11":"instock","12":"taxable","13":"shipping-taxable","14":"product-type-simple"},"acf":[],"yoast_head":"<!-- This site is optimized with the Yoast SEO Premium plugin v20.10 (Yoast SEO v24.3) - https:\/\/yoast.com\/wordpress\/plugins\/seo\/ -->\n<title>- kamera ep ALEGER \u22c6 Augmented Reality<\/title>\n<meta name=\"robots\" content=\"index, follow, max-snippet:-1, max-image-preview:large, max-video-preview:-1\" \/>\n<meta property=\"og:locale\" content=\"tr_TR\" \/>\n<meta property=\"og:type\" content=\"article\" \/>\n<meta property=\"og:title\" content=\"Termal kamera\" \/>\n<meta property=\"og:description\" content=\"G\u00f6r\u00fcnmeyeni g\u00f6r\u00fcn\u00fcr k\u0131lmak Termal kamera mod\u00fcl\u00fc, \u00e7\u0131plak g\u00f6zle g\u00f6r\u00fclemeyen hatalar\u0131 g\u00f6r\u00fcn\u00fcr hale getirir. Elektrik tesisatlar\u0131, motorlar veya bina cepheleri - s\u0131cakl\u0131k sapmalar\u0131, sorunlar\u0131 akut hale gelmeden \u00f6nce ortaya \u00e7\u0131karabilir. Mod\u00fcler tasar\u0131m sayesinde kamera RealWear Navigator 500&#039;e tek bir t\u0131klamayla monte edilebilir. Termal g\u00f6r\u00fcn\u00fcmden normal g\u00f6r\u00fcn\u00fcme ge\u00e7mek i\u00e7in tek yapman\u0131z gereken basit bir sesli komut. Bu, iki modun sorunsuz bir \u015fekilde kullan\u0131labilece\u011fi anlam\u0131na gelir ve inceleme ve dok\u00fcmantasyon i\u00e7in idealdir. D\u00fcnyan\u0131n \u00f6nde gelen k\u0131z\u0131l\u00f6tesi \u00fcr\u00fcn \u00fcreticisi FLIR&#039;\u0131n en yeni donan\u0131m ve yaz\u0131l\u0131m\u0131 kullan\u0131lmaktad\u0131r. 20 ila 400 \u00b0C aras\u0131ndaki s\u0131cakl\u0131k aral\u0131\u011f\u0131 \u00e7ok \u00e7e\u015fitli uygulamalara olanak tan\u0131r. G\u00f6rsel kameran\u0131n temel verileri standart versiyona kar\u015f\u0131l\u0131k gelir: 48 MP sens\u00f6r, 12 MP foto\u011fraf ve 60 fps&#039;ye kadar Full HD video.\" \/>\n<meta property=\"og:url\" content=\"https:\/\/alegerglobal.com\/tr\/shop-tr\/aksesuarlar\/termal-kamera\/\" \/>\n<meta property=\"og:site_name\" content=\"ALEGER \u22c6 Augmented Reality\" \/>\n<meta property=\"og:image\" content=\"https:\/\/alegerglobal.com\/wp-content\/uploads\/2023\/01\/Unbenannt-2.jpg\" \/>\n\t<meta property=\"og:image:width\" content=\"800\" \/>\n\t<meta property=\"og:image:height\" content=\"800\" \/>\n\t<meta property=\"og:image:type\" content=\"image\/jpeg\" \/>\n<meta name=\"twitter:card\" content=\"summary_large_image\" \/>\n<meta name=\"twitter:label1\" content=\"Fiyat\" \/>\n\t<meta name=\"twitter:data1\" content=\"\" \/>\n\t<meta name=\"twitter:label2\" content=\"Durumu\" \/>\n\t<meta name=\"twitter:data2\" content=\"Stokta var\" \/>\n<script type=\"application\/ld+json\" class=\"yoast-schema-graph\">{\"@context\":\"https:\/\/schema.org\",\"@graph\":[{\"@type\":\"WebPage\",\"@id\":\"https:\/\/alegerglobal.com\/tr\/shop-tr\/aksesuarlar\/termal-kamera\/\",\"url\":\"https:\/\/alegerglobal.com\/tr\/shop-tr\/aksesuarlar\/termal-kamera\/\",\"name\":\"- kamera ep ALEGER \u22c6 Augmented Reality\",\"isPartOf\":{\"@id\":\"https:\/\/alegerglobal.com\/tr\/#website\"},\"primaryImageOfPage\":{\"@id\":\"https:\/\/alegerglobal.com\/tr\/shop-tr\/aksesuarlar\/termal-kamera\/#primaryimage\"},\"image\":{\"@id\":\"https:\/\/alegerglobal.com\/tr\/shop-tr\/aksesuarlar\/termal-kamera\/#primaryimage\"},\"thumbnailUrl\":\"https:\/\/alegerglobal.com\/wp-content\/uploads\/2023\/01\/Unbenannt-2.jpg\",\"datePublished\":\"2024-06-03T12:13:35+00:00\",\"dateModified\":\"2024-06-03T12:13:35+00:00\",\"breadcrumb\":{\"@id\":\"https:\/\/alegerglobal.com\/tr\/shop-tr\/aksesuarlar\/termal-kamera\/#breadcrumb\"},\"inLanguage\":\"tr\",\"potentialAction\":[{\"@type\":\"ReadAction\",\"target\":[\"https:\/\/alegerglobal.com\/tr\/shop-tr\/aksesuarlar\/termal-kamera\/\"]}]},{\"@type\":\"ImageObject\",\"inLanguage\":\"tr\",\"@id\":\"https:\/\/alegerglobal.com\/tr\/shop-tr\/aksesuarlar\/termal-kamera\/#primaryimage\",\"url\":\"https:\/\/alegerglobal.com\/wp-content\/uploads\/2023\/01\/Unbenannt-2.jpg\",\"contentUrl\":\"https:\/\/alegerglobal.com\/wp-content\/uploads\/2023\/01\/Unbenannt-2.jpg\",\"width\":800,\"height\":800},{\"@type\":\"BreadcrumbList\",\"@id\":\"https:\/\/alegerglobal.com\/tr\/shop-tr\/aksesuarlar\/termal-kamera\/#breadcrumb\",\"itemListElement\":[{\"@type\":\"ListItem\",\"position\":1,\"name\":\"Home\",\"item\":\"https:\/\/alegerglobal.com\/tr\/yeni-anasayfa\/\"},{\"@type\":\"ListItem\",\"position\":2,\"name\":\"\u00dcr\u00fcnler\",\"item\":\"https:\/\/alegerglobal.com\/tr\/ueruenler\/\"},{\"@type\":\"ListItem\",\"position\":3,\"name\":\"Termal kamera\"}]},{\"@type\":\"WebSite\",\"@id\":\"https:\/\/alegerglobal.com\/tr\/#website\",\"url\":\"https:\/\/alegerglobal.com\/tr\/\",\"name\":\"ALEGER \u22c6 Augmented Reality\",\"description\":\"Die besten Augmented Reality (AR) L\u00f6sungen der Welt.\",\"publisher\":{\"@id\":\"https:\/\/alegerglobal.com\/tr\/#organization\"},\"potentialAction\":[{\"@type\":\"SearchAction\",\"target\":{\"@type\":\"EntryPoint\",\"urlTemplate\":\"https:\/\/alegerglobal.com\/tr\/?s={search_term_string}\"},\"query-input\":{\"@type\":\"PropertyValueSpecification\",\"valueRequired\":true,\"valueName\":\"search_term_string\"}}],\"inLanguage\":\"tr\"},{\"@type\":\"Organization\",\"@id\":\"https:\/\/alegerglobal.com\/tr\/#organization\",\"name\":\"ALEGER \u22c6 Augmented Reality\",\"url\":\"https:\/\/alegerglobal.com\/tr\/\",\"logo\":{\"@type\":\"ImageObject\",\"inLanguage\":\"tr\",\"@id\":\"https:\/\/alegerglobal.com\/tr\/#\/schema\/logo\/image\/\",\"url\":\"https:\/\/alegerglobal.com\/wp-content\/uploads\/2020\/12\/aleger-logo-quadrat.jpg\",\"contentUrl\":\"https:\/\/alegerglobal.com\/wp-content\/uploads\/2020\/12\/aleger-logo-quadrat.jpg\",\"width\":200,\"height\":176,\"caption\":\"ALEGER \u22c6 Augmented Reality\"},\"image\":{\"@id\":\"https:\/\/alegerglobal.com\/tr\/#\/schema\/logo\/image\/\"}}]}<\/script>\n<meta property=\"product:brand\" content=\"RealWear\" \/>\n<meta property=\"product:price:amount\" content=\"0.00\" \/>\n<meta property=\"product:price:currency\" content=\"EUR\" \/>\n<meta property=\"og:availability\" content=\"instock\" \/>\n<meta property=\"product:availability\" content=\"instock\" \/>\n<meta property=\"product:condition\" content=\"new\" \/>\n<!-- \/ Yoast SEO Premium plugin. -->","yoast_head_json":{"title":"- kamera ep ALEGER \u22c6 Augmented Reality","robots":{"index":"index","follow":"follow","max-snippet":"max-snippet:-1","max-image-preview":"max-image-preview:large","max-video-preview":"max-video-preview:-1"},"og_locale":"tr_TR","og_type":"article","og_title":"Termal kamera","og_description":"G\u00f6r\u00fcnmeyeni g\u00f6r\u00fcn\u00fcr k\u0131lmak Termal kamera mod\u00fcl\u00fc, \u00e7\u0131plak g\u00f6zle g\u00f6r\u00fclemeyen hatalar\u0131 g\u00f6r\u00fcn\u00fcr hale getirir. Elektrik tesisatlar\u0131, motorlar veya bina cepheleri - s\u0131cakl\u0131k sapmalar\u0131, sorunlar\u0131 akut hale gelmeden \u00f6nce ortaya \u00e7\u0131karabilir. Mod\u00fcler tasar\u0131m sayesinde kamera RealWear Navigator 500'e tek bir t\u0131klamayla monte edilebilir. Termal g\u00f6r\u00fcn\u00fcmden normal g\u00f6r\u00fcn\u00fcme ge\u00e7mek i\u00e7in tek yapman\u0131z gereken basit bir sesli komut. Bu, iki modun sorunsuz bir \u015fekilde kullan\u0131labilece\u011fi anlam\u0131na gelir ve inceleme ve dok\u00fcmantasyon i\u00e7in idealdir. D\u00fcnyan\u0131n \u00f6nde gelen k\u0131z\u0131l\u00f6tesi \u00fcr\u00fcn \u00fcreticisi FLIR'\u0131n en yeni donan\u0131m ve yaz\u0131l\u0131m\u0131 kullan\u0131lmaktad\u0131r. 20 ila 400 \u00b0C aras\u0131ndaki s\u0131cakl\u0131k aral\u0131\u011f\u0131 \u00e7ok \u00e7e\u015fitli uygulamalara olanak tan\u0131r. G\u00f6rsel kameran\u0131n temel verileri standart versiyona kar\u015f\u0131l\u0131k gelir: 48 MP sens\u00f6r, 12 MP foto\u011fraf ve 60 fps'ye kadar Full HD video.","og_url":"https:\/\/alegerglobal.com\/tr\/shop-tr\/aksesuarlar\/termal-kamera\/","og_site_name":"ALEGER \u22c6 Augmented Reality","og_image":[{"width":800,"height":800,"url":"https:\/\/alegerglobal.com\/wp-content\/uploads\/2023\/01\/Unbenannt-2.jpg","type":"image\/jpeg"}],"twitter_card":"summary_large_image","twitter_misc":{"Fiyat":"","Durumu":"Stokta var"},"schema":{"@context":"https:\/\/schema.org","@graph":[{"@type":"WebPage","@id":"https:\/\/alegerglobal.com\/tr\/shop-tr\/aksesuarlar\/termal-kamera\/","url":"https:\/\/alegerglobal.com\/tr\/shop-tr\/aksesuarlar\/termal-kamera\/","name":"- kamera ep ALEGER \u22c6 Augmented Reality","isPartOf":{"@id":"https:\/\/alegerglobal.com\/tr\/#website"},"primaryImageOfPage":{"@id":"https:\/\/alegerglobal.com\/tr\/shop-tr\/aksesuarlar\/termal-kamera\/#primaryimage"},"image":{"@id":"https:\/\/alegerglobal.com\/tr\/shop-tr\/aksesuarlar\/termal-kamera\/#primaryimage"},"thumbnailUrl":"https:\/\/alegerglobal.com\/wp-content\/uploads\/2023\/01\/Unbenannt-2.jpg","datePublished":"2024-06-03T12:13:35+00:00","dateModified":"2024-06-03T12:13:35+00:00","breadcrumb":{"@id":"https:\/\/alegerglobal.com\/tr\/shop-tr\/aksesuarlar\/termal-kamera\/#breadcrumb"},"inLanguage":"tr","potentialAction":[{"@type":"ReadAction","target":["https:\/\/alegerglobal.com\/tr\/shop-tr\/aksesuarlar\/termal-kamera\/"]}]},{"@type":"ImageObject","inLanguage":"tr","@id":"https:\/\/alegerglobal.com\/tr\/shop-tr\/aksesuarlar\/termal-kamera\/#primaryimage","url":"https:\/\/alegerglobal.com\/wp-content\/uploads\/2023\/01\/Unbenannt-2.jpg","contentUrl":"https:\/\/alegerglobal.com\/wp-content\/uploads\/2023\/01\/Unbenannt-2.jpg","width":800,"height":800},{"@type":"BreadcrumbList","@id":"https:\/\/alegerglobal.com\/tr\/shop-tr\/aksesuarlar\/termal-kamera\/#breadcrumb","itemListElement":[{"@type":"ListItem","position":1,"name":"Home","item":"https:\/\/alegerglobal.com\/tr\/yeni-anasayfa\/"},{"@type":"ListItem","position":2,"name":"\u00dcr\u00fcnler","item":"https:\/\/alegerglobal.com\/tr\/ueruenler\/"},{"@type":"ListItem","position":3,"name":"Termal kamera"}]},{"@type":"WebSite","@id":"https:\/\/alegerglobal.com\/tr\/#website","url":"https:\/\/alegerglobal.com\/tr\/","name":"ALEGER \u22c6 Augmented Reality","description":"Die besten Augmented Reality (AR) L\u00f6sungen der Welt.","publisher":{"@id":"https:\/\/alegerglobal.com\/tr\/#organization"},"potentialAction":[{"@type":"SearchAction","target":{"@type":"EntryPoint","urlTemplate":"https:\/\/alegerglobal.com\/tr\/?s={search_term_string}"},"query-input":{"@type":"PropertyValueSpecification","valueRequired":true,"valueName":"search_term_string"}}],"inLanguage":"tr"},{"@type":"Organization","@id":"https:\/\/alegerglobal.com\/tr\/#organization","name":"ALEGER \u22c6 Augmented Reality","url":"https:\/\/alegerglobal.com\/tr\/","logo":{"@type":"ImageObject","inLanguage":"tr","@id":"https:\/\/alegerglobal.com\/tr\/#\/schema\/logo\/image\/","url":"https:\/\/alegerglobal.com\/wp-content\/uploads\/2020\/12\/aleger-logo-quadrat.jpg","contentUrl":"https:\/\/alegerglobal.com\/wp-content\/uploads\/2020\/12\/aleger-logo-quadrat.jpg","width":200,"height":176,"caption":"ALEGER \u22c6 Augmented Reality"},"image":{"@id":"https:\/\/alegerglobal.com\/tr\/#\/schema\/logo\/image\/"}}]},"product_brand":"RealWear","product_price_amount":"0.00","product_price_currency":"EUR","og_availability":"instock","product_availability":"instock","product_condition":"new"},"_links":{"self":[{"href":"https:\/\/alegerglobal.com\/tr\/wp-json\/wp\/v2\/product\/39793","targetHints":{"allow":["GET"]}}],"collection":[{"href":"https:\/\/alegerglobal.com\/tr\/wp-json\/wp\/v2\/product"}],"about":[{"href":"https:\/\/alegerglobal.com\/tr\/wp-json\/wp\/v2\/types\/product"}],"replies":[{"embeddable":true,"href":"https:\/\/alegerglobal.com\/tr\/wp-json\/wp\/v2\/comments?post=39793"}],"version-history":[{"count":0,"href":"https:\/\/alegerglobal.com\/tr\/wp-json\/wp\/v2\/product\/39793\/revisions"}],"wp:featuredmedia":[{"embeddable":true,"href":"https:\/\/alegerglobal.com\/tr\/wp-json\/wp\/v2\/media\/39794"}],"wp:attachment":[{"href":"https:\/\/alegerglobal.com\/tr\/wp-json\/wp\/v2\/media?parent=39793"}],"wp:term":[{"taxonomy":"product_brand","embeddable":true,"href":"https:\/\/alegerglobal.com\/tr\/wp-json\/wp\/v2\/product_brand?post=39793"},{"taxonomy":"product_cat","embeddable":true,"href":"https:\/\/alegerglobal.com\/tr\/wp-json\/wp\/v2\/product_cat?post=39793"},{"taxonomy":"product_tag","embeddable":true,"href":"https:\/\/alegerglobal.com\/tr\/wp-json\/wp\/v2\/product_tag?post=39793"}],"curies":[{"name":"wp","href":"https:\/\/api.w.org\/{rel}","templated":true}]}}