{"id":39702,"date":"2023-02-09T03:22:49","date_gmt":"2024-06-03T12:00:19","guid":{"rendered":"https:\/\/alegerglobal.com\/kategorilenmemis\/hololens-2-adaptoerlue-insaat-guevenlik-kaski\/"},"modified":"2024-06-03T13:00:19","modified_gmt":"2024-06-03T12:00:19","slug":"insaat-guevenlik-kask-hololens-2-adaptoerlue","status":"publish","type":"product","link":"https:\/\/alegerglobal.com\/tr\/shop-tr\/aksesuarlar\/insaat-guevenlik-kask-hololens-2-adaptoerlue\/","title":{"rendered":"HoloLens 2 adapt\u00f6rl\u00fc in\u015faat\/g\u00fcvenlik kask\u0131"},"content":{"rendered":"","protected":false},"excerpt":{"rendered":"<p>HoloLens 2*&#8217;nizi \u00f6zelle\u015ftirmenize ve takman\u0131za olanak tan\u0131yan bu g\u00fcvenlik kask\u0131 \u00e7\u00f6z\u00fcm\u00fc sayesinde fabrikan\u0131z\u0131 veya \u015fantiyenizi art\u0131r\u0131lm\u0131\u015f ger\u00e7eklikle ziyaret edin.<\/p>\n<ul>\n<li>397:2012&#8217;ye g\u00f6re AB sertifikas\u0131<\/li>\n<li>Yerdeki (end\u00fcstri, \u015fantiye&#8230;) ve havadaki (y\u00fcksekte teknik onar\u0131m, kurtarma, vb&#8230;) faaliyetler i\u00e7in bir\u00e7ok uygulama<\/li>\n<li>Klips sistemi: HoloLens 2 g\u00f6zl\u00fckleri Protos kaska kolayca tak\u0131labilir ve kasktan \u00e7\u0131kar\u0131labilir<\/li>\n<li>Talep \u00fczerine ve ek \u00fccret kar\u015f\u0131l\u0131\u011f\u0131nda ki\u015fiselle\u015ftirme m\u00fcmk\u00fcnd\u00fcr: renkler, logolar, kulak korumas\u0131, mikrofon, Bluetooth&#8230;<\/li>\n<\/ul>\n","protected":false},"featured_media":39703,"comment_status":"open","ping_status":"closed","template":"","meta":{"_acf_changed":false},"product_brand":[],"product_cat":[2362,2318],"product_tag":[],"class_list":{"0":"post-39702","1":"product","2":"type-product","3":"status-publish","4":"has-post-thumbnail","6":"product_cat-aksesuarlar","7":"product_cat-shop-tr","9":"first","10":"instock","11":"taxable","12":"shipping-taxable","13":"product-type-simple"},"acf":[],"yoast_head":"<!-- This site is optimized with the Yoast SEO Premium plugin v20.10 (Yoast SEO v24.3) - https:\/\/yoast.com\/wordpress\/plugins\/seo\/ -->\n<title>- ALEGER \u22c6 Augmented Reality<\/title>\n<meta name=\"robots\" content=\"index, follow, max-snippet:-1, max-image-preview:large, max-video-preview:-1\" \/>\n<meta property=\"og:locale\" content=\"tr_TR\" \/>\n<meta property=\"og:type\" content=\"article\" \/>\n<meta property=\"og:title\" content=\"HoloLens 2 adapt\u00f6rl\u00fc in\u015faat\/g\u00fcvenlik kask\u0131\" \/>\n<meta property=\"og:description\" content=\"HoloLens 2*&#039;nizi \u00f6zelle\u015ftirmenize ve takman\u0131za olanak tan\u0131yan bu g\u00fcvenlik kask\u0131 \u00e7\u00f6z\u00fcm\u00fc sayesinde fabrikan\u0131z\u0131 veya \u015fantiyenizi art\u0131r\u0131lm\u0131\u015f ger\u00e7eklikle ziyaret edin.  397:2012&#039;ye g\u00f6re AB sertifikas\u0131  Yerdeki (end\u00fcstri, \u015fantiye...) ve havadaki (y\u00fcksekte teknik onar\u0131m, kurtarma, vb...) faaliyetler i\u00e7in bir\u00e7ok uygulama  Klips sistemi: HoloLens 2 g\u00f6zl\u00fckleri Protos kaska kolayca tak\u0131labilir ve kasktan \u00e7\u0131kar\u0131labilir  Talep \u00fczerine ve ek \u00fccret kar\u015f\u0131l\u0131\u011f\u0131nda ki\u015fiselle\u015ftirme m\u00fcmk\u00fcnd\u00fcr: renkler, logolar, kulak korumas\u0131, mikrofon, Bluetooth...\" \/>\n<meta property=\"og:url\" content=\"https:\/\/alegerglobal.com\/tr\/shop-tr\/aksesuarlar\/insaat-guevenlik-kask-hololens-2-adaptoerlue\/\" \/>\n<meta property=\"og:site_name\" content=\"ALEGER \u22c6 Augmented Reality\" \/>\n<meta property=\"og:image\" content=\"https:\/\/alegerglobal.com\/wp-content\/uploads\/2023\/02\/bau-sicherheitshelm-mit-hololens-2-adapter.jpg\" \/>\n\t<meta property=\"og:image:width\" content=\"600\" \/>\n\t<meta property=\"og:image:height\" content=\"600\" \/>\n\t<meta property=\"og:image:type\" content=\"image\/jpeg\" \/>\n<meta name=\"twitter:card\" content=\"summary_large_image\" \/>\n<meta name=\"twitter:label1\" content=\"Fiyat\" \/>\n\t<meta name=\"twitter:data1\" content=\"\" \/>\n\t<meta name=\"twitter:label2\" content=\"Durumu\" \/>\n\t<meta name=\"twitter:data2\" content=\"Stokta var\" \/>\n<script type=\"application\/ld+json\" class=\"yoast-schema-graph\">{\"@context\":\"https:\/\/schema.org\",\"@graph\":[{\"@type\":\"WebPage\",\"@id\":\"https:\/\/alegerglobal.com\/tr\/shop-tr\/aksesuarlar\/insaat-guevenlik-kask-hololens-2-adaptoerlue\/\",\"url\":\"https:\/\/alegerglobal.com\/tr\/shop-tr\/aksesuarlar\/insaat-guevenlik-kask-hololens-2-adaptoerlue\/\",\"name\":\"- ALEGER \u22c6 Augmented Reality\",\"isPartOf\":{\"@id\":\"https:\/\/alegerglobal.com\/tr\/#website\"},\"primaryImageOfPage\":{\"@id\":\"https:\/\/alegerglobal.com\/tr\/shop-tr\/aksesuarlar\/insaat-guevenlik-kask-hololens-2-adaptoerlue\/#primaryimage\"},\"image\":{\"@id\":\"https:\/\/alegerglobal.com\/tr\/shop-tr\/aksesuarlar\/insaat-guevenlik-kask-hololens-2-adaptoerlue\/#primaryimage\"},\"thumbnailUrl\":\"https:\/\/alegerglobal.com\/wp-content\/uploads\/2023\/02\/bau-sicherheitshelm-mit-hololens-2-adapter.jpg\",\"datePublished\":\"2024-06-03T12:00:19+00:00\",\"dateModified\":\"2024-06-03T12:00:19+00:00\",\"breadcrumb\":{\"@id\":\"https:\/\/alegerglobal.com\/tr\/shop-tr\/aksesuarlar\/insaat-guevenlik-kask-hololens-2-adaptoerlue\/#breadcrumb\"},\"inLanguage\":\"tr\",\"potentialAction\":[{\"@type\":\"ReadAction\",\"target\":[\"https:\/\/alegerglobal.com\/tr\/shop-tr\/aksesuarlar\/insaat-guevenlik-kask-hololens-2-adaptoerlue\/\"]}]},{\"@type\":\"ImageObject\",\"inLanguage\":\"tr\",\"@id\":\"https:\/\/alegerglobal.com\/tr\/shop-tr\/aksesuarlar\/insaat-guevenlik-kask-hololens-2-adaptoerlue\/#primaryimage\",\"url\":\"https:\/\/alegerglobal.com\/wp-content\/uploads\/2023\/02\/bau-sicherheitshelm-mit-hololens-2-adapter.jpg\",\"contentUrl\":\"https:\/\/alegerglobal.com\/wp-content\/uploads\/2023\/02\/bau-sicherheitshelm-mit-hololens-2-adapter.jpg\",\"width\":600,\"height\":600},{\"@type\":\"BreadcrumbList\",\"@id\":\"https:\/\/alegerglobal.com\/tr\/shop-tr\/aksesuarlar\/insaat-guevenlik-kask-hololens-2-adaptoerlue\/#breadcrumb\",\"itemListElement\":[{\"@type\":\"ListItem\",\"position\":1,\"name\":\"Home\",\"item\":\"https:\/\/alegerglobal.com\/tr\/yeni-anasayfa\/\"},{\"@type\":\"ListItem\",\"position\":2,\"name\":\"\u00dcr\u00fcnler\",\"item\":\"https:\/\/alegerglobal.com\/tr\/ueruenler\/\"},{\"@type\":\"ListItem\",\"position\":3,\"name\":\"HoloLens 2 adapt\u00f6rl\u00fc in\u015faat\/g\u00fcvenlik kask\u0131\"}]},{\"@type\":\"WebSite\",\"@id\":\"https:\/\/alegerglobal.com\/tr\/#website\",\"url\":\"https:\/\/alegerglobal.com\/tr\/\",\"name\":\"ALEGER \u22c6 Augmented Reality\",\"description\":\"Die besten Augmented Reality (AR) L\u00f6sungen der Welt.\",\"publisher\":{\"@id\":\"https:\/\/alegerglobal.com\/tr\/#organization\"},\"potentialAction\":[{\"@type\":\"SearchAction\",\"target\":{\"@type\":\"EntryPoint\",\"urlTemplate\":\"https:\/\/alegerglobal.com\/tr\/?s={search_term_string}\"},\"query-input\":{\"@type\":\"PropertyValueSpecification\",\"valueRequired\":true,\"valueName\":\"search_term_string\"}}],\"inLanguage\":\"tr\"},{\"@type\":\"Organization\",\"@id\":\"https:\/\/alegerglobal.com\/tr\/#organization\",\"name\":\"ALEGER \u22c6 Augmented Reality\",\"url\":\"https:\/\/alegerglobal.com\/tr\/\",\"logo\":{\"@type\":\"ImageObject\",\"inLanguage\":\"tr\",\"@id\":\"https:\/\/alegerglobal.com\/tr\/#\/schema\/logo\/image\/\",\"url\":\"https:\/\/alegerglobal.com\/wp-content\/uploads\/2020\/12\/aleger-logo-quadrat.jpg\",\"contentUrl\":\"https:\/\/alegerglobal.com\/wp-content\/uploads\/2020\/12\/aleger-logo-quadrat.jpg\",\"width\":200,\"height\":176,\"caption\":\"ALEGER \u22c6 Augmented Reality\"},\"image\":{\"@id\":\"https:\/\/alegerglobal.com\/tr\/#\/schema\/logo\/image\/\"}}]}<\/script>\n<meta property=\"product:price:amount\" content=\"0.00\" \/>\n<meta property=\"product:price:currency\" content=\"EUR\" \/>\n<meta property=\"og:availability\" content=\"instock\" \/>\n<meta property=\"product:availability\" content=\"instock\" \/>\n<meta property=\"product:condition\" content=\"new\" \/>\n<!-- \/ Yoast SEO Premium plugin. -->","yoast_head_json":{"title":"- ALEGER \u22c6 Augmented Reality","robots":{"index":"index","follow":"follow","max-snippet":"max-snippet:-1","max-image-preview":"max-image-preview:large","max-video-preview":"max-video-preview:-1"},"og_locale":"tr_TR","og_type":"article","og_title":"HoloLens 2 adapt\u00f6rl\u00fc in\u015faat\/g\u00fcvenlik kask\u0131","og_description":"HoloLens 2*'nizi \u00f6zelle\u015ftirmenize ve takman\u0131za olanak tan\u0131yan bu g\u00fcvenlik kask\u0131 \u00e7\u00f6z\u00fcm\u00fc sayesinde fabrikan\u0131z\u0131 veya \u015fantiyenizi art\u0131r\u0131lm\u0131\u015f ger\u00e7eklikle ziyaret edin.  397:2012'ye g\u00f6re AB sertifikas\u0131  Yerdeki (end\u00fcstri, \u015fantiye...) ve havadaki (y\u00fcksekte teknik onar\u0131m, kurtarma, vb...) faaliyetler i\u00e7in bir\u00e7ok uygulama  Klips sistemi: HoloLens 2 g\u00f6zl\u00fckleri Protos kaska kolayca tak\u0131labilir ve kasktan \u00e7\u0131kar\u0131labilir  Talep \u00fczerine ve ek \u00fccret kar\u015f\u0131l\u0131\u011f\u0131nda ki\u015fiselle\u015ftirme m\u00fcmk\u00fcnd\u00fcr: renkler, logolar, kulak korumas\u0131, mikrofon, Bluetooth...","og_url":"https:\/\/alegerglobal.com\/tr\/shop-tr\/aksesuarlar\/insaat-guevenlik-kask-hololens-2-adaptoerlue\/","og_site_name":"ALEGER \u22c6 Augmented Reality","og_image":[{"width":600,"height":600,"url":"https:\/\/alegerglobal.com\/wp-content\/uploads\/2023\/02\/bau-sicherheitshelm-mit-hololens-2-adapter.jpg","type":"image\/jpeg"}],"twitter_card":"summary_large_image","twitter_misc":{"Fiyat":"","Durumu":"Stokta var"},"schema":{"@context":"https:\/\/schema.org","@graph":[{"@type":"WebPage","@id":"https:\/\/alegerglobal.com\/tr\/shop-tr\/aksesuarlar\/insaat-guevenlik-kask-hololens-2-adaptoerlue\/","url":"https:\/\/alegerglobal.com\/tr\/shop-tr\/aksesuarlar\/insaat-guevenlik-kask-hololens-2-adaptoerlue\/","name":"- ALEGER \u22c6 Augmented Reality","isPartOf":{"@id":"https:\/\/alegerglobal.com\/tr\/#website"},"primaryImageOfPage":{"@id":"https:\/\/alegerglobal.com\/tr\/shop-tr\/aksesuarlar\/insaat-guevenlik-kask-hololens-2-adaptoerlue\/#primaryimage"},"image":{"@id":"https:\/\/alegerglobal.com\/tr\/shop-tr\/aksesuarlar\/insaat-guevenlik-kask-hololens-2-adaptoerlue\/#primaryimage"},"thumbnailUrl":"https:\/\/alegerglobal.com\/wp-content\/uploads\/2023\/02\/bau-sicherheitshelm-mit-hololens-2-adapter.jpg","datePublished":"2024-06-03T12:00:19+00:00","dateModified":"2024-06-03T12:00:19+00:00","breadcrumb":{"@id":"https:\/\/alegerglobal.com\/tr\/shop-tr\/aksesuarlar\/insaat-guevenlik-kask-hololens-2-adaptoerlue\/#breadcrumb"},"inLanguage":"tr","potentialAction":[{"@type":"ReadAction","target":["https:\/\/alegerglobal.com\/tr\/shop-tr\/aksesuarlar\/insaat-guevenlik-kask-hololens-2-adaptoerlue\/"]}]},{"@type":"ImageObject","inLanguage":"tr","@id":"https:\/\/alegerglobal.com\/tr\/shop-tr\/aksesuarlar\/insaat-guevenlik-kask-hololens-2-adaptoerlue\/#primaryimage","url":"https:\/\/alegerglobal.com\/wp-content\/uploads\/2023\/02\/bau-sicherheitshelm-mit-hololens-2-adapter.jpg","contentUrl":"https:\/\/alegerglobal.com\/wp-content\/uploads\/2023\/02\/bau-sicherheitshelm-mit-hololens-2-adapter.jpg","width":600,"height":600},{"@type":"BreadcrumbList","@id":"https:\/\/alegerglobal.com\/tr\/shop-tr\/aksesuarlar\/insaat-guevenlik-kask-hololens-2-adaptoerlue\/#breadcrumb","itemListElement":[{"@type":"ListItem","position":1,"name":"Home","item":"https:\/\/alegerglobal.com\/tr\/yeni-anasayfa\/"},{"@type":"ListItem","position":2,"name":"\u00dcr\u00fcnler","item":"https:\/\/alegerglobal.com\/tr\/ueruenler\/"},{"@type":"ListItem","position":3,"name":"HoloLens 2 adapt\u00f6rl\u00fc in\u015faat\/g\u00fcvenlik kask\u0131"}]},{"@type":"WebSite","@id":"https:\/\/alegerglobal.com\/tr\/#website","url":"https:\/\/alegerglobal.com\/tr\/","name":"ALEGER \u22c6 Augmented Reality","description":"Die besten Augmented Reality (AR) L\u00f6sungen der Welt.","publisher":{"@id":"https:\/\/alegerglobal.com\/tr\/#organization"},"potentialAction":[{"@type":"SearchAction","target":{"@type":"EntryPoint","urlTemplate":"https:\/\/alegerglobal.com\/tr\/?s={search_term_string}"},"query-input":{"@type":"PropertyValueSpecification","valueRequired":true,"valueName":"search_term_string"}}],"inLanguage":"tr"},{"@type":"Organization","@id":"https:\/\/alegerglobal.com\/tr\/#organization","name":"ALEGER \u22c6 Augmented Reality","url":"https:\/\/alegerglobal.com\/tr\/","logo":{"@type":"ImageObject","inLanguage":"tr","@id":"https:\/\/alegerglobal.com\/tr\/#\/schema\/logo\/image\/","url":"https:\/\/alegerglobal.com\/wp-content\/uploads\/2020\/12\/aleger-logo-quadrat.jpg","contentUrl":"https:\/\/alegerglobal.com\/wp-content\/uploads\/2020\/12\/aleger-logo-quadrat.jpg","width":200,"height":176,"caption":"ALEGER \u22c6 Augmented Reality"},"image":{"@id":"https:\/\/alegerglobal.com\/tr\/#\/schema\/logo\/image\/"}}]},"product_price_amount":"0.00","product_price_currency":"EUR","og_availability":"instock","product_availability":"instock","product_condition":"new"},"_links":{"self":[{"href":"https:\/\/alegerglobal.com\/tr\/wp-json\/wp\/v2\/product\/39702","targetHints":{"allow":["GET"]}}],"collection":[{"href":"https:\/\/alegerglobal.com\/tr\/wp-json\/wp\/v2\/product"}],"about":[{"href":"https:\/\/alegerglobal.com\/tr\/wp-json\/wp\/v2\/types\/product"}],"replies":[{"embeddable":true,"href":"https:\/\/alegerglobal.com\/tr\/wp-json\/wp\/v2\/comments?post=39702"}],"version-history":[{"count":0,"href":"https:\/\/alegerglobal.com\/tr\/wp-json\/wp\/v2\/product\/39702\/revisions"}],"wp:featuredmedia":[{"embeddable":true,"href":"https:\/\/alegerglobal.com\/tr\/wp-json\/wp\/v2\/media\/39703"}],"wp:attachment":[{"href":"https:\/\/alegerglobal.com\/tr\/wp-json\/wp\/v2\/media?parent=39702"}],"wp:term":[{"taxonomy":"product_brand","embeddable":true,"href":"https:\/\/alegerglobal.com\/tr\/wp-json\/wp\/v2\/product_brand?post=39702"},{"taxonomy":"product_cat","embeddable":true,"href":"https:\/\/alegerglobal.com\/tr\/wp-json\/wp\/v2\/product_cat?post=39702"},{"taxonomy":"product_tag","embeddable":true,"href":"https:\/\/alegerglobal.com\/tr\/wp-json\/wp\/v2\/product_tag?post=39702"}],"curies":[{"name":"wp","href":"https:\/\/api.w.org\/{rel}","templated":true}]}}