{"id":39645,"date":"2024-06-03T12:55:46","date_gmt":"2024-06-03T11:55:46","guid":{"rendered":"https:\/\/alegerglobal.com\/unkategorisiert\/vh-tpro-x2-arac-uestue-soket\/"},"modified":"2024-06-03T12:55:47","modified_gmt":"2024-06-03T11:55:47","slug":"vh-tpro-x2-arac-uestue-soket","status":"publish","type":"product","link":"https:\/\/alegerglobal.com\/tr\/shop-tr\/aksesuarlar\/vh-tpro-x2-arac-uestue-soket\/","title":{"rendered":"VH TPRO X2 (ara\u00e7 \u00fcst\u00fc soket)"},"content":{"rendered":"\t\t<div data-elementor-type=\"product-post\" data-elementor-id=\"39645\" class=\"elementor elementor-39645 elementor-5602\" data-elementor-settings=\"{&quot;ha_cmc_init_switcher&quot;:&quot;no&quot;}\" data-elementor-post-type=\"product\">\n\t\t\t\t\t\t<section class=\"elementor-section elementor-top-section elementor-element elementor-element-365de07 elementor-section-boxed elementor-section-height-default elementor-section-height-default\" data-id=\"365de07\" data-element_type=\"section\" data-settings=\"{&quot;jet_parallax_layout_list&quot;:[],&quot;_ha_eqh_enable&quot;:false}\">\n\t\t\t\t\t\t<div class=\"elementor-container elementor-column-gap-default\">\n\t\t\t\t\t<div class=\"elementor-column elementor-col-100 elementor-top-column elementor-element elementor-element-a54d225\" data-id=\"a54d225\" data-element_type=\"column\">\n\t\t\t<div class=\"elementor-widget-wrap elementor-element-populated\">\n\t\t\t\t\t\t<div class=\"elementor-element elementor-element-c04a9ca elementor-widget elementor-widget-text-editor\" data-id=\"c04a9ca\" data-element_type=\"widget\" data-widget_type=\"text-editor.default\">\n\t\t\t\t<div class=\"elementor-widget-container\">\n\t\t\t\t\t\t\t\t\t<ul class=\"list\">\n<li>Tab-Ex\u00ae Pro i\u00e7in uygundur<\/li>\n<li>\u00c7ift USB portu; her biri 1,5 A ile sa\u011flan\u0131r; harici cihazlar i\u00e7in ba\u011flant\u0131<\/li>\n<li>D\u00fc\u011fmelere, kameraya, ekran kalemine ve ba\u011flant\u0131 noktalar\u0131na do\u011frudan eri\u015fim i\u00e7in kesikler<\/li>\n<li>Tek elle kolay kullan\u0131m:\n<ul class=\"list\">\n<li>Tableti (\u00f6nce alt taraf\u0131) \u015farj istasyonuna yukar\u0131dan yerle\u015ftirin. Tablet tutucuya oturana kadar tabletin \u00fcst k\u0131sm\u0131na bask\u0131 uygulay\u0131n<\/li>\n<li>Ba\u015fparma\u011f\u0131n\u0131zla a\u00e7ma d\u00fc\u011fmesine yukar\u0131 do\u011fru bast\u0131r\u0131n ve tableti \u00e7\u0131kar\u0131n<\/li>\n<\/ul>\n<\/li>\n<li>POGO pin ba\u011flant\u0131s\u0131 tableti \u015farj eder ve g\u00fc\u00e7 sa\u011flar<\/li>\n<li>H\u0131rs\u0131zl\u0131\u011f\u0131 \u00f6nlemek i\u00e7in iste\u011fe ba\u011fl\u0131 kilit<\/li>\n<li>VESA 75mm delik d\u00fczeni; <a class=\"external-link-new-window\" title=\"Ge\u00e7erli pencerede dahili ba\u011flant\u0131y\u0131 a\u00e7ar\" href=\"https:\/\/www.zirkona.de\/\" target=\"_blank\" rel=\"noopener\">Zirkona<\/a> montaj sistemleri ile uyumlu<\/li>\n<li>167,6 cm (66&#8243;) uzunlu\u011funda a\u00e7\u0131k tel u\u00e7lu bir g\u00fc\u00e7 kablosu<\/li>\n<li>D\u00fcz ve dikey y\u00fczeylere monte edilebilir<\/li>\n<li>Hafif tasar\u0131m: 1,3 lbs (yakla\u015f\u0131k 580 g)<\/li>\n<\/ul>\n\t\t\t\t\t\t\t\t<\/div>\n\t\t\t\t<\/div>\n\t\t\t\t\t<\/div>\n\t\t<\/div>\n\t\t\t\t\t<\/div>\n\t\t<\/section>\n\t\t\t\t<\/div>\n\t\t","protected":false},"excerpt":{"rendered":"<p>Yeni ve geli\u015ftirilmi\u015f Tab-Ex\u00ae Pro \u015farj istasyonu, iki USB ba\u011flant\u0131 noktas\u0131na ve ara\u00e7 i\u00e7i priz (\u00e7akmakl\u0131k) ba\u011flant\u0131s\u0131na sahiptir. Her iki USB portu da 1,5 A g\u00fc\u00e7 sa\u011flar. \u015earj istasyonu kompaktt\u0131r, kilitlenebilir ve tek elle kullan\u0131labilir. \u0130stasyon, ara\u00e7 soketi i\u00e7in verilen ba\u011flant\u0131 arac\u0131l\u0131\u011f\u0131yla arac\u0131n elektrik sistemine ba\u011flanabilir ve tabletinizin bataryas\u0131na g\u00fc\u00e7 sa\u011flamaya devam eder. (Potansiyel olarak patlay\u0131c\u0131 ortamlarda kullan\u0131m i\u00e7in de\u011fildir)<\/p>\n","protected":false},"featured_media":39646,"comment_status":"open","ping_status":"closed","template":"","meta":{"_acf_changed":false},"product_brand":[],"product_cat":[2362,2318],"product_tag":[],"class_list":{"0":"post-39645","1":"product","2":"type-product","3":"status-publish","4":"has-post-thumbnail","6":"product_cat-aksesuarlar","7":"product_cat-shop-tr","8":"pa_hersteller-ecom-tr","10":"first","11":"instock","12":"taxable","13":"shipping-taxable","14":"purchasable","15":"product-type-simple"},"acf":[],"yoast_head":"<!-- This site is optimized with the Yoast SEO Premium plugin v20.10 (Yoast SEO v24.3) - https:\/\/yoast.com\/wordpress\/plugins\/seo\/ -->\n<title>- ALEGER \u22c6 Augmented Reality<\/title>\n<meta name=\"robots\" content=\"index, follow, max-snippet:-1, max-image-preview:large, max-video-preview:-1\" \/>\n<meta property=\"og:locale\" content=\"tr_TR\" \/>\n<meta property=\"og:type\" content=\"article\" \/>\n<meta property=\"og:title\" content=\"VH TPRO X2 (ara\u00e7 \u00fcst\u00fc soket)\" \/>\n<meta property=\"og:description\" content=\"Yeni ve geli\u015ftirilmi\u015f Tab-Ex\u00ae Pro \u015farj istasyonu, iki USB ba\u011flant\u0131 noktas\u0131na ve ara\u00e7 i\u00e7i priz (\u00e7akmakl\u0131k) ba\u011flant\u0131s\u0131na sahiptir. Her iki USB portu da 1,5 A g\u00fc\u00e7 sa\u011flar. \u015earj istasyonu kompaktt\u0131r, kilitlenebilir ve tek elle kullan\u0131labilir. \u0130stasyon, ara\u00e7 soketi i\u00e7in verilen ba\u011flant\u0131 arac\u0131l\u0131\u011f\u0131yla arac\u0131n elektrik sistemine ba\u011flanabilir ve tabletinizin bataryas\u0131na g\u00fc\u00e7 sa\u011flamaya devam eder. (Potansiyel olarak patlay\u0131c\u0131 ortamlarda kullan\u0131m i\u00e7in de\u011fildir)\" \/>\n<meta property=\"og:url\" content=\"https:\/\/alegerglobal.com\/tr\/shop-tr\/aksesuarlar\/vh-tpro-x2-arac-uestue-soket\/\" \/>\n<meta property=\"og:site_name\" content=\"ALEGER \u22c6 Augmented Reality\" \/>\n<meta property=\"article:modified_time\" content=\"2024-06-03T11:55:47+00:00\" \/>\n<meta property=\"og:image\" content=\"https:\/\/alegerglobal.com\/wp-content\/uploads\/2019\/01\/Unbenannt-10.jpg\" \/>\n\t<meta property=\"og:image:width\" content=\"800\" \/>\n\t<meta property=\"og:image:height\" content=\"800\" \/>\n\t<meta property=\"og:image:type\" content=\"image\/jpeg\" \/>\n<meta name=\"twitter:card\" content=\"summary_large_image\" \/>\n<meta name=\"twitter:label1\" content=\"Fiyat\" \/>\n\t<meta name=\"twitter:data1\" content=\"&euro;356,99\" \/>\n\t<meta name=\"twitter:label2\" content=\"Durumu\" \/>\n\t<meta name=\"twitter:data2\" content=\"Stokta var\" \/>\n<script type=\"application\/ld+json\" class=\"yoast-schema-graph\">{\"@context\":\"https:\/\/schema.org\",\"@graph\":[{\"@type\":\"WebPage\",\"@id\":\"https:\/\/alegerglobal.com\/tr\/shop-tr\/aksesuarlar\/vh-tpro-x2-arac-uestue-soket\/\",\"url\":\"https:\/\/alegerglobal.com\/tr\/shop-tr\/aksesuarlar\/vh-tpro-x2-arac-uestue-soket\/\",\"name\":\"- ALEGER \u22c6 Augmented Reality\",\"isPartOf\":{\"@id\":\"https:\/\/alegerglobal.com\/tr\/#website\"},\"primaryImageOfPage\":{\"@id\":\"https:\/\/alegerglobal.com\/tr\/shop-tr\/aksesuarlar\/vh-tpro-x2-arac-uestue-soket\/#primaryimage\"},\"image\":{\"@id\":\"https:\/\/alegerglobal.com\/tr\/shop-tr\/aksesuarlar\/vh-tpro-x2-arac-uestue-soket\/#primaryimage\"},\"thumbnailUrl\":\"https:\/\/alegerglobal.com\/wp-content\/uploads\/2019\/01\/Unbenannt-10.jpg\",\"datePublished\":\"2024-06-03T11:55:46+00:00\",\"dateModified\":\"2024-06-03T11:55:47+00:00\",\"breadcrumb\":{\"@id\":\"https:\/\/alegerglobal.com\/tr\/shop-tr\/aksesuarlar\/vh-tpro-x2-arac-uestue-soket\/#breadcrumb\"},\"inLanguage\":\"tr\",\"potentialAction\":[{\"@type\":\"ReadAction\",\"target\":[\"https:\/\/alegerglobal.com\/tr\/shop-tr\/aksesuarlar\/vh-tpro-x2-arac-uestue-soket\/\"]}]},{\"@type\":\"ImageObject\",\"inLanguage\":\"tr\",\"@id\":\"https:\/\/alegerglobal.com\/tr\/shop-tr\/aksesuarlar\/vh-tpro-x2-arac-uestue-soket\/#primaryimage\",\"url\":\"https:\/\/alegerglobal.com\/wp-content\/uploads\/2019\/01\/Unbenannt-10.jpg\",\"contentUrl\":\"https:\/\/alegerglobal.com\/wp-content\/uploads\/2019\/01\/Unbenannt-10.jpg\",\"width\":800,\"height\":800},{\"@type\":\"BreadcrumbList\",\"@id\":\"https:\/\/alegerglobal.com\/tr\/shop-tr\/aksesuarlar\/vh-tpro-x2-arac-uestue-soket\/#breadcrumb\",\"itemListElement\":[{\"@type\":\"ListItem\",\"position\":1,\"name\":\"Home\",\"item\":\"https:\/\/alegerglobal.com\/tr\/yeni-anasayfa\/\"},{\"@type\":\"ListItem\",\"position\":2,\"name\":\"\u00dcr\u00fcnler\",\"item\":\"https:\/\/alegerglobal.com\/tr\/ueruenler\/\"},{\"@type\":\"ListItem\",\"position\":3,\"name\":\"VH TPRO X2 (ara\u00e7 \u00fcst\u00fc soket)\"}]},{\"@type\":\"WebSite\",\"@id\":\"https:\/\/alegerglobal.com\/tr\/#website\",\"url\":\"https:\/\/alegerglobal.com\/tr\/\",\"name\":\"ALEGER \u22c6 Augmented Reality\",\"description\":\"Die besten Augmented Reality (AR) L\u00f6sungen der Welt.\",\"publisher\":{\"@id\":\"https:\/\/alegerglobal.com\/tr\/#organization\"},\"potentialAction\":[{\"@type\":\"SearchAction\",\"target\":{\"@type\":\"EntryPoint\",\"urlTemplate\":\"https:\/\/alegerglobal.com\/tr\/?s={search_term_string}\"},\"query-input\":{\"@type\":\"PropertyValueSpecification\",\"valueRequired\":true,\"valueName\":\"search_term_string\"}}],\"inLanguage\":\"tr\"},{\"@type\":\"Organization\",\"@id\":\"https:\/\/alegerglobal.com\/tr\/#organization\",\"name\":\"ALEGER \u22c6 Augmented Reality\",\"url\":\"https:\/\/alegerglobal.com\/tr\/\",\"logo\":{\"@type\":\"ImageObject\",\"inLanguage\":\"tr\",\"@id\":\"https:\/\/alegerglobal.com\/tr\/#\/schema\/logo\/image\/\",\"url\":\"https:\/\/alegerglobal.com\/wp-content\/uploads\/2020\/12\/aleger-logo-quadrat.jpg\",\"contentUrl\":\"https:\/\/alegerglobal.com\/wp-content\/uploads\/2020\/12\/aleger-logo-quadrat.jpg\",\"width\":200,\"height\":176,\"caption\":\"ALEGER \u22c6 Augmented Reality\"},\"image\":{\"@id\":\"https:\/\/alegerglobal.com\/tr\/#\/schema\/logo\/image\/\"}}]}<\/script>\n<meta property=\"product:brand\" content=\"Ecom\" \/>\n<meta property=\"product:price:amount\" content=\"356.99\" \/>\n<meta property=\"product:price:currency\" content=\"EUR\" \/>\n<meta property=\"og:availability\" content=\"instock\" \/>\n<meta property=\"product:availability\" content=\"instock\" \/>\n<meta property=\"product:condition\" content=\"new\" \/>\n<!-- \/ Yoast SEO Premium plugin. -->","yoast_head_json":{"title":"- ALEGER \u22c6 Augmented Reality","robots":{"index":"index","follow":"follow","max-snippet":"max-snippet:-1","max-image-preview":"max-image-preview:large","max-video-preview":"max-video-preview:-1"},"og_locale":"tr_TR","og_type":"article","og_title":"VH TPRO X2 (ara\u00e7 \u00fcst\u00fc soket)","og_description":"Yeni ve geli\u015ftirilmi\u015f Tab-Ex\u00ae Pro \u015farj istasyonu, iki USB ba\u011flant\u0131 noktas\u0131na ve ara\u00e7 i\u00e7i priz (\u00e7akmakl\u0131k) ba\u011flant\u0131s\u0131na sahiptir. Her iki USB portu da 1,5 A g\u00fc\u00e7 sa\u011flar. \u015earj istasyonu kompaktt\u0131r, kilitlenebilir ve tek elle kullan\u0131labilir. \u0130stasyon, ara\u00e7 soketi i\u00e7in verilen ba\u011flant\u0131 arac\u0131l\u0131\u011f\u0131yla arac\u0131n elektrik sistemine ba\u011flanabilir ve tabletinizin bataryas\u0131na g\u00fc\u00e7 sa\u011flamaya devam eder. (Potansiyel olarak patlay\u0131c\u0131 ortamlarda kullan\u0131m i\u00e7in de\u011fildir)","og_url":"https:\/\/alegerglobal.com\/tr\/shop-tr\/aksesuarlar\/vh-tpro-x2-arac-uestue-soket\/","og_site_name":"ALEGER \u22c6 Augmented Reality","article_modified_time":"2024-06-03T11:55:47+00:00","og_image":[{"width":800,"height":800,"url":"https:\/\/alegerglobal.com\/wp-content\/uploads\/2019\/01\/Unbenannt-10.jpg","type":"image\/jpeg"}],"twitter_card":"summary_large_image","twitter_misc":{"Fiyat":"&euro;356,99","Durumu":"Stokta var"},"schema":{"@context":"https:\/\/schema.org","@graph":[{"@type":"WebPage","@id":"https:\/\/alegerglobal.com\/tr\/shop-tr\/aksesuarlar\/vh-tpro-x2-arac-uestue-soket\/","url":"https:\/\/alegerglobal.com\/tr\/shop-tr\/aksesuarlar\/vh-tpro-x2-arac-uestue-soket\/","name":"- ALEGER \u22c6 Augmented Reality","isPartOf":{"@id":"https:\/\/alegerglobal.com\/tr\/#website"},"primaryImageOfPage":{"@id":"https:\/\/alegerglobal.com\/tr\/shop-tr\/aksesuarlar\/vh-tpro-x2-arac-uestue-soket\/#primaryimage"},"image":{"@id":"https:\/\/alegerglobal.com\/tr\/shop-tr\/aksesuarlar\/vh-tpro-x2-arac-uestue-soket\/#primaryimage"},"thumbnailUrl":"https:\/\/alegerglobal.com\/wp-content\/uploads\/2019\/01\/Unbenannt-10.jpg","datePublished":"2024-06-03T11:55:46+00:00","dateModified":"2024-06-03T11:55:47+00:00","breadcrumb":{"@id":"https:\/\/alegerglobal.com\/tr\/shop-tr\/aksesuarlar\/vh-tpro-x2-arac-uestue-soket\/#breadcrumb"},"inLanguage":"tr","potentialAction":[{"@type":"ReadAction","target":["https:\/\/alegerglobal.com\/tr\/shop-tr\/aksesuarlar\/vh-tpro-x2-arac-uestue-soket\/"]}]},{"@type":"ImageObject","inLanguage":"tr","@id":"https:\/\/alegerglobal.com\/tr\/shop-tr\/aksesuarlar\/vh-tpro-x2-arac-uestue-soket\/#primaryimage","url":"https:\/\/alegerglobal.com\/wp-content\/uploads\/2019\/01\/Unbenannt-10.jpg","contentUrl":"https:\/\/alegerglobal.com\/wp-content\/uploads\/2019\/01\/Unbenannt-10.jpg","width":800,"height":800},{"@type":"BreadcrumbList","@id":"https:\/\/alegerglobal.com\/tr\/shop-tr\/aksesuarlar\/vh-tpro-x2-arac-uestue-soket\/#breadcrumb","itemListElement":[{"@type":"ListItem","position":1,"name":"Home","item":"https:\/\/alegerglobal.com\/tr\/yeni-anasayfa\/"},{"@type":"ListItem","position":2,"name":"\u00dcr\u00fcnler","item":"https:\/\/alegerglobal.com\/tr\/ueruenler\/"},{"@type":"ListItem","position":3,"name":"VH TPRO X2 (ara\u00e7 \u00fcst\u00fc soket)"}]},{"@type":"WebSite","@id":"https:\/\/alegerglobal.com\/tr\/#website","url":"https:\/\/alegerglobal.com\/tr\/","name":"ALEGER \u22c6 Augmented Reality","description":"Die besten Augmented Reality (AR) L\u00f6sungen der Welt.","publisher":{"@id":"https:\/\/alegerglobal.com\/tr\/#organization"},"potentialAction":[{"@type":"SearchAction","target":{"@type":"EntryPoint","urlTemplate":"https:\/\/alegerglobal.com\/tr\/?s={search_term_string}"},"query-input":{"@type":"PropertyValueSpecification","valueRequired":true,"valueName":"search_term_string"}}],"inLanguage":"tr"},{"@type":"Organization","@id":"https:\/\/alegerglobal.com\/tr\/#organization","name":"ALEGER \u22c6 Augmented Reality","url":"https:\/\/alegerglobal.com\/tr\/","logo":{"@type":"ImageObject","inLanguage":"tr","@id":"https:\/\/alegerglobal.com\/tr\/#\/schema\/logo\/image\/","url":"https:\/\/alegerglobal.com\/wp-content\/uploads\/2020\/12\/aleger-logo-quadrat.jpg","contentUrl":"https:\/\/alegerglobal.com\/wp-content\/uploads\/2020\/12\/aleger-logo-quadrat.jpg","width":200,"height":176,"caption":"ALEGER \u22c6 Augmented Reality"},"image":{"@id":"https:\/\/alegerglobal.com\/tr\/#\/schema\/logo\/image\/"}}]},"product_brand":"Ecom","product_price_amount":"356.99","product_price_currency":"EUR","og_availability":"instock","product_availability":"instock","product_condition":"new"},"_links":{"self":[{"href":"https:\/\/alegerglobal.com\/tr\/wp-json\/wp\/v2\/product\/39645","targetHints":{"allow":["GET"]}}],"collection":[{"href":"https:\/\/alegerglobal.com\/tr\/wp-json\/wp\/v2\/product"}],"about":[{"href":"https:\/\/alegerglobal.com\/tr\/wp-json\/wp\/v2\/types\/product"}],"replies":[{"embeddable":true,"href":"https:\/\/alegerglobal.com\/tr\/wp-json\/wp\/v2\/comments?post=39645"}],"version-history":[{"count":1,"href":"https:\/\/alegerglobal.com\/tr\/wp-json\/wp\/v2\/product\/39645\/revisions"}],"predecessor-version":[{"id":39647,"href":"https:\/\/alegerglobal.com\/tr\/wp-json\/wp\/v2\/product\/39645\/revisions\/39647"}],"wp:featuredmedia":[{"embeddable":true,"href":"https:\/\/alegerglobal.com\/tr\/wp-json\/wp\/v2\/media\/39646"}],"wp:attachment":[{"href":"https:\/\/alegerglobal.com\/tr\/wp-json\/wp\/v2\/media?parent=39645"}],"wp:term":[{"taxonomy":"product_brand","embeddable":true,"href":"https:\/\/alegerglobal.com\/tr\/wp-json\/wp\/v2\/product_brand?post=39645"},{"taxonomy":"product_cat","embeddable":true,"href":"https:\/\/alegerglobal.com\/tr\/wp-json\/wp\/v2\/product_cat?post=39645"},{"taxonomy":"product_tag","embeddable":true,"href":"https:\/\/alegerglobal.com\/tr\/wp-json\/wp\/v2\/product_tag?post=39645"}],"curies":[{"name":"wp","href":"https:\/\/api.w.org\/{rel}","templated":true}]}}