{"id":39577,"date":"2020-01-15T04:26:07","date_gmt":"2024-06-03T11:52:02","guid":{"rendered":"https:\/\/alegerglobal.com\/uncategorized\/iristick-h1-basa-takilan-ekran-ios-android-16-mp-cift-kamera-optik-zoom-eller-serbest-kontrol-165g\/"},"modified":"2024-06-03T12:52:02","modified_gmt":"2024-06-03T11:52:02","slug":"iristick-h1","status":"publish","type":"product","link":"https:\/\/alegerglobal.com\/tr\/shop-tr\/akilli-goezluekler\/iristick-h1\/","title":{"rendered":"Iristick.H1, ba\u015fa tak\u0131lan ekran, iOS, Android, 16 MP \u00e7ift kamera, optik zoom, eller serbest kontrol, 165g"},"content":{"rendered":"","protected":false},"excerpt":{"rendered":"<ul>\n<li aria-level=\"1\"><b>End\u00fcstri ve lojistik i\u00e7in sa\u011flam ba\u015fa tak\u0131lan ekran<\/b><\/li>\n<li aria-level=\"1\"><b>Sertifikasyon:<\/b><span style=\"font-weight: 400;\"> IP67 sertifikas\u0131<\/span><\/li>\n<li aria-level=\"1\"><b>30 FPS&#8217;de videolar:<\/b><span style=\"font-weight: 400;\"> 2x 16 MP sens\u00f6rl\u00fc \u00e7ift kamera sistemi <\/span> <\/li>\n<li aria-level=\"1\"><b>Ayr\u0131nt\u0131l\u0131 g\u00f6r\u00fcnt\u00fcler:<\/b><span style=\"font-weight: 400;\"> S\u0131v\u0131 Lens ile optik yak\u0131nla\u015ft\u0131rma<\/span><\/li>\n<li aria-level=\"1\"><b>Maksimum kontrol:<\/b><span style=\"font-weight: 400;\"> Sa\u011flam \u00fc\u00e7 eksenli ekran<\/span><\/li>\n<li aria-level=\"1\"><b>Esnek kontrol:<\/b><span style=\"font-weight: 400;\"> Eller serbest kullan\u0131m ve hareketle kontrol<\/span><\/li>\n<li aria-level=\"1\"><b>Giymesi rahatt\u0131r:<\/b><span style=\"font-weight: 400;\"> Sadece 165 g toplam a\u011f\u0131rl\u0131k<\/span><\/li>\n<\/ul>\n","protected":false},"featured_media":39579,"comment_status":"open","ping_status":"closed","template":"","meta":{"_acf_changed":false},"product_brand":[],"product_cat":[2317,2318],"product_tag":[],"class_list":{"0":"post-39577","1":"product","2":"type-product","3":"status-publish","4":"has-post-thumbnail","6":"product_cat-akilli-goezluekler","7":"product_cat-shop-tr","8":"pa_hersteller-iristick-tr","10":"first","11":"instock","12":"taxable","13":"shipping-taxable","14":"purchasable","15":"product-type-simple"},"acf":[],"yoast_head":"<!-- This site is optimized with the Yoast SEO Premium plugin v20.10 (Yoast SEO v24.3) - https:\/\/yoast.com\/wordpress\/plugins\/seo\/ -->\n<title>Iristick.H1 (2022) - ALEGER \u22c6 Augmented Reality sat\u0131n al\u0131n<\/title>\n<meta name=\"description\" content=\"Iristick.H1 t\u00fcm yayg\u0131n ak\u0131ll\u0131 telefonlara ba\u011flan\u0131r. Bu nedenle ak\u0131ll\u0131 g\u00f6zl\u00fckler sonraki nesillerde de kullan\u0131labilir\" \/>\n<meta name=\"robots\" content=\"index, follow, max-snippet:-1, max-image-preview:large, max-video-preview:-1\" \/>\n<meta property=\"og:locale\" content=\"tr_TR\" \/>\n<meta property=\"og:type\" content=\"article\" \/>\n<meta property=\"og:title\" content=\"Iristick.H1, ba\u015fa tak\u0131lan ekran, iOS, Android, 16 MP \u00e7ift kamera, optik zoom, eller serbest kontrol, 165g\" \/>\n<meta property=\"og:description\" content=\"Iristick.H1 t\u00fcm yayg\u0131n ak\u0131ll\u0131 telefonlara ba\u011flan\u0131r. Bu nedenle ak\u0131ll\u0131 g\u00f6zl\u00fckler sonraki nesillerde de kullan\u0131labilir\" \/>\n<meta property=\"og:url\" content=\"https:\/\/alegerglobal.com\/tr\/shop-tr\/akilli-goezluekler\/iristick-h1\/\" \/>\n<meta property=\"og:site_name\" content=\"ALEGER \u22c6 Augmented Reality\" \/>\n<meta property=\"og:image\" content=\"https:\/\/alegerglobal.com\/wp-content\/uploads\/2020\/01\/wsabb.png\" \/>\n\t<meta property=\"og:image:width\" content=\"800\" \/>\n\t<meta property=\"og:image:height\" content=\"800\" \/>\n\t<meta property=\"og:image:type\" content=\"image\/png\" \/>\n<meta name=\"twitter:card\" content=\"summary_large_image\" \/>\n<meta name=\"twitter:label1\" content=\"Fiyat\" \/>\n\t<meta name=\"twitter:data1\" content=\"&euro;2.462,00\" \/>\n\t<meta name=\"twitter:label2\" content=\"Durumu\" \/>\n\t<meta name=\"twitter:data2\" content=\"Stokta var\" \/>\n<script type=\"application\/ld+json\" class=\"yoast-schema-graph\">{\"@context\":\"https:\/\/schema.org\",\"@graph\":[{\"@type\":\"WebPage\",\"@id\":\"https:\/\/alegerglobal.com\/tr\/shop-tr\/akilli-goezluekler\/iristick-h1\/\",\"url\":\"https:\/\/alegerglobal.com\/tr\/shop-tr\/akilli-goezluekler\/iristick-h1\/\",\"name\":\"Iristick.H1 (2022) - ALEGER \u22c6 Augmented Reality sat\u0131n al\u0131n\",\"isPartOf\":{\"@id\":\"https:\/\/alegerglobal.com\/tr\/#website\"},\"primaryImageOfPage\":{\"@id\":\"https:\/\/alegerglobal.com\/tr\/shop-tr\/akilli-goezluekler\/iristick-h1\/#primaryimage\"},\"image\":{\"@id\":\"https:\/\/alegerglobal.com\/tr\/shop-tr\/akilli-goezluekler\/iristick-h1\/#primaryimage\"},\"thumbnailUrl\":\"https:\/\/alegerglobal.com\/wp-content\/uploads\/2020\/01\/wsabb.png\",\"datePublished\":\"2024-06-03T11:52:02+00:00\",\"dateModified\":\"2024-06-03T11:52:02+00:00\",\"description\":\"Iristick.H1 t\u00fcm yayg\u0131n ak\u0131ll\u0131 telefonlara ba\u011flan\u0131r. Bu nedenle ak\u0131ll\u0131 g\u00f6zl\u00fckler sonraki nesillerde de kullan\u0131labilir\",\"breadcrumb\":{\"@id\":\"https:\/\/alegerglobal.com\/tr\/shop-tr\/akilli-goezluekler\/iristick-h1\/#breadcrumb\"},\"inLanguage\":\"tr\",\"potentialAction\":[{\"@type\":\"ReadAction\",\"target\":[\"https:\/\/alegerglobal.com\/tr\/shop-tr\/akilli-goezluekler\/iristick-h1\/\"]}]},{\"@type\":\"ImageObject\",\"inLanguage\":\"tr\",\"@id\":\"https:\/\/alegerglobal.com\/tr\/shop-tr\/akilli-goezluekler\/iristick-h1\/#primaryimage\",\"url\":\"https:\/\/alegerglobal.com\/wp-content\/uploads\/2020\/01\/wsabb.png\",\"contentUrl\":\"https:\/\/alegerglobal.com\/wp-content\/uploads\/2020\/01\/wsabb.png\",\"width\":800,\"height\":800},{\"@type\":\"BreadcrumbList\",\"@id\":\"https:\/\/alegerglobal.com\/tr\/shop-tr\/akilli-goezluekler\/iristick-h1\/#breadcrumb\",\"itemListElement\":[{\"@type\":\"ListItem\",\"position\":1,\"name\":\"Home\",\"item\":\"https:\/\/alegerglobal.com\/tr\/yeni-anasayfa\/\"},{\"@type\":\"ListItem\",\"position\":2,\"name\":\"\u00dcr\u00fcnler\",\"item\":\"https:\/\/alegerglobal.com\/tr\/ueruenler\/\"},{\"@type\":\"ListItem\",\"position\":3,\"name\":\"Iristick.H1, ba\u015fa tak\u0131lan ekran, iOS, Android, 16 MP \u00e7ift kamera, optik zoom, eller serbest kontrol, 165g\"}]},{\"@type\":\"WebSite\",\"@id\":\"https:\/\/alegerglobal.com\/tr\/#website\",\"url\":\"https:\/\/alegerglobal.com\/tr\/\",\"name\":\"ALEGER \u22c6 Augmented Reality\",\"description\":\"Die besten Augmented Reality (AR) L\u00f6sungen der Welt.\",\"publisher\":{\"@id\":\"https:\/\/alegerglobal.com\/tr\/#organization\"},\"potentialAction\":[{\"@type\":\"SearchAction\",\"target\":{\"@type\":\"EntryPoint\",\"urlTemplate\":\"https:\/\/alegerglobal.com\/tr\/?s={search_term_string}\"},\"query-input\":{\"@type\":\"PropertyValueSpecification\",\"valueRequired\":true,\"valueName\":\"search_term_string\"}}],\"inLanguage\":\"tr\"},{\"@type\":\"Organization\",\"@id\":\"https:\/\/alegerglobal.com\/tr\/#organization\",\"name\":\"ALEGER \u22c6 Augmented Reality\",\"url\":\"https:\/\/alegerglobal.com\/tr\/\",\"logo\":{\"@type\":\"ImageObject\",\"inLanguage\":\"tr\",\"@id\":\"https:\/\/alegerglobal.com\/tr\/#\/schema\/logo\/image\/\",\"url\":\"https:\/\/alegerglobal.com\/wp-content\/uploads\/2020\/12\/aleger-logo-quadrat.jpg\",\"contentUrl\":\"https:\/\/alegerglobal.com\/wp-content\/uploads\/2020\/12\/aleger-logo-quadrat.jpg\",\"width\":200,\"height\":176,\"caption\":\"ALEGER \u22c6 Augmented Reality\"},\"image\":{\"@id\":\"https:\/\/alegerglobal.com\/tr\/#\/schema\/logo\/image\/\"}}]}<\/script>\n<meta property=\"product:brand\" content=\"Iristick\" \/>\n<meta property=\"product:price:amount\" content=\"2462.00\" \/>\n<meta property=\"product:price:currency\" content=\"EUR\" \/>\n<meta property=\"og:availability\" content=\"instock\" \/>\n<meta property=\"product:availability\" content=\"instock\" \/>\n<meta property=\"product:condition\" content=\"new\" \/>\n<!-- \/ Yoast SEO Premium plugin. -->","yoast_head_json":{"title":"Iristick.H1 (2022) - ALEGER \u22c6 Augmented Reality sat\u0131n al\u0131n","description":"Iristick.H1 t\u00fcm yayg\u0131n ak\u0131ll\u0131 telefonlara ba\u011flan\u0131r. Bu nedenle ak\u0131ll\u0131 g\u00f6zl\u00fckler sonraki nesillerde de kullan\u0131labilir","robots":{"index":"index","follow":"follow","max-snippet":"max-snippet:-1","max-image-preview":"max-image-preview:large","max-video-preview":"max-video-preview:-1"},"og_locale":"tr_TR","og_type":"article","og_title":"Iristick.H1, ba\u015fa tak\u0131lan ekran, iOS, Android, 16 MP \u00e7ift kamera, optik zoom, eller serbest kontrol, 165g","og_description":"Iristick.H1 t\u00fcm yayg\u0131n ak\u0131ll\u0131 telefonlara ba\u011flan\u0131r. Bu nedenle ak\u0131ll\u0131 g\u00f6zl\u00fckler sonraki nesillerde de kullan\u0131labilir","og_url":"https:\/\/alegerglobal.com\/tr\/shop-tr\/akilli-goezluekler\/iristick-h1\/","og_site_name":"ALEGER \u22c6 Augmented Reality","og_image":[{"width":800,"height":800,"url":"https:\/\/alegerglobal.com\/wp-content\/uploads\/2020\/01\/wsabb.png","type":"image\/png"}],"twitter_card":"summary_large_image","twitter_misc":{"Fiyat":"&euro;2.462,00","Durumu":"Stokta var"},"schema":{"@context":"https:\/\/schema.org","@graph":[{"@type":"WebPage","@id":"https:\/\/alegerglobal.com\/tr\/shop-tr\/akilli-goezluekler\/iristick-h1\/","url":"https:\/\/alegerglobal.com\/tr\/shop-tr\/akilli-goezluekler\/iristick-h1\/","name":"Iristick.H1 (2022) - ALEGER \u22c6 Augmented Reality sat\u0131n al\u0131n","isPartOf":{"@id":"https:\/\/alegerglobal.com\/tr\/#website"},"primaryImageOfPage":{"@id":"https:\/\/alegerglobal.com\/tr\/shop-tr\/akilli-goezluekler\/iristick-h1\/#primaryimage"},"image":{"@id":"https:\/\/alegerglobal.com\/tr\/shop-tr\/akilli-goezluekler\/iristick-h1\/#primaryimage"},"thumbnailUrl":"https:\/\/alegerglobal.com\/wp-content\/uploads\/2020\/01\/wsabb.png","datePublished":"2024-06-03T11:52:02+00:00","dateModified":"2024-06-03T11:52:02+00:00","description":"Iristick.H1 t\u00fcm yayg\u0131n ak\u0131ll\u0131 telefonlara ba\u011flan\u0131r. Bu nedenle ak\u0131ll\u0131 g\u00f6zl\u00fckler sonraki nesillerde de kullan\u0131labilir","breadcrumb":{"@id":"https:\/\/alegerglobal.com\/tr\/shop-tr\/akilli-goezluekler\/iristick-h1\/#breadcrumb"},"inLanguage":"tr","potentialAction":[{"@type":"ReadAction","target":["https:\/\/alegerglobal.com\/tr\/shop-tr\/akilli-goezluekler\/iristick-h1\/"]}]},{"@type":"ImageObject","inLanguage":"tr","@id":"https:\/\/alegerglobal.com\/tr\/shop-tr\/akilli-goezluekler\/iristick-h1\/#primaryimage","url":"https:\/\/alegerglobal.com\/wp-content\/uploads\/2020\/01\/wsabb.png","contentUrl":"https:\/\/alegerglobal.com\/wp-content\/uploads\/2020\/01\/wsabb.png","width":800,"height":800},{"@type":"BreadcrumbList","@id":"https:\/\/alegerglobal.com\/tr\/shop-tr\/akilli-goezluekler\/iristick-h1\/#breadcrumb","itemListElement":[{"@type":"ListItem","position":1,"name":"Home","item":"https:\/\/alegerglobal.com\/tr\/yeni-anasayfa\/"},{"@type":"ListItem","position":2,"name":"\u00dcr\u00fcnler","item":"https:\/\/alegerglobal.com\/tr\/ueruenler\/"},{"@type":"ListItem","position":3,"name":"Iristick.H1, ba\u015fa tak\u0131lan ekran, iOS, Android, 16 MP \u00e7ift kamera, optik zoom, eller serbest kontrol, 165g"}]},{"@type":"WebSite","@id":"https:\/\/alegerglobal.com\/tr\/#website","url":"https:\/\/alegerglobal.com\/tr\/","name":"ALEGER \u22c6 Augmented Reality","description":"Die besten Augmented Reality (AR) L\u00f6sungen der Welt.","publisher":{"@id":"https:\/\/alegerglobal.com\/tr\/#organization"},"potentialAction":[{"@type":"SearchAction","target":{"@type":"EntryPoint","urlTemplate":"https:\/\/alegerglobal.com\/tr\/?s={search_term_string}"},"query-input":{"@type":"PropertyValueSpecification","valueRequired":true,"valueName":"search_term_string"}}],"inLanguage":"tr"},{"@type":"Organization","@id":"https:\/\/alegerglobal.com\/tr\/#organization","name":"ALEGER \u22c6 Augmented Reality","url":"https:\/\/alegerglobal.com\/tr\/","logo":{"@type":"ImageObject","inLanguage":"tr","@id":"https:\/\/alegerglobal.com\/tr\/#\/schema\/logo\/image\/","url":"https:\/\/alegerglobal.com\/wp-content\/uploads\/2020\/12\/aleger-logo-quadrat.jpg","contentUrl":"https:\/\/alegerglobal.com\/wp-content\/uploads\/2020\/12\/aleger-logo-quadrat.jpg","width":200,"height":176,"caption":"ALEGER \u22c6 Augmented Reality"},"image":{"@id":"https:\/\/alegerglobal.com\/tr\/#\/schema\/logo\/image\/"}}]},"product_brand":"Iristick","product_price_amount":"2462.00","product_price_currency":"EUR","og_availability":"instock","product_availability":"instock","product_condition":"new"},"_links":{"self":[{"href":"https:\/\/alegerglobal.com\/tr\/wp-json\/wp\/v2\/product\/39577","targetHints":{"allow":["GET"]}}],"collection":[{"href":"https:\/\/alegerglobal.com\/tr\/wp-json\/wp\/v2\/product"}],"about":[{"href":"https:\/\/alegerglobal.com\/tr\/wp-json\/wp\/v2\/types\/product"}],"replies":[{"embeddable":true,"href":"https:\/\/alegerglobal.com\/tr\/wp-json\/wp\/v2\/comments?post=39577"}],"version-history":[{"count":0,"href":"https:\/\/alegerglobal.com\/tr\/wp-json\/wp\/v2\/product\/39577\/revisions"}],"wp:featuredmedia":[{"embeddable":true,"href":"https:\/\/alegerglobal.com\/tr\/wp-json\/wp\/v2\/media\/39579"}],"wp:attachment":[{"href":"https:\/\/alegerglobal.com\/tr\/wp-json\/wp\/v2\/media?parent=39577"}],"wp:term":[{"taxonomy":"product_brand","embeddable":true,"href":"https:\/\/alegerglobal.com\/tr\/wp-json\/wp\/v2\/product_brand?post=39577"},{"taxonomy":"product_cat","embeddable":true,"href":"https:\/\/alegerglobal.com\/tr\/wp-json\/wp\/v2\/product_cat?post=39577"},{"taxonomy":"product_tag","embeddable":true,"href":"https:\/\/alegerglobal.com\/tr\/wp-json\/wp\/v2\/product_tag?post=39577"}],"curies":[{"name":"wp","href":"https:\/\/api.w.org\/{rel}","templated":true}]}}