{"id":39567,"date":"2020-01-15T04:59:12","date_gmt":"2024-06-03T11:51:58","guid":{"rendered":"https:\/\/alegerglobal.com\/uncategorized\/android-akilli-telefonlar-icin-nreal-ar-goezluek-full-hd-ekran-50-derece-goerues-alani-gizlilik-ekrani\/"},"modified":"2024-06-03T12:51:58","modified_gmt":"2024-06-03T11:51:58","slug":"nreal-light","status":"publish","type":"product","link":"https:\/\/alegerglobal.com\/tr\/shop-tr\/akilli-goezluekler\/nreal-light\/","title":{"rendered":"Android ak\u0131ll\u0131 telefonlar i\u00e7in nReal AR g\u00f6zl\u00fck, full HD ekran, 50 derece g\u00f6r\u00fc\u015f alan\u0131, gizlilik ekran\u0131"},"content":{"rendered":"","protected":false},"excerpt":{"rendered":"<p><b>\u00d6zelle\u015ftirilebilir uyum: <\/b><span style=\"font-weight: 400;\">Birlikte verilen burun pedleri, kendi kafa \u015feklinize g\u00f6re \u00f6zelle\u015ftirmeye olanak tan\u0131r<\/span><\/p>\n<p><b>Y\u00fcksek \u00e7\u00f6z\u00fcn\u00fcrl\u00fck: <\/b><span style=\"font-weight: 400;\">Full HD \u00e7\u00f6z\u00fcn\u00fcrl\u00fck ve 50 derecelik g\u00f6r\u00fc\u015f alan\u0131, \u00e7al\u0131\u015fma s\u0131ras\u0131nda keskin bir g\u00f6r\u00fcnt\u00fc ve optimum genel bak\u0131\u015f sa\u011flar<\/span><\/p>\n<p><b>Ak\u0131ll\u0131 telefon ile kullan\u0131n:<\/b><span style=\"font-weight: 400;\"> Samsung, Sony ve Oppo&#8217;nun se\u00e7ili Android ak\u0131ll\u0131 telefonlar\u0131yla uyumludur<\/span><\/p>\n<p><b>Kendi uygulamam\u0131z: <\/b><span style=\"font-weight: 400;\">Nebula uygulamas\u0131 ak\u0131ll\u0131 telefon ve g\u00f6zl\u00fck aras\u0131nda aray\u00fcz olu\u015fturuyor<\/span><\/p>\n<p><b>Kompakt<\/b><span style=\"font-weight: 400;\">: <\/span><span style=\"font-weight: 400;\">146 x 175 x 44 mm ve maksimum 23 mm kal\u0131nl\u0131k<\/span><\/p>\n<p><b>Hafiftir:<\/b><span style=\"font-weight: 400;\"> 106g toplam a\u011f\u0131rl\u0131k<\/span><\/p>\n<p><b>Kapsaml\u0131 aksesuar yelpazesi: <\/b><span style=\"font-weight: 400;\">Burun yast\u0131\u011f\u0131, gizlilik kalkan\u0131 ve kapak ile<\/span><\/p>\n","protected":false},"featured_media":39570,"comment_status":"open","ping_status":"closed","template":"","meta":{"_acf_changed":false},"product_brand":[],"product_cat":[2317,2318],"product_tag":[],"class_list":{"0":"post-39567","1":"product","2":"type-product","3":"status-publish","4":"has-post-thumbnail","6":"product_cat-akilli-goezluekler","7":"product_cat-shop-tr","8":"pa_hersteller-nreal-tr","10":"first","11":"instock","12":"taxable","13":"shipping-taxable","14":"product-type-simple"},"acf":[],"yoast_head":"<!-- This site is optimized with the Yoast SEO Premium plugin v20.10 (Yoast SEO v24.3) - https:\/\/yoast.com\/wordpress\/plugins\/seo\/ -->\n<title>nReal AR g\u00f6zl\u00fckleri sat\u0131n al\u0131n (2022) ALEGER \u22c6 Augmented Reality<\/title>\n<meta name=\"description\" content=\"nReal AR g\u00f6zl\u00fckleri karma ger\u00e7eklik g\u00f6zl\u00fckleri olarak tasarlanm\u0131\u015ft\u0131r ve yaln\u0131zca profesyonel kullan\u0131m i\u00e7in tasarlanmam\u0131\u015ft\u0131r, ayn\u0131 zamanda \u00f6zel ba\u011flamda da kullan\u0131labilir\" \/>\n<meta name=\"robots\" content=\"index, follow, max-snippet:-1, max-image-preview:large, max-video-preview:-1\" \/>\n<meta property=\"og:locale\" content=\"tr_TR\" \/>\n<meta property=\"og:type\" content=\"article\" \/>\n<meta property=\"og:title\" content=\"Android ak\u0131ll\u0131 telefonlar i\u00e7in nReal AR g\u00f6zl\u00fck, full HD ekran, 50 derece g\u00f6r\u00fc\u015f alan\u0131, gizlilik ekran\u0131\" \/>\n<meta property=\"og:description\" content=\"nReal AR g\u00f6zl\u00fckleri karma ger\u00e7eklik g\u00f6zl\u00fckleri olarak tasarlanm\u0131\u015ft\u0131r ve yaln\u0131zca profesyonel kullan\u0131m i\u00e7in tasarlanmam\u0131\u015ft\u0131r, ayn\u0131 zamanda \u00f6zel ba\u011flamda da kullan\u0131labilir\" \/>\n<meta property=\"og:url\" content=\"https:\/\/alegerglobal.com\/tr\/shop-tr\/akilli-goezluekler\/nreal-light\/\" \/>\n<meta property=\"og:site_name\" content=\"ALEGER \u22c6 Augmented Reality\" \/>\n<meta property=\"og:image\" content=\"https:\/\/alegerglobal.com\/wp-content\/uploads\/2021\/01\/Unbenannt-28-1.jpg\" \/>\n\t<meta property=\"og:image:width\" content=\"800\" \/>\n\t<meta property=\"og:image:height\" content=\"800\" \/>\n\t<meta property=\"og:image:type\" content=\"image\/jpeg\" \/>\n<meta name=\"twitter:card\" content=\"summary_large_image\" \/>\n<meta name=\"twitter:label1\" content=\"Fiyat\" \/>\n\t<meta name=\"twitter:data1\" content=\"\" \/>\n\t<meta name=\"twitter:label2\" content=\"Durumu\" \/>\n\t<meta name=\"twitter:data2\" content=\"Stokta var\" \/>\n<script type=\"application\/ld+json\" class=\"yoast-schema-graph\">{\"@context\":\"https:\/\/schema.org\",\"@graph\":[{\"@type\":\"WebPage\",\"@id\":\"https:\/\/alegerglobal.com\/tr\/shop-tr\/akilli-goezluekler\/nreal-light\/\",\"url\":\"https:\/\/alegerglobal.com\/tr\/shop-tr\/akilli-goezluekler\/nreal-light\/\",\"name\":\"nReal AR g\u00f6zl\u00fckleri sat\u0131n al\u0131n (2022) ALEGER \u22c6 Augmented Reality\",\"isPartOf\":{\"@id\":\"https:\/\/alegerglobal.com\/tr\/#website\"},\"primaryImageOfPage\":{\"@id\":\"https:\/\/alegerglobal.com\/tr\/shop-tr\/akilli-goezluekler\/nreal-light\/#primaryimage\"},\"image\":{\"@id\":\"https:\/\/alegerglobal.com\/tr\/shop-tr\/akilli-goezluekler\/nreal-light\/#primaryimage\"},\"thumbnailUrl\":\"https:\/\/alegerglobal.com\/wp-content\/uploads\/2021\/01\/Unbenannt-28-1.jpg\",\"datePublished\":\"2024-06-03T11:51:58+00:00\",\"dateModified\":\"2024-06-03T11:51:58+00:00\",\"description\":\"nReal AR g\u00f6zl\u00fckleri karma ger\u00e7eklik g\u00f6zl\u00fckleri olarak tasarlanm\u0131\u015ft\u0131r ve yaln\u0131zca profesyonel kullan\u0131m i\u00e7in tasarlanmam\u0131\u015ft\u0131r, ayn\u0131 zamanda \u00f6zel ba\u011flamda da kullan\u0131labilir\",\"breadcrumb\":{\"@id\":\"https:\/\/alegerglobal.com\/tr\/shop-tr\/akilli-goezluekler\/nreal-light\/#breadcrumb\"},\"inLanguage\":\"tr\",\"potentialAction\":[{\"@type\":\"ReadAction\",\"target\":[\"https:\/\/alegerglobal.com\/tr\/shop-tr\/akilli-goezluekler\/nreal-light\/\"]}]},{\"@type\":\"ImageObject\",\"inLanguage\":\"tr\",\"@id\":\"https:\/\/alegerglobal.com\/tr\/shop-tr\/akilli-goezluekler\/nreal-light\/#primaryimage\",\"url\":\"https:\/\/alegerglobal.com\/wp-content\/uploads\/2021\/01\/Unbenannt-28-1.jpg\",\"contentUrl\":\"https:\/\/alegerglobal.com\/wp-content\/uploads\/2021\/01\/Unbenannt-28-1.jpg\",\"width\":800,\"height\":800},{\"@type\":\"BreadcrumbList\",\"@id\":\"https:\/\/alegerglobal.com\/tr\/shop-tr\/akilli-goezluekler\/nreal-light\/#breadcrumb\",\"itemListElement\":[{\"@type\":\"ListItem\",\"position\":1,\"name\":\"Home\",\"item\":\"https:\/\/alegerglobal.com\/tr\/yeni-anasayfa\/\"},{\"@type\":\"ListItem\",\"position\":2,\"name\":\"\u00dcr\u00fcnler\",\"item\":\"https:\/\/alegerglobal.com\/tr\/ueruenler\/\"},{\"@type\":\"ListItem\",\"position\":3,\"name\":\"Android ak\u0131ll\u0131 telefonlar i\u00e7in nReal AR g\u00f6zl\u00fck, full HD ekran, 50 derece g\u00f6r\u00fc\u015f alan\u0131, gizlilik ekran\u0131\"}]},{\"@type\":\"WebSite\",\"@id\":\"https:\/\/alegerglobal.com\/tr\/#website\",\"url\":\"https:\/\/alegerglobal.com\/tr\/\",\"name\":\"ALEGER \u22c6 Augmented Reality\",\"description\":\"Die besten Augmented Reality (AR) L\u00f6sungen der Welt.\",\"publisher\":{\"@id\":\"https:\/\/alegerglobal.com\/tr\/#organization\"},\"potentialAction\":[{\"@type\":\"SearchAction\",\"target\":{\"@type\":\"EntryPoint\",\"urlTemplate\":\"https:\/\/alegerglobal.com\/tr\/?s={search_term_string}\"},\"query-input\":{\"@type\":\"PropertyValueSpecification\",\"valueRequired\":true,\"valueName\":\"search_term_string\"}}],\"inLanguage\":\"tr\"},{\"@type\":\"Organization\",\"@id\":\"https:\/\/alegerglobal.com\/tr\/#organization\",\"name\":\"ALEGER \u22c6 Augmented Reality\",\"url\":\"https:\/\/alegerglobal.com\/tr\/\",\"logo\":{\"@type\":\"ImageObject\",\"inLanguage\":\"tr\",\"@id\":\"https:\/\/alegerglobal.com\/tr\/#\/schema\/logo\/image\/\",\"url\":\"https:\/\/alegerglobal.com\/wp-content\/uploads\/2020\/12\/aleger-logo-quadrat.jpg\",\"contentUrl\":\"https:\/\/alegerglobal.com\/wp-content\/uploads\/2020\/12\/aleger-logo-quadrat.jpg\",\"width\":200,\"height\":176,\"caption\":\"ALEGER \u22c6 Augmented Reality\"},\"image\":{\"@id\":\"https:\/\/alegerglobal.com\/tr\/#\/schema\/logo\/image\/\"}}]}<\/script>\n<meta property=\"product:brand\" content=\"Nreal\" \/>\n<meta property=\"product:price:amount\" content=\"0.00\" \/>\n<meta property=\"product:price:currency\" content=\"EUR\" \/>\n<meta property=\"og:availability\" content=\"instock\" \/>\n<meta property=\"product:availability\" content=\"instock\" \/>\n<meta property=\"product:condition\" content=\"new\" \/>\n<!-- \/ Yoast SEO Premium plugin. -->","yoast_head_json":{"title":"nReal AR g\u00f6zl\u00fckleri sat\u0131n al\u0131n (2022) ALEGER \u22c6 Augmented Reality","description":"nReal AR g\u00f6zl\u00fckleri karma ger\u00e7eklik g\u00f6zl\u00fckleri olarak tasarlanm\u0131\u015ft\u0131r ve yaln\u0131zca profesyonel kullan\u0131m i\u00e7in tasarlanmam\u0131\u015ft\u0131r, ayn\u0131 zamanda \u00f6zel ba\u011flamda da kullan\u0131labilir","robots":{"index":"index","follow":"follow","max-snippet":"max-snippet:-1","max-image-preview":"max-image-preview:large","max-video-preview":"max-video-preview:-1"},"og_locale":"tr_TR","og_type":"article","og_title":"Android ak\u0131ll\u0131 telefonlar i\u00e7in nReal AR g\u00f6zl\u00fck, full HD ekran, 50 derece g\u00f6r\u00fc\u015f alan\u0131, gizlilik ekran\u0131","og_description":"nReal AR g\u00f6zl\u00fckleri karma ger\u00e7eklik g\u00f6zl\u00fckleri olarak tasarlanm\u0131\u015ft\u0131r ve yaln\u0131zca profesyonel kullan\u0131m i\u00e7in tasarlanmam\u0131\u015ft\u0131r, ayn\u0131 zamanda \u00f6zel ba\u011flamda da kullan\u0131labilir","og_url":"https:\/\/alegerglobal.com\/tr\/shop-tr\/akilli-goezluekler\/nreal-light\/","og_site_name":"ALEGER \u22c6 Augmented Reality","og_image":[{"width":800,"height":800,"url":"https:\/\/alegerglobal.com\/wp-content\/uploads\/2021\/01\/Unbenannt-28-1.jpg","type":"image\/jpeg"}],"twitter_card":"summary_large_image","twitter_misc":{"Fiyat":"","Durumu":"Stokta var"},"schema":{"@context":"https:\/\/schema.org","@graph":[{"@type":"WebPage","@id":"https:\/\/alegerglobal.com\/tr\/shop-tr\/akilli-goezluekler\/nreal-light\/","url":"https:\/\/alegerglobal.com\/tr\/shop-tr\/akilli-goezluekler\/nreal-light\/","name":"nReal AR g\u00f6zl\u00fckleri sat\u0131n al\u0131n (2022) ALEGER \u22c6 Augmented Reality","isPartOf":{"@id":"https:\/\/alegerglobal.com\/tr\/#website"},"primaryImageOfPage":{"@id":"https:\/\/alegerglobal.com\/tr\/shop-tr\/akilli-goezluekler\/nreal-light\/#primaryimage"},"image":{"@id":"https:\/\/alegerglobal.com\/tr\/shop-tr\/akilli-goezluekler\/nreal-light\/#primaryimage"},"thumbnailUrl":"https:\/\/alegerglobal.com\/wp-content\/uploads\/2021\/01\/Unbenannt-28-1.jpg","datePublished":"2024-06-03T11:51:58+00:00","dateModified":"2024-06-03T11:51:58+00:00","description":"nReal AR g\u00f6zl\u00fckleri karma ger\u00e7eklik g\u00f6zl\u00fckleri olarak tasarlanm\u0131\u015ft\u0131r ve yaln\u0131zca profesyonel kullan\u0131m i\u00e7in tasarlanmam\u0131\u015ft\u0131r, ayn\u0131 zamanda \u00f6zel ba\u011flamda da kullan\u0131labilir","breadcrumb":{"@id":"https:\/\/alegerglobal.com\/tr\/shop-tr\/akilli-goezluekler\/nreal-light\/#breadcrumb"},"inLanguage":"tr","potentialAction":[{"@type":"ReadAction","target":["https:\/\/alegerglobal.com\/tr\/shop-tr\/akilli-goezluekler\/nreal-light\/"]}]},{"@type":"ImageObject","inLanguage":"tr","@id":"https:\/\/alegerglobal.com\/tr\/shop-tr\/akilli-goezluekler\/nreal-light\/#primaryimage","url":"https:\/\/alegerglobal.com\/wp-content\/uploads\/2021\/01\/Unbenannt-28-1.jpg","contentUrl":"https:\/\/alegerglobal.com\/wp-content\/uploads\/2021\/01\/Unbenannt-28-1.jpg","width":800,"height":800},{"@type":"BreadcrumbList","@id":"https:\/\/alegerglobal.com\/tr\/shop-tr\/akilli-goezluekler\/nreal-light\/#breadcrumb","itemListElement":[{"@type":"ListItem","position":1,"name":"Home","item":"https:\/\/alegerglobal.com\/tr\/yeni-anasayfa\/"},{"@type":"ListItem","position":2,"name":"\u00dcr\u00fcnler","item":"https:\/\/alegerglobal.com\/tr\/ueruenler\/"},{"@type":"ListItem","position":3,"name":"Android ak\u0131ll\u0131 telefonlar i\u00e7in nReal AR g\u00f6zl\u00fck, full HD ekran, 50 derece g\u00f6r\u00fc\u015f alan\u0131, gizlilik ekran\u0131"}]},{"@type":"WebSite","@id":"https:\/\/alegerglobal.com\/tr\/#website","url":"https:\/\/alegerglobal.com\/tr\/","name":"ALEGER \u22c6 Augmented Reality","description":"Die besten Augmented Reality (AR) L\u00f6sungen der Welt.","publisher":{"@id":"https:\/\/alegerglobal.com\/tr\/#organization"},"potentialAction":[{"@type":"SearchAction","target":{"@type":"EntryPoint","urlTemplate":"https:\/\/alegerglobal.com\/tr\/?s={search_term_string}"},"query-input":{"@type":"PropertyValueSpecification","valueRequired":true,"valueName":"search_term_string"}}],"inLanguage":"tr"},{"@type":"Organization","@id":"https:\/\/alegerglobal.com\/tr\/#organization","name":"ALEGER \u22c6 Augmented Reality","url":"https:\/\/alegerglobal.com\/tr\/","logo":{"@type":"ImageObject","inLanguage":"tr","@id":"https:\/\/alegerglobal.com\/tr\/#\/schema\/logo\/image\/","url":"https:\/\/alegerglobal.com\/wp-content\/uploads\/2020\/12\/aleger-logo-quadrat.jpg","contentUrl":"https:\/\/alegerglobal.com\/wp-content\/uploads\/2020\/12\/aleger-logo-quadrat.jpg","width":200,"height":176,"caption":"ALEGER \u22c6 Augmented Reality"},"image":{"@id":"https:\/\/alegerglobal.com\/tr\/#\/schema\/logo\/image\/"}}]},"product_brand":"Nreal","product_price_amount":"0.00","product_price_currency":"EUR","og_availability":"instock","product_availability":"instock","product_condition":"new"},"_links":{"self":[{"href":"https:\/\/alegerglobal.com\/tr\/wp-json\/wp\/v2\/product\/39567","targetHints":{"allow":["GET"]}}],"collection":[{"href":"https:\/\/alegerglobal.com\/tr\/wp-json\/wp\/v2\/product"}],"about":[{"href":"https:\/\/alegerglobal.com\/tr\/wp-json\/wp\/v2\/types\/product"}],"replies":[{"embeddable":true,"href":"https:\/\/alegerglobal.com\/tr\/wp-json\/wp\/v2\/comments?post=39567"}],"version-history":[{"count":0,"href":"https:\/\/alegerglobal.com\/tr\/wp-json\/wp\/v2\/product\/39567\/revisions"}],"wp:featuredmedia":[{"embeddable":true,"href":"https:\/\/alegerglobal.com\/tr\/wp-json\/wp\/v2\/media\/39570"}],"wp:attachment":[{"href":"https:\/\/alegerglobal.com\/tr\/wp-json\/wp\/v2\/media?parent=39567"}],"wp:term":[{"taxonomy":"product_brand","embeddable":true,"href":"https:\/\/alegerglobal.com\/tr\/wp-json\/wp\/v2\/product_brand?post=39567"},{"taxonomy":"product_cat","embeddable":true,"href":"https:\/\/alegerglobal.com\/tr\/wp-json\/wp\/v2\/product_cat?post=39567"},{"taxonomy":"product_tag","embeddable":true,"href":"https:\/\/alegerglobal.com\/tr\/wp-json\/wp\/v2\/product_tag?post=39567"}],"curies":[{"name":"wp","href":"https:\/\/api.w.org\/{rel}","templated":true}]}}