{"id":39559,"date":"2020-01-12T05:41:10","date_gmt":"2024-06-03T11:51:56","guid":{"rendered":"https:\/\/alegerglobal.com\/kategorilenmemis\/ecr-lw300-vpn-yoenlendirici-lte-wlan-gsm-umts-cift-sim\/"},"modified":"2024-06-03T12:51:56","modified_gmt":"2024-06-03T11:51:56","slug":"ecr-lw300-vpn-yoenlendirici","status":"publish","type":"product","link":"https:\/\/alegerglobal.com\/tr\/shop-tr\/gadgetlar-tr\/ecr-lw300-vpn-yoenlendirici\/","title":{"rendered":"ECR-LW300 VPN y\u00f6nlendirici, LTE, WLAN, GSM, UMTS, \u00e7ift sim"},"content":{"rendered":"","protected":false},"excerpt":{"rendered":"<ul>\n<li aria-level=\"1\"><b>Sa\u011flam g\u00f6vde: <\/b><span style=\"font-weight: 400;\">IP40 sertifikas\u0131<\/span><\/li>\n<\/ul>\n<ul>\n<li aria-level=\"1\"><b>G\u00fcvenlik: <\/b><span style=\"font-weight: 400;\">OpenVPN, IPSec ve etkili BT g\u00fcvenli\u011fi i\u00e7in di\u011fer i\u015flevler<\/span><\/li>\n<\/ul>\n<ul>\n<li aria-level=\"1\"><b>Yedeklilik: <\/b><span style=\"font-weight: 400;\">\u00c7ift SIM sayesinde yedekli ba\u011flant\u0131<\/span><\/li>\n<\/ul>\n<ul>\n<li aria-level=\"1\"><b>Linux ortam\u0131: <\/b><span style=\"font-weight: 400;\">Maksimum esneklik i\u00e7in \u00f6nceden y\u00fcklenmi\u015f geli\u015ftirme ortam\u0131 sa\u011flan\u0131r<\/span><\/li>\n<\/ul>\n<ul>\n<li aria-level=\"1\"><b>Dijital aray\u00fczler<\/b><\/li>\n<li aria-level=\"1\"><b>Verimli bak\u0131m: <\/b>otomatik olaylar\u0131n yap\u0131land\u0131r\u0131lmas\u0131 m\u00fcmk\u00fcnd\u00fcr<\/li>\n<\/ul>\n","protected":false},"featured_media":39564,"comment_status":"open","ping_status":"closed","template":"","meta":{"_acf_changed":false},"product_brand":[],"product_cat":[2320],"product_tag":[],"class_list":{"0":"post-39559","1":"product","2":"type-product","3":"status-publish","4":"has-post-thumbnail","6":"product_cat-gadgetlar-tr","7":"pa_hersteller-insys-icom-tr","9":"first","10":"instock","11":"taxable","12":"shipping-taxable","13":"product-type-simple"},"acf":[],"yoast_head":"<!-- This site is optimized with the Yoast SEO Premium plugin v20.10 (Yoast SEO v24.3) - https:\/\/yoast.com\/wordpress\/plugins\/seo\/ -->\n<title>ECR-LW300 VPN Y\u00f6nlendirici Sat\u0131n Al\u0131n (2022) ALEGER \u22c6 Augmented Reality<\/title>\n<meta name=\"description\" content=\"ECR-LW300 VPN y\u00f6nlendirici dijital altyap\u0131ya hem bir eri\u015fim noktas\u0131 hem de bir istemci olarak entegre edilebilir\" \/>\n<meta name=\"robots\" content=\"index, follow, max-snippet:-1, max-image-preview:large, max-video-preview:-1\" \/>\n<meta property=\"og:locale\" content=\"tr_TR\" \/>\n<meta property=\"og:type\" content=\"article\" \/>\n<meta property=\"og:title\" content=\"ECR-LW300 VPN y\u00f6nlendirici, LTE, WLAN, GSM, UMTS, \u00e7ift sim\" \/>\n<meta property=\"og:description\" content=\"ECR-LW300 VPN y\u00f6nlendirici dijital altyap\u0131ya hem bir eri\u015fim noktas\u0131 hem de bir istemci olarak entegre edilebilir\" \/>\n<meta property=\"og:url\" content=\"https:\/\/alegerglobal.com\/tr\/shop-tr\/gadgetlar-tr\/ecr-lw300-vpn-yoenlendirici\/\" \/>\n<meta property=\"og:site_name\" content=\"ALEGER \u22c6 Augmented Reality\" \/>\n<meta property=\"og:image\" content=\"https:\/\/alegerglobal.com\/wp-content\/uploads\/2020\/01\/Unbenannt.jpg\" \/>\n\t<meta property=\"og:image:width\" content=\"800\" \/>\n\t<meta property=\"og:image:height\" content=\"800\" \/>\n\t<meta property=\"og:image:type\" content=\"image\/jpeg\" \/>\n<meta name=\"twitter:card\" content=\"summary_large_image\" \/>\n<meta name=\"twitter:label1\" content=\"Fiyat\" \/>\n\t<meta name=\"twitter:data1\" content=\"\" \/>\n\t<meta name=\"twitter:label2\" content=\"Durumu\" \/>\n\t<meta name=\"twitter:data2\" content=\"Stokta var\" \/>\n<script type=\"application\/ld+json\" class=\"yoast-schema-graph\">{\"@context\":\"https:\/\/schema.org\",\"@graph\":[{\"@type\":\"WebPage\",\"@id\":\"https:\/\/alegerglobal.com\/tr\/shop-tr\/gadgetlar-tr\/ecr-lw300-vpn-yoenlendirici\/\",\"url\":\"https:\/\/alegerglobal.com\/tr\/shop-tr\/gadgetlar-tr\/ecr-lw300-vpn-yoenlendirici\/\",\"name\":\"ECR-LW300 VPN Y\u00f6nlendirici Sat\u0131n Al\u0131n (2022) ALEGER \u22c6 Augmented Reality\",\"isPartOf\":{\"@id\":\"https:\/\/alegerglobal.com\/tr\/#website\"},\"primaryImageOfPage\":{\"@id\":\"https:\/\/alegerglobal.com\/tr\/shop-tr\/gadgetlar-tr\/ecr-lw300-vpn-yoenlendirici\/#primaryimage\"},\"image\":{\"@id\":\"https:\/\/alegerglobal.com\/tr\/shop-tr\/gadgetlar-tr\/ecr-lw300-vpn-yoenlendirici\/#primaryimage\"},\"thumbnailUrl\":\"https:\/\/alegerglobal.com\/wp-content\/uploads\/2020\/01\/Unbenannt.jpg\",\"datePublished\":\"2024-06-03T11:51:56+00:00\",\"dateModified\":\"2024-06-03T11:51:56+00:00\",\"description\":\"ECR-LW300 VPN y\u00f6nlendirici dijital altyap\u0131ya hem bir eri\u015fim noktas\u0131 hem de bir istemci olarak entegre edilebilir\",\"breadcrumb\":{\"@id\":\"https:\/\/alegerglobal.com\/tr\/shop-tr\/gadgetlar-tr\/ecr-lw300-vpn-yoenlendirici\/#breadcrumb\"},\"inLanguage\":\"tr\",\"potentialAction\":[{\"@type\":\"ReadAction\",\"target\":[\"https:\/\/alegerglobal.com\/tr\/shop-tr\/gadgetlar-tr\/ecr-lw300-vpn-yoenlendirici\/\"]}]},{\"@type\":\"ImageObject\",\"inLanguage\":\"tr\",\"@id\":\"https:\/\/alegerglobal.com\/tr\/shop-tr\/gadgetlar-tr\/ecr-lw300-vpn-yoenlendirici\/#primaryimage\",\"url\":\"https:\/\/alegerglobal.com\/wp-content\/uploads\/2020\/01\/Unbenannt.jpg\",\"contentUrl\":\"https:\/\/alegerglobal.com\/wp-content\/uploads\/2020\/01\/Unbenannt.jpg\",\"width\":800,\"height\":800},{\"@type\":\"BreadcrumbList\",\"@id\":\"https:\/\/alegerglobal.com\/tr\/shop-tr\/gadgetlar-tr\/ecr-lw300-vpn-yoenlendirici\/#breadcrumb\",\"itemListElement\":[{\"@type\":\"ListItem\",\"position\":1,\"name\":\"Home\",\"item\":\"https:\/\/alegerglobal.com\/tr\/yeni-anasayfa\/\"},{\"@type\":\"ListItem\",\"position\":2,\"name\":\"\u00dcr\u00fcnler\",\"item\":\"https:\/\/alegerglobal.com\/tr\/ueruenler\/\"},{\"@type\":\"ListItem\",\"position\":3,\"name\":\"ECR-LW300 VPN y\u00f6nlendirici, LTE, WLAN, GSM, UMTS, \u00e7ift sim\"}]},{\"@type\":\"WebSite\",\"@id\":\"https:\/\/alegerglobal.com\/tr\/#website\",\"url\":\"https:\/\/alegerglobal.com\/tr\/\",\"name\":\"ALEGER \u22c6 Augmented Reality\",\"description\":\"Die besten Augmented Reality (AR) L\u00f6sungen der Welt.\",\"publisher\":{\"@id\":\"https:\/\/alegerglobal.com\/tr\/#organization\"},\"potentialAction\":[{\"@type\":\"SearchAction\",\"target\":{\"@type\":\"EntryPoint\",\"urlTemplate\":\"https:\/\/alegerglobal.com\/tr\/?s={search_term_string}\"},\"query-input\":{\"@type\":\"PropertyValueSpecification\",\"valueRequired\":true,\"valueName\":\"search_term_string\"}}],\"inLanguage\":\"tr\"},{\"@type\":\"Organization\",\"@id\":\"https:\/\/alegerglobal.com\/tr\/#organization\",\"name\":\"ALEGER \u22c6 Augmented Reality\",\"url\":\"https:\/\/alegerglobal.com\/tr\/\",\"logo\":{\"@type\":\"ImageObject\",\"inLanguage\":\"tr\",\"@id\":\"https:\/\/alegerglobal.com\/tr\/#\/schema\/logo\/image\/\",\"url\":\"https:\/\/alegerglobal.com\/wp-content\/uploads\/2020\/12\/aleger-logo-quadrat.jpg\",\"contentUrl\":\"https:\/\/alegerglobal.com\/wp-content\/uploads\/2020\/12\/aleger-logo-quadrat.jpg\",\"width\":200,\"height\":176,\"caption\":\"ALEGER \u22c6 Augmented Reality\"},\"image\":{\"@id\":\"https:\/\/alegerglobal.com\/tr\/#\/schema\/logo\/image\/\"}}]}<\/script>\n<meta property=\"product:brand\" content=\"INSYS icom\" \/>\n<meta property=\"product:price:amount\" content=\"0.00\" \/>\n<meta property=\"product:price:currency\" content=\"EUR\" \/>\n<meta property=\"og:availability\" content=\"instock\" \/>\n<meta property=\"product:availability\" content=\"instock\" \/>\n<meta property=\"product:condition\" content=\"new\" \/>\n<!-- \/ Yoast SEO Premium plugin. -->","yoast_head_json":{"title":"ECR-LW300 VPN Y\u00f6nlendirici Sat\u0131n Al\u0131n (2022) ALEGER \u22c6 Augmented Reality","description":"ECR-LW300 VPN y\u00f6nlendirici dijital altyap\u0131ya hem bir eri\u015fim noktas\u0131 hem de bir istemci olarak entegre edilebilir","robots":{"index":"index","follow":"follow","max-snippet":"max-snippet:-1","max-image-preview":"max-image-preview:large","max-video-preview":"max-video-preview:-1"},"og_locale":"tr_TR","og_type":"article","og_title":"ECR-LW300 VPN y\u00f6nlendirici, LTE, WLAN, GSM, UMTS, \u00e7ift sim","og_description":"ECR-LW300 VPN y\u00f6nlendirici dijital altyap\u0131ya hem bir eri\u015fim noktas\u0131 hem de bir istemci olarak entegre edilebilir","og_url":"https:\/\/alegerglobal.com\/tr\/shop-tr\/gadgetlar-tr\/ecr-lw300-vpn-yoenlendirici\/","og_site_name":"ALEGER \u22c6 Augmented Reality","og_image":[{"width":800,"height":800,"url":"https:\/\/alegerglobal.com\/wp-content\/uploads\/2020\/01\/Unbenannt.jpg","type":"image\/jpeg"}],"twitter_card":"summary_large_image","twitter_misc":{"Fiyat":"","Durumu":"Stokta var"},"schema":{"@context":"https:\/\/schema.org","@graph":[{"@type":"WebPage","@id":"https:\/\/alegerglobal.com\/tr\/shop-tr\/gadgetlar-tr\/ecr-lw300-vpn-yoenlendirici\/","url":"https:\/\/alegerglobal.com\/tr\/shop-tr\/gadgetlar-tr\/ecr-lw300-vpn-yoenlendirici\/","name":"ECR-LW300 VPN Y\u00f6nlendirici Sat\u0131n Al\u0131n (2022) ALEGER \u22c6 Augmented Reality","isPartOf":{"@id":"https:\/\/alegerglobal.com\/tr\/#website"},"primaryImageOfPage":{"@id":"https:\/\/alegerglobal.com\/tr\/shop-tr\/gadgetlar-tr\/ecr-lw300-vpn-yoenlendirici\/#primaryimage"},"image":{"@id":"https:\/\/alegerglobal.com\/tr\/shop-tr\/gadgetlar-tr\/ecr-lw300-vpn-yoenlendirici\/#primaryimage"},"thumbnailUrl":"https:\/\/alegerglobal.com\/wp-content\/uploads\/2020\/01\/Unbenannt.jpg","datePublished":"2024-06-03T11:51:56+00:00","dateModified":"2024-06-03T11:51:56+00:00","description":"ECR-LW300 VPN y\u00f6nlendirici dijital altyap\u0131ya hem bir eri\u015fim noktas\u0131 hem de bir istemci olarak entegre edilebilir","breadcrumb":{"@id":"https:\/\/alegerglobal.com\/tr\/shop-tr\/gadgetlar-tr\/ecr-lw300-vpn-yoenlendirici\/#breadcrumb"},"inLanguage":"tr","potentialAction":[{"@type":"ReadAction","target":["https:\/\/alegerglobal.com\/tr\/shop-tr\/gadgetlar-tr\/ecr-lw300-vpn-yoenlendirici\/"]}]},{"@type":"ImageObject","inLanguage":"tr","@id":"https:\/\/alegerglobal.com\/tr\/shop-tr\/gadgetlar-tr\/ecr-lw300-vpn-yoenlendirici\/#primaryimage","url":"https:\/\/alegerglobal.com\/wp-content\/uploads\/2020\/01\/Unbenannt.jpg","contentUrl":"https:\/\/alegerglobal.com\/wp-content\/uploads\/2020\/01\/Unbenannt.jpg","width":800,"height":800},{"@type":"BreadcrumbList","@id":"https:\/\/alegerglobal.com\/tr\/shop-tr\/gadgetlar-tr\/ecr-lw300-vpn-yoenlendirici\/#breadcrumb","itemListElement":[{"@type":"ListItem","position":1,"name":"Home","item":"https:\/\/alegerglobal.com\/tr\/yeni-anasayfa\/"},{"@type":"ListItem","position":2,"name":"\u00dcr\u00fcnler","item":"https:\/\/alegerglobal.com\/tr\/ueruenler\/"},{"@type":"ListItem","position":3,"name":"ECR-LW300 VPN y\u00f6nlendirici, LTE, WLAN, GSM, UMTS, \u00e7ift sim"}]},{"@type":"WebSite","@id":"https:\/\/alegerglobal.com\/tr\/#website","url":"https:\/\/alegerglobal.com\/tr\/","name":"ALEGER \u22c6 Augmented Reality","description":"Die besten Augmented Reality (AR) L\u00f6sungen der Welt.","publisher":{"@id":"https:\/\/alegerglobal.com\/tr\/#organization"},"potentialAction":[{"@type":"SearchAction","target":{"@type":"EntryPoint","urlTemplate":"https:\/\/alegerglobal.com\/tr\/?s={search_term_string}"},"query-input":{"@type":"PropertyValueSpecification","valueRequired":true,"valueName":"search_term_string"}}],"inLanguage":"tr"},{"@type":"Organization","@id":"https:\/\/alegerglobal.com\/tr\/#organization","name":"ALEGER \u22c6 Augmented Reality","url":"https:\/\/alegerglobal.com\/tr\/","logo":{"@type":"ImageObject","inLanguage":"tr","@id":"https:\/\/alegerglobal.com\/tr\/#\/schema\/logo\/image\/","url":"https:\/\/alegerglobal.com\/wp-content\/uploads\/2020\/12\/aleger-logo-quadrat.jpg","contentUrl":"https:\/\/alegerglobal.com\/wp-content\/uploads\/2020\/12\/aleger-logo-quadrat.jpg","width":200,"height":176,"caption":"ALEGER \u22c6 Augmented Reality"},"image":{"@id":"https:\/\/alegerglobal.com\/tr\/#\/schema\/logo\/image\/"}}]},"product_brand":"INSYS icom","product_price_amount":"0.00","product_price_currency":"EUR","og_availability":"instock","product_availability":"instock","product_condition":"new"},"_links":{"self":[{"href":"https:\/\/alegerglobal.com\/tr\/wp-json\/wp\/v2\/product\/39559","targetHints":{"allow":["GET"]}}],"collection":[{"href":"https:\/\/alegerglobal.com\/tr\/wp-json\/wp\/v2\/product"}],"about":[{"href":"https:\/\/alegerglobal.com\/tr\/wp-json\/wp\/v2\/types\/product"}],"replies":[{"embeddable":true,"href":"https:\/\/alegerglobal.com\/tr\/wp-json\/wp\/v2\/comments?post=39559"}],"version-history":[{"count":0,"href":"https:\/\/alegerglobal.com\/tr\/wp-json\/wp\/v2\/product\/39559\/revisions"}],"wp:featuredmedia":[{"embeddable":true,"href":"https:\/\/alegerglobal.com\/tr\/wp-json\/wp\/v2\/media\/39564"}],"wp:attachment":[{"href":"https:\/\/alegerglobal.com\/tr\/wp-json\/wp\/v2\/media?parent=39559"}],"wp:term":[{"taxonomy":"product_brand","embeddable":true,"href":"https:\/\/alegerglobal.com\/tr\/wp-json\/wp\/v2\/product_brand?post=39559"},{"taxonomy":"product_cat","embeddable":true,"href":"https:\/\/alegerglobal.com\/tr\/wp-json\/wp\/v2\/product_cat?post=39559"},{"taxonomy":"product_tag","embeddable":true,"href":"https:\/\/alegerglobal.com\/tr\/wp-json\/wp\/v2\/product_tag?post=39559"}],"curies":[{"name":"wp","href":"https:\/\/api.w.org\/{rel}","templated":true}]}}