{"id":39554,"date":"2020-01-12T05:42:14","date_gmt":"2024-06-03T11:51:53","guid":{"rendered":"https:\/\/alegerglobal.com\/kategorilenmemis\/bo-ic400-kontroloer-displayport-usb-c-gps-kamera\/"},"modified":"2026-02-17T13:24:14","modified_gmt":"2026-02-17T12:24:14","slug":"epson-moverio-bo-ic400","status":"publish","type":"product","link":"https:\/\/alegerglobal.com\/tr\/shop-tr\/aksesuarlar\/epson-moverio-bo-ic400\/","title":{"rendered":"BO-IC400 kontrol\u00f6r, DisplayPort, USB-C, GPS, kamera"},"content":{"rendered":"","protected":false},"excerpt":{"rendered":"<ul>\n<li aria-level=\"1\"><b>Epson Moverio Ak\u0131ll\u0131 G\u00f6zl\u00fck ile uyumlu<\/b><\/li>\n<li aria-level=\"1\"><b>Esnek ba\u011flant\u0131 se\u00e7enekleri:<\/b><span style=\"font-weight: 400;\"> USB-C, Bluetooth ve Wifi \u00fczerinden ba\u011flant\u0131<\/span><\/li>\n<li aria-level=\"1\"><b>Geli\u015ftirme platformu: <\/b><span style=\"font-weight: 400;\">Zorlu uygulamalar i\u00e7in g\u00fc\u00e7l\u00fc sens\u00f6rler ve XR1 i\u015flemci<\/span><\/li>\n<li aria-level=\"1\"><b>Sezgisel kullan\u0131m: <\/b><span style=\"font-weight: 400;\">\u00d6zelle\u015ftirilmi\u015f uygulamalar i\u00e7in dokunmatik y\u00fczey ve programlanabilir d\u00fc\u011fmeler<\/span><\/li>\n<li aria-level=\"1\"><b>Entegre kamera: <\/b><span style=\"font-weight: 400;\">Otomatik odaklamal\u0131 ve fla\u015fl\u0131 kamera, sahnenin h\u0131zl\u0131 bir \u015fekilde \u00e7ekilmesini sa\u011flar<\/span><\/li>\n<\/ul>\n<p>&nbsp;<\/p>\n","protected":false},"featured_media":39556,"comment_status":"open","ping_status":"closed","template":"","meta":{"_acf_changed":false},"product_brand":[],"product_cat":[2362],"product_tag":[],"class_list":{"0":"post-39554","1":"product","2":"type-product","3":"status-publish","4":"has-post-thumbnail","6":"product_cat-aksesuarlar","7":"pa_hersteller-epson-tr","9":"first","10":"instock","11":"taxable","12":"shipping-taxable","13":"product-type-simple"},"acf":[],"yoast_head":"<!-- This site is optimized with the Yoast SEO Premium plugin v20.10 (Yoast SEO v24.3) - https:\/\/yoast.com\/wordpress\/plugins\/seo\/ -->\n<title>BO-IC400 Denetleyici (2022) ALEGER \u22c6 Augmented Reality sat\u0131n al\u0131n<\/title>\n<meta name=\"description\" content=\"BO-IC400, g\u00fc\u00e7l\u00fc bir kontrol \u00fcnitesine sahip Epson Moverio Ak\u0131ll\u0131 G\u00f6zl\u00fckler i\u00e7in geli\u015ftirilmi\u015f bir kontrol cihaz\u0131d\u0131r\" \/>\n<meta name=\"robots\" content=\"index, follow, max-snippet:-1, max-image-preview:large, max-video-preview:-1\" \/>\n<meta property=\"og:locale\" content=\"tr_TR\" \/>\n<meta property=\"og:type\" content=\"article\" \/>\n<meta property=\"og:title\" content=\"BO-IC400 kontrol\u00f6r, DisplayPort, USB-C, GPS, kamera\" \/>\n<meta property=\"og:description\" content=\"BO-IC400, g\u00fc\u00e7l\u00fc bir kontrol \u00fcnitesine sahip Epson Moverio Ak\u0131ll\u0131 G\u00f6zl\u00fckler i\u00e7in geli\u015ftirilmi\u015f bir kontrol cihaz\u0131d\u0131r\" \/>\n<meta property=\"og:url\" content=\"https:\/\/alegerglobal.com\/tr\/shop-tr\/aksesuarlar\/epson-moverio-bo-ic400\/\" \/>\n<meta property=\"og:site_name\" content=\"ALEGER \u22c6 Augmented Reality\" \/>\n<meta property=\"article:modified_time\" content=\"2026-02-17T12:24:14+00:00\" \/>\n<meta property=\"og:image\" content=\"https:\/\/alegerglobal.com\/wp-content\/uploads\/2020\/01\/Unbenannt-23.jpg\" \/>\n\t<meta property=\"og:image:width\" content=\"800\" \/>\n\t<meta property=\"og:image:height\" content=\"800\" \/>\n\t<meta property=\"og:image:type\" content=\"image\/jpeg\" \/>\n<meta name=\"twitter:card\" content=\"summary_large_image\" \/>\n<meta name=\"twitter:label1\" content=\"Fiyat\" \/>\n\t<meta name=\"twitter:data1\" content=\"\" \/>\n\t<meta name=\"twitter:label2\" content=\"Durumu\" \/>\n\t<meta name=\"twitter:data2\" content=\"Stokta var\" \/>\n<script type=\"application\/ld+json\" class=\"yoast-schema-graph\">{\"@context\":\"https:\/\/schema.org\",\"@graph\":[{\"@type\":\"WebPage\",\"@id\":\"https:\/\/alegerglobal.com\/tr\/shop-tr\/aksesuarlar\/epson-moverio-bo-ic400\/\",\"url\":\"https:\/\/alegerglobal.com\/tr\/shop-tr\/aksesuarlar\/epson-moverio-bo-ic400\/\",\"name\":\"BO-IC400 Denetleyici (2022) ALEGER \u22c6 Augmented Reality sat\u0131n al\u0131n\",\"isPartOf\":{\"@id\":\"https:\/\/alegerglobal.com\/tr\/#website\"},\"primaryImageOfPage\":{\"@id\":\"https:\/\/alegerglobal.com\/tr\/shop-tr\/aksesuarlar\/epson-moverio-bo-ic400\/#primaryimage\"},\"image\":{\"@id\":\"https:\/\/alegerglobal.com\/tr\/shop-tr\/aksesuarlar\/epson-moverio-bo-ic400\/#primaryimage\"},\"thumbnailUrl\":\"https:\/\/alegerglobal.com\/wp-content\/uploads\/2020\/01\/Unbenannt-23.jpg\",\"datePublished\":\"2024-06-03T11:51:53+00:00\",\"dateModified\":\"2026-02-17T12:24:14+00:00\",\"description\":\"BO-IC400, g\u00fc\u00e7l\u00fc bir kontrol \u00fcnitesine sahip Epson Moverio Ak\u0131ll\u0131 G\u00f6zl\u00fckler i\u00e7in geli\u015ftirilmi\u015f bir kontrol cihaz\u0131d\u0131r\",\"breadcrumb\":{\"@id\":\"https:\/\/alegerglobal.com\/tr\/shop-tr\/aksesuarlar\/epson-moverio-bo-ic400\/#breadcrumb\"},\"inLanguage\":\"tr\",\"potentialAction\":[{\"@type\":\"ReadAction\",\"target\":[\"https:\/\/alegerglobal.com\/tr\/shop-tr\/aksesuarlar\/epson-moverio-bo-ic400\/\"]}]},{\"@type\":\"ImageObject\",\"inLanguage\":\"tr\",\"@id\":\"https:\/\/alegerglobal.com\/tr\/shop-tr\/aksesuarlar\/epson-moverio-bo-ic400\/#primaryimage\",\"url\":\"https:\/\/alegerglobal.com\/wp-content\/uploads\/2020\/01\/Unbenannt-23.jpg\",\"contentUrl\":\"https:\/\/alegerglobal.com\/wp-content\/uploads\/2020\/01\/Unbenannt-23.jpg\",\"width\":800,\"height\":800},{\"@type\":\"BreadcrumbList\",\"@id\":\"https:\/\/alegerglobal.com\/tr\/shop-tr\/aksesuarlar\/epson-moverio-bo-ic400\/#breadcrumb\",\"itemListElement\":[{\"@type\":\"ListItem\",\"position\":1,\"name\":\"Home\",\"item\":\"https:\/\/alegerglobal.com\/tr\/yeni-anasayfa\/\"},{\"@type\":\"ListItem\",\"position\":2,\"name\":\"\u00dcr\u00fcnler\",\"item\":\"https:\/\/alegerglobal.com\/tr\/ueruenler\/\"},{\"@type\":\"ListItem\",\"position\":3,\"name\":\"BO-IC400 kontrol\u00f6r, DisplayPort, USB-C, GPS, kamera\"}]},{\"@type\":\"WebSite\",\"@id\":\"https:\/\/alegerglobal.com\/tr\/#website\",\"url\":\"https:\/\/alegerglobal.com\/tr\/\",\"name\":\"ALEGER \u22c6 Augmented Reality\",\"description\":\"Die besten Augmented Reality (AR) L\u00f6sungen der Welt.\",\"publisher\":{\"@id\":\"https:\/\/alegerglobal.com\/tr\/#organization\"},\"potentialAction\":[{\"@type\":\"SearchAction\",\"target\":{\"@type\":\"EntryPoint\",\"urlTemplate\":\"https:\/\/alegerglobal.com\/tr\/?s={search_term_string}\"},\"query-input\":{\"@type\":\"PropertyValueSpecification\",\"valueRequired\":true,\"valueName\":\"search_term_string\"}}],\"inLanguage\":\"tr\"},{\"@type\":\"Organization\",\"@id\":\"https:\/\/alegerglobal.com\/tr\/#organization\",\"name\":\"ALEGER \u22c6 Augmented Reality\",\"url\":\"https:\/\/alegerglobal.com\/tr\/\",\"logo\":{\"@type\":\"ImageObject\",\"inLanguage\":\"tr\",\"@id\":\"https:\/\/alegerglobal.com\/tr\/#\/schema\/logo\/image\/\",\"url\":\"https:\/\/alegerglobal.com\/wp-content\/uploads\/2020\/12\/aleger-logo-quadrat.jpg\",\"contentUrl\":\"https:\/\/alegerglobal.com\/wp-content\/uploads\/2020\/12\/aleger-logo-quadrat.jpg\",\"width\":200,\"height\":176,\"caption\":\"ALEGER \u22c6 Augmented Reality\"},\"image\":{\"@id\":\"https:\/\/alegerglobal.com\/tr\/#\/schema\/logo\/image\/\"}}]}<\/script>\n<meta property=\"product:brand\" content=\"Epson\" \/>\n<meta property=\"product:price:amount\" content=\"0.00\" \/>\n<meta property=\"product:price:currency\" content=\"EUR\" \/>\n<meta property=\"og:availability\" content=\"instock\" \/>\n<meta property=\"product:availability\" content=\"instock\" \/>\n<meta property=\"product:condition\" content=\"new\" \/>\n<!-- \/ Yoast SEO Premium plugin. -->","yoast_head_json":{"title":"BO-IC400 Denetleyici (2022) ALEGER \u22c6 Augmented Reality sat\u0131n al\u0131n","description":"BO-IC400, g\u00fc\u00e7l\u00fc bir kontrol \u00fcnitesine sahip Epson Moverio Ak\u0131ll\u0131 G\u00f6zl\u00fckler i\u00e7in geli\u015ftirilmi\u015f bir kontrol cihaz\u0131d\u0131r","robots":{"index":"index","follow":"follow","max-snippet":"max-snippet:-1","max-image-preview":"max-image-preview:large","max-video-preview":"max-video-preview:-1"},"og_locale":"tr_TR","og_type":"article","og_title":"BO-IC400 kontrol\u00f6r, DisplayPort, USB-C, GPS, kamera","og_description":"BO-IC400, g\u00fc\u00e7l\u00fc bir kontrol \u00fcnitesine sahip Epson Moverio Ak\u0131ll\u0131 G\u00f6zl\u00fckler i\u00e7in geli\u015ftirilmi\u015f bir kontrol cihaz\u0131d\u0131r","og_url":"https:\/\/alegerglobal.com\/tr\/shop-tr\/aksesuarlar\/epson-moverio-bo-ic400\/","og_site_name":"ALEGER \u22c6 Augmented Reality","article_modified_time":"2026-02-17T12:24:14+00:00","og_image":[{"width":800,"height":800,"url":"https:\/\/alegerglobal.com\/wp-content\/uploads\/2020\/01\/Unbenannt-23.jpg","type":"image\/jpeg"}],"twitter_card":"summary_large_image","twitter_misc":{"Fiyat":"","Durumu":"Stokta var"},"schema":{"@context":"https:\/\/schema.org","@graph":[{"@type":"WebPage","@id":"https:\/\/alegerglobal.com\/tr\/shop-tr\/aksesuarlar\/epson-moverio-bo-ic400\/","url":"https:\/\/alegerglobal.com\/tr\/shop-tr\/aksesuarlar\/epson-moverio-bo-ic400\/","name":"BO-IC400 Denetleyici (2022) ALEGER \u22c6 Augmented Reality sat\u0131n al\u0131n","isPartOf":{"@id":"https:\/\/alegerglobal.com\/tr\/#website"},"primaryImageOfPage":{"@id":"https:\/\/alegerglobal.com\/tr\/shop-tr\/aksesuarlar\/epson-moverio-bo-ic400\/#primaryimage"},"image":{"@id":"https:\/\/alegerglobal.com\/tr\/shop-tr\/aksesuarlar\/epson-moverio-bo-ic400\/#primaryimage"},"thumbnailUrl":"https:\/\/alegerglobal.com\/wp-content\/uploads\/2020\/01\/Unbenannt-23.jpg","datePublished":"2024-06-03T11:51:53+00:00","dateModified":"2026-02-17T12:24:14+00:00","description":"BO-IC400, g\u00fc\u00e7l\u00fc bir kontrol \u00fcnitesine sahip Epson Moverio Ak\u0131ll\u0131 G\u00f6zl\u00fckler i\u00e7in geli\u015ftirilmi\u015f bir kontrol cihaz\u0131d\u0131r","breadcrumb":{"@id":"https:\/\/alegerglobal.com\/tr\/shop-tr\/aksesuarlar\/epson-moverio-bo-ic400\/#breadcrumb"},"inLanguage":"tr","potentialAction":[{"@type":"ReadAction","target":["https:\/\/alegerglobal.com\/tr\/shop-tr\/aksesuarlar\/epson-moverio-bo-ic400\/"]}]},{"@type":"ImageObject","inLanguage":"tr","@id":"https:\/\/alegerglobal.com\/tr\/shop-tr\/aksesuarlar\/epson-moverio-bo-ic400\/#primaryimage","url":"https:\/\/alegerglobal.com\/wp-content\/uploads\/2020\/01\/Unbenannt-23.jpg","contentUrl":"https:\/\/alegerglobal.com\/wp-content\/uploads\/2020\/01\/Unbenannt-23.jpg","width":800,"height":800},{"@type":"BreadcrumbList","@id":"https:\/\/alegerglobal.com\/tr\/shop-tr\/aksesuarlar\/epson-moverio-bo-ic400\/#breadcrumb","itemListElement":[{"@type":"ListItem","position":1,"name":"Home","item":"https:\/\/alegerglobal.com\/tr\/yeni-anasayfa\/"},{"@type":"ListItem","position":2,"name":"\u00dcr\u00fcnler","item":"https:\/\/alegerglobal.com\/tr\/ueruenler\/"},{"@type":"ListItem","position":3,"name":"BO-IC400 kontrol\u00f6r, DisplayPort, USB-C, GPS, kamera"}]},{"@type":"WebSite","@id":"https:\/\/alegerglobal.com\/tr\/#website","url":"https:\/\/alegerglobal.com\/tr\/","name":"ALEGER \u22c6 Augmented Reality","description":"Die besten Augmented Reality (AR) L\u00f6sungen der Welt.","publisher":{"@id":"https:\/\/alegerglobal.com\/tr\/#organization"},"potentialAction":[{"@type":"SearchAction","target":{"@type":"EntryPoint","urlTemplate":"https:\/\/alegerglobal.com\/tr\/?s={search_term_string}"},"query-input":{"@type":"PropertyValueSpecification","valueRequired":true,"valueName":"search_term_string"}}],"inLanguage":"tr"},{"@type":"Organization","@id":"https:\/\/alegerglobal.com\/tr\/#organization","name":"ALEGER \u22c6 Augmented Reality","url":"https:\/\/alegerglobal.com\/tr\/","logo":{"@type":"ImageObject","inLanguage":"tr","@id":"https:\/\/alegerglobal.com\/tr\/#\/schema\/logo\/image\/","url":"https:\/\/alegerglobal.com\/wp-content\/uploads\/2020\/12\/aleger-logo-quadrat.jpg","contentUrl":"https:\/\/alegerglobal.com\/wp-content\/uploads\/2020\/12\/aleger-logo-quadrat.jpg","width":200,"height":176,"caption":"ALEGER \u22c6 Augmented Reality"},"image":{"@id":"https:\/\/alegerglobal.com\/tr\/#\/schema\/logo\/image\/"}}]},"product_brand":"Epson","product_price_amount":"0.00","product_price_currency":"EUR","og_availability":"instock","product_availability":"instock","product_condition":"new"},"_links":{"self":[{"href":"https:\/\/alegerglobal.com\/tr\/wp-json\/wp\/v2\/product\/39554","targetHints":{"allow":["GET"]}}],"collection":[{"href":"https:\/\/alegerglobal.com\/tr\/wp-json\/wp\/v2\/product"}],"about":[{"href":"https:\/\/alegerglobal.com\/tr\/wp-json\/wp\/v2\/types\/product"}],"replies":[{"embeddable":true,"href":"https:\/\/alegerglobal.com\/tr\/wp-json\/wp\/v2\/comments?post=39554"}],"version-history":[{"count":1,"href":"https:\/\/alegerglobal.com\/tr\/wp-json\/wp\/v2\/product\/39554\/revisions"}],"predecessor-version":[{"id":52501,"href":"https:\/\/alegerglobal.com\/tr\/wp-json\/wp\/v2\/product\/39554\/revisions\/52501"}],"wp:featuredmedia":[{"embeddable":true,"href":"https:\/\/alegerglobal.com\/tr\/wp-json\/wp\/v2\/media\/39556"}],"wp:attachment":[{"href":"https:\/\/alegerglobal.com\/tr\/wp-json\/wp\/v2\/media?parent=39554"}],"wp:term":[{"taxonomy":"product_brand","embeddable":true,"href":"https:\/\/alegerglobal.com\/tr\/wp-json\/wp\/v2\/product_brand?post=39554"},{"taxonomy":"product_cat","embeddable":true,"href":"https:\/\/alegerglobal.com\/tr\/wp-json\/wp\/v2\/product_cat?post=39554"},{"taxonomy":"product_tag","embeddable":true,"href":"https:\/\/alegerglobal.com\/tr\/wp-json\/wp\/v2\/product_tag?post=39554"}],"curies":[{"name":"wp","href":"https:\/\/api.w.org\/{rel}","templated":true}]}}