{"id":39553,"date":"2020-01-15T05:00:26","date_gmt":"2024-06-03T11:51:52","guid":{"rendered":"https:\/\/alegerglobal.com\/kategorilenmemis\/llvision-glxss-se-android-icin-kablosuz-akilli-goezluek-13-mp-1080p-oled-ai\/"},"modified":"2024-06-03T12:51:52","modified_gmt":"2024-06-03T11:51:52","slug":"llvision-glxss-se","status":"publish","type":"product","link":"https:\/\/alegerglobal.com\/tr\/shop-tr\/akilli-goezluekler\/llvision-glxss-se\/","title":{"rendered":"LLVision GLXSS SE, Android i\u00e7in kablosuz ak\u0131ll\u0131 g\u00f6zl\u00fck, 13 MP, 1080p, OLED, AI"},"content":{"rendered":"","protected":false},"excerpt":{"rendered":"<ul>\n<li><b>Sa\u011flam ak\u0131ll\u0131 g\u00f6zl\u00fck: <\/b><span style=\"font-weight: 400;\">IP67&#8217;ye g\u00f6re toz ve su ge\u00e7irmezlik <\/span> <\/li>\n<li><b>Modern ekran:<\/b><span style=\"font-weight: 400;\"> 20 derece g\u00f6r\u00fc\u015f alan\u0131na sahip ekran, 640&#215;400 piksel \u00e7\u00f6z\u00fcn\u00fcrl\u00fck, 100000:1 kontrast<\/span><\/li>\n<li aria-level=\"1\"><b>Yapay zeka \u00e7ipi: <\/b><span style=\"font-weight: 400;\">Yapay zeka odakl\u0131 uygulamalar i\u00e7in Intel Myriad i\u015flemci ve 512 MB RAM<\/span><\/li>\n<li aria-level=\"1\"><b>Keskin g\u00f6r\u00fcnt\u00fcler ve kay\u0131tlar: <\/b><span style=\"font-weight: 400;\">13 MP foto\u011fraflar ve 1080p FULL HD videolar i\u00e7in kamera<\/span><\/li>\n<li aria-level=\"1\"><b>Eller serbest kontrol: <\/b><span style=\"font-weight: 400;\">Sens\u00f6rler eller serbest hareket kontrol\u00fcne izin verir <\/span> <\/li>\n<li aria-level=\"1\"><b>Yapay zeka \u00e7er\u00e7evesi:<\/b><span style=\"font-weight: 400;\"> Laffe&#8217;den Sinir A\u011f\u0131 Giri\u015fim \u00c7er\u00e7evesi Yapay Zekas\u0131na Aray\u00fcz<\/span><\/li>\n<li aria-level=\"1\"><b>Hafif ve kompakt:<\/b> \u00e7er\u00e7eve dahil sadece 45 g a\u011f\u0131rl\u0131\u011f\u0131nda<\/li>\n<\/ul>\n","protected":false},"featured_media":39557,"comment_status":"open","ping_status":"closed","template":"","meta":{"_acf_changed":false},"product_brand":[],"product_cat":[2317,2318],"product_tag":[],"class_list":{"0":"post-39553","1":"product","2":"type-product","3":"status-publish","4":"has-post-thumbnail","6":"product_cat-akilli-goezluekler","7":"product_cat-shop-tr","8":"pa_hersteller-llvision-tr","10":"first","11":"instock","12":"taxable","13":"shipping-taxable","14":"product-type-simple"},"acf":[],"yoast_head":"<!-- This site is optimized with the Yoast SEO Premium plugin v20.10 (Yoast SEO v24.3) - https:\/\/yoast.com\/wordpress\/plugins\/seo\/ -->\n<title>LLVision GLXSS SE (2022) - ALEGER \u22c6 Augmented Reality sat\u0131n al\u0131n<\/title>\n<meta name=\"description\" content=\"LLVision&#039;dan GLXSS SE, modern OLED ekrana ve entegre yapay zeka \u00e7ipine sahip g\u00fc\u00e7l\u00fc bir AR g\u00f6zl\u00fck \u00e7ifti\" \/>\n<meta name=\"robots\" content=\"index, follow, max-snippet:-1, max-image-preview:large, max-video-preview:-1\" \/>\n<meta property=\"og:locale\" content=\"tr_TR\" \/>\n<meta property=\"og:type\" content=\"article\" \/>\n<meta property=\"og:title\" content=\"LLVision GLXSS SE, Android i\u00e7in kablosuz ak\u0131ll\u0131 g\u00f6zl\u00fck, 13 MP, 1080p, OLED, AI\" \/>\n<meta property=\"og:description\" content=\"LLVision&#039;dan GLXSS SE, modern OLED ekrana ve entegre yapay zeka \u00e7ipine sahip g\u00fc\u00e7l\u00fc bir AR g\u00f6zl\u00fck \u00e7ifti\" \/>\n<meta property=\"og:url\" content=\"https:\/\/alegerglobal.com\/tr\/shop-tr\/akilli-goezluekler\/llvision-glxss-se\/\" \/>\n<meta property=\"og:site_name\" content=\"ALEGER \u22c6 Augmented Reality\" \/>\n<meta property=\"og:image\" content=\"https:\/\/alegerglobal.com\/wp-content\/uploads\/2020\/01\/Unbenannt-21.jpg\" \/>\n\t<meta property=\"og:image:width\" content=\"800\" \/>\n\t<meta property=\"og:image:height\" content=\"800\" \/>\n\t<meta property=\"og:image:type\" content=\"image\/jpeg\" \/>\n<meta name=\"twitter:card\" content=\"summary_large_image\" \/>\n<meta name=\"twitter:label1\" content=\"Fiyat\" \/>\n\t<meta name=\"twitter:data1\" content=\"\" \/>\n\t<meta name=\"twitter:label2\" content=\"Durumu\" \/>\n\t<meta name=\"twitter:data2\" content=\"Stokta var\" \/>\n<script type=\"application\/ld+json\" class=\"yoast-schema-graph\">{\"@context\":\"https:\/\/schema.org\",\"@graph\":[{\"@type\":\"WebPage\",\"@id\":\"https:\/\/alegerglobal.com\/tr\/shop-tr\/akilli-goezluekler\/llvision-glxss-se\/\",\"url\":\"https:\/\/alegerglobal.com\/tr\/shop-tr\/akilli-goezluekler\/llvision-glxss-se\/\",\"name\":\"LLVision GLXSS SE (2022) - ALEGER \u22c6 Augmented Reality sat\u0131n al\u0131n\",\"isPartOf\":{\"@id\":\"https:\/\/alegerglobal.com\/tr\/#website\"},\"primaryImageOfPage\":{\"@id\":\"https:\/\/alegerglobal.com\/tr\/shop-tr\/akilli-goezluekler\/llvision-glxss-se\/#primaryimage\"},\"image\":{\"@id\":\"https:\/\/alegerglobal.com\/tr\/shop-tr\/akilli-goezluekler\/llvision-glxss-se\/#primaryimage\"},\"thumbnailUrl\":\"https:\/\/alegerglobal.com\/wp-content\/uploads\/2020\/01\/Unbenannt-21.jpg\",\"datePublished\":\"2024-06-03T11:51:52+00:00\",\"dateModified\":\"2024-06-03T11:51:52+00:00\",\"description\":\"LLVision'dan GLXSS SE, modern OLED ekrana ve entegre yapay zeka \u00e7ipine sahip g\u00fc\u00e7l\u00fc bir AR g\u00f6zl\u00fck \u00e7ifti\",\"breadcrumb\":{\"@id\":\"https:\/\/alegerglobal.com\/tr\/shop-tr\/akilli-goezluekler\/llvision-glxss-se\/#breadcrumb\"},\"inLanguage\":\"tr\",\"potentialAction\":[{\"@type\":\"ReadAction\",\"target\":[\"https:\/\/alegerglobal.com\/tr\/shop-tr\/akilli-goezluekler\/llvision-glxss-se\/\"]}]},{\"@type\":\"ImageObject\",\"inLanguage\":\"tr\",\"@id\":\"https:\/\/alegerglobal.com\/tr\/shop-tr\/akilli-goezluekler\/llvision-glxss-se\/#primaryimage\",\"url\":\"https:\/\/alegerglobal.com\/wp-content\/uploads\/2020\/01\/Unbenannt-21.jpg\",\"contentUrl\":\"https:\/\/alegerglobal.com\/wp-content\/uploads\/2020\/01\/Unbenannt-21.jpg\",\"width\":800,\"height\":800},{\"@type\":\"BreadcrumbList\",\"@id\":\"https:\/\/alegerglobal.com\/tr\/shop-tr\/akilli-goezluekler\/llvision-glxss-se\/#breadcrumb\",\"itemListElement\":[{\"@type\":\"ListItem\",\"position\":1,\"name\":\"Home\",\"item\":\"https:\/\/alegerglobal.com\/tr\/yeni-anasayfa\/\"},{\"@type\":\"ListItem\",\"position\":2,\"name\":\"\u00dcr\u00fcnler\",\"item\":\"https:\/\/alegerglobal.com\/tr\/ueruenler\/\"},{\"@type\":\"ListItem\",\"position\":3,\"name\":\"LLVision GLXSS SE, Android i\u00e7in kablosuz ak\u0131ll\u0131 g\u00f6zl\u00fck, 13 MP, 1080p, OLED, AI\"}]},{\"@type\":\"WebSite\",\"@id\":\"https:\/\/alegerglobal.com\/tr\/#website\",\"url\":\"https:\/\/alegerglobal.com\/tr\/\",\"name\":\"ALEGER \u22c6 Augmented Reality\",\"description\":\"Die besten Augmented Reality (AR) L\u00f6sungen der Welt.\",\"publisher\":{\"@id\":\"https:\/\/alegerglobal.com\/tr\/#organization\"},\"potentialAction\":[{\"@type\":\"SearchAction\",\"target\":{\"@type\":\"EntryPoint\",\"urlTemplate\":\"https:\/\/alegerglobal.com\/tr\/?s={search_term_string}\"},\"query-input\":{\"@type\":\"PropertyValueSpecification\",\"valueRequired\":true,\"valueName\":\"search_term_string\"}}],\"inLanguage\":\"tr\"},{\"@type\":\"Organization\",\"@id\":\"https:\/\/alegerglobal.com\/tr\/#organization\",\"name\":\"ALEGER \u22c6 Augmented Reality\",\"url\":\"https:\/\/alegerglobal.com\/tr\/\",\"logo\":{\"@type\":\"ImageObject\",\"inLanguage\":\"tr\",\"@id\":\"https:\/\/alegerglobal.com\/tr\/#\/schema\/logo\/image\/\",\"url\":\"https:\/\/alegerglobal.com\/wp-content\/uploads\/2020\/12\/aleger-logo-quadrat.jpg\",\"contentUrl\":\"https:\/\/alegerglobal.com\/wp-content\/uploads\/2020\/12\/aleger-logo-quadrat.jpg\",\"width\":200,\"height\":176,\"caption\":\"ALEGER \u22c6 Augmented Reality\"},\"image\":{\"@id\":\"https:\/\/alegerglobal.com\/tr\/#\/schema\/logo\/image\/\"}}]}<\/script>\n<meta property=\"product:brand\" content=\"LLVision\" \/>\n<meta property=\"product:price:amount\" content=\"0.00\" \/>\n<meta property=\"product:price:currency\" content=\"EUR\" \/>\n<meta property=\"og:availability\" content=\"instock\" \/>\n<meta property=\"product:availability\" content=\"instock\" \/>\n<meta property=\"product:condition\" content=\"new\" \/>\n<!-- \/ Yoast SEO Premium plugin. -->","yoast_head_json":{"title":"LLVision GLXSS SE (2022) - ALEGER \u22c6 Augmented Reality sat\u0131n al\u0131n","description":"LLVision'dan GLXSS SE, modern OLED ekrana ve entegre yapay zeka \u00e7ipine sahip g\u00fc\u00e7l\u00fc bir AR g\u00f6zl\u00fck \u00e7ifti","robots":{"index":"index","follow":"follow","max-snippet":"max-snippet:-1","max-image-preview":"max-image-preview:large","max-video-preview":"max-video-preview:-1"},"og_locale":"tr_TR","og_type":"article","og_title":"LLVision GLXSS SE, Android i\u00e7in kablosuz ak\u0131ll\u0131 g\u00f6zl\u00fck, 13 MP, 1080p, OLED, AI","og_description":"LLVision'dan GLXSS SE, modern OLED ekrana ve entegre yapay zeka \u00e7ipine sahip g\u00fc\u00e7l\u00fc bir AR g\u00f6zl\u00fck \u00e7ifti","og_url":"https:\/\/alegerglobal.com\/tr\/shop-tr\/akilli-goezluekler\/llvision-glxss-se\/","og_site_name":"ALEGER \u22c6 Augmented Reality","og_image":[{"width":800,"height":800,"url":"https:\/\/alegerglobal.com\/wp-content\/uploads\/2020\/01\/Unbenannt-21.jpg","type":"image\/jpeg"}],"twitter_card":"summary_large_image","twitter_misc":{"Fiyat":"","Durumu":"Stokta var"},"schema":{"@context":"https:\/\/schema.org","@graph":[{"@type":"WebPage","@id":"https:\/\/alegerglobal.com\/tr\/shop-tr\/akilli-goezluekler\/llvision-glxss-se\/","url":"https:\/\/alegerglobal.com\/tr\/shop-tr\/akilli-goezluekler\/llvision-glxss-se\/","name":"LLVision GLXSS SE (2022) - ALEGER \u22c6 Augmented Reality sat\u0131n al\u0131n","isPartOf":{"@id":"https:\/\/alegerglobal.com\/tr\/#website"},"primaryImageOfPage":{"@id":"https:\/\/alegerglobal.com\/tr\/shop-tr\/akilli-goezluekler\/llvision-glxss-se\/#primaryimage"},"image":{"@id":"https:\/\/alegerglobal.com\/tr\/shop-tr\/akilli-goezluekler\/llvision-glxss-se\/#primaryimage"},"thumbnailUrl":"https:\/\/alegerglobal.com\/wp-content\/uploads\/2020\/01\/Unbenannt-21.jpg","datePublished":"2024-06-03T11:51:52+00:00","dateModified":"2024-06-03T11:51:52+00:00","description":"LLVision'dan GLXSS SE, modern OLED ekrana ve entegre yapay zeka \u00e7ipine sahip g\u00fc\u00e7l\u00fc bir AR g\u00f6zl\u00fck \u00e7ifti","breadcrumb":{"@id":"https:\/\/alegerglobal.com\/tr\/shop-tr\/akilli-goezluekler\/llvision-glxss-se\/#breadcrumb"},"inLanguage":"tr","potentialAction":[{"@type":"ReadAction","target":["https:\/\/alegerglobal.com\/tr\/shop-tr\/akilli-goezluekler\/llvision-glxss-se\/"]}]},{"@type":"ImageObject","inLanguage":"tr","@id":"https:\/\/alegerglobal.com\/tr\/shop-tr\/akilli-goezluekler\/llvision-glxss-se\/#primaryimage","url":"https:\/\/alegerglobal.com\/wp-content\/uploads\/2020\/01\/Unbenannt-21.jpg","contentUrl":"https:\/\/alegerglobal.com\/wp-content\/uploads\/2020\/01\/Unbenannt-21.jpg","width":800,"height":800},{"@type":"BreadcrumbList","@id":"https:\/\/alegerglobal.com\/tr\/shop-tr\/akilli-goezluekler\/llvision-glxss-se\/#breadcrumb","itemListElement":[{"@type":"ListItem","position":1,"name":"Home","item":"https:\/\/alegerglobal.com\/tr\/yeni-anasayfa\/"},{"@type":"ListItem","position":2,"name":"\u00dcr\u00fcnler","item":"https:\/\/alegerglobal.com\/tr\/ueruenler\/"},{"@type":"ListItem","position":3,"name":"LLVision GLXSS SE, Android i\u00e7in kablosuz ak\u0131ll\u0131 g\u00f6zl\u00fck, 13 MP, 1080p, OLED, AI"}]},{"@type":"WebSite","@id":"https:\/\/alegerglobal.com\/tr\/#website","url":"https:\/\/alegerglobal.com\/tr\/","name":"ALEGER \u22c6 Augmented Reality","description":"Die besten Augmented Reality (AR) L\u00f6sungen der Welt.","publisher":{"@id":"https:\/\/alegerglobal.com\/tr\/#organization"},"potentialAction":[{"@type":"SearchAction","target":{"@type":"EntryPoint","urlTemplate":"https:\/\/alegerglobal.com\/tr\/?s={search_term_string}"},"query-input":{"@type":"PropertyValueSpecification","valueRequired":true,"valueName":"search_term_string"}}],"inLanguage":"tr"},{"@type":"Organization","@id":"https:\/\/alegerglobal.com\/tr\/#organization","name":"ALEGER \u22c6 Augmented Reality","url":"https:\/\/alegerglobal.com\/tr\/","logo":{"@type":"ImageObject","inLanguage":"tr","@id":"https:\/\/alegerglobal.com\/tr\/#\/schema\/logo\/image\/","url":"https:\/\/alegerglobal.com\/wp-content\/uploads\/2020\/12\/aleger-logo-quadrat.jpg","contentUrl":"https:\/\/alegerglobal.com\/wp-content\/uploads\/2020\/12\/aleger-logo-quadrat.jpg","width":200,"height":176,"caption":"ALEGER \u22c6 Augmented Reality"},"image":{"@id":"https:\/\/alegerglobal.com\/tr\/#\/schema\/logo\/image\/"}}]},"product_brand":"LLVision","product_price_amount":"0.00","product_price_currency":"EUR","og_availability":"instock","product_availability":"instock","product_condition":"new"},"_links":{"self":[{"href":"https:\/\/alegerglobal.com\/tr\/wp-json\/wp\/v2\/product\/39553","targetHints":{"allow":["GET"]}}],"collection":[{"href":"https:\/\/alegerglobal.com\/tr\/wp-json\/wp\/v2\/product"}],"about":[{"href":"https:\/\/alegerglobal.com\/tr\/wp-json\/wp\/v2\/types\/product"}],"replies":[{"embeddable":true,"href":"https:\/\/alegerglobal.com\/tr\/wp-json\/wp\/v2\/comments?post=39553"}],"version-history":[{"count":0,"href":"https:\/\/alegerglobal.com\/tr\/wp-json\/wp\/v2\/product\/39553\/revisions"}],"wp:featuredmedia":[{"embeddable":true,"href":"https:\/\/alegerglobal.com\/tr\/wp-json\/wp\/v2\/media\/39557"}],"wp:attachment":[{"href":"https:\/\/alegerglobal.com\/tr\/wp-json\/wp\/v2\/media?parent=39553"}],"wp:term":[{"taxonomy":"product_brand","embeddable":true,"href":"https:\/\/alegerglobal.com\/tr\/wp-json\/wp\/v2\/product_brand?post=39553"},{"taxonomy":"product_cat","embeddable":true,"href":"https:\/\/alegerglobal.com\/tr\/wp-json\/wp\/v2\/product_cat?post=39553"},{"taxonomy":"product_tag","embeddable":true,"href":"https:\/\/alegerglobal.com\/tr\/wp-json\/wp\/v2\/product_tag?post=39553"}],"curies":[{"name":"wp","href":"https:\/\/api.w.org\/{rel}","templated":true}]}}