{"id":39543,"date":"2020-01-15T05:26:28","date_gmt":"2024-06-03T11:51:11","guid":{"rendered":"https:\/\/alegerglobal.com\/kategorilenmemis\/iristick-g2-pro-16-mp-kamera-60-fps-android-8-ve-ios-12-icin-barkod-tarayici-calisirken-degistirilebilir-pil\/"},"modified":"2024-06-03T12:51:11","modified_gmt":"2024-06-03T11:51:11","slug":"iristick-g2-pro","status":"publish","type":"product","link":"https:\/\/alegerglobal.com\/tr\/shop-tr\/akilli-goezluekler\/iristick-g2-pro\/","title":{"rendered":"Iristick.G2 PRO, 16 MP kamera, 60 FPS, Android 8 ve iOS 12 i\u00e7in, barkod taray\u0131c\u0131, \u00e7al\u0131\u015f\u0131rken de\u011fi\u015ftirilebilir pil"},"content":{"rendered":"","protected":false},"excerpt":{"rendered":"<ul>\n<li style=\"font-weight: 400;\" aria-level=\"1\"><b>Keskin g\u00f6r\u00fcnt\u00fcler:<\/b><span style=\"font-weight: 400;\"> 6x optik zoom \u00f6zellikli 16MP kamera ve 60 FPS ile 720p videolar<\/span><\/li>\n<li style=\"font-weight: 400;\" aria-level=\"1\"><b>Ekran: <\/b><span style=\"font-weight: 400;\">426&#215;260 WQVGA<\/span><\/li>\n<li style=\"font-weight: 400;\" aria-level=\"1\"><b>Uyumluluk:<\/b><span style=\"font-weight: 400;\"> iOS 12&#8217;den itibaren iPhone ve s\u00fcr\u00fcm 8&#8217;den itibaren Android ile kullan\u0131n<\/span><\/li>\n<li style=\"font-weight: 400;\" aria-level=\"1\"><b>Ba\u011flant\u0131:<\/b><span style=\"font-weight: 400;\"> USB-C kablosu ile ba\u011flant\u0131<\/span><\/li>\n<li style=\"font-weight: 400;\" aria-level=\"1\"><b>Vizyona g\u00f6re se\u00e7:<\/b><span style=\"font-weight: 400;\">  Div i\u00e7in barkod taray\u0131c\u0131. Entegre barkodlar<\/span><\/li>\n<li style=\"font-weight: 400;\" aria-level=\"1\"><b>Esnek kontrol: <\/b><span style=\"font-weight: 400;\">Cihaz farkl\u0131 dillerdeki komutlar kullan\u0131larak kontrol edilebilir<\/span><\/li>\n<\/ul>\n","protected":false},"featured_media":39546,"comment_status":"open","ping_status":"closed","template":"","meta":{"_acf_changed":false},"product_brand":[],"product_cat":[2317,2318],"product_tag":[],"class_list":{"0":"post-39543","1":"product","2":"type-product","3":"status-publish","4":"has-post-thumbnail","6":"product_cat-akilli-goezluekler","7":"product_cat-shop-tr","8":"pa_hersteller-iristick-tr","10":"first","11":"instock","12":"taxable","13":"shipping-taxable","14":"purchasable","15":"product-type-simple"},"acf":[],"yoast_head":"<!-- This site is optimized with the Yoast SEO Premium plugin v20.10 (Yoast SEO v24.3) - https:\/\/yoast.com\/wordpress\/plugins\/seo\/ -->\n<title>Iristick.G2 PRO (2022) - ALEGER \u22c6 Augmented Reality sat\u0131n al\u0131n<\/title>\n<meta name=\"description\" content=\"Iristick.G2 PRO AR g\u00f6zl\u00fckleri, etkili uzaktan i\u015fbirli\u011fi i\u00e7in temel olu\u015fturur ve b\u00f6ylece kaynak kullan\u0131m\u0131n\u0131 azalt\u0131r\" \/>\n<meta name=\"robots\" content=\"index, follow, max-snippet:-1, max-image-preview:large, max-video-preview:-1\" \/>\n<meta property=\"og:locale\" content=\"tr_TR\" \/>\n<meta property=\"og:type\" content=\"article\" \/>\n<meta property=\"og:title\" content=\"Iristick.G2 PRO, 16 MP kamera, 60 FPS, Android 8 ve iOS 12 i\u00e7in, barkod taray\u0131c\u0131, \u00e7al\u0131\u015f\u0131rken de\u011fi\u015ftirilebilir pil\" \/>\n<meta property=\"og:description\" content=\"Iristick.G2 PRO AR g\u00f6zl\u00fckleri, etkili uzaktan i\u015fbirli\u011fi i\u00e7in temel olu\u015fturur ve b\u00f6ylece kaynak kullan\u0131m\u0131n\u0131 azalt\u0131r\" \/>\n<meta property=\"og:url\" content=\"https:\/\/alegerglobal.com\/tr\/shop-tr\/akilli-goezluekler\/iristick-g2-pro\/\" \/>\n<meta property=\"og:site_name\" content=\"ALEGER \u22c6 Augmented Reality\" \/>\n<meta property=\"og:image\" content=\"https:\/\/alegerglobal.com\/wp-content\/uploads\/2020\/01\/dvsdv.png\" \/>\n\t<meta property=\"og:image:width\" content=\"800\" \/>\n\t<meta property=\"og:image:height\" content=\"800\" \/>\n\t<meta property=\"og:image:type\" content=\"image\/png\" \/>\n<meta name=\"twitter:card\" content=\"summary_large_image\" \/>\n<meta name=\"twitter:label1\" content=\"Fiyat\" \/>\n\t<meta name=\"twitter:data1\" content=\"&euro;2.038,00\" \/>\n\t<meta name=\"twitter:label2\" content=\"Durumu\" \/>\n\t<meta name=\"twitter:data2\" content=\"Stokta var\" \/>\n<script type=\"application\/ld+json\" class=\"yoast-schema-graph\">{\"@context\":\"https:\/\/schema.org\",\"@graph\":[{\"@type\":\"WebPage\",\"@id\":\"https:\/\/alegerglobal.com\/tr\/shop-tr\/akilli-goezluekler\/iristick-g2-pro\/\",\"url\":\"https:\/\/alegerglobal.com\/tr\/shop-tr\/akilli-goezluekler\/iristick-g2-pro\/\",\"name\":\"Iristick.G2 PRO (2022) - ALEGER \u22c6 Augmented Reality sat\u0131n al\u0131n\",\"isPartOf\":{\"@id\":\"https:\/\/alegerglobal.com\/tr\/#website\"},\"primaryImageOfPage\":{\"@id\":\"https:\/\/alegerglobal.com\/tr\/shop-tr\/akilli-goezluekler\/iristick-g2-pro\/#primaryimage\"},\"image\":{\"@id\":\"https:\/\/alegerglobal.com\/tr\/shop-tr\/akilli-goezluekler\/iristick-g2-pro\/#primaryimage\"},\"thumbnailUrl\":\"https:\/\/alegerglobal.com\/wp-content\/uploads\/2020\/01\/dvsdv.png\",\"datePublished\":\"2024-06-03T11:51:11+00:00\",\"dateModified\":\"2024-06-03T11:51:11+00:00\",\"description\":\"Iristick.G2 PRO AR g\u00f6zl\u00fckleri, etkili uzaktan i\u015fbirli\u011fi i\u00e7in temel olu\u015fturur ve b\u00f6ylece kaynak kullan\u0131m\u0131n\u0131 azalt\u0131r\",\"breadcrumb\":{\"@id\":\"https:\/\/alegerglobal.com\/tr\/shop-tr\/akilli-goezluekler\/iristick-g2-pro\/#breadcrumb\"},\"inLanguage\":\"tr\",\"potentialAction\":[{\"@type\":\"ReadAction\",\"target\":[\"https:\/\/alegerglobal.com\/tr\/shop-tr\/akilli-goezluekler\/iristick-g2-pro\/\"]}]},{\"@type\":\"ImageObject\",\"inLanguage\":\"tr\",\"@id\":\"https:\/\/alegerglobal.com\/tr\/shop-tr\/akilli-goezluekler\/iristick-g2-pro\/#primaryimage\",\"url\":\"https:\/\/alegerglobal.com\/wp-content\/uploads\/2020\/01\/dvsdv.png\",\"contentUrl\":\"https:\/\/alegerglobal.com\/wp-content\/uploads\/2020\/01\/dvsdv.png\",\"width\":800,\"height\":800},{\"@type\":\"BreadcrumbList\",\"@id\":\"https:\/\/alegerglobal.com\/tr\/shop-tr\/akilli-goezluekler\/iristick-g2-pro\/#breadcrumb\",\"itemListElement\":[{\"@type\":\"ListItem\",\"position\":1,\"name\":\"Home\",\"item\":\"https:\/\/alegerglobal.com\/tr\/yeni-anasayfa\/\"},{\"@type\":\"ListItem\",\"position\":2,\"name\":\"\u00dcr\u00fcnler\",\"item\":\"https:\/\/alegerglobal.com\/tr\/ueruenler\/\"},{\"@type\":\"ListItem\",\"position\":3,\"name\":\"Iristick.G2 PRO, 16 MP kamera, 60 FPS, Android 8 ve iOS 12 i\u00e7in, barkod taray\u0131c\u0131, \u00e7al\u0131\u015f\u0131rken de\u011fi\u015ftirilebilir pil\"}]},{\"@type\":\"WebSite\",\"@id\":\"https:\/\/alegerglobal.com\/tr\/#website\",\"url\":\"https:\/\/alegerglobal.com\/tr\/\",\"name\":\"ALEGER \u22c6 Augmented Reality\",\"description\":\"Die besten Augmented Reality (AR) L\u00f6sungen der Welt.\",\"publisher\":{\"@id\":\"https:\/\/alegerglobal.com\/tr\/#organization\"},\"potentialAction\":[{\"@type\":\"SearchAction\",\"target\":{\"@type\":\"EntryPoint\",\"urlTemplate\":\"https:\/\/alegerglobal.com\/tr\/?s={search_term_string}\"},\"query-input\":{\"@type\":\"PropertyValueSpecification\",\"valueRequired\":true,\"valueName\":\"search_term_string\"}}],\"inLanguage\":\"tr\"},{\"@type\":\"Organization\",\"@id\":\"https:\/\/alegerglobal.com\/tr\/#organization\",\"name\":\"ALEGER \u22c6 Augmented Reality\",\"url\":\"https:\/\/alegerglobal.com\/tr\/\",\"logo\":{\"@type\":\"ImageObject\",\"inLanguage\":\"tr\",\"@id\":\"https:\/\/alegerglobal.com\/tr\/#\/schema\/logo\/image\/\",\"url\":\"https:\/\/alegerglobal.com\/wp-content\/uploads\/2020\/12\/aleger-logo-quadrat.jpg\",\"contentUrl\":\"https:\/\/alegerglobal.com\/wp-content\/uploads\/2020\/12\/aleger-logo-quadrat.jpg\",\"width\":200,\"height\":176,\"caption\":\"ALEGER \u22c6 Augmented Reality\"},\"image\":{\"@id\":\"https:\/\/alegerglobal.com\/tr\/#\/schema\/logo\/image\/\"}}]}<\/script>\n<meta property=\"product:brand\" content=\"Iristick\" \/>\n<meta property=\"product:price:amount\" content=\"2038.00\" \/>\n<meta property=\"product:price:currency\" content=\"EUR\" \/>\n<meta property=\"og:availability\" content=\"instock\" \/>\n<meta property=\"product:availability\" content=\"instock\" \/>\n<meta property=\"product:condition\" content=\"new\" \/>\n<!-- \/ Yoast SEO Premium plugin. -->","yoast_head_json":{"title":"Iristick.G2 PRO (2022) - ALEGER \u22c6 Augmented Reality sat\u0131n al\u0131n","description":"Iristick.G2 PRO AR g\u00f6zl\u00fckleri, etkili uzaktan i\u015fbirli\u011fi i\u00e7in temel olu\u015fturur ve b\u00f6ylece kaynak kullan\u0131m\u0131n\u0131 azalt\u0131r","robots":{"index":"index","follow":"follow","max-snippet":"max-snippet:-1","max-image-preview":"max-image-preview:large","max-video-preview":"max-video-preview:-1"},"og_locale":"tr_TR","og_type":"article","og_title":"Iristick.G2 PRO, 16 MP kamera, 60 FPS, Android 8 ve iOS 12 i\u00e7in, barkod taray\u0131c\u0131, \u00e7al\u0131\u015f\u0131rken de\u011fi\u015ftirilebilir pil","og_description":"Iristick.G2 PRO AR g\u00f6zl\u00fckleri, etkili uzaktan i\u015fbirli\u011fi i\u00e7in temel olu\u015fturur ve b\u00f6ylece kaynak kullan\u0131m\u0131n\u0131 azalt\u0131r","og_url":"https:\/\/alegerglobal.com\/tr\/shop-tr\/akilli-goezluekler\/iristick-g2-pro\/","og_site_name":"ALEGER \u22c6 Augmented Reality","og_image":[{"width":800,"height":800,"url":"https:\/\/alegerglobal.com\/wp-content\/uploads\/2020\/01\/dvsdv.png","type":"image\/png"}],"twitter_card":"summary_large_image","twitter_misc":{"Fiyat":"&euro;2.038,00","Durumu":"Stokta var"},"schema":{"@context":"https:\/\/schema.org","@graph":[{"@type":"WebPage","@id":"https:\/\/alegerglobal.com\/tr\/shop-tr\/akilli-goezluekler\/iristick-g2-pro\/","url":"https:\/\/alegerglobal.com\/tr\/shop-tr\/akilli-goezluekler\/iristick-g2-pro\/","name":"Iristick.G2 PRO (2022) - ALEGER \u22c6 Augmented Reality sat\u0131n al\u0131n","isPartOf":{"@id":"https:\/\/alegerglobal.com\/tr\/#website"},"primaryImageOfPage":{"@id":"https:\/\/alegerglobal.com\/tr\/shop-tr\/akilli-goezluekler\/iristick-g2-pro\/#primaryimage"},"image":{"@id":"https:\/\/alegerglobal.com\/tr\/shop-tr\/akilli-goezluekler\/iristick-g2-pro\/#primaryimage"},"thumbnailUrl":"https:\/\/alegerglobal.com\/wp-content\/uploads\/2020\/01\/dvsdv.png","datePublished":"2024-06-03T11:51:11+00:00","dateModified":"2024-06-03T11:51:11+00:00","description":"Iristick.G2 PRO AR g\u00f6zl\u00fckleri, etkili uzaktan i\u015fbirli\u011fi i\u00e7in temel olu\u015fturur ve b\u00f6ylece kaynak kullan\u0131m\u0131n\u0131 azalt\u0131r","breadcrumb":{"@id":"https:\/\/alegerglobal.com\/tr\/shop-tr\/akilli-goezluekler\/iristick-g2-pro\/#breadcrumb"},"inLanguage":"tr","potentialAction":[{"@type":"ReadAction","target":["https:\/\/alegerglobal.com\/tr\/shop-tr\/akilli-goezluekler\/iristick-g2-pro\/"]}]},{"@type":"ImageObject","inLanguage":"tr","@id":"https:\/\/alegerglobal.com\/tr\/shop-tr\/akilli-goezluekler\/iristick-g2-pro\/#primaryimage","url":"https:\/\/alegerglobal.com\/wp-content\/uploads\/2020\/01\/dvsdv.png","contentUrl":"https:\/\/alegerglobal.com\/wp-content\/uploads\/2020\/01\/dvsdv.png","width":800,"height":800},{"@type":"BreadcrumbList","@id":"https:\/\/alegerglobal.com\/tr\/shop-tr\/akilli-goezluekler\/iristick-g2-pro\/#breadcrumb","itemListElement":[{"@type":"ListItem","position":1,"name":"Home","item":"https:\/\/alegerglobal.com\/tr\/yeni-anasayfa\/"},{"@type":"ListItem","position":2,"name":"\u00dcr\u00fcnler","item":"https:\/\/alegerglobal.com\/tr\/ueruenler\/"},{"@type":"ListItem","position":3,"name":"Iristick.G2 PRO, 16 MP kamera, 60 FPS, Android 8 ve iOS 12 i\u00e7in, barkod taray\u0131c\u0131, \u00e7al\u0131\u015f\u0131rken de\u011fi\u015ftirilebilir pil"}]},{"@type":"WebSite","@id":"https:\/\/alegerglobal.com\/tr\/#website","url":"https:\/\/alegerglobal.com\/tr\/","name":"ALEGER \u22c6 Augmented Reality","description":"Die besten Augmented Reality (AR) L\u00f6sungen der Welt.","publisher":{"@id":"https:\/\/alegerglobal.com\/tr\/#organization"},"potentialAction":[{"@type":"SearchAction","target":{"@type":"EntryPoint","urlTemplate":"https:\/\/alegerglobal.com\/tr\/?s={search_term_string}"},"query-input":{"@type":"PropertyValueSpecification","valueRequired":true,"valueName":"search_term_string"}}],"inLanguage":"tr"},{"@type":"Organization","@id":"https:\/\/alegerglobal.com\/tr\/#organization","name":"ALEGER \u22c6 Augmented Reality","url":"https:\/\/alegerglobal.com\/tr\/","logo":{"@type":"ImageObject","inLanguage":"tr","@id":"https:\/\/alegerglobal.com\/tr\/#\/schema\/logo\/image\/","url":"https:\/\/alegerglobal.com\/wp-content\/uploads\/2020\/12\/aleger-logo-quadrat.jpg","contentUrl":"https:\/\/alegerglobal.com\/wp-content\/uploads\/2020\/12\/aleger-logo-quadrat.jpg","width":200,"height":176,"caption":"ALEGER \u22c6 Augmented Reality"},"image":{"@id":"https:\/\/alegerglobal.com\/tr\/#\/schema\/logo\/image\/"}}]},"product_brand":"Iristick","product_price_amount":"2038.00","product_price_currency":"EUR","og_availability":"instock","product_availability":"instock","product_condition":"new"},"_links":{"self":[{"href":"https:\/\/alegerglobal.com\/tr\/wp-json\/wp\/v2\/product\/39543","targetHints":{"allow":["GET"]}}],"collection":[{"href":"https:\/\/alegerglobal.com\/tr\/wp-json\/wp\/v2\/product"}],"about":[{"href":"https:\/\/alegerglobal.com\/tr\/wp-json\/wp\/v2\/types\/product"}],"replies":[{"embeddable":true,"href":"https:\/\/alegerglobal.com\/tr\/wp-json\/wp\/v2\/comments?post=39543"}],"version-history":[{"count":0,"href":"https:\/\/alegerglobal.com\/tr\/wp-json\/wp\/v2\/product\/39543\/revisions"}],"wp:featuredmedia":[{"embeddable":true,"href":"https:\/\/alegerglobal.com\/tr\/wp-json\/wp\/v2\/media\/39546"}],"wp:attachment":[{"href":"https:\/\/alegerglobal.com\/tr\/wp-json\/wp\/v2\/media?parent=39543"}],"wp:term":[{"taxonomy":"product_brand","embeddable":true,"href":"https:\/\/alegerglobal.com\/tr\/wp-json\/wp\/v2\/product_brand?post=39543"},{"taxonomy":"product_cat","embeddable":true,"href":"https:\/\/alegerglobal.com\/tr\/wp-json\/wp\/v2\/product_cat?post=39543"},{"taxonomy":"product_tag","embeddable":true,"href":"https:\/\/alegerglobal.com\/tr\/wp-json\/wp\/v2\/product_tag?post=39543"}],"curies":[{"name":"wp","href":"https:\/\/api.w.org\/{rel}","templated":true}]}}