{"id":39507,"date":"2024-06-03T12:45:01","date_gmt":"2024-06-03T11:45:01","guid":{"rendered":"https:\/\/alegerglobal.com\/kategorilenmemis\/pcpe-ramwm01\/"},"modified":"2024-06-03T12:45:03","modified_gmt":"2024-06-03T11:45:03","slug":"pcpe-ramwm01","status":"publish","type":"product","link":"https:\/\/alegerglobal.com\/tr\/shop-tr\/aksesuarlar\/pcpe-ramwm01\/","title":{"rendered":"PCPE-RAMWM01"},"content":{"rendered":"\t\t<div data-elementor-type=\"product-post\" data-elementor-id=\"39507\" class=\"elementor elementor-39507 elementor-3759\" data-elementor-settings=\"{&quot;ha_cmc_init_switcher&quot;:&quot;no&quot;}\" data-elementor-post-type=\"product\">\n\t\t\t\t\t\t<section class=\"elementor-section elementor-top-section elementor-element elementor-element-dfefd05 elementor-section-boxed elementor-section-height-default elementor-section-height-default\" data-id=\"dfefd05\" data-element_type=\"section\" data-settings=\"{&quot;jet_parallax_layout_list&quot;:[],&quot;_ha_eqh_enable&quot;:false}\">\n\t\t\t\t\t\t<div class=\"elementor-container elementor-column-gap-default\">\n\t\t\t\t\t<div class=\"elementor-column elementor-col-100 elementor-top-column elementor-element elementor-element-9373a02\" data-id=\"9373a02\" data-element_type=\"column\">\n\t\t\t<div class=\"elementor-widget-wrap elementor-element-populated\">\n\t\t\t\t\t\t<div class=\"elementor-element elementor-element-2a59a4c elementor-widget elementor-widget-text-editor\" data-id=\"2a59a4c\" data-element_type=\"widget\" data-widget_type=\"text-editor.default\">\n\t\t\t\t<div class=\"elementor-widget-container\">\n\t\t\t\t\t\t\t\t\t<div class=\"table-display\" style=\"border: 0px; outline: none; margin: 0px; padding: 0px; display: table; width: 456px; color: #101010; font-family: Arial, sans-serif; font-size: 13px;\">\n<div class=\"table-display__cell roman product__header__name\" style=\"border: 0px; outline: none; margin: 0px; padding: 0px; font-family: 'Open Sans Condensed', Arial, sans-serif; font-weight: bold; -webkit-font-smoothing: antialiased; display: table-cell; vertical-align: top;\">\n<div class=\"fs-1-2 key-features\" style=\"border: 0px; outline: none; margin: 0px; padding: 0px; font-size: 1.2em; color: #a8a8a7;\"><strong>Temel \u00f6zellikler<\/strong><\/div>\n<\/div>\n<div class=\"table-display__cell bottom invert product__header__link\" style=\"border: 0px; outline: none; margin: 0px; padding: 0px; text-align: right; display: table-cell; vertical-align: bottom;\"> <\/div>\n<\/div>\n<div class=\"product__header__table\" style=\"border: 0px; outline: none; margin: 0px; padding: 0px; color: #101010; font-family: Arial, sans-serif; font-size: 13px;\">\n<hr style=\"border-right: 0px; border-bottom: 0px; border-left: 0px; border-top-style: solid; border-top-color: #dadada; border-image: initial; height: 1px;\">\n<div class=\"field field-name-field-key-feature-1 field-type-text-long field-label-hidden\" style=\"border: 0px; outline: none; margin: 0px; padding: 0px;\">\n<div class=\"field-items\" style=\"border: 0px; outline: none; margin: 0px; padding: 0px;\">\n<div class=\"field-item even\" style=\"border: 0px; outline: none; margin: 0px; padding: 0px;\">AMPS delik d\u00fczenine sahip \u00e7ift b\u00fck\u00fcml\u00fc kilitli vantuz taban\u0131  <\/div>\n<\/div>\n<\/div>\n<hr style=\"border-right: 0px; border-bottom: 0px; border-left: 0px; border-top-style: solid; border-top-color: #dadada; border-image: initial; height: 1px;\">\n<div class=\"field field-name-field-key-feature-2 field-type-text-long field-label-hidden\" style=\"border: 0px; outline: none; margin: 0px; padding: 0px;\">\n<div class=\"field-items\" style=\"border: 0px; outline: none; margin: 0px; padding: 0px;\">\n<div class=\"field-item even\" style=\"border: 0px; outline: none; margin: 0px; padding: 0px;\">AMPS 1,5&#8243; bilyeli Yuvarlak Taban Adapt\u00f6r plakas\u0131  <\/div>\n<\/div>\n<\/div>\n<hr style=\"border-right: 0px; border-bottom: 0px; border-left: 0px; border-top-style: solid; border-top-color: #dadada; border-image: initial; height: 1px;\">\n<div class=\"field field-name-field-key-feature-3 field-type-text-long field-label-hidden\" style=\"border: 0px; outline: none; margin: 0px; padding: 0px;\">\n<div class=\"field-items\" style=\"border: 0px; outline: none; margin: 0px; padding: 0px;\">\n<div class=\"field-item even\" style=\"border: 0px; outline: none; margin: 0px; padding: 0px;\">1,5&#8243; \u00e7ap\u0131nda standart uzunlukta (3&#8243;) \u00e7ift soketli kol  <\/div>\n<\/div>\n<\/div>\n<hr style=\"border-right: 0px; border-bottom: 0px; border-left: 0px; border-top-style: solid; border-top-color: #dadada; border-image: initial; height: 1px;\">\n<div class=\"field field-name-field-key-feature-4 field-type-text-long field-label-hidden\" style=\"border: 0px; outline: none; margin: 0px; padding: 0px;\">\n<div class=\"field-items\" style=\"border: 0px; outline: none; margin: 0px; padding: 0px;\">\n<div class=\"field-item even\" style=\"border: 0px; outline: none; margin: 0px; padding: 0px;\">1,5&#8243; top ve 75x75mm ve 100x100mm delik desenlerine sahip VESA plakas\u0131  <\/div>\n<\/div>\n<\/div>\n<hr style=\"border-right: 0px; border-bottom: 0px; border-left: 0px; border-top-style: solid; border-top-color: #dadada; border-image: initial; height: 1px;\">\n<div class=\"field field-name-field-key-feature-5 field-type-text-long field-label-hidden\" style=\"border: 0px; outline: none; margin: 0px; padding: 0px;\">\n<div class=\"field-items\" style=\"border: 0px; outline: none; margin: 0px; padding: 0px;\">\n<div class=\"field-item even\" style=\"border: 0px; outline: none; margin: 0px; padding: 0px;\">Tam e\u011fme ve d\u00f6nd\u00fcrme m\u00fcmk\u00fcn<\/div>\n<\/div>\n<\/div>\n<\/div>\n\t\t\t\t\t\t\t\t<\/div>\n\t\t\t\t<\/div>\n\t\t\t\t\t<\/div>\n\t\t<\/div>\n\t\t\t\t\t<\/div>\n\t\t<\/section>\n\t\t\t\t<\/div>\n\t\t","protected":false},"excerpt":{"rendered":"<p>Temel \u00f6zellikler AMPS delik d\u00fczenine sahip \u00e7ift b\u00fck\u00fcml\u00fc kilitli vantuz taban\u0131 AMPS 1,5&#8243; bilyeli Yuvarlak Taban Adapt\u00f6r plakas\u0131 1,5&#8243; \u00e7ap\u0131nda standart uzunlukta (3&#8243;) \u00e7ift soketli kol 1,5&#8243; top ve 75x75mm ve 100x100mm delik desenlerine sahip VESA plakas\u0131 Tam e\u011fme ve d\u00f6nd\u00fcrme m\u00fcmk\u00fcn<\/p>\n","protected":false},"featured_media":39508,"comment_status":"open","ping_status":"closed","template":"","meta":{"_acf_changed":false},"product_brand":[],"product_cat":[2362,2318],"product_tag":[],"class_list":{"0":"post-39507","1":"product","2":"type-product","3":"status-publish","4":"has-post-thumbnail","6":"product_cat-aksesuarlar","7":"product_cat-shop-tr","8":"pa_hersteller-panasonic-tr","10":"first","11":"instock","12":"taxable","13":"shipping-taxable","14":"purchasable","15":"product-type-simple"},"acf":[],"yoast_head":"<!-- This site is optimized with the Yoast SEO Premium plugin v20.10 (Yoast SEO v24.3) - https:\/\/yoast.com\/wordpress\/plugins\/seo\/ -->\n<title>- ALEGER \u22c6 Augmented Reality<\/title>\n<meta name=\"robots\" content=\"index, follow, max-snippet:-1, max-image-preview:large, max-video-preview:-1\" \/>\n<meta property=\"og:locale\" content=\"tr_TR\" \/>\n<meta property=\"og:type\" content=\"article\" \/>\n<meta property=\"og:title\" content=\"PCPE-RAMWM01\" \/>\n<meta property=\"og:description\" content=\"Temel \u00f6zellikler AMPS delik d\u00fczenine sahip \u00e7ift b\u00fck\u00fcml\u00fc kilitli vantuz taban\u0131 AMPS 1,5&#8243; bilyeli Yuvarlak Taban Adapt\u00f6r plakas\u0131 1,5&#8243; \u00e7ap\u0131nda standart uzunlukta (3&#8243;) \u00e7ift soketli kol 1,5&#8243; top ve 75x75mm ve 100x100mm delik desenlerine sahip VESA plakas\u0131 Tam e\u011fme ve d\u00f6nd\u00fcrme m\u00fcmk\u00fcn\" \/>\n<meta property=\"og:url\" content=\"https:\/\/alegerglobal.com\/tr\/shop-tr\/aksesuarlar\/pcpe-ramwm01\/\" \/>\n<meta property=\"og:site_name\" content=\"ALEGER \u22c6 Augmented Reality\" \/>\n<meta property=\"article:modified_time\" content=\"2024-06-03T11:45:03+00:00\" \/>\n<meta property=\"og:image\" content=\"https:\/\/alegerglobal.com\/wp-content\/uploads\/2021\/02\/Unbenannt-72.jpg\" \/>\n\t<meta property=\"og:image:width\" content=\"800\" \/>\n\t<meta property=\"og:image:height\" content=\"800\" \/>\n\t<meta property=\"og:image:type\" content=\"image\/jpeg\" \/>\n<meta name=\"twitter:card\" content=\"summary_large_image\" \/>\n<meta name=\"twitter:label1\" content=\"Fiyat\" \/>\n\t<meta name=\"twitter:data1\" content=\"&euro;129,99\" \/>\n\t<meta name=\"twitter:label2\" content=\"Durumu\" \/>\n\t<meta name=\"twitter:data2\" content=\"Stokta var\" \/>\n<script type=\"application\/ld+json\" class=\"yoast-schema-graph\">{\"@context\":\"https:\/\/schema.org\",\"@graph\":[{\"@type\":\"WebPage\",\"@id\":\"https:\/\/alegerglobal.com\/tr\/shop-tr\/aksesuarlar\/pcpe-ramwm01\/\",\"url\":\"https:\/\/alegerglobal.com\/tr\/shop-tr\/aksesuarlar\/pcpe-ramwm01\/\",\"name\":\"- ALEGER \u22c6 Augmented Reality\",\"isPartOf\":{\"@id\":\"https:\/\/alegerglobal.com\/tr\/#website\"},\"primaryImageOfPage\":{\"@id\":\"https:\/\/alegerglobal.com\/tr\/shop-tr\/aksesuarlar\/pcpe-ramwm01\/#primaryimage\"},\"image\":{\"@id\":\"https:\/\/alegerglobal.com\/tr\/shop-tr\/aksesuarlar\/pcpe-ramwm01\/#primaryimage\"},\"thumbnailUrl\":\"https:\/\/alegerglobal.com\/wp-content\/uploads\/2021\/02\/Unbenannt-72.jpg\",\"datePublished\":\"2024-06-03T11:45:01+00:00\",\"dateModified\":\"2024-06-03T11:45:03+00:00\",\"breadcrumb\":{\"@id\":\"https:\/\/alegerglobal.com\/tr\/shop-tr\/aksesuarlar\/pcpe-ramwm01\/#breadcrumb\"},\"inLanguage\":\"tr\",\"potentialAction\":[{\"@type\":\"ReadAction\",\"target\":[\"https:\/\/alegerglobal.com\/tr\/shop-tr\/aksesuarlar\/pcpe-ramwm01\/\"]}]},{\"@type\":\"ImageObject\",\"inLanguage\":\"tr\",\"@id\":\"https:\/\/alegerglobal.com\/tr\/shop-tr\/aksesuarlar\/pcpe-ramwm01\/#primaryimage\",\"url\":\"https:\/\/alegerglobal.com\/wp-content\/uploads\/2021\/02\/Unbenannt-72.jpg\",\"contentUrl\":\"https:\/\/alegerglobal.com\/wp-content\/uploads\/2021\/02\/Unbenannt-72.jpg\",\"width\":800,\"height\":800},{\"@type\":\"BreadcrumbList\",\"@id\":\"https:\/\/alegerglobal.com\/tr\/shop-tr\/aksesuarlar\/pcpe-ramwm01\/#breadcrumb\",\"itemListElement\":[{\"@type\":\"ListItem\",\"position\":1,\"name\":\"Home\",\"item\":\"https:\/\/alegerglobal.com\/tr\/yeni-anasayfa\/\"},{\"@type\":\"ListItem\",\"position\":2,\"name\":\"\u00dcr\u00fcnler\",\"item\":\"https:\/\/alegerglobal.com\/tr\/ueruenler\/\"},{\"@type\":\"ListItem\",\"position\":3,\"name\":\"PCPE-RAMWM01\"}]},{\"@type\":\"WebSite\",\"@id\":\"https:\/\/alegerglobal.com\/tr\/#website\",\"url\":\"https:\/\/alegerglobal.com\/tr\/\",\"name\":\"ALEGER \u22c6 Augmented Reality\",\"description\":\"Die besten Augmented Reality (AR) L\u00f6sungen der Welt.\",\"publisher\":{\"@id\":\"https:\/\/alegerglobal.com\/tr\/#organization\"},\"potentialAction\":[{\"@type\":\"SearchAction\",\"target\":{\"@type\":\"EntryPoint\",\"urlTemplate\":\"https:\/\/alegerglobal.com\/tr\/?s={search_term_string}\"},\"query-input\":{\"@type\":\"PropertyValueSpecification\",\"valueRequired\":true,\"valueName\":\"search_term_string\"}}],\"inLanguage\":\"tr\"},{\"@type\":\"Organization\",\"@id\":\"https:\/\/alegerglobal.com\/tr\/#organization\",\"name\":\"ALEGER \u22c6 Augmented Reality\",\"url\":\"https:\/\/alegerglobal.com\/tr\/\",\"logo\":{\"@type\":\"ImageObject\",\"inLanguage\":\"tr\",\"@id\":\"https:\/\/alegerglobal.com\/tr\/#\/schema\/logo\/image\/\",\"url\":\"https:\/\/alegerglobal.com\/wp-content\/uploads\/2020\/12\/aleger-logo-quadrat.jpg\",\"contentUrl\":\"https:\/\/alegerglobal.com\/wp-content\/uploads\/2020\/12\/aleger-logo-quadrat.jpg\",\"width\":200,\"height\":176,\"caption\":\"ALEGER \u22c6 Augmented Reality\"},\"image\":{\"@id\":\"https:\/\/alegerglobal.com\/tr\/#\/schema\/logo\/image\/\"}}]}<\/script>\n<meta property=\"product:brand\" content=\"Panasonic\" \/>\n<meta property=\"product:price:amount\" content=\"129.99\" \/>\n<meta property=\"product:price:currency\" content=\"EUR\" \/>\n<meta property=\"og:availability\" content=\"instock\" \/>\n<meta property=\"product:availability\" content=\"instock\" \/>\n<meta property=\"product:condition\" content=\"new\" \/>\n<!-- \/ Yoast SEO Premium plugin. -->","yoast_head_json":{"title":"- ALEGER \u22c6 Augmented Reality","robots":{"index":"index","follow":"follow","max-snippet":"max-snippet:-1","max-image-preview":"max-image-preview:large","max-video-preview":"max-video-preview:-1"},"og_locale":"tr_TR","og_type":"article","og_title":"PCPE-RAMWM01","og_description":"Temel \u00f6zellikler AMPS delik d\u00fczenine sahip \u00e7ift b\u00fck\u00fcml\u00fc kilitli vantuz taban\u0131 AMPS 1,5&#8243; bilyeli Yuvarlak Taban Adapt\u00f6r plakas\u0131 1,5&#8243; \u00e7ap\u0131nda standart uzunlukta (3&#8243;) \u00e7ift soketli kol 1,5&#8243; top ve 75x75mm ve 100x100mm delik desenlerine sahip VESA plakas\u0131 Tam e\u011fme ve d\u00f6nd\u00fcrme m\u00fcmk\u00fcn","og_url":"https:\/\/alegerglobal.com\/tr\/shop-tr\/aksesuarlar\/pcpe-ramwm01\/","og_site_name":"ALEGER \u22c6 Augmented Reality","article_modified_time":"2024-06-03T11:45:03+00:00","og_image":[{"width":800,"height":800,"url":"https:\/\/alegerglobal.com\/wp-content\/uploads\/2021\/02\/Unbenannt-72.jpg","type":"image\/jpeg"}],"twitter_card":"summary_large_image","twitter_misc":{"Fiyat":"&euro;129,99","Durumu":"Stokta var"},"schema":{"@context":"https:\/\/schema.org","@graph":[{"@type":"WebPage","@id":"https:\/\/alegerglobal.com\/tr\/shop-tr\/aksesuarlar\/pcpe-ramwm01\/","url":"https:\/\/alegerglobal.com\/tr\/shop-tr\/aksesuarlar\/pcpe-ramwm01\/","name":"- ALEGER \u22c6 Augmented Reality","isPartOf":{"@id":"https:\/\/alegerglobal.com\/tr\/#website"},"primaryImageOfPage":{"@id":"https:\/\/alegerglobal.com\/tr\/shop-tr\/aksesuarlar\/pcpe-ramwm01\/#primaryimage"},"image":{"@id":"https:\/\/alegerglobal.com\/tr\/shop-tr\/aksesuarlar\/pcpe-ramwm01\/#primaryimage"},"thumbnailUrl":"https:\/\/alegerglobal.com\/wp-content\/uploads\/2021\/02\/Unbenannt-72.jpg","datePublished":"2024-06-03T11:45:01+00:00","dateModified":"2024-06-03T11:45:03+00:00","breadcrumb":{"@id":"https:\/\/alegerglobal.com\/tr\/shop-tr\/aksesuarlar\/pcpe-ramwm01\/#breadcrumb"},"inLanguage":"tr","potentialAction":[{"@type":"ReadAction","target":["https:\/\/alegerglobal.com\/tr\/shop-tr\/aksesuarlar\/pcpe-ramwm01\/"]}]},{"@type":"ImageObject","inLanguage":"tr","@id":"https:\/\/alegerglobal.com\/tr\/shop-tr\/aksesuarlar\/pcpe-ramwm01\/#primaryimage","url":"https:\/\/alegerglobal.com\/wp-content\/uploads\/2021\/02\/Unbenannt-72.jpg","contentUrl":"https:\/\/alegerglobal.com\/wp-content\/uploads\/2021\/02\/Unbenannt-72.jpg","width":800,"height":800},{"@type":"BreadcrumbList","@id":"https:\/\/alegerglobal.com\/tr\/shop-tr\/aksesuarlar\/pcpe-ramwm01\/#breadcrumb","itemListElement":[{"@type":"ListItem","position":1,"name":"Home","item":"https:\/\/alegerglobal.com\/tr\/yeni-anasayfa\/"},{"@type":"ListItem","position":2,"name":"\u00dcr\u00fcnler","item":"https:\/\/alegerglobal.com\/tr\/ueruenler\/"},{"@type":"ListItem","position":3,"name":"PCPE-RAMWM01"}]},{"@type":"WebSite","@id":"https:\/\/alegerglobal.com\/tr\/#website","url":"https:\/\/alegerglobal.com\/tr\/","name":"ALEGER \u22c6 Augmented Reality","description":"Die besten Augmented Reality (AR) L\u00f6sungen der Welt.","publisher":{"@id":"https:\/\/alegerglobal.com\/tr\/#organization"},"potentialAction":[{"@type":"SearchAction","target":{"@type":"EntryPoint","urlTemplate":"https:\/\/alegerglobal.com\/tr\/?s={search_term_string}"},"query-input":{"@type":"PropertyValueSpecification","valueRequired":true,"valueName":"search_term_string"}}],"inLanguage":"tr"},{"@type":"Organization","@id":"https:\/\/alegerglobal.com\/tr\/#organization","name":"ALEGER \u22c6 Augmented Reality","url":"https:\/\/alegerglobal.com\/tr\/","logo":{"@type":"ImageObject","inLanguage":"tr","@id":"https:\/\/alegerglobal.com\/tr\/#\/schema\/logo\/image\/","url":"https:\/\/alegerglobal.com\/wp-content\/uploads\/2020\/12\/aleger-logo-quadrat.jpg","contentUrl":"https:\/\/alegerglobal.com\/wp-content\/uploads\/2020\/12\/aleger-logo-quadrat.jpg","width":200,"height":176,"caption":"ALEGER \u22c6 Augmented Reality"},"image":{"@id":"https:\/\/alegerglobal.com\/tr\/#\/schema\/logo\/image\/"}}]},"product_brand":"Panasonic","product_price_amount":"129.99","product_price_currency":"EUR","og_availability":"instock","product_availability":"instock","product_condition":"new"},"_links":{"self":[{"href":"https:\/\/alegerglobal.com\/tr\/wp-json\/wp\/v2\/product\/39507","targetHints":{"allow":["GET"]}}],"collection":[{"href":"https:\/\/alegerglobal.com\/tr\/wp-json\/wp\/v2\/product"}],"about":[{"href":"https:\/\/alegerglobal.com\/tr\/wp-json\/wp\/v2\/types\/product"}],"replies":[{"embeddable":true,"href":"https:\/\/alegerglobal.com\/tr\/wp-json\/wp\/v2\/comments?post=39507"}],"version-history":[{"count":1,"href":"https:\/\/alegerglobal.com\/tr\/wp-json\/wp\/v2\/product\/39507\/revisions"}],"predecessor-version":[{"id":39509,"href":"https:\/\/alegerglobal.com\/tr\/wp-json\/wp\/v2\/product\/39507\/revisions\/39509"}],"wp:featuredmedia":[{"embeddable":true,"href":"https:\/\/alegerglobal.com\/tr\/wp-json\/wp\/v2\/media\/39508"}],"wp:attachment":[{"href":"https:\/\/alegerglobal.com\/tr\/wp-json\/wp\/v2\/media?parent=39507"}],"wp:term":[{"taxonomy":"product_brand","embeddable":true,"href":"https:\/\/alegerglobal.com\/tr\/wp-json\/wp\/v2\/product_brand?post=39507"},{"taxonomy":"product_cat","embeddable":true,"href":"https:\/\/alegerglobal.com\/tr\/wp-json\/wp\/v2\/product_cat?post=39507"},{"taxonomy":"product_tag","embeddable":true,"href":"https:\/\/alegerglobal.com\/tr\/wp-json\/wp\/v2\/product_tag?post=39507"}],"curies":[{"name":"wp","href":"https:\/\/api.w.org\/{rel}","templated":true}]}}