{"id":39397,"date":"2024-06-03T12:42:20","date_gmt":"2024-06-03T11:42:20","guid":{"rendered":"https:\/\/alegerglobal.com\/kategorilenmemis\/doener-tasima-kayisli-ve-standli-tutucu\/"},"modified":"2024-06-03T12:42:24","modified_gmt":"2024-06-03T11:42:24","slug":"doener-tasima-kayisli-ve-standli-tutucu","status":"publish","type":"product","link":"https:\/\/alegerglobal.com\/tr\/shop-tr\/aksesuarlar\/doener-tasima-kayisli-ve-standli-tutucu\/","title":{"rendered":"D\u00f6ner ta\u015f\u0131ma kay\u0131\u015fl\u0131 ve standl\u0131 TUTUCU"},"content":{"rendered":"\t\t<div data-elementor-type=\"product-post\" data-elementor-id=\"39397\" class=\"elementor elementor-39397 elementor-4193\" data-elementor-settings=\"{&quot;ha_cmc_init_switcher&quot;:&quot;no&quot;}\" data-elementor-post-type=\"product\">\n\t\t\t\t\t\t<section class=\"elementor-section elementor-top-section elementor-element elementor-element-30c715c elementor-section-boxed elementor-section-height-default elementor-section-height-default\" data-id=\"30c715c\" data-element_type=\"section\" data-settings=\"{&quot;jet_parallax_layout_list&quot;:[],&quot;_ha_eqh_enable&quot;:false}\">\n\t\t\t\t\t\t<div class=\"elementor-container elementor-column-gap-default\">\n\t\t\t\t\t<div class=\"elementor-column elementor-col-100 elementor-top-column elementor-element elementor-element-2bdb12e\" data-id=\"2bdb12e\" data-element_type=\"column\">\n\t\t\t<div class=\"elementor-widget-wrap elementor-element-populated\">\n\t\t\t\t\t\t<div class=\"elementor-element elementor-element-b0ede75 elementor-widget elementor-widget-text-editor\" data-id=\"b0ede75\" data-element_type=\"widget\" data-widget_type=\"text-editor.default\">\n\t\t\t\t<div class=\"elementor-widget-container\">\n\t\t\t\t\t\t\t\t\t<p>.<\/p>\n<p><strong>\u00dcr\u00fcn bilgileri<\/strong><\/p>\n<p>Boyutlar: Yakla\u015f\u0131k.<\/p>\n<p>U 315 x G 195 x Y 16 mm<\/p>\n<p>Ana malzeme: Poli\u00fcretan<\/p>\n<\/p>\n<p><strong>SKU Kimli\u011fi\/\u00dcr\u00fcn resmi<\/strong><\/p>\n<p>Tutucunun tasar\u0131m\u0131 tabletin konfig\u00fcrasyonuna ba\u011fl\u0131 olarak de\u011fi\u015fir. Bu kitaptan<\/p>\n<p>A\u015fa\u011f\u0131daki liste size hangi &#8220;Bracket with<\/p>\n<p>d\u00f6ner ta\u015f\u0131ma kay\u0131\u015f\u0131 ve stand\u0131&#8221; F110 \u00fcnitenizle uyumludur.<\/p>\n\t\t\t\t\t\t\t\t<\/div>\n\t\t\t\t<\/div>\n\t\t\t\t\t<\/div>\n\t\t<\/div>\n\t\t\t\t\t<\/div>\n\t\t<\/section>\n\t\t\t\t<section class=\"elementor-section elementor-top-section elementor-element elementor-element-f74838a elementor-section-boxed elementor-section-height-default elementor-section-height-default\" data-id=\"f74838a\" data-element_type=\"section\" data-settings=\"{&quot;jet_parallax_layout_list&quot;:[],&quot;_ha_eqh_enable&quot;:false}\">\n\t\t\t\t\t\t<div class=\"elementor-container elementor-column-gap-default\">\n\t\t\t\t\t<div class=\"elementor-column elementor-col-100 elementor-top-column elementor-element elementor-element-22f4cc3\" data-id=\"22f4cc3\" data-element_type=\"column\">\n\t\t\t<div class=\"elementor-widget-wrap elementor-element-populated\">\n\t\t\t\t\t\t<div class=\"elementor-element elementor-element-313f0dc elementor-widget elementor-widget-image\" data-id=\"313f0dc\" data-element_type=\"widget\" data-widget_type=\"image.default\">\n\t\t\t\t<div class=\"elementor-widget-container\">\n\t\t\t\t\t\t\t\t\t\t\t\t\t\t\t<img fetchpriority=\"high\" decoding=\"async\" width=\"768\" height=\"334\" src=\"https:\/\/alegerglobal.com\/wp-content\/uploads\/2021\/02\/2021-02-04-18-768x334.png\" class=\"attachment-medium_large size-medium_large wp-image-4201\" alt=\"\" srcset=\"https:\/\/alegerglobal.com\/wp-content\/uploads\/2021\/02\/2021-02-04-18-768x334.png 768w, https:\/\/alegerglobal.com\/wp-content\/uploads\/2021\/02\/2021-02-04-18-300x130.png 300w, https:\/\/alegerglobal.com\/wp-content\/uploads\/2021\/02\/2021-02-04-18-800x348.png 800w, https:\/\/alegerglobal.com\/wp-content\/uploads\/2021\/02\/2021-02-04-18.png 991w\" sizes=\"(max-width: 768px) 100vw, 768px\" \/>\t\t\t\t\t\t\t\t\t\t\t\t\t\t\t<\/div>\n\t\t\t\t<\/div>\n\t\t\t\t\t<\/div>\n\t\t<\/div>\n\t\t\t\t\t<\/div>\n\t\t<\/section>\n\t\t\t\t<\/div>\n\t\t","protected":false},"excerpt":{"rendered":"<p>F110 i\u00e7in d\u00f6ner ta\u015f\u0131ma kay\u0131\u015fl\u0131 ve standl\u0131 tutucu d\u00f6rt farkl\u0131 versiyonda mevcuttur. Versiyonlar\u0131n her biri farkl\u0131 konfig\u00fcrasyonlara sahip F110 \u00fcniteleri i\u00e7in tasarlanm\u0131\u015ft\u0131r. Ta\u015f\u0131ma kay\u0131\u015f\u0131 neredeyse t\u00fcm el boyutlar\u0131na g\u00f6re ayarlanabilir ve 360 derece d\u00f6nd\u00fcr\u00fclebilir. B\u00f6ylece her zaman m\u00fckemmel g\u00f6r\u00fc\u015f a\u00e7\u0131s\u0131n\u0131 bulacaks\u0131n\u0131z. Teslimat kapsam\u0131nda ayr\u0131ca d\u00fcz y\u00fczeylerde eller serbest kullan\u0131m sa\u011flayan yerle\u015fik bir stand da bulunmaktad\u0131r. Tutucular, kullanmad\u0131\u011f\u0131n\u0131z zamanlarda kaleminizi veya say\u0131salla\u015ft\u0131r\u0131c\u0131n\u0131z\u0131 saklayabilece\u011finiz bir kalem tutucu i\u00e7erir.<br \/>\nkullan\u0131n.<\/p>\n","protected":false},"featured_media":39401,"comment_status":"open","ping_status":"closed","template":"","meta":{"_acf_changed":false},"product_brand":[],"product_cat":[2362,2318],"product_tag":[],"class_list":{"0":"post-39397","1":"product","2":"type-product","3":"status-publish","4":"has-post-thumbnail","6":"product_cat-aksesuarlar","7":"product_cat-shop-tr","8":"pa_hersteller-getac-tr","10":"first","11":"instock","12":"taxable","13":"shipping-taxable","14":"purchasable","15":"product-type-simple"},"acf":[],"yoast_head":"<!-- This site is optimized with the Yoast SEO Premium plugin v20.10 (Yoast SEO v24.3) - https:\/\/yoast.com\/wordpress\/plugins\/seo\/ -->\n<title>- ALEGER \u22c6 Augmented Reality<\/title>\n<meta name=\"robots\" content=\"index, follow, max-snippet:-1, max-image-preview:large, max-video-preview:-1\" \/>\n<meta property=\"og:locale\" content=\"tr_TR\" \/>\n<meta property=\"og:type\" content=\"article\" \/>\n<meta property=\"og:title\" content=\"D\u00f6ner ta\u015f\u0131ma kay\u0131\u015fl\u0131 ve standl\u0131 TUTUCU\" \/>\n<meta property=\"og:description\" content=\"F110 i\u00e7in d\u00f6ner ta\u015f\u0131ma kay\u0131\u015fl\u0131 ve standl\u0131 tutucu d\u00f6rt farkl\u0131 versiyonda mevcuttur. Versiyonlar\u0131n her biri farkl\u0131 konfig\u00fcrasyonlara sahip F110 \u00fcniteleri i\u00e7in tasarlanm\u0131\u015ft\u0131r. Ta\u015f\u0131ma kay\u0131\u015f\u0131 neredeyse t\u00fcm el boyutlar\u0131na g\u00f6re ayarlanabilir ve 360 derece d\u00f6nd\u00fcr\u00fclebilir. B\u00f6ylece her zaman m\u00fckemmel g\u00f6r\u00fc\u015f a\u00e7\u0131s\u0131n\u0131 bulacaks\u0131n\u0131z. Teslimat kapsam\u0131nda ayr\u0131ca d\u00fcz y\u00fczeylerde eller serbest kullan\u0131m sa\u011flayan yerle\u015fik bir stand da bulunmaktad\u0131r. Tutucular, kullanmad\u0131\u011f\u0131n\u0131z zamanlarda kaleminizi veya say\u0131salla\u015ft\u0131r\u0131c\u0131n\u0131z\u0131 saklayabilece\u011finiz bir kalem tutucu i\u00e7erir. kullan\u0131n.\" \/>\n<meta property=\"og:url\" content=\"https:\/\/alegerglobal.com\/tr\/shop-tr\/aksesuarlar\/doener-tasima-kayisli-ve-standli-tutucu\/\" \/>\n<meta property=\"og:site_name\" content=\"ALEGER \u22c6 Augmented Reality\" \/>\n<meta property=\"article:modified_time\" content=\"2024-06-03T11:42:24+00:00\" \/>\n<meta property=\"og:image\" content=\"https:\/\/alegerglobal.com\/wp-content\/uploads\/2021\/02\/Unbenannt-127.jpg\" \/>\n\t<meta property=\"og:image:width\" content=\"800\" \/>\n\t<meta property=\"og:image:height\" content=\"800\" \/>\n\t<meta property=\"og:image:type\" content=\"image\/jpeg\" \/>\n<meta name=\"twitter:card\" content=\"summary_large_image\" \/>\n<meta name=\"twitter:label1\" content=\"Fiyat\" \/>\n\t<meta name=\"twitter:data1\" content=\"&euro;92,99\" \/>\n\t<meta name=\"twitter:label2\" content=\"Durumu\" \/>\n\t<meta name=\"twitter:data2\" content=\"Stokta var\" \/>\n<script type=\"application\/ld+json\" class=\"yoast-schema-graph\">{\"@context\":\"https:\/\/schema.org\",\"@graph\":[{\"@type\":\"WebPage\",\"@id\":\"https:\/\/alegerglobal.com\/tr\/shop-tr\/aksesuarlar\/doener-tasima-kayisli-ve-standli-tutucu\/\",\"url\":\"https:\/\/alegerglobal.com\/tr\/shop-tr\/aksesuarlar\/doener-tasima-kayisli-ve-standli-tutucu\/\",\"name\":\"- ALEGER \u22c6 Augmented Reality\",\"isPartOf\":{\"@id\":\"https:\/\/alegerglobal.com\/tr\/#website\"},\"primaryImageOfPage\":{\"@id\":\"https:\/\/alegerglobal.com\/tr\/shop-tr\/aksesuarlar\/doener-tasima-kayisli-ve-standli-tutucu\/#primaryimage\"},\"image\":{\"@id\":\"https:\/\/alegerglobal.com\/tr\/shop-tr\/aksesuarlar\/doener-tasima-kayisli-ve-standli-tutucu\/#primaryimage\"},\"thumbnailUrl\":\"https:\/\/alegerglobal.com\/wp-content\/uploads\/2021\/02\/Unbenannt-127.jpg\",\"datePublished\":\"2024-06-03T11:42:20+00:00\",\"dateModified\":\"2024-06-03T11:42:24+00:00\",\"breadcrumb\":{\"@id\":\"https:\/\/alegerglobal.com\/tr\/shop-tr\/aksesuarlar\/doener-tasima-kayisli-ve-standli-tutucu\/#breadcrumb\"},\"inLanguage\":\"tr\",\"potentialAction\":[{\"@type\":\"ReadAction\",\"target\":[\"https:\/\/alegerglobal.com\/tr\/shop-tr\/aksesuarlar\/doener-tasima-kayisli-ve-standli-tutucu\/\"]}]},{\"@type\":\"ImageObject\",\"inLanguage\":\"tr\",\"@id\":\"https:\/\/alegerglobal.com\/tr\/shop-tr\/aksesuarlar\/doener-tasima-kayisli-ve-standli-tutucu\/#primaryimage\",\"url\":\"https:\/\/alegerglobal.com\/wp-content\/uploads\/2021\/02\/Unbenannt-127.jpg\",\"contentUrl\":\"https:\/\/alegerglobal.com\/wp-content\/uploads\/2021\/02\/Unbenannt-127.jpg\",\"width\":800,\"height\":800},{\"@type\":\"BreadcrumbList\",\"@id\":\"https:\/\/alegerglobal.com\/tr\/shop-tr\/aksesuarlar\/doener-tasima-kayisli-ve-standli-tutucu\/#breadcrumb\",\"itemListElement\":[{\"@type\":\"ListItem\",\"position\":1,\"name\":\"Home\",\"item\":\"https:\/\/alegerglobal.com\/tr\/yeni-anasayfa\/\"},{\"@type\":\"ListItem\",\"position\":2,\"name\":\"\u00dcr\u00fcnler\",\"item\":\"https:\/\/alegerglobal.com\/tr\/ueruenler\/\"},{\"@type\":\"ListItem\",\"position\":3,\"name\":\"D\u00f6ner ta\u015f\u0131ma kay\u0131\u015fl\u0131 ve standl\u0131 TUTUCU\"}]},{\"@type\":\"WebSite\",\"@id\":\"https:\/\/alegerglobal.com\/tr\/#website\",\"url\":\"https:\/\/alegerglobal.com\/tr\/\",\"name\":\"ALEGER \u22c6 Augmented Reality\",\"description\":\"Die besten Augmented Reality (AR) L\u00f6sungen der Welt.\",\"publisher\":{\"@id\":\"https:\/\/alegerglobal.com\/tr\/#organization\"},\"potentialAction\":[{\"@type\":\"SearchAction\",\"target\":{\"@type\":\"EntryPoint\",\"urlTemplate\":\"https:\/\/alegerglobal.com\/tr\/?s={search_term_string}\"},\"query-input\":{\"@type\":\"PropertyValueSpecification\",\"valueRequired\":true,\"valueName\":\"search_term_string\"}}],\"inLanguage\":\"tr\"},{\"@type\":\"Organization\",\"@id\":\"https:\/\/alegerglobal.com\/tr\/#organization\",\"name\":\"ALEGER \u22c6 Augmented Reality\",\"url\":\"https:\/\/alegerglobal.com\/tr\/\",\"logo\":{\"@type\":\"ImageObject\",\"inLanguage\":\"tr\",\"@id\":\"https:\/\/alegerglobal.com\/tr\/#\/schema\/logo\/image\/\",\"url\":\"https:\/\/alegerglobal.com\/wp-content\/uploads\/2020\/12\/aleger-logo-quadrat.jpg\",\"contentUrl\":\"https:\/\/alegerglobal.com\/wp-content\/uploads\/2020\/12\/aleger-logo-quadrat.jpg\",\"width\":200,\"height\":176,\"caption\":\"ALEGER \u22c6 Augmented Reality\"},\"image\":{\"@id\":\"https:\/\/alegerglobal.com\/tr\/#\/schema\/logo\/image\/\"}}]}<\/script>\n<meta property=\"product:brand\" content=\"Getac\" \/>\n<meta property=\"product:price:amount\" content=\"92.99\" \/>\n<meta property=\"product:price:currency\" content=\"EUR\" \/>\n<meta property=\"og:availability\" content=\"instock\" \/>\n<meta property=\"product:availability\" content=\"instock\" \/>\n<meta property=\"product:condition\" content=\"new\" \/>\n<!-- \/ Yoast SEO Premium plugin. -->","yoast_head_json":{"title":"- ALEGER \u22c6 Augmented Reality","robots":{"index":"index","follow":"follow","max-snippet":"max-snippet:-1","max-image-preview":"max-image-preview:large","max-video-preview":"max-video-preview:-1"},"og_locale":"tr_TR","og_type":"article","og_title":"D\u00f6ner ta\u015f\u0131ma kay\u0131\u015fl\u0131 ve standl\u0131 TUTUCU","og_description":"F110 i\u00e7in d\u00f6ner ta\u015f\u0131ma kay\u0131\u015fl\u0131 ve standl\u0131 tutucu d\u00f6rt farkl\u0131 versiyonda mevcuttur. Versiyonlar\u0131n her biri farkl\u0131 konfig\u00fcrasyonlara sahip F110 \u00fcniteleri i\u00e7in tasarlanm\u0131\u015ft\u0131r. Ta\u015f\u0131ma kay\u0131\u015f\u0131 neredeyse t\u00fcm el boyutlar\u0131na g\u00f6re ayarlanabilir ve 360 derece d\u00f6nd\u00fcr\u00fclebilir. B\u00f6ylece her zaman m\u00fckemmel g\u00f6r\u00fc\u015f a\u00e7\u0131s\u0131n\u0131 bulacaks\u0131n\u0131z. Teslimat kapsam\u0131nda ayr\u0131ca d\u00fcz y\u00fczeylerde eller serbest kullan\u0131m sa\u011flayan yerle\u015fik bir stand da bulunmaktad\u0131r. Tutucular, kullanmad\u0131\u011f\u0131n\u0131z zamanlarda kaleminizi veya say\u0131salla\u015ft\u0131r\u0131c\u0131n\u0131z\u0131 saklayabilece\u011finiz bir kalem tutucu i\u00e7erir. kullan\u0131n.","og_url":"https:\/\/alegerglobal.com\/tr\/shop-tr\/aksesuarlar\/doener-tasima-kayisli-ve-standli-tutucu\/","og_site_name":"ALEGER \u22c6 Augmented Reality","article_modified_time":"2024-06-03T11:42:24+00:00","og_image":[{"width":800,"height":800,"url":"https:\/\/alegerglobal.com\/wp-content\/uploads\/2021\/02\/Unbenannt-127.jpg","type":"image\/jpeg"}],"twitter_card":"summary_large_image","twitter_misc":{"Fiyat":"&euro;92,99","Durumu":"Stokta var"},"schema":{"@context":"https:\/\/schema.org","@graph":[{"@type":"WebPage","@id":"https:\/\/alegerglobal.com\/tr\/shop-tr\/aksesuarlar\/doener-tasima-kayisli-ve-standli-tutucu\/","url":"https:\/\/alegerglobal.com\/tr\/shop-tr\/aksesuarlar\/doener-tasima-kayisli-ve-standli-tutucu\/","name":"- ALEGER \u22c6 Augmented Reality","isPartOf":{"@id":"https:\/\/alegerglobal.com\/tr\/#website"},"primaryImageOfPage":{"@id":"https:\/\/alegerglobal.com\/tr\/shop-tr\/aksesuarlar\/doener-tasima-kayisli-ve-standli-tutucu\/#primaryimage"},"image":{"@id":"https:\/\/alegerglobal.com\/tr\/shop-tr\/aksesuarlar\/doener-tasima-kayisli-ve-standli-tutucu\/#primaryimage"},"thumbnailUrl":"https:\/\/alegerglobal.com\/wp-content\/uploads\/2021\/02\/Unbenannt-127.jpg","datePublished":"2024-06-03T11:42:20+00:00","dateModified":"2024-06-03T11:42:24+00:00","breadcrumb":{"@id":"https:\/\/alegerglobal.com\/tr\/shop-tr\/aksesuarlar\/doener-tasima-kayisli-ve-standli-tutucu\/#breadcrumb"},"inLanguage":"tr","potentialAction":[{"@type":"ReadAction","target":["https:\/\/alegerglobal.com\/tr\/shop-tr\/aksesuarlar\/doener-tasima-kayisli-ve-standli-tutucu\/"]}]},{"@type":"ImageObject","inLanguage":"tr","@id":"https:\/\/alegerglobal.com\/tr\/shop-tr\/aksesuarlar\/doener-tasima-kayisli-ve-standli-tutucu\/#primaryimage","url":"https:\/\/alegerglobal.com\/wp-content\/uploads\/2021\/02\/Unbenannt-127.jpg","contentUrl":"https:\/\/alegerglobal.com\/wp-content\/uploads\/2021\/02\/Unbenannt-127.jpg","width":800,"height":800},{"@type":"BreadcrumbList","@id":"https:\/\/alegerglobal.com\/tr\/shop-tr\/aksesuarlar\/doener-tasima-kayisli-ve-standli-tutucu\/#breadcrumb","itemListElement":[{"@type":"ListItem","position":1,"name":"Home","item":"https:\/\/alegerglobal.com\/tr\/yeni-anasayfa\/"},{"@type":"ListItem","position":2,"name":"\u00dcr\u00fcnler","item":"https:\/\/alegerglobal.com\/tr\/ueruenler\/"},{"@type":"ListItem","position":3,"name":"D\u00f6ner ta\u015f\u0131ma kay\u0131\u015fl\u0131 ve standl\u0131 TUTUCU"}]},{"@type":"WebSite","@id":"https:\/\/alegerglobal.com\/tr\/#website","url":"https:\/\/alegerglobal.com\/tr\/","name":"ALEGER \u22c6 Augmented Reality","description":"Die besten Augmented Reality (AR) L\u00f6sungen der Welt.","publisher":{"@id":"https:\/\/alegerglobal.com\/tr\/#organization"},"potentialAction":[{"@type":"SearchAction","target":{"@type":"EntryPoint","urlTemplate":"https:\/\/alegerglobal.com\/tr\/?s={search_term_string}"},"query-input":{"@type":"PropertyValueSpecification","valueRequired":true,"valueName":"search_term_string"}}],"inLanguage":"tr"},{"@type":"Organization","@id":"https:\/\/alegerglobal.com\/tr\/#organization","name":"ALEGER \u22c6 Augmented Reality","url":"https:\/\/alegerglobal.com\/tr\/","logo":{"@type":"ImageObject","inLanguage":"tr","@id":"https:\/\/alegerglobal.com\/tr\/#\/schema\/logo\/image\/","url":"https:\/\/alegerglobal.com\/wp-content\/uploads\/2020\/12\/aleger-logo-quadrat.jpg","contentUrl":"https:\/\/alegerglobal.com\/wp-content\/uploads\/2020\/12\/aleger-logo-quadrat.jpg","width":200,"height":176,"caption":"ALEGER \u22c6 Augmented Reality"},"image":{"@id":"https:\/\/alegerglobal.com\/tr\/#\/schema\/logo\/image\/"}}]},"product_brand":"Getac","product_price_amount":"92.99","product_price_currency":"EUR","og_availability":"instock","product_availability":"instock","product_condition":"new"},"_links":{"self":[{"href":"https:\/\/alegerglobal.com\/tr\/wp-json\/wp\/v2\/product\/39397","targetHints":{"allow":["GET"]}}],"collection":[{"href":"https:\/\/alegerglobal.com\/tr\/wp-json\/wp\/v2\/product"}],"about":[{"href":"https:\/\/alegerglobal.com\/tr\/wp-json\/wp\/v2\/types\/product"}],"replies":[{"embeddable":true,"href":"https:\/\/alegerglobal.com\/tr\/wp-json\/wp\/v2\/comments?post=39397"}],"version-history":[{"count":1,"href":"https:\/\/alegerglobal.com\/tr\/wp-json\/wp\/v2\/product\/39397\/revisions"}],"predecessor-version":[{"id":39405,"href":"https:\/\/alegerglobal.com\/tr\/wp-json\/wp\/v2\/product\/39397\/revisions\/39405"}],"wp:featuredmedia":[{"embeddable":true,"href":"https:\/\/alegerglobal.com\/tr\/wp-json\/wp\/v2\/media\/39401"}],"wp:attachment":[{"href":"https:\/\/alegerglobal.com\/tr\/wp-json\/wp\/v2\/media?parent=39397"}],"wp:term":[{"taxonomy":"product_brand","embeddable":true,"href":"https:\/\/alegerglobal.com\/tr\/wp-json\/wp\/v2\/product_brand?post=39397"},{"taxonomy":"product_cat","embeddable":true,"href":"https:\/\/alegerglobal.com\/tr\/wp-json\/wp\/v2\/product_cat?post=39397"},{"taxonomy":"product_tag","embeddable":true,"href":"https:\/\/alegerglobal.com\/tr\/wp-json\/wp\/v2\/product_tag?post=39397"}],"curies":[{"name":"wp","href":"https:\/\/api.w.org\/{rel}","templated":true}]}}