{"id":39386,"date":"2024-06-03T12:42:17","date_gmt":"2024-06-03T11:42:17","guid":{"rendered":"https:\/\/alegerglobal.com\/kategorilenmemis\/yueksek-performansli-pil-9240-mah-1li-set\/"},"modified":"2024-06-03T12:42:24","modified_gmt":"2024-06-03T11:42:24","slug":"yueksek-performansli-pil-9240-mah-1li-set","status":"publish","type":"product","link":"https:\/\/alegerglobal.com\/tr\/shop-tr\/aksesuarlar\/yueksek-performansli-pil-9240-mah-1li-set\/","title":{"rendered":"Y\u00dcKSEK PERFORMANSLI P\u0130L 9240 mAh (1&#8217;li set)"},"content":{"rendered":"\t\t<div data-elementor-type=\"product-post\" data-elementor-id=\"39386\" class=\"elementor elementor-39386 elementor-4089\" data-elementor-settings=\"{&quot;ha_cmc_init_switcher&quot;:&quot;no&quot;}\" data-elementor-post-type=\"product\">\n\t\t\t\t\t\t<section class=\"elementor-section elementor-top-section elementor-element elementor-element-5cc40d1 elementor-section-boxed elementor-section-height-default elementor-section-height-default\" data-id=\"5cc40d1\" data-element_type=\"section\" data-settings=\"{&quot;jet_parallax_layout_list&quot;:[],&quot;_ha_eqh_enable&quot;:false}\">\n\t\t\t\t\t\t<div class=\"elementor-container elementor-column-gap-default\">\n\t\t\t\t\t<div class=\"elementor-column elementor-col-100 elementor-top-column elementor-element elementor-element-b73228b\" data-id=\"b73228b\" data-element_type=\"column\">\n\t\t\t<div class=\"elementor-widget-wrap elementor-element-populated\">\n\t\t\t\t\t\t<div class=\"elementor-element elementor-element-8f7798c elementor-widget elementor-widget-text-editor\" data-id=\"8f7798c\" data-element_type=\"widget\" data-widget_type=\"text-editor.default\">\n\t\t\t\t<div class=\"elementor-widget-container\">\n\t\t\t\t\t\t\t\t\t<p><strong>\u00dcr\u00fcn bilgileri<\/strong><\/p>\n<p>Pil tipi: Lityum-iyon<\/p>\n<p>Gerilim: 10,8 V<\/p>\n<p>Kapasite: 9240 mAh<\/p>\n<p>H\u00fccre say\u0131s\u0131: 3S3P<\/p>\n<p>Boyutlar:<\/p>\n<p>U 140 x G 136 x D 21 mm<\/p>\n<p>\u0130lave cihaz derinli\u011fi: \u0130lave<\/p>\n<p>T 11 mm<\/p>\n<p>A\u011f\u0131rl\u0131k: 515 g<\/p>\n<\/p>\n<p><strong>SKU KIMLI\u011eI<\/strong><\/p>\n<p>SKU ID: GBM9X5<\/p>\n\t\t\t\t\t\t\t\t<\/div>\n\t\t\t\t<\/div>\n\t\t\t\t\t<\/div>\n\t\t<\/div>\n\t\t\t\t\t<\/div>\n\t\t<\/section>\n\t\t\t\t<\/div>\n\t\t","protected":false},"excerpt":{"rendered":"<p>Bu y\u00fcksek performansl\u0131 pil tak\u0131m\u0131, pil \u00f6mr\u00fcn\u00fc iki kat\u0131na \u00e7\u0131kar\u0131r (standart pil tak\u0131m\u0131na k\u0131yasla) ve bu nedenle<br \/>\nBu, ekstra pil \u00f6mr\u00fcne ihtiya\u00e7 duyan herkes i\u00e7in m\u00fckemmel bir \u00e7\u00f6z\u00fcmd\u00fcr.<\/p>\n","protected":false},"featured_media":39390,"comment_status":"open","ping_status":"closed","template":"","meta":{"_acf_changed":false},"product_brand":[],"product_cat":[2362,2318],"product_tag":[],"class_list":{"0":"post-39386","1":"product","2":"type-product","3":"status-publish","4":"has-post-thumbnail","6":"product_cat-aksesuarlar","7":"product_cat-shop-tr","8":"pa_hersteller-getac-tr","10":"first","11":"instock","12":"taxable","13":"shipping-taxable","14":"purchasable","15":"product-type-simple"},"acf":[],"yoast_head":"<!-- This site is optimized with the Yoast SEO Premium plugin v20.10 (Yoast SEO v24.3) - https:\/\/yoast.com\/wordpress\/plugins\/seo\/ -->\n<title>- ALEGER \u22c6 Augmented Reality<\/title>\n<meta name=\"robots\" content=\"index, follow, max-snippet:-1, max-image-preview:large, max-video-preview:-1\" \/>\n<meta property=\"og:locale\" content=\"tr_TR\" \/>\n<meta property=\"og:type\" content=\"article\" \/>\n<meta property=\"og:title\" content=\"Y\u00dcKSEK PERFORMANSLI P\u0130L 9240 mAh (1&#039;li set)\" \/>\n<meta property=\"og:description\" content=\"Bu y\u00fcksek performansl\u0131 pil tak\u0131m\u0131, pil \u00f6mr\u00fcn\u00fc iki kat\u0131na \u00e7\u0131kar\u0131r (standart pil tak\u0131m\u0131na k\u0131yasla) ve bu nedenle Bu, ekstra pil \u00f6mr\u00fcne ihtiya\u00e7 duyan herkes i\u00e7in m\u00fckemmel bir \u00e7\u00f6z\u00fcmd\u00fcr.\" \/>\n<meta property=\"og:url\" content=\"https:\/\/alegerglobal.com\/tr\/shop-tr\/aksesuarlar\/yueksek-performansli-pil-9240-mah-1li-set\/\" \/>\n<meta property=\"og:site_name\" content=\"ALEGER \u22c6 Augmented Reality\" \/>\n<meta property=\"article:modified_time\" content=\"2024-06-03T11:42:24+00:00\" \/>\n<meta property=\"og:image\" content=\"https:\/\/alegerglobal.com\/wp-content\/uploads\/2021\/02\/Unbenannt-106.jpg\" \/>\n\t<meta property=\"og:image:width\" content=\"800\" \/>\n\t<meta property=\"og:image:height\" content=\"800\" \/>\n\t<meta property=\"og:image:type\" content=\"image\/jpeg\" \/>\n<meta name=\"twitter:card\" content=\"summary_large_image\" \/>\n<meta name=\"twitter:label1\" content=\"Fiyat\" \/>\n\t<meta name=\"twitter:data1\" content=\"&euro;228,99\" \/>\n\t<meta name=\"twitter:label2\" content=\"Durumu\" \/>\n\t<meta name=\"twitter:data2\" content=\"Stokta var\" \/>\n<script type=\"application\/ld+json\" class=\"yoast-schema-graph\">{\"@context\":\"https:\/\/schema.org\",\"@graph\":[{\"@type\":\"WebPage\",\"@id\":\"https:\/\/alegerglobal.com\/tr\/shop-tr\/aksesuarlar\/yueksek-performansli-pil-9240-mah-1li-set\/\",\"url\":\"https:\/\/alegerglobal.com\/tr\/shop-tr\/aksesuarlar\/yueksek-performansli-pil-9240-mah-1li-set\/\",\"name\":\"- ALEGER \u22c6 Augmented Reality\",\"isPartOf\":{\"@id\":\"https:\/\/alegerglobal.com\/tr\/#website\"},\"primaryImageOfPage\":{\"@id\":\"https:\/\/alegerglobal.com\/tr\/shop-tr\/aksesuarlar\/yueksek-performansli-pil-9240-mah-1li-set\/#primaryimage\"},\"image\":{\"@id\":\"https:\/\/alegerglobal.com\/tr\/shop-tr\/aksesuarlar\/yueksek-performansli-pil-9240-mah-1li-set\/#primaryimage\"},\"thumbnailUrl\":\"https:\/\/alegerglobal.com\/wp-content\/uploads\/2021\/02\/Unbenannt-106.jpg\",\"datePublished\":\"2024-06-03T11:42:17+00:00\",\"dateModified\":\"2024-06-03T11:42:24+00:00\",\"breadcrumb\":{\"@id\":\"https:\/\/alegerglobal.com\/tr\/shop-tr\/aksesuarlar\/yueksek-performansli-pil-9240-mah-1li-set\/#breadcrumb\"},\"inLanguage\":\"tr\",\"potentialAction\":[{\"@type\":\"ReadAction\",\"target\":[\"https:\/\/alegerglobal.com\/tr\/shop-tr\/aksesuarlar\/yueksek-performansli-pil-9240-mah-1li-set\/\"]}]},{\"@type\":\"ImageObject\",\"inLanguage\":\"tr\",\"@id\":\"https:\/\/alegerglobal.com\/tr\/shop-tr\/aksesuarlar\/yueksek-performansli-pil-9240-mah-1li-set\/#primaryimage\",\"url\":\"https:\/\/alegerglobal.com\/wp-content\/uploads\/2021\/02\/Unbenannt-106.jpg\",\"contentUrl\":\"https:\/\/alegerglobal.com\/wp-content\/uploads\/2021\/02\/Unbenannt-106.jpg\",\"width\":800,\"height\":800},{\"@type\":\"BreadcrumbList\",\"@id\":\"https:\/\/alegerglobal.com\/tr\/shop-tr\/aksesuarlar\/yueksek-performansli-pil-9240-mah-1li-set\/#breadcrumb\",\"itemListElement\":[{\"@type\":\"ListItem\",\"position\":1,\"name\":\"Home\",\"item\":\"https:\/\/alegerglobal.com\/tr\/yeni-anasayfa\/\"},{\"@type\":\"ListItem\",\"position\":2,\"name\":\"\u00dcr\u00fcnler\",\"item\":\"https:\/\/alegerglobal.com\/tr\/ueruenler\/\"},{\"@type\":\"ListItem\",\"position\":3,\"name\":\"Y\u00dcKSEK PERFORMANSLI P\u0130L 9240 mAh (1&#8217;li set)\"}]},{\"@type\":\"WebSite\",\"@id\":\"https:\/\/alegerglobal.com\/tr\/#website\",\"url\":\"https:\/\/alegerglobal.com\/tr\/\",\"name\":\"ALEGER \u22c6 Augmented Reality\",\"description\":\"Die besten Augmented Reality (AR) L\u00f6sungen der Welt.\",\"publisher\":{\"@id\":\"https:\/\/alegerglobal.com\/tr\/#organization\"},\"potentialAction\":[{\"@type\":\"SearchAction\",\"target\":{\"@type\":\"EntryPoint\",\"urlTemplate\":\"https:\/\/alegerglobal.com\/tr\/?s={search_term_string}\"},\"query-input\":{\"@type\":\"PropertyValueSpecification\",\"valueRequired\":true,\"valueName\":\"search_term_string\"}}],\"inLanguage\":\"tr\"},{\"@type\":\"Organization\",\"@id\":\"https:\/\/alegerglobal.com\/tr\/#organization\",\"name\":\"ALEGER \u22c6 Augmented Reality\",\"url\":\"https:\/\/alegerglobal.com\/tr\/\",\"logo\":{\"@type\":\"ImageObject\",\"inLanguage\":\"tr\",\"@id\":\"https:\/\/alegerglobal.com\/tr\/#\/schema\/logo\/image\/\",\"url\":\"https:\/\/alegerglobal.com\/wp-content\/uploads\/2020\/12\/aleger-logo-quadrat.jpg\",\"contentUrl\":\"https:\/\/alegerglobal.com\/wp-content\/uploads\/2020\/12\/aleger-logo-quadrat.jpg\",\"width\":200,\"height\":176,\"caption\":\"ALEGER \u22c6 Augmented Reality\"},\"image\":{\"@id\":\"https:\/\/alegerglobal.com\/tr\/#\/schema\/logo\/image\/\"}}]}<\/script>\n<meta property=\"product:brand\" content=\"Getac\" \/>\n<meta property=\"product:price:amount\" content=\"228.99\" \/>\n<meta property=\"product:price:currency\" content=\"EUR\" \/>\n<meta property=\"og:availability\" content=\"instock\" \/>\n<meta property=\"product:availability\" content=\"instock\" \/>\n<meta property=\"product:condition\" content=\"new\" \/>\n<!-- \/ Yoast SEO Premium plugin. -->","yoast_head_json":{"title":"- ALEGER \u22c6 Augmented Reality","robots":{"index":"index","follow":"follow","max-snippet":"max-snippet:-1","max-image-preview":"max-image-preview:large","max-video-preview":"max-video-preview:-1"},"og_locale":"tr_TR","og_type":"article","og_title":"Y\u00dcKSEK PERFORMANSLI P\u0130L 9240 mAh (1'li set)","og_description":"Bu y\u00fcksek performansl\u0131 pil tak\u0131m\u0131, pil \u00f6mr\u00fcn\u00fc iki kat\u0131na \u00e7\u0131kar\u0131r (standart pil tak\u0131m\u0131na k\u0131yasla) ve bu nedenle Bu, ekstra pil \u00f6mr\u00fcne ihtiya\u00e7 duyan herkes i\u00e7in m\u00fckemmel bir \u00e7\u00f6z\u00fcmd\u00fcr.","og_url":"https:\/\/alegerglobal.com\/tr\/shop-tr\/aksesuarlar\/yueksek-performansli-pil-9240-mah-1li-set\/","og_site_name":"ALEGER \u22c6 Augmented Reality","article_modified_time":"2024-06-03T11:42:24+00:00","og_image":[{"width":800,"height":800,"url":"https:\/\/alegerglobal.com\/wp-content\/uploads\/2021\/02\/Unbenannt-106.jpg","type":"image\/jpeg"}],"twitter_card":"summary_large_image","twitter_misc":{"Fiyat":"&euro;228,99","Durumu":"Stokta var"},"schema":{"@context":"https:\/\/schema.org","@graph":[{"@type":"WebPage","@id":"https:\/\/alegerglobal.com\/tr\/shop-tr\/aksesuarlar\/yueksek-performansli-pil-9240-mah-1li-set\/","url":"https:\/\/alegerglobal.com\/tr\/shop-tr\/aksesuarlar\/yueksek-performansli-pil-9240-mah-1li-set\/","name":"- ALEGER \u22c6 Augmented Reality","isPartOf":{"@id":"https:\/\/alegerglobal.com\/tr\/#website"},"primaryImageOfPage":{"@id":"https:\/\/alegerglobal.com\/tr\/shop-tr\/aksesuarlar\/yueksek-performansli-pil-9240-mah-1li-set\/#primaryimage"},"image":{"@id":"https:\/\/alegerglobal.com\/tr\/shop-tr\/aksesuarlar\/yueksek-performansli-pil-9240-mah-1li-set\/#primaryimage"},"thumbnailUrl":"https:\/\/alegerglobal.com\/wp-content\/uploads\/2021\/02\/Unbenannt-106.jpg","datePublished":"2024-06-03T11:42:17+00:00","dateModified":"2024-06-03T11:42:24+00:00","breadcrumb":{"@id":"https:\/\/alegerglobal.com\/tr\/shop-tr\/aksesuarlar\/yueksek-performansli-pil-9240-mah-1li-set\/#breadcrumb"},"inLanguage":"tr","potentialAction":[{"@type":"ReadAction","target":["https:\/\/alegerglobal.com\/tr\/shop-tr\/aksesuarlar\/yueksek-performansli-pil-9240-mah-1li-set\/"]}]},{"@type":"ImageObject","inLanguage":"tr","@id":"https:\/\/alegerglobal.com\/tr\/shop-tr\/aksesuarlar\/yueksek-performansli-pil-9240-mah-1li-set\/#primaryimage","url":"https:\/\/alegerglobal.com\/wp-content\/uploads\/2021\/02\/Unbenannt-106.jpg","contentUrl":"https:\/\/alegerglobal.com\/wp-content\/uploads\/2021\/02\/Unbenannt-106.jpg","width":800,"height":800},{"@type":"BreadcrumbList","@id":"https:\/\/alegerglobal.com\/tr\/shop-tr\/aksesuarlar\/yueksek-performansli-pil-9240-mah-1li-set\/#breadcrumb","itemListElement":[{"@type":"ListItem","position":1,"name":"Home","item":"https:\/\/alegerglobal.com\/tr\/yeni-anasayfa\/"},{"@type":"ListItem","position":2,"name":"\u00dcr\u00fcnler","item":"https:\/\/alegerglobal.com\/tr\/ueruenler\/"},{"@type":"ListItem","position":3,"name":"Y\u00dcKSEK PERFORMANSLI P\u0130L 9240 mAh (1&#8217;li set)"}]},{"@type":"WebSite","@id":"https:\/\/alegerglobal.com\/tr\/#website","url":"https:\/\/alegerglobal.com\/tr\/","name":"ALEGER \u22c6 Augmented Reality","description":"Die besten Augmented Reality (AR) L\u00f6sungen der Welt.","publisher":{"@id":"https:\/\/alegerglobal.com\/tr\/#organization"},"potentialAction":[{"@type":"SearchAction","target":{"@type":"EntryPoint","urlTemplate":"https:\/\/alegerglobal.com\/tr\/?s={search_term_string}"},"query-input":{"@type":"PropertyValueSpecification","valueRequired":true,"valueName":"search_term_string"}}],"inLanguage":"tr"},{"@type":"Organization","@id":"https:\/\/alegerglobal.com\/tr\/#organization","name":"ALEGER \u22c6 Augmented Reality","url":"https:\/\/alegerglobal.com\/tr\/","logo":{"@type":"ImageObject","inLanguage":"tr","@id":"https:\/\/alegerglobal.com\/tr\/#\/schema\/logo\/image\/","url":"https:\/\/alegerglobal.com\/wp-content\/uploads\/2020\/12\/aleger-logo-quadrat.jpg","contentUrl":"https:\/\/alegerglobal.com\/wp-content\/uploads\/2020\/12\/aleger-logo-quadrat.jpg","width":200,"height":176,"caption":"ALEGER \u22c6 Augmented Reality"},"image":{"@id":"https:\/\/alegerglobal.com\/tr\/#\/schema\/logo\/image\/"}}]},"product_brand":"Getac","product_price_amount":"228.99","product_price_currency":"EUR","og_availability":"instock","product_availability":"instock","product_condition":"new"},"_links":{"self":[{"href":"https:\/\/alegerglobal.com\/tr\/wp-json\/wp\/v2\/product\/39386","targetHints":{"allow":["GET"]}}],"collection":[{"href":"https:\/\/alegerglobal.com\/tr\/wp-json\/wp\/v2\/product"}],"about":[{"href":"https:\/\/alegerglobal.com\/tr\/wp-json\/wp\/v2\/types\/product"}],"replies":[{"embeddable":true,"href":"https:\/\/alegerglobal.com\/tr\/wp-json\/wp\/v2\/comments?post=39386"}],"version-history":[{"count":1,"href":"https:\/\/alegerglobal.com\/tr\/wp-json\/wp\/v2\/product\/39386\/revisions"}],"predecessor-version":[{"id":39394,"href":"https:\/\/alegerglobal.com\/tr\/wp-json\/wp\/v2\/product\/39386\/revisions\/39394"}],"wp:featuredmedia":[{"embeddable":true,"href":"https:\/\/alegerglobal.com\/tr\/wp-json\/wp\/v2\/media\/39390"}],"wp:attachment":[{"href":"https:\/\/alegerglobal.com\/tr\/wp-json\/wp\/v2\/media?parent=39386"}],"wp:term":[{"taxonomy":"product_brand","embeddable":true,"href":"https:\/\/alegerglobal.com\/tr\/wp-json\/wp\/v2\/product_brand?post=39386"},{"taxonomy":"product_cat","embeddable":true,"href":"https:\/\/alegerglobal.com\/tr\/wp-json\/wp\/v2\/product_cat?post=39386"},{"taxonomy":"product_tag","embeddable":true,"href":"https:\/\/alegerglobal.com\/tr\/wp-json\/wp\/v2\/product_tag?post=39386"}],"curies":[{"name":"wp","href":"https:\/\/api.w.org\/{rel}","templated":true}]}}