{"id":39384,"date":"2024-06-03T12:42:17","date_gmt":"2024-06-03T11:42:17","guid":{"rendered":"https:\/\/alegerglobal.com\/kategorilenmemis\/ofis-doku\/"},"modified":"2024-06-03T12:42:24","modified_gmt":"2024-06-03T11:42:24","slug":"ofis-doku","status":"publish","type":"product","link":"https:\/\/alegerglobal.com\/tr\/shop-tr\/aksesuarlar\/ofis-doku\/","title":{"rendered":"OF\u0130S DOKU"},"content":{"rendered":"\t\t<div data-elementor-type=\"product-post\" data-elementor-id=\"39384\" class=\"elementor elementor-39384 elementor-4144\" data-elementor-settings=\"{&quot;ha_cmc_init_switcher&quot;:&quot;no&quot;}\" data-elementor-post-type=\"product\">\n\t\t\t\t\t\t<section class=\"elementor-section elementor-top-section elementor-element elementor-element-8409db5 elementor-section-boxed elementor-section-height-default elementor-section-height-default\" data-id=\"8409db5\" data-element_type=\"section\" data-settings=\"{&quot;jet_parallax_layout_list&quot;:[],&quot;_ha_eqh_enable&quot;:false}\">\n\t\t\t\t\t\t<div class=\"elementor-container elementor-column-gap-default\">\n\t\t\t\t\t<div class=\"elementor-column elementor-col-100 elementor-top-column elementor-element elementor-element-234c922\" data-id=\"234c922\" data-element_type=\"column\">\n\t\t\t<div class=\"elementor-widget-wrap elementor-element-populated\">\n\t\t\t\t\t\t<div class=\"elementor-element elementor-element-ab70ee1 elementor-widget elementor-widget-text-editor\" data-id=\"ab70ee1\" data-element_type=\"widget\" data-widget_type=\"text-editor.default\">\n\t\t\t\t<div class=\"elementor-widget-container\">\n\t\t\t\t\t\t\t\t\t<p><strong>\u00dcr\u00fcn bilgileri<\/strong><\/p>\n<p>Ofis r\u0131ht\u0131m\u0131 I\/O<\/p>\n<p>Ba\u011flant\u0131lar: RJ45 x 1\/USB 2.0 x 3<\/p>\n<p>Adapt\u00f6r:<\/p>\n<p>Giri\u015f gerilimi:<\/p>\n<p>100 V-240 V AC<\/p>\n<p>\u00c7\u0131k\u0131\u015f gerilimi: 12 V DC<\/p>\n<p>\u00c7\u0131k\u0131\u015f ak\u0131m\u0131: Maks. 2 A<\/p>\n<p>Boyutlar:<\/p>\n<p>Ofis iskelesi:<\/p>\n<p>U 104,3 x G 150 x Y 61,3 mm<\/p>\n<p>A\u011f\u0131rl\u0131k: 0,34 kg<\/p>\n<p>Adapt\u00f6r:<\/p>\n<p>U 57,5 x G 69 x Y 32,6 mm<\/p>\n<p>\u00c7\u0131k\u0131\u015f kablosu: 1800 mm<\/p>\n<p>A\u011f\u0131rl\u0131k: 0,14 kg<\/p>\n<\/p>\n<p><strong>SKU KIMLI\u011eI<\/strong><\/p>\n<p>SKU ID A\u00e7\u0131klama<\/p>\n<p>GDOF5J<\/p>\n<p>EX80 ofis yuvas\u0131 (\u015farj yuvas\u0131 ile<\/p>\n<p>AC adapt\u00f6r, 24 W,<\/p>\n<p>100-240 V AC, 50\/60 Hz)<\/p>\n<p>* L\u00fctfen AC adapt\u00f6r\u00fcn<\/p>\n<p>ayr\u0131 olarak da mevcuttur (a\u015fa\u011f\u0131dakiler i\u00e7in bir yedek olarak<\/p>\n<p>EX80 ofis dock&#8217;unun AC adapt\u00f6r\u00fc).<\/p>\n<p>(SKU ID: GAA251 AC adapt\u00f6r seti ile<\/p>\n<p>ABD\/AB\/\u0130ngiltere\/\u00c7N\/ANZ fi\u015fi)<\/p>\n\t\t\t\t\t\t\t\t<\/div>\n\t\t\t\t<\/div>\n\t\t\t\t\t<\/div>\n\t\t<\/div>\n\t\t\t\t\t<\/div>\n\t\t<\/section>\n\t\t\t\t<\/div>\n\t\t","protected":false},"excerpt":{"rendered":"<p>Getac EX80 ofis yuvas\u0131, \u00f6nemli \u00e7evre birimlerini ofisinizdeki cihazlara ba\u011flamak i\u00e7in \u00e7e\u015fitli I\/O ba\u011flant\u0131 noktalar\u0131 sunar. Entegre Ethernet ve USB ba\u011flant\u0131 noktalar\u0131, kullan\u0131c\u0131lar\u0131n sahadan h\u0131zl\u0131 bir \u015fekilde veri toplamas\u0131na ve bunlar\u0131 merkez ofisteki verilerle senkronize ederek ger\u00e7ek zamanl\u0131 raporlama ve analiz yapmas\u0131na olanak tan\u0131r. Potansiyel olarak patlay\u0131c\u0131 ortamlarda bile g\u00fcvenli\u011fi sa\u011flamak i\u00e7in DC giri\u015f soketi \u00e7\u0131kar\u0131lm\u0131\u015ft\u0131r. \u015earj s\u0131ras\u0131nda maksimum g\u00fcvenlik i\u00e7in, cihazlar ofis yuvas\u0131na tehlikeli olmayan bir ortamda ba\u011flanmal\u0131d\u0131r. Bu AC adapt\u00f6r seti, d\u00fcnyan\u0131n her yerindeki prizlere uyan be\u015f farkl\u0131 \u015febeke fi\u015fi (AB\/\u0130ngiltere\/ABD\/\u00c7N\/ANZ) i\u00e7erir. Bu, mobil uygulamalar i\u00e7in ek kolayl\u0131k sa\u011flar.<\/p>\n","protected":false},"featured_media":39388,"comment_status":"open","ping_status":"closed","template":"","meta":{"_acf_changed":false},"product_brand":[],"product_cat":[2362,2318],"product_tag":[],"class_list":{"0":"post-39384","1":"product","2":"type-product","3":"status-publish","4":"has-post-thumbnail","6":"product_cat-aksesuarlar","7":"product_cat-shop-tr","8":"pa_hersteller-getac-tr","10":"first","11":"instock","12":"taxable","13":"shipping-taxable","14":"purchasable","15":"product-type-simple"},"acf":[],"yoast_head":"<!-- This site is optimized with the Yoast SEO Premium plugin v20.10 (Yoast SEO v24.3) - https:\/\/yoast.com\/wordpress\/plugins\/seo\/ -->\n<title>- ALEGER \u22c6 Augmented Reality<\/title>\n<meta name=\"robots\" content=\"index, follow, max-snippet:-1, max-image-preview:large, max-video-preview:-1\" \/>\n<meta property=\"og:locale\" content=\"tr_TR\" \/>\n<meta property=\"og:type\" content=\"article\" \/>\n<meta property=\"og:title\" content=\"OF\u0130S DOKU\" \/>\n<meta property=\"og:description\" content=\"Getac EX80 ofis yuvas\u0131, \u00f6nemli \u00e7evre birimlerini ofisinizdeki cihazlara ba\u011flamak i\u00e7in \u00e7e\u015fitli I\/O ba\u011flant\u0131 noktalar\u0131 sunar. Entegre Ethernet ve USB ba\u011flant\u0131 noktalar\u0131, kullan\u0131c\u0131lar\u0131n sahadan h\u0131zl\u0131 bir \u015fekilde veri toplamas\u0131na ve bunlar\u0131 merkez ofisteki verilerle senkronize ederek ger\u00e7ek zamanl\u0131 raporlama ve analiz yapmas\u0131na olanak tan\u0131r. Potansiyel olarak patlay\u0131c\u0131 ortamlarda bile g\u00fcvenli\u011fi sa\u011flamak i\u00e7in DC giri\u015f soketi \u00e7\u0131kar\u0131lm\u0131\u015ft\u0131r. \u015earj s\u0131ras\u0131nda maksimum g\u00fcvenlik i\u00e7in, cihazlar ofis yuvas\u0131na tehlikeli olmayan bir ortamda ba\u011flanmal\u0131d\u0131r. Bu AC adapt\u00f6r seti, d\u00fcnyan\u0131n her yerindeki prizlere uyan be\u015f farkl\u0131 \u015febeke fi\u015fi (AB\/\u0130ngiltere\/ABD\/\u00c7N\/ANZ) i\u00e7erir. Bu, mobil uygulamalar i\u00e7in ek kolayl\u0131k sa\u011flar.\" \/>\n<meta property=\"og:url\" content=\"https:\/\/alegerglobal.com\/tr\/shop-tr\/aksesuarlar\/ofis-doku\/\" \/>\n<meta property=\"og:site_name\" content=\"ALEGER \u22c6 Augmented Reality\" \/>\n<meta property=\"article:modified_time\" content=\"2024-06-03T11:42:24+00:00\" \/>\n<meta property=\"og:image\" content=\"https:\/\/alegerglobal.com\/wp-content\/uploads\/2021\/02\/Unbenannt-108.jpg\" \/>\n\t<meta property=\"og:image:width\" content=\"800\" \/>\n\t<meta property=\"og:image:height\" content=\"800\" \/>\n\t<meta property=\"og:image:type\" content=\"image\/jpeg\" \/>\n<meta name=\"twitter:card\" content=\"summary_large_image\" \/>\n<meta name=\"twitter:label1\" content=\"Fiyat\" \/>\n\t<meta name=\"twitter:data1\" content=\"&euro;54,99\" \/>\n\t<meta name=\"twitter:label2\" content=\"Durumu\" \/>\n\t<meta name=\"twitter:data2\" content=\"Stokta var\" \/>\n<script type=\"application\/ld+json\" class=\"yoast-schema-graph\">{\"@context\":\"https:\/\/schema.org\",\"@graph\":[{\"@type\":\"WebPage\",\"@id\":\"https:\/\/alegerglobal.com\/tr\/shop-tr\/aksesuarlar\/ofis-doku\/\",\"url\":\"https:\/\/alegerglobal.com\/tr\/shop-tr\/aksesuarlar\/ofis-doku\/\",\"name\":\"- ALEGER \u22c6 Augmented Reality\",\"isPartOf\":{\"@id\":\"https:\/\/alegerglobal.com\/tr\/#website\"},\"primaryImageOfPage\":{\"@id\":\"https:\/\/alegerglobal.com\/tr\/shop-tr\/aksesuarlar\/ofis-doku\/#primaryimage\"},\"image\":{\"@id\":\"https:\/\/alegerglobal.com\/tr\/shop-tr\/aksesuarlar\/ofis-doku\/#primaryimage\"},\"thumbnailUrl\":\"https:\/\/alegerglobal.com\/wp-content\/uploads\/2021\/02\/Unbenannt-108.jpg\",\"datePublished\":\"2024-06-03T11:42:17+00:00\",\"dateModified\":\"2024-06-03T11:42:24+00:00\",\"breadcrumb\":{\"@id\":\"https:\/\/alegerglobal.com\/tr\/shop-tr\/aksesuarlar\/ofis-doku\/#breadcrumb\"},\"inLanguage\":\"tr\",\"potentialAction\":[{\"@type\":\"ReadAction\",\"target\":[\"https:\/\/alegerglobal.com\/tr\/shop-tr\/aksesuarlar\/ofis-doku\/\"]}]},{\"@type\":\"ImageObject\",\"inLanguage\":\"tr\",\"@id\":\"https:\/\/alegerglobal.com\/tr\/shop-tr\/aksesuarlar\/ofis-doku\/#primaryimage\",\"url\":\"https:\/\/alegerglobal.com\/wp-content\/uploads\/2021\/02\/Unbenannt-108.jpg\",\"contentUrl\":\"https:\/\/alegerglobal.com\/wp-content\/uploads\/2021\/02\/Unbenannt-108.jpg\",\"width\":800,\"height\":800},{\"@type\":\"BreadcrumbList\",\"@id\":\"https:\/\/alegerglobal.com\/tr\/shop-tr\/aksesuarlar\/ofis-doku\/#breadcrumb\",\"itemListElement\":[{\"@type\":\"ListItem\",\"position\":1,\"name\":\"Home\",\"item\":\"https:\/\/alegerglobal.com\/tr\/yeni-anasayfa\/\"},{\"@type\":\"ListItem\",\"position\":2,\"name\":\"\u00dcr\u00fcnler\",\"item\":\"https:\/\/alegerglobal.com\/tr\/ueruenler\/\"},{\"@type\":\"ListItem\",\"position\":3,\"name\":\"OF\u0130S DOKU\"}]},{\"@type\":\"WebSite\",\"@id\":\"https:\/\/alegerglobal.com\/tr\/#website\",\"url\":\"https:\/\/alegerglobal.com\/tr\/\",\"name\":\"ALEGER \u22c6 Augmented Reality\",\"description\":\"Die besten Augmented Reality (AR) L\u00f6sungen der Welt.\",\"publisher\":{\"@id\":\"https:\/\/alegerglobal.com\/tr\/#organization\"},\"potentialAction\":[{\"@type\":\"SearchAction\",\"target\":{\"@type\":\"EntryPoint\",\"urlTemplate\":\"https:\/\/alegerglobal.com\/tr\/?s={search_term_string}\"},\"query-input\":{\"@type\":\"PropertyValueSpecification\",\"valueRequired\":true,\"valueName\":\"search_term_string\"}}],\"inLanguage\":\"tr\"},{\"@type\":\"Organization\",\"@id\":\"https:\/\/alegerglobal.com\/tr\/#organization\",\"name\":\"ALEGER \u22c6 Augmented Reality\",\"url\":\"https:\/\/alegerglobal.com\/tr\/\",\"logo\":{\"@type\":\"ImageObject\",\"inLanguage\":\"tr\",\"@id\":\"https:\/\/alegerglobal.com\/tr\/#\/schema\/logo\/image\/\",\"url\":\"https:\/\/alegerglobal.com\/wp-content\/uploads\/2020\/12\/aleger-logo-quadrat.jpg\",\"contentUrl\":\"https:\/\/alegerglobal.com\/wp-content\/uploads\/2020\/12\/aleger-logo-quadrat.jpg\",\"width\":200,\"height\":176,\"caption\":\"ALEGER \u22c6 Augmented Reality\"},\"image\":{\"@id\":\"https:\/\/alegerglobal.com\/tr\/#\/schema\/logo\/image\/\"}}]}<\/script>\n<meta property=\"product:brand\" content=\"Getac\" \/>\n<meta property=\"product:price:amount\" content=\"54.99\" \/>\n<meta property=\"product:price:currency\" content=\"EUR\" \/>\n<meta property=\"og:availability\" content=\"instock\" \/>\n<meta property=\"product:availability\" content=\"instock\" \/>\n<meta property=\"product:condition\" content=\"new\" \/>\n<!-- \/ Yoast SEO Premium plugin. -->","yoast_head_json":{"title":"- ALEGER \u22c6 Augmented Reality","robots":{"index":"index","follow":"follow","max-snippet":"max-snippet:-1","max-image-preview":"max-image-preview:large","max-video-preview":"max-video-preview:-1"},"og_locale":"tr_TR","og_type":"article","og_title":"OF\u0130S DOKU","og_description":"Getac EX80 ofis yuvas\u0131, \u00f6nemli \u00e7evre birimlerini ofisinizdeki cihazlara ba\u011flamak i\u00e7in \u00e7e\u015fitli I\/O ba\u011flant\u0131 noktalar\u0131 sunar. Entegre Ethernet ve USB ba\u011flant\u0131 noktalar\u0131, kullan\u0131c\u0131lar\u0131n sahadan h\u0131zl\u0131 bir \u015fekilde veri toplamas\u0131na ve bunlar\u0131 merkez ofisteki verilerle senkronize ederek ger\u00e7ek zamanl\u0131 raporlama ve analiz yapmas\u0131na olanak tan\u0131r. Potansiyel olarak patlay\u0131c\u0131 ortamlarda bile g\u00fcvenli\u011fi sa\u011flamak i\u00e7in DC giri\u015f soketi \u00e7\u0131kar\u0131lm\u0131\u015ft\u0131r. \u015earj s\u0131ras\u0131nda maksimum g\u00fcvenlik i\u00e7in, cihazlar ofis yuvas\u0131na tehlikeli olmayan bir ortamda ba\u011flanmal\u0131d\u0131r. Bu AC adapt\u00f6r seti, d\u00fcnyan\u0131n her yerindeki prizlere uyan be\u015f farkl\u0131 \u015febeke fi\u015fi (AB\/\u0130ngiltere\/ABD\/\u00c7N\/ANZ) i\u00e7erir. Bu, mobil uygulamalar i\u00e7in ek kolayl\u0131k sa\u011flar.","og_url":"https:\/\/alegerglobal.com\/tr\/shop-tr\/aksesuarlar\/ofis-doku\/","og_site_name":"ALEGER \u22c6 Augmented Reality","article_modified_time":"2024-06-03T11:42:24+00:00","og_image":[{"width":800,"height":800,"url":"https:\/\/alegerglobal.com\/wp-content\/uploads\/2021\/02\/Unbenannt-108.jpg","type":"image\/jpeg"}],"twitter_card":"summary_large_image","twitter_misc":{"Fiyat":"&euro;54,99","Durumu":"Stokta var"},"schema":{"@context":"https:\/\/schema.org","@graph":[{"@type":"WebPage","@id":"https:\/\/alegerglobal.com\/tr\/shop-tr\/aksesuarlar\/ofis-doku\/","url":"https:\/\/alegerglobal.com\/tr\/shop-tr\/aksesuarlar\/ofis-doku\/","name":"- ALEGER \u22c6 Augmented Reality","isPartOf":{"@id":"https:\/\/alegerglobal.com\/tr\/#website"},"primaryImageOfPage":{"@id":"https:\/\/alegerglobal.com\/tr\/shop-tr\/aksesuarlar\/ofis-doku\/#primaryimage"},"image":{"@id":"https:\/\/alegerglobal.com\/tr\/shop-tr\/aksesuarlar\/ofis-doku\/#primaryimage"},"thumbnailUrl":"https:\/\/alegerglobal.com\/wp-content\/uploads\/2021\/02\/Unbenannt-108.jpg","datePublished":"2024-06-03T11:42:17+00:00","dateModified":"2024-06-03T11:42:24+00:00","breadcrumb":{"@id":"https:\/\/alegerglobal.com\/tr\/shop-tr\/aksesuarlar\/ofis-doku\/#breadcrumb"},"inLanguage":"tr","potentialAction":[{"@type":"ReadAction","target":["https:\/\/alegerglobal.com\/tr\/shop-tr\/aksesuarlar\/ofis-doku\/"]}]},{"@type":"ImageObject","inLanguage":"tr","@id":"https:\/\/alegerglobal.com\/tr\/shop-tr\/aksesuarlar\/ofis-doku\/#primaryimage","url":"https:\/\/alegerglobal.com\/wp-content\/uploads\/2021\/02\/Unbenannt-108.jpg","contentUrl":"https:\/\/alegerglobal.com\/wp-content\/uploads\/2021\/02\/Unbenannt-108.jpg","width":800,"height":800},{"@type":"BreadcrumbList","@id":"https:\/\/alegerglobal.com\/tr\/shop-tr\/aksesuarlar\/ofis-doku\/#breadcrumb","itemListElement":[{"@type":"ListItem","position":1,"name":"Home","item":"https:\/\/alegerglobal.com\/tr\/yeni-anasayfa\/"},{"@type":"ListItem","position":2,"name":"\u00dcr\u00fcnler","item":"https:\/\/alegerglobal.com\/tr\/ueruenler\/"},{"@type":"ListItem","position":3,"name":"OF\u0130S DOKU"}]},{"@type":"WebSite","@id":"https:\/\/alegerglobal.com\/tr\/#website","url":"https:\/\/alegerglobal.com\/tr\/","name":"ALEGER \u22c6 Augmented Reality","description":"Die besten Augmented Reality (AR) L\u00f6sungen der Welt.","publisher":{"@id":"https:\/\/alegerglobal.com\/tr\/#organization"},"potentialAction":[{"@type":"SearchAction","target":{"@type":"EntryPoint","urlTemplate":"https:\/\/alegerglobal.com\/tr\/?s={search_term_string}"},"query-input":{"@type":"PropertyValueSpecification","valueRequired":true,"valueName":"search_term_string"}}],"inLanguage":"tr"},{"@type":"Organization","@id":"https:\/\/alegerglobal.com\/tr\/#organization","name":"ALEGER \u22c6 Augmented Reality","url":"https:\/\/alegerglobal.com\/tr\/","logo":{"@type":"ImageObject","inLanguage":"tr","@id":"https:\/\/alegerglobal.com\/tr\/#\/schema\/logo\/image\/","url":"https:\/\/alegerglobal.com\/wp-content\/uploads\/2020\/12\/aleger-logo-quadrat.jpg","contentUrl":"https:\/\/alegerglobal.com\/wp-content\/uploads\/2020\/12\/aleger-logo-quadrat.jpg","width":200,"height":176,"caption":"ALEGER \u22c6 Augmented Reality"},"image":{"@id":"https:\/\/alegerglobal.com\/tr\/#\/schema\/logo\/image\/"}}]},"product_brand":"Getac","product_price_amount":"54.99","product_price_currency":"EUR","og_availability":"instock","product_availability":"instock","product_condition":"new"},"_links":{"self":[{"href":"https:\/\/alegerglobal.com\/tr\/wp-json\/wp\/v2\/product\/39384","targetHints":{"allow":["GET"]}}],"collection":[{"href":"https:\/\/alegerglobal.com\/tr\/wp-json\/wp\/v2\/product"}],"about":[{"href":"https:\/\/alegerglobal.com\/tr\/wp-json\/wp\/v2\/types\/product"}],"replies":[{"embeddable":true,"href":"https:\/\/alegerglobal.com\/tr\/wp-json\/wp\/v2\/comments?post=39384"}],"version-history":[{"count":1,"href":"https:\/\/alegerglobal.com\/tr\/wp-json\/wp\/v2\/product\/39384\/revisions"}],"predecessor-version":[{"id":39392,"href":"https:\/\/alegerglobal.com\/tr\/wp-json\/wp\/v2\/product\/39384\/revisions\/39392"}],"wp:featuredmedia":[{"embeddable":true,"href":"https:\/\/alegerglobal.com\/tr\/wp-json\/wp\/v2\/media\/39388"}],"wp:attachment":[{"href":"https:\/\/alegerglobal.com\/tr\/wp-json\/wp\/v2\/media?parent=39384"}],"wp:term":[{"taxonomy":"product_brand","embeddable":true,"href":"https:\/\/alegerglobal.com\/tr\/wp-json\/wp\/v2\/product_brand?post=39384"},{"taxonomy":"product_cat","embeddable":true,"href":"https:\/\/alegerglobal.com\/tr\/wp-json\/wp\/v2\/product_cat?post=39384"},{"taxonomy":"product_tag","embeddable":true,"href":"https:\/\/alegerglobal.com\/tr\/wp-json\/wp\/v2\/product_tag?post=39384"}],"curies":[{"name":"wp","href":"https:\/\/api.w.org\/{rel}","templated":true}]}}