{"id":39373,"date":"2024-06-03T12:42:15","date_gmt":"2024-06-03T11:42:15","guid":{"rendered":"https:\/\/alegerglobal.com\/kategorilenmemis\/ac-adaptoerlue-buerodock-tablet-modu\/"},"modified":"2024-06-03T12:42:23","modified_gmt":"2024-06-03T11:42:23","slug":"ac-adaptoerlue-buerodock-tablet-modu","status":"publish","type":"product","link":"https:\/\/alegerglobal.com\/tr\/shop-tr\/aksesuarlar\/ac-adaptoerlue-buerodock-tablet-modu\/","title":{"rendered":"AC adapt\u00f6rl\u00fc B\u00dcRODOCK (tablet modu)"},"content":{"rendered":"\t\t<div data-elementor-type=\"product-post\" data-elementor-id=\"39373\" class=\"elementor elementor-39373 elementor-4214\" data-elementor-settings=\"{&quot;ha_cmc_init_switcher&quot;:&quot;no&quot;}\" data-elementor-post-type=\"product\">\n\t\t\t\t\t\t<section class=\"elementor-section elementor-top-section elementor-element elementor-element-9a08918 elementor-section-boxed elementor-section-height-default elementor-section-height-default\" data-id=\"9a08918\" data-element_type=\"section\" data-settings=\"{&quot;jet_parallax_layout_list&quot;:[],&quot;_ha_eqh_enable&quot;:false}\">\n\t\t\t\t\t\t<div class=\"elementor-container elementor-column-gap-default\">\n\t\t\t\t\t<div class=\"elementor-column elementor-col-100 elementor-top-column elementor-element elementor-element-18e8cb8\" data-id=\"18e8cb8\" data-element_type=\"column\">\n\t\t\t<div class=\"elementor-widget-wrap elementor-element-populated\">\n\t\t\t\t\t\t<div class=\"elementor-element elementor-element-7abdddf elementor-widget elementor-widget-text-editor\" data-id=\"7abdddf\" data-element_type=\"widget\" data-widget_type=\"text-editor.default\">\n\t\t\t\t<div class=\"elementor-widget-container\">\n\t\t\t\t\t\t\t\t\t<p><strong>\u00dcr\u00fcn bilgileri<\/strong><\/p>\n<p>Boyutlar:<\/p>\n<p>U 313,3 x G 203,3 x Y 265,7 mm<\/p>\n<p>A\u011f\u0131rl\u0131k: 1,45 kg<\/p>\n<p>Yerle\u015ftirme fi\u015fi: POGO<\/p>\n<p>* 120 W AC adapt\u00f6r ile<\/p>\n<p>I\/O aray\u00fcz\u00fc:<\/p>\n<p>DC giri\u015f soketi x 1<\/p>\n<p>Ses \u00e7\u0131k\u0131\u015f\u0131 x 1<\/p>\n<p>Mikrofon x 1<\/p>\n<p>USB 2.0 x 2<\/p>\n<p>USB 3.0 x 3<\/p>\n<p>LAN x 2<\/p>\n<p>HDMI x 1<\/p>\n<p>VGA x 1<\/p>\n<p>Seri ba\u011flant\u0131 x 1<\/p>\n<p>Kensington kilidi x 1<\/p>\n<\/p>\n<p><strong>SKU KIMLI\u011eI<\/strong><\/p>\n<p>SKU ID: GDOF*V<\/p>\n<p>* EU = E, US = U, UK = K, AU = A, CHN = C,<\/p>\n<p>TW = T &#8211; \u015eebeke kablosu<\/p>\n\t\t\t\t\t\t\t\t<\/div>\n\t\t\t\t<\/div>\n\t\t\t\t\t<\/div>\n\t\t<\/div>\n\t\t\t\t\t<\/div>\n\t\t<\/section>\n\t\t\t\t<\/div>\n\t\t","protected":false},"excerpt":{"rendered":"<p>Getac ofis yuvas\u0131, \u00f6nemli \u00e7evre birimlerini ofisinizdeki cihazlara ba\u011flamak i\u00e7in \u00e7e\u015fitli I\/O ba\u011flant\u0131 noktalar\u0131 sunar. Entegre Ethernet, RS232 ve USB ba\u011flant\u0131 noktalar\u0131, kullan\u0131c\u0131lar\u0131n sahadan h\u0131zl\u0131 bir \u015fekilde veri toplamas\u0131na ve bunlar\u0131 merkez ofisteki verilerle senkronize ederek ger\u00e7ek zamanl\u0131 raporlama ve analiz yapmas\u0131na olanak tan\u0131r. HDMI ve VGA ba\u011flant\u0131lar\u0131 da sunumlar\u0131n ve \u00e7al\u0131\u015fma sayfalar\u0131n\u0131n daha b\u00fcy\u00fck bir ekrana aktar\u0131lmas\u0131n\u0131 sa\u011flar.<\/p>\n","protected":false},"featured_media":39377,"comment_status":"open","ping_status":"closed","template":"","meta":{"_acf_changed":false},"product_brand":[],"product_cat":[2362,2318],"product_tag":[],"class_list":{"0":"post-39373","1":"product","2":"type-product","3":"status-publish","4":"has-post-thumbnail","6":"product_cat-aksesuarlar","7":"product_cat-shop-tr","8":"pa_hersteller-getac-tr","10":"first","11":"instock","12":"taxable","13":"shipping-taxable","14":"purchasable","15":"product-type-simple"},"acf":[],"yoast_head":"<!-- This site is optimized with the Yoast SEO Premium plugin v20.10 (Yoast SEO v24.3) - https:\/\/yoast.com\/wordpress\/plugins\/seo\/ -->\n<title>- ALEGER \u22c6 Augmented Reality<\/title>\n<meta name=\"robots\" content=\"index, follow, max-snippet:-1, max-image-preview:large, max-video-preview:-1\" \/>\n<meta property=\"og:locale\" content=\"tr_TR\" \/>\n<meta property=\"og:type\" content=\"article\" \/>\n<meta property=\"og:title\" content=\"AC adapt\u00f6rl\u00fc B\u00dcRODOCK (tablet modu)\" \/>\n<meta property=\"og:description\" content=\"Getac ofis yuvas\u0131, \u00f6nemli \u00e7evre birimlerini ofisinizdeki cihazlara ba\u011flamak i\u00e7in \u00e7e\u015fitli I\/O ba\u011flant\u0131 noktalar\u0131 sunar. Entegre Ethernet, RS232 ve USB ba\u011flant\u0131 noktalar\u0131, kullan\u0131c\u0131lar\u0131n sahadan h\u0131zl\u0131 bir \u015fekilde veri toplamas\u0131na ve bunlar\u0131 merkez ofisteki verilerle senkronize ederek ger\u00e7ek zamanl\u0131 raporlama ve analiz yapmas\u0131na olanak tan\u0131r. HDMI ve VGA ba\u011flant\u0131lar\u0131 da sunumlar\u0131n ve \u00e7al\u0131\u015fma sayfalar\u0131n\u0131n daha b\u00fcy\u00fck bir ekrana aktar\u0131lmas\u0131n\u0131 sa\u011flar.\" \/>\n<meta property=\"og:url\" content=\"https:\/\/alegerglobal.com\/tr\/shop-tr\/aksesuarlar\/ac-adaptoerlue-buerodock-tablet-modu\/\" \/>\n<meta property=\"og:site_name\" content=\"ALEGER \u22c6 Augmented Reality\" \/>\n<meta property=\"article:modified_time\" content=\"2024-06-03T11:42:23+00:00\" \/>\n<meta property=\"og:image\" content=\"https:\/\/alegerglobal.com\/wp-content\/uploads\/2021\/02\/Unbenannt-125.jpg\" \/>\n\t<meta property=\"og:image:width\" content=\"800\" \/>\n\t<meta property=\"og:image:height\" content=\"800\" \/>\n\t<meta property=\"og:image:type\" content=\"image\/jpeg\" \/>\n<meta name=\"twitter:card\" content=\"summary_large_image\" \/>\n<meta name=\"twitter:label1\" content=\"Fiyat\" \/>\n\t<meta name=\"twitter:data1\" content=\"&euro;361,99\" \/>\n\t<meta name=\"twitter:label2\" content=\"Durumu\" \/>\n\t<meta name=\"twitter:data2\" content=\"Stokta var\" \/>\n<script type=\"application\/ld+json\" class=\"yoast-schema-graph\">{\"@context\":\"https:\/\/schema.org\",\"@graph\":[{\"@type\":\"WebPage\",\"@id\":\"https:\/\/alegerglobal.com\/tr\/shop-tr\/aksesuarlar\/ac-adaptoerlue-buerodock-tablet-modu\/\",\"url\":\"https:\/\/alegerglobal.com\/tr\/shop-tr\/aksesuarlar\/ac-adaptoerlue-buerodock-tablet-modu\/\",\"name\":\"- ALEGER \u22c6 Augmented Reality\",\"isPartOf\":{\"@id\":\"https:\/\/alegerglobal.com\/tr\/#website\"},\"primaryImageOfPage\":{\"@id\":\"https:\/\/alegerglobal.com\/tr\/shop-tr\/aksesuarlar\/ac-adaptoerlue-buerodock-tablet-modu\/#primaryimage\"},\"image\":{\"@id\":\"https:\/\/alegerglobal.com\/tr\/shop-tr\/aksesuarlar\/ac-adaptoerlue-buerodock-tablet-modu\/#primaryimage\"},\"thumbnailUrl\":\"https:\/\/alegerglobal.com\/wp-content\/uploads\/2021\/02\/Unbenannt-125.jpg\",\"datePublished\":\"2024-06-03T11:42:15+00:00\",\"dateModified\":\"2024-06-03T11:42:23+00:00\",\"breadcrumb\":{\"@id\":\"https:\/\/alegerglobal.com\/tr\/shop-tr\/aksesuarlar\/ac-adaptoerlue-buerodock-tablet-modu\/#breadcrumb\"},\"inLanguage\":\"tr\",\"potentialAction\":[{\"@type\":\"ReadAction\",\"target\":[\"https:\/\/alegerglobal.com\/tr\/shop-tr\/aksesuarlar\/ac-adaptoerlue-buerodock-tablet-modu\/\"]}]},{\"@type\":\"ImageObject\",\"inLanguage\":\"tr\",\"@id\":\"https:\/\/alegerglobal.com\/tr\/shop-tr\/aksesuarlar\/ac-adaptoerlue-buerodock-tablet-modu\/#primaryimage\",\"url\":\"https:\/\/alegerglobal.com\/wp-content\/uploads\/2021\/02\/Unbenannt-125.jpg\",\"contentUrl\":\"https:\/\/alegerglobal.com\/wp-content\/uploads\/2021\/02\/Unbenannt-125.jpg\",\"width\":800,\"height\":800},{\"@type\":\"BreadcrumbList\",\"@id\":\"https:\/\/alegerglobal.com\/tr\/shop-tr\/aksesuarlar\/ac-adaptoerlue-buerodock-tablet-modu\/#breadcrumb\",\"itemListElement\":[{\"@type\":\"ListItem\",\"position\":1,\"name\":\"Home\",\"item\":\"https:\/\/alegerglobal.com\/tr\/yeni-anasayfa\/\"},{\"@type\":\"ListItem\",\"position\":2,\"name\":\"\u00dcr\u00fcnler\",\"item\":\"https:\/\/alegerglobal.com\/tr\/ueruenler\/\"},{\"@type\":\"ListItem\",\"position\":3,\"name\":\"AC adapt\u00f6rl\u00fc B\u00dcRODOCK (tablet modu)\"}]},{\"@type\":\"WebSite\",\"@id\":\"https:\/\/alegerglobal.com\/tr\/#website\",\"url\":\"https:\/\/alegerglobal.com\/tr\/\",\"name\":\"ALEGER \u22c6 Augmented Reality\",\"description\":\"Die besten Augmented Reality (AR) L\u00f6sungen der Welt.\",\"publisher\":{\"@id\":\"https:\/\/alegerglobal.com\/tr\/#organization\"},\"potentialAction\":[{\"@type\":\"SearchAction\",\"target\":{\"@type\":\"EntryPoint\",\"urlTemplate\":\"https:\/\/alegerglobal.com\/tr\/?s={search_term_string}\"},\"query-input\":{\"@type\":\"PropertyValueSpecification\",\"valueRequired\":true,\"valueName\":\"search_term_string\"}}],\"inLanguage\":\"tr\"},{\"@type\":\"Organization\",\"@id\":\"https:\/\/alegerglobal.com\/tr\/#organization\",\"name\":\"ALEGER \u22c6 Augmented Reality\",\"url\":\"https:\/\/alegerglobal.com\/tr\/\",\"logo\":{\"@type\":\"ImageObject\",\"inLanguage\":\"tr\",\"@id\":\"https:\/\/alegerglobal.com\/tr\/#\/schema\/logo\/image\/\",\"url\":\"https:\/\/alegerglobal.com\/wp-content\/uploads\/2020\/12\/aleger-logo-quadrat.jpg\",\"contentUrl\":\"https:\/\/alegerglobal.com\/wp-content\/uploads\/2020\/12\/aleger-logo-quadrat.jpg\",\"width\":200,\"height\":176,\"caption\":\"ALEGER \u22c6 Augmented Reality\"},\"image\":{\"@id\":\"https:\/\/alegerglobal.com\/tr\/#\/schema\/logo\/image\/\"}}]}<\/script>\n<meta property=\"product:brand\" content=\"Getac\" \/>\n<meta property=\"product:price:amount\" content=\"361.99\" \/>\n<meta property=\"product:price:currency\" content=\"EUR\" \/>\n<meta property=\"og:availability\" content=\"instock\" \/>\n<meta property=\"product:availability\" content=\"instock\" \/>\n<meta property=\"product:condition\" content=\"new\" \/>\n<!-- \/ Yoast SEO Premium plugin. -->","yoast_head_json":{"title":"- ALEGER \u22c6 Augmented Reality","robots":{"index":"index","follow":"follow","max-snippet":"max-snippet:-1","max-image-preview":"max-image-preview:large","max-video-preview":"max-video-preview:-1"},"og_locale":"tr_TR","og_type":"article","og_title":"AC adapt\u00f6rl\u00fc B\u00dcRODOCK (tablet modu)","og_description":"Getac ofis yuvas\u0131, \u00f6nemli \u00e7evre birimlerini ofisinizdeki cihazlara ba\u011flamak i\u00e7in \u00e7e\u015fitli I\/O ba\u011flant\u0131 noktalar\u0131 sunar. Entegre Ethernet, RS232 ve USB ba\u011flant\u0131 noktalar\u0131, kullan\u0131c\u0131lar\u0131n sahadan h\u0131zl\u0131 bir \u015fekilde veri toplamas\u0131na ve bunlar\u0131 merkez ofisteki verilerle senkronize ederek ger\u00e7ek zamanl\u0131 raporlama ve analiz yapmas\u0131na olanak tan\u0131r. HDMI ve VGA ba\u011flant\u0131lar\u0131 da sunumlar\u0131n ve \u00e7al\u0131\u015fma sayfalar\u0131n\u0131n daha b\u00fcy\u00fck bir ekrana aktar\u0131lmas\u0131n\u0131 sa\u011flar.","og_url":"https:\/\/alegerglobal.com\/tr\/shop-tr\/aksesuarlar\/ac-adaptoerlue-buerodock-tablet-modu\/","og_site_name":"ALEGER \u22c6 Augmented Reality","article_modified_time":"2024-06-03T11:42:23+00:00","og_image":[{"width":800,"height":800,"url":"https:\/\/alegerglobal.com\/wp-content\/uploads\/2021\/02\/Unbenannt-125.jpg","type":"image\/jpeg"}],"twitter_card":"summary_large_image","twitter_misc":{"Fiyat":"&euro;361,99","Durumu":"Stokta var"},"schema":{"@context":"https:\/\/schema.org","@graph":[{"@type":"WebPage","@id":"https:\/\/alegerglobal.com\/tr\/shop-tr\/aksesuarlar\/ac-adaptoerlue-buerodock-tablet-modu\/","url":"https:\/\/alegerglobal.com\/tr\/shop-tr\/aksesuarlar\/ac-adaptoerlue-buerodock-tablet-modu\/","name":"- ALEGER \u22c6 Augmented Reality","isPartOf":{"@id":"https:\/\/alegerglobal.com\/tr\/#website"},"primaryImageOfPage":{"@id":"https:\/\/alegerglobal.com\/tr\/shop-tr\/aksesuarlar\/ac-adaptoerlue-buerodock-tablet-modu\/#primaryimage"},"image":{"@id":"https:\/\/alegerglobal.com\/tr\/shop-tr\/aksesuarlar\/ac-adaptoerlue-buerodock-tablet-modu\/#primaryimage"},"thumbnailUrl":"https:\/\/alegerglobal.com\/wp-content\/uploads\/2021\/02\/Unbenannt-125.jpg","datePublished":"2024-06-03T11:42:15+00:00","dateModified":"2024-06-03T11:42:23+00:00","breadcrumb":{"@id":"https:\/\/alegerglobal.com\/tr\/shop-tr\/aksesuarlar\/ac-adaptoerlue-buerodock-tablet-modu\/#breadcrumb"},"inLanguage":"tr","potentialAction":[{"@type":"ReadAction","target":["https:\/\/alegerglobal.com\/tr\/shop-tr\/aksesuarlar\/ac-adaptoerlue-buerodock-tablet-modu\/"]}]},{"@type":"ImageObject","inLanguage":"tr","@id":"https:\/\/alegerglobal.com\/tr\/shop-tr\/aksesuarlar\/ac-adaptoerlue-buerodock-tablet-modu\/#primaryimage","url":"https:\/\/alegerglobal.com\/wp-content\/uploads\/2021\/02\/Unbenannt-125.jpg","contentUrl":"https:\/\/alegerglobal.com\/wp-content\/uploads\/2021\/02\/Unbenannt-125.jpg","width":800,"height":800},{"@type":"BreadcrumbList","@id":"https:\/\/alegerglobal.com\/tr\/shop-tr\/aksesuarlar\/ac-adaptoerlue-buerodock-tablet-modu\/#breadcrumb","itemListElement":[{"@type":"ListItem","position":1,"name":"Home","item":"https:\/\/alegerglobal.com\/tr\/yeni-anasayfa\/"},{"@type":"ListItem","position":2,"name":"\u00dcr\u00fcnler","item":"https:\/\/alegerglobal.com\/tr\/ueruenler\/"},{"@type":"ListItem","position":3,"name":"AC adapt\u00f6rl\u00fc B\u00dcRODOCK (tablet modu)"}]},{"@type":"WebSite","@id":"https:\/\/alegerglobal.com\/tr\/#website","url":"https:\/\/alegerglobal.com\/tr\/","name":"ALEGER \u22c6 Augmented Reality","description":"Die besten Augmented Reality (AR) L\u00f6sungen der Welt.","publisher":{"@id":"https:\/\/alegerglobal.com\/tr\/#organization"},"potentialAction":[{"@type":"SearchAction","target":{"@type":"EntryPoint","urlTemplate":"https:\/\/alegerglobal.com\/tr\/?s={search_term_string}"},"query-input":{"@type":"PropertyValueSpecification","valueRequired":true,"valueName":"search_term_string"}}],"inLanguage":"tr"},{"@type":"Organization","@id":"https:\/\/alegerglobal.com\/tr\/#organization","name":"ALEGER \u22c6 Augmented Reality","url":"https:\/\/alegerglobal.com\/tr\/","logo":{"@type":"ImageObject","inLanguage":"tr","@id":"https:\/\/alegerglobal.com\/tr\/#\/schema\/logo\/image\/","url":"https:\/\/alegerglobal.com\/wp-content\/uploads\/2020\/12\/aleger-logo-quadrat.jpg","contentUrl":"https:\/\/alegerglobal.com\/wp-content\/uploads\/2020\/12\/aleger-logo-quadrat.jpg","width":200,"height":176,"caption":"ALEGER \u22c6 Augmented Reality"},"image":{"@id":"https:\/\/alegerglobal.com\/tr\/#\/schema\/logo\/image\/"}}]},"product_brand":"Getac","product_price_amount":"361.99","product_price_currency":"EUR","og_availability":"instock","product_availability":"instock","product_condition":"new"},"_links":{"self":[{"href":"https:\/\/alegerglobal.com\/tr\/wp-json\/wp\/v2\/product\/39373","targetHints":{"allow":["GET"]}}],"collection":[{"href":"https:\/\/alegerglobal.com\/tr\/wp-json\/wp\/v2\/product"}],"about":[{"href":"https:\/\/alegerglobal.com\/tr\/wp-json\/wp\/v2\/types\/product"}],"replies":[{"embeddable":true,"href":"https:\/\/alegerglobal.com\/tr\/wp-json\/wp\/v2\/comments?post=39373"}],"version-history":[{"count":1,"href":"https:\/\/alegerglobal.com\/tr\/wp-json\/wp\/v2\/product\/39373\/revisions"}],"predecessor-version":[{"id":39380,"href":"https:\/\/alegerglobal.com\/tr\/wp-json\/wp\/v2\/product\/39373\/revisions\/39380"}],"wp:featuredmedia":[{"embeddable":true,"href":"https:\/\/alegerglobal.com\/tr\/wp-json\/wp\/v2\/media\/39377"}],"wp:attachment":[{"href":"https:\/\/alegerglobal.com\/tr\/wp-json\/wp\/v2\/media?parent=39373"}],"wp:term":[{"taxonomy":"product_brand","embeddable":true,"href":"https:\/\/alegerglobal.com\/tr\/wp-json\/wp\/v2\/product_brand?post=39373"},{"taxonomy":"product_cat","embeddable":true,"href":"https:\/\/alegerglobal.com\/tr\/wp-json\/wp\/v2\/product_cat?post=39373"},{"taxonomy":"product_tag","embeddable":true,"href":"https:\/\/alegerglobal.com\/tr\/wp-json\/wp\/v2\/product_tag?post=39373"}],"curies":[{"name":"wp","href":"https:\/\/api.w.org\/{rel}","templated":true}]}}