{"id":39339,"date":"2024-06-03T12:41:23","date_gmt":"2024-06-03T11:41:23","guid":{"rendered":"https:\/\/alegerglobal.com\/kategorilenmemis\/standli-ve-kalemlikli-doenebilir-tasiyici\/"},"modified":"2024-06-03T12:41:33","modified_gmt":"2024-06-03T11:41:33","slug":"standli-ve-kalemlikli-doenebilir-tasiyici","status":"publish","type":"product","link":"https:\/\/alegerglobal.com\/tr\/shop-tr\/aksesuarlar\/standli-ve-kalemlikli-doenebilir-tasiyici\/","title":{"rendered":"Standl\u0131 ve kalemlikli D\u00d6NEB\u0130L\u0130R TA\u015eIYICI"},"content":{"rendered":"\t\t<div data-elementor-type=\"product-post\" data-elementor-id=\"39339\" class=\"elementor elementor-39339 elementor-4275\" data-elementor-settings=\"{&quot;ha_cmc_init_switcher&quot;:&quot;no&quot;}\" data-elementor-post-type=\"product\">\n\t\t\t\t\t\t<section class=\"elementor-section elementor-top-section elementor-element elementor-element-0a929fa elementor-section-boxed elementor-section-height-default elementor-section-height-default\" data-id=\"0a929fa\" data-element_type=\"section\" data-settings=\"{&quot;jet_parallax_layout_list&quot;:[],&quot;_ha_eqh_enable&quot;:false}\">\n\t\t\t\t\t\t<div class=\"elementor-container elementor-column-gap-default\">\n\t\t\t\t\t<div class=\"elementor-column elementor-col-100 elementor-top-column elementor-element elementor-element-63390c4\" data-id=\"63390c4\" data-element_type=\"column\">\n\t\t\t<div class=\"elementor-widget-wrap elementor-element-populated\">\n\t\t\t\t\t\t<div class=\"elementor-element elementor-element-7407423 elementor-widget elementor-widget-text-editor\" data-id=\"7407423\" data-element_type=\"widget\" data-widget_type=\"text-editor.default\">\n\t\t\t\t<div class=\"elementor-widget-container\">\n\t\t\t\t\t\t\t\t\t<p><strong>\u00dcr\u00fcn bilgileri<\/strong><\/p>\n<p>Boyutlar:<\/p>\n<p>Uzunluk: 182 mm<\/p>\n<p>Derinlik: 25 mm<\/p>\n<p>Malzeme: Poli\u00fcretan<\/p>\n<\/p>\n<p><strong>SKU KIMLI\u011eI<\/strong><\/p>\n<p>SKU ID: GMHRX7<\/p>\n\t\t\t\t\t\t\t\t<\/div>\n\t\t\t\t<\/div>\n\t\t\t\t\t<\/div>\n\t\t<\/div>\n\t\t\t\t\t<\/div>\n\t\t<\/section>\n\t\t\t\t<\/div>\n\t\t","protected":false},"excerpt":{"rendered":"<p>D\u00f6ner ta\u015f\u0131ma kay\u0131\u015f\u0131 tabletin ta\u015f\u0131nmas\u0131n\u0131 kolayla\u015ft\u0131r\u0131r. Ta\u015f\u0131ma kay\u0131\u015f\u0131 farkl\u0131 el boyutlar\u0131na g\u00f6re ayarlanabilir ve 360 derece d\u00f6nd\u00fcr\u00fclebilir. B\u00f6ylece her zaman m\u00fckemmel g\u00f6r\u00fc\u015f a\u00e7\u0131s\u0131n\u0131 bulacaks\u0131n\u0131z. Teslimat kapsam\u0131nda ayr\u0131ca, d\u00fcz y\u00fczeylerde eller serbest kullan\u0131m sa\u011flayan ve b\u00f6ylece \u00e7al\u0131\u015f\u0131rken esneklik sa\u011flayan yerle\u015fik bir stand bulunur. Entegre kalem tutucu sayesinde kalem her zaman elinizin alt\u0131nda olur ve kolayca kaybolmaz.<\/p>\n","protected":false},"featured_media":39341,"comment_status":"open","ping_status":"closed","template":"","meta":{"_acf_changed":false},"product_brand":[],"product_cat":[2362,2318],"product_tag":[],"class_list":{"0":"post-39339","1":"product","2":"type-product","3":"status-publish","4":"has-post-thumbnail","6":"product_cat-aksesuarlar","7":"product_cat-shop-tr","8":"pa_hersteller-getac-tr","10":"first","11":"instock","12":"taxable","13":"shipping-taxable","14":"purchasable","15":"product-type-simple"},"acf":[],"yoast_head":"<!-- This site is optimized with the Yoast SEO Premium plugin v20.10 (Yoast SEO v24.3) - https:\/\/yoast.com\/wordpress\/plugins\/seo\/ -->\n<title>- ALEGER \u22c6 Augmented Reality<\/title>\n<meta name=\"robots\" content=\"index, follow, max-snippet:-1, max-image-preview:large, max-video-preview:-1\" \/>\n<meta property=\"og:locale\" content=\"tr_TR\" \/>\n<meta property=\"og:type\" content=\"article\" \/>\n<meta property=\"og:title\" content=\"Standl\u0131 ve kalemlikli D\u00d6NEB\u0130L\u0130R TA\u015eIYICI\" \/>\n<meta property=\"og:description\" content=\"D\u00f6ner ta\u015f\u0131ma kay\u0131\u015f\u0131 tabletin ta\u015f\u0131nmas\u0131n\u0131 kolayla\u015ft\u0131r\u0131r. Ta\u015f\u0131ma kay\u0131\u015f\u0131 farkl\u0131 el boyutlar\u0131na g\u00f6re ayarlanabilir ve 360 derece d\u00f6nd\u00fcr\u00fclebilir. B\u00f6ylece her zaman m\u00fckemmel g\u00f6r\u00fc\u015f a\u00e7\u0131s\u0131n\u0131 bulacaks\u0131n\u0131z. Teslimat kapsam\u0131nda ayr\u0131ca, d\u00fcz y\u00fczeylerde eller serbest kullan\u0131m sa\u011flayan ve b\u00f6ylece \u00e7al\u0131\u015f\u0131rken esneklik sa\u011flayan yerle\u015fik bir stand bulunur. Entegre kalem tutucu sayesinde kalem her zaman elinizin alt\u0131nda olur ve kolayca kaybolmaz.\" \/>\n<meta property=\"og:url\" content=\"https:\/\/alegerglobal.com\/tr\/shop-tr\/aksesuarlar\/standli-ve-kalemlikli-doenebilir-tasiyici\/\" \/>\n<meta property=\"og:site_name\" content=\"ALEGER \u22c6 Augmented Reality\" \/>\n<meta property=\"article:modified_time\" content=\"2024-06-03T11:41:33+00:00\" \/>\n<meta property=\"og:image\" content=\"https:\/\/alegerglobal.com\/wp-content\/uploads\/2021\/02\/Unbenannt-123.jpg\" \/>\n\t<meta property=\"og:image:width\" content=\"800\" \/>\n\t<meta property=\"og:image:height\" content=\"800\" \/>\n\t<meta property=\"og:image:type\" content=\"image\/jpeg\" \/>\n<meta name=\"twitter:card\" content=\"summary_large_image\" \/>\n<meta name=\"twitter:label1\" content=\"Fiyat\" \/>\n\t<meta name=\"twitter:data1\" content=\"&euro;51,99\" \/>\n\t<meta name=\"twitter:label2\" content=\"Durumu\" \/>\n\t<meta name=\"twitter:data2\" content=\"Stokta var\" \/>\n<script type=\"application\/ld+json\" class=\"yoast-schema-graph\">{\"@context\":\"https:\/\/schema.org\",\"@graph\":[{\"@type\":\"WebPage\",\"@id\":\"https:\/\/alegerglobal.com\/tr\/shop-tr\/aksesuarlar\/standli-ve-kalemlikli-doenebilir-tasiyici\/\",\"url\":\"https:\/\/alegerglobal.com\/tr\/shop-tr\/aksesuarlar\/standli-ve-kalemlikli-doenebilir-tasiyici\/\",\"name\":\"- ALEGER \u22c6 Augmented Reality\",\"isPartOf\":{\"@id\":\"https:\/\/alegerglobal.com\/tr\/#website\"},\"primaryImageOfPage\":{\"@id\":\"https:\/\/alegerglobal.com\/tr\/shop-tr\/aksesuarlar\/standli-ve-kalemlikli-doenebilir-tasiyici\/#primaryimage\"},\"image\":{\"@id\":\"https:\/\/alegerglobal.com\/tr\/shop-tr\/aksesuarlar\/standli-ve-kalemlikli-doenebilir-tasiyici\/#primaryimage\"},\"thumbnailUrl\":\"https:\/\/alegerglobal.com\/wp-content\/uploads\/2021\/02\/Unbenannt-123.jpg\",\"datePublished\":\"2024-06-03T11:41:23+00:00\",\"dateModified\":\"2024-06-03T11:41:33+00:00\",\"breadcrumb\":{\"@id\":\"https:\/\/alegerglobal.com\/tr\/shop-tr\/aksesuarlar\/standli-ve-kalemlikli-doenebilir-tasiyici\/#breadcrumb\"},\"inLanguage\":\"tr\",\"potentialAction\":[{\"@type\":\"ReadAction\",\"target\":[\"https:\/\/alegerglobal.com\/tr\/shop-tr\/aksesuarlar\/standli-ve-kalemlikli-doenebilir-tasiyici\/\"]}]},{\"@type\":\"ImageObject\",\"inLanguage\":\"tr\",\"@id\":\"https:\/\/alegerglobal.com\/tr\/shop-tr\/aksesuarlar\/standli-ve-kalemlikli-doenebilir-tasiyici\/#primaryimage\",\"url\":\"https:\/\/alegerglobal.com\/wp-content\/uploads\/2021\/02\/Unbenannt-123.jpg\",\"contentUrl\":\"https:\/\/alegerglobal.com\/wp-content\/uploads\/2021\/02\/Unbenannt-123.jpg\",\"width\":800,\"height\":800},{\"@type\":\"BreadcrumbList\",\"@id\":\"https:\/\/alegerglobal.com\/tr\/shop-tr\/aksesuarlar\/standli-ve-kalemlikli-doenebilir-tasiyici\/#breadcrumb\",\"itemListElement\":[{\"@type\":\"ListItem\",\"position\":1,\"name\":\"Home\",\"item\":\"https:\/\/alegerglobal.com\/tr\/yeni-anasayfa\/\"},{\"@type\":\"ListItem\",\"position\":2,\"name\":\"\u00dcr\u00fcnler\",\"item\":\"https:\/\/alegerglobal.com\/tr\/ueruenler\/\"},{\"@type\":\"ListItem\",\"position\":3,\"name\":\"Standl\u0131 ve kalemlikli D\u00d6NEB\u0130L\u0130R TA\u015eIYICI\"}]},{\"@type\":\"WebSite\",\"@id\":\"https:\/\/alegerglobal.com\/tr\/#website\",\"url\":\"https:\/\/alegerglobal.com\/tr\/\",\"name\":\"ALEGER \u22c6 Augmented Reality\",\"description\":\"Die besten Augmented Reality (AR) L\u00f6sungen der Welt.\",\"publisher\":{\"@id\":\"https:\/\/alegerglobal.com\/tr\/#organization\"},\"potentialAction\":[{\"@type\":\"SearchAction\",\"target\":{\"@type\":\"EntryPoint\",\"urlTemplate\":\"https:\/\/alegerglobal.com\/tr\/?s={search_term_string}\"},\"query-input\":{\"@type\":\"PropertyValueSpecification\",\"valueRequired\":true,\"valueName\":\"search_term_string\"}}],\"inLanguage\":\"tr\"},{\"@type\":\"Organization\",\"@id\":\"https:\/\/alegerglobal.com\/tr\/#organization\",\"name\":\"ALEGER \u22c6 Augmented Reality\",\"url\":\"https:\/\/alegerglobal.com\/tr\/\",\"logo\":{\"@type\":\"ImageObject\",\"inLanguage\":\"tr\",\"@id\":\"https:\/\/alegerglobal.com\/tr\/#\/schema\/logo\/image\/\",\"url\":\"https:\/\/alegerglobal.com\/wp-content\/uploads\/2020\/12\/aleger-logo-quadrat.jpg\",\"contentUrl\":\"https:\/\/alegerglobal.com\/wp-content\/uploads\/2020\/12\/aleger-logo-quadrat.jpg\",\"width\":200,\"height\":176,\"caption\":\"ALEGER \u22c6 Augmented Reality\"},\"image\":{\"@id\":\"https:\/\/alegerglobal.com\/tr\/#\/schema\/logo\/image\/\"}}]}<\/script>\n<meta property=\"product:brand\" content=\"Getac\" \/>\n<meta property=\"product:price:amount\" content=\"51.99\" \/>\n<meta property=\"product:price:currency\" content=\"EUR\" \/>\n<meta property=\"og:availability\" content=\"instock\" \/>\n<meta property=\"product:availability\" content=\"instock\" \/>\n<meta property=\"product:condition\" content=\"new\" \/>\n<!-- \/ Yoast SEO Premium plugin. -->","yoast_head_json":{"title":"- ALEGER \u22c6 Augmented Reality","robots":{"index":"index","follow":"follow","max-snippet":"max-snippet:-1","max-image-preview":"max-image-preview:large","max-video-preview":"max-video-preview:-1"},"og_locale":"tr_TR","og_type":"article","og_title":"Standl\u0131 ve kalemlikli D\u00d6NEB\u0130L\u0130R TA\u015eIYICI","og_description":"D\u00f6ner ta\u015f\u0131ma kay\u0131\u015f\u0131 tabletin ta\u015f\u0131nmas\u0131n\u0131 kolayla\u015ft\u0131r\u0131r. Ta\u015f\u0131ma kay\u0131\u015f\u0131 farkl\u0131 el boyutlar\u0131na g\u00f6re ayarlanabilir ve 360 derece d\u00f6nd\u00fcr\u00fclebilir. B\u00f6ylece her zaman m\u00fckemmel g\u00f6r\u00fc\u015f a\u00e7\u0131s\u0131n\u0131 bulacaks\u0131n\u0131z. Teslimat kapsam\u0131nda ayr\u0131ca, d\u00fcz y\u00fczeylerde eller serbest kullan\u0131m sa\u011flayan ve b\u00f6ylece \u00e7al\u0131\u015f\u0131rken esneklik sa\u011flayan yerle\u015fik bir stand bulunur. Entegre kalem tutucu sayesinde kalem her zaman elinizin alt\u0131nda olur ve kolayca kaybolmaz.","og_url":"https:\/\/alegerglobal.com\/tr\/shop-tr\/aksesuarlar\/standli-ve-kalemlikli-doenebilir-tasiyici\/","og_site_name":"ALEGER \u22c6 Augmented Reality","article_modified_time":"2024-06-03T11:41:33+00:00","og_image":[{"width":800,"height":800,"url":"https:\/\/alegerglobal.com\/wp-content\/uploads\/2021\/02\/Unbenannt-123.jpg","type":"image\/jpeg"}],"twitter_card":"summary_large_image","twitter_misc":{"Fiyat":"&euro;51,99","Durumu":"Stokta var"},"schema":{"@context":"https:\/\/schema.org","@graph":[{"@type":"WebPage","@id":"https:\/\/alegerglobal.com\/tr\/shop-tr\/aksesuarlar\/standli-ve-kalemlikli-doenebilir-tasiyici\/","url":"https:\/\/alegerglobal.com\/tr\/shop-tr\/aksesuarlar\/standli-ve-kalemlikli-doenebilir-tasiyici\/","name":"- ALEGER \u22c6 Augmented Reality","isPartOf":{"@id":"https:\/\/alegerglobal.com\/tr\/#website"},"primaryImageOfPage":{"@id":"https:\/\/alegerglobal.com\/tr\/shop-tr\/aksesuarlar\/standli-ve-kalemlikli-doenebilir-tasiyici\/#primaryimage"},"image":{"@id":"https:\/\/alegerglobal.com\/tr\/shop-tr\/aksesuarlar\/standli-ve-kalemlikli-doenebilir-tasiyici\/#primaryimage"},"thumbnailUrl":"https:\/\/alegerglobal.com\/wp-content\/uploads\/2021\/02\/Unbenannt-123.jpg","datePublished":"2024-06-03T11:41:23+00:00","dateModified":"2024-06-03T11:41:33+00:00","breadcrumb":{"@id":"https:\/\/alegerglobal.com\/tr\/shop-tr\/aksesuarlar\/standli-ve-kalemlikli-doenebilir-tasiyici\/#breadcrumb"},"inLanguage":"tr","potentialAction":[{"@type":"ReadAction","target":["https:\/\/alegerglobal.com\/tr\/shop-tr\/aksesuarlar\/standli-ve-kalemlikli-doenebilir-tasiyici\/"]}]},{"@type":"ImageObject","inLanguage":"tr","@id":"https:\/\/alegerglobal.com\/tr\/shop-tr\/aksesuarlar\/standli-ve-kalemlikli-doenebilir-tasiyici\/#primaryimage","url":"https:\/\/alegerglobal.com\/wp-content\/uploads\/2021\/02\/Unbenannt-123.jpg","contentUrl":"https:\/\/alegerglobal.com\/wp-content\/uploads\/2021\/02\/Unbenannt-123.jpg","width":800,"height":800},{"@type":"BreadcrumbList","@id":"https:\/\/alegerglobal.com\/tr\/shop-tr\/aksesuarlar\/standli-ve-kalemlikli-doenebilir-tasiyici\/#breadcrumb","itemListElement":[{"@type":"ListItem","position":1,"name":"Home","item":"https:\/\/alegerglobal.com\/tr\/yeni-anasayfa\/"},{"@type":"ListItem","position":2,"name":"\u00dcr\u00fcnler","item":"https:\/\/alegerglobal.com\/tr\/ueruenler\/"},{"@type":"ListItem","position":3,"name":"Standl\u0131 ve kalemlikli D\u00d6NEB\u0130L\u0130R TA\u015eIYICI"}]},{"@type":"WebSite","@id":"https:\/\/alegerglobal.com\/tr\/#website","url":"https:\/\/alegerglobal.com\/tr\/","name":"ALEGER \u22c6 Augmented Reality","description":"Die besten Augmented Reality (AR) L\u00f6sungen der Welt.","publisher":{"@id":"https:\/\/alegerglobal.com\/tr\/#organization"},"potentialAction":[{"@type":"SearchAction","target":{"@type":"EntryPoint","urlTemplate":"https:\/\/alegerglobal.com\/tr\/?s={search_term_string}"},"query-input":{"@type":"PropertyValueSpecification","valueRequired":true,"valueName":"search_term_string"}}],"inLanguage":"tr"},{"@type":"Organization","@id":"https:\/\/alegerglobal.com\/tr\/#organization","name":"ALEGER \u22c6 Augmented Reality","url":"https:\/\/alegerglobal.com\/tr\/","logo":{"@type":"ImageObject","inLanguage":"tr","@id":"https:\/\/alegerglobal.com\/tr\/#\/schema\/logo\/image\/","url":"https:\/\/alegerglobal.com\/wp-content\/uploads\/2020\/12\/aleger-logo-quadrat.jpg","contentUrl":"https:\/\/alegerglobal.com\/wp-content\/uploads\/2020\/12\/aleger-logo-quadrat.jpg","width":200,"height":176,"caption":"ALEGER \u22c6 Augmented Reality"},"image":{"@id":"https:\/\/alegerglobal.com\/tr\/#\/schema\/logo\/image\/"}}]},"product_brand":"Getac","product_price_amount":"51.99","product_price_currency":"EUR","og_availability":"instock","product_availability":"instock","product_condition":"new"},"_links":{"self":[{"href":"https:\/\/alegerglobal.com\/tr\/wp-json\/wp\/v2\/product\/39339","targetHints":{"allow":["GET"]}}],"collection":[{"href":"https:\/\/alegerglobal.com\/tr\/wp-json\/wp\/v2\/product"}],"about":[{"href":"https:\/\/alegerglobal.com\/tr\/wp-json\/wp\/v2\/types\/product"}],"replies":[{"embeddable":true,"href":"https:\/\/alegerglobal.com\/tr\/wp-json\/wp\/v2\/comments?post=39339"}],"version-history":[{"count":1,"href":"https:\/\/alegerglobal.com\/tr\/wp-json\/wp\/v2\/product\/39339\/revisions"}],"predecessor-version":[{"id":39344,"href":"https:\/\/alegerglobal.com\/tr\/wp-json\/wp\/v2\/product\/39339\/revisions\/39344"}],"wp:featuredmedia":[{"embeddable":true,"href":"https:\/\/alegerglobal.com\/tr\/wp-json\/wp\/v2\/media\/39341"}],"wp:attachment":[{"href":"https:\/\/alegerglobal.com\/tr\/wp-json\/wp\/v2\/media?parent=39339"}],"wp:term":[{"taxonomy":"product_brand","embeddable":true,"href":"https:\/\/alegerglobal.com\/tr\/wp-json\/wp\/v2\/product_brand?post=39339"},{"taxonomy":"product_cat","embeddable":true,"href":"https:\/\/alegerglobal.com\/tr\/wp-json\/wp\/v2\/product_cat?post=39339"},{"taxonomy":"product_tag","embeddable":true,"href":"https:\/\/alegerglobal.com\/tr\/wp-json\/wp\/v2\/product_tag?post=39339"}],"curies":[{"name":"wp","href":"https:\/\/api.w.org\/{rel}","templated":true}]}}