{"id":39336,"date":"2024-06-03T12:41:16","date_gmt":"2024-06-03T11:41:16","guid":{"rendered":"https:\/\/alegerglobal.com\/kategorilenmemis\/getac-ofis-iskelesi\/"},"modified":"2024-06-03T12:41:17","modified_gmt":"2024-06-03T11:41:17","slug":"getac-ofis-iskelesi","status":"publish","type":"product","link":"https:\/\/alegerglobal.com\/tr\/shop-tr\/aksesuarlar\/getac-ofis-iskelesi\/","title":{"rendered":"GETAC OFI\u0307S I\u0307SKELESI\u0307"},"content":{"rendered":"\t\t<div data-elementor-type=\"product-post\" data-elementor-id=\"39336\" class=\"elementor elementor-39336 elementor-4287\" data-elementor-settings=\"{&quot;ha_cmc_init_switcher&quot;:&quot;no&quot;}\" data-elementor-post-type=\"product\">\n\t\t\t\t\t\t<section class=\"elementor-section elementor-top-section elementor-element elementor-element-5238936 elementor-section-boxed elementor-section-height-default elementor-section-height-default\" data-id=\"5238936\" data-element_type=\"section\" data-settings=\"{&quot;jet_parallax_layout_list&quot;:[],&quot;_ha_eqh_enable&quot;:false}\">\n\t\t\t\t\t\t<div class=\"elementor-container elementor-column-gap-default\">\n\t\t\t\t\t<div class=\"elementor-column elementor-col-100 elementor-top-column elementor-element elementor-element-751094a\" data-id=\"751094a\" data-element_type=\"column\">\n\t\t\t<div class=\"elementor-widget-wrap elementor-element-populated\">\n\t\t\t\t\t\t<div class=\"elementor-element elementor-element-c761f9c elementor-widget elementor-widget-text-editor\" data-id=\"c761f9c\" data-element_type=\"widget\" data-widget_type=\"text-editor.default\">\n\t\t\t\t<div class=\"elementor-widget-container\">\n\t\t\t\t\t\t\t\t\t<p><strong>\u00dcr\u00fcn bilgileri<\/strong><\/p>\n<p>Boyutlar:<\/p>\n<p>U 139,9 x G 105,3 x Y 69,7 mm<\/p>\n<p>A\u011f\u0131rl\u0131k: 310 g<\/p>\n<p>JAE versiyonu:<\/p>\n<p>DC giri\u015f soketi x 1<\/p>\n<p>Ses \u00e7\u0131k\u0131\u015f\u0131 x 1<\/p>\n<p>USB (ana bilgisayar) x 2<\/p>\n<p>Mikro USB (\u0130stemci) x 1<\/p>\n<p>LAN x 1<\/p>\n<p>HDMI x 1<\/p>\n<p>* 60 W AC adapt\u00f6r ile<\/p>\n<p>Pogo versiyonu:<\/p>\n<p>DC giri\u015f soketi x 1<\/p>\n<p>Ses \u00e7\u0131k\u0131\u015f\u0131 x 1<\/p>\n<p>USB (ana bilgisayar) x 2<\/p>\n<p>LAN x 1<\/p>\n<p>* 60 W AC adapt\u00f6r ile<\/p>\n<\/p>\n<p><strong>SKU KIMLI\u011eI<\/strong><\/p>\n<p>JAE versiyonu:<\/p>\n<p>SKU ID: GDOF*H<\/p>\n<p>* EU = E, US = U, UK = K, AU = A,<\/p>\n<p>CHN = C, TW = T &#8211; \u015eebeke kablosu<\/p>\n<p>Pogo versiyonu:<\/p>\n<p>SKU ID: GDOF*G<\/p>\n<p>* EU = E, US = U, UK = K &#8211; \u015eebeke kablosu<\/p>\n\t\t\t\t\t\t\t\t<\/div>\n\t\t\t\t<\/div>\n\t\t\t\t\t<\/div>\n\t\t<\/div>\n\t\t\t\t\t<\/div>\n\t\t<\/section>\n\t\t\t\t<\/div>\n\t\t","protected":false},"excerpt":{"rendered":"<p>Getac ofis yuvas\u0131, \u00f6nemli \u00e7evre birimlerini ofisinizdeki cihazlara ba\u011flamak i\u00e7in \u00e7e\u015fitli I\/O ba\u011flant\u0131 noktalar\u0131 sunar. Entegre Ethernet, HDMI ve USB ba\u011flant\u0131 noktalar\u0131, kullan\u0131c\u0131lar\u0131n sahadan h\u0131zl\u0131 bir \u015fekilde veri toplamas\u0131na ve bunlar\u0131 merkez ofisteki verilerle senkronize ederek ger\u00e7ek zamanl\u0131 raporlama ve analiz yapmas\u0131na olanak tan\u0131r. Entegre pogo konekt\u00f6rler temas halinde kolay \u015farj sa\u011flar ve tableti tek elle \u00e7\u0131karmay\u0131 kolayla\u015ft\u0131r\u0131r.<\/p>\n","protected":false},"featured_media":39337,"comment_status":"open","ping_status":"closed","template":"","meta":{"_acf_changed":false},"product_brand":[],"product_cat":[2362,2318],"product_tag":[],"class_list":{"0":"post-39336","1":"product","2":"type-product","3":"status-publish","4":"has-post-thumbnail","6":"product_cat-aksesuarlar","7":"product_cat-shop-tr","8":"pa_hersteller-getac-tr","10":"first","11":"instock","12":"taxable","13":"shipping-taxable","14":"purchasable","15":"product-type-simple"},"acf":[],"yoast_head":"<!-- This site is optimized with the Yoast SEO Premium plugin v20.10 (Yoast SEO v24.3) - https:\/\/yoast.com\/wordpress\/plugins\/seo\/ -->\n<title>- ALEGER \u22c6 Augmented Reality<\/title>\n<meta name=\"robots\" content=\"index, follow, max-snippet:-1, max-image-preview:large, max-video-preview:-1\" \/>\n<meta property=\"og:locale\" content=\"tr_TR\" \/>\n<meta property=\"og:type\" content=\"article\" \/>\n<meta property=\"og:title\" content=\"GETAC OFI\u0307S I\u0307SKELESI\u0307\" \/>\n<meta property=\"og:description\" content=\"Getac ofis yuvas\u0131, \u00f6nemli \u00e7evre birimlerini ofisinizdeki cihazlara ba\u011flamak i\u00e7in \u00e7e\u015fitli I\/O ba\u011flant\u0131 noktalar\u0131 sunar. Entegre Ethernet, HDMI ve USB ba\u011flant\u0131 noktalar\u0131, kullan\u0131c\u0131lar\u0131n sahadan h\u0131zl\u0131 bir \u015fekilde veri toplamas\u0131na ve bunlar\u0131 merkez ofisteki verilerle senkronize ederek ger\u00e7ek zamanl\u0131 raporlama ve analiz yapmas\u0131na olanak tan\u0131r. Entegre pogo konekt\u00f6rler temas halinde kolay \u015farj sa\u011flar ve tableti tek elle \u00e7\u0131karmay\u0131 kolayla\u015ft\u0131r\u0131r.\" \/>\n<meta property=\"og:url\" content=\"https:\/\/alegerglobal.com\/tr\/shop-tr\/aksesuarlar\/getac-ofis-iskelesi\/\" \/>\n<meta property=\"og:site_name\" content=\"ALEGER \u22c6 Augmented Reality\" \/>\n<meta property=\"article:modified_time\" content=\"2024-06-03T11:41:17+00:00\" \/>\n<meta property=\"og:image\" content=\"https:\/\/alegerglobal.com\/wp-content\/uploads\/2021\/02\/Unbenannt-119.jpg\" \/>\n\t<meta property=\"og:image:width\" content=\"800\" \/>\n\t<meta property=\"og:image:height\" content=\"800\" \/>\n\t<meta property=\"og:image:type\" content=\"image\/jpeg\" \/>\n<meta name=\"twitter:card\" content=\"summary_large_image\" \/>\n<meta name=\"twitter:label1\" content=\"Fiyat\" \/>\n\t<meta name=\"twitter:data1\" content=\"&euro;274,99\" \/>\n\t<meta name=\"twitter:label2\" content=\"Durumu\" \/>\n\t<meta name=\"twitter:data2\" content=\"Stokta var\" \/>\n<script type=\"application\/ld+json\" class=\"yoast-schema-graph\">{\"@context\":\"https:\/\/schema.org\",\"@graph\":[{\"@type\":\"WebPage\",\"@id\":\"https:\/\/alegerglobal.com\/tr\/shop-tr\/aksesuarlar\/getac-ofis-iskelesi\/\",\"url\":\"https:\/\/alegerglobal.com\/tr\/shop-tr\/aksesuarlar\/getac-ofis-iskelesi\/\",\"name\":\"- ALEGER \u22c6 Augmented Reality\",\"isPartOf\":{\"@id\":\"https:\/\/alegerglobal.com\/tr\/#website\"},\"primaryImageOfPage\":{\"@id\":\"https:\/\/alegerglobal.com\/tr\/shop-tr\/aksesuarlar\/getac-ofis-iskelesi\/#primaryimage\"},\"image\":{\"@id\":\"https:\/\/alegerglobal.com\/tr\/shop-tr\/aksesuarlar\/getac-ofis-iskelesi\/#primaryimage\"},\"thumbnailUrl\":\"https:\/\/alegerglobal.com\/wp-content\/uploads\/2021\/02\/Unbenannt-119.jpg\",\"datePublished\":\"2024-06-03T11:41:16+00:00\",\"dateModified\":\"2024-06-03T11:41:17+00:00\",\"breadcrumb\":{\"@id\":\"https:\/\/alegerglobal.com\/tr\/shop-tr\/aksesuarlar\/getac-ofis-iskelesi\/#breadcrumb\"},\"inLanguage\":\"tr\",\"potentialAction\":[{\"@type\":\"ReadAction\",\"target\":[\"https:\/\/alegerglobal.com\/tr\/shop-tr\/aksesuarlar\/getac-ofis-iskelesi\/\"]}]},{\"@type\":\"ImageObject\",\"inLanguage\":\"tr\",\"@id\":\"https:\/\/alegerglobal.com\/tr\/shop-tr\/aksesuarlar\/getac-ofis-iskelesi\/#primaryimage\",\"url\":\"https:\/\/alegerglobal.com\/wp-content\/uploads\/2021\/02\/Unbenannt-119.jpg\",\"contentUrl\":\"https:\/\/alegerglobal.com\/wp-content\/uploads\/2021\/02\/Unbenannt-119.jpg\",\"width\":800,\"height\":800},{\"@type\":\"BreadcrumbList\",\"@id\":\"https:\/\/alegerglobal.com\/tr\/shop-tr\/aksesuarlar\/getac-ofis-iskelesi\/#breadcrumb\",\"itemListElement\":[{\"@type\":\"ListItem\",\"position\":1,\"name\":\"Home\",\"item\":\"https:\/\/alegerglobal.com\/tr\/yeni-anasayfa\/\"},{\"@type\":\"ListItem\",\"position\":2,\"name\":\"\u00dcr\u00fcnler\",\"item\":\"https:\/\/alegerglobal.com\/tr\/ueruenler\/\"},{\"@type\":\"ListItem\",\"position\":3,\"name\":\"GETAC OFI\u0307S I\u0307SKELESI\u0307\"}]},{\"@type\":\"WebSite\",\"@id\":\"https:\/\/alegerglobal.com\/tr\/#website\",\"url\":\"https:\/\/alegerglobal.com\/tr\/\",\"name\":\"ALEGER \u22c6 Augmented Reality\",\"description\":\"Die besten Augmented Reality (AR) L\u00f6sungen der Welt.\",\"publisher\":{\"@id\":\"https:\/\/alegerglobal.com\/tr\/#organization\"},\"potentialAction\":[{\"@type\":\"SearchAction\",\"target\":{\"@type\":\"EntryPoint\",\"urlTemplate\":\"https:\/\/alegerglobal.com\/tr\/?s={search_term_string}\"},\"query-input\":{\"@type\":\"PropertyValueSpecification\",\"valueRequired\":true,\"valueName\":\"search_term_string\"}}],\"inLanguage\":\"tr\"},{\"@type\":\"Organization\",\"@id\":\"https:\/\/alegerglobal.com\/tr\/#organization\",\"name\":\"ALEGER \u22c6 Augmented Reality\",\"url\":\"https:\/\/alegerglobal.com\/tr\/\",\"logo\":{\"@type\":\"ImageObject\",\"inLanguage\":\"tr\",\"@id\":\"https:\/\/alegerglobal.com\/tr\/#\/schema\/logo\/image\/\",\"url\":\"https:\/\/alegerglobal.com\/wp-content\/uploads\/2020\/12\/aleger-logo-quadrat.jpg\",\"contentUrl\":\"https:\/\/alegerglobal.com\/wp-content\/uploads\/2020\/12\/aleger-logo-quadrat.jpg\",\"width\":200,\"height\":176,\"caption\":\"ALEGER \u22c6 Augmented Reality\"},\"image\":{\"@id\":\"https:\/\/alegerglobal.com\/tr\/#\/schema\/logo\/image\/\"}}]}<\/script>\n<meta property=\"product:brand\" content=\"Getac\" \/>\n<meta property=\"product:price:amount\" content=\"274.99\" \/>\n<meta property=\"product:price:currency\" content=\"EUR\" \/>\n<meta property=\"og:availability\" content=\"instock\" \/>\n<meta property=\"product:availability\" content=\"instock\" \/>\n<meta property=\"product:condition\" content=\"new\" \/>\n<!-- \/ Yoast SEO Premium plugin. -->","yoast_head_json":{"title":"- ALEGER \u22c6 Augmented Reality","robots":{"index":"index","follow":"follow","max-snippet":"max-snippet:-1","max-image-preview":"max-image-preview:large","max-video-preview":"max-video-preview:-1"},"og_locale":"tr_TR","og_type":"article","og_title":"GETAC OFI\u0307S I\u0307SKELESI\u0307","og_description":"Getac ofis yuvas\u0131, \u00f6nemli \u00e7evre birimlerini ofisinizdeki cihazlara ba\u011flamak i\u00e7in \u00e7e\u015fitli I\/O ba\u011flant\u0131 noktalar\u0131 sunar. Entegre Ethernet, HDMI ve USB ba\u011flant\u0131 noktalar\u0131, kullan\u0131c\u0131lar\u0131n sahadan h\u0131zl\u0131 bir \u015fekilde veri toplamas\u0131na ve bunlar\u0131 merkez ofisteki verilerle senkronize ederek ger\u00e7ek zamanl\u0131 raporlama ve analiz yapmas\u0131na olanak tan\u0131r. Entegre pogo konekt\u00f6rler temas halinde kolay \u015farj sa\u011flar ve tableti tek elle \u00e7\u0131karmay\u0131 kolayla\u015ft\u0131r\u0131r.","og_url":"https:\/\/alegerglobal.com\/tr\/shop-tr\/aksesuarlar\/getac-ofis-iskelesi\/","og_site_name":"ALEGER \u22c6 Augmented Reality","article_modified_time":"2024-06-03T11:41:17+00:00","og_image":[{"width":800,"height":800,"url":"https:\/\/alegerglobal.com\/wp-content\/uploads\/2021\/02\/Unbenannt-119.jpg","type":"image\/jpeg"}],"twitter_card":"summary_large_image","twitter_misc":{"Fiyat":"&euro;274,99","Durumu":"Stokta var"},"schema":{"@context":"https:\/\/schema.org","@graph":[{"@type":"WebPage","@id":"https:\/\/alegerglobal.com\/tr\/shop-tr\/aksesuarlar\/getac-ofis-iskelesi\/","url":"https:\/\/alegerglobal.com\/tr\/shop-tr\/aksesuarlar\/getac-ofis-iskelesi\/","name":"- ALEGER \u22c6 Augmented Reality","isPartOf":{"@id":"https:\/\/alegerglobal.com\/tr\/#website"},"primaryImageOfPage":{"@id":"https:\/\/alegerglobal.com\/tr\/shop-tr\/aksesuarlar\/getac-ofis-iskelesi\/#primaryimage"},"image":{"@id":"https:\/\/alegerglobal.com\/tr\/shop-tr\/aksesuarlar\/getac-ofis-iskelesi\/#primaryimage"},"thumbnailUrl":"https:\/\/alegerglobal.com\/wp-content\/uploads\/2021\/02\/Unbenannt-119.jpg","datePublished":"2024-06-03T11:41:16+00:00","dateModified":"2024-06-03T11:41:17+00:00","breadcrumb":{"@id":"https:\/\/alegerglobal.com\/tr\/shop-tr\/aksesuarlar\/getac-ofis-iskelesi\/#breadcrumb"},"inLanguage":"tr","potentialAction":[{"@type":"ReadAction","target":["https:\/\/alegerglobal.com\/tr\/shop-tr\/aksesuarlar\/getac-ofis-iskelesi\/"]}]},{"@type":"ImageObject","inLanguage":"tr","@id":"https:\/\/alegerglobal.com\/tr\/shop-tr\/aksesuarlar\/getac-ofis-iskelesi\/#primaryimage","url":"https:\/\/alegerglobal.com\/wp-content\/uploads\/2021\/02\/Unbenannt-119.jpg","contentUrl":"https:\/\/alegerglobal.com\/wp-content\/uploads\/2021\/02\/Unbenannt-119.jpg","width":800,"height":800},{"@type":"BreadcrumbList","@id":"https:\/\/alegerglobal.com\/tr\/shop-tr\/aksesuarlar\/getac-ofis-iskelesi\/#breadcrumb","itemListElement":[{"@type":"ListItem","position":1,"name":"Home","item":"https:\/\/alegerglobal.com\/tr\/yeni-anasayfa\/"},{"@type":"ListItem","position":2,"name":"\u00dcr\u00fcnler","item":"https:\/\/alegerglobal.com\/tr\/ueruenler\/"},{"@type":"ListItem","position":3,"name":"GETAC OFI\u0307S I\u0307SKELESI\u0307"}]},{"@type":"WebSite","@id":"https:\/\/alegerglobal.com\/tr\/#website","url":"https:\/\/alegerglobal.com\/tr\/","name":"ALEGER \u22c6 Augmented Reality","description":"Die besten Augmented Reality (AR) L\u00f6sungen der Welt.","publisher":{"@id":"https:\/\/alegerglobal.com\/tr\/#organization"},"potentialAction":[{"@type":"SearchAction","target":{"@type":"EntryPoint","urlTemplate":"https:\/\/alegerglobal.com\/tr\/?s={search_term_string}"},"query-input":{"@type":"PropertyValueSpecification","valueRequired":true,"valueName":"search_term_string"}}],"inLanguage":"tr"},{"@type":"Organization","@id":"https:\/\/alegerglobal.com\/tr\/#organization","name":"ALEGER \u22c6 Augmented Reality","url":"https:\/\/alegerglobal.com\/tr\/","logo":{"@type":"ImageObject","inLanguage":"tr","@id":"https:\/\/alegerglobal.com\/tr\/#\/schema\/logo\/image\/","url":"https:\/\/alegerglobal.com\/wp-content\/uploads\/2020\/12\/aleger-logo-quadrat.jpg","contentUrl":"https:\/\/alegerglobal.com\/wp-content\/uploads\/2020\/12\/aleger-logo-quadrat.jpg","width":200,"height":176,"caption":"ALEGER \u22c6 Augmented Reality"},"image":{"@id":"https:\/\/alegerglobal.com\/tr\/#\/schema\/logo\/image\/"}}]},"product_brand":"Getac","product_price_amount":"274.99","product_price_currency":"EUR","og_availability":"instock","product_availability":"instock","product_condition":"new"},"_links":{"self":[{"href":"https:\/\/alegerglobal.com\/tr\/wp-json\/wp\/v2\/product\/39336","targetHints":{"allow":["GET"]}}],"collection":[{"href":"https:\/\/alegerglobal.com\/tr\/wp-json\/wp\/v2\/product"}],"about":[{"href":"https:\/\/alegerglobal.com\/tr\/wp-json\/wp\/v2\/types\/product"}],"replies":[{"embeddable":true,"href":"https:\/\/alegerglobal.com\/tr\/wp-json\/wp\/v2\/comments?post=39336"}],"version-history":[{"count":1,"href":"https:\/\/alegerglobal.com\/tr\/wp-json\/wp\/v2\/product\/39336\/revisions"}],"predecessor-version":[{"id":39338,"href":"https:\/\/alegerglobal.com\/tr\/wp-json\/wp\/v2\/product\/39336\/revisions\/39338"}],"wp:featuredmedia":[{"embeddable":true,"href":"https:\/\/alegerglobal.com\/tr\/wp-json\/wp\/v2\/media\/39337"}],"wp:attachment":[{"href":"https:\/\/alegerglobal.com\/tr\/wp-json\/wp\/v2\/media?parent=39336"}],"wp:term":[{"taxonomy":"product_brand","embeddable":true,"href":"https:\/\/alegerglobal.com\/tr\/wp-json\/wp\/v2\/product_brand?post=39336"},{"taxonomy":"product_cat","embeddable":true,"href":"https:\/\/alegerglobal.com\/tr\/wp-json\/wp\/v2\/product_cat?post=39336"},{"taxonomy":"product_tag","embeddable":true,"href":"https:\/\/alegerglobal.com\/tr\/wp-json\/wp\/v2\/product_tag?post=39336"}],"curies":[{"name":"wp","href":"https:\/\/api.w.org\/{rel}","templated":true}]}}