{"id":39310,"date":"2021-03-07T08:00:03","date_gmt":"2024-06-03T11:38:57","guid":{"rendered":"https:\/\/alegerglobal.com\/kategorilenmemis\/ecom-loc-ex-01-ex-korumali-isaret-atex-boelge-1\/"},"modified":"2026-02-17T13:00:14","modified_gmt":"2026-02-17T12:00:14","slug":"ecom-loc-ex-01","status":"publish","type":"product","link":"https:\/\/alegerglobal.com\/tr\/shop-tr\/ecom-loc-ex-01\/","title":{"rendered":"ecom Loc-Ex\u00ae 01, Ex korumal\u0131 i\u015faret, Atex B\u00f6lge 1"},"content":{"rendered":"","protected":false},"excerpt":{"rendered":"<ul>\n<li style=\"font-weight: 400;\"><b>Potansiyel olarak patlay\u0131c\u0131 ortamlar i\u00e7in:<\/b><span style=\"font-weight: 400;\"> B\u00f6lge 1\/21 (ATEX \/ IECEx) ve B\u00f6l\u00fcm 1 (NEC \/ CEC) onay\u0131 ile, d\u00fcnya \u00e7ap\u0131nda a\u015fa\u011f\u0131dakilere uygun olarak kullan\u0131n<\/span><span style=\"font-weight: 400;\"> ATEX<\/span><span style=\"font-weight: 400;\"> direktifler.<\/span><\/li>\n<li><b>Artan \u015feffafl\u0131k: <\/b><span style=\"font-weight: 400;\">Basitle\u015ftirilmi\u015f s\u00fcre\u00e7 ak\u0131\u015flar\u0131, iyile\u015ftirilmi\u015f kontrol ve hem i\u00e7 hem de d\u0131\u015f mekanlarda lokalizasyon garanti edilir. <\/span> <\/li>\n<li style=\"font-weight: 400;\"><b>Geni\u015fletilmi\u015f s\u0131cakl\u0131k aral\u0131\u011f\u0131 i\u00e7in:<\/b> <span style=\"font-weight: 400;\">IP64 sertifikal\u0131<\/span><span style=\"font-weight: 400;\"> Beacon toza ve neme kar\u015f\u0131 dayan\u0131kl\u0131d\u0131r ve -20\u00b0C ila +55\u00b0C aras\u0131ndaki s\u0131cakl\u0131klarda bile tamamen i\u015flevsel kal\u0131r.<\/span><\/li>\n<li style=\"font-weight: 400;\"><b>\u00c7al\u0131\u015fanlar i\u00e7in daha fazla koruma:<\/b><span style=\"font-weight: 400;\"> Yaln\u0131z \u00e7al\u0131\u015fan korumas\u0131, i\u015fyerinde g\u00fcvenilir bir \u015fekilde ek g\u00fcvenlik sa\u011flar.<\/span><\/li>\n<li style=\"font-weight: 400;\"><b>Uzun menzil:<\/b> sinyaller i\u00e7 mekanda 30 metre, d\u0131\u015f mekanda ise 200 metreye kadar bir mesafeye iletilebilir.<\/li>\n<\/ul>\n","protected":false},"featured_media":39311,"comment_status":"open","ping_status":"closed","template":"","meta":{"_acf_changed":false},"product_brand":[],"product_cat":[2319,2617,2318],"product_tag":[],"class_list":{"0":"post-39310","1":"product","2":"type-product","3":"status-publish","4":"has-post-thumbnail","6":"product_cat-atex-tr","7":"product_cat-mobil-bilisim","8":"product_cat-shop-tr","9":"pa_hersteller-ecom-tr","11":"first","12":"instock","13":"taxable","14":"shipping-taxable","15":"purchasable","16":"product-type-simple"},"acf":[],"yoast_head":"<!-- This site is optimized with the Yoast SEO Premium plugin v20.10 (Yoast SEO v24.3) - https:\/\/yoast.com\/wordpress\/plugins\/seo\/ -->\n<title>Ecom Loc-Ex\u00ae 01 online - ALEGER \u22c6 Augmented Reality sat\u0131n al\u0131n<\/title>\n<meta name=\"description\" content=\"ecom&#039;un Atex Zone 2 i\u00e7in sundu\u011fu patlamaya dayan\u0131kl\u0131 Beacon ile maksimum sistem g\u00fcvenli\u011fi ve yaln\u0131z \u00e7al\u0131\u015fan korumas\u0131 sa\u011flayabilirsiniz. Buradan ke\u015ffedin!\" \/>\n<meta name=\"robots\" content=\"index, follow, max-snippet:-1, max-image-preview:large, max-video-preview:-1\" \/>\n<meta property=\"og:locale\" content=\"tr_TR\" \/>\n<meta property=\"og:type\" content=\"article\" \/>\n<meta property=\"og:title\" content=\"ecom Loc-Ex\u00ae 01, Ex korumal\u0131 i\u015faret, Atex B\u00f6lge 1\" \/>\n<meta property=\"og:description\" content=\"ecom&#039;un Atex Zone 2 i\u00e7in sundu\u011fu patlamaya dayan\u0131kl\u0131 Beacon ile maksimum sistem g\u00fcvenli\u011fi ve yaln\u0131z \u00e7al\u0131\u015fan korumas\u0131 sa\u011flayabilirsiniz. Buradan ke\u015ffedin!\" \/>\n<meta property=\"og:url\" content=\"https:\/\/alegerglobal.com\/tr\/shop-tr\/ecom-loc-ex-01\/\" \/>\n<meta property=\"og:site_name\" content=\"ALEGER \u22c6 Augmented Reality\" \/>\n<meta property=\"article:modified_time\" content=\"2026-02-17T12:00:14+00:00\" \/>\n<meta property=\"og:image\" content=\"https:\/\/alegerglobal.com\/wp-content\/uploads\/2021\/03\/Unbenannt-47.jpg\" \/>\n\t<meta property=\"og:image:width\" content=\"800\" \/>\n\t<meta property=\"og:image:height\" content=\"800\" \/>\n\t<meta property=\"og:image:type\" content=\"image\/jpeg\" \/>\n<meta name=\"twitter:card\" content=\"summary_large_image\" \/>\n<meta name=\"twitter:label1\" content=\"Fiyat\" \/>\n\t<meta name=\"twitter:data1\" content=\"&euro;560,00\" \/>\n\t<meta name=\"twitter:label2\" content=\"Durumu\" \/>\n\t<meta name=\"twitter:data2\" content=\"Stokta var\" \/>\n<script type=\"application\/ld+json\" class=\"yoast-schema-graph\">{\"@context\":\"https:\/\/schema.org\",\"@graph\":[{\"@type\":\"WebPage\",\"@id\":\"https:\/\/alegerglobal.com\/tr\/shop-tr\/ecom-loc-ex-01\/\",\"url\":\"https:\/\/alegerglobal.com\/tr\/shop-tr\/ecom-loc-ex-01\/\",\"name\":\"Ecom Loc-Ex\u00ae 01 online - ALEGER \u22c6 Augmented Reality sat\u0131n al\u0131n\",\"isPartOf\":{\"@id\":\"https:\/\/alegerglobal.com\/tr\/#website\"},\"primaryImageOfPage\":{\"@id\":\"https:\/\/alegerglobal.com\/tr\/shop-tr\/ecom-loc-ex-01\/#primaryimage\"},\"image\":{\"@id\":\"https:\/\/alegerglobal.com\/tr\/shop-tr\/ecom-loc-ex-01\/#primaryimage\"},\"thumbnailUrl\":\"https:\/\/alegerglobal.com\/wp-content\/uploads\/2021\/03\/Unbenannt-47.jpg\",\"datePublished\":\"2024-06-03T11:38:57+00:00\",\"dateModified\":\"2026-02-17T12:00:14+00:00\",\"description\":\"ecom'un Atex Zone 2 i\u00e7in sundu\u011fu patlamaya dayan\u0131kl\u0131 Beacon ile maksimum sistem g\u00fcvenli\u011fi ve yaln\u0131z \u00e7al\u0131\u015fan korumas\u0131 sa\u011flayabilirsiniz. Buradan ke\u015ffedin!\",\"breadcrumb\":{\"@id\":\"https:\/\/alegerglobal.com\/tr\/shop-tr\/ecom-loc-ex-01\/#breadcrumb\"},\"inLanguage\":\"tr\",\"potentialAction\":[{\"@type\":\"ReadAction\",\"target\":[\"https:\/\/alegerglobal.com\/tr\/shop-tr\/ecom-loc-ex-01\/\"]}]},{\"@type\":\"ImageObject\",\"inLanguage\":\"tr\",\"@id\":\"https:\/\/alegerglobal.com\/tr\/shop-tr\/ecom-loc-ex-01\/#primaryimage\",\"url\":\"https:\/\/alegerglobal.com\/wp-content\/uploads\/2021\/03\/Unbenannt-47.jpg\",\"contentUrl\":\"https:\/\/alegerglobal.com\/wp-content\/uploads\/2021\/03\/Unbenannt-47.jpg\",\"width\":800,\"height\":800},{\"@type\":\"BreadcrumbList\",\"@id\":\"https:\/\/alegerglobal.com\/tr\/shop-tr\/ecom-loc-ex-01\/#breadcrumb\",\"itemListElement\":[{\"@type\":\"ListItem\",\"position\":1,\"name\":\"Home\",\"item\":\"https:\/\/alegerglobal.com\/tr\/yeni-anasayfa\/\"},{\"@type\":\"ListItem\",\"position\":2,\"name\":\"\u00dcr\u00fcnler\",\"item\":\"https:\/\/alegerglobal.com\/tr\/ueruenler\/\"},{\"@type\":\"ListItem\",\"position\":3,\"name\":\"ecom Loc-Ex\u00ae 01, Ex korumal\u0131 i\u015faret, Atex B\u00f6lge 1\"}]},{\"@type\":\"WebSite\",\"@id\":\"https:\/\/alegerglobal.com\/tr\/#website\",\"url\":\"https:\/\/alegerglobal.com\/tr\/\",\"name\":\"ALEGER \u22c6 Augmented Reality\",\"description\":\"Die besten Augmented Reality (AR) L\u00f6sungen der Welt.\",\"publisher\":{\"@id\":\"https:\/\/alegerglobal.com\/tr\/#organization\"},\"potentialAction\":[{\"@type\":\"SearchAction\",\"target\":{\"@type\":\"EntryPoint\",\"urlTemplate\":\"https:\/\/alegerglobal.com\/tr\/?s={search_term_string}\"},\"query-input\":{\"@type\":\"PropertyValueSpecification\",\"valueRequired\":true,\"valueName\":\"search_term_string\"}}],\"inLanguage\":\"tr\"},{\"@type\":\"Organization\",\"@id\":\"https:\/\/alegerglobal.com\/tr\/#organization\",\"name\":\"ALEGER \u22c6 Augmented Reality\",\"url\":\"https:\/\/alegerglobal.com\/tr\/\",\"logo\":{\"@type\":\"ImageObject\",\"inLanguage\":\"tr\",\"@id\":\"https:\/\/alegerglobal.com\/tr\/#\/schema\/logo\/image\/\",\"url\":\"https:\/\/alegerglobal.com\/wp-content\/uploads\/2020\/12\/aleger-logo-quadrat.jpg\",\"contentUrl\":\"https:\/\/alegerglobal.com\/wp-content\/uploads\/2020\/12\/aleger-logo-quadrat.jpg\",\"width\":200,\"height\":176,\"caption\":\"ALEGER \u22c6 Augmented Reality\"},\"image\":{\"@id\":\"https:\/\/alegerglobal.com\/tr\/#\/schema\/logo\/image\/\"}}]}<\/script>\n<meta property=\"product:brand\" content=\"Ecom\" \/>\n<meta property=\"product:price:amount\" content=\"560.00\" \/>\n<meta property=\"product:price:currency\" content=\"EUR\" \/>\n<meta property=\"og:availability\" content=\"instock\" \/>\n<meta property=\"product:availability\" content=\"instock\" \/>\n<meta property=\"product:condition\" content=\"new\" \/>\n<!-- \/ Yoast SEO Premium plugin. -->","yoast_head_json":{"title":"Ecom Loc-Ex\u00ae 01 online - ALEGER \u22c6 Augmented Reality sat\u0131n al\u0131n","description":"ecom'un Atex Zone 2 i\u00e7in sundu\u011fu patlamaya dayan\u0131kl\u0131 Beacon ile maksimum sistem g\u00fcvenli\u011fi ve yaln\u0131z \u00e7al\u0131\u015fan korumas\u0131 sa\u011flayabilirsiniz. Buradan ke\u015ffedin!","robots":{"index":"index","follow":"follow","max-snippet":"max-snippet:-1","max-image-preview":"max-image-preview:large","max-video-preview":"max-video-preview:-1"},"og_locale":"tr_TR","og_type":"article","og_title":"ecom Loc-Ex\u00ae 01, Ex korumal\u0131 i\u015faret, Atex B\u00f6lge 1","og_description":"ecom'un Atex Zone 2 i\u00e7in sundu\u011fu patlamaya dayan\u0131kl\u0131 Beacon ile maksimum sistem g\u00fcvenli\u011fi ve yaln\u0131z \u00e7al\u0131\u015fan korumas\u0131 sa\u011flayabilirsiniz. Buradan ke\u015ffedin!","og_url":"https:\/\/alegerglobal.com\/tr\/shop-tr\/ecom-loc-ex-01\/","og_site_name":"ALEGER \u22c6 Augmented Reality","article_modified_time":"2026-02-17T12:00:14+00:00","og_image":[{"width":800,"height":800,"url":"https:\/\/alegerglobal.com\/wp-content\/uploads\/2021\/03\/Unbenannt-47.jpg","type":"image\/jpeg"}],"twitter_card":"summary_large_image","twitter_misc":{"Fiyat":"&euro;560,00","Durumu":"Stokta var"},"schema":{"@context":"https:\/\/schema.org","@graph":[{"@type":"WebPage","@id":"https:\/\/alegerglobal.com\/tr\/shop-tr\/ecom-loc-ex-01\/","url":"https:\/\/alegerglobal.com\/tr\/shop-tr\/ecom-loc-ex-01\/","name":"Ecom Loc-Ex\u00ae 01 online - ALEGER \u22c6 Augmented Reality sat\u0131n al\u0131n","isPartOf":{"@id":"https:\/\/alegerglobal.com\/tr\/#website"},"primaryImageOfPage":{"@id":"https:\/\/alegerglobal.com\/tr\/shop-tr\/ecom-loc-ex-01\/#primaryimage"},"image":{"@id":"https:\/\/alegerglobal.com\/tr\/shop-tr\/ecom-loc-ex-01\/#primaryimage"},"thumbnailUrl":"https:\/\/alegerglobal.com\/wp-content\/uploads\/2021\/03\/Unbenannt-47.jpg","datePublished":"2024-06-03T11:38:57+00:00","dateModified":"2026-02-17T12:00:14+00:00","description":"ecom'un Atex Zone 2 i\u00e7in sundu\u011fu patlamaya dayan\u0131kl\u0131 Beacon ile maksimum sistem g\u00fcvenli\u011fi ve yaln\u0131z \u00e7al\u0131\u015fan korumas\u0131 sa\u011flayabilirsiniz. Buradan ke\u015ffedin!","breadcrumb":{"@id":"https:\/\/alegerglobal.com\/tr\/shop-tr\/ecom-loc-ex-01\/#breadcrumb"},"inLanguage":"tr","potentialAction":[{"@type":"ReadAction","target":["https:\/\/alegerglobal.com\/tr\/shop-tr\/ecom-loc-ex-01\/"]}]},{"@type":"ImageObject","inLanguage":"tr","@id":"https:\/\/alegerglobal.com\/tr\/shop-tr\/ecom-loc-ex-01\/#primaryimage","url":"https:\/\/alegerglobal.com\/wp-content\/uploads\/2021\/03\/Unbenannt-47.jpg","contentUrl":"https:\/\/alegerglobal.com\/wp-content\/uploads\/2021\/03\/Unbenannt-47.jpg","width":800,"height":800},{"@type":"BreadcrumbList","@id":"https:\/\/alegerglobal.com\/tr\/shop-tr\/ecom-loc-ex-01\/#breadcrumb","itemListElement":[{"@type":"ListItem","position":1,"name":"Home","item":"https:\/\/alegerglobal.com\/tr\/yeni-anasayfa\/"},{"@type":"ListItem","position":2,"name":"\u00dcr\u00fcnler","item":"https:\/\/alegerglobal.com\/tr\/ueruenler\/"},{"@type":"ListItem","position":3,"name":"ecom Loc-Ex\u00ae 01, Ex korumal\u0131 i\u015faret, Atex B\u00f6lge 1"}]},{"@type":"WebSite","@id":"https:\/\/alegerglobal.com\/tr\/#website","url":"https:\/\/alegerglobal.com\/tr\/","name":"ALEGER \u22c6 Augmented Reality","description":"Die besten Augmented Reality (AR) L\u00f6sungen der Welt.","publisher":{"@id":"https:\/\/alegerglobal.com\/tr\/#organization"},"potentialAction":[{"@type":"SearchAction","target":{"@type":"EntryPoint","urlTemplate":"https:\/\/alegerglobal.com\/tr\/?s={search_term_string}"},"query-input":{"@type":"PropertyValueSpecification","valueRequired":true,"valueName":"search_term_string"}}],"inLanguage":"tr"},{"@type":"Organization","@id":"https:\/\/alegerglobal.com\/tr\/#organization","name":"ALEGER \u22c6 Augmented Reality","url":"https:\/\/alegerglobal.com\/tr\/","logo":{"@type":"ImageObject","inLanguage":"tr","@id":"https:\/\/alegerglobal.com\/tr\/#\/schema\/logo\/image\/","url":"https:\/\/alegerglobal.com\/wp-content\/uploads\/2020\/12\/aleger-logo-quadrat.jpg","contentUrl":"https:\/\/alegerglobal.com\/wp-content\/uploads\/2020\/12\/aleger-logo-quadrat.jpg","width":200,"height":176,"caption":"ALEGER \u22c6 Augmented Reality"},"image":{"@id":"https:\/\/alegerglobal.com\/tr\/#\/schema\/logo\/image\/"}}]},"product_brand":"Ecom","product_price_amount":"560.00","product_price_currency":"EUR","og_availability":"instock","product_availability":"instock","product_condition":"new"},"_links":{"self":[{"href":"https:\/\/alegerglobal.com\/tr\/wp-json\/wp\/v2\/product\/39310","targetHints":{"allow":["GET"]}}],"collection":[{"href":"https:\/\/alegerglobal.com\/tr\/wp-json\/wp\/v2\/product"}],"about":[{"href":"https:\/\/alegerglobal.com\/tr\/wp-json\/wp\/v2\/types\/product"}],"replies":[{"embeddable":true,"href":"https:\/\/alegerglobal.com\/tr\/wp-json\/wp\/v2\/comments?post=39310"}],"version-history":[{"count":1,"href":"https:\/\/alegerglobal.com\/tr\/wp-json\/wp\/v2\/product\/39310\/revisions"}],"predecessor-version":[{"id":52483,"href":"https:\/\/alegerglobal.com\/tr\/wp-json\/wp\/v2\/product\/39310\/revisions\/52483"}],"wp:featuredmedia":[{"embeddable":true,"href":"https:\/\/alegerglobal.com\/tr\/wp-json\/wp\/v2\/media\/39311"}],"wp:attachment":[{"href":"https:\/\/alegerglobal.com\/tr\/wp-json\/wp\/v2\/media?parent=39310"}],"wp:term":[{"taxonomy":"product_brand","embeddable":true,"href":"https:\/\/alegerglobal.com\/tr\/wp-json\/wp\/v2\/product_brand?post=39310"},{"taxonomy":"product_cat","embeddable":true,"href":"https:\/\/alegerglobal.com\/tr\/wp-json\/wp\/v2\/product_cat?post=39310"},{"taxonomy":"product_tag","embeddable":true,"href":"https:\/\/alegerglobal.com\/tr\/wp-json\/wp\/v2\/product_tag?post=39310"}],"curies":[{"name":"wp","href":"https:\/\/api.w.org\/{rel}","templated":true}]}}