{"id":39308,"date":"2021-03-07T08:00:06","date_gmt":"2024-06-03T11:38:55","guid":{"rendered":"https:\/\/alegerglobal.com\/kategorilenmemis\/ecom-cube-800-eski-korumali-kamera-atex-zone-1-android\/"},"modified":"2024-06-03T12:38:55","modified_gmt":"2024-06-03T11:38:55","slug":"ecom-cube-800","status":"publish","type":"product","link":"https:\/\/alegerglobal.com\/tr\/shop-tr\/gadgetlar-tr\/ecom-cube-800\/","title":{"rendered":"ecom Cube 800, Eski korumal\u0131 kamera, Atex Zone 1, Android"},"content":{"rendered":"","protected":false},"excerpt":{"rendered":"<ul>\n<li style=\"font-weight: 400;\"><b>\u015euna kar\u015f\u0131l\u0131k gelir <\/b><b>ATEX<\/b><b> K\u0131lavuzlar: <\/b><span style=\"font-weight: 400;\">Potansiyel olarak d\u00fcnya \u00e7ap\u0131nda end\u00fcstriyel kullan\u0131m<\/span> <span style=\"font-weight: 400;\">tehlikeli alanlar i\u00e7in onay ile m\u00fcmk\u00fcnd\u00fcr<\/span><span style=\"font-weight: 400;\"> Eski B\u00f6lge<\/span><span style=\"font-weight: 400;\"> 1\/21 ve S\u0131n\u0131f 1\/ B\u00f6l\u00fcm 1.<\/span><\/li>\n<li><b>\u00c7ift kamera sistemi: <\/b><span style=\"font-weight: 400;\">\u00c7ok \u00e7e\u015fitli sistemleri izlemek i\u00e7in hem optik hem de termal kamera modlar\u0131 mevcuttur. <\/span> <\/li>\n<li><b>IP64 sertifikal\u0131d\u0131r:<\/b> <span style=\"font-weight: 400;\">Sa\u011flam kamera, zorlu \u00e7al\u0131\u015fma ortam\u0131na en iyi \u015fekilde dayanmak i\u00e7in toza ve neme kar\u015f\u0131 korumal\u0131d\u0131r. <\/span> <\/li>\n<li><b>Geni\u015fletilmi\u015f s\u0131cakl\u0131k aral\u0131\u011f\u0131 i\u00e7in: <\/b><span style=\"font-weight: 400;\">10\u00b0C ila +55\u00b0C aras\u0131ndaki s\u0131cakl\u0131klarda bile kendinden emniyetli kamera tamamen i\u015flevsel kal\u0131r.<\/span><\/li>\n<li><b>Uzaktan destek: <\/b>Canl\u0131 iletim ile sorun giderme yeni bir seviyeye ta\u015f\u0131n\u0131yor. Uzmanlar sorunu gidermek i\u00e7in do\u011fru ad\u0131mlar\u0131 hemen ba\u015flatabilir, b\u00f6ylece her zaman verimli \u00e7al\u0131\u015f\u0131rs\u0131n\u0131z.<\/li>\n<\/ul>\n","protected":false},"featured_media":39309,"comment_status":"open","ping_status":"closed","template":"","meta":{"_acf_changed":false},"product_brand":[],"product_cat":[2319,2320,2318],"product_tag":[],"class_list":{"0":"post-39308","1":"product","2":"type-product","3":"status-publish","4":"has-post-thumbnail","6":"product_cat-atex-tr","7":"product_cat-gadgetlar-tr","8":"product_cat-shop-tr","9":"pa_hersteller-ecom-tr","11":"first","12":"instock","13":"taxable","14":"shipping-taxable","15":"purchasable","16":"product-type-simple"},"acf":[],"yoast_head":"<!-- This site is optimized with the Yoast SEO Premium plugin v20.10 (Yoast SEO v24.3) - https:\/\/yoast.com\/wordpress\/plugins\/seo\/ -->\n<title>ecom online - ALEGER \u22c6 Augmented Reality&#039;den Cube 800<\/title>\n<meta name=\"description\" content=\"Atex Zone 1&#039;de video kaydetme ve yay\u0131nlama? ecom&#039;dan Cube 800 ile sorun yok. Daha fazlas\u0131n\u0131 buradan \u00f6\u011frenin!\" \/>\n<meta name=\"robots\" content=\"index, follow, max-snippet:-1, max-image-preview:large, max-video-preview:-1\" \/>\n<meta property=\"og:locale\" content=\"tr_TR\" \/>\n<meta property=\"og:type\" content=\"article\" \/>\n<meta property=\"og:title\" content=\"ecom Cube 800, Eski korumal\u0131 kamera, Atex Zone 1, Android\" \/>\n<meta property=\"og:description\" content=\"Atex Zone 1&#039;de video kaydetme ve yay\u0131nlama? ecom&#039;dan Cube 800 ile sorun yok. Daha fazlas\u0131n\u0131 buradan \u00f6\u011frenin!\" \/>\n<meta property=\"og:url\" content=\"https:\/\/alegerglobal.com\/tr\/shop-tr\/gadgetlar-tr\/ecom-cube-800\/\" \/>\n<meta property=\"og:site_name\" content=\"ALEGER \u22c6 Augmented Reality\" \/>\n<meta property=\"og:image\" content=\"https:\/\/alegerglobal.com\/wp-content\/uploads\/2021\/01\/csm_cube_800_teaser_01_5ff4661df2.png\" \/>\n\t<meta property=\"og:image:width\" content=\"400\" \/>\n\t<meta property=\"og:image:height\" content=\"400\" \/>\n\t<meta property=\"og:image:type\" content=\"image\/png\" \/>\n<meta name=\"twitter:card\" content=\"summary_large_image\" \/>\n<meta name=\"twitter:label1\" content=\"Fiyat\" \/>\n\t<meta name=\"twitter:data1\" content=\"&euro;3.700,00\" \/>\n\t<meta name=\"twitter:label2\" content=\"Durumu\" \/>\n\t<meta name=\"twitter:data2\" content=\"Stokta var\" \/>\n<script type=\"application\/ld+json\" class=\"yoast-schema-graph\">{\"@context\":\"https:\/\/schema.org\",\"@graph\":[{\"@type\":\"WebPage\",\"@id\":\"https:\/\/alegerglobal.com\/tr\/shop-tr\/gadgetlar-tr\/ecom-cube-800\/\",\"url\":\"https:\/\/alegerglobal.com\/tr\/shop-tr\/gadgetlar-tr\/ecom-cube-800\/\",\"name\":\"ecom online - ALEGER \u22c6 Augmented Reality'den Cube 800\",\"isPartOf\":{\"@id\":\"https:\/\/alegerglobal.com\/tr\/#website\"},\"primaryImageOfPage\":{\"@id\":\"https:\/\/alegerglobal.com\/tr\/shop-tr\/gadgetlar-tr\/ecom-cube-800\/#primaryimage\"},\"image\":{\"@id\":\"https:\/\/alegerglobal.com\/tr\/shop-tr\/gadgetlar-tr\/ecom-cube-800\/#primaryimage\"},\"thumbnailUrl\":\"https:\/\/alegerglobal.com\/wp-content\/uploads\/2021\/01\/csm_cube_800_teaser_01_5ff4661df2.png\",\"datePublished\":\"2024-06-03T11:38:55+00:00\",\"dateModified\":\"2024-06-03T11:38:55+00:00\",\"description\":\"Atex Zone 1'de video kaydetme ve yay\u0131nlama? ecom'dan Cube 800 ile sorun yok. Daha fazlas\u0131n\u0131 buradan \u00f6\u011frenin!\",\"breadcrumb\":{\"@id\":\"https:\/\/alegerglobal.com\/tr\/shop-tr\/gadgetlar-tr\/ecom-cube-800\/#breadcrumb\"},\"inLanguage\":\"tr\",\"potentialAction\":[{\"@type\":\"ReadAction\",\"target\":[\"https:\/\/alegerglobal.com\/tr\/shop-tr\/gadgetlar-tr\/ecom-cube-800\/\"]}]},{\"@type\":\"ImageObject\",\"inLanguage\":\"tr\",\"@id\":\"https:\/\/alegerglobal.com\/tr\/shop-tr\/gadgetlar-tr\/ecom-cube-800\/#primaryimage\",\"url\":\"https:\/\/alegerglobal.com\/wp-content\/uploads\/2021\/01\/csm_cube_800_teaser_01_5ff4661df2.png\",\"contentUrl\":\"https:\/\/alegerglobal.com\/wp-content\/uploads\/2021\/01\/csm_cube_800_teaser_01_5ff4661df2.png\",\"width\":400,\"height\":400},{\"@type\":\"BreadcrumbList\",\"@id\":\"https:\/\/alegerglobal.com\/tr\/shop-tr\/gadgetlar-tr\/ecom-cube-800\/#breadcrumb\",\"itemListElement\":[{\"@type\":\"ListItem\",\"position\":1,\"name\":\"Home\",\"item\":\"https:\/\/alegerglobal.com\/tr\/yeni-anasayfa\/\"},{\"@type\":\"ListItem\",\"position\":2,\"name\":\"\u00dcr\u00fcnler\",\"item\":\"https:\/\/alegerglobal.com\/tr\/ueruenler\/\"},{\"@type\":\"ListItem\",\"position\":3,\"name\":\"ecom Cube 800, Eski korumal\u0131 kamera, Atex Zone 1, Android\"}]},{\"@type\":\"WebSite\",\"@id\":\"https:\/\/alegerglobal.com\/tr\/#website\",\"url\":\"https:\/\/alegerglobal.com\/tr\/\",\"name\":\"ALEGER \u22c6 Augmented Reality\",\"description\":\"Die besten Augmented Reality (AR) L\u00f6sungen der Welt.\",\"publisher\":{\"@id\":\"https:\/\/alegerglobal.com\/tr\/#organization\"},\"potentialAction\":[{\"@type\":\"SearchAction\",\"target\":{\"@type\":\"EntryPoint\",\"urlTemplate\":\"https:\/\/alegerglobal.com\/tr\/?s={search_term_string}\"},\"query-input\":{\"@type\":\"PropertyValueSpecification\",\"valueRequired\":true,\"valueName\":\"search_term_string\"}}],\"inLanguage\":\"tr\"},{\"@type\":\"Organization\",\"@id\":\"https:\/\/alegerglobal.com\/tr\/#organization\",\"name\":\"ALEGER \u22c6 Augmented Reality\",\"url\":\"https:\/\/alegerglobal.com\/tr\/\",\"logo\":{\"@type\":\"ImageObject\",\"inLanguage\":\"tr\",\"@id\":\"https:\/\/alegerglobal.com\/tr\/#\/schema\/logo\/image\/\",\"url\":\"https:\/\/alegerglobal.com\/wp-content\/uploads\/2020\/12\/aleger-logo-quadrat.jpg\",\"contentUrl\":\"https:\/\/alegerglobal.com\/wp-content\/uploads\/2020\/12\/aleger-logo-quadrat.jpg\",\"width\":200,\"height\":176,\"caption\":\"ALEGER \u22c6 Augmented Reality\"},\"image\":{\"@id\":\"https:\/\/alegerglobal.com\/tr\/#\/schema\/logo\/image\/\"}}]}<\/script>\n<meta property=\"product:brand\" content=\"Ecom\" \/>\n<meta property=\"product:price:amount\" content=\"3700.00\" \/>\n<meta property=\"product:price:currency\" content=\"EUR\" \/>\n<meta property=\"og:availability\" content=\"instock\" \/>\n<meta property=\"product:availability\" content=\"instock\" \/>\n<meta property=\"product:condition\" content=\"new\" \/>\n<!-- \/ Yoast SEO Premium plugin. -->","yoast_head_json":{"title":"ecom online - ALEGER \u22c6 Augmented Reality'den Cube 800","description":"Atex Zone 1'de video kaydetme ve yay\u0131nlama? ecom'dan Cube 800 ile sorun yok. Daha fazlas\u0131n\u0131 buradan \u00f6\u011frenin!","robots":{"index":"index","follow":"follow","max-snippet":"max-snippet:-1","max-image-preview":"max-image-preview:large","max-video-preview":"max-video-preview:-1"},"og_locale":"tr_TR","og_type":"article","og_title":"ecom Cube 800, Eski korumal\u0131 kamera, Atex Zone 1, Android","og_description":"Atex Zone 1'de video kaydetme ve yay\u0131nlama? ecom'dan Cube 800 ile sorun yok. Daha fazlas\u0131n\u0131 buradan \u00f6\u011frenin!","og_url":"https:\/\/alegerglobal.com\/tr\/shop-tr\/gadgetlar-tr\/ecom-cube-800\/","og_site_name":"ALEGER \u22c6 Augmented Reality","og_image":[{"width":400,"height":400,"url":"https:\/\/alegerglobal.com\/wp-content\/uploads\/2021\/01\/csm_cube_800_teaser_01_5ff4661df2.png","type":"image\/png"}],"twitter_card":"summary_large_image","twitter_misc":{"Fiyat":"&euro;3.700,00","Durumu":"Stokta var"},"schema":{"@context":"https:\/\/schema.org","@graph":[{"@type":"WebPage","@id":"https:\/\/alegerglobal.com\/tr\/shop-tr\/gadgetlar-tr\/ecom-cube-800\/","url":"https:\/\/alegerglobal.com\/tr\/shop-tr\/gadgetlar-tr\/ecom-cube-800\/","name":"ecom online - ALEGER \u22c6 Augmented Reality'den Cube 800","isPartOf":{"@id":"https:\/\/alegerglobal.com\/tr\/#website"},"primaryImageOfPage":{"@id":"https:\/\/alegerglobal.com\/tr\/shop-tr\/gadgetlar-tr\/ecom-cube-800\/#primaryimage"},"image":{"@id":"https:\/\/alegerglobal.com\/tr\/shop-tr\/gadgetlar-tr\/ecom-cube-800\/#primaryimage"},"thumbnailUrl":"https:\/\/alegerglobal.com\/wp-content\/uploads\/2021\/01\/csm_cube_800_teaser_01_5ff4661df2.png","datePublished":"2024-06-03T11:38:55+00:00","dateModified":"2024-06-03T11:38:55+00:00","description":"Atex Zone 1'de video kaydetme ve yay\u0131nlama? ecom'dan Cube 800 ile sorun yok. Daha fazlas\u0131n\u0131 buradan \u00f6\u011frenin!","breadcrumb":{"@id":"https:\/\/alegerglobal.com\/tr\/shop-tr\/gadgetlar-tr\/ecom-cube-800\/#breadcrumb"},"inLanguage":"tr","potentialAction":[{"@type":"ReadAction","target":["https:\/\/alegerglobal.com\/tr\/shop-tr\/gadgetlar-tr\/ecom-cube-800\/"]}]},{"@type":"ImageObject","inLanguage":"tr","@id":"https:\/\/alegerglobal.com\/tr\/shop-tr\/gadgetlar-tr\/ecom-cube-800\/#primaryimage","url":"https:\/\/alegerglobal.com\/wp-content\/uploads\/2021\/01\/csm_cube_800_teaser_01_5ff4661df2.png","contentUrl":"https:\/\/alegerglobal.com\/wp-content\/uploads\/2021\/01\/csm_cube_800_teaser_01_5ff4661df2.png","width":400,"height":400},{"@type":"BreadcrumbList","@id":"https:\/\/alegerglobal.com\/tr\/shop-tr\/gadgetlar-tr\/ecom-cube-800\/#breadcrumb","itemListElement":[{"@type":"ListItem","position":1,"name":"Home","item":"https:\/\/alegerglobal.com\/tr\/yeni-anasayfa\/"},{"@type":"ListItem","position":2,"name":"\u00dcr\u00fcnler","item":"https:\/\/alegerglobal.com\/tr\/ueruenler\/"},{"@type":"ListItem","position":3,"name":"ecom Cube 800, Eski korumal\u0131 kamera, Atex Zone 1, Android"}]},{"@type":"WebSite","@id":"https:\/\/alegerglobal.com\/tr\/#website","url":"https:\/\/alegerglobal.com\/tr\/","name":"ALEGER \u22c6 Augmented Reality","description":"Die besten Augmented Reality (AR) L\u00f6sungen der Welt.","publisher":{"@id":"https:\/\/alegerglobal.com\/tr\/#organization"},"potentialAction":[{"@type":"SearchAction","target":{"@type":"EntryPoint","urlTemplate":"https:\/\/alegerglobal.com\/tr\/?s={search_term_string}"},"query-input":{"@type":"PropertyValueSpecification","valueRequired":true,"valueName":"search_term_string"}}],"inLanguage":"tr"},{"@type":"Organization","@id":"https:\/\/alegerglobal.com\/tr\/#organization","name":"ALEGER \u22c6 Augmented Reality","url":"https:\/\/alegerglobal.com\/tr\/","logo":{"@type":"ImageObject","inLanguage":"tr","@id":"https:\/\/alegerglobal.com\/tr\/#\/schema\/logo\/image\/","url":"https:\/\/alegerglobal.com\/wp-content\/uploads\/2020\/12\/aleger-logo-quadrat.jpg","contentUrl":"https:\/\/alegerglobal.com\/wp-content\/uploads\/2020\/12\/aleger-logo-quadrat.jpg","width":200,"height":176,"caption":"ALEGER \u22c6 Augmented Reality"},"image":{"@id":"https:\/\/alegerglobal.com\/tr\/#\/schema\/logo\/image\/"}}]},"product_brand":"Ecom","product_price_amount":"3700.00","product_price_currency":"EUR","og_availability":"instock","product_availability":"instock","product_condition":"new"},"_links":{"self":[{"href":"https:\/\/alegerglobal.com\/tr\/wp-json\/wp\/v2\/product\/39308","targetHints":{"allow":["GET"]}}],"collection":[{"href":"https:\/\/alegerglobal.com\/tr\/wp-json\/wp\/v2\/product"}],"about":[{"href":"https:\/\/alegerglobal.com\/tr\/wp-json\/wp\/v2\/types\/product"}],"replies":[{"embeddable":true,"href":"https:\/\/alegerglobal.com\/tr\/wp-json\/wp\/v2\/comments?post=39308"}],"version-history":[{"count":0,"href":"https:\/\/alegerglobal.com\/tr\/wp-json\/wp\/v2\/product\/39308\/revisions"}],"wp:featuredmedia":[{"embeddable":true,"href":"https:\/\/alegerglobal.com\/tr\/wp-json\/wp\/v2\/media\/39309"}],"wp:attachment":[{"href":"https:\/\/alegerglobal.com\/tr\/wp-json\/wp\/v2\/media?parent=39308"}],"wp:term":[{"taxonomy":"product_brand","embeddable":true,"href":"https:\/\/alegerglobal.com\/tr\/wp-json\/wp\/v2\/product_brand?post=39308"},{"taxonomy":"product_cat","embeddable":true,"href":"https:\/\/alegerglobal.com\/tr\/wp-json\/wp\/v2\/product_cat?post=39308"},{"taxonomy":"product_tag","embeddable":true,"href":"https:\/\/alegerglobal.com\/tr\/wp-json\/wp\/v2\/product_tag?post=39308"}],"curies":[{"name":"wp","href":"https:\/\/api.w.org\/{rel}","templated":true}]}}