{"id":39300,"date":"2021-03-07T08:00:49","date_gmt":"2024-06-03T11:38:54","guid":{"rendered":"https:\/\/alegerglobal.com\/kategorilenmemis\/ecom-ident-ex-01-ex-korumali-barkod-tarayici-ve-rfid-okuyucu-atex-boelge-1\/"},"modified":"2026-02-17T13:00:16","modified_gmt":"2026-02-17T12:00:16","slug":"ecom-ident-ex-01","status":"publish","type":"product","link":"https:\/\/alegerglobal.com\/tr\/mobil-bilisim\/ecom-ident-ex-01\/","title":{"rendered":"ecom Ident-Ex\u00ae 01 Ex korumal\u0131 barkod taray\u0131c\u0131 ve RFID okuyucu, ATEX B\u00f6lge 1"},"content":{"rendered":"","protected":false},"excerpt":{"rendered":"<ul>\n<li style=\"font-weight: 400;\"><b>Potansiyel olarak patlay\u0131c\u0131 ortamlar i\u00e7in:<\/b><span style=\"font-weight: 400;\"> \u015eunlar i\u00e7in onay ile<\/span><span style=\"font-weight: 400;\"> Eski B\u00f6lge 1<\/span><span style=\"font-weight: 400;\">\/21 ve S\u0131n\u0131f 1\/ Div 1, d\u00fcnya \u00e7ap\u0131nda a\u015fa\u011f\u0131dakilere uygun kullan\u0131m<\/span><span style=\"font-weight: 400;\"> ATEX<\/span><span style=\"font-weight: 400;\"> direktifler.<\/span><\/li>\n<li><b>Yo\u011fun tarama i\u015flemleri i\u00e7in: <\/b><span style=\"font-weight: 400;\">G\u00fc\u00e7l\u00fc ve de\u011fi\u015ftirilebilir Li-ion pil sayesinde tek bir \u015farjla 10.000&#8217;e kadar tarama yapabilirsiniz.<\/span><\/li>\n<li style=\"font-weight: 400;\"><b>G\u00fcvenilir mod\u00fcler sistem: <\/b><span style=\"font-weight: 400;\">Farkl\u0131 kafa mod\u00fclleri se\u00e7ilerek farkl\u0131 gereksinimler kar\u015f\u0131lanabilir.<\/span><\/li>\n<li><b>Sezgisel kullan\u0131m:<\/b><span style=\"font-weight: 400;\"> Cihaz, i\u015f s\u00fcre\u00e7lerini olabildi\u011fince basitle\u015ftirmek i\u00e7in tek elle \u00e7al\u0131\u015ft\u0131r\u0131labilir. <\/span> <\/li>\n<li><b>Uzun mesafeler i\u00e7in<\/b>: Eri\u015fimi zor alanlarda \u00e7al\u0131\u015fmay\u0131 kolayla\u015ft\u0131rmak i\u00e7in barkodlar 15 metreye kadar bir mesafeden kolayca taranabilir.<\/li>\n<\/ul>\n","protected":false},"featured_media":39303,"comment_status":"open","ping_status":"closed","template":"","meta":{"_acf_changed":false},"product_brand":[],"product_cat":[2319,2617,2318],"product_tag":[],"class_list":{"0":"post-39300","1":"product","2":"type-product","3":"status-publish","4":"has-post-thumbnail","6":"product_cat-atex-tr","7":"product_cat-mobil-bilisim","8":"product_cat-shop-tr","10":"first","11":"instock","12":"taxable","13":"shipping-taxable","14":"purchasable","15":"product-type-simple"},"acf":[],"yoast_head":"<!-- This site is optimized with the Yoast SEO Premium plugin v20.10 (Yoast SEO v24.3) - https:\/\/yoast.com\/wordpress\/plugins\/seo\/ -->\n<title>Ident-Ex\u00ae 01&#039;i ecom online - ALEGER \u22c6 Augmented Reality&#039;den sat\u0131n al\u0131n<\/title>\n<meta name=\"description\" content=\"ecom&#039;un barkod taray\u0131c\u0131s\u0131 ve RFID okuyucusu ile uzak mesafelerden bile veri yakalayabilirsiniz. Atex Zone 1 i\u00e7in Ident-Ex taray\u0131c\u0131lar\u0131 ke\u015ffedin!\" \/>\n<meta name=\"robots\" content=\"index, follow, max-snippet:-1, max-image-preview:large, max-video-preview:-1\" \/>\n<meta property=\"og:locale\" content=\"tr_TR\" \/>\n<meta property=\"og:type\" content=\"article\" \/>\n<meta property=\"og:title\" content=\"ecom Ident-Ex\u00ae 01 Ex korumal\u0131 barkod taray\u0131c\u0131 ve RFID okuyucu, ATEX B\u00f6lge 1\" \/>\n<meta property=\"og:description\" content=\"ecom&#039;un barkod taray\u0131c\u0131s\u0131 ve RFID okuyucusu ile uzak mesafelerden bile veri yakalayabilirsiniz. Atex Zone 1 i\u00e7in Ident-Ex taray\u0131c\u0131lar\u0131 ke\u015ffedin!\" \/>\n<meta property=\"og:url\" content=\"https:\/\/alegerglobal.com\/tr\/mobil-bilisim\/ecom-ident-ex-01\/\" \/>\n<meta property=\"og:site_name\" content=\"ALEGER \u22c6 Augmented Reality\" \/>\n<meta property=\"article:modified_time\" content=\"2026-02-17T12:00:16+00:00\" \/>\n<meta property=\"og:image\" content=\"https:\/\/alegerglobal.com\/wp-content\/uploads\/2021\/03\/Unbenannt-43.jpg\" \/>\n\t<meta property=\"og:image:width\" content=\"800\" \/>\n\t<meta property=\"og:image:height\" content=\"800\" \/>\n\t<meta property=\"og:image:type\" content=\"image\/jpeg\" \/>\n<meta name=\"twitter:card\" content=\"summary_large_image\" \/>\n<meta name=\"twitter:label1\" content=\"Fiyat\" \/>\n\t<meta name=\"twitter:data1\" content=\"&euro;1.790,00\" \/>\n\t<meta name=\"twitter:label2\" content=\"Durumu\" \/>\n\t<meta name=\"twitter:data2\" content=\"Stokta var\" \/>\n<script type=\"application\/ld+json\" class=\"yoast-schema-graph\">{\"@context\":\"https:\/\/schema.org\",\"@graph\":[{\"@type\":\"WebPage\",\"@id\":\"https:\/\/alegerglobal.com\/tr\/mobil-bilisim\/ecom-ident-ex-01\/\",\"url\":\"https:\/\/alegerglobal.com\/tr\/mobil-bilisim\/ecom-ident-ex-01\/\",\"name\":\"Ident-Ex\u00ae 01'i ecom online - ALEGER \u22c6 Augmented Reality'den sat\u0131n al\u0131n\",\"isPartOf\":{\"@id\":\"https:\/\/alegerglobal.com\/tr\/#website\"},\"primaryImageOfPage\":{\"@id\":\"https:\/\/alegerglobal.com\/tr\/mobil-bilisim\/ecom-ident-ex-01\/#primaryimage\"},\"image\":{\"@id\":\"https:\/\/alegerglobal.com\/tr\/mobil-bilisim\/ecom-ident-ex-01\/#primaryimage\"},\"thumbnailUrl\":\"https:\/\/alegerglobal.com\/wp-content\/uploads\/2021\/03\/Unbenannt-43.jpg\",\"datePublished\":\"2024-06-03T11:38:54+00:00\",\"dateModified\":\"2026-02-17T12:00:16+00:00\",\"description\":\"ecom'un barkod taray\u0131c\u0131s\u0131 ve RFID okuyucusu ile uzak mesafelerden bile veri yakalayabilirsiniz. Atex Zone 1 i\u00e7in Ident-Ex taray\u0131c\u0131lar\u0131 ke\u015ffedin!\",\"breadcrumb\":{\"@id\":\"https:\/\/alegerglobal.com\/tr\/mobil-bilisim\/ecom-ident-ex-01\/#breadcrumb\"},\"inLanguage\":\"tr\",\"potentialAction\":[{\"@type\":\"ReadAction\",\"target\":[\"https:\/\/alegerglobal.com\/tr\/mobil-bilisim\/ecom-ident-ex-01\/\"]}]},{\"@type\":\"ImageObject\",\"inLanguage\":\"tr\",\"@id\":\"https:\/\/alegerglobal.com\/tr\/mobil-bilisim\/ecom-ident-ex-01\/#primaryimage\",\"url\":\"https:\/\/alegerglobal.com\/wp-content\/uploads\/2021\/03\/Unbenannt-43.jpg\",\"contentUrl\":\"https:\/\/alegerglobal.com\/wp-content\/uploads\/2021\/03\/Unbenannt-43.jpg\",\"width\":800,\"height\":800},{\"@type\":\"BreadcrumbList\",\"@id\":\"https:\/\/alegerglobal.com\/tr\/mobil-bilisim\/ecom-ident-ex-01\/#breadcrumb\",\"itemListElement\":[{\"@type\":\"ListItem\",\"position\":1,\"name\":\"Home\",\"item\":\"https:\/\/alegerglobal.com\/tr\/yeni-anasayfa\/\"},{\"@type\":\"ListItem\",\"position\":2,\"name\":\"\u00dcr\u00fcnler\",\"item\":\"https:\/\/alegerglobal.com\/tr\/ueruenler\/\"},{\"@type\":\"ListItem\",\"position\":3,\"name\":\"ecom Ident-Ex\u00ae 01 Ex korumal\u0131 barkod taray\u0131c\u0131 ve RFID okuyucu, ATEX B\u00f6lge 1\"}]},{\"@type\":\"WebSite\",\"@id\":\"https:\/\/alegerglobal.com\/tr\/#website\",\"url\":\"https:\/\/alegerglobal.com\/tr\/\",\"name\":\"ALEGER \u22c6 Augmented Reality\",\"description\":\"Die besten Augmented Reality (AR) L\u00f6sungen der Welt.\",\"publisher\":{\"@id\":\"https:\/\/alegerglobal.com\/tr\/#organization\"},\"potentialAction\":[{\"@type\":\"SearchAction\",\"target\":{\"@type\":\"EntryPoint\",\"urlTemplate\":\"https:\/\/alegerglobal.com\/tr\/?s={search_term_string}\"},\"query-input\":{\"@type\":\"PropertyValueSpecification\",\"valueRequired\":true,\"valueName\":\"search_term_string\"}}],\"inLanguage\":\"tr\"},{\"@type\":\"Organization\",\"@id\":\"https:\/\/alegerglobal.com\/tr\/#organization\",\"name\":\"ALEGER \u22c6 Augmented Reality\",\"url\":\"https:\/\/alegerglobal.com\/tr\/\",\"logo\":{\"@type\":\"ImageObject\",\"inLanguage\":\"tr\",\"@id\":\"https:\/\/alegerglobal.com\/tr\/#\/schema\/logo\/image\/\",\"url\":\"https:\/\/alegerglobal.com\/wp-content\/uploads\/2020\/12\/aleger-logo-quadrat.jpg\",\"contentUrl\":\"https:\/\/alegerglobal.com\/wp-content\/uploads\/2020\/12\/aleger-logo-quadrat.jpg\",\"width\":200,\"height\":176,\"caption\":\"ALEGER \u22c6 Augmented Reality\"},\"image\":{\"@id\":\"https:\/\/alegerglobal.com\/tr\/#\/schema\/logo\/image\/\"}}]}<\/script>\n<meta property=\"product:price:amount\" content=\"1790.00\" \/>\n<meta property=\"product:price:currency\" content=\"EUR\" \/>\n<meta property=\"og:availability\" content=\"instock\" \/>\n<meta property=\"product:availability\" content=\"instock\" \/>\n<meta property=\"product:condition\" content=\"new\" \/>\n<!-- \/ Yoast SEO Premium plugin. -->","yoast_head_json":{"title":"Ident-Ex\u00ae 01'i ecom online - ALEGER \u22c6 Augmented Reality'den sat\u0131n al\u0131n","description":"ecom'un barkod taray\u0131c\u0131s\u0131 ve RFID okuyucusu ile uzak mesafelerden bile veri yakalayabilirsiniz. Atex Zone 1 i\u00e7in Ident-Ex taray\u0131c\u0131lar\u0131 ke\u015ffedin!","robots":{"index":"index","follow":"follow","max-snippet":"max-snippet:-1","max-image-preview":"max-image-preview:large","max-video-preview":"max-video-preview:-1"},"og_locale":"tr_TR","og_type":"article","og_title":"ecom Ident-Ex\u00ae 01 Ex korumal\u0131 barkod taray\u0131c\u0131 ve RFID okuyucu, ATEX B\u00f6lge 1","og_description":"ecom'un barkod taray\u0131c\u0131s\u0131 ve RFID okuyucusu ile uzak mesafelerden bile veri yakalayabilirsiniz. Atex Zone 1 i\u00e7in Ident-Ex taray\u0131c\u0131lar\u0131 ke\u015ffedin!","og_url":"https:\/\/alegerglobal.com\/tr\/mobil-bilisim\/ecom-ident-ex-01\/","og_site_name":"ALEGER \u22c6 Augmented Reality","article_modified_time":"2026-02-17T12:00:16+00:00","og_image":[{"width":800,"height":800,"url":"https:\/\/alegerglobal.com\/wp-content\/uploads\/2021\/03\/Unbenannt-43.jpg","type":"image\/jpeg"}],"twitter_card":"summary_large_image","twitter_misc":{"Fiyat":"&euro;1.790,00","Durumu":"Stokta var"},"schema":{"@context":"https:\/\/schema.org","@graph":[{"@type":"WebPage","@id":"https:\/\/alegerglobal.com\/tr\/mobil-bilisim\/ecom-ident-ex-01\/","url":"https:\/\/alegerglobal.com\/tr\/mobil-bilisim\/ecom-ident-ex-01\/","name":"Ident-Ex\u00ae 01'i ecom online - ALEGER \u22c6 Augmented Reality'den sat\u0131n al\u0131n","isPartOf":{"@id":"https:\/\/alegerglobal.com\/tr\/#website"},"primaryImageOfPage":{"@id":"https:\/\/alegerglobal.com\/tr\/mobil-bilisim\/ecom-ident-ex-01\/#primaryimage"},"image":{"@id":"https:\/\/alegerglobal.com\/tr\/mobil-bilisim\/ecom-ident-ex-01\/#primaryimage"},"thumbnailUrl":"https:\/\/alegerglobal.com\/wp-content\/uploads\/2021\/03\/Unbenannt-43.jpg","datePublished":"2024-06-03T11:38:54+00:00","dateModified":"2026-02-17T12:00:16+00:00","description":"ecom'un barkod taray\u0131c\u0131s\u0131 ve RFID okuyucusu ile uzak mesafelerden bile veri yakalayabilirsiniz. Atex Zone 1 i\u00e7in Ident-Ex taray\u0131c\u0131lar\u0131 ke\u015ffedin!","breadcrumb":{"@id":"https:\/\/alegerglobal.com\/tr\/mobil-bilisim\/ecom-ident-ex-01\/#breadcrumb"},"inLanguage":"tr","potentialAction":[{"@type":"ReadAction","target":["https:\/\/alegerglobal.com\/tr\/mobil-bilisim\/ecom-ident-ex-01\/"]}]},{"@type":"ImageObject","inLanguage":"tr","@id":"https:\/\/alegerglobal.com\/tr\/mobil-bilisim\/ecom-ident-ex-01\/#primaryimage","url":"https:\/\/alegerglobal.com\/wp-content\/uploads\/2021\/03\/Unbenannt-43.jpg","contentUrl":"https:\/\/alegerglobal.com\/wp-content\/uploads\/2021\/03\/Unbenannt-43.jpg","width":800,"height":800},{"@type":"BreadcrumbList","@id":"https:\/\/alegerglobal.com\/tr\/mobil-bilisim\/ecom-ident-ex-01\/#breadcrumb","itemListElement":[{"@type":"ListItem","position":1,"name":"Home","item":"https:\/\/alegerglobal.com\/tr\/yeni-anasayfa\/"},{"@type":"ListItem","position":2,"name":"\u00dcr\u00fcnler","item":"https:\/\/alegerglobal.com\/tr\/ueruenler\/"},{"@type":"ListItem","position":3,"name":"ecom Ident-Ex\u00ae 01 Ex korumal\u0131 barkod taray\u0131c\u0131 ve RFID okuyucu, ATEX B\u00f6lge 1"}]},{"@type":"WebSite","@id":"https:\/\/alegerglobal.com\/tr\/#website","url":"https:\/\/alegerglobal.com\/tr\/","name":"ALEGER \u22c6 Augmented Reality","description":"Die besten Augmented Reality (AR) L\u00f6sungen der Welt.","publisher":{"@id":"https:\/\/alegerglobal.com\/tr\/#organization"},"potentialAction":[{"@type":"SearchAction","target":{"@type":"EntryPoint","urlTemplate":"https:\/\/alegerglobal.com\/tr\/?s={search_term_string}"},"query-input":{"@type":"PropertyValueSpecification","valueRequired":true,"valueName":"search_term_string"}}],"inLanguage":"tr"},{"@type":"Organization","@id":"https:\/\/alegerglobal.com\/tr\/#organization","name":"ALEGER \u22c6 Augmented Reality","url":"https:\/\/alegerglobal.com\/tr\/","logo":{"@type":"ImageObject","inLanguage":"tr","@id":"https:\/\/alegerglobal.com\/tr\/#\/schema\/logo\/image\/","url":"https:\/\/alegerglobal.com\/wp-content\/uploads\/2020\/12\/aleger-logo-quadrat.jpg","contentUrl":"https:\/\/alegerglobal.com\/wp-content\/uploads\/2020\/12\/aleger-logo-quadrat.jpg","width":200,"height":176,"caption":"ALEGER \u22c6 Augmented Reality"},"image":{"@id":"https:\/\/alegerglobal.com\/tr\/#\/schema\/logo\/image\/"}}]},"product_price_amount":"1790.00","product_price_currency":"EUR","og_availability":"instock","product_availability":"instock","product_condition":"new"},"_links":{"self":[{"href":"https:\/\/alegerglobal.com\/tr\/wp-json\/wp\/v2\/product\/39300","targetHints":{"allow":["GET"]}}],"collection":[{"href":"https:\/\/alegerglobal.com\/tr\/wp-json\/wp\/v2\/product"}],"about":[{"href":"https:\/\/alegerglobal.com\/tr\/wp-json\/wp\/v2\/types\/product"}],"replies":[{"embeddable":true,"href":"https:\/\/alegerglobal.com\/tr\/wp-json\/wp\/v2\/comments?post=39300"}],"version-history":[{"count":1,"href":"https:\/\/alegerglobal.com\/tr\/wp-json\/wp\/v2\/product\/39300\/revisions"}],"predecessor-version":[{"id":52485,"href":"https:\/\/alegerglobal.com\/tr\/wp-json\/wp\/v2\/product\/39300\/revisions\/52485"}],"wp:featuredmedia":[{"embeddable":true,"href":"https:\/\/alegerglobal.com\/tr\/wp-json\/wp\/v2\/media\/39303"}],"wp:attachment":[{"href":"https:\/\/alegerglobal.com\/tr\/wp-json\/wp\/v2\/media?parent=39300"}],"wp:term":[{"taxonomy":"product_brand","embeddable":true,"href":"https:\/\/alegerglobal.com\/tr\/wp-json\/wp\/v2\/product_brand?post=39300"},{"taxonomy":"product_cat","embeddable":true,"href":"https:\/\/alegerglobal.com\/tr\/wp-json\/wp\/v2\/product_cat?post=39300"},{"taxonomy":"product_tag","embeddable":true,"href":"https:\/\/alegerglobal.com\/tr\/wp-json\/wp\/v2\/product_tag?post=39300"}],"curies":[{"name":"wp","href":"https:\/\/api.w.org\/{rel}","templated":true}]}}