{"id":39286,"date":"2021-03-07T08:01:07","date_gmt":"2024-06-03T11:38:51","guid":{"rendered":"https:\/\/alegerglobal.com\/kategorilenmemis\/enduestriyel-akilli-telefon-is530-rg-ile-i-safe-mobiledan-is-th1xx-rg-ip68-45-gorilla-glass-android-9\/"},"modified":"2024-06-03T12:38:51","modified_gmt":"2024-06-03T11:38:51","slug":"is-th1xx-rg","status":"publish","type":"product","link":"https:\/\/alegerglobal.com\/tr\/shop-tr\/gadgetlar-tr\/is-th1xx-rg\/","title":{"rendered":"End\u00fcstriyel ak\u0131ll\u0131 telefon IS530.RG ile i.safe MOBILE&#8217;dan IS-TH1xx.RG, IP68, 4,5 &#8220;, Gorilla Glass, Android 9"},"content":{"rendered":"","protected":false},"excerpt":{"rendered":"<ul>\n<li><b>End\u00fcstriyel ak\u0131ll\u0131 telefon ve barkod taray\u0131c\u0131:<\/b><span style=\"font-weight: 400;\"> IS530.RG ve IS-TH1xx.1 pratik bir set halinde <\/span> <\/li>\n<li><b>Barkodlar\u0131 taray\u0131n:<\/b><span style=\"font-weight: 400;\"> Taray\u0131c\u0131 1D ve 2D barkodlar\u0131 15 metreye kadar uzakl\u0131ktan okur<\/span><\/li>\n<li><b>Sa\u011flam ak\u0131ll\u0131 telefon:<\/b><span style=\"font-weight: 400;\"> IP68 sertifikal\u0131 IS530.RG<\/span><\/li>\n<li><b>Geni\u015f ekran:<\/b><span style=\"font-weight: 400;\"> K\u0131r\u0131lmaz Gorilla Glass&#8217;tan yap\u0131lm\u0131\u015f 4,5 in\u00e7 ekran<\/span><\/li>\n<li><b>Modern i\u015fletim sistemi:<\/b><span style=\"font-weight: 400;\"> Ak\u0131ll\u0131 telefon Android 9 i\u015fletim sistemi ile \u00e7al\u0131\u015f\u0131r<\/span><\/li>\n<\/ul>\n","protected":false},"featured_media":39290,"comment_status":"open","ping_status":"closed","template":"","meta":{"_acf_changed":false},"product_brand":[],"product_cat":[2337,2320,2318],"product_tag":[],"class_list":{"0":"post-39286","1":"product","2":"type-product","3":"status-publish","4":"has-post-thumbnail","6":"product_cat-enduestri-akilli-telefonu","7":"product_cat-gadgetlar-tr","8":"product_cat-shop-tr","9":"pa_hersteller-i-safe-mobil","11":"first","12":"instock","13":"taxable","14":"shipping-taxable","15":"product-type-simple"},"acf":[],"yoast_head":"<!-- This site is optimized with the Yoast SEO Premium plugin v20.10 (Yoast SEO v24.3) - https:\/\/yoast.com\/wordpress\/plugins\/seo\/ -->\n<title>IS-TH1xx.RG sat\u0131n al - ALEGER \u22c6 Augmented Reality<\/title>\n<meta name=\"description\" content=\"IS.THxx.RG barkod taray\u0131c\u0131 ile IS530.RG end\u00fcstriyel ak\u0131ll\u0131 telefon seti g\u00fc\u00e7l\u00fc bir kombinasyon sa\u011flar\" \/>\n<meta name=\"robots\" content=\"index, follow, max-snippet:-1, max-image-preview:large, max-video-preview:-1\" \/>\n<meta property=\"og:locale\" content=\"tr_TR\" \/>\n<meta property=\"og:type\" content=\"article\" \/>\n<meta property=\"og:title\" content=\"End\u00fcstriyel ak\u0131ll\u0131 telefon IS530.RG ile i.safe MOBILE&#039;dan IS-TH1xx.RG, IP68, 4,5 &quot;, Gorilla Glass, Android 9\" \/>\n<meta property=\"og:description\" content=\"IS.THxx.RG barkod taray\u0131c\u0131 ile IS530.RG end\u00fcstriyel ak\u0131ll\u0131 telefon seti g\u00fc\u00e7l\u00fc bir kombinasyon sa\u011flar\" \/>\n<meta property=\"og:url\" content=\"https:\/\/alegerglobal.com\/tr\/shop-tr\/gadgetlar-tr\/is-th1xx-rg\/\" \/>\n<meta property=\"og:site_name\" content=\"ALEGER \u22c6 Augmented Reality\" \/>\n<meta property=\"og:image\" content=\"https:\/\/alegerglobal.com\/wp-content\/uploads\/2021\/03\/Unbenannt-108.jpg\" \/>\n\t<meta property=\"og:image:width\" content=\"800\" \/>\n\t<meta property=\"og:image:height\" content=\"800\" \/>\n\t<meta property=\"og:image:type\" content=\"image\/jpeg\" \/>\n<meta name=\"twitter:card\" content=\"summary_large_image\" \/>\n<meta name=\"twitter:label1\" content=\"Fiyat\" \/>\n\t<meta name=\"twitter:data1\" content=\"\" \/>\n\t<meta name=\"twitter:label2\" content=\"Durumu\" \/>\n\t<meta name=\"twitter:data2\" content=\"Stokta var\" \/>\n<script type=\"application\/ld+json\" class=\"yoast-schema-graph\">{\"@context\":\"https:\/\/schema.org\",\"@graph\":[{\"@type\":\"WebPage\",\"@id\":\"https:\/\/alegerglobal.com\/tr\/shop-tr\/gadgetlar-tr\/is-th1xx-rg\/\",\"url\":\"https:\/\/alegerglobal.com\/tr\/shop-tr\/gadgetlar-tr\/is-th1xx-rg\/\",\"name\":\"IS-TH1xx.RG sat\u0131n al - ALEGER \u22c6 Augmented Reality\",\"isPartOf\":{\"@id\":\"https:\/\/alegerglobal.com\/tr\/#website\"},\"primaryImageOfPage\":{\"@id\":\"https:\/\/alegerglobal.com\/tr\/shop-tr\/gadgetlar-tr\/is-th1xx-rg\/#primaryimage\"},\"image\":{\"@id\":\"https:\/\/alegerglobal.com\/tr\/shop-tr\/gadgetlar-tr\/is-th1xx-rg\/#primaryimage\"},\"thumbnailUrl\":\"https:\/\/alegerglobal.com\/wp-content\/uploads\/2021\/03\/Unbenannt-108.jpg\",\"datePublished\":\"2024-06-03T11:38:51+00:00\",\"dateModified\":\"2024-06-03T11:38:51+00:00\",\"description\":\"IS.THxx.RG barkod taray\u0131c\u0131 ile IS530.RG end\u00fcstriyel ak\u0131ll\u0131 telefon seti g\u00fc\u00e7l\u00fc bir kombinasyon sa\u011flar\",\"breadcrumb\":{\"@id\":\"https:\/\/alegerglobal.com\/tr\/shop-tr\/gadgetlar-tr\/is-th1xx-rg\/#breadcrumb\"},\"inLanguage\":\"tr\",\"potentialAction\":[{\"@type\":\"ReadAction\",\"target\":[\"https:\/\/alegerglobal.com\/tr\/shop-tr\/gadgetlar-tr\/is-th1xx-rg\/\"]}]},{\"@type\":\"ImageObject\",\"inLanguage\":\"tr\",\"@id\":\"https:\/\/alegerglobal.com\/tr\/shop-tr\/gadgetlar-tr\/is-th1xx-rg\/#primaryimage\",\"url\":\"https:\/\/alegerglobal.com\/wp-content\/uploads\/2021\/03\/Unbenannt-108.jpg\",\"contentUrl\":\"https:\/\/alegerglobal.com\/wp-content\/uploads\/2021\/03\/Unbenannt-108.jpg\",\"width\":800,\"height\":800},{\"@type\":\"BreadcrumbList\",\"@id\":\"https:\/\/alegerglobal.com\/tr\/shop-tr\/gadgetlar-tr\/is-th1xx-rg\/#breadcrumb\",\"itemListElement\":[{\"@type\":\"ListItem\",\"position\":1,\"name\":\"Home\",\"item\":\"https:\/\/alegerglobal.com\/tr\/yeni-anasayfa\/\"},{\"@type\":\"ListItem\",\"position\":2,\"name\":\"\u00dcr\u00fcnler\",\"item\":\"https:\/\/alegerglobal.com\/tr\/ueruenler\/\"},{\"@type\":\"ListItem\",\"position\":3,\"name\":\"End\u00fcstriyel ak\u0131ll\u0131 telefon IS530.RG ile i.safe MOBILE&#8217;dan IS-TH1xx.RG, IP68, 4,5 &#8222;, Gorilla Glass, Android 9\"}]},{\"@type\":\"WebSite\",\"@id\":\"https:\/\/alegerglobal.com\/tr\/#website\",\"url\":\"https:\/\/alegerglobal.com\/tr\/\",\"name\":\"ALEGER \u22c6 Augmented Reality\",\"description\":\"Die besten Augmented Reality (AR) L\u00f6sungen der Welt.\",\"publisher\":{\"@id\":\"https:\/\/alegerglobal.com\/tr\/#organization\"},\"potentialAction\":[{\"@type\":\"SearchAction\",\"target\":{\"@type\":\"EntryPoint\",\"urlTemplate\":\"https:\/\/alegerglobal.com\/tr\/?s={search_term_string}\"},\"query-input\":{\"@type\":\"PropertyValueSpecification\",\"valueRequired\":true,\"valueName\":\"search_term_string\"}}],\"inLanguage\":\"tr\"},{\"@type\":\"Organization\",\"@id\":\"https:\/\/alegerglobal.com\/tr\/#organization\",\"name\":\"ALEGER \u22c6 Augmented Reality\",\"url\":\"https:\/\/alegerglobal.com\/tr\/\",\"logo\":{\"@type\":\"ImageObject\",\"inLanguage\":\"tr\",\"@id\":\"https:\/\/alegerglobal.com\/tr\/#\/schema\/logo\/image\/\",\"url\":\"https:\/\/alegerglobal.com\/wp-content\/uploads\/2020\/12\/aleger-logo-quadrat.jpg\",\"contentUrl\":\"https:\/\/alegerglobal.com\/wp-content\/uploads\/2020\/12\/aleger-logo-quadrat.jpg\",\"width\":200,\"height\":176,\"caption\":\"ALEGER \u22c6 Augmented Reality\"},\"image\":{\"@id\":\"https:\/\/alegerglobal.com\/tr\/#\/schema\/logo\/image\/\"}}]}<\/script>\n<meta property=\"product:brand\" content=\"i.safe MOB\u0130L\" \/>\n<meta property=\"product:price:amount\" content=\"0.00\" \/>\n<meta property=\"product:price:currency\" content=\"EUR\" \/>\n<meta property=\"og:availability\" content=\"instock\" \/>\n<meta property=\"product:availability\" content=\"instock\" \/>\n<meta property=\"product:condition\" content=\"new\" \/>\n<!-- \/ Yoast SEO Premium plugin. -->","yoast_head_json":{"title":"IS-TH1xx.RG sat\u0131n al - ALEGER \u22c6 Augmented Reality","description":"IS.THxx.RG barkod taray\u0131c\u0131 ile IS530.RG end\u00fcstriyel ak\u0131ll\u0131 telefon seti g\u00fc\u00e7l\u00fc bir kombinasyon sa\u011flar","robots":{"index":"index","follow":"follow","max-snippet":"max-snippet:-1","max-image-preview":"max-image-preview:large","max-video-preview":"max-video-preview:-1"},"og_locale":"tr_TR","og_type":"article","og_title":"End\u00fcstriyel ak\u0131ll\u0131 telefon IS530.RG ile i.safe MOBILE'dan IS-TH1xx.RG, IP68, 4,5 \", Gorilla Glass, Android 9","og_description":"IS.THxx.RG barkod taray\u0131c\u0131 ile IS530.RG end\u00fcstriyel ak\u0131ll\u0131 telefon seti g\u00fc\u00e7l\u00fc bir kombinasyon sa\u011flar","og_url":"https:\/\/alegerglobal.com\/tr\/shop-tr\/gadgetlar-tr\/is-th1xx-rg\/","og_site_name":"ALEGER \u22c6 Augmented Reality","og_image":[{"width":800,"height":800,"url":"https:\/\/alegerglobal.com\/wp-content\/uploads\/2021\/03\/Unbenannt-108.jpg","type":"image\/jpeg"}],"twitter_card":"summary_large_image","twitter_misc":{"Fiyat":"","Durumu":"Stokta var"},"schema":{"@context":"https:\/\/schema.org","@graph":[{"@type":"WebPage","@id":"https:\/\/alegerglobal.com\/tr\/shop-tr\/gadgetlar-tr\/is-th1xx-rg\/","url":"https:\/\/alegerglobal.com\/tr\/shop-tr\/gadgetlar-tr\/is-th1xx-rg\/","name":"IS-TH1xx.RG sat\u0131n al - ALEGER \u22c6 Augmented Reality","isPartOf":{"@id":"https:\/\/alegerglobal.com\/tr\/#website"},"primaryImageOfPage":{"@id":"https:\/\/alegerglobal.com\/tr\/shop-tr\/gadgetlar-tr\/is-th1xx-rg\/#primaryimage"},"image":{"@id":"https:\/\/alegerglobal.com\/tr\/shop-tr\/gadgetlar-tr\/is-th1xx-rg\/#primaryimage"},"thumbnailUrl":"https:\/\/alegerglobal.com\/wp-content\/uploads\/2021\/03\/Unbenannt-108.jpg","datePublished":"2024-06-03T11:38:51+00:00","dateModified":"2024-06-03T11:38:51+00:00","description":"IS.THxx.RG barkod taray\u0131c\u0131 ile IS530.RG end\u00fcstriyel ak\u0131ll\u0131 telefon seti g\u00fc\u00e7l\u00fc bir kombinasyon sa\u011flar","breadcrumb":{"@id":"https:\/\/alegerglobal.com\/tr\/shop-tr\/gadgetlar-tr\/is-th1xx-rg\/#breadcrumb"},"inLanguage":"tr","potentialAction":[{"@type":"ReadAction","target":["https:\/\/alegerglobal.com\/tr\/shop-tr\/gadgetlar-tr\/is-th1xx-rg\/"]}]},{"@type":"ImageObject","inLanguage":"tr","@id":"https:\/\/alegerglobal.com\/tr\/shop-tr\/gadgetlar-tr\/is-th1xx-rg\/#primaryimage","url":"https:\/\/alegerglobal.com\/wp-content\/uploads\/2021\/03\/Unbenannt-108.jpg","contentUrl":"https:\/\/alegerglobal.com\/wp-content\/uploads\/2021\/03\/Unbenannt-108.jpg","width":800,"height":800},{"@type":"BreadcrumbList","@id":"https:\/\/alegerglobal.com\/tr\/shop-tr\/gadgetlar-tr\/is-th1xx-rg\/#breadcrumb","itemListElement":[{"@type":"ListItem","position":1,"name":"Home","item":"https:\/\/alegerglobal.com\/tr\/yeni-anasayfa\/"},{"@type":"ListItem","position":2,"name":"\u00dcr\u00fcnler","item":"https:\/\/alegerglobal.com\/tr\/ueruenler\/"},{"@type":"ListItem","position":3,"name":"End\u00fcstriyel ak\u0131ll\u0131 telefon IS530.RG ile i.safe MOBILE&#8217;dan IS-TH1xx.RG, IP68, 4,5 &#8222;, Gorilla Glass, Android 9"}]},{"@type":"WebSite","@id":"https:\/\/alegerglobal.com\/tr\/#website","url":"https:\/\/alegerglobal.com\/tr\/","name":"ALEGER \u22c6 Augmented Reality","description":"Die besten Augmented Reality (AR) L\u00f6sungen der Welt.","publisher":{"@id":"https:\/\/alegerglobal.com\/tr\/#organization"},"potentialAction":[{"@type":"SearchAction","target":{"@type":"EntryPoint","urlTemplate":"https:\/\/alegerglobal.com\/tr\/?s={search_term_string}"},"query-input":{"@type":"PropertyValueSpecification","valueRequired":true,"valueName":"search_term_string"}}],"inLanguage":"tr"},{"@type":"Organization","@id":"https:\/\/alegerglobal.com\/tr\/#organization","name":"ALEGER \u22c6 Augmented Reality","url":"https:\/\/alegerglobal.com\/tr\/","logo":{"@type":"ImageObject","inLanguage":"tr","@id":"https:\/\/alegerglobal.com\/tr\/#\/schema\/logo\/image\/","url":"https:\/\/alegerglobal.com\/wp-content\/uploads\/2020\/12\/aleger-logo-quadrat.jpg","contentUrl":"https:\/\/alegerglobal.com\/wp-content\/uploads\/2020\/12\/aleger-logo-quadrat.jpg","width":200,"height":176,"caption":"ALEGER \u22c6 Augmented Reality"},"image":{"@id":"https:\/\/alegerglobal.com\/tr\/#\/schema\/logo\/image\/"}}]},"product_brand":"i.safe MOB\u0130L","product_price_amount":"0.00","product_price_currency":"EUR","og_availability":"instock","product_availability":"instock","product_condition":"new"},"_links":{"self":[{"href":"https:\/\/alegerglobal.com\/tr\/wp-json\/wp\/v2\/product\/39286","targetHints":{"allow":["GET"]}}],"collection":[{"href":"https:\/\/alegerglobal.com\/tr\/wp-json\/wp\/v2\/product"}],"about":[{"href":"https:\/\/alegerglobal.com\/tr\/wp-json\/wp\/v2\/types\/product"}],"replies":[{"embeddable":true,"href":"https:\/\/alegerglobal.com\/tr\/wp-json\/wp\/v2\/comments?post=39286"}],"version-history":[{"count":0,"href":"https:\/\/alegerglobal.com\/tr\/wp-json\/wp\/v2\/product\/39286\/revisions"}],"wp:featuredmedia":[{"embeddable":true,"href":"https:\/\/alegerglobal.com\/tr\/wp-json\/wp\/v2\/media\/39290"}],"wp:attachment":[{"href":"https:\/\/alegerglobal.com\/tr\/wp-json\/wp\/v2\/media?parent=39286"}],"wp:term":[{"taxonomy":"product_brand","embeddable":true,"href":"https:\/\/alegerglobal.com\/tr\/wp-json\/wp\/v2\/product_brand?post=39286"},{"taxonomy":"product_cat","embeddable":true,"href":"https:\/\/alegerglobal.com\/tr\/wp-json\/wp\/v2\/product_cat?post=39286"},{"taxonomy":"product_tag","embeddable":true,"href":"https:\/\/alegerglobal.com\/tr\/wp-json\/wp\/v2\/product_tag?post=39286"}],"curies":[{"name":"wp","href":"https:\/\/api.w.org\/{rel}","templated":true}]}}