{"id":39261,"date":"2021-03-07T08:57:38","date_gmt":"2024-06-03T11:38:08","guid":{"rendered":"https:\/\/alegerglobal.com\/kategorilenmemis\/ecom-tab-ex-dz1-ex-korumali-tablet-atex-zone-1-8-dokunmatik-ekran-android\/"},"modified":"2024-06-03T12:38:08","modified_gmt":"2024-06-03T11:38:08","slug":"ecom-tab-ex-dz1","status":"publish","type":"product","link":"https:\/\/alegerglobal.com\/tr\/shop-tr\/dayanikli-tablet\/ecom-tab-ex-dz1\/","title":{"rendered":"ecom Tab-Ex\u00ae DZ1 Ex korumal\u0131 tablet Atex Zone 1, 8&#8243; dokunmatik ekran, Android"},"content":{"rendered":"","protected":false},"excerpt":{"rendered":"<ul>\n<li style=\"font-weight: 400;\"><b>\u015euna kar\u015f\u0131l\u0131k gelir <\/b><b>ATEX<\/b><b> Direktifler: <\/b><span style=\"font-weight: 400;\">i\u00e7in onay ile<\/span><span style=\"font-weight: 400;\"> Eski B\u00f6lge<\/span><span style=\"font-weight: 400;\"> 1\/21 ve S\u0131n\u0131f 1\/ Div 1, potansiyel olarak d\u00fcnya \u00e7ap\u0131nda kullan\u0131labilir<\/span> <span style=\"font-weight: 400;\">tehlikeli alanlar m\u00fcmk\u00fcnd\u00fcr. <\/span> <\/li>\n<li style=\"font-weight: 400;\"><b>Y\u00fcksek \u00e7\u00f6z\u00fcn\u00fcrl\u00fckl\u00fc dokunmatik ekran: <\/b><span style=\"font-weight: 400;\">8&#8243; ekran eldivenlerle veya \u0131slak ko\u015fullarda kolayca kullan\u0131labilir ve do\u011frudan g\u00fcne\u015f \u0131\u015f\u0131\u011f\u0131 alt\u0131nda da kolayca okunabilir.<\/span><\/li>\n<li><b>Art\u0131r\u0131lm\u0131\u015f ger\u00e7eklik:<\/b><span style=\"font-weight: 400;\"> Ger\u00e7ek bir ortamda ve ger\u00e7ek zamanl\u0131 olarak dijital g\u00f6rselle\u015ftirme, s\u00fcre\u00e7leri End\u00fcstri 4.0 seviyesinde tamamlamak i\u00e7in \u00e7ok \u00e7e\u015fitli sistemlerin izlenmesini ve sorun giderilmesini kolayla\u015ft\u0131r\u0131r. <\/span> <\/li>\n<li><b>Samsung Knox 3.2<\/b><span style=\"font-weight: 400;\">Tablet, t\u00fcm \u015firket verilerini g\u00fcvenilir bir \u015fekilde korur. 16 GB dahili bellek ve MicroSD arac\u0131l\u0131\u011f\u0131yla 256 GB ek bellek ile ihtiya\u00e7lar\u0131n\u0131z i\u00e7in yeterli alan vard\u0131r.<\/span><\/li>\n<li><b>8 MP kamera:<\/b><span style=\"font-weight: 400;\"> Barkodlar\u0131n ve QR kodlar\u0131n\u0131n Otomatik Kimli\u011fi i\u00e7in tarama i\u015flemleri zay\u0131f ayd\u0131nlatma ko\u015fullar\u0131nda bile \u00e7al\u0131\u015f\u0131r.<\/span><\/li>\n<\/ul>\n","protected":false},"featured_media":39262,"comment_status":"open","ping_status":"closed","template":"","meta":{"_acf_changed":false},"product_brand":[],"product_cat":[2319,2360,2318],"product_tag":[],"class_list":{"0":"post-39261","1":"product","2":"type-product","3":"status-publish","4":"has-post-thumbnail","6":"product_cat-atex-tr","7":"product_cat-dayanikli-tablet","8":"product_cat-shop-tr","9":"pa_hersteller-ecom-tr","11":"first","12":"instock","13":"taxable","14":"shipping-taxable","15":"purchasable","16":"product-type-simple"},"acf":[],"yoast_head":"<!-- This site is optimized with the Yoast SEO Premium plugin v20.10 (Yoast SEO v24.3) - https:\/\/yoast.com\/wordpress\/plugins\/seo\/ -->\n<title>ecom ALEGER \u22c6 Augmented Reality&#039;den Tab-Ex\u00ae DZ1<\/title>\n<meta name=\"description\" content=\"ecom Tab-Ex\u00ae DZ1&#039;i burada ke\u015ffedin. Sa\u011flam tablet, ATEX B\u00f6lge 1&#039;de mobil ve g\u00fcvenli \u00e7al\u0131\u015fma sa\u011flar.\" \/>\n<meta name=\"robots\" content=\"index, follow, max-snippet:-1, max-image-preview:large, max-video-preview:-1\" \/>\n<meta property=\"og:locale\" content=\"tr_TR\" \/>\n<meta property=\"og:type\" content=\"article\" \/>\n<meta property=\"og:title\" content=\"ecom Tab-Ex\u00ae DZ1 Ex korumal\u0131 tablet Atex Zone 1, 8&quot; dokunmatik ekran, Android\" \/>\n<meta property=\"og:description\" content=\"ecom Tab-Ex\u00ae DZ1&#039;i burada ke\u015ffedin. Sa\u011flam tablet, ATEX B\u00f6lge 1&#039;de mobil ve g\u00fcvenli \u00e7al\u0131\u015fma sa\u011flar.\" \/>\n<meta property=\"og:url\" content=\"https:\/\/alegerglobal.com\/tr\/shop-tr\/dayanikli-tablet\/ecom-tab-ex-dz1\/\" \/>\n<meta property=\"og:site_name\" content=\"ALEGER \u22c6 Augmented Reality\" \/>\n<meta property=\"og:image\" content=\"https:\/\/alegerglobal.com\/wp-content\/uploads\/2021\/01\/csm_Tab-Ex_02_DZ1_Gallery_1_814c4f41a2.jpg\" \/>\n\t<meta property=\"og:image:width\" content=\"400\" \/>\n\t<meta property=\"og:image:height\" content=\"400\" \/>\n\t<meta property=\"og:image:type\" content=\"image\/jpeg\" \/>\n<meta name=\"twitter:card\" content=\"summary_large_image\" \/>\n<meta name=\"twitter:label1\" content=\"Fiyat\" \/>\n\t<meta name=\"twitter:data1\" content=\"&euro;2.890,00\" \/>\n\t<meta name=\"twitter:label2\" content=\"Durumu\" \/>\n\t<meta name=\"twitter:data2\" content=\"Stokta var\" \/>\n<script type=\"application\/ld+json\" class=\"yoast-schema-graph\">{\"@context\":\"https:\/\/schema.org\",\"@graph\":[{\"@type\":\"WebPage\",\"@id\":\"https:\/\/alegerglobal.com\/tr\/shop-tr\/dayanikli-tablet\/ecom-tab-ex-dz1\/\",\"url\":\"https:\/\/alegerglobal.com\/tr\/shop-tr\/dayanikli-tablet\/ecom-tab-ex-dz1\/\",\"name\":\"ecom ALEGER \u22c6 Augmented Reality'den Tab-Ex\u00ae DZ1\",\"isPartOf\":{\"@id\":\"https:\/\/alegerglobal.com\/tr\/#website\"},\"primaryImageOfPage\":{\"@id\":\"https:\/\/alegerglobal.com\/tr\/shop-tr\/dayanikli-tablet\/ecom-tab-ex-dz1\/#primaryimage\"},\"image\":{\"@id\":\"https:\/\/alegerglobal.com\/tr\/shop-tr\/dayanikli-tablet\/ecom-tab-ex-dz1\/#primaryimage\"},\"thumbnailUrl\":\"https:\/\/alegerglobal.com\/wp-content\/uploads\/2021\/01\/csm_Tab-Ex_02_DZ1_Gallery_1_814c4f41a2.jpg\",\"datePublished\":\"2024-06-03T11:38:08+00:00\",\"dateModified\":\"2024-06-03T11:38:08+00:00\",\"description\":\"ecom Tab-Ex\u00ae DZ1'i burada ke\u015ffedin. Sa\u011flam tablet, ATEX B\u00f6lge 1'de mobil ve g\u00fcvenli \u00e7al\u0131\u015fma sa\u011flar.\",\"breadcrumb\":{\"@id\":\"https:\/\/alegerglobal.com\/tr\/shop-tr\/dayanikli-tablet\/ecom-tab-ex-dz1\/#breadcrumb\"},\"inLanguage\":\"tr\",\"potentialAction\":[{\"@type\":\"ReadAction\",\"target\":[\"https:\/\/alegerglobal.com\/tr\/shop-tr\/dayanikli-tablet\/ecom-tab-ex-dz1\/\"]}]},{\"@type\":\"ImageObject\",\"inLanguage\":\"tr\",\"@id\":\"https:\/\/alegerglobal.com\/tr\/shop-tr\/dayanikli-tablet\/ecom-tab-ex-dz1\/#primaryimage\",\"url\":\"https:\/\/alegerglobal.com\/wp-content\/uploads\/2021\/01\/csm_Tab-Ex_02_DZ1_Gallery_1_814c4f41a2.jpg\",\"contentUrl\":\"https:\/\/alegerglobal.com\/wp-content\/uploads\/2021\/01\/csm_Tab-Ex_02_DZ1_Gallery_1_814c4f41a2.jpg\",\"width\":400,\"height\":400},{\"@type\":\"BreadcrumbList\",\"@id\":\"https:\/\/alegerglobal.com\/tr\/shop-tr\/dayanikli-tablet\/ecom-tab-ex-dz1\/#breadcrumb\",\"itemListElement\":[{\"@type\":\"ListItem\",\"position\":1,\"name\":\"Home\",\"item\":\"https:\/\/alegerglobal.com\/tr\/yeni-anasayfa\/\"},{\"@type\":\"ListItem\",\"position\":2,\"name\":\"\u00dcr\u00fcnler\",\"item\":\"https:\/\/alegerglobal.com\/tr\/ueruenler\/\"},{\"@type\":\"ListItem\",\"position\":3,\"name\":\"ecom Tab-Ex\u00ae DZ1 Ex korumal\u0131 tablet Atex Zone 1, 8&#8243; dokunmatik ekran, Android\"}]},{\"@type\":\"WebSite\",\"@id\":\"https:\/\/alegerglobal.com\/tr\/#website\",\"url\":\"https:\/\/alegerglobal.com\/tr\/\",\"name\":\"ALEGER \u22c6 Augmented Reality\",\"description\":\"Die besten Augmented Reality (AR) L\u00f6sungen der Welt.\",\"publisher\":{\"@id\":\"https:\/\/alegerglobal.com\/tr\/#organization\"},\"potentialAction\":[{\"@type\":\"SearchAction\",\"target\":{\"@type\":\"EntryPoint\",\"urlTemplate\":\"https:\/\/alegerglobal.com\/tr\/?s={search_term_string}\"},\"query-input\":{\"@type\":\"PropertyValueSpecification\",\"valueRequired\":true,\"valueName\":\"search_term_string\"}}],\"inLanguage\":\"tr\"},{\"@type\":\"Organization\",\"@id\":\"https:\/\/alegerglobal.com\/tr\/#organization\",\"name\":\"ALEGER \u22c6 Augmented Reality\",\"url\":\"https:\/\/alegerglobal.com\/tr\/\",\"logo\":{\"@type\":\"ImageObject\",\"inLanguage\":\"tr\",\"@id\":\"https:\/\/alegerglobal.com\/tr\/#\/schema\/logo\/image\/\",\"url\":\"https:\/\/alegerglobal.com\/wp-content\/uploads\/2020\/12\/aleger-logo-quadrat.jpg\",\"contentUrl\":\"https:\/\/alegerglobal.com\/wp-content\/uploads\/2020\/12\/aleger-logo-quadrat.jpg\",\"width\":200,\"height\":176,\"caption\":\"ALEGER \u22c6 Augmented Reality\"},\"image\":{\"@id\":\"https:\/\/alegerglobal.com\/tr\/#\/schema\/logo\/image\/\"}}]}<\/script>\n<meta property=\"product:brand\" content=\"Ecom\" \/>\n<meta property=\"product:price:amount\" content=\"2890.00\" \/>\n<meta property=\"product:price:currency\" content=\"EUR\" \/>\n<meta property=\"og:availability\" content=\"instock\" \/>\n<meta property=\"product:availability\" content=\"instock\" \/>\n<meta property=\"product:condition\" content=\"new\" \/>\n<!-- \/ Yoast SEO Premium plugin. -->","yoast_head_json":{"title":"ecom ALEGER \u22c6 Augmented Reality'den Tab-Ex\u00ae DZ1","description":"ecom Tab-Ex\u00ae DZ1'i burada ke\u015ffedin. Sa\u011flam tablet, ATEX B\u00f6lge 1'de mobil ve g\u00fcvenli \u00e7al\u0131\u015fma sa\u011flar.","robots":{"index":"index","follow":"follow","max-snippet":"max-snippet:-1","max-image-preview":"max-image-preview:large","max-video-preview":"max-video-preview:-1"},"og_locale":"tr_TR","og_type":"article","og_title":"ecom Tab-Ex\u00ae DZ1 Ex korumal\u0131 tablet Atex Zone 1, 8\" dokunmatik ekran, Android","og_description":"ecom Tab-Ex\u00ae DZ1'i burada ke\u015ffedin. Sa\u011flam tablet, ATEX B\u00f6lge 1'de mobil ve g\u00fcvenli \u00e7al\u0131\u015fma sa\u011flar.","og_url":"https:\/\/alegerglobal.com\/tr\/shop-tr\/dayanikli-tablet\/ecom-tab-ex-dz1\/","og_site_name":"ALEGER \u22c6 Augmented Reality","og_image":[{"width":400,"height":400,"url":"https:\/\/alegerglobal.com\/wp-content\/uploads\/2021\/01\/csm_Tab-Ex_02_DZ1_Gallery_1_814c4f41a2.jpg","type":"image\/jpeg"}],"twitter_card":"summary_large_image","twitter_misc":{"Fiyat":"&euro;2.890,00","Durumu":"Stokta var"},"schema":{"@context":"https:\/\/schema.org","@graph":[{"@type":"WebPage","@id":"https:\/\/alegerglobal.com\/tr\/shop-tr\/dayanikli-tablet\/ecom-tab-ex-dz1\/","url":"https:\/\/alegerglobal.com\/tr\/shop-tr\/dayanikli-tablet\/ecom-tab-ex-dz1\/","name":"ecom ALEGER \u22c6 Augmented Reality'den Tab-Ex\u00ae DZ1","isPartOf":{"@id":"https:\/\/alegerglobal.com\/tr\/#website"},"primaryImageOfPage":{"@id":"https:\/\/alegerglobal.com\/tr\/shop-tr\/dayanikli-tablet\/ecom-tab-ex-dz1\/#primaryimage"},"image":{"@id":"https:\/\/alegerglobal.com\/tr\/shop-tr\/dayanikli-tablet\/ecom-tab-ex-dz1\/#primaryimage"},"thumbnailUrl":"https:\/\/alegerglobal.com\/wp-content\/uploads\/2021\/01\/csm_Tab-Ex_02_DZ1_Gallery_1_814c4f41a2.jpg","datePublished":"2024-06-03T11:38:08+00:00","dateModified":"2024-06-03T11:38:08+00:00","description":"ecom Tab-Ex\u00ae DZ1'i burada ke\u015ffedin. Sa\u011flam tablet, ATEX B\u00f6lge 1'de mobil ve g\u00fcvenli \u00e7al\u0131\u015fma sa\u011flar.","breadcrumb":{"@id":"https:\/\/alegerglobal.com\/tr\/shop-tr\/dayanikli-tablet\/ecom-tab-ex-dz1\/#breadcrumb"},"inLanguage":"tr","potentialAction":[{"@type":"ReadAction","target":["https:\/\/alegerglobal.com\/tr\/shop-tr\/dayanikli-tablet\/ecom-tab-ex-dz1\/"]}]},{"@type":"ImageObject","inLanguage":"tr","@id":"https:\/\/alegerglobal.com\/tr\/shop-tr\/dayanikli-tablet\/ecom-tab-ex-dz1\/#primaryimage","url":"https:\/\/alegerglobal.com\/wp-content\/uploads\/2021\/01\/csm_Tab-Ex_02_DZ1_Gallery_1_814c4f41a2.jpg","contentUrl":"https:\/\/alegerglobal.com\/wp-content\/uploads\/2021\/01\/csm_Tab-Ex_02_DZ1_Gallery_1_814c4f41a2.jpg","width":400,"height":400},{"@type":"BreadcrumbList","@id":"https:\/\/alegerglobal.com\/tr\/shop-tr\/dayanikli-tablet\/ecom-tab-ex-dz1\/#breadcrumb","itemListElement":[{"@type":"ListItem","position":1,"name":"Home","item":"https:\/\/alegerglobal.com\/tr\/yeni-anasayfa\/"},{"@type":"ListItem","position":2,"name":"\u00dcr\u00fcnler","item":"https:\/\/alegerglobal.com\/tr\/ueruenler\/"},{"@type":"ListItem","position":3,"name":"ecom Tab-Ex\u00ae DZ1 Ex korumal\u0131 tablet Atex Zone 1, 8&#8243; dokunmatik ekran, Android"}]},{"@type":"WebSite","@id":"https:\/\/alegerglobal.com\/tr\/#website","url":"https:\/\/alegerglobal.com\/tr\/","name":"ALEGER \u22c6 Augmented Reality","description":"Die besten Augmented Reality (AR) L\u00f6sungen der Welt.","publisher":{"@id":"https:\/\/alegerglobal.com\/tr\/#organization"},"potentialAction":[{"@type":"SearchAction","target":{"@type":"EntryPoint","urlTemplate":"https:\/\/alegerglobal.com\/tr\/?s={search_term_string}"},"query-input":{"@type":"PropertyValueSpecification","valueRequired":true,"valueName":"search_term_string"}}],"inLanguage":"tr"},{"@type":"Organization","@id":"https:\/\/alegerglobal.com\/tr\/#organization","name":"ALEGER \u22c6 Augmented Reality","url":"https:\/\/alegerglobal.com\/tr\/","logo":{"@type":"ImageObject","inLanguage":"tr","@id":"https:\/\/alegerglobal.com\/tr\/#\/schema\/logo\/image\/","url":"https:\/\/alegerglobal.com\/wp-content\/uploads\/2020\/12\/aleger-logo-quadrat.jpg","contentUrl":"https:\/\/alegerglobal.com\/wp-content\/uploads\/2020\/12\/aleger-logo-quadrat.jpg","width":200,"height":176,"caption":"ALEGER \u22c6 Augmented Reality"},"image":{"@id":"https:\/\/alegerglobal.com\/tr\/#\/schema\/logo\/image\/"}}]},"product_brand":"Ecom","product_price_amount":"2890.00","product_price_currency":"EUR","og_availability":"instock","product_availability":"instock","product_condition":"new"},"_links":{"self":[{"href":"https:\/\/alegerglobal.com\/tr\/wp-json\/wp\/v2\/product\/39261","targetHints":{"allow":["GET"]}}],"collection":[{"href":"https:\/\/alegerglobal.com\/tr\/wp-json\/wp\/v2\/product"}],"about":[{"href":"https:\/\/alegerglobal.com\/tr\/wp-json\/wp\/v2\/types\/product"}],"replies":[{"embeddable":true,"href":"https:\/\/alegerglobal.com\/tr\/wp-json\/wp\/v2\/comments?post=39261"}],"version-history":[{"count":0,"href":"https:\/\/alegerglobal.com\/tr\/wp-json\/wp\/v2\/product\/39261\/revisions"}],"wp:featuredmedia":[{"embeddable":true,"href":"https:\/\/alegerglobal.com\/tr\/wp-json\/wp\/v2\/media\/39262"}],"wp:attachment":[{"href":"https:\/\/alegerglobal.com\/tr\/wp-json\/wp\/v2\/media?parent=39261"}],"wp:term":[{"taxonomy":"product_brand","embeddable":true,"href":"https:\/\/alegerglobal.com\/tr\/wp-json\/wp\/v2\/product_brand?post=39261"},{"taxonomy":"product_cat","embeddable":true,"href":"https:\/\/alegerglobal.com\/tr\/wp-json\/wp\/v2\/product_cat?post=39261"},{"taxonomy":"product_tag","embeddable":true,"href":"https:\/\/alegerglobal.com\/tr\/wp-json\/wp\/v2\/product_tag?post=39261"}],"curies":[{"name":"wp","href":"https:\/\/api.w.org\/{rel}","templated":true}]}}