{"id":39257,"date":"2021-03-07T09:01:44","date_gmt":"2024-06-03T11:35:46","guid":{"rendered":"https:\/\/alegerglobal.com\/kategorilenmemis\/ecom-tab-ex-pro-dz2-ex-korumali-tablet-atex-zone-2-10-1-dokunmatik-ekran-android\/"},"modified":"2024-06-03T12:35:46","modified_gmt":"2024-06-03T11:35:46","slug":"ecom-tab-ex-pro-dz2","status":"publish","type":"product","link":"https:\/\/alegerglobal.com\/tr\/shop-tr\/dayanikli-tablet\/ecom-tab-ex-pro-dz2\/","title":{"rendered":"ecom Tab-Ex\u00ae Pro DZ2 Ex-korumal\u0131 tablet Atex Zone 2, 10.1&#8243; dokunmatik ekran, Android"},"content":{"rendered":"","protected":false},"excerpt":{"rendered":"<ul>\n<li style=\"font-weight: 400;\"><b>\u015euna kar\u015f\u0131l\u0131k gelir <\/b><b>ATEX<\/b><b> Direktifler: <\/b><span style=\"font-weight: 400;\">i\u00e7in onay ile<\/span><span style=\"font-weight: 400;\"> Eski B\u00f6lge<\/span><span style=\"font-weight: 400;\"> 2\/22 ve S\u0131n\u0131f 2 \/ Div 2, potansiyel olarak d\u00fcnya \u00e7ap\u0131nda kullan\u0131labilir<\/span> <span style=\"font-weight: 400;\">tehlikeli alanlar m\u00fcmk\u00fcnd\u00fcr. <\/span> <\/li>\n<li><b>7.400 mAh pil<\/b><b>:<\/b><span style=\"font-weight: 400;\"> De\u011fi\u015ftirilebilir ve g\u00fc\u00e7l\u00fc pil, uzun \u00e7al\u0131\u015fma g\u00fcnlerinde bile sorunsuz bir \u015fekilde ustala\u015fmak i\u00e7in birinci s\u0131n\u0131f \u00e7al\u0131\u015fma s\u00fcrelerini garanti eder.<\/span><\/li>\n<li><b>K\u0131rm\u0131z\u0131 d\u00fc\u011fme ve k\u0131sayollar<\/b><span style=\"font-weight: 400;\">Ekstra g\u00fcvenlik i\u00e7in bir acil durum d\u00fc\u011fmesi ayarlayabilir ve di\u011fer d\u00fc\u011fmeleri ayr\u0131 ayr\u0131 atayabilirsiniz.<\/span><\/li>\n<li><b>Toza ve suya dayan\u0131kl\u0131d\u0131r: <\/b><span style=\"font-weight: 400;\">Tablet \u015fu \u00f6zelliklere sahiptir<\/span><span style=\"font-weight: 400;\"> IP68 sertifikal\u0131<\/span><span style=\"font-weight: 400;\"> ve -20\u00b0C ila +55\u00b0C geni\u015fletilmi\u015f s\u0131cakl\u0131k aral\u0131\u011f\u0131nda da tamamen i\u015flevseldir.<\/span><\/li>\n<li><b>512 GB bellek: <\/b>B\u00fcy\u00fck bir SD kart ile ihtiya\u00e7lar\u0131n\u0131z i\u00e7in yeterli alan vard\u0131r. Ayn\u0131 zamanda, t\u00fcm \u015firket verileri Samsung Knox 3.2 ile g\u00fcvenilir bir \u015fekilde yedeklenir.<\/li>\n<\/ul>\n","protected":false},"featured_media":39258,"comment_status":"open","ping_status":"closed","template":"","meta":{"_acf_changed":false},"product_brand":[],"product_cat":[2319,2360,2318],"product_tag":[],"class_list":{"0":"post-39257","1":"product","2":"type-product","3":"status-publish","4":"has-post-thumbnail","6":"product_cat-atex-tr","7":"product_cat-dayanikli-tablet","8":"product_cat-shop-tr","9":"pa_hersteller-ecom-tr","11":"first","12":"instock","13":"taxable","14":"shipping-taxable","15":"purchasable","16":"product-type-simple"},"acf":[],"yoast_head":"<!-- This site is optimized with the Yoast SEO Premium plugin v20.10 (Yoast SEO v24.3) - https:\/\/yoast.com\/wordpress\/plugins\/seo\/ -->\n<title>Tab-Ex\u00ae Pro DZ2&#039;yi ecom ALEGER \u22c6 Augmented Reality&#039;den sat\u0131n al\u0131n<\/title>\n<meta name=\"description\" content=\"10 in\u00e7 ekranl\u0131 ecom Tab-Ex\u00ae Pro DZ2, tehlikeli alanlarda \u00e7al\u0131\u015fmak i\u00e7in maksimum uygulama \u00e7ok y\u00f6nl\u00fcl\u00fc\u011f\u00fc sunar. Daha fazlas\u0131n\u0131 \u00f6\u011frenin.\" \/>\n<meta name=\"robots\" content=\"index, follow, max-snippet:-1, max-image-preview:large, max-video-preview:-1\" \/>\n<meta property=\"og:locale\" content=\"tr_TR\" \/>\n<meta property=\"og:type\" content=\"article\" \/>\n<meta property=\"og:title\" content=\"ecom Tab-Ex\u00ae Pro DZ2 Ex-korumal\u0131 tablet Atex Zone 2, 10.1&quot; dokunmatik ekran, Android\" \/>\n<meta property=\"og:description\" content=\"10 in\u00e7 ekranl\u0131 ecom Tab-Ex\u00ae Pro DZ2, tehlikeli alanlarda \u00e7al\u0131\u015fmak i\u00e7in maksimum uygulama \u00e7ok y\u00f6nl\u00fcl\u00fc\u011f\u00fc sunar. Daha fazlas\u0131n\u0131 \u00f6\u011frenin.\" \/>\n<meta property=\"og:url\" content=\"https:\/\/alegerglobal.com\/tr\/shop-tr\/dayanikli-tablet\/ecom-tab-ex-pro-dz2\/\" \/>\n<meta property=\"og:site_name\" content=\"ALEGER \u22c6 Augmented Reality\" \/>\n<meta property=\"og:image\" content=\"https:\/\/alegerglobal.com\/wp-content\/uploads\/2021\/01\/csm_Tab-Ex_Pro_DZ2_Gallery_1_8e9532bbeb.png\" \/>\n\t<meta property=\"og:image:width\" content=\"400\" \/>\n\t<meta property=\"og:image:height\" content=\"400\" \/>\n\t<meta property=\"og:image:type\" content=\"image\/png\" \/>\n<meta name=\"twitter:card\" content=\"summary_large_image\" \/>\n<meta name=\"twitter:label1\" content=\"Fiyat\" \/>\n\t<meta name=\"twitter:data1\" content=\"&euro;2.044,00\" \/>\n\t<meta name=\"twitter:label2\" content=\"Durumu\" \/>\n\t<meta name=\"twitter:data2\" content=\"Stokta var\" \/>\n<script type=\"application\/ld+json\" class=\"yoast-schema-graph\">{\"@context\":\"https:\/\/schema.org\",\"@graph\":[{\"@type\":\"WebPage\",\"@id\":\"https:\/\/alegerglobal.com\/tr\/shop-tr\/dayanikli-tablet\/ecom-tab-ex-pro-dz2\/\",\"url\":\"https:\/\/alegerglobal.com\/tr\/shop-tr\/dayanikli-tablet\/ecom-tab-ex-pro-dz2\/\",\"name\":\"Tab-Ex\u00ae Pro DZ2'yi ecom ALEGER \u22c6 Augmented Reality'den sat\u0131n al\u0131n\",\"isPartOf\":{\"@id\":\"https:\/\/alegerglobal.com\/tr\/#website\"},\"primaryImageOfPage\":{\"@id\":\"https:\/\/alegerglobal.com\/tr\/shop-tr\/dayanikli-tablet\/ecom-tab-ex-pro-dz2\/#primaryimage\"},\"image\":{\"@id\":\"https:\/\/alegerglobal.com\/tr\/shop-tr\/dayanikli-tablet\/ecom-tab-ex-pro-dz2\/#primaryimage\"},\"thumbnailUrl\":\"https:\/\/alegerglobal.com\/wp-content\/uploads\/2021\/01\/csm_Tab-Ex_Pro_DZ2_Gallery_1_8e9532bbeb.png\",\"datePublished\":\"2024-06-03T11:35:46+00:00\",\"dateModified\":\"2024-06-03T11:35:46+00:00\",\"description\":\"10 in\u00e7 ekranl\u0131 ecom Tab-Ex\u00ae Pro DZ2, tehlikeli alanlarda \u00e7al\u0131\u015fmak i\u00e7in maksimum uygulama \u00e7ok y\u00f6nl\u00fcl\u00fc\u011f\u00fc sunar. Daha fazlas\u0131n\u0131 \u00f6\u011frenin.\",\"breadcrumb\":{\"@id\":\"https:\/\/alegerglobal.com\/tr\/shop-tr\/dayanikli-tablet\/ecom-tab-ex-pro-dz2\/#breadcrumb\"},\"inLanguage\":\"tr\",\"potentialAction\":[{\"@type\":\"ReadAction\",\"target\":[\"https:\/\/alegerglobal.com\/tr\/shop-tr\/dayanikli-tablet\/ecom-tab-ex-pro-dz2\/\"]}]},{\"@type\":\"ImageObject\",\"inLanguage\":\"tr\",\"@id\":\"https:\/\/alegerglobal.com\/tr\/shop-tr\/dayanikli-tablet\/ecom-tab-ex-pro-dz2\/#primaryimage\",\"url\":\"https:\/\/alegerglobal.com\/wp-content\/uploads\/2021\/01\/csm_Tab-Ex_Pro_DZ2_Gallery_1_8e9532bbeb.png\",\"contentUrl\":\"https:\/\/alegerglobal.com\/wp-content\/uploads\/2021\/01\/csm_Tab-Ex_Pro_DZ2_Gallery_1_8e9532bbeb.png\",\"width\":400,\"height\":400},{\"@type\":\"BreadcrumbList\",\"@id\":\"https:\/\/alegerglobal.com\/tr\/shop-tr\/dayanikli-tablet\/ecom-tab-ex-pro-dz2\/#breadcrumb\",\"itemListElement\":[{\"@type\":\"ListItem\",\"position\":1,\"name\":\"Home\",\"item\":\"https:\/\/alegerglobal.com\/tr\/yeni-anasayfa\/\"},{\"@type\":\"ListItem\",\"position\":2,\"name\":\"\u00dcr\u00fcnler\",\"item\":\"https:\/\/alegerglobal.com\/tr\/ueruenler\/\"},{\"@type\":\"ListItem\",\"position\":3,\"name\":\"ecom Tab-Ex\u00ae Pro DZ2 Ex-korumal\u0131 tablet Atex Zone 2, 10.1&#8243; dokunmatik ekran, Android\"}]},{\"@type\":\"WebSite\",\"@id\":\"https:\/\/alegerglobal.com\/tr\/#website\",\"url\":\"https:\/\/alegerglobal.com\/tr\/\",\"name\":\"ALEGER \u22c6 Augmented Reality\",\"description\":\"Die besten Augmented Reality (AR) L\u00f6sungen der Welt.\",\"publisher\":{\"@id\":\"https:\/\/alegerglobal.com\/tr\/#organization\"},\"potentialAction\":[{\"@type\":\"SearchAction\",\"target\":{\"@type\":\"EntryPoint\",\"urlTemplate\":\"https:\/\/alegerglobal.com\/tr\/?s={search_term_string}\"},\"query-input\":{\"@type\":\"PropertyValueSpecification\",\"valueRequired\":true,\"valueName\":\"search_term_string\"}}],\"inLanguage\":\"tr\"},{\"@type\":\"Organization\",\"@id\":\"https:\/\/alegerglobal.com\/tr\/#organization\",\"name\":\"ALEGER \u22c6 Augmented Reality\",\"url\":\"https:\/\/alegerglobal.com\/tr\/\",\"logo\":{\"@type\":\"ImageObject\",\"inLanguage\":\"tr\",\"@id\":\"https:\/\/alegerglobal.com\/tr\/#\/schema\/logo\/image\/\",\"url\":\"https:\/\/alegerglobal.com\/wp-content\/uploads\/2020\/12\/aleger-logo-quadrat.jpg\",\"contentUrl\":\"https:\/\/alegerglobal.com\/wp-content\/uploads\/2020\/12\/aleger-logo-quadrat.jpg\",\"width\":200,\"height\":176,\"caption\":\"ALEGER \u22c6 Augmented Reality\"},\"image\":{\"@id\":\"https:\/\/alegerglobal.com\/tr\/#\/schema\/logo\/image\/\"}}]}<\/script>\n<meta property=\"product:brand\" content=\"Ecom\" \/>\n<meta property=\"product:price:amount\" content=\"2044.00\" \/>\n<meta property=\"product:price:currency\" content=\"EUR\" \/>\n<meta property=\"og:availability\" content=\"instock\" \/>\n<meta property=\"product:availability\" content=\"instock\" \/>\n<meta property=\"product:condition\" content=\"new\" \/>\n<!-- \/ Yoast SEO Premium plugin. -->","yoast_head_json":{"title":"Tab-Ex\u00ae Pro DZ2'yi ecom ALEGER \u22c6 Augmented Reality'den sat\u0131n al\u0131n","description":"10 in\u00e7 ekranl\u0131 ecom Tab-Ex\u00ae Pro DZ2, tehlikeli alanlarda \u00e7al\u0131\u015fmak i\u00e7in maksimum uygulama \u00e7ok y\u00f6nl\u00fcl\u00fc\u011f\u00fc sunar. Daha fazlas\u0131n\u0131 \u00f6\u011frenin.","robots":{"index":"index","follow":"follow","max-snippet":"max-snippet:-1","max-image-preview":"max-image-preview:large","max-video-preview":"max-video-preview:-1"},"og_locale":"tr_TR","og_type":"article","og_title":"ecom Tab-Ex\u00ae Pro DZ2 Ex-korumal\u0131 tablet Atex Zone 2, 10.1\" dokunmatik ekran, Android","og_description":"10 in\u00e7 ekranl\u0131 ecom Tab-Ex\u00ae Pro DZ2, tehlikeli alanlarda \u00e7al\u0131\u015fmak i\u00e7in maksimum uygulama \u00e7ok y\u00f6nl\u00fcl\u00fc\u011f\u00fc sunar. Daha fazlas\u0131n\u0131 \u00f6\u011frenin.","og_url":"https:\/\/alegerglobal.com\/tr\/shop-tr\/dayanikli-tablet\/ecom-tab-ex-pro-dz2\/","og_site_name":"ALEGER \u22c6 Augmented Reality","og_image":[{"width":400,"height":400,"url":"https:\/\/alegerglobal.com\/wp-content\/uploads\/2021\/01\/csm_Tab-Ex_Pro_DZ2_Gallery_1_8e9532bbeb.png","type":"image\/png"}],"twitter_card":"summary_large_image","twitter_misc":{"Fiyat":"&euro;2.044,00","Durumu":"Stokta var"},"schema":{"@context":"https:\/\/schema.org","@graph":[{"@type":"WebPage","@id":"https:\/\/alegerglobal.com\/tr\/shop-tr\/dayanikli-tablet\/ecom-tab-ex-pro-dz2\/","url":"https:\/\/alegerglobal.com\/tr\/shop-tr\/dayanikli-tablet\/ecom-tab-ex-pro-dz2\/","name":"Tab-Ex\u00ae Pro DZ2'yi ecom ALEGER \u22c6 Augmented Reality'den sat\u0131n al\u0131n","isPartOf":{"@id":"https:\/\/alegerglobal.com\/tr\/#website"},"primaryImageOfPage":{"@id":"https:\/\/alegerglobal.com\/tr\/shop-tr\/dayanikli-tablet\/ecom-tab-ex-pro-dz2\/#primaryimage"},"image":{"@id":"https:\/\/alegerglobal.com\/tr\/shop-tr\/dayanikli-tablet\/ecom-tab-ex-pro-dz2\/#primaryimage"},"thumbnailUrl":"https:\/\/alegerglobal.com\/wp-content\/uploads\/2021\/01\/csm_Tab-Ex_Pro_DZ2_Gallery_1_8e9532bbeb.png","datePublished":"2024-06-03T11:35:46+00:00","dateModified":"2024-06-03T11:35:46+00:00","description":"10 in\u00e7 ekranl\u0131 ecom Tab-Ex\u00ae Pro DZ2, tehlikeli alanlarda \u00e7al\u0131\u015fmak i\u00e7in maksimum uygulama \u00e7ok y\u00f6nl\u00fcl\u00fc\u011f\u00fc sunar. Daha fazlas\u0131n\u0131 \u00f6\u011frenin.","breadcrumb":{"@id":"https:\/\/alegerglobal.com\/tr\/shop-tr\/dayanikli-tablet\/ecom-tab-ex-pro-dz2\/#breadcrumb"},"inLanguage":"tr","potentialAction":[{"@type":"ReadAction","target":["https:\/\/alegerglobal.com\/tr\/shop-tr\/dayanikli-tablet\/ecom-tab-ex-pro-dz2\/"]}]},{"@type":"ImageObject","inLanguage":"tr","@id":"https:\/\/alegerglobal.com\/tr\/shop-tr\/dayanikli-tablet\/ecom-tab-ex-pro-dz2\/#primaryimage","url":"https:\/\/alegerglobal.com\/wp-content\/uploads\/2021\/01\/csm_Tab-Ex_Pro_DZ2_Gallery_1_8e9532bbeb.png","contentUrl":"https:\/\/alegerglobal.com\/wp-content\/uploads\/2021\/01\/csm_Tab-Ex_Pro_DZ2_Gallery_1_8e9532bbeb.png","width":400,"height":400},{"@type":"BreadcrumbList","@id":"https:\/\/alegerglobal.com\/tr\/shop-tr\/dayanikli-tablet\/ecom-tab-ex-pro-dz2\/#breadcrumb","itemListElement":[{"@type":"ListItem","position":1,"name":"Home","item":"https:\/\/alegerglobal.com\/tr\/yeni-anasayfa\/"},{"@type":"ListItem","position":2,"name":"\u00dcr\u00fcnler","item":"https:\/\/alegerglobal.com\/tr\/ueruenler\/"},{"@type":"ListItem","position":3,"name":"ecom Tab-Ex\u00ae Pro DZ2 Ex-korumal\u0131 tablet Atex Zone 2, 10.1&#8243; dokunmatik ekran, Android"}]},{"@type":"WebSite","@id":"https:\/\/alegerglobal.com\/tr\/#website","url":"https:\/\/alegerglobal.com\/tr\/","name":"ALEGER \u22c6 Augmented Reality","description":"Die besten Augmented Reality (AR) L\u00f6sungen der Welt.","publisher":{"@id":"https:\/\/alegerglobal.com\/tr\/#organization"},"potentialAction":[{"@type":"SearchAction","target":{"@type":"EntryPoint","urlTemplate":"https:\/\/alegerglobal.com\/tr\/?s={search_term_string}"},"query-input":{"@type":"PropertyValueSpecification","valueRequired":true,"valueName":"search_term_string"}}],"inLanguage":"tr"},{"@type":"Organization","@id":"https:\/\/alegerglobal.com\/tr\/#organization","name":"ALEGER \u22c6 Augmented Reality","url":"https:\/\/alegerglobal.com\/tr\/","logo":{"@type":"ImageObject","inLanguage":"tr","@id":"https:\/\/alegerglobal.com\/tr\/#\/schema\/logo\/image\/","url":"https:\/\/alegerglobal.com\/wp-content\/uploads\/2020\/12\/aleger-logo-quadrat.jpg","contentUrl":"https:\/\/alegerglobal.com\/wp-content\/uploads\/2020\/12\/aleger-logo-quadrat.jpg","width":200,"height":176,"caption":"ALEGER \u22c6 Augmented Reality"},"image":{"@id":"https:\/\/alegerglobal.com\/tr\/#\/schema\/logo\/image\/"}}]},"product_brand":"Ecom","product_price_amount":"2044.00","product_price_currency":"EUR","og_availability":"instock","product_availability":"instock","product_condition":"new"},"_links":{"self":[{"href":"https:\/\/alegerglobal.com\/tr\/wp-json\/wp\/v2\/product\/39257","targetHints":{"allow":["GET"]}}],"collection":[{"href":"https:\/\/alegerglobal.com\/tr\/wp-json\/wp\/v2\/product"}],"about":[{"href":"https:\/\/alegerglobal.com\/tr\/wp-json\/wp\/v2\/types\/product"}],"replies":[{"embeddable":true,"href":"https:\/\/alegerglobal.com\/tr\/wp-json\/wp\/v2\/comments?post=39257"}],"version-history":[{"count":0,"href":"https:\/\/alegerglobal.com\/tr\/wp-json\/wp\/v2\/product\/39257\/revisions"}],"wp:featuredmedia":[{"embeddable":true,"href":"https:\/\/alegerglobal.com\/tr\/wp-json\/wp\/v2\/media\/39258"}],"wp:attachment":[{"href":"https:\/\/alegerglobal.com\/tr\/wp-json\/wp\/v2\/media?parent=39257"}],"wp:term":[{"taxonomy":"product_brand","embeddable":true,"href":"https:\/\/alegerglobal.com\/tr\/wp-json\/wp\/v2\/product_brand?post=39257"},{"taxonomy":"product_cat","embeddable":true,"href":"https:\/\/alegerglobal.com\/tr\/wp-json\/wp\/v2\/product_cat?post=39257"},{"taxonomy":"product_tag","embeddable":true,"href":"https:\/\/alegerglobal.com\/tr\/wp-json\/wp\/v2\/product_tag?post=39257"}],"curies":[{"name":"wp","href":"https:\/\/api.w.org\/{rel}","templated":true}]}}