{"id":39255,"date":"2021-03-07T09:03:35","date_gmt":"2024-06-03T11:35:43","guid":{"rendered":"https:\/\/alegerglobal.com\/kategorilenmemis\/ecom-ex-cep-telefonu-10-dz1-atex-boelge-1-icin-ex-korumali-cep-telefonu-26-dokunmatik-ekran-android\/"},"modified":"2024-06-03T12:35:43","modified_gmt":"2024-06-03T11:35:43","slug":"ex-handy-10-dz1","status":"publish","type":"product","link":"https:\/\/alegerglobal.com\/tr\/shop-tr\/atex-tr\/ex-handy-10-dz1\/","title":{"rendered":"ecom Ex cep telefonu 10 DZ1, ATEX B\u00f6lge 1 i\u00e7in Ex korumal\u0131 cep telefonu, 2,6&#8243; dokunmatik ekran, Android"},"content":{"rendered":"","protected":false},"excerpt":{"rendered":"<ul>\n<li style=\"font-weight: 400;\" aria-level=\"1\"><b>i\u00e7in onay<\/b><b> Eski B\u00f6lge<\/b><b> 1\/21 ve S\u0131n\u0131f 1\/ B\u00f6l\u00fcm 1:<\/b><span style=\"font-weight: 400;\"> Uygun olarak d\u00fcnya \u00e7ap\u0131nda uygulama olanaklar\u0131<\/span><span style=\"font-weight: 400;\"> ATEX<\/span><span style=\"font-weight: 400;\"> potansiyel olarak patlay\u0131c\u0131 ortamlar i\u00e7in direktifler.<\/span><\/li>\n<li style=\"font-weight: 400;\" aria-level=\"1\"><b>Dokunmatik ekran ve tu\u015f tak\u0131m\u0131: <\/b>2,6&#8243; ekran Gorilla\u00ae Glass ile korunur ve do\u011frudan g\u00fcne\u015f \u0131\u015f\u0131\u011f\u0131 alt\u0131nda bile m\u00fckemmel okunabilirlik sunar. Ex-Handy 10 \u0131slak ko\u015fullarda ve eldivenlerle bile kullan\u0131labilir.<\/li>\n<li style=\"font-weight: 400;\" aria-level=\"1\"><b>4400 mAh pil:<\/b> Ex korumal\u0131 bu cep telefonunda, uzun \u00e7al\u0131\u015fma g\u00fcnleriyle sorunsuz bir \u015fekilde ba\u015fa \u00e7\u0131kabilmesini sa\u011flamak i\u00e7in birinci s\u0131n\u0131f \u00e7al\u0131\u015fma s\u00fcrelerine sahip g\u00fc\u00e7l\u00fc bir pil kullan\u0131lm\u0131\u015ft\u0131r.<\/li>\n<li style=\"font-weight: 400;\" aria-level=\"1\"><b>Programlanabilir d\u00fc\u011fmeler<\/b>: Uygulama alan\u0131na ba\u011fl\u0131 olarak bireysel \u00f6zelle\u015ftirme se\u00e7enekleri ve bas-konu\u015f i\u015flevi, \u00f6zellikle karma\u015f\u0131k olmayan bir kullan\u0131m sa\u011flar.<\/li>\n<li style=\"font-weight: 400;\" aria-level=\"1\"><b>\u00c7al\u0131\u015fanlar i\u00e7in g\u00fcvenlik: <\/b>Patlama korumas\u0131na ek olarak, yaln\u0131z \u00e7al\u0131\u015fan korumas\u0131 i\u015fyerinde g\u00fcvenilir bir \u015fekilde ek g\u00fcvenlik sa\u011flar.<\/li>\n<li style=\"font-weight: 400;\" aria-level=\"1\"><b>G\u00fcvenilir bir yol arkada\u015f\u0131: <\/b>\u0130\u015fyerinin g\u00fcnl\u00fck zorluklar\u0131na dayanmak i\u00e7in sa\u011flam ak\u0131ll\u0131 telefon neme, kimyasallara, titre\u015fimlere, toza ve g\u00fcne\u015f \u0131\u015f\u0131\u011f\u0131na kar\u015f\u0131 korumal\u0131d\u0131r.<\/li>\n<\/ul>\n","protected":false},"featured_media":39256,"comment_status":"open","ping_status":"closed","template":"","meta":{"_acf_changed":false},"product_brand":[],"product_cat":[2319,2318],"product_tag":[],"class_list":{"0":"post-39255","1":"product","2":"type-product","3":"status-publish","4":"has-post-thumbnail","6":"product_cat-atex-tr","7":"product_cat-shop-tr","8":"pa_hersteller-ecom-tr","10":"first","11":"instock","12":"taxable","13":"shipping-taxable","14":"purchasable","15":"product-type-simple"},"acf":[],"yoast_head":"<!-- This site is optimized with the Yoast SEO Premium plugin v20.10 (Yoast SEO v24.3) - https:\/\/yoast.com\/wordpress\/plugins\/seo\/ -->\n<title>ecom Ex cep telefonu 10 DZ1&#039;i buradan sat\u0131n al\u0131n - ALEGER \u22c6 Augmented Reality<\/title>\n<meta name=\"description\" content=\"Tehlikeli alanlar i\u00e7in ecom&#039;dan 10 DZ1 ile \u00e7al\u0131\u015fanlar\u0131n\u0131zla her zaman ileti\u015fim halinde kalabilirsiniz. Burada ALEGER&#039;de mevcuttur.\" \/>\n<meta name=\"robots\" content=\"index, follow, max-snippet:-1, max-image-preview:large, max-video-preview:-1\" \/>\n<meta property=\"og:locale\" content=\"tr_TR\" \/>\n<meta property=\"og:type\" content=\"article\" \/>\n<meta property=\"og:title\" content=\"ecom Ex cep telefonu 10 DZ1, ATEX B\u00f6lge 1 i\u00e7in Ex korumal\u0131 cep telefonu, 2,6&quot; dokunmatik ekran, Android\" \/>\n<meta property=\"og:description\" content=\"Tehlikeli alanlar i\u00e7in ecom&#039;dan 10 DZ1 ile \u00e7al\u0131\u015fanlar\u0131n\u0131zla her zaman ileti\u015fim halinde kalabilirsiniz. Burada ALEGER&#039;de mevcuttur.\" \/>\n<meta property=\"og:url\" content=\"https:\/\/alegerglobal.com\/tr\/shop-tr\/atex-tr\/ex-handy-10-dz1\/\" \/>\n<meta property=\"og:site_name\" content=\"ALEGER \u22c6 Augmented Reality\" \/>\n<meta property=\"og:image\" content=\"https:\/\/alegerglobal.com\/wp-content\/uploads\/2021\/02\/ex-handy_10_dz1_teaser_1.png\" \/>\n\t<meta property=\"og:image:width\" content=\"800\" \/>\n\t<meta property=\"og:image:height\" content=\"800\" \/>\n\t<meta property=\"og:image:type\" content=\"image\/png\" \/>\n<meta name=\"twitter:card\" content=\"summary_large_image\" \/>\n<meta name=\"twitter:label1\" content=\"Fiyat\" \/>\n\t<meta name=\"twitter:data1\" content=\"&euro;1.499,99\" \/>\n\t<meta name=\"twitter:label2\" content=\"Durumu\" \/>\n\t<meta name=\"twitter:data2\" content=\"Stokta var\" \/>\n<script type=\"application\/ld+json\" class=\"yoast-schema-graph\">{\"@context\":\"https:\/\/schema.org\",\"@graph\":[{\"@type\":\"WebPage\",\"@id\":\"https:\/\/alegerglobal.com\/tr\/shop-tr\/atex-tr\/ex-handy-10-dz1\/\",\"url\":\"https:\/\/alegerglobal.com\/tr\/shop-tr\/atex-tr\/ex-handy-10-dz1\/\",\"name\":\"ecom Ex cep telefonu 10 DZ1'i buradan sat\u0131n al\u0131n - ALEGER \u22c6 Augmented Reality\",\"isPartOf\":{\"@id\":\"https:\/\/alegerglobal.com\/tr\/#website\"},\"primaryImageOfPage\":{\"@id\":\"https:\/\/alegerglobal.com\/tr\/shop-tr\/atex-tr\/ex-handy-10-dz1\/#primaryimage\"},\"image\":{\"@id\":\"https:\/\/alegerglobal.com\/tr\/shop-tr\/atex-tr\/ex-handy-10-dz1\/#primaryimage\"},\"thumbnailUrl\":\"https:\/\/alegerglobal.com\/wp-content\/uploads\/2021\/02\/ex-handy_10_dz1_teaser_1.png\",\"datePublished\":\"2024-06-03T11:35:43+00:00\",\"dateModified\":\"2024-06-03T11:35:43+00:00\",\"description\":\"Tehlikeli alanlar i\u00e7in ecom'dan 10 DZ1 ile \u00e7al\u0131\u015fanlar\u0131n\u0131zla her zaman ileti\u015fim halinde kalabilirsiniz. Burada ALEGER'de mevcuttur.\",\"breadcrumb\":{\"@id\":\"https:\/\/alegerglobal.com\/tr\/shop-tr\/atex-tr\/ex-handy-10-dz1\/#breadcrumb\"},\"inLanguage\":\"tr\",\"potentialAction\":[{\"@type\":\"ReadAction\",\"target\":[\"https:\/\/alegerglobal.com\/tr\/shop-tr\/atex-tr\/ex-handy-10-dz1\/\"]}]},{\"@type\":\"ImageObject\",\"inLanguage\":\"tr\",\"@id\":\"https:\/\/alegerglobal.com\/tr\/shop-tr\/atex-tr\/ex-handy-10-dz1\/#primaryimage\",\"url\":\"https:\/\/alegerglobal.com\/wp-content\/uploads\/2021\/02\/ex-handy_10_dz1_teaser_1.png\",\"contentUrl\":\"https:\/\/alegerglobal.com\/wp-content\/uploads\/2021\/02\/ex-handy_10_dz1_teaser_1.png\",\"width\":800,\"height\":800},{\"@type\":\"BreadcrumbList\",\"@id\":\"https:\/\/alegerglobal.com\/tr\/shop-tr\/atex-tr\/ex-handy-10-dz1\/#breadcrumb\",\"itemListElement\":[{\"@type\":\"ListItem\",\"position\":1,\"name\":\"Home\",\"item\":\"https:\/\/alegerglobal.com\/tr\/yeni-anasayfa\/\"},{\"@type\":\"ListItem\",\"position\":2,\"name\":\"\u00dcr\u00fcnler\",\"item\":\"https:\/\/alegerglobal.com\/tr\/ueruenler\/\"},{\"@type\":\"ListItem\",\"position\":3,\"name\":\"ecom Ex cep telefonu 10 DZ1, ATEX B\u00f6lge 1 i\u00e7in Ex korumal\u0131 cep telefonu, 2,6&#8243; dokunmatik ekran, Android\"}]},{\"@type\":\"WebSite\",\"@id\":\"https:\/\/alegerglobal.com\/tr\/#website\",\"url\":\"https:\/\/alegerglobal.com\/tr\/\",\"name\":\"ALEGER \u22c6 Augmented Reality\",\"description\":\"Die besten Augmented Reality (AR) L\u00f6sungen der Welt.\",\"publisher\":{\"@id\":\"https:\/\/alegerglobal.com\/tr\/#organization\"},\"potentialAction\":[{\"@type\":\"SearchAction\",\"target\":{\"@type\":\"EntryPoint\",\"urlTemplate\":\"https:\/\/alegerglobal.com\/tr\/?s={search_term_string}\"},\"query-input\":{\"@type\":\"PropertyValueSpecification\",\"valueRequired\":true,\"valueName\":\"search_term_string\"}}],\"inLanguage\":\"tr\"},{\"@type\":\"Organization\",\"@id\":\"https:\/\/alegerglobal.com\/tr\/#organization\",\"name\":\"ALEGER \u22c6 Augmented Reality\",\"url\":\"https:\/\/alegerglobal.com\/tr\/\",\"logo\":{\"@type\":\"ImageObject\",\"inLanguage\":\"tr\",\"@id\":\"https:\/\/alegerglobal.com\/tr\/#\/schema\/logo\/image\/\",\"url\":\"https:\/\/alegerglobal.com\/wp-content\/uploads\/2020\/12\/aleger-logo-quadrat.jpg\",\"contentUrl\":\"https:\/\/alegerglobal.com\/wp-content\/uploads\/2020\/12\/aleger-logo-quadrat.jpg\",\"width\":200,\"height\":176,\"caption\":\"ALEGER \u22c6 Augmented Reality\"},\"image\":{\"@id\":\"https:\/\/alegerglobal.com\/tr\/#\/schema\/logo\/image\/\"}}]}<\/script>\n<meta property=\"product:brand\" content=\"Ecom\" \/>\n<meta property=\"product:price:amount\" content=\"1499.99\" \/>\n<meta property=\"product:price:currency\" content=\"EUR\" \/>\n<meta property=\"og:availability\" content=\"instock\" \/>\n<meta property=\"product:availability\" content=\"instock\" \/>\n<meta property=\"product:condition\" content=\"new\" \/>\n<!-- \/ Yoast SEO Premium plugin. -->","yoast_head_json":{"title":"ecom Ex cep telefonu 10 DZ1'i buradan sat\u0131n al\u0131n - ALEGER \u22c6 Augmented Reality","description":"Tehlikeli alanlar i\u00e7in ecom'dan 10 DZ1 ile \u00e7al\u0131\u015fanlar\u0131n\u0131zla her zaman ileti\u015fim halinde kalabilirsiniz. Burada ALEGER'de mevcuttur.","robots":{"index":"index","follow":"follow","max-snippet":"max-snippet:-1","max-image-preview":"max-image-preview:large","max-video-preview":"max-video-preview:-1"},"og_locale":"tr_TR","og_type":"article","og_title":"ecom Ex cep telefonu 10 DZ1, ATEX B\u00f6lge 1 i\u00e7in Ex korumal\u0131 cep telefonu, 2,6\" dokunmatik ekran, Android","og_description":"Tehlikeli alanlar i\u00e7in ecom'dan 10 DZ1 ile \u00e7al\u0131\u015fanlar\u0131n\u0131zla her zaman ileti\u015fim halinde kalabilirsiniz. Burada ALEGER'de mevcuttur.","og_url":"https:\/\/alegerglobal.com\/tr\/shop-tr\/atex-tr\/ex-handy-10-dz1\/","og_site_name":"ALEGER \u22c6 Augmented Reality","og_image":[{"width":800,"height":800,"url":"https:\/\/alegerglobal.com\/wp-content\/uploads\/2021\/02\/ex-handy_10_dz1_teaser_1.png","type":"image\/png"}],"twitter_card":"summary_large_image","twitter_misc":{"Fiyat":"&euro;1.499,99","Durumu":"Stokta var"},"schema":{"@context":"https:\/\/schema.org","@graph":[{"@type":"WebPage","@id":"https:\/\/alegerglobal.com\/tr\/shop-tr\/atex-tr\/ex-handy-10-dz1\/","url":"https:\/\/alegerglobal.com\/tr\/shop-tr\/atex-tr\/ex-handy-10-dz1\/","name":"ecom Ex cep telefonu 10 DZ1'i buradan sat\u0131n al\u0131n - ALEGER \u22c6 Augmented Reality","isPartOf":{"@id":"https:\/\/alegerglobal.com\/tr\/#website"},"primaryImageOfPage":{"@id":"https:\/\/alegerglobal.com\/tr\/shop-tr\/atex-tr\/ex-handy-10-dz1\/#primaryimage"},"image":{"@id":"https:\/\/alegerglobal.com\/tr\/shop-tr\/atex-tr\/ex-handy-10-dz1\/#primaryimage"},"thumbnailUrl":"https:\/\/alegerglobal.com\/wp-content\/uploads\/2021\/02\/ex-handy_10_dz1_teaser_1.png","datePublished":"2024-06-03T11:35:43+00:00","dateModified":"2024-06-03T11:35:43+00:00","description":"Tehlikeli alanlar i\u00e7in ecom'dan 10 DZ1 ile \u00e7al\u0131\u015fanlar\u0131n\u0131zla her zaman ileti\u015fim halinde kalabilirsiniz. Burada ALEGER'de mevcuttur.","breadcrumb":{"@id":"https:\/\/alegerglobal.com\/tr\/shop-tr\/atex-tr\/ex-handy-10-dz1\/#breadcrumb"},"inLanguage":"tr","potentialAction":[{"@type":"ReadAction","target":["https:\/\/alegerglobal.com\/tr\/shop-tr\/atex-tr\/ex-handy-10-dz1\/"]}]},{"@type":"ImageObject","inLanguage":"tr","@id":"https:\/\/alegerglobal.com\/tr\/shop-tr\/atex-tr\/ex-handy-10-dz1\/#primaryimage","url":"https:\/\/alegerglobal.com\/wp-content\/uploads\/2021\/02\/ex-handy_10_dz1_teaser_1.png","contentUrl":"https:\/\/alegerglobal.com\/wp-content\/uploads\/2021\/02\/ex-handy_10_dz1_teaser_1.png","width":800,"height":800},{"@type":"BreadcrumbList","@id":"https:\/\/alegerglobal.com\/tr\/shop-tr\/atex-tr\/ex-handy-10-dz1\/#breadcrumb","itemListElement":[{"@type":"ListItem","position":1,"name":"Home","item":"https:\/\/alegerglobal.com\/tr\/yeni-anasayfa\/"},{"@type":"ListItem","position":2,"name":"\u00dcr\u00fcnler","item":"https:\/\/alegerglobal.com\/tr\/ueruenler\/"},{"@type":"ListItem","position":3,"name":"ecom Ex cep telefonu 10 DZ1, ATEX B\u00f6lge 1 i\u00e7in Ex korumal\u0131 cep telefonu, 2,6&#8243; dokunmatik ekran, Android"}]},{"@type":"WebSite","@id":"https:\/\/alegerglobal.com\/tr\/#website","url":"https:\/\/alegerglobal.com\/tr\/","name":"ALEGER \u22c6 Augmented Reality","description":"Die besten Augmented Reality (AR) L\u00f6sungen der Welt.","publisher":{"@id":"https:\/\/alegerglobal.com\/tr\/#organization"},"potentialAction":[{"@type":"SearchAction","target":{"@type":"EntryPoint","urlTemplate":"https:\/\/alegerglobal.com\/tr\/?s={search_term_string}"},"query-input":{"@type":"PropertyValueSpecification","valueRequired":true,"valueName":"search_term_string"}}],"inLanguage":"tr"},{"@type":"Organization","@id":"https:\/\/alegerglobal.com\/tr\/#organization","name":"ALEGER \u22c6 Augmented Reality","url":"https:\/\/alegerglobal.com\/tr\/","logo":{"@type":"ImageObject","inLanguage":"tr","@id":"https:\/\/alegerglobal.com\/tr\/#\/schema\/logo\/image\/","url":"https:\/\/alegerglobal.com\/wp-content\/uploads\/2020\/12\/aleger-logo-quadrat.jpg","contentUrl":"https:\/\/alegerglobal.com\/wp-content\/uploads\/2020\/12\/aleger-logo-quadrat.jpg","width":200,"height":176,"caption":"ALEGER \u22c6 Augmented Reality"},"image":{"@id":"https:\/\/alegerglobal.com\/tr\/#\/schema\/logo\/image\/"}}]},"product_brand":"Ecom","product_price_amount":"1499.99","product_price_currency":"EUR","og_availability":"instock","product_availability":"instock","product_condition":"new"},"_links":{"self":[{"href":"https:\/\/alegerglobal.com\/tr\/wp-json\/wp\/v2\/product\/39255","targetHints":{"allow":["GET"]}}],"collection":[{"href":"https:\/\/alegerglobal.com\/tr\/wp-json\/wp\/v2\/product"}],"about":[{"href":"https:\/\/alegerglobal.com\/tr\/wp-json\/wp\/v2\/types\/product"}],"replies":[{"embeddable":true,"href":"https:\/\/alegerglobal.com\/tr\/wp-json\/wp\/v2\/comments?post=39255"}],"version-history":[{"count":0,"href":"https:\/\/alegerglobal.com\/tr\/wp-json\/wp\/v2\/product\/39255\/revisions"}],"wp:featuredmedia":[{"embeddable":true,"href":"https:\/\/alegerglobal.com\/tr\/wp-json\/wp\/v2\/media\/39256"}],"wp:attachment":[{"href":"https:\/\/alegerglobal.com\/tr\/wp-json\/wp\/v2\/media?parent=39255"}],"wp:term":[{"taxonomy":"product_brand","embeddable":true,"href":"https:\/\/alegerglobal.com\/tr\/wp-json\/wp\/v2\/product_brand?post=39255"},{"taxonomy":"product_cat","embeddable":true,"href":"https:\/\/alegerglobal.com\/tr\/wp-json\/wp\/v2\/product_cat?post=39255"},{"taxonomy":"product_tag","embeddable":true,"href":"https:\/\/alegerglobal.com\/tr\/wp-json\/wp\/v2\/product_tag?post=39255"}],"curies":[{"name":"wp","href":"https:\/\/api.w.org\/{rel}","templated":true}]}}