{"id":39248,"date":"2021-03-07T09:05:39","date_gmt":"2024-06-03T11:35:29","guid":{"rendered":"https:\/\/alegerglobal.com\/uncategorized\/ecom-ex-cep-telefonu-10-dz2-atex-zone-2-icin-ex-korumali-cep-telefonu-26-dokunmatik-ekran-android\/"},"modified":"2024-06-03T12:35:29","modified_gmt":"2024-06-03T11:35:29","slug":"ecom-ex-handy-10-dz2","status":"publish","type":"product","link":"https:\/\/alegerglobal.com\/tr\/shop-tr\/enduestri-akilli-telefonu\/ecom-ex-handy-10-dz2\/","title":{"rendered":"ecom Ex cep telefonu 10 DZ2, ATEX Zone 2 i\u00e7in Ex korumal\u0131 cep telefonu, 2,6&#8243; dokunmatik ekran, Android"},"content":{"rendered":"","protected":false},"excerpt":{"rendered":"<ul>\n<li style=\"font-weight: 400;\"><b>Potansiyel olarak patlay\u0131c\u0131 ortamlar i\u00e7in:<\/b><span style=\"font-weight: 400;\"> \u015eunlar i\u00e7in onay ile<\/span><span style=\"font-weight: 400;\"> Eski B\u00f6lge<\/span><span style=\"font-weight: 400;\"> 2\/22 ve S\u0131n\u0131f 2 \/ Div 2, d\u00fcnya \u00e7ap\u0131nda a\u015fa\u011f\u0131dakilere uygun olarak kullan\u0131n<\/span><span style=\"font-weight: 400;\"> ATEX<\/span><span style=\"font-weight: 400;\"> direktifler. <\/span> <\/li>\n<li style=\"font-weight: 400;\"><b>Tu\u015f tak\u0131m\u0131 ve dokunmatik ekran:<\/b><span style=\"font-weight: 400;\"> Gorilla<\/span> <span style=\"font-weight: 400;\">Gorilla\u00ae Glass korumal\u0131 2,6&#8243; ekran, do\u011frudan g\u00fcne\u015f \u0131\u015f\u0131\u011f\u0131 alt\u0131nda bile m\u00fckemmel okunabilirlik sunar ve eldivenlerle veya \u0131slak ko\u015fullarda da kullan\u0131labilir.<\/span><\/li>\n<li><b>Uzun pil \u00f6mr\u00fc:<\/b><span style=\"font-weight: 400;\"> Uzun pil \u00f6mr\u00fc <\/span><span style=\"font-weight: 400;\">Eski korumal\u0131<\/span><span style=\"font-weight: 400;\"> cep telefonu<\/span><span style=\"font-weight: 400;\"> nesil cep telefonu g\u00fc\u00e7l\u00fc bir <\/span><span style=\"font-weight: 400;\">4400 mAh pil, uzun \u00e7al\u0131\u015fma g\u00fcnleriyle sorunsuz bir \u015fekilde ba\u015fa \u00e7\u0131kmak i\u00e7in.<\/span><\/li>\n<li><b>Bireysel \u00f6zelle\u015ftirme se\u00e7enekleri<\/b><span style=\"font-weight: 400;\">Bu <\/span><span style=\"font-weight: 400;\">bas-konu\u015f fonksiyonu ve <\/span><span style=\"font-weight: 400;\">Farkl\u0131 uygulama alanlar\u0131 i\u00e7in programlanabilir d\u00fc\u011fmeler<\/span><span style=\"font-weight: 400;\"> \u00f6zellikle karma\u015f\u0131k olmayan bir uygulama.<\/span><\/li>\n<li><b>\u00c7al\u0131\u015fanlar i\u00e7in ek koruma:<\/b><span style=\"font-weight: 400;\"> Patlamaya kar\u015f\u0131 koruman\u0131n yan\u0131 s\u0131ra yaln\u0131z \u00e7al\u0131\u015fan korumas\u0131 da i\u015fyerinde ek g\u00fcvenlik sa\u011flar. <\/span> <\/li>\n<li style=\"font-weight: 400;\"><b>Sa\u011flam bir yol arkada\u015f\u0131: <\/b><span style=\"font-weight: 400;\">Neme, kimyasallara, titre\u015fimlere, toza ve g\u00fcne\u015f \u0131\u015f\u0131\u011f\u0131na g\u00fcvenilir bir \u015fekilde dayan\u0131r. <\/span> <\/li>\n<\/ul>\n","protected":false},"featured_media":39250,"comment_status":"open","ping_status":"closed","template":"","meta":{"_acf_changed":false},"product_brand":[],"product_cat":[2319,2337,2318],"product_tag":[],"class_list":{"0":"post-39248","1":"product","2":"type-product","3":"status-publish","4":"has-post-thumbnail","6":"product_cat-atex-tr","7":"product_cat-enduestri-akilli-telefonu","8":"product_cat-shop-tr","9":"pa_hersteller-ecom-tr","11":"first","12":"instock","13":"taxable","14":"shipping-taxable","15":"purchasable","16":"product-type-simple"},"acf":[],"yoast_head":"<!-- This site is optimized with the Yoast SEO Premium plugin v20.10 (Yoast SEO v24.3) - https:\/\/yoast.com\/wordpress\/plugins\/seo\/ -->\n<title>ecom Ex-Handy 10 DZ2 buradan sat\u0131n al\u0131n - ALEGER \u22c6 Augmented Reality<\/title>\n<meta name=\"description\" content=\"Hala end\u00fcstride kullanmak i\u00e7in patlamaya dayan\u0131kl\u0131 bir cep telefonu mu ar\u0131yorsunuz? Burada eski cep telefonu 10 DZ2&#039;yi destek dahil ecom&#039;dan sat\u0131n alabilirsiniz.\" \/>\n<meta name=\"robots\" content=\"index, follow, max-snippet:-1, max-image-preview:large, max-video-preview:-1\" \/>\n<meta property=\"og:locale\" content=\"tr_TR\" \/>\n<meta property=\"og:type\" content=\"article\" \/>\n<meta property=\"og:title\" content=\"ecom Ex cep telefonu 10 DZ2, ATEX Zone 2 i\u00e7in Ex korumal\u0131 cep telefonu, 2,6&quot; dokunmatik ekran, Android\" \/>\n<meta property=\"og:description\" content=\"Hala end\u00fcstride kullanmak i\u00e7in patlamaya dayan\u0131kl\u0131 bir cep telefonu mu ar\u0131yorsunuz? Burada eski cep telefonu 10 DZ2&#039;yi destek dahil ecom&#039;dan sat\u0131n alabilirsiniz.\" \/>\n<meta property=\"og:url\" content=\"https:\/\/alegerglobal.com\/tr\/shop-tr\/enduestri-akilli-telefonu\/ecom-ex-handy-10-dz2\/\" \/>\n<meta property=\"og:site_name\" content=\"ALEGER \u22c6 Augmented Reality\" \/>\n<meta property=\"og:image\" content=\"https:\/\/alegerglobal.com\/wp-content\/uploads\/2021\/01\/csm_ex-handy-10_dz2_technical-data_a908afaa02.png\" \/>\n\t<meta property=\"og:image:width\" content=\"555\" \/>\n\t<meta property=\"og:image:height\" content=\"555\" \/>\n\t<meta property=\"og:image:type\" content=\"image\/png\" \/>\n<meta name=\"twitter:card\" content=\"summary_large_image\" \/>\n<meta name=\"twitter:label1\" content=\"Fiyat\" \/>\n\t<meta name=\"twitter:data1\" content=\"&euro;980,00\" \/>\n\t<meta name=\"twitter:label2\" content=\"Durumu\" \/>\n\t<meta name=\"twitter:data2\" content=\"Stokta var\" \/>\n<script type=\"application\/ld+json\" class=\"yoast-schema-graph\">{\"@context\":\"https:\/\/schema.org\",\"@graph\":[{\"@type\":\"WebPage\",\"@id\":\"https:\/\/alegerglobal.com\/tr\/shop-tr\/enduestri-akilli-telefonu\/ecom-ex-handy-10-dz2\/\",\"url\":\"https:\/\/alegerglobal.com\/tr\/shop-tr\/enduestri-akilli-telefonu\/ecom-ex-handy-10-dz2\/\",\"name\":\"ecom Ex-Handy 10 DZ2 buradan sat\u0131n al\u0131n - ALEGER \u22c6 Augmented Reality\",\"isPartOf\":{\"@id\":\"https:\/\/alegerglobal.com\/tr\/#website\"},\"primaryImageOfPage\":{\"@id\":\"https:\/\/alegerglobal.com\/tr\/shop-tr\/enduestri-akilli-telefonu\/ecom-ex-handy-10-dz2\/#primaryimage\"},\"image\":{\"@id\":\"https:\/\/alegerglobal.com\/tr\/shop-tr\/enduestri-akilli-telefonu\/ecom-ex-handy-10-dz2\/#primaryimage\"},\"thumbnailUrl\":\"https:\/\/alegerglobal.com\/wp-content\/uploads\/2021\/01\/csm_ex-handy-10_dz2_technical-data_a908afaa02.png\",\"datePublished\":\"2024-06-03T11:35:29+00:00\",\"dateModified\":\"2024-06-03T11:35:29+00:00\",\"description\":\"Hala end\u00fcstride kullanmak i\u00e7in patlamaya dayan\u0131kl\u0131 bir cep telefonu mu ar\u0131yorsunuz? Burada eski cep telefonu 10 DZ2'yi destek dahil ecom'dan sat\u0131n alabilirsiniz.\",\"breadcrumb\":{\"@id\":\"https:\/\/alegerglobal.com\/tr\/shop-tr\/enduestri-akilli-telefonu\/ecom-ex-handy-10-dz2\/#breadcrumb\"},\"inLanguage\":\"tr\",\"potentialAction\":[{\"@type\":\"ReadAction\",\"target\":[\"https:\/\/alegerglobal.com\/tr\/shop-tr\/enduestri-akilli-telefonu\/ecom-ex-handy-10-dz2\/\"]}]},{\"@type\":\"ImageObject\",\"inLanguage\":\"tr\",\"@id\":\"https:\/\/alegerglobal.com\/tr\/shop-tr\/enduestri-akilli-telefonu\/ecom-ex-handy-10-dz2\/#primaryimage\",\"url\":\"https:\/\/alegerglobal.com\/wp-content\/uploads\/2021\/01\/csm_ex-handy-10_dz2_technical-data_a908afaa02.png\",\"contentUrl\":\"https:\/\/alegerglobal.com\/wp-content\/uploads\/2021\/01\/csm_ex-handy-10_dz2_technical-data_a908afaa02.png\",\"width\":555,\"height\":555},{\"@type\":\"BreadcrumbList\",\"@id\":\"https:\/\/alegerglobal.com\/tr\/shop-tr\/enduestri-akilli-telefonu\/ecom-ex-handy-10-dz2\/#breadcrumb\",\"itemListElement\":[{\"@type\":\"ListItem\",\"position\":1,\"name\":\"Home\",\"item\":\"https:\/\/alegerglobal.com\/tr\/yeni-anasayfa\/\"},{\"@type\":\"ListItem\",\"position\":2,\"name\":\"\u00dcr\u00fcnler\",\"item\":\"https:\/\/alegerglobal.com\/tr\/ueruenler\/\"},{\"@type\":\"ListItem\",\"position\":3,\"name\":\"ecom Ex cep telefonu 10 DZ2, ATEX Zone 2 i\u00e7in Ex korumal\u0131 cep telefonu, 2,6&#8243; dokunmatik ekran, Android\"}]},{\"@type\":\"WebSite\",\"@id\":\"https:\/\/alegerglobal.com\/tr\/#website\",\"url\":\"https:\/\/alegerglobal.com\/tr\/\",\"name\":\"ALEGER \u22c6 Augmented Reality\",\"description\":\"Die besten Augmented Reality (AR) L\u00f6sungen der Welt.\",\"publisher\":{\"@id\":\"https:\/\/alegerglobal.com\/tr\/#organization\"},\"potentialAction\":[{\"@type\":\"SearchAction\",\"target\":{\"@type\":\"EntryPoint\",\"urlTemplate\":\"https:\/\/alegerglobal.com\/tr\/?s={search_term_string}\"},\"query-input\":{\"@type\":\"PropertyValueSpecification\",\"valueRequired\":true,\"valueName\":\"search_term_string\"}}],\"inLanguage\":\"tr\"},{\"@type\":\"Organization\",\"@id\":\"https:\/\/alegerglobal.com\/tr\/#organization\",\"name\":\"ALEGER \u22c6 Augmented Reality\",\"url\":\"https:\/\/alegerglobal.com\/tr\/\",\"logo\":{\"@type\":\"ImageObject\",\"inLanguage\":\"tr\",\"@id\":\"https:\/\/alegerglobal.com\/tr\/#\/schema\/logo\/image\/\",\"url\":\"https:\/\/alegerglobal.com\/wp-content\/uploads\/2020\/12\/aleger-logo-quadrat.jpg\",\"contentUrl\":\"https:\/\/alegerglobal.com\/wp-content\/uploads\/2020\/12\/aleger-logo-quadrat.jpg\",\"width\":200,\"height\":176,\"caption\":\"ALEGER \u22c6 Augmented Reality\"},\"image\":{\"@id\":\"https:\/\/alegerglobal.com\/tr\/#\/schema\/logo\/image\/\"}}]}<\/script>\n<meta property=\"product:brand\" content=\"Ecom\" \/>\n<meta property=\"product:price:amount\" content=\"980.00\" \/>\n<meta property=\"product:price:currency\" content=\"EUR\" \/>\n<meta property=\"og:availability\" content=\"instock\" \/>\n<meta property=\"product:availability\" content=\"instock\" \/>\n<meta property=\"product:condition\" content=\"new\" \/>\n<!-- \/ Yoast SEO Premium plugin. -->","yoast_head_json":{"title":"ecom Ex-Handy 10 DZ2 buradan sat\u0131n al\u0131n - ALEGER \u22c6 Augmented Reality","description":"Hala end\u00fcstride kullanmak i\u00e7in patlamaya dayan\u0131kl\u0131 bir cep telefonu mu ar\u0131yorsunuz? Burada eski cep telefonu 10 DZ2'yi destek dahil ecom'dan sat\u0131n alabilirsiniz.","robots":{"index":"index","follow":"follow","max-snippet":"max-snippet:-1","max-image-preview":"max-image-preview:large","max-video-preview":"max-video-preview:-1"},"og_locale":"tr_TR","og_type":"article","og_title":"ecom Ex cep telefonu 10 DZ2, ATEX Zone 2 i\u00e7in Ex korumal\u0131 cep telefonu, 2,6\" dokunmatik ekran, Android","og_description":"Hala end\u00fcstride kullanmak i\u00e7in patlamaya dayan\u0131kl\u0131 bir cep telefonu mu ar\u0131yorsunuz? Burada eski cep telefonu 10 DZ2'yi destek dahil ecom'dan sat\u0131n alabilirsiniz.","og_url":"https:\/\/alegerglobal.com\/tr\/shop-tr\/enduestri-akilli-telefonu\/ecom-ex-handy-10-dz2\/","og_site_name":"ALEGER \u22c6 Augmented Reality","og_image":[{"width":555,"height":555,"url":"https:\/\/alegerglobal.com\/wp-content\/uploads\/2021\/01\/csm_ex-handy-10_dz2_technical-data_a908afaa02.png","type":"image\/png"}],"twitter_card":"summary_large_image","twitter_misc":{"Fiyat":"&euro;980,00","Durumu":"Stokta var"},"schema":{"@context":"https:\/\/schema.org","@graph":[{"@type":"WebPage","@id":"https:\/\/alegerglobal.com\/tr\/shop-tr\/enduestri-akilli-telefonu\/ecom-ex-handy-10-dz2\/","url":"https:\/\/alegerglobal.com\/tr\/shop-tr\/enduestri-akilli-telefonu\/ecom-ex-handy-10-dz2\/","name":"ecom Ex-Handy 10 DZ2 buradan sat\u0131n al\u0131n - ALEGER \u22c6 Augmented Reality","isPartOf":{"@id":"https:\/\/alegerglobal.com\/tr\/#website"},"primaryImageOfPage":{"@id":"https:\/\/alegerglobal.com\/tr\/shop-tr\/enduestri-akilli-telefonu\/ecom-ex-handy-10-dz2\/#primaryimage"},"image":{"@id":"https:\/\/alegerglobal.com\/tr\/shop-tr\/enduestri-akilli-telefonu\/ecom-ex-handy-10-dz2\/#primaryimage"},"thumbnailUrl":"https:\/\/alegerglobal.com\/wp-content\/uploads\/2021\/01\/csm_ex-handy-10_dz2_technical-data_a908afaa02.png","datePublished":"2024-06-03T11:35:29+00:00","dateModified":"2024-06-03T11:35:29+00:00","description":"Hala end\u00fcstride kullanmak i\u00e7in patlamaya dayan\u0131kl\u0131 bir cep telefonu mu ar\u0131yorsunuz? Burada eski cep telefonu 10 DZ2'yi destek dahil ecom'dan sat\u0131n alabilirsiniz.","breadcrumb":{"@id":"https:\/\/alegerglobal.com\/tr\/shop-tr\/enduestri-akilli-telefonu\/ecom-ex-handy-10-dz2\/#breadcrumb"},"inLanguage":"tr","potentialAction":[{"@type":"ReadAction","target":["https:\/\/alegerglobal.com\/tr\/shop-tr\/enduestri-akilli-telefonu\/ecom-ex-handy-10-dz2\/"]}]},{"@type":"ImageObject","inLanguage":"tr","@id":"https:\/\/alegerglobal.com\/tr\/shop-tr\/enduestri-akilli-telefonu\/ecom-ex-handy-10-dz2\/#primaryimage","url":"https:\/\/alegerglobal.com\/wp-content\/uploads\/2021\/01\/csm_ex-handy-10_dz2_technical-data_a908afaa02.png","contentUrl":"https:\/\/alegerglobal.com\/wp-content\/uploads\/2021\/01\/csm_ex-handy-10_dz2_technical-data_a908afaa02.png","width":555,"height":555},{"@type":"BreadcrumbList","@id":"https:\/\/alegerglobal.com\/tr\/shop-tr\/enduestri-akilli-telefonu\/ecom-ex-handy-10-dz2\/#breadcrumb","itemListElement":[{"@type":"ListItem","position":1,"name":"Home","item":"https:\/\/alegerglobal.com\/tr\/yeni-anasayfa\/"},{"@type":"ListItem","position":2,"name":"\u00dcr\u00fcnler","item":"https:\/\/alegerglobal.com\/tr\/ueruenler\/"},{"@type":"ListItem","position":3,"name":"ecom Ex cep telefonu 10 DZ2, ATEX Zone 2 i\u00e7in Ex korumal\u0131 cep telefonu, 2,6&#8243; dokunmatik ekran, Android"}]},{"@type":"WebSite","@id":"https:\/\/alegerglobal.com\/tr\/#website","url":"https:\/\/alegerglobal.com\/tr\/","name":"ALEGER \u22c6 Augmented Reality","description":"Die besten Augmented Reality (AR) L\u00f6sungen der Welt.","publisher":{"@id":"https:\/\/alegerglobal.com\/tr\/#organization"},"potentialAction":[{"@type":"SearchAction","target":{"@type":"EntryPoint","urlTemplate":"https:\/\/alegerglobal.com\/tr\/?s={search_term_string}"},"query-input":{"@type":"PropertyValueSpecification","valueRequired":true,"valueName":"search_term_string"}}],"inLanguage":"tr"},{"@type":"Organization","@id":"https:\/\/alegerglobal.com\/tr\/#organization","name":"ALEGER \u22c6 Augmented Reality","url":"https:\/\/alegerglobal.com\/tr\/","logo":{"@type":"ImageObject","inLanguage":"tr","@id":"https:\/\/alegerglobal.com\/tr\/#\/schema\/logo\/image\/","url":"https:\/\/alegerglobal.com\/wp-content\/uploads\/2020\/12\/aleger-logo-quadrat.jpg","contentUrl":"https:\/\/alegerglobal.com\/wp-content\/uploads\/2020\/12\/aleger-logo-quadrat.jpg","width":200,"height":176,"caption":"ALEGER \u22c6 Augmented Reality"},"image":{"@id":"https:\/\/alegerglobal.com\/tr\/#\/schema\/logo\/image\/"}}]},"product_brand":"Ecom","product_price_amount":"980.00","product_price_currency":"EUR","og_availability":"instock","product_availability":"instock","product_condition":"new"},"_links":{"self":[{"href":"https:\/\/alegerglobal.com\/tr\/wp-json\/wp\/v2\/product\/39248","targetHints":{"allow":["GET"]}}],"collection":[{"href":"https:\/\/alegerglobal.com\/tr\/wp-json\/wp\/v2\/product"}],"about":[{"href":"https:\/\/alegerglobal.com\/tr\/wp-json\/wp\/v2\/types\/product"}],"replies":[{"embeddable":true,"href":"https:\/\/alegerglobal.com\/tr\/wp-json\/wp\/v2\/comments?post=39248"}],"version-history":[{"count":0,"href":"https:\/\/alegerglobal.com\/tr\/wp-json\/wp\/v2\/product\/39248\/revisions"}],"wp:featuredmedia":[{"embeddable":true,"href":"https:\/\/alegerglobal.com\/tr\/wp-json\/wp\/v2\/media\/39250"}],"wp:attachment":[{"href":"https:\/\/alegerglobal.com\/tr\/wp-json\/wp\/v2\/media?parent=39248"}],"wp:term":[{"taxonomy":"product_brand","embeddable":true,"href":"https:\/\/alegerglobal.com\/tr\/wp-json\/wp\/v2\/product_brand?post=39248"},{"taxonomy":"product_cat","embeddable":true,"href":"https:\/\/alegerglobal.com\/tr\/wp-json\/wp\/v2\/product_cat?post=39248"},{"taxonomy":"product_tag","embeddable":true,"href":"https:\/\/alegerglobal.com\/tr\/wp-json\/wp\/v2\/product_tag?post=39248"}],"curies":[{"name":"wp","href":"https:\/\/api.w.org\/{rel}","templated":true}]}}