{"id":39243,"date":"2021-03-08T10:04:15","date_gmt":"2024-06-03T11:35:27","guid":{"rendered":"https:\/\/alegerglobal.com\/kategorilenmemis\/i-safe-mobile-is930-rg-dayanikli-tablet-8-inc-ekran-cevresel-sensoerler-android-9\/"},"modified":"2024-06-03T12:35:27","modified_gmt":"2024-06-03T11:35:27","slug":"i-safe-mobile-is930-rg","status":"publish","type":"product","link":"https:\/\/alegerglobal.com\/tr\/shop-tr\/dayanikli-tablet\/i-safe-mobile-is930-rg\/","title":{"rendered":"i.safe MOBILE IS930.RG dayan\u0131kl\u0131 tablet, 8 in\u00e7 ekran, \u00e7evresel sens\u00f6rler, Android 9"},"content":{"rendered":"","protected":false},"excerpt":{"rendered":"<ul>\n<li style=\"font-weight: 400;\" aria-level=\"1\"><b>Sa\u011flam tablet:<\/b><span style=\"font-weight: 400;\"> RugDisplay ve IP68 sertifikas\u0131 <\/span> <\/li>\n<li style=\"font-weight: 400;\" aria-level=\"1\"><b>H\u0131zl\u0131 kurulum:<\/b><span style=\"font-weight: 400;\"> NFC \u00f6zellikli<\/span><\/li>\n<li style=\"font-weight: 400;\" aria-level=\"1\"><b>Veriler i\u00e7in bolca alan: <\/b><span style=\"font-weight: 400;\">64 GB bellek, microSD kart ile 128 GB&#8217;a kadar geni\u015fletilebilir<\/span><\/li>\n<li style=\"font-weight: 400;\" aria-level=\"1\"><b>Sahadan foto\u011fraflar ve videolar:<\/b><span style=\"font-weight: 400;\"> Keskin g\u00f6rev \u00e7ekimleri i\u00e7in 13 MP ve 5 MP&#8217;lik iki kamera<\/span><\/li>\n<li style=\"font-weight: 400;\" aria-level=\"1\"><b>Tableti bir \u00f6l\u00e7\u00fcm cihaz\u0131 olarak kullan\u0131n: <\/b><span style=\"font-weight: 400;\">S\u0131cakl\u0131k, mesafe, h\u0131z ve m\u0131knat\u0131slar\u0131 \u00f6l\u00e7mek i\u00e7in entegre sens\u00f6rler<\/span><\/li>\n<li style=\"font-weight: 400;\" aria-level=\"1\"><b>Bir bak\u0131\u015fta t\u00fcm \u00f6nemli bilgiler:<\/b><span style=\"font-weight: 400;\"> B\u00fcy\u00fck 8 in\u00e7 (yakla\u015f\u0131k 20 cm) ekran<\/span><\/li>\n<li style=\"font-weight: 400;\" aria-level=\"1\"><b>Uzun pil \u00f6mr\u00fc: <\/b><span style=\"font-weight: 400;\">8400 mAh pil<\/span><\/li>\n<li style=\"font-weight: 400;\" aria-level=\"1\"><b>Yaln\u0131z \u00e7al\u0131\u015fan korumas\u0131:<\/b> acil \u00e7a\u011fr\u0131 d\u00fc\u011fmesi ve GPS (\u00fc\u00e7\u00fcnc\u00fc taraf uygulamas\u0131 ile birlikte)<\/li>\n<\/ul>\n","protected":false},"featured_media":39245,"comment_status":"open","ping_status":"closed","template":"","meta":{"_acf_changed":false},"product_brand":[],"product_cat":[2360,2318],"product_tag":[],"class_list":{"0":"post-39243","1":"product","2":"type-product","3":"status-publish","4":"has-post-thumbnail","6":"product_cat-dayanikli-tablet","7":"product_cat-shop-tr","8":"pa_hersteller-i-safe-mobil","10":"first","11":"instock","12":"taxable","13":"shipping-taxable","14":"purchasable","15":"product-type-simple"},"acf":[],"yoast_head":"<!-- This site is optimized with the Yoast SEO Premium plugin v20.10 (Yoast SEO v24.3) - https:\/\/yoast.com\/wordpress\/plugins\/seo\/ -->\n<title>i.Safe Mobile IS930.RG&#039;yi buradan sat\u0131n al\u0131n ALEGER \u22c6 Augmented Reality<\/title>\n<meta name=\"description\" content=\"Burada IS930.RG, \u015fantiyelerde veya end\u00fcstride kullan\u0131m i\u00e7in dayan\u0131kl\u0131 bir tablettir. Sa\u011flam bir tablet!\" \/>\n<meta name=\"robots\" content=\"index, follow, max-snippet:-1, max-image-preview:large, max-video-preview:-1\" \/>\n<meta property=\"og:locale\" content=\"tr_TR\" \/>\n<meta property=\"og:type\" content=\"article\" \/>\n<meta property=\"og:title\" content=\"i.safe MOBILE IS930.RG dayan\u0131kl\u0131 tablet, 8 in\u00e7 ekran, \u00e7evresel sens\u00f6rler, Android 9\" \/>\n<meta property=\"og:description\" content=\"Burada IS930.RG, \u015fantiyelerde veya end\u00fcstride kullan\u0131m i\u00e7in dayan\u0131kl\u0131 bir tablettir. Sa\u011flam bir tablet!\" \/>\n<meta property=\"og:url\" content=\"https:\/\/alegerglobal.com\/tr\/shop-tr\/dayanikli-tablet\/i-safe-mobile-is930-rg\/\" \/>\n<meta property=\"og:site_name\" content=\"ALEGER \u22c6 Augmented Reality\" \/>\n<meta property=\"og:image\" content=\"https:\/\/alegerglobal.com\/wp-content\/uploads\/2021\/02\/Unbenannt.jpg\" \/>\n\t<meta property=\"og:image:width\" content=\"800\" \/>\n\t<meta property=\"og:image:height\" content=\"800\" \/>\n\t<meta property=\"og:image:type\" content=\"image\/jpeg\" \/>\n<meta name=\"twitter:card\" content=\"summary_large_image\" \/>\n<meta name=\"twitter:label1\" content=\"Fiyat\" \/>\n\t<meta name=\"twitter:data1\" content=\"&euro;1.749,99\" \/>\n\t<meta name=\"twitter:label2\" content=\"Durumu\" \/>\n\t<meta name=\"twitter:data2\" content=\"Stokta var\" \/>\n<script type=\"application\/ld+json\" class=\"yoast-schema-graph\">{\"@context\":\"https:\/\/schema.org\",\"@graph\":[{\"@type\":\"WebPage\",\"@id\":\"https:\/\/alegerglobal.com\/tr\/shop-tr\/dayanikli-tablet\/i-safe-mobile-is930-rg\/\",\"url\":\"https:\/\/alegerglobal.com\/tr\/shop-tr\/dayanikli-tablet\/i-safe-mobile-is930-rg\/\",\"name\":\"i.Safe Mobile IS930.RG'yi buradan sat\u0131n al\u0131n ALEGER \u22c6 Augmented Reality\",\"isPartOf\":{\"@id\":\"https:\/\/alegerglobal.com\/tr\/#website\"},\"primaryImageOfPage\":{\"@id\":\"https:\/\/alegerglobal.com\/tr\/shop-tr\/dayanikli-tablet\/i-safe-mobile-is930-rg\/#primaryimage\"},\"image\":{\"@id\":\"https:\/\/alegerglobal.com\/tr\/shop-tr\/dayanikli-tablet\/i-safe-mobile-is930-rg\/#primaryimage\"},\"thumbnailUrl\":\"https:\/\/alegerglobal.com\/wp-content\/uploads\/2021\/02\/Unbenannt.jpg\",\"datePublished\":\"2024-06-03T11:35:27+00:00\",\"dateModified\":\"2024-06-03T11:35:27+00:00\",\"description\":\"Burada IS930.RG, \u015fantiyelerde veya end\u00fcstride kullan\u0131m i\u00e7in dayan\u0131kl\u0131 bir tablettir. Sa\u011flam bir tablet!\",\"breadcrumb\":{\"@id\":\"https:\/\/alegerglobal.com\/tr\/shop-tr\/dayanikli-tablet\/i-safe-mobile-is930-rg\/#breadcrumb\"},\"inLanguage\":\"tr\",\"potentialAction\":[{\"@type\":\"ReadAction\",\"target\":[\"https:\/\/alegerglobal.com\/tr\/shop-tr\/dayanikli-tablet\/i-safe-mobile-is930-rg\/\"]}]},{\"@type\":\"ImageObject\",\"inLanguage\":\"tr\",\"@id\":\"https:\/\/alegerglobal.com\/tr\/shop-tr\/dayanikli-tablet\/i-safe-mobile-is930-rg\/#primaryimage\",\"url\":\"https:\/\/alegerglobal.com\/wp-content\/uploads\/2021\/02\/Unbenannt.jpg\",\"contentUrl\":\"https:\/\/alegerglobal.com\/wp-content\/uploads\/2021\/02\/Unbenannt.jpg\",\"width\":800,\"height\":800},{\"@type\":\"BreadcrumbList\",\"@id\":\"https:\/\/alegerglobal.com\/tr\/shop-tr\/dayanikli-tablet\/i-safe-mobile-is930-rg\/#breadcrumb\",\"itemListElement\":[{\"@type\":\"ListItem\",\"position\":1,\"name\":\"Home\",\"item\":\"https:\/\/alegerglobal.com\/tr\/yeni-anasayfa\/\"},{\"@type\":\"ListItem\",\"position\":2,\"name\":\"\u00dcr\u00fcnler\",\"item\":\"https:\/\/alegerglobal.com\/tr\/ueruenler\/\"},{\"@type\":\"ListItem\",\"position\":3,\"name\":\"i.safe MOBILE IS930.RG dayan\u0131kl\u0131 tablet, 8 in\u00e7 ekran, \u00e7evresel sens\u00f6rler, Android 9\"}]},{\"@type\":\"WebSite\",\"@id\":\"https:\/\/alegerglobal.com\/tr\/#website\",\"url\":\"https:\/\/alegerglobal.com\/tr\/\",\"name\":\"ALEGER \u22c6 Augmented Reality\",\"description\":\"Die besten Augmented Reality (AR) L\u00f6sungen der Welt.\",\"publisher\":{\"@id\":\"https:\/\/alegerglobal.com\/tr\/#organization\"},\"potentialAction\":[{\"@type\":\"SearchAction\",\"target\":{\"@type\":\"EntryPoint\",\"urlTemplate\":\"https:\/\/alegerglobal.com\/tr\/?s={search_term_string}\"},\"query-input\":{\"@type\":\"PropertyValueSpecification\",\"valueRequired\":true,\"valueName\":\"search_term_string\"}}],\"inLanguage\":\"tr\"},{\"@type\":\"Organization\",\"@id\":\"https:\/\/alegerglobal.com\/tr\/#organization\",\"name\":\"ALEGER \u22c6 Augmented Reality\",\"url\":\"https:\/\/alegerglobal.com\/tr\/\",\"logo\":{\"@type\":\"ImageObject\",\"inLanguage\":\"tr\",\"@id\":\"https:\/\/alegerglobal.com\/tr\/#\/schema\/logo\/image\/\",\"url\":\"https:\/\/alegerglobal.com\/wp-content\/uploads\/2020\/12\/aleger-logo-quadrat.jpg\",\"contentUrl\":\"https:\/\/alegerglobal.com\/wp-content\/uploads\/2020\/12\/aleger-logo-quadrat.jpg\",\"width\":200,\"height\":176,\"caption\":\"ALEGER \u22c6 Augmented Reality\"},\"image\":{\"@id\":\"https:\/\/alegerglobal.com\/tr\/#\/schema\/logo\/image\/\"}}]}<\/script>\n<meta property=\"product:brand\" content=\"i.safe MOB\u0130L\" \/>\n<meta property=\"product:price:amount\" content=\"1749.99\" \/>\n<meta property=\"product:price:currency\" content=\"EUR\" \/>\n<meta property=\"og:availability\" content=\"instock\" \/>\n<meta property=\"product:availability\" content=\"instock\" \/>\n<meta property=\"product:condition\" content=\"new\" \/>\n<!-- \/ Yoast SEO Premium plugin. -->","yoast_head_json":{"title":"i.Safe Mobile IS930.RG'yi buradan sat\u0131n al\u0131n ALEGER \u22c6 Augmented Reality","description":"Burada IS930.RG, \u015fantiyelerde veya end\u00fcstride kullan\u0131m i\u00e7in dayan\u0131kl\u0131 bir tablettir. Sa\u011flam bir tablet!","robots":{"index":"index","follow":"follow","max-snippet":"max-snippet:-1","max-image-preview":"max-image-preview:large","max-video-preview":"max-video-preview:-1"},"og_locale":"tr_TR","og_type":"article","og_title":"i.safe MOBILE IS930.RG dayan\u0131kl\u0131 tablet, 8 in\u00e7 ekran, \u00e7evresel sens\u00f6rler, Android 9","og_description":"Burada IS930.RG, \u015fantiyelerde veya end\u00fcstride kullan\u0131m i\u00e7in dayan\u0131kl\u0131 bir tablettir. Sa\u011flam bir tablet!","og_url":"https:\/\/alegerglobal.com\/tr\/shop-tr\/dayanikli-tablet\/i-safe-mobile-is930-rg\/","og_site_name":"ALEGER \u22c6 Augmented Reality","og_image":[{"width":800,"height":800,"url":"https:\/\/alegerglobal.com\/wp-content\/uploads\/2021\/02\/Unbenannt.jpg","type":"image\/jpeg"}],"twitter_card":"summary_large_image","twitter_misc":{"Fiyat":"&euro;1.749,99","Durumu":"Stokta var"},"schema":{"@context":"https:\/\/schema.org","@graph":[{"@type":"WebPage","@id":"https:\/\/alegerglobal.com\/tr\/shop-tr\/dayanikli-tablet\/i-safe-mobile-is930-rg\/","url":"https:\/\/alegerglobal.com\/tr\/shop-tr\/dayanikli-tablet\/i-safe-mobile-is930-rg\/","name":"i.Safe Mobile IS930.RG'yi buradan sat\u0131n al\u0131n ALEGER \u22c6 Augmented Reality","isPartOf":{"@id":"https:\/\/alegerglobal.com\/tr\/#website"},"primaryImageOfPage":{"@id":"https:\/\/alegerglobal.com\/tr\/shop-tr\/dayanikli-tablet\/i-safe-mobile-is930-rg\/#primaryimage"},"image":{"@id":"https:\/\/alegerglobal.com\/tr\/shop-tr\/dayanikli-tablet\/i-safe-mobile-is930-rg\/#primaryimage"},"thumbnailUrl":"https:\/\/alegerglobal.com\/wp-content\/uploads\/2021\/02\/Unbenannt.jpg","datePublished":"2024-06-03T11:35:27+00:00","dateModified":"2024-06-03T11:35:27+00:00","description":"Burada IS930.RG, \u015fantiyelerde veya end\u00fcstride kullan\u0131m i\u00e7in dayan\u0131kl\u0131 bir tablettir. Sa\u011flam bir tablet!","breadcrumb":{"@id":"https:\/\/alegerglobal.com\/tr\/shop-tr\/dayanikli-tablet\/i-safe-mobile-is930-rg\/#breadcrumb"},"inLanguage":"tr","potentialAction":[{"@type":"ReadAction","target":["https:\/\/alegerglobal.com\/tr\/shop-tr\/dayanikli-tablet\/i-safe-mobile-is930-rg\/"]}]},{"@type":"ImageObject","inLanguage":"tr","@id":"https:\/\/alegerglobal.com\/tr\/shop-tr\/dayanikli-tablet\/i-safe-mobile-is930-rg\/#primaryimage","url":"https:\/\/alegerglobal.com\/wp-content\/uploads\/2021\/02\/Unbenannt.jpg","contentUrl":"https:\/\/alegerglobal.com\/wp-content\/uploads\/2021\/02\/Unbenannt.jpg","width":800,"height":800},{"@type":"BreadcrumbList","@id":"https:\/\/alegerglobal.com\/tr\/shop-tr\/dayanikli-tablet\/i-safe-mobile-is930-rg\/#breadcrumb","itemListElement":[{"@type":"ListItem","position":1,"name":"Home","item":"https:\/\/alegerglobal.com\/tr\/yeni-anasayfa\/"},{"@type":"ListItem","position":2,"name":"\u00dcr\u00fcnler","item":"https:\/\/alegerglobal.com\/tr\/ueruenler\/"},{"@type":"ListItem","position":3,"name":"i.safe MOBILE IS930.RG dayan\u0131kl\u0131 tablet, 8 in\u00e7 ekran, \u00e7evresel sens\u00f6rler, Android 9"}]},{"@type":"WebSite","@id":"https:\/\/alegerglobal.com\/tr\/#website","url":"https:\/\/alegerglobal.com\/tr\/","name":"ALEGER \u22c6 Augmented Reality","description":"Die besten Augmented Reality (AR) L\u00f6sungen der Welt.","publisher":{"@id":"https:\/\/alegerglobal.com\/tr\/#organization"},"potentialAction":[{"@type":"SearchAction","target":{"@type":"EntryPoint","urlTemplate":"https:\/\/alegerglobal.com\/tr\/?s={search_term_string}"},"query-input":{"@type":"PropertyValueSpecification","valueRequired":true,"valueName":"search_term_string"}}],"inLanguage":"tr"},{"@type":"Organization","@id":"https:\/\/alegerglobal.com\/tr\/#organization","name":"ALEGER \u22c6 Augmented Reality","url":"https:\/\/alegerglobal.com\/tr\/","logo":{"@type":"ImageObject","inLanguage":"tr","@id":"https:\/\/alegerglobal.com\/tr\/#\/schema\/logo\/image\/","url":"https:\/\/alegerglobal.com\/wp-content\/uploads\/2020\/12\/aleger-logo-quadrat.jpg","contentUrl":"https:\/\/alegerglobal.com\/wp-content\/uploads\/2020\/12\/aleger-logo-quadrat.jpg","width":200,"height":176,"caption":"ALEGER \u22c6 Augmented Reality"},"image":{"@id":"https:\/\/alegerglobal.com\/tr\/#\/schema\/logo\/image\/"}}]},"product_brand":"i.safe MOB\u0130L","product_price_amount":"1749.99","product_price_currency":"EUR","og_availability":"instock","product_availability":"instock","product_condition":"new"},"_links":{"self":[{"href":"https:\/\/alegerglobal.com\/tr\/wp-json\/wp\/v2\/product\/39243","targetHints":{"allow":["GET"]}}],"collection":[{"href":"https:\/\/alegerglobal.com\/tr\/wp-json\/wp\/v2\/product"}],"about":[{"href":"https:\/\/alegerglobal.com\/tr\/wp-json\/wp\/v2\/types\/product"}],"replies":[{"embeddable":true,"href":"https:\/\/alegerglobal.com\/tr\/wp-json\/wp\/v2\/comments?post=39243"}],"version-history":[{"count":0,"href":"https:\/\/alegerglobal.com\/tr\/wp-json\/wp\/v2\/product\/39243\/revisions"}],"wp:featuredmedia":[{"embeddable":true,"href":"https:\/\/alegerglobal.com\/tr\/wp-json\/wp\/v2\/media\/39245"}],"wp:attachment":[{"href":"https:\/\/alegerglobal.com\/tr\/wp-json\/wp\/v2\/media?parent=39243"}],"wp:term":[{"taxonomy":"product_brand","embeddable":true,"href":"https:\/\/alegerglobal.com\/tr\/wp-json\/wp\/v2\/product_brand?post=39243"},{"taxonomy":"product_cat","embeddable":true,"href":"https:\/\/alegerglobal.com\/tr\/wp-json\/wp\/v2\/product_cat?post=39243"},{"taxonomy":"product_tag","embeddable":true,"href":"https:\/\/alegerglobal.com\/tr\/wp-json\/wp\/v2\/product_tag?post=39243"}],"curies":[{"name":"wp","href":"https:\/\/api.w.org\/{rel}","templated":true}]}}