{"id":39240,"date":"2021-03-07T09:08:07","date_gmt":"2024-06-03T11:35:23","guid":{"rendered":"https:\/\/alegerglobal.com\/kategorilenmemis\/ecom-smart-ex-02-dz2-atex-boelge-2-icin-patlamaya-dayanikli-akilli-telefon-5-dokunmatik-ekran-android\/"},"modified":"2024-06-03T12:35:23","modified_gmt":"2024-06-03T11:35:23","slug":"ecom-smart-ex-02-dz2","status":"publish","type":"product","link":"https:\/\/alegerglobal.com\/tr\/shop-tr\/enduestri-akilli-telefonu\/ecom-smart-ex-02-dz2\/","title":{"rendered":"ecom Smart-Ex 02 DZ2, ATEX B\u00f6lge 2 i\u00e7in patlamaya dayan\u0131kl\u0131 ak\u0131ll\u0131 telefon, 5&#8243; dokunmatik ekran, Android"},"content":{"rendered":"","protected":false},"excerpt":{"rendered":"<ul>\n<li style=\"font-weight: 400;\"><b>Onay i\u00e7in<\/b><b> Eski B\u00f6lge<\/b><b> 2\/22 ve S\u0131n\u0131f 2\/B\u00f6l\u00fcm 2:<\/b><span style=\"font-weight: 400;\"> D\u00fcnya \u00e7ap\u0131nda uygulama olanaklar\u0131<\/span><span style=\"font-weight: 400;\"> ATEX<\/span><span style=\"font-weight: 400;\"> potansiyel olarak patlay\u0131c\u0131 ortamlar i\u00e7in direktifler. <\/span> <\/li>\n<li style=\"font-weight: 400;\"><b>Y\u00fcksek \u00e7\u00f6z\u00fcn\u00fcrl\u00fckl\u00fc dokunmatik ekran: <\/b><span style=\"font-weight: 400;\">Gorilla\u00ae Glass korumal\u0131 5&#8243; ekran eldivenle veya \u0131slak ko\u015fullarda kullan\u0131labilir ve do\u011frudan g\u00fcne\u015f \u0131\u015f\u0131\u011f\u0131 alt\u0131nda bile kolayca okunabilir.<\/span><\/li>\n<li><b>En g\u00fc\u00e7l\u00fc de\u011fi\u015ftirilebilir pil:<\/b> <span style=\"font-weight: 400;\">Uzun \u00e7al\u0131\u015fma g\u00fcnleriyle sorunsuz bir \u015fekilde ba\u015fa \u00e7\u0131kmak i\u00e7in, <\/span><span style=\"font-weight: 400;\">kullan\u0131r <\/span><span style=\"font-weight: 400;\">kendinden g\u00fcvenli ak\u0131ll\u0131 telefon <\/span><span style=\"font-weight: 400;\">ile bir pil kullan\u0131r <\/span><span style=\"font-weight: 400;\">4400 mAh batarya.<\/span><\/li>\n<li><b>Kullan\u0131m\u0131 kolay<\/b><span style=\"font-weight: 400;\">: <\/span><span style=\"font-weight: 400;\">H\u0131zl\u0131 eri\u015fimler bireysel optimizasyona olanak sa\u011flar<\/span><span style=\"font-weight: 400;\"> ve <\/span><span style=\"font-weight: 400;\">bas-konu\u015f i\u015flevi <\/span><span style=\"font-weight: 400;\">karma\u015f\u0131k olmayan <\/span> <span style=\"font-weight: 400;\">\u0130leti\u015fim garantilidir. D<\/span><span style=\"font-weight: 400;\">D\u00fc\u011fmelerin konumu ve boyutu eldivenlerle kullan\u0131m i\u00e7in uyarlanm\u0131\u015ft\u0131r.<\/span><\/li>\n<li><b>20\u00b0C ile +60\u00b0C aras\u0131ndaki s\u0131cakl\u0131klar i\u00e7in: <\/b><span style=\"font-weight: 400;\">Ak\u0131ll\u0131 telefon ile<\/span><span style=\"font-weight: 400;\"> IP68 sertifikas\u0131<\/span><span style=\"font-weight: 400;\"> geni\u015fletilmi\u015f s\u0131cakl\u0131k aral\u0131\u011f\u0131nda da tamamen i\u015flevseldir.<\/span><\/li>\n<li style=\"font-weight: 400;\"><b>G\u00fcnl\u00fck a\u015f\u0131nma ve y\u0131pranmaya kar\u015f\u0131 dayan\u0131kl\u0131d\u0131r:  <\/b><span style=\"font-weight: 400;\">Sa\u011flam ak\u0131ll\u0131 telefon zorlu ortamlarda kullan\u0131m i\u00e7in idealdir. Neme, kimyasallara, titre\u015fimlere, toza ve g\u00fcne\u015f \u0131\u015f\u0131\u011f\u0131na kar\u015f\u0131 koruma, cihaz\u0131 g\u00fcvenilir bir yol arkada\u015f\u0131 haline getirir.  <\/span><\/li>\n<\/ul>\n","protected":false},"featured_media":39242,"comment_status":"open","ping_status":"closed","template":"","meta":{"_acf_changed":false},"product_brand":[],"product_cat":[2319,2337,2318],"product_tag":[],"class_list":{"0":"post-39240","1":"product","2":"type-product","3":"status-publish","4":"has-post-thumbnail","6":"product_cat-atex-tr","7":"product_cat-enduestri-akilli-telefonu","8":"product_cat-shop-tr","9":"pa_hersteller-ecom-tr","11":"first","12":"instock","13":"taxable","14":"shipping-taxable","15":"purchasable","16":"product-type-simple"},"acf":[],"yoast_head":"<!-- This site is optimized with the Yoast SEO Premium plugin v20.10 (Yoast SEO v24.3) - https:\/\/yoast.com\/wordpress\/plugins\/seo\/ -->\n<title>Smart-Ex 02 DZ2&#039;yi ecom - ALEGER \u22c6 Augmented Reality&#039;den sat\u0131n al\u0131n<\/title>\n<meta name=\"description\" content=\"ATEX direktifine uygun olarak tasarlanan ecom Smart-Ex 02 DZ2, end\u00fcstriyel kullan\u0131m i\u00e7in ideal arkada\u015f\u0131n\u0131zd\u0131r. \ud83d\udd27\ud83d\udd29\" \/>\n<meta name=\"robots\" content=\"index, follow, max-snippet:-1, max-image-preview:large, max-video-preview:-1\" \/>\n<meta property=\"og:locale\" content=\"tr_TR\" \/>\n<meta property=\"og:type\" content=\"article\" \/>\n<meta property=\"og:title\" content=\"ecom Smart-Ex 02 DZ2, ATEX B\u00f6lge 2 i\u00e7in patlamaya dayan\u0131kl\u0131 ak\u0131ll\u0131 telefon, 5&quot; dokunmatik ekran, Android\" \/>\n<meta property=\"og:description\" content=\"ATEX direktifine uygun olarak tasarlanan ecom Smart-Ex 02 DZ2, end\u00fcstriyel kullan\u0131m i\u00e7in ideal arkada\u015f\u0131n\u0131zd\u0131r. \ud83d\udd27\ud83d\udd29\" \/>\n<meta property=\"og:url\" content=\"https:\/\/alegerglobal.com\/tr\/shop-tr\/enduestri-akilli-telefonu\/ecom-smart-ex-02-dz2\/\" \/>\n<meta property=\"og:site_name\" content=\"ALEGER \u22c6 Augmented Reality\" \/>\n<meta property=\"og:image\" content=\"https:\/\/alegerglobal.com\/wp-content\/uploads\/2021\/01\/csm_smart-ex_02_dz2-tech_b2d8a71094.png\" \/>\n\t<meta property=\"og:image:width\" content=\"555\" \/>\n\t<meta property=\"og:image:height\" content=\"555\" \/>\n\t<meta property=\"og:image:type\" content=\"image\/png\" \/>\n<meta name=\"twitter:card\" content=\"summary_large_image\" \/>\n<meta name=\"twitter:label1\" content=\"Fiyat\" \/>\n\t<meta name=\"twitter:data1\" content=\"&euro;1.993,00\" \/>\n\t<meta name=\"twitter:label2\" content=\"Durumu\" \/>\n\t<meta name=\"twitter:data2\" content=\"Stokta var\" \/>\n<script type=\"application\/ld+json\" class=\"yoast-schema-graph\">{\"@context\":\"https:\/\/schema.org\",\"@graph\":[{\"@type\":\"WebPage\",\"@id\":\"https:\/\/alegerglobal.com\/tr\/shop-tr\/enduestri-akilli-telefonu\/ecom-smart-ex-02-dz2\/\",\"url\":\"https:\/\/alegerglobal.com\/tr\/shop-tr\/enduestri-akilli-telefonu\/ecom-smart-ex-02-dz2\/\",\"name\":\"Smart-Ex 02 DZ2'yi ecom - ALEGER \u22c6 Augmented Reality'den sat\u0131n al\u0131n\",\"isPartOf\":{\"@id\":\"https:\/\/alegerglobal.com\/tr\/#website\"},\"primaryImageOfPage\":{\"@id\":\"https:\/\/alegerglobal.com\/tr\/shop-tr\/enduestri-akilli-telefonu\/ecom-smart-ex-02-dz2\/#primaryimage\"},\"image\":{\"@id\":\"https:\/\/alegerglobal.com\/tr\/shop-tr\/enduestri-akilli-telefonu\/ecom-smart-ex-02-dz2\/#primaryimage\"},\"thumbnailUrl\":\"https:\/\/alegerglobal.com\/wp-content\/uploads\/2021\/01\/csm_smart-ex_02_dz2-tech_b2d8a71094.png\",\"datePublished\":\"2024-06-03T11:35:23+00:00\",\"dateModified\":\"2024-06-03T11:35:23+00:00\",\"description\":\"ATEX direktifine uygun olarak tasarlanan ecom Smart-Ex 02 DZ2, end\u00fcstriyel kullan\u0131m i\u00e7in ideal arkada\u015f\u0131n\u0131zd\u0131r. \ud83d\udd27\ud83d\udd29\",\"breadcrumb\":{\"@id\":\"https:\/\/alegerglobal.com\/tr\/shop-tr\/enduestri-akilli-telefonu\/ecom-smart-ex-02-dz2\/#breadcrumb\"},\"inLanguage\":\"tr\",\"potentialAction\":[{\"@type\":\"ReadAction\",\"target\":[\"https:\/\/alegerglobal.com\/tr\/shop-tr\/enduestri-akilli-telefonu\/ecom-smart-ex-02-dz2\/\"]}]},{\"@type\":\"ImageObject\",\"inLanguage\":\"tr\",\"@id\":\"https:\/\/alegerglobal.com\/tr\/shop-tr\/enduestri-akilli-telefonu\/ecom-smart-ex-02-dz2\/#primaryimage\",\"url\":\"https:\/\/alegerglobal.com\/wp-content\/uploads\/2021\/01\/csm_smart-ex_02_dz2-tech_b2d8a71094.png\",\"contentUrl\":\"https:\/\/alegerglobal.com\/wp-content\/uploads\/2021\/01\/csm_smart-ex_02_dz2-tech_b2d8a71094.png\",\"width\":555,\"height\":555},{\"@type\":\"BreadcrumbList\",\"@id\":\"https:\/\/alegerglobal.com\/tr\/shop-tr\/enduestri-akilli-telefonu\/ecom-smart-ex-02-dz2\/#breadcrumb\",\"itemListElement\":[{\"@type\":\"ListItem\",\"position\":1,\"name\":\"Home\",\"item\":\"https:\/\/alegerglobal.com\/tr\/yeni-anasayfa\/\"},{\"@type\":\"ListItem\",\"position\":2,\"name\":\"\u00dcr\u00fcnler\",\"item\":\"https:\/\/alegerglobal.com\/tr\/ueruenler\/\"},{\"@type\":\"ListItem\",\"position\":3,\"name\":\"ecom Smart-Ex 02 DZ2, ATEX B\u00f6lge 2 i\u00e7in patlamaya dayan\u0131kl\u0131 ak\u0131ll\u0131 telefon, 5&#8243; dokunmatik ekran, Android\"}]},{\"@type\":\"WebSite\",\"@id\":\"https:\/\/alegerglobal.com\/tr\/#website\",\"url\":\"https:\/\/alegerglobal.com\/tr\/\",\"name\":\"ALEGER \u22c6 Augmented Reality\",\"description\":\"Die besten Augmented Reality (AR) L\u00f6sungen der Welt.\",\"publisher\":{\"@id\":\"https:\/\/alegerglobal.com\/tr\/#organization\"},\"potentialAction\":[{\"@type\":\"SearchAction\",\"target\":{\"@type\":\"EntryPoint\",\"urlTemplate\":\"https:\/\/alegerglobal.com\/tr\/?s={search_term_string}\"},\"query-input\":{\"@type\":\"PropertyValueSpecification\",\"valueRequired\":true,\"valueName\":\"search_term_string\"}}],\"inLanguage\":\"tr\"},{\"@type\":\"Organization\",\"@id\":\"https:\/\/alegerglobal.com\/tr\/#organization\",\"name\":\"ALEGER \u22c6 Augmented Reality\",\"url\":\"https:\/\/alegerglobal.com\/tr\/\",\"logo\":{\"@type\":\"ImageObject\",\"inLanguage\":\"tr\",\"@id\":\"https:\/\/alegerglobal.com\/tr\/#\/schema\/logo\/image\/\",\"url\":\"https:\/\/alegerglobal.com\/wp-content\/uploads\/2020\/12\/aleger-logo-quadrat.jpg\",\"contentUrl\":\"https:\/\/alegerglobal.com\/wp-content\/uploads\/2020\/12\/aleger-logo-quadrat.jpg\",\"width\":200,\"height\":176,\"caption\":\"ALEGER \u22c6 Augmented Reality\"},\"image\":{\"@id\":\"https:\/\/alegerglobal.com\/tr\/#\/schema\/logo\/image\/\"}}]}<\/script>\n<meta property=\"product:brand\" content=\"Ecom\" \/>\n<meta property=\"product:price:amount\" content=\"1993.00\" \/>\n<meta property=\"product:price:currency\" content=\"EUR\" \/>\n<meta property=\"og:availability\" content=\"instock\" \/>\n<meta property=\"product:availability\" content=\"instock\" \/>\n<meta property=\"product:condition\" content=\"new\" \/>\n<!-- \/ Yoast SEO Premium plugin. -->","yoast_head_json":{"title":"Smart-Ex 02 DZ2'yi ecom - ALEGER \u22c6 Augmented Reality'den sat\u0131n al\u0131n","description":"ATEX direktifine uygun olarak tasarlanan ecom Smart-Ex 02 DZ2, end\u00fcstriyel kullan\u0131m i\u00e7in ideal arkada\u015f\u0131n\u0131zd\u0131r. \ud83d\udd27\ud83d\udd29","robots":{"index":"index","follow":"follow","max-snippet":"max-snippet:-1","max-image-preview":"max-image-preview:large","max-video-preview":"max-video-preview:-1"},"og_locale":"tr_TR","og_type":"article","og_title":"ecom Smart-Ex 02 DZ2, ATEX B\u00f6lge 2 i\u00e7in patlamaya dayan\u0131kl\u0131 ak\u0131ll\u0131 telefon, 5\" dokunmatik ekran, Android","og_description":"ATEX direktifine uygun olarak tasarlanan ecom Smart-Ex 02 DZ2, end\u00fcstriyel kullan\u0131m i\u00e7in ideal arkada\u015f\u0131n\u0131zd\u0131r. \ud83d\udd27\ud83d\udd29","og_url":"https:\/\/alegerglobal.com\/tr\/shop-tr\/enduestri-akilli-telefonu\/ecom-smart-ex-02-dz2\/","og_site_name":"ALEGER \u22c6 Augmented Reality","og_image":[{"width":555,"height":555,"url":"https:\/\/alegerglobal.com\/wp-content\/uploads\/2021\/01\/csm_smart-ex_02_dz2-tech_b2d8a71094.png","type":"image\/png"}],"twitter_card":"summary_large_image","twitter_misc":{"Fiyat":"&euro;1.993,00","Durumu":"Stokta var"},"schema":{"@context":"https:\/\/schema.org","@graph":[{"@type":"WebPage","@id":"https:\/\/alegerglobal.com\/tr\/shop-tr\/enduestri-akilli-telefonu\/ecom-smart-ex-02-dz2\/","url":"https:\/\/alegerglobal.com\/tr\/shop-tr\/enduestri-akilli-telefonu\/ecom-smart-ex-02-dz2\/","name":"Smart-Ex 02 DZ2'yi ecom - ALEGER \u22c6 Augmented Reality'den sat\u0131n al\u0131n","isPartOf":{"@id":"https:\/\/alegerglobal.com\/tr\/#website"},"primaryImageOfPage":{"@id":"https:\/\/alegerglobal.com\/tr\/shop-tr\/enduestri-akilli-telefonu\/ecom-smart-ex-02-dz2\/#primaryimage"},"image":{"@id":"https:\/\/alegerglobal.com\/tr\/shop-tr\/enduestri-akilli-telefonu\/ecom-smart-ex-02-dz2\/#primaryimage"},"thumbnailUrl":"https:\/\/alegerglobal.com\/wp-content\/uploads\/2021\/01\/csm_smart-ex_02_dz2-tech_b2d8a71094.png","datePublished":"2024-06-03T11:35:23+00:00","dateModified":"2024-06-03T11:35:23+00:00","description":"ATEX direktifine uygun olarak tasarlanan ecom Smart-Ex 02 DZ2, end\u00fcstriyel kullan\u0131m i\u00e7in ideal arkada\u015f\u0131n\u0131zd\u0131r. \ud83d\udd27\ud83d\udd29","breadcrumb":{"@id":"https:\/\/alegerglobal.com\/tr\/shop-tr\/enduestri-akilli-telefonu\/ecom-smart-ex-02-dz2\/#breadcrumb"},"inLanguage":"tr","potentialAction":[{"@type":"ReadAction","target":["https:\/\/alegerglobal.com\/tr\/shop-tr\/enduestri-akilli-telefonu\/ecom-smart-ex-02-dz2\/"]}]},{"@type":"ImageObject","inLanguage":"tr","@id":"https:\/\/alegerglobal.com\/tr\/shop-tr\/enduestri-akilli-telefonu\/ecom-smart-ex-02-dz2\/#primaryimage","url":"https:\/\/alegerglobal.com\/wp-content\/uploads\/2021\/01\/csm_smart-ex_02_dz2-tech_b2d8a71094.png","contentUrl":"https:\/\/alegerglobal.com\/wp-content\/uploads\/2021\/01\/csm_smart-ex_02_dz2-tech_b2d8a71094.png","width":555,"height":555},{"@type":"BreadcrumbList","@id":"https:\/\/alegerglobal.com\/tr\/shop-tr\/enduestri-akilli-telefonu\/ecom-smart-ex-02-dz2\/#breadcrumb","itemListElement":[{"@type":"ListItem","position":1,"name":"Home","item":"https:\/\/alegerglobal.com\/tr\/yeni-anasayfa\/"},{"@type":"ListItem","position":2,"name":"\u00dcr\u00fcnler","item":"https:\/\/alegerglobal.com\/tr\/ueruenler\/"},{"@type":"ListItem","position":3,"name":"ecom Smart-Ex 02 DZ2, ATEX B\u00f6lge 2 i\u00e7in patlamaya dayan\u0131kl\u0131 ak\u0131ll\u0131 telefon, 5&#8243; dokunmatik ekran, Android"}]},{"@type":"WebSite","@id":"https:\/\/alegerglobal.com\/tr\/#website","url":"https:\/\/alegerglobal.com\/tr\/","name":"ALEGER \u22c6 Augmented Reality","description":"Die besten Augmented Reality (AR) L\u00f6sungen der Welt.","publisher":{"@id":"https:\/\/alegerglobal.com\/tr\/#organization"},"potentialAction":[{"@type":"SearchAction","target":{"@type":"EntryPoint","urlTemplate":"https:\/\/alegerglobal.com\/tr\/?s={search_term_string}"},"query-input":{"@type":"PropertyValueSpecification","valueRequired":true,"valueName":"search_term_string"}}],"inLanguage":"tr"},{"@type":"Organization","@id":"https:\/\/alegerglobal.com\/tr\/#organization","name":"ALEGER \u22c6 Augmented Reality","url":"https:\/\/alegerglobal.com\/tr\/","logo":{"@type":"ImageObject","inLanguage":"tr","@id":"https:\/\/alegerglobal.com\/tr\/#\/schema\/logo\/image\/","url":"https:\/\/alegerglobal.com\/wp-content\/uploads\/2020\/12\/aleger-logo-quadrat.jpg","contentUrl":"https:\/\/alegerglobal.com\/wp-content\/uploads\/2020\/12\/aleger-logo-quadrat.jpg","width":200,"height":176,"caption":"ALEGER \u22c6 Augmented Reality"},"image":{"@id":"https:\/\/alegerglobal.com\/tr\/#\/schema\/logo\/image\/"}}]},"product_brand":"Ecom","product_price_amount":"1993.00","product_price_currency":"EUR","og_availability":"instock","product_availability":"instock","product_condition":"new"},"_links":{"self":[{"href":"https:\/\/alegerglobal.com\/tr\/wp-json\/wp\/v2\/product\/39240","targetHints":{"allow":["GET"]}}],"collection":[{"href":"https:\/\/alegerglobal.com\/tr\/wp-json\/wp\/v2\/product"}],"about":[{"href":"https:\/\/alegerglobal.com\/tr\/wp-json\/wp\/v2\/types\/product"}],"replies":[{"embeddable":true,"href":"https:\/\/alegerglobal.com\/tr\/wp-json\/wp\/v2\/comments?post=39240"}],"version-history":[{"count":0,"href":"https:\/\/alegerglobal.com\/tr\/wp-json\/wp\/v2\/product\/39240\/revisions"}],"wp:featuredmedia":[{"embeddable":true,"href":"https:\/\/alegerglobal.com\/tr\/wp-json\/wp\/v2\/media\/39242"}],"wp:attachment":[{"href":"https:\/\/alegerglobal.com\/tr\/wp-json\/wp\/v2\/media?parent=39240"}],"wp:term":[{"taxonomy":"product_brand","embeddable":true,"href":"https:\/\/alegerglobal.com\/tr\/wp-json\/wp\/v2\/product_brand?post=39240"},{"taxonomy":"product_cat","embeddable":true,"href":"https:\/\/alegerglobal.com\/tr\/wp-json\/wp\/v2\/product_cat?post=39240"},{"taxonomy":"product_tag","embeddable":true,"href":"https:\/\/alegerglobal.com\/tr\/wp-json\/wp\/v2\/product_tag?post=39240"}],"curies":[{"name":"wp","href":"https:\/\/api.w.org\/{rel}","templated":true}]}}