{"id":39237,"date":"2021-03-10T07:54:31","date_gmt":"2024-06-03T11:35:14","guid":{"rendered":"https:\/\/alegerglobal.com\/kategorilenmemis\/panasonic-toughbook-33-cikarilabilir-dayanikli-dizuestue-bilgisayar-mil-std-810g-ip65-12-inc-windows-10-pro\/"},"modified":"2024-06-03T12:35:14","modified_gmt":"2024-06-03T11:35:14","slug":"panasonic-toughbook-33-detachable","status":"publish","type":"product","link":"https:\/\/alegerglobal.com\/tr\/shop-tr\/dayanikli-dizuestue-bilgisayar\/panasonic-toughbook-33-detachable\/","title":{"rendered":"Panasonic Toughbook 33 &#8211; \u00e7\u0131kar\u0131labilir dayan\u0131kl\u0131 diz\u00fcst\u00fc bilgisayar, MIL-STD 810G, IP65, 12 in\u00e7, Windows 10 Pro"},"content":{"rendered":"","protected":false},"excerpt":{"rendered":"<ul>\n<li><b>MIL-STD-810G ve IP65 sertifikas\u0131na sahip sa\u011flam tablet<\/b><\/li>\n<li><b>Esnektir:<\/b><span style=\"font-weight: 400;\"> Elle veya kalemle tablet olarak veya \u00e7\u0131kar\u0131labilir klavyeli bir diz\u00fcst\u00fc bilgisayar olarak kullan\u0131n<\/span><\/li>\n<li><b>Y\u00fcksek yaz\u0131l\u0131m uyumlulu\u011fu: <\/b><span style=\"font-weight: 400;\">Windows 10 Pro i\u015fletim sistemi<\/span><\/li>\n<li><b>G\u00fcne\u015fte ve gece \u00e7al\u0131\u015f\u0131n:<\/b><span style=\"font-weight: 400;\"> 1200 cd\/m\u00b2 ve ayd\u0131nlatmal\u0131 klavye ile 12 in\u00e7 QHD parlamayan ekran<\/span><\/li>\n<li><b>\u015earj etmeden uzun kullan\u0131m: <\/b><span style=\"font-weight: 400;\">De\u011fi\u015ftirilebilir piller sayesinde 20 saat pil \u00f6mr\u00fc <\/span> <\/li>\n<li><b>Kolay ta\u015f\u0131nabilir<\/b>: Klavyeli diz\u00fcst\u00fc bilgisayar 2,76 kg a\u011f\u0131rl\u0131\u011f\u0131ndad\u0131r<\/li>\n<\/ul>\n","protected":false},"featured_media":39238,"comment_status":"open","ping_status":"closed","template":"","meta":{"_acf_changed":false},"product_brand":[],"product_cat":[2352,2318],"product_tag":[],"class_list":{"0":"post-39237","1":"product","2":"type-product","3":"status-publish","4":"has-post-thumbnail","6":"product_cat-dayanikli-dizuestue-bilgisayar","7":"product_cat-shop-tr","8":"pa_hersteller-panasonic-tr","10":"first","11":"instock","12":"taxable","13":"shipping-taxable","14":"purchasable","15":"product-type-simple"},"acf":[],"yoast_head":"<!-- This site is optimized with the Yoast SEO Premium plugin v20.10 (Yoast SEO v24.3) - https:\/\/yoast.com\/wordpress\/plugins\/seo\/ -->\n<title>Panasonic Toughbook 33&#039;\u00fc buradan sat\u0131n al\u0131n ALEGER \u22c6 Augmented Reality<\/title>\n<meta name=\"description\" content=\"Toughbook 33 dayan\u0131kl\u0131 diz\u00fcst\u00fc bilgisayar\u0131 burada ke\u015ffedin! Maksimum esneklik ve y\u00fcksek performans! G\u00fc\u00e7l\u00fc donan\u0131m ve yaz\u0131l\u0131m!\" \/>\n<meta name=\"robots\" content=\"index, follow, max-snippet:-1, max-image-preview:large, max-video-preview:-1\" \/>\n<meta property=\"og:locale\" content=\"tr_TR\" \/>\n<meta property=\"og:type\" content=\"article\" \/>\n<meta property=\"og:title\" content=\"Panasonic Toughbook 33 - \u00e7\u0131kar\u0131labilir dayan\u0131kl\u0131 diz\u00fcst\u00fc bilgisayar, MIL-STD 810G, IP65, 12 in\u00e7, Windows 10 Pro\" \/>\n<meta property=\"og:description\" content=\"Toughbook 33 dayan\u0131kl\u0131 diz\u00fcst\u00fc bilgisayar\u0131 burada ke\u015ffedin! Maksimum esneklik ve y\u00fcksek performans! G\u00fc\u00e7l\u00fc donan\u0131m ve yaz\u0131l\u0131m!\" \/>\n<meta property=\"og:url\" content=\"https:\/\/alegerglobal.com\/tr\/shop-tr\/dayanikli-dizuestue-bilgisayar\/panasonic-toughbook-33-detachable\/\" \/>\n<meta property=\"og:site_name\" content=\"ALEGER \u22c6 Augmented Reality\" \/>\n<meta property=\"og:image\" content=\"https:\/\/alegerglobal.com\/wp-content\/uploads\/2021\/03\/Unbenannt-36.jpg\" \/>\n\t<meta property=\"og:image:width\" content=\"800\" \/>\n\t<meta property=\"og:image:height\" content=\"800\" \/>\n\t<meta property=\"og:image:type\" content=\"image\/jpeg\" \/>\n<meta name=\"twitter:card\" content=\"summary_large_image\" \/>\n<meta name=\"twitter:label1\" content=\"Fiyat\" \/>\n\t<meta name=\"twitter:data1\" content=\"&euro;4.699,99\" \/>\n\t<meta name=\"twitter:label2\" content=\"Durumu\" \/>\n\t<meta name=\"twitter:data2\" content=\"Stokta var\" \/>\n<script type=\"application\/ld+json\" class=\"yoast-schema-graph\">{\"@context\":\"https:\/\/schema.org\",\"@graph\":[{\"@type\":\"WebPage\",\"@id\":\"https:\/\/alegerglobal.com\/tr\/shop-tr\/dayanikli-dizuestue-bilgisayar\/panasonic-toughbook-33-detachable\/\",\"url\":\"https:\/\/alegerglobal.com\/tr\/shop-tr\/dayanikli-dizuestue-bilgisayar\/panasonic-toughbook-33-detachable\/\",\"name\":\"Panasonic Toughbook 33'\u00fc buradan sat\u0131n al\u0131n ALEGER \u22c6 Augmented Reality\",\"isPartOf\":{\"@id\":\"https:\/\/alegerglobal.com\/tr\/#website\"},\"primaryImageOfPage\":{\"@id\":\"https:\/\/alegerglobal.com\/tr\/shop-tr\/dayanikli-dizuestue-bilgisayar\/panasonic-toughbook-33-detachable\/#primaryimage\"},\"image\":{\"@id\":\"https:\/\/alegerglobal.com\/tr\/shop-tr\/dayanikli-dizuestue-bilgisayar\/panasonic-toughbook-33-detachable\/#primaryimage\"},\"thumbnailUrl\":\"https:\/\/alegerglobal.com\/wp-content\/uploads\/2021\/03\/Unbenannt-36.jpg\",\"datePublished\":\"2024-06-03T11:35:14+00:00\",\"dateModified\":\"2024-06-03T11:35:14+00:00\",\"description\":\"Toughbook 33 dayan\u0131kl\u0131 diz\u00fcst\u00fc bilgisayar\u0131 burada ke\u015ffedin! Maksimum esneklik ve y\u00fcksek performans! G\u00fc\u00e7l\u00fc donan\u0131m ve yaz\u0131l\u0131m!\",\"breadcrumb\":{\"@id\":\"https:\/\/alegerglobal.com\/tr\/shop-tr\/dayanikli-dizuestue-bilgisayar\/panasonic-toughbook-33-detachable\/#breadcrumb\"},\"inLanguage\":\"tr\",\"potentialAction\":[{\"@type\":\"ReadAction\",\"target\":[\"https:\/\/alegerglobal.com\/tr\/shop-tr\/dayanikli-dizuestue-bilgisayar\/panasonic-toughbook-33-detachable\/\"]}]},{\"@type\":\"ImageObject\",\"inLanguage\":\"tr\",\"@id\":\"https:\/\/alegerglobal.com\/tr\/shop-tr\/dayanikli-dizuestue-bilgisayar\/panasonic-toughbook-33-detachable\/#primaryimage\",\"url\":\"https:\/\/alegerglobal.com\/wp-content\/uploads\/2021\/03\/Unbenannt-36.jpg\",\"contentUrl\":\"https:\/\/alegerglobal.com\/wp-content\/uploads\/2021\/03\/Unbenannt-36.jpg\",\"width\":800,\"height\":800},{\"@type\":\"BreadcrumbList\",\"@id\":\"https:\/\/alegerglobal.com\/tr\/shop-tr\/dayanikli-dizuestue-bilgisayar\/panasonic-toughbook-33-detachable\/#breadcrumb\",\"itemListElement\":[{\"@type\":\"ListItem\",\"position\":1,\"name\":\"Home\",\"item\":\"https:\/\/alegerglobal.com\/tr\/yeni-anasayfa\/\"},{\"@type\":\"ListItem\",\"position\":2,\"name\":\"\u00dcr\u00fcnler\",\"item\":\"https:\/\/alegerglobal.com\/tr\/ueruenler\/\"},{\"@type\":\"ListItem\",\"position\":3,\"name\":\"Panasonic Toughbook 33 &#8211; \u00e7\u0131kar\u0131labilir dayan\u0131kl\u0131 diz\u00fcst\u00fc bilgisayar, MIL-STD 810G, IP65, 12 in\u00e7, Windows 10 Pro\"}]},{\"@type\":\"WebSite\",\"@id\":\"https:\/\/alegerglobal.com\/tr\/#website\",\"url\":\"https:\/\/alegerglobal.com\/tr\/\",\"name\":\"ALEGER \u22c6 Augmented Reality\",\"description\":\"Die besten Augmented Reality (AR) L\u00f6sungen der Welt.\",\"publisher\":{\"@id\":\"https:\/\/alegerglobal.com\/tr\/#organization\"},\"potentialAction\":[{\"@type\":\"SearchAction\",\"target\":{\"@type\":\"EntryPoint\",\"urlTemplate\":\"https:\/\/alegerglobal.com\/tr\/?s={search_term_string}\"},\"query-input\":{\"@type\":\"PropertyValueSpecification\",\"valueRequired\":true,\"valueName\":\"search_term_string\"}}],\"inLanguage\":\"tr\"},{\"@type\":\"Organization\",\"@id\":\"https:\/\/alegerglobal.com\/tr\/#organization\",\"name\":\"ALEGER \u22c6 Augmented Reality\",\"url\":\"https:\/\/alegerglobal.com\/tr\/\",\"logo\":{\"@type\":\"ImageObject\",\"inLanguage\":\"tr\",\"@id\":\"https:\/\/alegerglobal.com\/tr\/#\/schema\/logo\/image\/\",\"url\":\"https:\/\/alegerglobal.com\/wp-content\/uploads\/2020\/12\/aleger-logo-quadrat.jpg\",\"contentUrl\":\"https:\/\/alegerglobal.com\/wp-content\/uploads\/2020\/12\/aleger-logo-quadrat.jpg\",\"width\":200,\"height\":176,\"caption\":\"ALEGER \u22c6 Augmented Reality\"},\"image\":{\"@id\":\"https:\/\/alegerglobal.com\/tr\/#\/schema\/logo\/image\/\"}}]}<\/script>\n<meta property=\"product:brand\" content=\"Panasonic\" \/>\n<meta property=\"product:price:amount\" content=\"4699.99\" \/>\n<meta property=\"product:price:currency\" content=\"EUR\" \/>\n<meta property=\"og:availability\" content=\"instock\" \/>\n<meta property=\"product:availability\" content=\"instock\" \/>\n<meta property=\"product:condition\" content=\"new\" \/>\n<!-- \/ Yoast SEO Premium plugin. -->","yoast_head_json":{"title":"Panasonic Toughbook 33'\u00fc buradan sat\u0131n al\u0131n ALEGER \u22c6 Augmented Reality","description":"Toughbook 33 dayan\u0131kl\u0131 diz\u00fcst\u00fc bilgisayar\u0131 burada ke\u015ffedin! Maksimum esneklik ve y\u00fcksek performans! G\u00fc\u00e7l\u00fc donan\u0131m ve yaz\u0131l\u0131m!","robots":{"index":"index","follow":"follow","max-snippet":"max-snippet:-1","max-image-preview":"max-image-preview:large","max-video-preview":"max-video-preview:-1"},"og_locale":"tr_TR","og_type":"article","og_title":"Panasonic Toughbook 33 - \u00e7\u0131kar\u0131labilir dayan\u0131kl\u0131 diz\u00fcst\u00fc bilgisayar, MIL-STD 810G, IP65, 12 in\u00e7, Windows 10 Pro","og_description":"Toughbook 33 dayan\u0131kl\u0131 diz\u00fcst\u00fc bilgisayar\u0131 burada ke\u015ffedin! Maksimum esneklik ve y\u00fcksek performans! G\u00fc\u00e7l\u00fc donan\u0131m ve yaz\u0131l\u0131m!","og_url":"https:\/\/alegerglobal.com\/tr\/shop-tr\/dayanikli-dizuestue-bilgisayar\/panasonic-toughbook-33-detachable\/","og_site_name":"ALEGER \u22c6 Augmented Reality","og_image":[{"width":800,"height":800,"url":"https:\/\/alegerglobal.com\/wp-content\/uploads\/2021\/03\/Unbenannt-36.jpg","type":"image\/jpeg"}],"twitter_card":"summary_large_image","twitter_misc":{"Fiyat":"&euro;4.699,99","Durumu":"Stokta var"},"schema":{"@context":"https:\/\/schema.org","@graph":[{"@type":"WebPage","@id":"https:\/\/alegerglobal.com\/tr\/shop-tr\/dayanikli-dizuestue-bilgisayar\/panasonic-toughbook-33-detachable\/","url":"https:\/\/alegerglobal.com\/tr\/shop-tr\/dayanikli-dizuestue-bilgisayar\/panasonic-toughbook-33-detachable\/","name":"Panasonic Toughbook 33'\u00fc buradan sat\u0131n al\u0131n ALEGER \u22c6 Augmented Reality","isPartOf":{"@id":"https:\/\/alegerglobal.com\/tr\/#website"},"primaryImageOfPage":{"@id":"https:\/\/alegerglobal.com\/tr\/shop-tr\/dayanikli-dizuestue-bilgisayar\/panasonic-toughbook-33-detachable\/#primaryimage"},"image":{"@id":"https:\/\/alegerglobal.com\/tr\/shop-tr\/dayanikli-dizuestue-bilgisayar\/panasonic-toughbook-33-detachable\/#primaryimage"},"thumbnailUrl":"https:\/\/alegerglobal.com\/wp-content\/uploads\/2021\/03\/Unbenannt-36.jpg","datePublished":"2024-06-03T11:35:14+00:00","dateModified":"2024-06-03T11:35:14+00:00","description":"Toughbook 33 dayan\u0131kl\u0131 diz\u00fcst\u00fc bilgisayar\u0131 burada ke\u015ffedin! Maksimum esneklik ve y\u00fcksek performans! G\u00fc\u00e7l\u00fc donan\u0131m ve yaz\u0131l\u0131m!","breadcrumb":{"@id":"https:\/\/alegerglobal.com\/tr\/shop-tr\/dayanikli-dizuestue-bilgisayar\/panasonic-toughbook-33-detachable\/#breadcrumb"},"inLanguage":"tr","potentialAction":[{"@type":"ReadAction","target":["https:\/\/alegerglobal.com\/tr\/shop-tr\/dayanikli-dizuestue-bilgisayar\/panasonic-toughbook-33-detachable\/"]}]},{"@type":"ImageObject","inLanguage":"tr","@id":"https:\/\/alegerglobal.com\/tr\/shop-tr\/dayanikli-dizuestue-bilgisayar\/panasonic-toughbook-33-detachable\/#primaryimage","url":"https:\/\/alegerglobal.com\/wp-content\/uploads\/2021\/03\/Unbenannt-36.jpg","contentUrl":"https:\/\/alegerglobal.com\/wp-content\/uploads\/2021\/03\/Unbenannt-36.jpg","width":800,"height":800},{"@type":"BreadcrumbList","@id":"https:\/\/alegerglobal.com\/tr\/shop-tr\/dayanikli-dizuestue-bilgisayar\/panasonic-toughbook-33-detachable\/#breadcrumb","itemListElement":[{"@type":"ListItem","position":1,"name":"Home","item":"https:\/\/alegerglobal.com\/tr\/yeni-anasayfa\/"},{"@type":"ListItem","position":2,"name":"\u00dcr\u00fcnler","item":"https:\/\/alegerglobal.com\/tr\/ueruenler\/"},{"@type":"ListItem","position":3,"name":"Panasonic Toughbook 33 &#8211; \u00e7\u0131kar\u0131labilir dayan\u0131kl\u0131 diz\u00fcst\u00fc bilgisayar, MIL-STD 810G, IP65, 12 in\u00e7, Windows 10 Pro"}]},{"@type":"WebSite","@id":"https:\/\/alegerglobal.com\/tr\/#website","url":"https:\/\/alegerglobal.com\/tr\/","name":"ALEGER \u22c6 Augmented Reality","description":"Die besten Augmented Reality (AR) L\u00f6sungen der Welt.","publisher":{"@id":"https:\/\/alegerglobal.com\/tr\/#organization"},"potentialAction":[{"@type":"SearchAction","target":{"@type":"EntryPoint","urlTemplate":"https:\/\/alegerglobal.com\/tr\/?s={search_term_string}"},"query-input":{"@type":"PropertyValueSpecification","valueRequired":true,"valueName":"search_term_string"}}],"inLanguage":"tr"},{"@type":"Organization","@id":"https:\/\/alegerglobal.com\/tr\/#organization","name":"ALEGER \u22c6 Augmented Reality","url":"https:\/\/alegerglobal.com\/tr\/","logo":{"@type":"ImageObject","inLanguage":"tr","@id":"https:\/\/alegerglobal.com\/tr\/#\/schema\/logo\/image\/","url":"https:\/\/alegerglobal.com\/wp-content\/uploads\/2020\/12\/aleger-logo-quadrat.jpg","contentUrl":"https:\/\/alegerglobal.com\/wp-content\/uploads\/2020\/12\/aleger-logo-quadrat.jpg","width":200,"height":176,"caption":"ALEGER \u22c6 Augmented Reality"},"image":{"@id":"https:\/\/alegerglobal.com\/tr\/#\/schema\/logo\/image\/"}}]},"product_brand":"Panasonic","product_price_amount":"4699.99","product_price_currency":"EUR","og_availability":"instock","product_availability":"instock","product_condition":"new"},"_links":{"self":[{"href":"https:\/\/alegerglobal.com\/tr\/wp-json\/wp\/v2\/product\/39237","targetHints":{"allow":["GET"]}}],"collection":[{"href":"https:\/\/alegerglobal.com\/tr\/wp-json\/wp\/v2\/product"}],"about":[{"href":"https:\/\/alegerglobal.com\/tr\/wp-json\/wp\/v2\/types\/product"}],"replies":[{"embeddable":true,"href":"https:\/\/alegerglobal.com\/tr\/wp-json\/wp\/v2\/comments?post=39237"}],"version-history":[{"count":0,"href":"https:\/\/alegerglobal.com\/tr\/wp-json\/wp\/v2\/product\/39237\/revisions"}],"wp:featuredmedia":[{"embeddable":true,"href":"https:\/\/alegerglobal.com\/tr\/wp-json\/wp\/v2\/media\/39238"}],"wp:attachment":[{"href":"https:\/\/alegerglobal.com\/tr\/wp-json\/wp\/v2\/media?parent=39237"}],"wp:term":[{"taxonomy":"product_brand","embeddable":true,"href":"https:\/\/alegerglobal.com\/tr\/wp-json\/wp\/v2\/product_brand?post=39237"},{"taxonomy":"product_cat","embeddable":true,"href":"https:\/\/alegerglobal.com\/tr\/wp-json\/wp\/v2\/product_cat?post=39237"},{"taxonomy":"product_tag","embeddable":true,"href":"https:\/\/alegerglobal.com\/tr\/wp-json\/wp\/v2\/product_tag?post=39237"}],"curies":[{"name":"wp","href":"https:\/\/api.w.org\/{rel}","templated":true}]}}