{"id":39235,"date":"2021-03-10T08:08:48","date_gmt":"2024-06-03T11:35:11","guid":{"rendered":"https:\/\/alegerglobal.com\/kategorilenmemis\/getac-ex80-patlamaya-dayanikli-tablet-atex-1-2-ip67-mil-std-810-g-8-inc-windows-10-pro\/"},"modified":"2024-06-03T12:35:11","modified_gmt":"2024-06-03T11:35:11","slug":"ex-tablet-getac-ex-80","status":"publish","type":"product","link":"https:\/\/alegerglobal.com\/tr\/shop-tr\/ex-tablet-getac-ex-80\/","title":{"rendered":"Getac EX80, patlamaya dayan\u0131kl\u0131 tablet ATEX 1 &amp; 2, IP67, MIL-STD 810 G, 8 in\u00e7, Windows 10 Pro"},"content":{"rendered":"","protected":false},"excerpt":{"rendered":"<ul>\n<li aria-level=\"1\"><b>ATEX B\u00f6lge 1 ve 2 i\u00e7in tamamen sa\u011flamla\u015ft\u0131r\u0131lm\u0131\u015f Getac tablet, MIL-STD 810G&#8217;ye g\u00f6re test edilmi\u015f, IP67 sertifikal\u0131 ve tuz p\u00fcsk\u00fcrtme korumal\u0131<\/b><\/li>\n<li aria-level=\"1\"><b>\u00c7o\u011fu yaz\u0131l\u0131mla kullan\u0131labilir:<\/b><span style=\"font-weight: 400;\"> \u0130\u015fletim sistemi olarak Windows 10 Pro size maksimum yaz\u0131l\u0131m uyumlulu\u011fu sunar<\/span><\/li>\n<li aria-level=\"1\"><b>T\u00fcm veriler her zaman bir bak\u0131\u015fta:<\/b><span style=\"font-weight: 400;\"> 600 nit parlakl\u0131\u011fa ve g\u00fcne\u015f \u0131\u015f\u0131\u011f\u0131nda bile y\u00fcksek okunabilirli\u011fe sahip 8 in\u00e7 ekran<\/span><\/li>\n<li aria-level=\"1\"><b>Esnek kontrol:<\/b><span style=\"font-weight: 400;\"> Dokunmatik ekran normal eldivenlerle ve serbest\u00e7e programlanabilir tu\u015flar da dahil olmak \u00fczere alt\u0131 tu\u015flu klavye ile kullan\u0131labilir<\/span><\/li>\n<li aria-level=\"1\"><b>T\u00fcm verileriniz i\u00e7in yeterli alan: <\/b><span style=\"font-weight: 400;\">128 GB veri depolama alan\u0131<\/span><\/li>\n<li aria-level=\"1\"><b>Video konferanslara kolayca kat\u0131l\u0131n ve operasyonu belgeleyin:<\/b><span style=\"font-weight: 400;\"> 2 MP \u00f6n kamera ve LED fla\u015fl\u0131 ve otomatik odaklamal\u0131 8 MP kamera<\/span><\/li>\n<li aria-level=\"1\"><b>\u015earj molas\u0131 vermeden uzun kullan\u0131m s\u00fcreleri:<\/b><span style=\"font-weight: 400;\"> 10 saat pil \u00f6mr\u00fcne sahip 4200 mAh pil<\/span><\/li>\n<\/ul>\n","protected":false},"featured_media":39236,"comment_status":"open","ping_status":"closed","template":"","meta":{"_acf_changed":false},"product_brand":[],"product_cat":[2318],"product_tag":[],"class_list":{"0":"post-39235","1":"product","2":"type-product","3":"status-publish","4":"has-post-thumbnail","6":"product_cat-shop-tr","7":"pa_hersteller-getac-tr","9":"first","10":"instock","11":"taxable","12":"shipping-taxable","13":"purchasable","14":"product-type-simple"},"acf":[],"yoast_head":"<!-- This site is optimized with the Yoast SEO Premium plugin v20.10 (Yoast SEO v24.3) - https:\/\/yoast.com\/wordpress\/plugins\/seo\/ -->\n<title>Getac EX80 - ALEGER \u22c6 Augmented Reality sat\u0131n al\u0131n<\/title>\n<meta name=\"description\" content=\"EX80 dayan\u0131kl\u0131 tableti burada ke\u015ffedin! Getac&#039;\u0131n B\u00f6lge 1 ve B\u00f6lge 2&#039;de kendinden g\u00fcvenli kullan\u0131m i\u00e7in \u00fcretti\u011fi tek tablettir!\" \/>\n<meta name=\"robots\" content=\"index, follow, max-snippet:-1, max-image-preview:large, max-video-preview:-1\" \/>\n<meta property=\"og:locale\" content=\"tr_TR\" \/>\n<meta property=\"og:type\" content=\"article\" \/>\n<meta property=\"og:title\" content=\"Getac EX80, patlamaya dayan\u0131kl\u0131 tablet ATEX 1 &amp; 2, IP67, MIL-STD 810 G, 8 in\u00e7, Windows 10 Pro\" \/>\n<meta property=\"og:description\" content=\"EX80 dayan\u0131kl\u0131 tableti burada ke\u015ffedin! Getac&#039;\u0131n B\u00f6lge 1 ve B\u00f6lge 2&#039;de kendinden g\u00fcvenli kullan\u0131m i\u00e7in \u00fcretti\u011fi tek tablettir!\" \/>\n<meta property=\"og:url\" content=\"https:\/\/alegerglobal.com\/tr\/shop-tr\/ex-tablet-getac-ex-80\/\" \/>\n<meta property=\"og:site_name\" content=\"ALEGER \u22c6 Augmented Reality\" \/>\n<meta property=\"og:image\" content=\"https:\/\/alegerglobal.com\/wp-content\/uploads\/2021\/02\/ex80-hero_1.png\" \/>\n\t<meta property=\"og:image:width\" content=\"1280\" \/>\n\t<meta property=\"og:image:height\" content=\"1280\" \/>\n\t<meta property=\"og:image:type\" content=\"image\/png\" \/>\n<meta name=\"twitter:card\" content=\"summary_large_image\" \/>\n<meta name=\"twitter:label1\" content=\"Fiyat\" \/>\n\t<meta name=\"twitter:data1\" content=\"&euro;3.499,99\" \/>\n\t<meta name=\"twitter:label2\" content=\"Durumu\" \/>\n\t<meta name=\"twitter:data2\" content=\"Stokta var\" \/>\n<script type=\"application\/ld+json\" class=\"yoast-schema-graph\">{\"@context\":\"https:\/\/schema.org\",\"@graph\":[{\"@type\":\"WebPage\",\"@id\":\"https:\/\/alegerglobal.com\/tr\/shop-tr\/ex-tablet-getac-ex-80\/\",\"url\":\"https:\/\/alegerglobal.com\/tr\/shop-tr\/ex-tablet-getac-ex-80\/\",\"name\":\"Getac EX80 - ALEGER \u22c6 Augmented Reality sat\u0131n al\u0131n\",\"isPartOf\":{\"@id\":\"https:\/\/alegerglobal.com\/tr\/#website\"},\"primaryImageOfPage\":{\"@id\":\"https:\/\/alegerglobal.com\/tr\/shop-tr\/ex-tablet-getac-ex-80\/#primaryimage\"},\"image\":{\"@id\":\"https:\/\/alegerglobal.com\/tr\/shop-tr\/ex-tablet-getac-ex-80\/#primaryimage\"},\"thumbnailUrl\":\"https:\/\/alegerglobal.com\/wp-content\/uploads\/2021\/02\/ex80-hero_1.png\",\"datePublished\":\"2024-06-03T11:35:11+00:00\",\"dateModified\":\"2024-06-03T11:35:11+00:00\",\"description\":\"EX80 dayan\u0131kl\u0131 tableti burada ke\u015ffedin! Getac'\u0131n B\u00f6lge 1 ve B\u00f6lge 2'de kendinden g\u00fcvenli kullan\u0131m i\u00e7in \u00fcretti\u011fi tek tablettir!\",\"breadcrumb\":{\"@id\":\"https:\/\/alegerglobal.com\/tr\/shop-tr\/ex-tablet-getac-ex-80\/#breadcrumb\"},\"inLanguage\":\"tr\",\"potentialAction\":[{\"@type\":\"ReadAction\",\"target\":[\"https:\/\/alegerglobal.com\/tr\/shop-tr\/ex-tablet-getac-ex-80\/\"]}]},{\"@type\":\"ImageObject\",\"inLanguage\":\"tr\",\"@id\":\"https:\/\/alegerglobal.com\/tr\/shop-tr\/ex-tablet-getac-ex-80\/#primaryimage\",\"url\":\"https:\/\/alegerglobal.com\/wp-content\/uploads\/2021\/02\/ex80-hero_1.png\",\"contentUrl\":\"https:\/\/alegerglobal.com\/wp-content\/uploads\/2021\/02\/ex80-hero_1.png\",\"width\":1280,\"height\":1280},{\"@type\":\"BreadcrumbList\",\"@id\":\"https:\/\/alegerglobal.com\/tr\/shop-tr\/ex-tablet-getac-ex-80\/#breadcrumb\",\"itemListElement\":[{\"@type\":\"ListItem\",\"position\":1,\"name\":\"Home\",\"item\":\"https:\/\/alegerglobal.com\/tr\/yeni-anasayfa\/\"},{\"@type\":\"ListItem\",\"position\":2,\"name\":\"\u00dcr\u00fcnler\",\"item\":\"https:\/\/alegerglobal.com\/tr\/ueruenler\/\"},{\"@type\":\"ListItem\",\"position\":3,\"name\":\"Getac EX80, patlamaya dayan\u0131kl\u0131 tablet ATEX 1 &amp; 2, IP67, MIL-STD 810 G, 8 in\u00e7, Windows 10 Pro\"}]},{\"@type\":\"WebSite\",\"@id\":\"https:\/\/alegerglobal.com\/tr\/#website\",\"url\":\"https:\/\/alegerglobal.com\/tr\/\",\"name\":\"ALEGER \u22c6 Augmented Reality\",\"description\":\"Die besten Augmented Reality (AR) L\u00f6sungen der Welt.\",\"publisher\":{\"@id\":\"https:\/\/alegerglobal.com\/tr\/#organization\"},\"potentialAction\":[{\"@type\":\"SearchAction\",\"target\":{\"@type\":\"EntryPoint\",\"urlTemplate\":\"https:\/\/alegerglobal.com\/tr\/?s={search_term_string}\"},\"query-input\":{\"@type\":\"PropertyValueSpecification\",\"valueRequired\":true,\"valueName\":\"search_term_string\"}}],\"inLanguage\":\"tr\"},{\"@type\":\"Organization\",\"@id\":\"https:\/\/alegerglobal.com\/tr\/#organization\",\"name\":\"ALEGER \u22c6 Augmented Reality\",\"url\":\"https:\/\/alegerglobal.com\/tr\/\",\"logo\":{\"@type\":\"ImageObject\",\"inLanguage\":\"tr\",\"@id\":\"https:\/\/alegerglobal.com\/tr\/#\/schema\/logo\/image\/\",\"url\":\"https:\/\/alegerglobal.com\/wp-content\/uploads\/2020\/12\/aleger-logo-quadrat.jpg\",\"contentUrl\":\"https:\/\/alegerglobal.com\/wp-content\/uploads\/2020\/12\/aleger-logo-quadrat.jpg\",\"width\":200,\"height\":176,\"caption\":\"ALEGER \u22c6 Augmented Reality\"},\"image\":{\"@id\":\"https:\/\/alegerglobal.com\/tr\/#\/schema\/logo\/image\/\"}}]}<\/script>\n<meta property=\"product:brand\" content=\"Getac\" \/>\n<meta property=\"product:price:amount\" content=\"3499.99\" \/>\n<meta property=\"product:price:currency\" content=\"EUR\" \/>\n<meta property=\"og:availability\" content=\"instock\" \/>\n<meta property=\"product:availability\" content=\"instock\" \/>\n<meta property=\"product:condition\" content=\"new\" \/>\n<!-- \/ Yoast SEO Premium plugin. -->","yoast_head_json":{"title":"Getac EX80 - ALEGER \u22c6 Augmented Reality sat\u0131n al\u0131n","description":"EX80 dayan\u0131kl\u0131 tableti burada ke\u015ffedin! Getac'\u0131n B\u00f6lge 1 ve B\u00f6lge 2'de kendinden g\u00fcvenli kullan\u0131m i\u00e7in \u00fcretti\u011fi tek tablettir!","robots":{"index":"index","follow":"follow","max-snippet":"max-snippet:-1","max-image-preview":"max-image-preview:large","max-video-preview":"max-video-preview:-1"},"og_locale":"tr_TR","og_type":"article","og_title":"Getac EX80, patlamaya dayan\u0131kl\u0131 tablet ATEX 1 &amp; 2, IP67, MIL-STD 810 G, 8 in\u00e7, Windows 10 Pro","og_description":"EX80 dayan\u0131kl\u0131 tableti burada ke\u015ffedin! Getac'\u0131n B\u00f6lge 1 ve B\u00f6lge 2'de kendinden g\u00fcvenli kullan\u0131m i\u00e7in \u00fcretti\u011fi tek tablettir!","og_url":"https:\/\/alegerglobal.com\/tr\/shop-tr\/ex-tablet-getac-ex-80\/","og_site_name":"ALEGER \u22c6 Augmented Reality","og_image":[{"width":1280,"height":1280,"url":"https:\/\/alegerglobal.com\/wp-content\/uploads\/2021\/02\/ex80-hero_1.png","type":"image\/png"}],"twitter_card":"summary_large_image","twitter_misc":{"Fiyat":"&euro;3.499,99","Durumu":"Stokta var"},"schema":{"@context":"https:\/\/schema.org","@graph":[{"@type":"WebPage","@id":"https:\/\/alegerglobal.com\/tr\/shop-tr\/ex-tablet-getac-ex-80\/","url":"https:\/\/alegerglobal.com\/tr\/shop-tr\/ex-tablet-getac-ex-80\/","name":"Getac EX80 - ALEGER \u22c6 Augmented Reality sat\u0131n al\u0131n","isPartOf":{"@id":"https:\/\/alegerglobal.com\/tr\/#website"},"primaryImageOfPage":{"@id":"https:\/\/alegerglobal.com\/tr\/shop-tr\/ex-tablet-getac-ex-80\/#primaryimage"},"image":{"@id":"https:\/\/alegerglobal.com\/tr\/shop-tr\/ex-tablet-getac-ex-80\/#primaryimage"},"thumbnailUrl":"https:\/\/alegerglobal.com\/wp-content\/uploads\/2021\/02\/ex80-hero_1.png","datePublished":"2024-06-03T11:35:11+00:00","dateModified":"2024-06-03T11:35:11+00:00","description":"EX80 dayan\u0131kl\u0131 tableti burada ke\u015ffedin! Getac'\u0131n B\u00f6lge 1 ve B\u00f6lge 2'de kendinden g\u00fcvenli kullan\u0131m i\u00e7in \u00fcretti\u011fi tek tablettir!","breadcrumb":{"@id":"https:\/\/alegerglobal.com\/tr\/shop-tr\/ex-tablet-getac-ex-80\/#breadcrumb"},"inLanguage":"tr","potentialAction":[{"@type":"ReadAction","target":["https:\/\/alegerglobal.com\/tr\/shop-tr\/ex-tablet-getac-ex-80\/"]}]},{"@type":"ImageObject","inLanguage":"tr","@id":"https:\/\/alegerglobal.com\/tr\/shop-tr\/ex-tablet-getac-ex-80\/#primaryimage","url":"https:\/\/alegerglobal.com\/wp-content\/uploads\/2021\/02\/ex80-hero_1.png","contentUrl":"https:\/\/alegerglobal.com\/wp-content\/uploads\/2021\/02\/ex80-hero_1.png","width":1280,"height":1280},{"@type":"BreadcrumbList","@id":"https:\/\/alegerglobal.com\/tr\/shop-tr\/ex-tablet-getac-ex-80\/#breadcrumb","itemListElement":[{"@type":"ListItem","position":1,"name":"Home","item":"https:\/\/alegerglobal.com\/tr\/yeni-anasayfa\/"},{"@type":"ListItem","position":2,"name":"\u00dcr\u00fcnler","item":"https:\/\/alegerglobal.com\/tr\/ueruenler\/"},{"@type":"ListItem","position":3,"name":"Getac EX80, patlamaya dayan\u0131kl\u0131 tablet ATEX 1 &amp; 2, IP67, MIL-STD 810 G, 8 in\u00e7, Windows 10 Pro"}]},{"@type":"WebSite","@id":"https:\/\/alegerglobal.com\/tr\/#website","url":"https:\/\/alegerglobal.com\/tr\/","name":"ALEGER \u22c6 Augmented Reality","description":"Die besten Augmented Reality (AR) L\u00f6sungen der Welt.","publisher":{"@id":"https:\/\/alegerglobal.com\/tr\/#organization"},"potentialAction":[{"@type":"SearchAction","target":{"@type":"EntryPoint","urlTemplate":"https:\/\/alegerglobal.com\/tr\/?s={search_term_string}"},"query-input":{"@type":"PropertyValueSpecification","valueRequired":true,"valueName":"search_term_string"}}],"inLanguage":"tr"},{"@type":"Organization","@id":"https:\/\/alegerglobal.com\/tr\/#organization","name":"ALEGER \u22c6 Augmented Reality","url":"https:\/\/alegerglobal.com\/tr\/","logo":{"@type":"ImageObject","inLanguage":"tr","@id":"https:\/\/alegerglobal.com\/tr\/#\/schema\/logo\/image\/","url":"https:\/\/alegerglobal.com\/wp-content\/uploads\/2020\/12\/aleger-logo-quadrat.jpg","contentUrl":"https:\/\/alegerglobal.com\/wp-content\/uploads\/2020\/12\/aleger-logo-quadrat.jpg","width":200,"height":176,"caption":"ALEGER \u22c6 Augmented Reality"},"image":{"@id":"https:\/\/alegerglobal.com\/tr\/#\/schema\/logo\/image\/"}}]},"product_brand":"Getac","product_price_amount":"3499.99","product_price_currency":"EUR","og_availability":"instock","product_availability":"instock","product_condition":"new"},"_links":{"self":[{"href":"https:\/\/alegerglobal.com\/tr\/wp-json\/wp\/v2\/product\/39235","targetHints":{"allow":["GET"]}}],"collection":[{"href":"https:\/\/alegerglobal.com\/tr\/wp-json\/wp\/v2\/product"}],"about":[{"href":"https:\/\/alegerglobal.com\/tr\/wp-json\/wp\/v2\/types\/product"}],"replies":[{"embeddable":true,"href":"https:\/\/alegerglobal.com\/tr\/wp-json\/wp\/v2\/comments?post=39235"}],"version-history":[{"count":0,"href":"https:\/\/alegerglobal.com\/tr\/wp-json\/wp\/v2\/product\/39235\/revisions"}],"wp:featuredmedia":[{"embeddable":true,"href":"https:\/\/alegerglobal.com\/tr\/wp-json\/wp\/v2\/media\/39236"}],"wp:attachment":[{"href":"https:\/\/alegerglobal.com\/tr\/wp-json\/wp\/v2\/media?parent=39235"}],"wp:term":[{"taxonomy":"product_brand","embeddable":true,"href":"https:\/\/alegerglobal.com\/tr\/wp-json\/wp\/v2\/product_brand?post=39235"},{"taxonomy":"product_cat","embeddable":true,"href":"https:\/\/alegerglobal.com\/tr\/wp-json\/wp\/v2\/product_cat?post=39235"},{"taxonomy":"product_tag","embeddable":true,"href":"https:\/\/alegerglobal.com\/tr\/wp-json\/wp\/v2\/product_tag?post=39235"}],"curies":[{"name":"wp","href":"https:\/\/api.w.org\/{rel}","templated":true}]}}