{"id":39224,"date":"2021-03-10T08:12:13","date_gmt":"2024-06-03T11:35:03","guid":{"rendered":"https:\/\/alegerglobal.com\/kategorilenmemis\/getac-ux10-dayanikli-tablet-mil-std-810g-10-1-inc-256-gb-ssd-windows-10\/"},"modified":"2024-06-03T12:35:03","modified_gmt":"2024-06-03T11:35:03","slug":"getac-ux10","status":"publish","type":"product","link":"https:\/\/alegerglobal.com\/tr\/shop-tr\/atex-tr\/getac-ux10\/","title":{"rendered":"Getac UX10, Dayan\u0131kl\u0131 Tablet, MIL-STD-810G, 10.1 in\u00e7, 256 GB SSD Windows 10"},"content":{"rendered":"","protected":false},"excerpt":{"rendered":"<ul>\n<li aria-level=\"1\"><b>MIL-STD 810G sertifikas\u0131na sahip sa\u011flam tablet<\/b><\/li>\n<li aria-level=\"1\"><b>Modern i\u015fletim sistemi: <\/b><span style=\"font-weight: 400;\">Windows 10 Pro \u00f6nceden y\u00fcklenmi\u015f<\/span><\/li>\n<li aria-level=\"1\"><b>G\u00fc\u00e7l\u00fc donan\u0131m:<\/b><span style=\"font-weight: 400;\"> 8 GB DDR4 belle\u011fe sahip h\u0131zl\u0131 i7 i\u015flemci<\/span><\/li>\n<li aria-level=\"1\"><b>G\u00fcne\u015f \u0131\u015f\u0131\u011f\u0131nda ve karanl\u0131kta \u00e7al\u0131\u015f\u0131n:<\/b><span style=\"font-weight: 400;\"> 1000 nit ile b\u00fcy\u00fck 10,1&#8243; LumiBond\u00ae ekran <\/span> <\/li>\n<li aria-level=\"1\"><b>H\u0131zl\u0131 ve geni\u015f veri depolama:<\/b><span style=\"font-weight: 400;\"> 256 GB SSD<\/span><\/li>\n<li aria-level=\"1\"><b>Basit ve esnek kullan\u0131m: <\/b><span style=\"font-weight: 400;\">Dokunmatik ekran veya serbest\u00e7e programlanabilen be\u015f tablet d\u00fc\u011fmesi ile<\/span><\/li>\n<li aria-level=\"1\"><b>Y\u00fcksek veri g\u00fcvenli\u011fi:<\/b><span style=\"font-weight: 400;\"> Entegre TPM 2.0 \u00e7ip ve Kensington kilidi<\/span><\/li>\n<li aria-level=\"1\"><b>3 y\u0131l tampondan tampona garanti<\/b><\/li>\n<\/ul>\n<ul>\n<li style=\"list-style-type: none;\">\n<\/li>\n<\/ul>\n<p>&nbsp;<\/p>\n","protected":false},"featured_media":39226,"comment_status":"open","ping_status":"closed","template":"","meta":{"_acf_changed":false},"product_brand":[],"product_cat":[2319,2618,2617],"product_tag":[],"class_list":{"0":"post-39224","1":"product","2":"type-product","3":"status-publish","4":"has-post-thumbnail","6":"product_cat-atex-tr","7":"product_cat-iletisim","8":"product_cat-mobil-bilisim","9":"pa_hersteller-getac-tr","11":"first","12":"instock","13":"taxable","14":"shipping-taxable","15":"purchasable","16":"product-type-simple"},"acf":[],"yoast_head":"<!-- This site is optimized with the Yoast SEO Premium plugin v20.10 (Yoast SEO v24.3) - https:\/\/yoast.com\/wordpress\/plugins\/seo\/ -->\n<title>Getac UX10&#039;u buradan sat\u0131n al\u0131n (2022) ALEGER \u22c6 Augmented Reality<\/title>\n<meta name=\"description\" content=\"Getac UX10, end\u00fcstriyel ortamlarda g\u00fcvenli ve etkili bir \u015fekilde \u00e7al\u0131\u015fman\u0131za olanak tan\u0131yan sa\u011flam bir tablettir\" \/>\n<meta name=\"robots\" content=\"index, follow, max-snippet:-1, max-image-preview:large, max-video-preview:-1\" \/>\n<meta property=\"og:locale\" content=\"tr_TR\" \/>\n<meta property=\"og:type\" content=\"article\" \/>\n<meta property=\"og:title\" content=\"Getac UX10, Dayan\u0131kl\u0131 Tablet, MIL-STD-810G, 10.1 in\u00e7, 256 GB SSD Windows 10\" \/>\n<meta property=\"og:description\" content=\"Getac UX10, end\u00fcstriyel ortamlarda g\u00fcvenli ve etkili bir \u015fekilde \u00e7al\u0131\u015fman\u0131za olanak tan\u0131yan sa\u011flam bir tablettir\" \/>\n<meta property=\"og:url\" content=\"https:\/\/alegerglobal.com\/tr\/shop-tr\/atex-tr\/getac-ux10\/\" \/>\n<meta property=\"og:site_name\" content=\"ALEGER \u22c6 Augmented Reality\" \/>\n<meta property=\"og:image\" content=\"https:\/\/alegerglobal.com\/wp-content\/uploads\/2021\/01\/UX10-slider-1.png\" \/>\n\t<meta property=\"og:image:width\" content=\"1500\" \/>\n\t<meta property=\"og:image:height\" content=\"1500\" \/>\n\t<meta property=\"og:image:type\" content=\"image\/png\" \/>\n<meta name=\"twitter:card\" content=\"summary_large_image\" \/>\n<meta name=\"twitter:label1\" content=\"Fiyat\" \/>\n\t<meta name=\"twitter:data1\" content=\"&euro;2.499,99\" \/>\n\t<meta name=\"twitter:label2\" content=\"Durumu\" \/>\n\t<meta name=\"twitter:data2\" content=\"Stokta var\" \/>\n<script type=\"application\/ld+json\" class=\"yoast-schema-graph\">{\"@context\":\"https:\/\/schema.org\",\"@graph\":[{\"@type\":\"WebPage\",\"@id\":\"https:\/\/alegerglobal.com\/tr\/shop-tr\/atex-tr\/getac-ux10\/\",\"url\":\"https:\/\/alegerglobal.com\/tr\/shop-tr\/atex-tr\/getac-ux10\/\",\"name\":\"Getac UX10'u buradan sat\u0131n al\u0131n (2022) ALEGER \u22c6 Augmented Reality\",\"isPartOf\":{\"@id\":\"https:\/\/alegerglobal.com\/tr\/#website\"},\"primaryImageOfPage\":{\"@id\":\"https:\/\/alegerglobal.com\/tr\/shop-tr\/atex-tr\/getac-ux10\/#primaryimage\"},\"image\":{\"@id\":\"https:\/\/alegerglobal.com\/tr\/shop-tr\/atex-tr\/getac-ux10\/#primaryimage\"},\"thumbnailUrl\":\"https:\/\/alegerglobal.com\/wp-content\/uploads\/2021\/01\/UX10-slider-1.png\",\"datePublished\":\"2024-06-03T11:35:03+00:00\",\"dateModified\":\"2024-06-03T11:35:03+00:00\",\"description\":\"Getac UX10, end\u00fcstriyel ortamlarda g\u00fcvenli ve etkili bir \u015fekilde \u00e7al\u0131\u015fman\u0131za olanak tan\u0131yan sa\u011flam bir tablettir\",\"breadcrumb\":{\"@id\":\"https:\/\/alegerglobal.com\/tr\/shop-tr\/atex-tr\/getac-ux10\/#breadcrumb\"},\"inLanguage\":\"tr\",\"potentialAction\":[{\"@type\":\"ReadAction\",\"target\":[\"https:\/\/alegerglobal.com\/tr\/shop-tr\/atex-tr\/getac-ux10\/\"]}]},{\"@type\":\"ImageObject\",\"inLanguage\":\"tr\",\"@id\":\"https:\/\/alegerglobal.com\/tr\/shop-tr\/atex-tr\/getac-ux10\/#primaryimage\",\"url\":\"https:\/\/alegerglobal.com\/wp-content\/uploads\/2021\/01\/UX10-slider-1.png\",\"contentUrl\":\"https:\/\/alegerglobal.com\/wp-content\/uploads\/2021\/01\/UX10-slider-1.png\",\"width\":1500,\"height\":1500},{\"@type\":\"BreadcrumbList\",\"@id\":\"https:\/\/alegerglobal.com\/tr\/shop-tr\/atex-tr\/getac-ux10\/#breadcrumb\",\"itemListElement\":[{\"@type\":\"ListItem\",\"position\":1,\"name\":\"Home\",\"item\":\"https:\/\/alegerglobal.com\/tr\/yeni-anasayfa\/\"},{\"@type\":\"ListItem\",\"position\":2,\"name\":\"\u00dcr\u00fcnler\",\"item\":\"https:\/\/alegerglobal.com\/tr\/ueruenler\/\"},{\"@type\":\"ListItem\",\"position\":3,\"name\":\"Getac UX10, Dayan\u0131kl\u0131 Tablet, MIL-STD-810G, 10.1 in\u00e7, 256 GB SSD Windows 10\"}]},{\"@type\":\"WebSite\",\"@id\":\"https:\/\/alegerglobal.com\/tr\/#website\",\"url\":\"https:\/\/alegerglobal.com\/tr\/\",\"name\":\"ALEGER \u22c6 Augmented Reality\",\"description\":\"Die besten Augmented Reality (AR) L\u00f6sungen der Welt.\",\"publisher\":{\"@id\":\"https:\/\/alegerglobal.com\/tr\/#organization\"},\"potentialAction\":[{\"@type\":\"SearchAction\",\"target\":{\"@type\":\"EntryPoint\",\"urlTemplate\":\"https:\/\/alegerglobal.com\/tr\/?s={search_term_string}\"},\"query-input\":{\"@type\":\"PropertyValueSpecification\",\"valueRequired\":true,\"valueName\":\"search_term_string\"}}],\"inLanguage\":\"tr\"},{\"@type\":\"Organization\",\"@id\":\"https:\/\/alegerglobal.com\/tr\/#organization\",\"name\":\"ALEGER \u22c6 Augmented Reality\",\"url\":\"https:\/\/alegerglobal.com\/tr\/\",\"logo\":{\"@type\":\"ImageObject\",\"inLanguage\":\"tr\",\"@id\":\"https:\/\/alegerglobal.com\/tr\/#\/schema\/logo\/image\/\",\"url\":\"https:\/\/alegerglobal.com\/wp-content\/uploads\/2020\/12\/aleger-logo-quadrat.jpg\",\"contentUrl\":\"https:\/\/alegerglobal.com\/wp-content\/uploads\/2020\/12\/aleger-logo-quadrat.jpg\",\"width\":200,\"height\":176,\"caption\":\"ALEGER \u22c6 Augmented Reality\"},\"image\":{\"@id\":\"https:\/\/alegerglobal.com\/tr\/#\/schema\/logo\/image\/\"}}]}<\/script>\n<meta property=\"product:brand\" content=\"Getac\" \/>\n<meta property=\"product:price:amount\" content=\"2499.99\" \/>\n<meta property=\"product:price:currency\" content=\"EUR\" \/>\n<meta property=\"og:availability\" content=\"instock\" \/>\n<meta property=\"product:availability\" content=\"instock\" \/>\n<meta property=\"product:condition\" content=\"new\" \/>\n<!-- \/ Yoast SEO Premium plugin. -->","yoast_head_json":{"title":"Getac UX10'u buradan sat\u0131n al\u0131n (2022) ALEGER \u22c6 Augmented Reality","description":"Getac UX10, end\u00fcstriyel ortamlarda g\u00fcvenli ve etkili bir \u015fekilde \u00e7al\u0131\u015fman\u0131za olanak tan\u0131yan sa\u011flam bir tablettir","robots":{"index":"index","follow":"follow","max-snippet":"max-snippet:-1","max-image-preview":"max-image-preview:large","max-video-preview":"max-video-preview:-1"},"og_locale":"tr_TR","og_type":"article","og_title":"Getac UX10, Dayan\u0131kl\u0131 Tablet, MIL-STD-810G, 10.1 in\u00e7, 256 GB SSD Windows 10","og_description":"Getac UX10, end\u00fcstriyel ortamlarda g\u00fcvenli ve etkili bir \u015fekilde \u00e7al\u0131\u015fman\u0131za olanak tan\u0131yan sa\u011flam bir tablettir","og_url":"https:\/\/alegerglobal.com\/tr\/shop-tr\/atex-tr\/getac-ux10\/","og_site_name":"ALEGER \u22c6 Augmented Reality","og_image":[{"width":1500,"height":1500,"url":"https:\/\/alegerglobal.com\/wp-content\/uploads\/2021\/01\/UX10-slider-1.png","type":"image\/png"}],"twitter_card":"summary_large_image","twitter_misc":{"Fiyat":"&euro;2.499,99","Durumu":"Stokta var"},"schema":{"@context":"https:\/\/schema.org","@graph":[{"@type":"WebPage","@id":"https:\/\/alegerglobal.com\/tr\/shop-tr\/atex-tr\/getac-ux10\/","url":"https:\/\/alegerglobal.com\/tr\/shop-tr\/atex-tr\/getac-ux10\/","name":"Getac UX10'u buradan sat\u0131n al\u0131n (2022) ALEGER \u22c6 Augmented Reality","isPartOf":{"@id":"https:\/\/alegerglobal.com\/tr\/#website"},"primaryImageOfPage":{"@id":"https:\/\/alegerglobal.com\/tr\/shop-tr\/atex-tr\/getac-ux10\/#primaryimage"},"image":{"@id":"https:\/\/alegerglobal.com\/tr\/shop-tr\/atex-tr\/getac-ux10\/#primaryimage"},"thumbnailUrl":"https:\/\/alegerglobal.com\/wp-content\/uploads\/2021\/01\/UX10-slider-1.png","datePublished":"2024-06-03T11:35:03+00:00","dateModified":"2024-06-03T11:35:03+00:00","description":"Getac UX10, end\u00fcstriyel ortamlarda g\u00fcvenli ve etkili bir \u015fekilde \u00e7al\u0131\u015fman\u0131za olanak tan\u0131yan sa\u011flam bir tablettir","breadcrumb":{"@id":"https:\/\/alegerglobal.com\/tr\/shop-tr\/atex-tr\/getac-ux10\/#breadcrumb"},"inLanguage":"tr","potentialAction":[{"@type":"ReadAction","target":["https:\/\/alegerglobal.com\/tr\/shop-tr\/atex-tr\/getac-ux10\/"]}]},{"@type":"ImageObject","inLanguage":"tr","@id":"https:\/\/alegerglobal.com\/tr\/shop-tr\/atex-tr\/getac-ux10\/#primaryimage","url":"https:\/\/alegerglobal.com\/wp-content\/uploads\/2021\/01\/UX10-slider-1.png","contentUrl":"https:\/\/alegerglobal.com\/wp-content\/uploads\/2021\/01\/UX10-slider-1.png","width":1500,"height":1500},{"@type":"BreadcrumbList","@id":"https:\/\/alegerglobal.com\/tr\/shop-tr\/atex-tr\/getac-ux10\/#breadcrumb","itemListElement":[{"@type":"ListItem","position":1,"name":"Home","item":"https:\/\/alegerglobal.com\/tr\/yeni-anasayfa\/"},{"@type":"ListItem","position":2,"name":"\u00dcr\u00fcnler","item":"https:\/\/alegerglobal.com\/tr\/ueruenler\/"},{"@type":"ListItem","position":3,"name":"Getac UX10, Dayan\u0131kl\u0131 Tablet, MIL-STD-810G, 10.1 in\u00e7, 256 GB SSD Windows 10"}]},{"@type":"WebSite","@id":"https:\/\/alegerglobal.com\/tr\/#website","url":"https:\/\/alegerglobal.com\/tr\/","name":"ALEGER \u22c6 Augmented Reality","description":"Die besten Augmented Reality (AR) L\u00f6sungen der Welt.","publisher":{"@id":"https:\/\/alegerglobal.com\/tr\/#organization"},"potentialAction":[{"@type":"SearchAction","target":{"@type":"EntryPoint","urlTemplate":"https:\/\/alegerglobal.com\/tr\/?s={search_term_string}"},"query-input":{"@type":"PropertyValueSpecification","valueRequired":true,"valueName":"search_term_string"}}],"inLanguage":"tr"},{"@type":"Organization","@id":"https:\/\/alegerglobal.com\/tr\/#organization","name":"ALEGER \u22c6 Augmented Reality","url":"https:\/\/alegerglobal.com\/tr\/","logo":{"@type":"ImageObject","inLanguage":"tr","@id":"https:\/\/alegerglobal.com\/tr\/#\/schema\/logo\/image\/","url":"https:\/\/alegerglobal.com\/wp-content\/uploads\/2020\/12\/aleger-logo-quadrat.jpg","contentUrl":"https:\/\/alegerglobal.com\/wp-content\/uploads\/2020\/12\/aleger-logo-quadrat.jpg","width":200,"height":176,"caption":"ALEGER \u22c6 Augmented Reality"},"image":{"@id":"https:\/\/alegerglobal.com\/tr\/#\/schema\/logo\/image\/"}}]},"product_brand":"Getac","product_price_amount":"2499.99","product_price_currency":"EUR","og_availability":"instock","product_availability":"instock","product_condition":"new"},"_links":{"self":[{"href":"https:\/\/alegerglobal.com\/tr\/wp-json\/wp\/v2\/product\/39224","targetHints":{"allow":["GET"]}}],"collection":[{"href":"https:\/\/alegerglobal.com\/tr\/wp-json\/wp\/v2\/product"}],"about":[{"href":"https:\/\/alegerglobal.com\/tr\/wp-json\/wp\/v2\/types\/product"}],"replies":[{"embeddable":true,"href":"https:\/\/alegerglobal.com\/tr\/wp-json\/wp\/v2\/comments?post=39224"}],"version-history":[{"count":0,"href":"https:\/\/alegerglobal.com\/tr\/wp-json\/wp\/v2\/product\/39224\/revisions"}],"wp:featuredmedia":[{"embeddable":true,"href":"https:\/\/alegerglobal.com\/tr\/wp-json\/wp\/v2\/media\/39226"}],"wp:attachment":[{"href":"https:\/\/alegerglobal.com\/tr\/wp-json\/wp\/v2\/media?parent=39224"}],"wp:term":[{"taxonomy":"product_brand","embeddable":true,"href":"https:\/\/alegerglobal.com\/tr\/wp-json\/wp\/v2\/product_brand?post=39224"},{"taxonomy":"product_cat","embeddable":true,"href":"https:\/\/alegerglobal.com\/tr\/wp-json\/wp\/v2\/product_cat?post=39224"},{"taxonomy":"product_tag","embeddable":true,"href":"https:\/\/alegerglobal.com\/tr\/wp-json\/wp\/v2\/product_tag?post=39224"}],"curies":[{"name":"wp","href":"https:\/\/api.w.org\/{rel}","templated":true}]}}