{"id":39223,"date":"2021-03-10T07:00:52","date_gmt":"2024-06-03T11:35:03","guid":{"rendered":"https:\/\/alegerglobal.com\/kategorilenmemis\/panasonic-toughbook-55-hd-dayanikli-dizuestue-bilgisayar-mil-std-810h-ip53-14-inc-windows-10-pro\/"},"modified":"2024-06-03T12:35:03","modified_gmt":"2024-06-03T11:35:03","slug":"toughbook-55","status":"publish","type":"product","link":"https:\/\/alegerglobal.com\/tr\/shop-tr\/dayanikli-dizuestue-bilgisayar\/toughbook-55\/","title":{"rendered":"Panasonic Toughbook 55 HD, dayan\u0131kl\u0131 diz\u00fcst\u00fc bilgisayar, MIL-STD-810H, IP53, 14 in\u00e7, Windows 10 Pro"},"content":{"rendered":"","protected":false},"excerpt":{"rendered":"<ul>\n<li aria-level=\"1\"><b>MIL-STD 810H&#8217;ye g\u00f6re test edilmi\u015f ve IP53 sertifikal\u0131 sa\u011flam diz\u00fcst\u00fc bilgisayar<\/b><\/li>\n<li aria-level=\"1\"><b>T\u00fcm bilgilerin m\u00fckemmel g\u00f6r\u00fcn\u00fcrl\u00fc\u011f\u00fc: <\/b><span style=\"font-weight: 400;\">Full HD ekranl\u0131 14 in\u00e7 ekran<\/span><\/li>\n<li aria-level=\"1\"><b>H\u0131zl\u0131 ve g\u00fcvenli yaz\u0131l\u0131m: <\/b><span style=\"font-weight: 400;\">Windows 10 Pro \u00f6nceden y\u00fcklenmi\u015f<\/span><\/li>\n<li aria-level=\"1\"><b>\u015earj duraklamas\u0131 olmadan uzun d\u0131\u015f mekan kullan\u0131m\u0131: <\/b><span style=\"font-weight: 400;\">6500 mAh pil, 40 saat boyunca ikinci bir pil ile 20 saat pil \u00f6mr\u00fc sunar<\/span><\/li>\n<li aria-level=\"1\"><b>\u00c7ok say\u0131da veriyi h\u0131zl\u0131 bir \u015fekilde depolay\u0131n:<\/b><span style=\"font-weight: 400;\"> Entegre 256 GB SSD<\/span><\/li>\n<li aria-level=\"1\"><b>Esnek ba\u011flant\u0131: <\/b><span style=\"font-weight: 400;\">4g LTE, Bluetooth 5 ve Wi-Fi entegre<\/span><\/li>\n<li aria-level=\"1\"><b>\u0130\u015f arkada\u015flar\u0131n\u0131zla ileti\u015fimde kal\u0131n: <\/b><span style=\"font-weight: 400;\">G\u00f6r\u00fcnt\u00fcl\u00fc aramalar ve konferanslar i\u00e7in d\u00f6rt entegre mikrofon ve 2 MP kamera<\/span><\/li>\n<\/ul>\n<p><b>Hafif yap\u0131<\/b><span style=\"font-weight: 400;\">Sadece 2,08 kg toplam a\u011f\u0131rl\u0131k<\/span><\/p>\n","protected":false},"featured_media":39225,"comment_status":"open","ping_status":"closed","template":"","meta":{"_acf_changed":false},"product_brand":[],"product_cat":[2352,2318],"product_tag":[],"class_list":{"0":"post-39223","1":"product","2":"type-product","3":"status-publish","4":"has-post-thumbnail","6":"product_cat-dayanikli-dizuestue-bilgisayar","7":"product_cat-shop-tr","8":"pa_hersteller-panasonic-tr","10":"first","11":"instock","12":"taxable","13":"shipping-taxable","14":"purchasable","15":"product-type-simple"},"acf":[],"yoast_head":"<!-- This site is optimized with the Yoast SEO Premium plugin v20.10 (Yoast SEO v24.3) - https:\/\/yoast.com\/wordpress\/plugins\/seo\/ -->\n<title>Panasonic Toughbook 55 HD ALEGER \u22c6 Augmented Reality sat\u0131n al\u0131n<\/title>\n<meta name=\"description\" content=\"Panasonic&#039;in g\u00fcvenlik, sa\u011flaml\u0131k ve esnekli\u011fin \u00f6n plana \u00e7\u0131kt\u0131\u011f\u0131 Toughbook 55 HD dayan\u0131kl\u0131 diz\u00fcst\u00fc bilgisayar\u0131n\u0131 ke\u015ffedin.\" \/>\n<meta name=\"robots\" content=\"index, follow, max-snippet:-1, max-image-preview:large, max-video-preview:-1\" \/>\n<meta property=\"og:locale\" content=\"tr_TR\" \/>\n<meta property=\"og:type\" content=\"article\" \/>\n<meta property=\"og:title\" content=\"Panasonic Toughbook 55 HD, dayan\u0131kl\u0131 diz\u00fcst\u00fc bilgisayar, MIL-STD-810H, IP53, 14 in\u00e7, Windows 10 Pro\" \/>\n<meta property=\"og:description\" content=\"Panasonic&#039;in g\u00fcvenlik, sa\u011flaml\u0131k ve esnekli\u011fin \u00f6n plana \u00e7\u0131kt\u0131\u011f\u0131 Toughbook 55 HD dayan\u0131kl\u0131 diz\u00fcst\u00fc bilgisayar\u0131n\u0131 ke\u015ffedin.\" \/>\n<meta property=\"og:url\" content=\"https:\/\/alegerglobal.com\/tr\/shop-tr\/dayanikli-dizuestue-bilgisayar\/toughbook-55\/\" \/>\n<meta property=\"og:site_name\" content=\"ALEGER \u22c6 Augmented Reality\" \/>\n<meta property=\"og:image\" content=\"https:\/\/alegerglobal.com\/wp-content\/uploads\/2021\/03\/Unbenannt-70.jpg\" \/>\n\t<meta property=\"og:image:width\" content=\"800\" \/>\n\t<meta property=\"og:image:height\" content=\"800\" \/>\n\t<meta property=\"og:image:type\" content=\"image\/jpeg\" \/>\n<meta name=\"twitter:card\" content=\"summary_large_image\" \/>\n<meta name=\"twitter:label1\" content=\"Fiyat\" \/>\n\t<meta name=\"twitter:data1\" content=\"&euro;3.499,99\" \/>\n\t<meta name=\"twitter:label2\" content=\"Durumu\" \/>\n\t<meta name=\"twitter:data2\" content=\"Stokta var\" \/>\n<script type=\"application\/ld+json\" class=\"yoast-schema-graph\">{\"@context\":\"https:\/\/schema.org\",\"@graph\":[{\"@type\":\"WebPage\",\"@id\":\"https:\/\/alegerglobal.com\/tr\/shop-tr\/dayanikli-dizuestue-bilgisayar\/toughbook-55\/\",\"url\":\"https:\/\/alegerglobal.com\/tr\/shop-tr\/dayanikli-dizuestue-bilgisayar\/toughbook-55\/\",\"name\":\"Panasonic Toughbook 55 HD ALEGER \u22c6 Augmented Reality sat\u0131n al\u0131n\",\"isPartOf\":{\"@id\":\"https:\/\/alegerglobal.com\/tr\/#website\"},\"primaryImageOfPage\":{\"@id\":\"https:\/\/alegerglobal.com\/tr\/shop-tr\/dayanikli-dizuestue-bilgisayar\/toughbook-55\/#primaryimage\"},\"image\":{\"@id\":\"https:\/\/alegerglobal.com\/tr\/shop-tr\/dayanikli-dizuestue-bilgisayar\/toughbook-55\/#primaryimage\"},\"thumbnailUrl\":\"https:\/\/alegerglobal.com\/wp-content\/uploads\/2021\/03\/Unbenannt-70.jpg\",\"datePublished\":\"2024-06-03T11:35:03+00:00\",\"dateModified\":\"2024-06-03T11:35:03+00:00\",\"description\":\"Panasonic'in g\u00fcvenlik, sa\u011flaml\u0131k ve esnekli\u011fin \u00f6n plana \u00e7\u0131kt\u0131\u011f\u0131 Toughbook 55 HD dayan\u0131kl\u0131 diz\u00fcst\u00fc bilgisayar\u0131n\u0131 ke\u015ffedin.\",\"breadcrumb\":{\"@id\":\"https:\/\/alegerglobal.com\/tr\/shop-tr\/dayanikli-dizuestue-bilgisayar\/toughbook-55\/#breadcrumb\"},\"inLanguage\":\"tr\",\"potentialAction\":[{\"@type\":\"ReadAction\",\"target\":[\"https:\/\/alegerglobal.com\/tr\/shop-tr\/dayanikli-dizuestue-bilgisayar\/toughbook-55\/\"]}]},{\"@type\":\"ImageObject\",\"inLanguage\":\"tr\",\"@id\":\"https:\/\/alegerglobal.com\/tr\/shop-tr\/dayanikli-dizuestue-bilgisayar\/toughbook-55\/#primaryimage\",\"url\":\"https:\/\/alegerglobal.com\/wp-content\/uploads\/2021\/03\/Unbenannt-70.jpg\",\"contentUrl\":\"https:\/\/alegerglobal.com\/wp-content\/uploads\/2021\/03\/Unbenannt-70.jpg\",\"width\":800,\"height\":800},{\"@type\":\"BreadcrumbList\",\"@id\":\"https:\/\/alegerglobal.com\/tr\/shop-tr\/dayanikli-dizuestue-bilgisayar\/toughbook-55\/#breadcrumb\",\"itemListElement\":[{\"@type\":\"ListItem\",\"position\":1,\"name\":\"Home\",\"item\":\"https:\/\/alegerglobal.com\/tr\/yeni-anasayfa\/\"},{\"@type\":\"ListItem\",\"position\":2,\"name\":\"\u00dcr\u00fcnler\",\"item\":\"https:\/\/alegerglobal.com\/tr\/ueruenler\/\"},{\"@type\":\"ListItem\",\"position\":3,\"name\":\"Panasonic Toughbook 55 HD, dayan\u0131kl\u0131 diz\u00fcst\u00fc bilgisayar, MIL-STD-810H, IP53, 14 in\u00e7, Windows 10 Pro\"}]},{\"@type\":\"WebSite\",\"@id\":\"https:\/\/alegerglobal.com\/tr\/#website\",\"url\":\"https:\/\/alegerglobal.com\/tr\/\",\"name\":\"ALEGER \u22c6 Augmented Reality\",\"description\":\"Die besten Augmented Reality (AR) L\u00f6sungen der Welt.\",\"publisher\":{\"@id\":\"https:\/\/alegerglobal.com\/tr\/#organization\"},\"potentialAction\":[{\"@type\":\"SearchAction\",\"target\":{\"@type\":\"EntryPoint\",\"urlTemplate\":\"https:\/\/alegerglobal.com\/tr\/?s={search_term_string}\"},\"query-input\":{\"@type\":\"PropertyValueSpecification\",\"valueRequired\":true,\"valueName\":\"search_term_string\"}}],\"inLanguage\":\"tr\"},{\"@type\":\"Organization\",\"@id\":\"https:\/\/alegerglobal.com\/tr\/#organization\",\"name\":\"ALEGER \u22c6 Augmented Reality\",\"url\":\"https:\/\/alegerglobal.com\/tr\/\",\"logo\":{\"@type\":\"ImageObject\",\"inLanguage\":\"tr\",\"@id\":\"https:\/\/alegerglobal.com\/tr\/#\/schema\/logo\/image\/\",\"url\":\"https:\/\/alegerglobal.com\/wp-content\/uploads\/2020\/12\/aleger-logo-quadrat.jpg\",\"contentUrl\":\"https:\/\/alegerglobal.com\/wp-content\/uploads\/2020\/12\/aleger-logo-quadrat.jpg\",\"width\":200,\"height\":176,\"caption\":\"ALEGER \u22c6 Augmented Reality\"},\"image\":{\"@id\":\"https:\/\/alegerglobal.com\/tr\/#\/schema\/logo\/image\/\"}}]}<\/script>\n<meta property=\"product:brand\" content=\"Panasonic\" \/>\n<meta property=\"product:price:amount\" content=\"3499.99\" \/>\n<meta property=\"product:price:currency\" content=\"EUR\" \/>\n<meta property=\"og:availability\" content=\"instock\" \/>\n<meta property=\"product:availability\" content=\"instock\" \/>\n<meta property=\"product:condition\" content=\"new\" \/>\n<!-- \/ Yoast SEO Premium plugin. -->","yoast_head_json":{"title":"Panasonic Toughbook 55 HD ALEGER \u22c6 Augmented Reality sat\u0131n al\u0131n","description":"Panasonic'in g\u00fcvenlik, sa\u011flaml\u0131k ve esnekli\u011fin \u00f6n plana \u00e7\u0131kt\u0131\u011f\u0131 Toughbook 55 HD dayan\u0131kl\u0131 diz\u00fcst\u00fc bilgisayar\u0131n\u0131 ke\u015ffedin.","robots":{"index":"index","follow":"follow","max-snippet":"max-snippet:-1","max-image-preview":"max-image-preview:large","max-video-preview":"max-video-preview:-1"},"og_locale":"tr_TR","og_type":"article","og_title":"Panasonic Toughbook 55 HD, dayan\u0131kl\u0131 diz\u00fcst\u00fc bilgisayar, MIL-STD-810H, IP53, 14 in\u00e7, Windows 10 Pro","og_description":"Panasonic'in g\u00fcvenlik, sa\u011flaml\u0131k ve esnekli\u011fin \u00f6n plana \u00e7\u0131kt\u0131\u011f\u0131 Toughbook 55 HD dayan\u0131kl\u0131 diz\u00fcst\u00fc bilgisayar\u0131n\u0131 ke\u015ffedin.","og_url":"https:\/\/alegerglobal.com\/tr\/shop-tr\/dayanikli-dizuestue-bilgisayar\/toughbook-55\/","og_site_name":"ALEGER \u22c6 Augmented Reality","og_image":[{"width":800,"height":800,"url":"https:\/\/alegerglobal.com\/wp-content\/uploads\/2021\/03\/Unbenannt-70.jpg","type":"image\/jpeg"}],"twitter_card":"summary_large_image","twitter_misc":{"Fiyat":"&euro;3.499,99","Durumu":"Stokta var"},"schema":{"@context":"https:\/\/schema.org","@graph":[{"@type":"WebPage","@id":"https:\/\/alegerglobal.com\/tr\/shop-tr\/dayanikli-dizuestue-bilgisayar\/toughbook-55\/","url":"https:\/\/alegerglobal.com\/tr\/shop-tr\/dayanikli-dizuestue-bilgisayar\/toughbook-55\/","name":"Panasonic Toughbook 55 HD ALEGER \u22c6 Augmented Reality sat\u0131n al\u0131n","isPartOf":{"@id":"https:\/\/alegerglobal.com\/tr\/#website"},"primaryImageOfPage":{"@id":"https:\/\/alegerglobal.com\/tr\/shop-tr\/dayanikli-dizuestue-bilgisayar\/toughbook-55\/#primaryimage"},"image":{"@id":"https:\/\/alegerglobal.com\/tr\/shop-tr\/dayanikli-dizuestue-bilgisayar\/toughbook-55\/#primaryimage"},"thumbnailUrl":"https:\/\/alegerglobal.com\/wp-content\/uploads\/2021\/03\/Unbenannt-70.jpg","datePublished":"2024-06-03T11:35:03+00:00","dateModified":"2024-06-03T11:35:03+00:00","description":"Panasonic'in g\u00fcvenlik, sa\u011flaml\u0131k ve esnekli\u011fin \u00f6n plana \u00e7\u0131kt\u0131\u011f\u0131 Toughbook 55 HD dayan\u0131kl\u0131 diz\u00fcst\u00fc bilgisayar\u0131n\u0131 ke\u015ffedin.","breadcrumb":{"@id":"https:\/\/alegerglobal.com\/tr\/shop-tr\/dayanikli-dizuestue-bilgisayar\/toughbook-55\/#breadcrumb"},"inLanguage":"tr","potentialAction":[{"@type":"ReadAction","target":["https:\/\/alegerglobal.com\/tr\/shop-tr\/dayanikli-dizuestue-bilgisayar\/toughbook-55\/"]}]},{"@type":"ImageObject","inLanguage":"tr","@id":"https:\/\/alegerglobal.com\/tr\/shop-tr\/dayanikli-dizuestue-bilgisayar\/toughbook-55\/#primaryimage","url":"https:\/\/alegerglobal.com\/wp-content\/uploads\/2021\/03\/Unbenannt-70.jpg","contentUrl":"https:\/\/alegerglobal.com\/wp-content\/uploads\/2021\/03\/Unbenannt-70.jpg","width":800,"height":800},{"@type":"BreadcrumbList","@id":"https:\/\/alegerglobal.com\/tr\/shop-tr\/dayanikli-dizuestue-bilgisayar\/toughbook-55\/#breadcrumb","itemListElement":[{"@type":"ListItem","position":1,"name":"Home","item":"https:\/\/alegerglobal.com\/tr\/yeni-anasayfa\/"},{"@type":"ListItem","position":2,"name":"\u00dcr\u00fcnler","item":"https:\/\/alegerglobal.com\/tr\/ueruenler\/"},{"@type":"ListItem","position":3,"name":"Panasonic Toughbook 55 HD, dayan\u0131kl\u0131 diz\u00fcst\u00fc bilgisayar, MIL-STD-810H, IP53, 14 in\u00e7, Windows 10 Pro"}]},{"@type":"WebSite","@id":"https:\/\/alegerglobal.com\/tr\/#website","url":"https:\/\/alegerglobal.com\/tr\/","name":"ALEGER \u22c6 Augmented Reality","description":"Die besten Augmented Reality (AR) L\u00f6sungen der Welt.","publisher":{"@id":"https:\/\/alegerglobal.com\/tr\/#organization"},"potentialAction":[{"@type":"SearchAction","target":{"@type":"EntryPoint","urlTemplate":"https:\/\/alegerglobal.com\/tr\/?s={search_term_string}"},"query-input":{"@type":"PropertyValueSpecification","valueRequired":true,"valueName":"search_term_string"}}],"inLanguage":"tr"},{"@type":"Organization","@id":"https:\/\/alegerglobal.com\/tr\/#organization","name":"ALEGER \u22c6 Augmented Reality","url":"https:\/\/alegerglobal.com\/tr\/","logo":{"@type":"ImageObject","inLanguage":"tr","@id":"https:\/\/alegerglobal.com\/tr\/#\/schema\/logo\/image\/","url":"https:\/\/alegerglobal.com\/wp-content\/uploads\/2020\/12\/aleger-logo-quadrat.jpg","contentUrl":"https:\/\/alegerglobal.com\/wp-content\/uploads\/2020\/12\/aleger-logo-quadrat.jpg","width":200,"height":176,"caption":"ALEGER \u22c6 Augmented Reality"},"image":{"@id":"https:\/\/alegerglobal.com\/tr\/#\/schema\/logo\/image\/"}}]},"product_brand":"Panasonic","product_price_amount":"3499.99","product_price_currency":"EUR","og_availability":"instock","product_availability":"instock","product_condition":"new"},"_links":{"self":[{"href":"https:\/\/alegerglobal.com\/tr\/wp-json\/wp\/v2\/product\/39223","targetHints":{"allow":["GET"]}}],"collection":[{"href":"https:\/\/alegerglobal.com\/tr\/wp-json\/wp\/v2\/product"}],"about":[{"href":"https:\/\/alegerglobal.com\/tr\/wp-json\/wp\/v2\/types\/product"}],"replies":[{"embeddable":true,"href":"https:\/\/alegerglobal.com\/tr\/wp-json\/wp\/v2\/comments?post=39223"}],"version-history":[{"count":0,"href":"https:\/\/alegerglobal.com\/tr\/wp-json\/wp\/v2\/product\/39223\/revisions"}],"wp:featuredmedia":[{"embeddable":true,"href":"https:\/\/alegerglobal.com\/tr\/wp-json\/wp\/v2\/media\/39225"}],"wp:attachment":[{"href":"https:\/\/alegerglobal.com\/tr\/wp-json\/wp\/v2\/media?parent=39223"}],"wp:term":[{"taxonomy":"product_brand","embeddable":true,"href":"https:\/\/alegerglobal.com\/tr\/wp-json\/wp\/v2\/product_brand?post=39223"},{"taxonomy":"product_cat","embeddable":true,"href":"https:\/\/alegerglobal.com\/tr\/wp-json\/wp\/v2\/product_cat?post=39223"},{"taxonomy":"product_tag","embeddable":true,"href":"https:\/\/alegerglobal.com\/tr\/wp-json\/wp\/v2\/product_tag?post=39223"}],"curies":[{"name":"wp","href":"https:\/\/api.w.org\/{rel}","templated":true}]}}